{"id":654,"date":"2025-04-10T10:24:15","date_gmt":"2025-04-10T10:24:15","guid":{"rendered":"https:\/\/simovision.be\/professional\/?post_type=product&#038;p=654"},"modified":"2025-12-11T08:04:29","modified_gmt":"2025-12-11T07:04:29","slug":"ellex-ultraq-reflex-neo","status":"publish","type":"product","link":"https:\/\/simovision.be\/professional\/product\/ellex-ultraq-reflex-neo\/","title":{"rendered":"Ellex UltraQ reflex neo"},"content":{"rendered":"<h3><strong>Waarom kiezen voor de UltraQ Reflex\u2122 Neo?<\/strong><\/h3>\n<h4>Tweede generatie Reflex\u2122 technologie<\/h4>\n<p>Met de coaxiale verlichting biedt de tweede generatie Reflex\u2122 technologie de behandelaar <strong>geavanceerde controle<\/strong> over de <strong>verlichting<\/strong> en <strong>contrastbeheer<\/strong> (volledige, gedeeltelijke of geen retinale reflectie). Dit garandeert een <strong>betere beoordeling<\/strong> van de ruimtelijke context bij het uitvoeren van secundaire capsulotomie-procedures.<\/p>\n<h4>Uitgebreide posterieure defocalisatie tot 2 mm<\/h4>\n<p>Dankzij de posterieure defocalisatie van maximaal 2 mm, stelt de UltraQ Reflex\u2122 Neo laser de uitvoering van <strong style=\"font-size: 16px\">veilige<\/strong><span style=\"font-size: 16px\"> en <\/span><strong style=\"font-size: 16px\">effectieve posterieure capsulotomie-procedures<\/strong><span style=\"font-size: 16px\"> mogelijk. De optische disruptie veroorzaakt de vorming van een cavitatiebel, die bij implosie leidt tot de vorming van een krachtige hydraulische straal die de achterste capsule opent, terwijl de implantaten behouden blijven <sup>[1,2,3]<\/sup>. <\/span><\/p>\n<h4>Dynamische heads-up weergave Imprint\u2122 en slimme joystick<\/h4>\n<p>Visualisatie en realtime controle van de behandelingsmodus en energie. De heads-up weergave, ge\u00efntegreerd in de spleetlamp Imprint\u2122, in combinatie met energiecontrole via de joystick, <strong>vereenvoudigt<\/strong> de <strong>laserprocedure<\/strong> en zorgt voor volledige controle over de behandelingsprocedure.<\/p>\n<h3><strong>Technische voordelen van de UltraQ Reflex\u2122 Neo<\/strong><\/h3>\n<h4>Flexibiliteit in verlichting van doelstructuren<\/h4>\n<p>Wanneer de spleetlamp in coaxiale positie wordt geplaatst, komt de visuele as van de behandelaar overeen met de verlichting van het doel en de laserstraal op hetzelfde focusniveau. De behandelaar kan de verlichtingshoek aanpassen om de posterieure capsule met grote precisie te visualiseren.<\/p>\n<h4>Geventileerde laserholte<\/h4>\n<p>De geventileerde laserholte van de UltraQ Reflex\u2122 Neo garandeert stabiliteit van de laserschoten, zelfs bij de langste behandelingen. Met een schietfrequentie die kan oplopen tot 4 schoten per seconde (4 Hertz), maakt de UltraQ Reflex\u2122 Neo snelle en precieze behandelingen mogelijk.<\/p>\n<h4>Groene richtstraal<\/h4>\n<p>De dubbele groene richtstraal biedt beter visueel contrast bij het uitvoeren van YAG-laserbehandelingen.<\/p>\n<p><strong><br \/>\nBibliografie:<\/strong><\/p>\n<hr \/>\n<ol style=\"font-size: 10px\">\n<li><span style=\"font-size: 10pt\">G. Hawlina, B. Drnov\u0161ek-Olup, J. Mo\u017eina &amp; P. Gregor\u010di\u010d, Photodisruption of a thin membrane near a solid boundary:an in vitro study of laser capsulotomy, Applied Physics A, 2016<\/span><\/li>\n<li><span style=\"font-size: 10pt\">Uro\u0161 Orthaber, Development And Evaluation Of A Laser For Posterior Capsulotomy &#8211; Doctoral Thesis, University Of Ljubljana Faculty Of Mathematics And Physics Department Of Physics<\/span><\/li>\n<li><span style=\"font-size: 10pt\">J. C. Isselin, A. P. Alloncle, D. Dufresne &amp; M. Autric (1997) Behavior of a cavitation bubble near a solid wall. Contribution to the study of the erosion mechanism, La Houille Blanche, 83:6, 29-33, DOI: 10.1051\/lhb\/1997047<\/span><\/li>\n<\/ol>\n","protected":false},"excerpt":{"rendered":"<h3><img loading=\"lazy\" decoding=\"async\" class=\"alignnone wp-image-4993 size-full\" src=\"https:\/\/simovision.be\/professional\/wp-content\/uploads\/sites\/2\/2025\/04\/Logo_Ellex_teaser.png\" alt=\"\" width=\"97\" height=\"40\" srcset=\"https:\/\/simovision.be\/professional\/wp-content\/uploads\/sites\/2\/2025\/04\/Logo_Ellex_teaser.png 97w, https:\/\/simovision.be\/professional\/wp-content\/uploads\/sites\/2\/2025\/04\/Logo_Ellex_teaser-64x26.png 64w\" sizes=\"auto, (max-width: 97px) 100vw, 97px\" \/><\/h3>\n<h3><strong>Premium YAG Laser<\/strong><\/h3>\n<p>De UltraQ Reflex\u2122 is een premium laser speciaal ontwikkeld voor YAG-behandelingen. De laser beschikt over de <strong>gepatenteerde Reflex\u2122 technologie<\/strong> van de tweede generatie, die zorgt voor een gepatenteerde coaxiale verlichting, waardoor een <strong>perfecte visualisatie<\/strong> van de <strong>structuren<\/strong> in het <strong>voorsegment<\/strong> van het oog wordt gegarandeerd.<\/p>\n<ul>\n<li>Tweede generatie Reflex\u2122 technologie (True Coaxial verlichting)<\/li>\n<li>Veilige capsulotomieprocedure PROcap (Premium Refractive Outcome Capsulotomy)<\/li>\n<li>Heads-up weergave (Imprint\u2122) van behandelingsparameters en slimme joystick.<\/li>\n<\/ul>\n","protected":false},"featured_media":3858,"template":"","meta":{"_acf_changed":false,"content-type":"","site-sidebar-layout":"default","site-content-layout":"","ast-site-content-layout":"default","site-content-style":"default","site-sidebar-style":"default","ast-global-header-display":"","ast-banner-title-visibility":"","ast-main-header-display":"","ast-hfb-above-header-display":"","ast-hfb-below-header-display":"","ast-hfb-mobile-header-display":"","site-post-title":"","ast-breadcrumbs-content":"","ast-featured-img":"","footer-sml-layout":"","theme-transparent-header-meta":"default","adv-header-id-meta":"","stick-header-meta":"default","header-above-stick-meta":"","header-main-stick-meta":"","header-below-stick-meta":"","astra-migrate-meta-layouts":"set","ast-page-background-enabled":"default","ast-page-background-meta":{"desktop":{"background-color":"var(--ast-global-color-4)","background-image":"","background-repeat":"repeat","background-position":"center center","background-size":"auto","background-attachment":"scroll","background-type":"","background-media":"","overlay-type":"","overlay-color":"","overlay-opacity":"","overlay-gradient":""},"tablet":{"background-color":"","background-image":"","background-repeat":"repeat","background-position":"center center","background-size":"auto","background-attachment":"scroll","background-type":"","background-media":"","overlay-type":"","overlay-color":"","overlay-opacity":"","overlay-gradient":""},"mobile":{"background-color":"","background-image":"","background-repeat":"repeat","background-position":"center center","background-size":"auto","background-attachment":"scroll","background-type":"","background-media":"","overlay-type":"","overlay-color":"","overlay-opacity":"","overlay-gradient":""}},"ast-content-background-meta":{"desktop":{"background-color":"var(--ast-global-color-5)","background-image":"","background-repeat":"repeat","background-position":"center center","background-size":"auto","background-attachment":"scroll","background-type":"","background-media":"","overlay-type":"","overlay-color":"","overlay-opacity":"","overlay-gradient":""},"tablet":{"background-color":"var(--ast-global-color-5)","background-image":"","background-repeat":"repeat","background-position":"center center","background-size":"auto","background-attachment":"scroll","background-type":"","background-media":"","overlay-type":"","overlay-color":"","overlay-opacity":"","overlay-gradient":""},"mobile":{"background-color":"var(--ast-global-color-5)","background-image":"","background-repeat":"repeat","background-position":"center center","background-size":"auto","background-attachment":"scroll","background-type":"","background-media":"","overlay-type":"","overlay-color":"","overlay-opacity":"","overlay-gradient":""}}},"product_brand":[],"product_cat":[112],"product_tag":[9697],"class_list":{"0":"post-654","1":"product","2":"type-product","3":"status-publish","4":"has-post-thumbnail","6":"product_cat-lasers","7":"product_tag-be","8":"desktop-align-left","9":"tablet-align-left","10":"mobile-align-left","11":"ast-product-gallery-layout-first-image-large","12":"ast-product-tabs-layout-horizontal","14":"first","15":"instock","16":"shipping-taxable","17":"product-type-simple"},"acf":[],"yoast_head":"<!-- This site is optimized with the Yoast SEO plugin v26.3 - https:\/\/yoast.com\/wordpress\/plugins\/seo\/ -->\n<title>Ellex UltraQ reflex neo - Simovision - Professional<\/title>\n<meta name=\"robots\" content=\"index, follow, max-snippet:-1, max-image-preview:large, max-video-preview:-1\" \/>\n<link rel=\"canonical\" href=\"https:\/\/simovision.be\/professional\/product\/ellex-ultraq-reflex-neo\/\" \/>\n<meta property=\"og:locale\" content=\"nl_NL\" \/>\n<meta property=\"og:type\" content=\"article\" \/>\n<meta property=\"og:title\" content=\"Ellex UltraQ reflex neo - Simovision - Professional\" \/>\n<meta property=\"og:description\" content=\"Premium YAG Laser De UltraQ Reflex\u2122 is een premium laser speciaal ontwikkeld voor YAG-behandelingen. De laser beschikt over de gepatenteerde Reflex\u2122 technologie van de tweede generatie, die zorgt voor een gepatenteerde coaxiale verlichting, waardoor een perfecte visualisatie van de structuren in het voorsegment van het oog wordt gegarandeerd.   Tweede generatie Reflex\u2122 technologie (True Coaxial verlichting)  Veilige capsulotomieprocedure PROcap (Premium Refractive Outcome Capsulotomy)  Heads-up weergave (Imprint\u2122) van behandelingsparameters en slimme joystick.\" \/>\n<meta property=\"og:url\" content=\"https:\/\/simovision.be\/professional\/product\/ellex-ultraq-reflex-neo\/\" \/>\n<meta property=\"og:site_name\" content=\"Simovision - Professional\" \/>\n<meta property=\"article:modified_time\" content=\"2025-12-11T07:04:29+00:00\" \/>\n<meta property=\"og:image\" content=\"https:\/\/simovision.be\/professional\/wp-content\/uploads\/sites\/2\/2025\/04\/00.-URN-4a.webp\" \/>\n\t<meta property=\"og:image:width\" content=\"1000\" \/>\n\t<meta property=\"og:image:height\" content=\"666\" \/>\n\t<meta property=\"og:image:type\" content=\"image\/webp\" \/>\n<meta name=\"twitter:card\" content=\"summary_large_image\" \/>\n<meta name=\"twitter:label1\" content=\"Geschatte leestijd\" \/>\n\t<meta name=\"twitter:data1\" content=\"2 minuten\" \/>\n<script type=\"application\/ld+json\" class=\"yoast-schema-graph\">{\"@context\":\"https:\/\/schema.org\",\"@graph\":[{\"@type\":\"WebPage\",\"@id\":\"https:\/\/simovision.be\/professional\/product\/ellex-ultraq-reflex-neo\/\",\"url\":\"https:\/\/simovision.be\/professional\/product\/ellex-ultraq-reflex-neo\/\",\"name\":\"Ellex UltraQ reflex neo - Simovision - Professional\",\"isPartOf\":{\"@id\":\"https:\/\/simovision.be\/professional\/#website\"},\"primaryImageOfPage\":{\"@id\":\"https:\/\/simovision.be\/professional\/product\/ellex-ultraq-reflex-neo\/#primaryimage\"},\"image\":{\"@id\":\"https:\/\/simovision.be\/professional\/product\/ellex-ultraq-reflex-neo\/#primaryimage\"},\"thumbnailUrl\":\"https:\/\/simovision.be\/professional\/wp-content\/uploads\/sites\/2\/2025\/04\/00.-URN-4a.webp\",\"datePublished\":\"2025-04-10T10:24:15+00:00\",\"dateModified\":\"2025-12-11T07:04:29+00:00\",\"breadcrumb\":{\"@id\":\"https:\/\/simovision.be\/professional\/product\/ellex-ultraq-reflex-neo\/#breadcrumb\"},\"inLanguage\":\"nl-NL\",\"potentialAction\":[{\"@type\":\"ReadAction\",\"target\":[\"https:\/\/simovision.be\/professional\/product\/ellex-ultraq-reflex-neo\/\"]}]},{\"@type\":\"ImageObject\",\"inLanguage\":\"nl-NL\",\"@id\":\"https:\/\/simovision.be\/professional\/product\/ellex-ultraq-reflex-neo\/#primaryimage\",\"url\":\"https:\/\/simovision.be\/professional\/wp-content\/uploads\/sites\/2\/2025\/04\/00.-URN-4a.webp\",\"contentUrl\":\"https:\/\/simovision.be\/professional\/wp-content\/uploads\/sites\/2\/2025\/04\/00.-URN-4a.webp\",\"width\":1000,\"height\":666},{\"@type\":\"BreadcrumbList\",\"@id\":\"https:\/\/simovision.be\/professional\/product\/ellex-ultraq-reflex-neo\/#breadcrumb\",\"itemListElement\":[{\"@type\":\"ListItem\",\"position\":1,\"name\":\"Home\",\"item\":\"https:\/\/simovision.be\/professional\/\"},{\"@type\":\"ListItem\",\"position\":2,\"name\":\"Winkel\",\"item\":\"https:\/\/simovision.be\/professional\/winkel\/\"},{\"@type\":\"ListItem\",\"position\":3,\"name\":\"Ellex UltraQ reflex neo\"}]},{\"@type\":\"WebSite\",\"@id\":\"https:\/\/simovision.be\/professional\/#website\",\"url\":\"https:\/\/simovision.be\/professional\/\",\"name\":\"Simovision - Professional\",\"description\":\"\",\"publisher\":{\"@id\":\"https:\/\/simovision.be\/professional\/#organization\"},\"potentialAction\":[{\"@type\":\"SearchAction\",\"target\":{\"@type\":\"EntryPoint\",\"urlTemplate\":\"https:\/\/simovision.be\/professional\/?s={search_term_string}\"},\"query-input\":{\"@type\":\"PropertyValueSpecification\",\"valueRequired\":true,\"valueName\":\"search_term_string\"}}],\"inLanguage\":\"nl-NL\"},{\"@type\":\"Organization\",\"@id\":\"https:\/\/simovision.be\/professional\/#organization\",\"name\":\"Simovision\",\"url\":\"https:\/\/simovision.be\/professional\/\",\"logo\":{\"@type\":\"ImageObject\",\"inLanguage\":\"nl-NL\",\"@id\":\"https:\/\/simovision.be\/professional\/#\/schema\/logo\/image\/\",\"url\":\"https:\/\/simovision.be\/professional\/wp-content\/uploads\/sites\/2\/2025\/06\/Logo_Simovision_Hilco_Vision_Pantone_7700C-kopie.webp\",\"contentUrl\":\"https:\/\/simovision.be\/professional\/wp-content\/uploads\/sites\/2\/2025\/06\/Logo_Simovision_Hilco_Vision_Pantone_7700C-kopie.webp\",\"width\":2000,\"height\":1021,\"caption\":\"Simovision\"},\"image\":{\"@id\":\"https:\/\/simovision.be\/professional\/#\/schema\/logo\/image\/\"},\"sameAs\":[\"https:\/\/www.linkedin.com\/company\/simovision\"]}]}<\/script>\n<!-- \/ Yoast SEO plugin. -->","yoast_head_json":{"title":"Ellex UltraQ reflex neo - Simovision - Professional","robots":{"index":"index","follow":"follow","max-snippet":"max-snippet:-1","max-image-preview":"max-image-preview:large","max-video-preview":"max-video-preview:-1"},"canonical":"https:\/\/simovision.be\/professional\/product\/ellex-ultraq-reflex-neo\/","og_locale":"nl_NL","og_type":"article","og_title":"Ellex UltraQ reflex neo - Simovision - Professional","og_description":"Premium YAG Laser De UltraQ Reflex\u2122 is een premium laser speciaal ontwikkeld voor YAG-behandelingen. De laser beschikt over de gepatenteerde Reflex\u2122 technologie van de tweede generatie, die zorgt voor een gepatenteerde coaxiale verlichting, waardoor een perfecte visualisatie van de structuren in het voorsegment van het oog wordt gegarandeerd.   Tweede generatie Reflex\u2122 technologie (True Coaxial verlichting)  Veilige capsulotomieprocedure PROcap (Premium Refractive Outcome Capsulotomy)  Heads-up weergave (Imprint\u2122) van behandelingsparameters en slimme joystick.","og_url":"https:\/\/simovision.be\/professional\/product\/ellex-ultraq-reflex-neo\/","og_site_name":"Simovision - Professional","article_modified_time":"2025-12-11T07:04:29+00:00","og_image":[{"width":1000,"height":666,"url":"https:\/\/simovision.be\/professional\/wp-content\/uploads\/sites\/2\/2025\/04\/00.-URN-4a.webp","type":"image\/webp"}],"twitter_card":"summary_large_image","twitter_misc":{"Geschatte leestijd":"2 minuten"},"schema":{"@context":"https:\/\/schema.org","@graph":[{"@type":"WebPage","@id":"https:\/\/simovision.be\/professional\/product\/ellex-ultraq-reflex-neo\/","url":"https:\/\/simovision.be\/professional\/product\/ellex-ultraq-reflex-neo\/","name":"Ellex UltraQ reflex neo - Simovision - Professional","isPartOf":{"@id":"https:\/\/simovision.be\/professional\/#website"},"primaryImageOfPage":{"@id":"https:\/\/simovision.be\/professional\/product\/ellex-ultraq-reflex-neo\/#primaryimage"},"image":{"@id":"https:\/\/simovision.be\/professional\/product\/ellex-ultraq-reflex-neo\/#primaryimage"},"thumbnailUrl":"https:\/\/simovision.be\/professional\/wp-content\/uploads\/sites\/2\/2025\/04\/00.-URN-4a.webp","datePublished":"2025-04-10T10:24:15+00:00","dateModified":"2025-12-11T07:04:29+00:00","breadcrumb":{"@id":"https:\/\/simovision.be\/professional\/product\/ellex-ultraq-reflex-neo\/#breadcrumb"},"inLanguage":"nl-NL","potentialAction":[{"@type":"ReadAction","target":["https:\/\/simovision.be\/professional\/product\/ellex-ultraq-reflex-neo\/"]}]},{"@type":"ImageObject","inLanguage":"nl-NL","@id":"https:\/\/simovision.be\/professional\/product\/ellex-ultraq-reflex-neo\/#primaryimage","url":"https:\/\/simovision.be\/professional\/wp-content\/uploads\/sites\/2\/2025\/04\/00.-URN-4a.webp","contentUrl":"https:\/\/simovision.be\/professional\/wp-content\/uploads\/sites\/2\/2025\/04\/00.-URN-4a.webp","width":1000,"height":666},{"@type":"BreadcrumbList","@id":"https:\/\/simovision.be\/professional\/product\/ellex-ultraq-reflex-neo\/#breadcrumb","itemListElement":[{"@type":"ListItem","position":1,"name":"Home","item":"https:\/\/simovision.be\/professional\/"},{"@type":"ListItem","position":2,"name":"Winkel","item":"https:\/\/simovision.be\/professional\/winkel\/"},{"@type":"ListItem","position":3,"name":"Ellex UltraQ reflex neo"}]},{"@type":"WebSite","@id":"https:\/\/simovision.be\/professional\/#website","url":"https:\/\/simovision.be\/professional\/","name":"Simovision - Professional","description":"","publisher":{"@id":"https:\/\/simovision.be\/professional\/#organization"},"potentialAction":[{"@type":"SearchAction","target":{"@type":"EntryPoint","urlTemplate":"https:\/\/simovision.be\/professional\/?s={search_term_string}"},"query-input":{"@type":"PropertyValueSpecification","valueRequired":true,"valueName":"search_term_string"}}],"inLanguage":"nl-NL"},{"@type":"Organization","@id":"https:\/\/simovision.be\/professional\/#organization","name":"Simovision","url":"https:\/\/simovision.be\/professional\/","logo":{"@type":"ImageObject","inLanguage":"nl-NL","@id":"https:\/\/simovision.be\/professional\/#\/schema\/logo\/image\/","url":"https:\/\/simovision.be\/professional\/wp-content\/uploads\/sites\/2\/2025\/06\/Logo_Simovision_Hilco_Vision_Pantone_7700C-kopie.webp","contentUrl":"https:\/\/simovision.be\/professional\/wp-content\/uploads\/sites\/2\/2025\/06\/Logo_Simovision_Hilco_Vision_Pantone_7700C-kopie.webp","width":2000,"height":1021,"caption":"Simovision"},"image":{"@id":"https:\/\/simovision.be\/professional\/#\/schema\/logo\/image\/"},"sameAs":["https:\/\/www.linkedin.com\/company\/simovision"]}]}},"_links":{"self":[{"href":"https:\/\/simovision.be\/professional\/wp-json\/wp\/v2\/product\/654","targetHints":{"allow":["GET"]}}],"collection":[{"href":"https:\/\/simovision.be\/professional\/wp-json\/wp\/v2\/product"}],"about":[{"href":"https:\/\/simovision.be\/professional\/wp-json\/wp\/v2\/types\/product"}],"wp:featuredmedia":[{"embeddable":true,"href":"https:\/\/simovision.be\/professional\/wp-json\/wp\/v2\/media\/3858"}],"wp:attachment":[{"href":"https:\/\/simovision.be\/professional\/wp-json\/wp\/v2\/media?parent=654"}],"wp:term":[{"taxonomy":"product_brand","embeddable":true,"href":"https:\/\/simovision.be\/professional\/wp-json\/wp\/v2\/product_brand?post=654"},{"taxonomy":"product_cat","embeddable":true,"href":"https:\/\/simovision.be\/professional\/wp-json\/wp\/v2\/product_cat?post=654"},{"taxonomy":"product_tag","embeddable":true,"href":"https:\/\/simovision.be\/professional\/wp-json\/wp\/v2\/product_tag?post=654"}],"curies":[{"name":"wp","href":"https:\/\/api.w.org\/{rel}","templated":true}]}}