{"id":574,"date":"2025-03-21T13:18:37","date_gmt":"2025-03-21T12:18:37","guid":{"rendered":"https:\/\/simovision.be\/professional\/?post_type=product&#038;p=574"},"modified":"2026-03-31T08:51:53","modified_gmt":"2026-03-31T06:51:53","slug":"lentis-comfort","status":"publish","type":"product","link":"https:\/\/simovision.be\/professional\/product\/lentis-comfort\/","title":{"rendered":"LENTIS Comfort"},"content":{"rendered":"<h4>Kenmerken<\/h4>\n<ul>\n<li>Segmentaal <strong>refractief ontwerp<\/strong> met <strong>1.50D additie<\/strong><\/li>\n<li>Continu helder zicht voor ver en voor intermediaire afstand <sup>1,2<\/sup><\/li>\n<li>Hoge lichttransmissie, nagenoeg geheel vrij van verblinding <sup>3<\/sup><\/li>\n<li>Hoge contrastgevoeligheid <sup>1<\/sup><\/li>\n<\/ul>\n<h3><strong>HydroSmart<sup>\u00ae<\/sup> IOL<\/strong><\/h3>\n<ul>\n<li>Ontworpen om <strong>chromatische aberratie<\/strong> te <strong>verminderen<\/strong> <sup>4,5<\/sup><\/li>\n<li><strong>Hydrofobe<\/strong> oppervlakte-eigenschappen<\/li>\n<\/ul>\n<h3><strong>Micro-Cutting Edge Technology<\/strong><\/h3>\n<ul>\n<li>1-staps-lensproductie<\/li>\n<li>Hoge verwerkingsprecisie<\/li>\n<\/ul>\n<h3><strong>Uniek ontwerp<\/strong><\/h3>\n<ul>\n<li><strong>Asymmetrisch EDoF-ontwerp<\/strong><\/li>\n<li>Plate haptics met vierpunts-ondersteuning<\/li>\n<li>Weerstaat contractie van de capsulaire zak<\/li>\n<li><strong>Uitstekende stabiliteit<\/strong> <sup>2,6<\/sup><\/li>\n<\/ul>\n<h3><strong>Achteroppervlak-ontwerp met 360\u00b0 doorlopende scherpe rand <sup>7<\/sup><\/strong><\/h3>\n<ul>\n<li>Ontworpen om een barri\u00e8re te vormen tussen lens en achterste kapsel.<\/li>\n<li>Ontworpen om Posterieure Capsulaire Opacificatie (PCO) te verminderen <sup>8,9<\/sup><\/li>\n<\/ul>\n<p><strong><br \/>\nReferenties<\/strong><\/p>\n<hr \/>\n<ol>\n<li><span style=\"font-size: 10pt\">Emilio Pedrotti, Rodolfo Mastropasqua, Jacopo Bonetto, Christian Demasi, Francesco Aiello, Carlo Nucci, Cesare Mariotti, Giorgio Marchini. Quality of vision, patient satisfaction and long-term visual function after bilateral implantation of a low addition multifocal intraocular lens. Int Ophthalmol, 2018; 38(4):1709-1716.<\/span><\/li>\n<li><span style=\"font-size: 10pt\">Tetsuro Oshika, Hiroyuki Arai, Yoshifumi Fujita, Miko Imarura, Yasushi Inoue, Toru Noda &amp; Kazunori Miyata. One-year clinical evaluation of rotationally asymmetric multifocal intraocular lens with +1.5 diopters near addition. Scientific Reports; 2019, 9:13117.<\/span><\/li>\n<li><span style=\"font-size: 10pt\">Auffarth G U (2011) Optical side-effects of presbyopia-correcting IOLs and corneal procedures; Dept. of Ophthalmology, Rupercht-Karls-University Heidelberg<\/span><\/li>\n<li><span style=\"font-size: 10pt\">Salv\u00e1, L.; Garc\u00eda, S.; Garc\u00eda-Depiegu, S.; Mart\u00ednez-Espert, A.; Montagud-Mart\u00ednez, D.; Ferrando, V. Comparison of the Polychromatic Image Quality of Two Refractive-Segmented and Two Diffractive Multifocal Intraocular Lenses. J. Clin. Med. 2023, 12, 4678.<\/span><\/li>\n<li><span style=\"font-size: 10pt\">Zhao H, Mainster M A. The effect of chromatic dispersion on pseudophakic optical performance[J]. British journal of ophthalmology, 2007, 91(9): 1225-1229<\/span><\/li>\n<li><span style=\"font-size: 10pt\">Borkenstein A F, Borkenstein E M. Clinical Performance of New Enhanced Monofocal Intraocular Lenses: comparison of Hydrophobic C-loop and Hydrophilic Plate-Haptic Platform[J]. Advances in Therapy, 2023, 40(10): 4561-4573.<\/span><\/li>\n<li><span style=\"font-size: 10pt\">Werner L, MD, PhD. Intraocular Lenses &#8211; Overview of Designs, Materials, and Pathophysiologic Features. Ophthalmology, 2021, Volume 128, Issue 11, E74-E93.<\/span><\/li>\n<li><span style=\"font-size: 10pt\">H. H\u00f6h, C. Stylianides, U. Holland. Nachstarquote der MICS-Linse L-313. 32. Kongress der Deutschsprachigen Gesellschaft f\u00fcr Intraokularlinsen-Implantation, Interventionelle und Refraktive Chirurgie, 2018, 271-290.<\/span><\/li>\n<li><span style=\"font-size: 10pt\">Christoforos S, Helmut H, Holland U. Posterior capsule opacification (PCC) rate of a hydrophilic acrylic intraocular lens suitable for microincisional cataract surgery (MICS[J]). Medicine and Clinical Science, 2020, 2(3): 1-9<\/span><\/li>\n<\/ol>\n","protected":false},"excerpt":{"rendered":"<h3><img loading=\"lazy\" decoding=\"async\" class=\"alignnone wp-image-4996 size-full\" src=\"https:\/\/simovision.be\/professional\/wp-content\/uploads\/sites\/2\/2025\/03\/logo-teleon-teaser.png\" alt=\"\" width=\"187\" height=\"40\" srcset=\"https:\/\/simovision.be\/professional\/wp-content\/uploads\/sites\/2\/2025\/03\/logo-teleon-teaser.png 187w, https:\/\/simovision.be\/professional\/wp-content\/uploads\/sites\/2\/2025\/03\/logo-teleon-teaser-64x14.png 64w\" sizes=\"auto, (max-width: 187px) 100vw, 187px\" \/><\/h3>\n<h3><strong>EDoF-IOL met geavanceerde gesegmenteerde optiek<\/strong><\/h3>\n<ul>\n<li>Grote optische zone voor veraf<\/li>\n<li><strong>Overgangsvrije centrale optiek<\/strong><\/li>\n<li>Segment voor <strong>continu zicht<\/strong> tot in het <strong>intermediaire gebied<\/strong> dankzij varifocaal effect<\/li>\n<\/ul>\n","protected":false},"featured_media":7215,"template":"","meta":{"_acf_changed":false,"content-type":"","site-sidebar-layout":"default","site-content-layout":"","ast-site-content-layout":"default","site-content-style":"default","site-sidebar-style":"default","ast-global-header-display":"","ast-banner-title-visibility":"","ast-main-header-display":"","ast-hfb-above-header-display":"","ast-hfb-below-header-display":"","ast-hfb-mobile-header-display":"","site-post-title":"","ast-breadcrumbs-content":"","ast-featured-img":"","footer-sml-layout":"","theme-transparent-header-meta":"default","adv-header-id-meta":"","stick-header-meta":"default","header-above-stick-meta":"","header-main-stick-meta":"","header-below-stick-meta":"","astra-migrate-meta-layouts":"set","ast-page-background-enabled":"default","ast-page-background-meta":{"desktop":{"background-color":"var(--ast-global-color-4)","background-image":"","background-repeat":"repeat","background-position":"center center","background-size":"auto","background-attachment":"scroll","background-type":"","background-media":"","overlay-type":"","overlay-color":"","overlay-opacity":"","overlay-gradient":""},"tablet":{"background-color":"","background-image":"","background-repeat":"repeat","background-position":"center center","background-size":"auto","background-attachment":"scroll","background-type":"","background-media":"","overlay-type":"","overlay-color":"","overlay-opacity":"","overlay-gradient":""},"mobile":{"background-color":"","background-image":"","background-repeat":"repeat","background-position":"center center","background-size":"auto","background-attachment":"scroll","background-type":"","background-media":"","overlay-type":"","overlay-color":"","overlay-opacity":"","overlay-gradient":""}},"ast-content-background-meta":{"desktop":{"background-color":"var(--ast-global-color-5)","background-image":"","background-repeat":"repeat","background-position":"center center","background-size":"auto","background-attachment":"scroll","background-type":"","background-media":"","overlay-type":"","overlay-color":"","overlay-opacity":"","overlay-gradient":""},"tablet":{"background-color":"var(--ast-global-color-5)","background-image":"","background-repeat":"repeat","background-position":"center center","background-size":"auto","background-attachment":"scroll","background-type":"","background-media":"","overlay-type":"","overlay-color":"","overlay-opacity":"","overlay-gradient":""},"mobile":{"background-color":"var(--ast-global-color-5)","background-image":"","background-repeat":"repeat","background-position":"center center","background-size":"auto","background-attachment":"scroll","background-type":"","background-media":"","overlay-type":"","overlay-color":"","overlay-opacity":"","overlay-gradient":""}}},"product_brand":[],"product_cat":[97],"product_tag":[],"class_list":{"0":"post-574","1":"product","2":"type-product","3":"status-publish","4":"has-post-thumbnail","6":"product_cat-intraoculaire-lenzen","7":"desktop-align-left","8":"tablet-align-left","9":"mobile-align-left","10":"ast-product-gallery-layout-first-image-large","11":"ast-product-tabs-layout-horizontal","13":"first","14":"instock","15":"shipping-taxable","16":"product-type-simple"},"acf":[],"yoast_head":"<!-- This site is optimized with the Yoast SEO plugin v26.3 - https:\/\/yoast.com\/wordpress\/plugins\/seo\/ -->\n<title>LENTIS Comfort - Simovision - Professional<\/title>\n<meta name=\"robots\" content=\"index, follow, max-snippet:-1, max-image-preview:large, max-video-preview:-1\" \/>\n<link rel=\"canonical\" href=\"https:\/\/simovision.be\/professional\/product\/lentis-comfort\/\" \/>\n<meta property=\"og:locale\" content=\"nl_NL\" \/>\n<meta property=\"og:type\" content=\"article\" \/>\n<meta property=\"og:title\" content=\"LENTIS Comfort - Simovision - Professional\" \/>\n<meta property=\"og:description\" content=\"EDoF-IOL met geavanceerde gesegmenteerde optiek   Grote optische zone voor veraf  Overgangsvrije centrale optiek  Segment voor continu zicht tot in het intermediaire gebied dankzij varifocaal effect\" \/>\n<meta property=\"og:url\" content=\"https:\/\/simovision.be\/professional\/product\/lentis-comfort\/\" \/>\n<meta property=\"og:site_name\" content=\"Simovision - Professional\" \/>\n<meta property=\"article:modified_time\" content=\"2026-03-31T06:51:53+00:00\" \/>\n<meta property=\"og:image\" content=\"https:\/\/simovision.be\/professional\/wp-content\/uploads\/sites\/2\/2025\/03\/edof_compass_lenses.png\" \/>\n\t<meta property=\"og:image:width\" content=\"1000\" \/>\n\t<meta property=\"og:image:height\" content=\"666\" \/>\n\t<meta property=\"og:image:type\" content=\"image\/png\" \/>\n<meta name=\"twitter:card\" content=\"summary_large_image\" \/>\n<meta name=\"twitter:label1\" content=\"Geschatte leestijd\" \/>\n\t<meta name=\"twitter:data1\" content=\"2 minuten\" \/>\n<script type=\"application\/ld+json\" class=\"yoast-schema-graph\">{\"@context\":\"https:\/\/schema.org\",\"@graph\":[{\"@type\":\"WebPage\",\"@id\":\"https:\/\/simovision.be\/professional\/product\/lentis-comfort\/\",\"url\":\"https:\/\/simovision.be\/professional\/product\/lentis-comfort\/\",\"name\":\"LENTIS Comfort - Simovision - Professional\",\"isPartOf\":{\"@id\":\"https:\/\/simovision.be\/professional\/#website\"},\"primaryImageOfPage\":{\"@id\":\"https:\/\/simovision.be\/professional\/product\/lentis-comfort\/#primaryimage\"},\"image\":{\"@id\":\"https:\/\/simovision.be\/professional\/product\/lentis-comfort\/#primaryimage\"},\"thumbnailUrl\":\"https:\/\/simovision.be\/professional\/wp-content\/uploads\/sites\/2\/2025\/03\/edof_compass_lenses.png\",\"datePublished\":\"2025-03-21T12:18:37+00:00\",\"dateModified\":\"2026-03-31T06:51:53+00:00\",\"breadcrumb\":{\"@id\":\"https:\/\/simovision.be\/professional\/product\/lentis-comfort\/#breadcrumb\"},\"inLanguage\":\"nl-NL\",\"potentialAction\":[{\"@type\":\"ReadAction\",\"target\":[\"https:\/\/simovision.be\/professional\/product\/lentis-comfort\/\"]}]},{\"@type\":\"ImageObject\",\"inLanguage\":\"nl-NL\",\"@id\":\"https:\/\/simovision.be\/professional\/product\/lentis-comfort\/#primaryimage\",\"url\":\"https:\/\/simovision.be\/professional\/wp-content\/uploads\/sites\/2\/2025\/03\/edof_compass_lenses.png\",\"contentUrl\":\"https:\/\/simovision.be\/professional\/wp-content\/uploads\/sites\/2\/2025\/03\/edof_compass_lenses.png\",\"width\":1000,\"height\":666,\"caption\":\"LENTIS Comfort\"},{\"@type\":\"BreadcrumbList\",\"@id\":\"https:\/\/simovision.be\/professional\/product\/lentis-comfort\/#breadcrumb\",\"itemListElement\":[{\"@type\":\"ListItem\",\"position\":1,\"name\":\"Home\",\"item\":\"https:\/\/simovision.be\/professional\/\"},{\"@type\":\"ListItem\",\"position\":2,\"name\":\"Winkel\",\"item\":\"https:\/\/simovision.be\/professional\/winkel\/\"},{\"@type\":\"ListItem\",\"position\":3,\"name\":\"LENTIS Comfort\"}]},{\"@type\":\"WebSite\",\"@id\":\"https:\/\/simovision.be\/professional\/#website\",\"url\":\"https:\/\/simovision.be\/professional\/\",\"name\":\"Simovision - Professional\",\"description\":\"\",\"publisher\":{\"@id\":\"https:\/\/simovision.be\/professional\/#organization\"},\"potentialAction\":[{\"@type\":\"SearchAction\",\"target\":{\"@type\":\"EntryPoint\",\"urlTemplate\":\"https:\/\/simovision.be\/professional\/?s={search_term_string}\"},\"query-input\":{\"@type\":\"PropertyValueSpecification\",\"valueRequired\":true,\"valueName\":\"search_term_string\"}}],\"inLanguage\":\"nl-NL\"},{\"@type\":\"Organization\",\"@id\":\"https:\/\/simovision.be\/professional\/#organization\",\"name\":\"Simovision\",\"url\":\"https:\/\/simovision.be\/professional\/\",\"logo\":{\"@type\":\"ImageObject\",\"inLanguage\":\"nl-NL\",\"@id\":\"https:\/\/simovision.be\/professional\/#\/schema\/logo\/image\/\",\"url\":\"https:\/\/simovision.be\/professional\/wp-content\/uploads\/sites\/2\/2025\/06\/Logo_Simovision_Hilco_Vision_Pantone_7700C-kopie.webp\",\"contentUrl\":\"https:\/\/simovision.be\/professional\/wp-content\/uploads\/sites\/2\/2025\/06\/Logo_Simovision_Hilco_Vision_Pantone_7700C-kopie.webp\",\"width\":2000,\"height\":1021,\"caption\":\"Simovision\"},\"image\":{\"@id\":\"https:\/\/simovision.be\/professional\/#\/schema\/logo\/image\/\"},\"sameAs\":[\"https:\/\/www.linkedin.com\/company\/simovision\"]}]}<\/script>\n<!-- \/ Yoast SEO plugin. -->","yoast_head_json":{"title":"LENTIS Comfort - Simovision - Professional","robots":{"index":"index","follow":"follow","max-snippet":"max-snippet:-1","max-image-preview":"max-image-preview:large","max-video-preview":"max-video-preview:-1"},"canonical":"https:\/\/simovision.be\/professional\/product\/lentis-comfort\/","og_locale":"nl_NL","og_type":"article","og_title":"LENTIS Comfort - Simovision - Professional","og_description":"EDoF-IOL met geavanceerde gesegmenteerde optiek   Grote optische zone voor veraf  Overgangsvrije centrale optiek  Segment voor continu zicht tot in het intermediaire gebied dankzij varifocaal effect","og_url":"https:\/\/simovision.be\/professional\/product\/lentis-comfort\/","og_site_name":"Simovision - Professional","article_modified_time":"2026-03-31T06:51:53+00:00","og_image":[{"width":1000,"height":666,"url":"https:\/\/simovision.be\/professional\/wp-content\/uploads\/sites\/2\/2025\/03\/edof_compass_lenses.png","type":"image\/png"}],"twitter_card":"summary_large_image","twitter_misc":{"Geschatte leestijd":"2 minuten"},"schema":{"@context":"https:\/\/schema.org","@graph":[{"@type":"WebPage","@id":"https:\/\/simovision.be\/professional\/product\/lentis-comfort\/","url":"https:\/\/simovision.be\/professional\/product\/lentis-comfort\/","name":"LENTIS Comfort - Simovision - Professional","isPartOf":{"@id":"https:\/\/simovision.be\/professional\/#website"},"primaryImageOfPage":{"@id":"https:\/\/simovision.be\/professional\/product\/lentis-comfort\/#primaryimage"},"image":{"@id":"https:\/\/simovision.be\/professional\/product\/lentis-comfort\/#primaryimage"},"thumbnailUrl":"https:\/\/simovision.be\/professional\/wp-content\/uploads\/sites\/2\/2025\/03\/edof_compass_lenses.png","datePublished":"2025-03-21T12:18:37+00:00","dateModified":"2026-03-31T06:51:53+00:00","breadcrumb":{"@id":"https:\/\/simovision.be\/professional\/product\/lentis-comfort\/#breadcrumb"},"inLanguage":"nl-NL","potentialAction":[{"@type":"ReadAction","target":["https:\/\/simovision.be\/professional\/product\/lentis-comfort\/"]}]},{"@type":"ImageObject","inLanguage":"nl-NL","@id":"https:\/\/simovision.be\/professional\/product\/lentis-comfort\/#primaryimage","url":"https:\/\/simovision.be\/professional\/wp-content\/uploads\/sites\/2\/2025\/03\/edof_compass_lenses.png","contentUrl":"https:\/\/simovision.be\/professional\/wp-content\/uploads\/sites\/2\/2025\/03\/edof_compass_lenses.png","width":1000,"height":666,"caption":"LENTIS Comfort"},{"@type":"BreadcrumbList","@id":"https:\/\/simovision.be\/professional\/product\/lentis-comfort\/#breadcrumb","itemListElement":[{"@type":"ListItem","position":1,"name":"Home","item":"https:\/\/simovision.be\/professional\/"},{"@type":"ListItem","position":2,"name":"Winkel","item":"https:\/\/simovision.be\/professional\/winkel\/"},{"@type":"ListItem","position":3,"name":"LENTIS Comfort"}]},{"@type":"WebSite","@id":"https:\/\/simovision.be\/professional\/#website","url":"https:\/\/simovision.be\/professional\/","name":"Simovision - Professional","description":"","publisher":{"@id":"https:\/\/simovision.be\/professional\/#organization"},"potentialAction":[{"@type":"SearchAction","target":{"@type":"EntryPoint","urlTemplate":"https:\/\/simovision.be\/professional\/?s={search_term_string}"},"query-input":{"@type":"PropertyValueSpecification","valueRequired":true,"valueName":"search_term_string"}}],"inLanguage":"nl-NL"},{"@type":"Organization","@id":"https:\/\/simovision.be\/professional\/#organization","name":"Simovision","url":"https:\/\/simovision.be\/professional\/","logo":{"@type":"ImageObject","inLanguage":"nl-NL","@id":"https:\/\/simovision.be\/professional\/#\/schema\/logo\/image\/","url":"https:\/\/simovision.be\/professional\/wp-content\/uploads\/sites\/2\/2025\/06\/Logo_Simovision_Hilco_Vision_Pantone_7700C-kopie.webp","contentUrl":"https:\/\/simovision.be\/professional\/wp-content\/uploads\/sites\/2\/2025\/06\/Logo_Simovision_Hilco_Vision_Pantone_7700C-kopie.webp","width":2000,"height":1021,"caption":"Simovision"},"image":{"@id":"https:\/\/simovision.be\/professional\/#\/schema\/logo\/image\/"},"sameAs":["https:\/\/www.linkedin.com\/company\/simovision"]}]}},"_links":{"self":[{"href":"https:\/\/simovision.be\/professional\/wp-json\/wp\/v2\/product\/574","targetHints":{"allow":["GET"]}}],"collection":[{"href":"https:\/\/simovision.be\/professional\/wp-json\/wp\/v2\/product"}],"about":[{"href":"https:\/\/simovision.be\/professional\/wp-json\/wp\/v2\/types\/product"}],"wp:featuredmedia":[{"embeddable":true,"href":"https:\/\/simovision.be\/professional\/wp-json\/wp\/v2\/media\/7215"}],"wp:attachment":[{"href":"https:\/\/simovision.be\/professional\/wp-json\/wp\/v2\/media?parent=574"}],"wp:term":[{"taxonomy":"product_brand","embeddable":true,"href":"https:\/\/simovision.be\/professional\/wp-json\/wp\/v2\/product_brand?post=574"},{"taxonomy":"product_cat","embeddable":true,"href":"https:\/\/simovision.be\/professional\/wp-json\/wp\/v2\/product_cat?post=574"},{"taxonomy":"product_tag","embeddable":true,"href":"https:\/\/simovision.be\/professional\/wp-json\/wp\/v2\/product_tag?post=574"}],"curies":[{"name":"wp","href":"https:\/\/api.w.org\/{rel}","templated":true}]}}