{"id":493,"date":"2025-03-21T10:26:36","date_gmt":"2025-03-21T10:26:36","guid":{"rendered":"https:\/\/simovision.be\/professional\/?post_type=product&#038;p=493"},"modified":"2025-09-22T12:09:42","modified_gmt":"2025-09-22T10:09:42","slug":"evo-icl","status":"publish","type":"product","link":"https:\/\/simovision.be\/professional\/product\/evo-icl\/","title":{"rendered":"EVO ICL\u2122"},"content":{"rendered":"<h3><img loading=\"lazy\" decoding=\"async\" class=\"alignnone wp-image-636\" src=\"https:\/\/simovision.be\/professional\/wp-content\/uploads\/sites\/2\/2025\/03\/EVO-ICL-Linear-300x95.png\" alt=\"\" width=\"186\" height=\"59\" srcset=\"https:\/\/simovision.be\/professional\/wp-content\/uploads\/sites\/2\/2025\/03\/EVO-ICL-Linear-300x95.png 300w, https:\/\/simovision.be\/professional\/wp-content\/uploads\/sites\/2\/2025\/03\/EVO-ICL-Linear-900x284.png 900w, https:\/\/simovision.be\/professional\/wp-content\/uploads\/sites\/2\/2025\/03\/EVO-ICL-Linear-64x20.png 64w, https:\/\/simovision.be\/professional\/wp-content\/uploads\/sites\/2\/2025\/03\/EVO-ICL-Linear-1024x324.png 1024w, https:\/\/simovision.be\/professional\/wp-content\/uploads\/sites\/2\/2025\/03\/EVO-ICL-Linear-768x243.png 768w, https:\/\/simovision.be\/professional\/wp-content\/uploads\/sites\/2\/2025\/03\/EVO-ICL-Linear-1536x485.png 1536w, https:\/\/simovision.be\/professional\/wp-content\/uploads\/sites\/2\/2025\/03\/EVO-ICL-Linear.png 2000w\" sizes=\"auto, (max-width: 186px) 100vw, 186px\" \/><\/h3>\n<h3><strong>Over EVO ICL<sup>TM<\/sup><\/strong><\/h3>\n<ul>\n<li>EVO ICL is een <strong>phake lens<\/strong>.<\/li>\n<li>EVO wordt direct achter de iris en <strong>v\u00f3\u00f3r de natuurlijke kristallijne lens<\/strong> geplaatst.<\/li>\n<li>De toevoeging van de <strong>centrale aqua port<\/strong> bij EVO vergemakkelijkt de stroom van aqueous humor doorheen de lens.<\/li>\n<li>De EVO ICL-procedure vereist <strong>geen verwijdering<\/strong> van <strong>corneaweefsel<\/strong>.<\/li>\n<li>De EVO-lens is een <strong>reversibel implantaat<\/strong>.<\/li>\n<li>Collamer is een <strong>poly-HEMA-gebaseerd copolymeer<\/strong> met een UV-absorberende chromofoor die <strong>UV-bescherming<\/strong> biedt.<\/li>\n<li>Klinisch is bewezen dat EVO <strong>geen droge ogen-syndroom<\/strong> veroorzaakt of verergert.<\/li>\n<li><strong>Bewezen<\/strong> klinische uitkomsten:\n<ul>\n<li><span style=\"font-size: 16px\">De ICL-technologie wordt ondersteund door meer dan <strong>1.000 peer-reviewed publicaties<\/strong>.<\/span><\/li>\n<li><span style=\"font-size: 16px\">Het nieuwste model, de EVO ICL, heeft meer dan <strong>500 gepubliceerde studies<\/strong>, waarvan meer dan 300 zich richten op klinische uitkomsten \u2014 sommige met <strong>follow-ups tot wel 10 jaar<\/strong>.<\/span><\/li>\n<\/ul>\n<\/li>\n<\/ul>\n<h3><strong>Waarom is deze fake lens een game changer?<\/strong><\/h3>\n<ul>\n<li>Geen preoperatieve <strong>perifere iridotomie<\/strong> vereist (PI\u2019s)<\/li>\n<li>Uitstekende <strong>veiligheid<\/strong> en effectiviteit<sup>1,2<\/sup><\/li>\n<li>Uitstekende postoperatieve ongecorrigeerde gezichtsscherpte<sup>1<\/sup> (postoperative uncorrected visual acuity)<\/li>\n<li>Hoge mate van pati\u00ebnttevredenheid<sup>1<\/sup><\/li>\n<li>Behoudt zowel cornea als natuurlijke lens<sup>3<\/sup><\/li>\n<li>Laag percentage bijwerkingen<sup>1<\/sup><\/li>\n<\/ul>\n<h3><strong>STAAR\u2019s exclusieve, premium Collamer<sup>\u00ae<\/sup>-materiaal<\/strong><\/h3>\n<p>Collamer heeft een bewezen geschiedenis van meer dan 20 jaar met <strong>meer dan 3 miljoen ICL-lenzen<\/strong> wereldwijd verspreid. Het is een <strong>copolymeer<\/strong> van <strong>poly-HEMA<\/strong> en <strong>collageen<\/strong>, dat <strong>UV-bescherming<\/strong> biedt.\u00a0Collamer minimaliseert bovendien:<\/p>\n<ul>\n<li>Ontsteking<\/li>\n<li>Flare<\/li>\n<li>Cellulaire reacties<sup>8,9<\/sup><\/li>\n<\/ul>\n<p>Bied <strong>veilige procedures<\/strong> aan die <strong>uitstekende resultaten<\/strong> leveren en laat uw pati\u00ebnten genieten van het leven met <strong>visuele vrijheid<\/strong>.<\/p>\n<h4>Brochure**<\/h4>\n<p><strong>Download hieronder<\/strong> de offici\u00eble EVO ICL brochure van STAAR Surgical.<\/p>\n<p>** These materials are intended for medical education. By proceeding, you certify that you are a licensed health care professional.<\/p>\n<h4>Official links<\/h4>\n<ul>\n<li>STAAR\u2019s <a href=\"https:\/\/www.staar.com\/\" target=\"_blank\" rel=\"noopener\">Official Website<\/a><\/li>\n<li>STAAR\u2019s <a href=\"https:\/\/edfu.staar.com\/edfu\/\" target=\"_blank\" rel=\"noopener\">Directions For Use<\/a><\/li>\n<\/ul>\n<p>* zonder dat de eigen ooglens verwijderd wordt.<\/p>\n<p><strong><br \/>\n<span style=\"font-size: 10pt\">IMPORTANT SAFETY INFORMATION FOR THE EVO\/EVO+ ICL:<\/span><\/strong><\/p>\n<p><span style=\"font-size: 10pt\"><em>All physicians must complete the STAAR Surgical Visian ICL Physician Training Certification Program prior to using theEVO\/EVO+ ICL in a clinical setting. Please review the EVO\/EVO+ ICL Directions For Use (DFU) completely before performinga clinical procedure. INDICATIONS: The EVO\/EVO+ ICL is indicated for phakic patients 21-60 years and pseudophakic patients 21 years and olderwith an anterior chamber depth (ACD) 2.8 mm or greater to correct\/reduce myopia ranging from -0.5 diopters to -20.0diopters with up to 6.0 D of astigmatism. The EVO\/EVO+ ICL is intended for placement in the posterior chamber of the eye. WARNING\/PRECAUTION: Careful preoperative evaluation and sound clinical judgment should be used by the surgeon todecide the risk\/ benefit ratio before implanting a lens in a patient with any of the conditions described in the DFU. Prior tosurgery, physicians should inform prospective patients of possible risks and benefits associated with the EVO\/EVO+ ICL. ATTENTION: Reference the EVO\/EVO+ ICL DFU available at https:\/\/edfu.staar.com\/edfu\/ for a complete listing of indications,contraindications, warnings and precautions.<\/em><\/span><\/p>\n<p><span style=\"font-size: 10pt\"><br \/>\n<span style=\"font-size: 12pt\"><strong>Bibliografie<\/strong><\/span><\/span><\/p>\n<hr \/>\n<ol style=\"font-size: 10px\">\n<li><span style=\"font-size: 10pt\">Packer M. The Implantable Collamer Lens with a central port: review of the literature. Clinical ophthalmology (Auckland, NZ). 2018;12:2427-38.<\/span><\/li>\n<li><span style=\"font-size: 10pt\">Kamiya K, Shimizu K, Igarashi A, Kitazawa Y, Kojima T, Nakamura T, et al. Posterior chamber phakic intraocular lens implantation: comparative, multicentre study in 351 eyes with low-to-moderate or high myopia. Br J Ophtalmol. 2018;102(2):177-81.<\/span><\/li>\n<li><span style=\"font-size: 10pt\">Kohnen T. Phakic intraocular lenses: Where are we now? J Cataract Refract Surg. 2018;44(2):121-3.<\/span><\/li>\n<li><span style=\"font-size: 10pt\">Ganesh S, Brar S, Pawar A. Matched population comparison of visual outcomes and patient satisfaction between 3 modalities for the correction of low to moderate myopic astigmatism. Clin Ophthalmol. (Auckland, NZ). 2017;11:1253-63.<\/span><\/li>\n<li><span style=\"font-size: 10pt\">Mart\u00ednez-Plaza E, L\u00f3pez-Miguel A, L\u00f3pez-de la Rosa A, et al. Effect of the evo+ visian phakic implantable collamer lens on visual performance and quality of vision and life. Am J Ophthalmol. 2021;226:117-25.<\/span><\/li>\n<li><span style=\"font-size: 10pt\">Wei R, Li M, Zhang H, Aruma A, Miao H, Wang X, et al. Comparison of objective and subjective visual quality early after implantable collamer lens V4c (ICL V4c) and small incision lenticule extraction (SMILE) for high myopia correction. Acta Ophthalmol. 2020;98(8):e943-e50.<\/span><\/li>\n<li><span style=\"font-size: 10pt\">Packer M. Evaluation of the EVO\/EVO+ Sphere and Toric Visian ICL: Six month results from the United States Food and Drug Administration clinical trial. Clinical Ophthalmology. 2022;16:1541-53.<\/span><\/li>\n<li><span style=\"font-size: 10pt\">Schild G, Amon M, Abela-Formanek C, Schauersberger J, Bartl G, Kruger A. Uveal and capsular biocompatibility of a single-piece, sharp-edged hydrophilic acrylic intraocular lens with collagen (Collamer\u00ae): 1-year results. J Cataract Refract Surg 2004;30(6):1254-8.<\/span><\/li>\n<li><span style=\"font-size: 10pt\">Brown DC, Ziemba SL. Collamer\u00ae intraocular lens: clinical results from the US FDA core study. J Cataract Refract Surg. 2001;27(6):833-40. 10. Igarashi A. Posterior chamber phakic iols vs. Lasik: Benefits and complications. Expert Review of Ophthalmology. 2019;14(1):43-52.<\/span><\/li>\n<\/ol>\n","protected":false},"excerpt":{"rendered":"<h3><img loading=\"lazy\" decoding=\"async\" class=\"alignnone wp-image-5001 size-full\" src=\"https:\/\/simovision.be\/professional\/wp-content\/uploads\/sites\/2\/2025\/03\/logo_staarsurgical_teaser.png\" alt=\"\" width=\"429\" height=\"40\" srcset=\"https:\/\/simovision.be\/professional\/wp-content\/uploads\/sites\/2\/2025\/03\/logo_staarsurgical_teaser.png 429w, https:\/\/simovision.be\/professional\/wp-content\/uploads\/sites\/2\/2025\/03\/logo_staarsurgical_teaser-64x6.png 64w, https:\/\/simovision.be\/professional\/wp-content\/uploads\/sites\/2\/2025\/03\/logo_staarsurgical_teaser-300x28.png 300w\" sizes=\"auto, (max-width: 429px) 100vw, 429px\" \/><\/h3>\n<h3><strong>Premium refractieve chirurgie met de EVO ICL\u2122 voorzetlens<\/strong><\/h3>\n<ul>\n<li><strong>3 miljoen+ lenzen<\/strong> verkocht<\/li>\n<li>ICL bestaat <strong>30 jaar<\/strong><\/li>\n<li><strong>+1000 ICL <\/strong>peer-reviewed\/wetenschappelijke <strong>publicaties<\/strong><\/li>\n<li><strong>+500 EVO ICL <\/strong>peer-reviewed\/wetenschappelijke <strong>publicaties<\/strong><\/li>\n<\/ul>\n","protected":false},"featured_media":3798,"template":"","meta":{"_acf_changed":false,"content-type":"","site-sidebar-layout":"default","site-content-layout":"","ast-site-content-layout":"default","site-content-style":"default","site-sidebar-style":"default","ast-global-header-display":"","ast-banner-title-visibility":"","ast-main-header-display":"","ast-hfb-above-header-display":"","ast-hfb-below-header-display":"","ast-hfb-mobile-header-display":"","site-post-title":"","ast-breadcrumbs-content":"","ast-featured-img":"","footer-sml-layout":"","theme-transparent-header-meta":"default","adv-header-id-meta":"","stick-header-meta":"default","header-above-stick-meta":"","header-main-stick-meta":"","header-below-stick-meta":"","astra-migrate-meta-layouts":"set","ast-page-background-enabled":"default","ast-page-background-meta":{"desktop":{"background-color":"var(--ast-global-color-4)","background-image":"","background-repeat":"repeat","background-position":"center center","background-size":"auto","background-attachment":"scroll","background-type":"","background-media":"","overlay-type":"","overlay-color":"","overlay-opacity":"","overlay-gradient":""},"tablet":{"background-color":"","background-image":"","background-repeat":"repeat","background-position":"center center","background-size":"auto","background-attachment":"scroll","background-type":"","background-media":"","overlay-type":"","overlay-color":"","overlay-opacity":"","overlay-gradient":""},"mobile":{"background-color":"","background-image":"","background-repeat":"repeat","background-position":"center center","background-size":"auto","background-attachment":"scroll","background-type":"","background-media":"","overlay-type":"","overlay-color":"","overlay-opacity":"","overlay-gradient":""}},"ast-content-background-meta":{"desktop":{"background-color":"var(--ast-global-color-5)","background-image":"","background-repeat":"repeat","background-position":"center center","background-size":"auto","background-attachment":"scroll","background-type":"","background-media":"","overlay-type":"","overlay-color":"","overlay-opacity":"","overlay-gradient":""},"tablet":{"background-color":"var(--ast-global-color-5)","background-image":"","background-repeat":"repeat","background-position":"center center","background-size":"auto","background-attachment":"scroll","background-type":"","background-media":"","overlay-type":"","overlay-color":"","overlay-opacity":"","overlay-gradient":""},"mobile":{"background-color":"var(--ast-global-color-5)","background-image":"","background-repeat":"repeat","background-position":"center center","background-size":"auto","background-attachment":"scroll","background-type":"","background-media":"","overlay-type":"","overlay-color":"","overlay-opacity":"","overlay-gradient":""}}},"product_brand":[],"product_cat":[99],"product_tag":[511],"class_list":{"0":"post-493","1":"product","2":"type-product","3":"status-publish","4":"has-post-thumbnail","6":"product_cat-phake-lenzen-icl","7":"product_tag-nl","8":"desktop-align-left","9":"tablet-align-left","10":"mobile-align-left","11":"ast-product-gallery-layout-first-image-large","12":"ast-product-tabs-layout-horizontal","14":"first","15":"instock","16":"shipping-taxable","17":"product-type-simple"},"acf":[],"yoast_head":"<!-- This site is optimized with the Yoast SEO plugin v26.3 - https:\/\/yoast.com\/wordpress\/plugins\/seo\/ -->\n<title>EVO ICL\u2122 - Simovision - Professional<\/title>\n<meta name=\"robots\" content=\"index, follow, max-snippet:-1, max-image-preview:large, max-video-preview:-1\" \/>\n<link rel=\"canonical\" href=\"https:\/\/simovision.be\/professional\/product\/evo-icl\/\" \/>\n<meta property=\"og:locale\" content=\"nl_NL\" \/>\n<meta property=\"og:type\" content=\"article\" \/>\n<meta property=\"og:title\" content=\"EVO ICL\u2122 - Simovision - Professional\" \/>\n<meta property=\"og:description\" content=\"Premium refractieve chirurgie met de EVO ICL\u2122 voorzetlens   3 miljoen+ lenzen verkocht  ICL bestaat 30 jaar  +1000 ICL peer-reviewed\/wetenschappelijke publicaties  +500 EVO ICL peer-reviewed\/wetenschappelijke publicaties\" \/>\n<meta property=\"og:url\" content=\"https:\/\/simovision.be\/professional\/product\/evo-icl\/\" \/>\n<meta property=\"og:site_name\" content=\"Simovision - Professional\" \/>\n<meta property=\"article:modified_time\" content=\"2025-09-22T10:09:42+00:00\" \/>\n<meta property=\"og:image\" content=\"https:\/\/simovision.be\/professional\/wp-content\/uploads\/sites\/2\/2025\/03\/EVO_Lens-80-Transparent.webp\" \/>\n\t<meta property=\"og:image:width\" content=\"1000\" \/>\n\t<meta property=\"og:image:height\" content=\"666\" \/>\n\t<meta property=\"og:image:type\" content=\"image\/webp\" \/>\n<meta name=\"twitter:card\" content=\"summary_large_image\" \/>\n<meta name=\"twitter:label1\" content=\"Geschatte leestijd\" \/>\n\t<meta name=\"twitter:data1\" content=\"4 minuten\" \/>\n<script type=\"application\/ld+json\" class=\"yoast-schema-graph\">{\"@context\":\"https:\/\/schema.org\",\"@graph\":[{\"@type\":\"WebPage\",\"@id\":\"https:\/\/simovision.be\/professional\/product\/evo-icl\/\",\"url\":\"https:\/\/simovision.be\/professional\/product\/evo-icl\/\",\"name\":\"EVO ICL\u2122 - Simovision - Professional\",\"isPartOf\":{\"@id\":\"https:\/\/simovision.be\/professional\/#website\"},\"primaryImageOfPage\":{\"@id\":\"https:\/\/simovision.be\/professional\/product\/evo-icl\/#primaryimage\"},\"image\":{\"@id\":\"https:\/\/simovision.be\/professional\/product\/evo-icl\/#primaryimage\"},\"thumbnailUrl\":\"https:\/\/simovision.be\/professional\/wp-content\/uploads\/sites\/2\/2025\/03\/EVO_Lens-80-Transparent.webp\",\"datePublished\":\"2025-03-21T10:26:36+00:00\",\"dateModified\":\"2025-09-22T10:09:42+00:00\",\"breadcrumb\":{\"@id\":\"https:\/\/simovision.be\/professional\/product\/evo-icl\/#breadcrumb\"},\"inLanguage\":\"nl-NL\",\"potentialAction\":[{\"@type\":\"ReadAction\",\"target\":[\"https:\/\/simovision.be\/professional\/product\/evo-icl\/\"]}]},{\"@type\":\"ImageObject\",\"inLanguage\":\"nl-NL\",\"@id\":\"https:\/\/simovision.be\/professional\/product\/evo-icl\/#primaryimage\",\"url\":\"https:\/\/simovision.be\/professional\/wp-content\/uploads\/sites\/2\/2025\/03\/EVO_Lens-80-Transparent.webp\",\"contentUrl\":\"https:\/\/simovision.be\/professional\/wp-content\/uploads\/sites\/2\/2025\/03\/EVO_Lens-80-Transparent.webp\",\"width\":1000,\"height\":666},{\"@type\":\"BreadcrumbList\",\"@id\":\"https:\/\/simovision.be\/professional\/product\/evo-icl\/#breadcrumb\",\"itemListElement\":[{\"@type\":\"ListItem\",\"position\":1,\"name\":\"Home\",\"item\":\"https:\/\/simovision.be\/professional\/\"},{\"@type\":\"ListItem\",\"position\":2,\"name\":\"Winkel\",\"item\":\"https:\/\/simovision.be\/professional\/winkel\/\"},{\"@type\":\"ListItem\",\"position\":3,\"name\":\"EVO ICL\u2122\"}]},{\"@type\":\"WebSite\",\"@id\":\"https:\/\/simovision.be\/professional\/#website\",\"url\":\"https:\/\/simovision.be\/professional\/\",\"name\":\"Simovision - Professional\",\"description\":\"\",\"publisher\":{\"@id\":\"https:\/\/simovision.be\/professional\/#organization\"},\"potentialAction\":[{\"@type\":\"SearchAction\",\"target\":{\"@type\":\"EntryPoint\",\"urlTemplate\":\"https:\/\/simovision.be\/professional\/?s={search_term_string}\"},\"query-input\":{\"@type\":\"PropertyValueSpecification\",\"valueRequired\":true,\"valueName\":\"search_term_string\"}}],\"inLanguage\":\"nl-NL\"},{\"@type\":\"Organization\",\"@id\":\"https:\/\/simovision.be\/professional\/#organization\",\"name\":\"Simovision\",\"url\":\"https:\/\/simovision.be\/professional\/\",\"logo\":{\"@type\":\"ImageObject\",\"inLanguage\":\"nl-NL\",\"@id\":\"https:\/\/simovision.be\/professional\/#\/schema\/logo\/image\/\",\"url\":\"https:\/\/simovision.be\/professional\/wp-content\/uploads\/sites\/2\/2025\/06\/Logo_Simovision_Hilco_Vision_Pantone_7700C-kopie.webp\",\"contentUrl\":\"https:\/\/simovision.be\/professional\/wp-content\/uploads\/sites\/2\/2025\/06\/Logo_Simovision_Hilco_Vision_Pantone_7700C-kopie.webp\",\"width\":2000,\"height\":1021,\"caption\":\"Simovision\"},\"image\":{\"@id\":\"https:\/\/simovision.be\/professional\/#\/schema\/logo\/image\/\"},\"sameAs\":[\"https:\/\/www.linkedin.com\/company\/simovision\"]}]}<\/script>\n<!-- \/ Yoast SEO plugin. -->","yoast_head_json":{"title":"EVO ICL\u2122 - Simovision - Professional","robots":{"index":"index","follow":"follow","max-snippet":"max-snippet:-1","max-image-preview":"max-image-preview:large","max-video-preview":"max-video-preview:-1"},"canonical":"https:\/\/simovision.be\/professional\/product\/evo-icl\/","og_locale":"nl_NL","og_type":"article","og_title":"EVO ICL\u2122 - Simovision - Professional","og_description":"Premium refractieve chirurgie met de EVO ICL\u2122 voorzetlens   3 miljoen+ lenzen verkocht  ICL bestaat 30 jaar  +1000 ICL peer-reviewed\/wetenschappelijke publicaties  +500 EVO ICL peer-reviewed\/wetenschappelijke publicaties","og_url":"https:\/\/simovision.be\/professional\/product\/evo-icl\/","og_site_name":"Simovision - Professional","article_modified_time":"2025-09-22T10:09:42+00:00","og_image":[{"width":1000,"height":666,"url":"https:\/\/simovision.be\/professional\/wp-content\/uploads\/sites\/2\/2025\/03\/EVO_Lens-80-Transparent.webp","type":"image\/webp"}],"twitter_card":"summary_large_image","twitter_misc":{"Geschatte leestijd":"4 minuten"},"schema":{"@context":"https:\/\/schema.org","@graph":[{"@type":"WebPage","@id":"https:\/\/simovision.be\/professional\/product\/evo-icl\/","url":"https:\/\/simovision.be\/professional\/product\/evo-icl\/","name":"EVO ICL\u2122 - Simovision - Professional","isPartOf":{"@id":"https:\/\/simovision.be\/professional\/#website"},"primaryImageOfPage":{"@id":"https:\/\/simovision.be\/professional\/product\/evo-icl\/#primaryimage"},"image":{"@id":"https:\/\/simovision.be\/professional\/product\/evo-icl\/#primaryimage"},"thumbnailUrl":"https:\/\/simovision.be\/professional\/wp-content\/uploads\/sites\/2\/2025\/03\/EVO_Lens-80-Transparent.webp","datePublished":"2025-03-21T10:26:36+00:00","dateModified":"2025-09-22T10:09:42+00:00","breadcrumb":{"@id":"https:\/\/simovision.be\/professional\/product\/evo-icl\/#breadcrumb"},"inLanguage":"nl-NL","potentialAction":[{"@type":"ReadAction","target":["https:\/\/simovision.be\/professional\/product\/evo-icl\/"]}]},{"@type":"ImageObject","inLanguage":"nl-NL","@id":"https:\/\/simovision.be\/professional\/product\/evo-icl\/#primaryimage","url":"https:\/\/simovision.be\/professional\/wp-content\/uploads\/sites\/2\/2025\/03\/EVO_Lens-80-Transparent.webp","contentUrl":"https:\/\/simovision.be\/professional\/wp-content\/uploads\/sites\/2\/2025\/03\/EVO_Lens-80-Transparent.webp","width":1000,"height":666},{"@type":"BreadcrumbList","@id":"https:\/\/simovision.be\/professional\/product\/evo-icl\/#breadcrumb","itemListElement":[{"@type":"ListItem","position":1,"name":"Home","item":"https:\/\/simovision.be\/professional\/"},{"@type":"ListItem","position":2,"name":"Winkel","item":"https:\/\/simovision.be\/professional\/winkel\/"},{"@type":"ListItem","position":3,"name":"EVO ICL\u2122"}]},{"@type":"WebSite","@id":"https:\/\/simovision.be\/professional\/#website","url":"https:\/\/simovision.be\/professional\/","name":"Simovision - Professional","description":"","publisher":{"@id":"https:\/\/simovision.be\/professional\/#organization"},"potentialAction":[{"@type":"SearchAction","target":{"@type":"EntryPoint","urlTemplate":"https:\/\/simovision.be\/professional\/?s={search_term_string}"},"query-input":{"@type":"PropertyValueSpecification","valueRequired":true,"valueName":"search_term_string"}}],"inLanguage":"nl-NL"},{"@type":"Organization","@id":"https:\/\/simovision.be\/professional\/#organization","name":"Simovision","url":"https:\/\/simovision.be\/professional\/","logo":{"@type":"ImageObject","inLanguage":"nl-NL","@id":"https:\/\/simovision.be\/professional\/#\/schema\/logo\/image\/","url":"https:\/\/simovision.be\/professional\/wp-content\/uploads\/sites\/2\/2025\/06\/Logo_Simovision_Hilco_Vision_Pantone_7700C-kopie.webp","contentUrl":"https:\/\/simovision.be\/professional\/wp-content\/uploads\/sites\/2\/2025\/06\/Logo_Simovision_Hilco_Vision_Pantone_7700C-kopie.webp","width":2000,"height":1021,"caption":"Simovision"},"image":{"@id":"https:\/\/simovision.be\/professional\/#\/schema\/logo\/image\/"},"sameAs":["https:\/\/www.linkedin.com\/company\/simovision"]}]}},"_links":{"self":[{"href":"https:\/\/simovision.be\/professional\/wp-json\/wp\/v2\/product\/493","targetHints":{"allow":["GET"]}}],"collection":[{"href":"https:\/\/simovision.be\/professional\/wp-json\/wp\/v2\/product"}],"about":[{"href":"https:\/\/simovision.be\/professional\/wp-json\/wp\/v2\/types\/product"}],"wp:featuredmedia":[{"embeddable":true,"href":"https:\/\/simovision.be\/professional\/wp-json\/wp\/v2\/media\/3798"}],"wp:attachment":[{"href":"https:\/\/simovision.be\/professional\/wp-json\/wp\/v2\/media?parent=493"}],"wp:term":[{"taxonomy":"product_brand","embeddable":true,"href":"https:\/\/simovision.be\/professional\/wp-json\/wp\/v2\/product_brand?post=493"},{"taxonomy":"product_cat","embeddable":true,"href":"https:\/\/simovision.be\/professional\/wp-json\/wp\/v2\/product_cat?post=493"},{"taxonomy":"product_tag","embeddable":true,"href":"https:\/\/simovision.be\/professional\/wp-json\/wp\/v2\/product_tag?post=493"}],"curies":[{"name":"wp","href":"https:\/\/api.w.org\/{rel}","templated":true}]}}