{"id":3505,"date":"2025-06-11T11:28:48","date_gmt":"2025-06-11T11:28:48","guid":{"rendered":"https:\/\/simovision.be\/professional\/?post_type=product&#038;p=3505"},"modified":"2025-12-11T08:04:23","modified_gmt":"2025-12-11T07:04:23","slug":"optimis-fusion","status":"publish","type":"product","link":"https:\/\/simovision.be\/professional\/product\/optimis-fusion\/","title":{"rendered":"Optimis\u2122 Fusion"},"content":{"rendered":"<h3><strong>Belangrijkste kenmerken<\/strong><\/h3>\n<ul>\n<li><strong>Ge\u00efntegreerd<\/strong> in een diagnostische <strong>spleetlamp<\/strong>, voor optimale visualisatie van het voorste en achterste segment<\/li>\n<li><strong>YAG- \u00e9n SLT-laser<\/strong>: \u00e9\u00e9n caviteit, twee technologie\u00ebn, twee golflengtes (532 nm en 1064 nm)<\/li>\n<\/ul>\n<h3><strong>3 redenen om te kiezen voor Optimis Fusion\u2122<\/strong><\/h3>\n<h4>Hoogwaardige optiek<\/h4>\n<p>Ge\u00efntegreerd in een spleetlamp met <strong>LED-verlichting<\/strong>, biedt de Optimis Fusion\u2122 een <strong>geoptimaliseerd zicht<\/strong> op zowel voor- als achtersegment.<\/p>\n<h4>YAG- en SLT-laser<\/h4>\n<ul>\n<li>1 caviteit, <strong>2 golflengtes<\/strong>:\n<ul>\n<li>532 nm<\/li>\n<li>1064 nm<\/li>\n<\/ul>\n<\/li>\n<li>Eenvoudige en <strong>snelle selectie<\/strong> tussen <strong>YAG<\/strong>&#8211; of <strong>SLT<\/strong>-modus<\/li>\n<\/ul>\n<h4>Laserplatform voor glaucoom, cataract en retina<\/h4>\n<p>Optimis Fusion\u2122 kan gecombineerd worden met een Monospot- of MultiSpot-laser uit het <strong><a href=\"https:\/\/simovision.be\/professional\/product\/vitra-2\/\">Vitra 2<\/a><\/strong>-assortiment.\u00a0In de <strong>gecombineerde configuratie<\/strong> wordt het een <strong>veelzijdig laserbehandelplatform<\/strong>, ideaal voor oogartsen met meerdere specialisaties.<\/p>\n<h3><strong>Technologische voordelen van Optimis Fusion\u2122<\/strong><\/h3>\n<h4>YAG-behandelmodus: Fotodisruptie<\/h4>\n<p>De YAG-modus maakt gebruik van fotodisruptietechnologie voor <strong>capsulotomie<\/strong> en <strong>perifere iridotomie<\/strong>.\u00a0Dankzij het Gaussiaans profiel van de YAG-laser is een precieze impact mogelijk met een <strong>laag energieniveau<\/strong>.<\/p>\n<p><strong>Tissue-targeting<\/strong> wordt mogelijk gemaakt via een <strong>dubbelstraals richtsysteem<\/strong>, wat zorgt voor nauwkeurige positionering op het focale vlak van het kapsel. Met de<strong> defocusregelaar<\/strong> kan het <strong>impactpunt<\/strong> naar voren, naar achteren of exact op het brandpunt worden geplaatst.<\/p>\n<h4>SLT-behandelmodus<\/h4>\n<p><strong>Een niet-thermische laserprocedure, geschikt als eerstelijnsbehandeling.<\/strong><\/p>\n<p>Selectieve lasertrabeculoplastiek (SLT) is een zogenaamde &#8220;koude&#8221; therapie zonder thermisch letsel aan het weefsel.<\/p>\n<p>Recente <strong>studies<\/strong>, waaronder de LIGHT-studie (Laser In Glaucoma and Hypertension Trial)<sup>1<\/sup>, hebben ertoe geleid dat <strong>SLT<\/strong> wordt <strong>erkend<\/strong> als een eerstelijnsbehandeling voor <strong>openkamerhoekglaucoom<\/strong> (OKG) en <strong>oculaire hypertensie<\/strong> (OHT).<\/p>\n<p><strong><br \/>\nBibliografie<\/strong><\/p>\n<hr \/>\n<ol style=\"font-size: 10px\">\n<li><span style=\"font-size: 10pt\">M. Latina, C. Park Selective &#8211; Targeting of Trabeculum Meshwork Cells : in vitro studies of pulsed and CW laser interactions. Exp. Eye Res. (1995) 60. 359-372<\/span><\/li>\n<\/ol>\n","protected":false},"excerpt":{"rendered":"<h3><img loading=\"lazy\" decoding=\"async\" class=\"alignnone wp-image-4985 size-full\" src=\"https:\/\/simovision.be\/professional\/wp-content\/uploads\/sites\/2\/2025\/06\/Logo_Quantel_Medical_tease.png\" alt=\"\" width=\"96\" height=\"40\" srcset=\"https:\/\/simovision.be\/professional\/wp-content\/uploads\/sites\/2\/2025\/06\/Logo_Quantel_Medical_tease.png 96w, https:\/\/simovision.be\/professional\/wp-content\/uploads\/sites\/2\/2025\/06\/Logo_Quantel_Medical_tease-64x27.png 64w\" sizes=\"auto, (max-width: 96px) 100vw, 96px\" \/><\/h3>\n<h3><strong>Ge\u00efntegreerde YAG \/ SLT laser<\/strong><\/h3>\n<p>Optimis Fusion is een ge\u00efntegreerd laserplatform dat <strong>YAG-laserfotodisruptie<\/strong> combineert met <strong>SLT-laserbehandeling<\/strong> voor glaucoom.<\/p>\n<p>De veelzijdige Optimis Fusion-laser kan worden gecombineerd met de Monospot- of MultiSpot-laser uit het <strong><a href=\"https:\/\/simovision.be\/professional\/product\/vitra-2\/\">Vitra 2<\/a><\/strong>-gamma.<\/p>\n","protected":false},"featured_media":3868,"template":"","meta":{"_acf_changed":false,"content-type":"","site-sidebar-layout":"default","site-content-layout":"","ast-site-content-layout":"default","site-content-style":"default","site-sidebar-style":"default","ast-global-header-display":"","ast-banner-title-visibility":"","ast-main-header-display":"","ast-hfb-above-header-display":"","ast-hfb-below-header-display":"","ast-hfb-mobile-header-display":"","site-post-title":"","ast-breadcrumbs-content":"","ast-featured-img":"","footer-sml-layout":"","theme-transparent-header-meta":"default","adv-header-id-meta":"","stick-header-meta":"default","header-above-stick-meta":"","header-main-stick-meta":"","header-below-stick-meta":"","astra-migrate-meta-layouts":"set","ast-page-background-enabled":"default","ast-page-background-meta":{"desktop":{"background-color":"var(--ast-global-color-4)","background-image":"","background-repeat":"repeat","background-position":"center center","background-size":"auto","background-attachment":"scroll","background-type":"","background-media":"","overlay-type":"","overlay-color":"","overlay-opacity":"","overlay-gradient":""},"tablet":{"background-color":"","background-image":"","background-repeat":"repeat","background-position":"center center","background-size":"auto","background-attachment":"scroll","background-type":"","background-media":"","overlay-type":"","overlay-color":"","overlay-opacity":"","overlay-gradient":""},"mobile":{"background-color":"","background-image":"","background-repeat":"repeat","background-position":"center center","background-size":"auto","background-attachment":"scroll","background-type":"","background-media":"","overlay-type":"","overlay-color":"","overlay-opacity":"","overlay-gradient":""}},"ast-content-background-meta":{"desktop":{"background-color":"var(--ast-global-color-5)","background-image":"","background-repeat":"repeat","background-position":"center center","background-size":"auto","background-attachment":"scroll","background-type":"","background-media":"","overlay-type":"","overlay-color":"","overlay-opacity":"","overlay-gradient":""},"tablet":{"background-color":"var(--ast-global-color-5)","background-image":"","background-repeat":"repeat","background-position":"center center","background-size":"auto","background-attachment":"scroll","background-type":"","background-media":"","overlay-type":"","overlay-color":"","overlay-opacity":"","overlay-gradient":""},"mobile":{"background-color":"var(--ast-global-color-5)","background-image":"","background-repeat":"repeat","background-position":"center center","background-size":"auto","background-attachment":"scroll","background-type":"","background-media":"","overlay-type":"","overlay-color":"","overlay-opacity":"","overlay-gradient":""}}},"product_brand":[],"product_cat":[112],"product_tag":[9697],"class_list":{"0":"post-3505","1":"product","2":"type-product","3":"status-publish","4":"has-post-thumbnail","6":"product_cat-lasers","7":"product_tag-be","8":"desktop-align-left","9":"tablet-align-left","10":"mobile-align-left","11":"ast-product-gallery-layout-first-image-large","12":"ast-product-tabs-layout-horizontal","14":"first","15":"instock","16":"shipping-taxable","17":"product-type-simple"},"acf":[],"yoast_head":"<!-- This site is optimized with the Yoast SEO plugin v26.3 - https:\/\/yoast.com\/wordpress\/plugins\/seo\/ -->\n<title>Optimis\u2122 Fusion - Simovision - Professional<\/title>\n<meta name=\"robots\" content=\"index, follow, max-snippet:-1, max-image-preview:large, max-video-preview:-1\" \/>\n<link rel=\"canonical\" href=\"https:\/\/simovision.be\/professional\/product\/optimis-fusion\/\" \/>\n<meta property=\"og:locale\" content=\"nl_NL\" \/>\n<meta property=\"og:type\" content=\"article\" \/>\n<meta property=\"og:title\" content=\"Optimis\u2122 Fusion - Simovision - Professional\" \/>\n<meta property=\"og:description\" content=\"Ge\u00efntegreerde YAG \/ SLT laser Optimis Fusion is een ge\u00efntegreerd laserplatform dat YAG-laserfotodisruptie combineert met SLT-laserbehandeling voor glaucoom.  De veelzijdige Optimis Fusion-laser kan worden gecombineerd met de Monospot- of MultiSpot-laser uit het Vitra 2-gamma.\" \/>\n<meta property=\"og:url\" content=\"https:\/\/simovision.be\/professional\/product\/optimis-fusion\/\" \/>\n<meta property=\"og:site_name\" content=\"Simovision - Professional\" \/>\n<meta property=\"article:modified_time\" content=\"2025-12-11T07:04:23+00:00\" \/>\n<meta property=\"og:image\" content=\"https:\/\/simovision.be\/professional\/wp-content\/uploads\/sites\/2\/2025\/06\/00.-OptimisFusion.webp\" \/>\n\t<meta property=\"og:image:width\" content=\"1000\" \/>\n\t<meta property=\"og:image:height\" content=\"666\" \/>\n\t<meta property=\"og:image:type\" content=\"image\/webp\" \/>\n<meta name=\"twitter:card\" content=\"summary_large_image\" \/>\n<meta name=\"twitter:label1\" content=\"Geschatte leestijd\" \/>\n\t<meta name=\"twitter:data1\" content=\"2 minuten\" \/>\n<script type=\"application\/ld+json\" class=\"yoast-schema-graph\">{\"@context\":\"https:\/\/schema.org\",\"@graph\":[{\"@type\":\"WebPage\",\"@id\":\"https:\/\/simovision.be\/professional\/product\/optimis-fusion\/\",\"url\":\"https:\/\/simovision.be\/professional\/product\/optimis-fusion\/\",\"name\":\"Optimis\u2122 Fusion - Simovision - Professional\",\"isPartOf\":{\"@id\":\"https:\/\/simovision.be\/professional\/#website\"},\"primaryImageOfPage\":{\"@id\":\"https:\/\/simovision.be\/professional\/product\/optimis-fusion\/#primaryimage\"},\"image\":{\"@id\":\"https:\/\/simovision.be\/professional\/product\/optimis-fusion\/#primaryimage\"},\"thumbnailUrl\":\"https:\/\/simovision.be\/professional\/wp-content\/uploads\/sites\/2\/2025\/06\/00.-OptimisFusion.webp\",\"datePublished\":\"2025-06-11T11:28:48+00:00\",\"dateModified\":\"2025-12-11T07:04:23+00:00\",\"breadcrumb\":{\"@id\":\"https:\/\/simovision.be\/professional\/product\/optimis-fusion\/#breadcrumb\"},\"inLanguage\":\"nl-NL\",\"potentialAction\":[{\"@type\":\"ReadAction\",\"target\":[\"https:\/\/simovision.be\/professional\/product\/optimis-fusion\/\"]}]},{\"@type\":\"ImageObject\",\"inLanguage\":\"nl-NL\",\"@id\":\"https:\/\/simovision.be\/professional\/product\/optimis-fusion\/#primaryimage\",\"url\":\"https:\/\/simovision.be\/professional\/wp-content\/uploads\/sites\/2\/2025\/06\/00.-OptimisFusion.webp\",\"contentUrl\":\"https:\/\/simovision.be\/professional\/wp-content\/uploads\/sites\/2\/2025\/06\/00.-OptimisFusion.webp\",\"width\":1000,\"height\":666},{\"@type\":\"BreadcrumbList\",\"@id\":\"https:\/\/simovision.be\/professional\/product\/optimis-fusion\/#breadcrumb\",\"itemListElement\":[{\"@type\":\"ListItem\",\"position\":1,\"name\":\"Home\",\"item\":\"https:\/\/simovision.be\/professional\/\"},{\"@type\":\"ListItem\",\"position\":2,\"name\":\"Winkel\",\"item\":\"https:\/\/simovision.be\/professional\/winkel\/\"},{\"@type\":\"ListItem\",\"position\":3,\"name\":\"Optimis\u2122 Fusion\"}]},{\"@type\":\"WebSite\",\"@id\":\"https:\/\/simovision.be\/professional\/#website\",\"url\":\"https:\/\/simovision.be\/professional\/\",\"name\":\"Simovision - Professional\",\"description\":\"\",\"publisher\":{\"@id\":\"https:\/\/simovision.be\/professional\/#organization\"},\"potentialAction\":[{\"@type\":\"SearchAction\",\"target\":{\"@type\":\"EntryPoint\",\"urlTemplate\":\"https:\/\/simovision.be\/professional\/?s={search_term_string}\"},\"query-input\":{\"@type\":\"PropertyValueSpecification\",\"valueRequired\":true,\"valueName\":\"search_term_string\"}}],\"inLanguage\":\"nl-NL\"},{\"@type\":\"Organization\",\"@id\":\"https:\/\/simovision.be\/professional\/#organization\",\"name\":\"Simovision\",\"url\":\"https:\/\/simovision.be\/professional\/\",\"logo\":{\"@type\":\"ImageObject\",\"inLanguage\":\"nl-NL\",\"@id\":\"https:\/\/simovision.be\/professional\/#\/schema\/logo\/image\/\",\"url\":\"https:\/\/simovision.be\/professional\/wp-content\/uploads\/sites\/2\/2025\/06\/Logo_Simovision_Hilco_Vision_Pantone_7700C-kopie.webp\",\"contentUrl\":\"https:\/\/simovision.be\/professional\/wp-content\/uploads\/sites\/2\/2025\/06\/Logo_Simovision_Hilco_Vision_Pantone_7700C-kopie.webp\",\"width\":2000,\"height\":1021,\"caption\":\"Simovision\"},\"image\":{\"@id\":\"https:\/\/simovision.be\/professional\/#\/schema\/logo\/image\/\"},\"sameAs\":[\"https:\/\/www.linkedin.com\/company\/simovision\"]}]}<\/script>\n<!-- \/ Yoast SEO plugin. -->","yoast_head_json":{"title":"Optimis\u2122 Fusion - Simovision - Professional","robots":{"index":"index","follow":"follow","max-snippet":"max-snippet:-1","max-image-preview":"max-image-preview:large","max-video-preview":"max-video-preview:-1"},"canonical":"https:\/\/simovision.be\/professional\/product\/optimis-fusion\/","og_locale":"nl_NL","og_type":"article","og_title":"Optimis\u2122 Fusion - Simovision - Professional","og_description":"Ge\u00efntegreerde YAG \/ SLT laser Optimis Fusion is een ge\u00efntegreerd laserplatform dat YAG-laserfotodisruptie combineert met SLT-laserbehandeling voor glaucoom.  De veelzijdige Optimis Fusion-laser kan worden gecombineerd met de Monospot- of MultiSpot-laser uit het Vitra 2-gamma.","og_url":"https:\/\/simovision.be\/professional\/product\/optimis-fusion\/","og_site_name":"Simovision - Professional","article_modified_time":"2025-12-11T07:04:23+00:00","og_image":[{"width":1000,"height":666,"url":"https:\/\/simovision.be\/professional\/wp-content\/uploads\/sites\/2\/2025\/06\/00.-OptimisFusion.webp","type":"image\/webp"}],"twitter_card":"summary_large_image","twitter_misc":{"Geschatte leestijd":"2 minuten"},"schema":{"@context":"https:\/\/schema.org","@graph":[{"@type":"WebPage","@id":"https:\/\/simovision.be\/professional\/product\/optimis-fusion\/","url":"https:\/\/simovision.be\/professional\/product\/optimis-fusion\/","name":"Optimis\u2122 Fusion - Simovision - Professional","isPartOf":{"@id":"https:\/\/simovision.be\/professional\/#website"},"primaryImageOfPage":{"@id":"https:\/\/simovision.be\/professional\/product\/optimis-fusion\/#primaryimage"},"image":{"@id":"https:\/\/simovision.be\/professional\/product\/optimis-fusion\/#primaryimage"},"thumbnailUrl":"https:\/\/simovision.be\/professional\/wp-content\/uploads\/sites\/2\/2025\/06\/00.-OptimisFusion.webp","datePublished":"2025-06-11T11:28:48+00:00","dateModified":"2025-12-11T07:04:23+00:00","breadcrumb":{"@id":"https:\/\/simovision.be\/professional\/product\/optimis-fusion\/#breadcrumb"},"inLanguage":"nl-NL","potentialAction":[{"@type":"ReadAction","target":["https:\/\/simovision.be\/professional\/product\/optimis-fusion\/"]}]},{"@type":"ImageObject","inLanguage":"nl-NL","@id":"https:\/\/simovision.be\/professional\/product\/optimis-fusion\/#primaryimage","url":"https:\/\/simovision.be\/professional\/wp-content\/uploads\/sites\/2\/2025\/06\/00.-OptimisFusion.webp","contentUrl":"https:\/\/simovision.be\/professional\/wp-content\/uploads\/sites\/2\/2025\/06\/00.-OptimisFusion.webp","width":1000,"height":666},{"@type":"BreadcrumbList","@id":"https:\/\/simovision.be\/professional\/product\/optimis-fusion\/#breadcrumb","itemListElement":[{"@type":"ListItem","position":1,"name":"Home","item":"https:\/\/simovision.be\/professional\/"},{"@type":"ListItem","position":2,"name":"Winkel","item":"https:\/\/simovision.be\/professional\/winkel\/"},{"@type":"ListItem","position":3,"name":"Optimis\u2122 Fusion"}]},{"@type":"WebSite","@id":"https:\/\/simovision.be\/professional\/#website","url":"https:\/\/simovision.be\/professional\/","name":"Simovision - Professional","description":"","publisher":{"@id":"https:\/\/simovision.be\/professional\/#organization"},"potentialAction":[{"@type":"SearchAction","target":{"@type":"EntryPoint","urlTemplate":"https:\/\/simovision.be\/professional\/?s={search_term_string}"},"query-input":{"@type":"PropertyValueSpecification","valueRequired":true,"valueName":"search_term_string"}}],"inLanguage":"nl-NL"},{"@type":"Organization","@id":"https:\/\/simovision.be\/professional\/#organization","name":"Simovision","url":"https:\/\/simovision.be\/professional\/","logo":{"@type":"ImageObject","inLanguage":"nl-NL","@id":"https:\/\/simovision.be\/professional\/#\/schema\/logo\/image\/","url":"https:\/\/simovision.be\/professional\/wp-content\/uploads\/sites\/2\/2025\/06\/Logo_Simovision_Hilco_Vision_Pantone_7700C-kopie.webp","contentUrl":"https:\/\/simovision.be\/professional\/wp-content\/uploads\/sites\/2\/2025\/06\/Logo_Simovision_Hilco_Vision_Pantone_7700C-kopie.webp","width":2000,"height":1021,"caption":"Simovision"},"image":{"@id":"https:\/\/simovision.be\/professional\/#\/schema\/logo\/image\/"},"sameAs":["https:\/\/www.linkedin.com\/company\/simovision"]}]}},"_links":{"self":[{"href":"https:\/\/simovision.be\/professional\/wp-json\/wp\/v2\/product\/3505","targetHints":{"allow":["GET"]}}],"collection":[{"href":"https:\/\/simovision.be\/professional\/wp-json\/wp\/v2\/product"}],"about":[{"href":"https:\/\/simovision.be\/professional\/wp-json\/wp\/v2\/types\/product"}],"wp:featuredmedia":[{"embeddable":true,"href":"https:\/\/simovision.be\/professional\/wp-json\/wp\/v2\/media\/3868"}],"wp:attachment":[{"href":"https:\/\/simovision.be\/professional\/wp-json\/wp\/v2\/media?parent=3505"}],"wp:term":[{"taxonomy":"product_brand","embeddable":true,"href":"https:\/\/simovision.be\/professional\/wp-json\/wp\/v2\/product_brand?post=3505"},{"taxonomy":"product_cat","embeddable":true,"href":"https:\/\/simovision.be\/professional\/wp-json\/wp\/v2\/product_cat?post=3505"},{"taxonomy":"product_tag","embeddable":true,"href":"https:\/\/simovision.be\/professional\/wp-json\/wp\/v2\/product_tag?post=3505"}],"curies":[{"name":"wp","href":"https:\/\/api.w.org\/{rel}","templated":true}]}}