{"id":265,"date":"2025-03-13T10:59:08","date_gmt":"2025-03-13T10:59:08","guid":{"rendered":"https:\/\/simovision.be\/professional\/?post_type=product&#038;p=265"},"modified":"2025-12-11T08:09:24","modified_gmt":"2025-12-11T07:09:24","slug":"ellex-tango-neo","status":"publish","type":"product","link":"https:\/\/simovision.be\/professional\/product\/ellex-tango-neo\/","title":{"rendered":"Ellex Tango\u2122 Neo"},"content":{"rendered":"<h3><strong>Kenmerken<\/strong><\/h3>\n<h4>Gepatenteerde dubbele holte<\/h4>\n<p>Ellex Tango\u2122 Neo heeft een <strong>gepatenteerde dubbele holte<\/strong> die zorgt voor optimale stabiliteit bij elk schot. In combinatie met de <strong>dual spot focusbundel<\/strong> in YAG-modus zorgt dit voor nauwkeurige en reproduceerbare behandelingen (tolerantiebereik van +\/- 8 \u00b5m).<\/p>\n<p>Voor de SLT-modus is de holte verbonden met een enkele spotdiameter van 400 micron om een volledige en optimale dekking van het <strong>trabeculaire meshwork<\/strong> te verkrijgen. De groene richtstraal maximaliseert het contrastzicht en de nauwkeurigheid van de behandeling.<\/p>\n<p>Bovendien heeft de holte een ultra-Gaussiaans laserstraalprofiel voor een <strong>homogene verdeling van de energiedichtheid<\/strong>. Optische afbraak wordt bereikt met <strong>extreem lage energie\u00ebn<\/strong> om de verstrooide energie in de intraoculaire omgeving te beperken.<\/p>\n<p>Dankzij de hoge frequentie (3Hz) kun je met de cavity snel en continu opnamen herhalen met behoud van energiestabiliteit voor een voorbeeldige behandelingskwaliteit en veiligheid.<\/p>\n<h4>Slank, functioneel ontwerp<\/h4>\n<p>Het apparaat heeft een <strong>groot aanraakscherm<\/strong> en een <strong>bijzonder intu\u00eftieve interface<\/strong>. Het apparaat is compact en ergonomisch. Alle kabels en optische vezels zijn zo ge\u00efntegreerd dat ze niet zichtbaar zijn.<\/p>\n<p>Voor gebruiksgemak zijn de basisbedieningen zoals anterieure en posterieure defocus, vergroting en energie-instellingen volledig ambidexter.<\/p>\n<p>De joystick is bijzonder flexibel, waardoor snel en gecontroleerd centreren mogelijk is.<\/p>\n<p>Het apparaat is stil en is uitgerust met een gemotoriseerde tafel en een gebogen voet voor <strong>gemakkelijke toegang voor mensen met beperkte mobiliteit<\/strong>.<\/p>\n<h4>Uitzonderlijke weergavekwaliteit<\/h4>\n<p>De oculairen van de Ellex Tango\u2122 Neo zijn ontworpen om een <strong>breed gezichtsveld te bieden<\/strong> en een <strong>perfecte beeldscherpte<\/strong> te bereiken voor elk type behandeling. Om deze beeldkwaliteit te bereiken, zijn de oculairen van het Galile\u00ef-type met een stereoscopische convergentiehoek van 16\u00b0 voor scherp, intu\u00eftief en natuurlijk zicht.<\/p>\n<p>Daarnaast hebben de optische componenten meerlaagse antireflecterende coatings om de lichtverstrooiing te minimaliseren en het optreden van parasitaire reflecties te beperken.<\/p>\n<p>Het gebruik van <strong>filters van hoge kwaliteit zorgt voor een optimale weergave<\/strong> en een perfecte bescherming van de gebruiker.<\/p>\n<h3><strong>Selectieve lasertrabeculoplastiek als eerstelijnsbehandeling<\/strong><\/h3>\n<p>Een multicentrisch onderzoek (LIGHT<sup>1<\/sup> onderzoek) in het Verenigd Koninkrijk heeft aangetoond dat <strong>selectieve laser trabeculoplastiek<\/strong> (SLT) als eerstelijnsbehandeling voor oculaire hypertensie en primair open-hoek-glaucoom een <strong>veilige, economische en effectieve behandeling<\/strong> is.<\/p>\n<ul>\n<li>Lage trouw aan de therapie met oogdruppels en problemen met het zelf toedienen van topische behandelingen komen vaak voor bij glaucoompati\u00ebnten<sup>2<\/sup>.<\/li>\n<li>SLT-lasertherapie lost het probleem van de lage therapietrouw op en kan na verloop van tijd herhaald worden.<sup>3<\/sup><\/li>\n<li>In de laatste editie van haar behandelingsrichtlijnen heeft de EGS (European Glaucoma Society) SLT lasertherapie toegevoegd als alternatieve eerstelijns behandeling voor open-hoek glaucoom.<sup>4<\/sup><\/li>\n<li>SLT is de alternatieve eerstelijnsbehandeling voor primaire open-hoek-glaucoom.<\/li>\n<\/ul>\n<p><strong><br \/>\nBibliografie<\/strong><\/p>\n<hr \/>\n<ol style=\"font-size: 10px\">\n<li><span style=\"font-size: 10pt\">Gazzard G, Konstantakopoulou E, Garway-Heath D,et al. Selective laser trabeculoplasty versus eye drops for first-line treatment of ocular hypertension and glaucoma (LiGHT): a multicentre randomised controlled trial. Lancet 2019, Mar 9;393(10180):1505-16.<\/span><\/li>\n<li><span style=\"font-size: 10pt\">Reardon G, Kotak S, Objective assessment of compliance and persistence among patients treated for glaucoma and ocular hypertension: a systematic review. Epub 2011 Sep 23. PMID: 22003282; PMCID: PMC3191921.<\/span><\/li>\n<li><span style=\"font-size: 10pt\">Garg A, Vickerstaff V, et al. Efficacy of Repeat Selective Laser Trabeculoplasty in Medication-Naive Open-Angle Glaucoma and Ocular Hypertension during the LiGHT Trial. Ophthalmology. 2020 Apr;127(4):467-476. doi: 10.1016\/j. ophtha. 2019.10.023. Epub 2019 Oct 30. PMID: 32005561.<\/span><\/li>\n<li><span style=\"font-size: 10pt\">European Glaucoma Society Terminology and Guidelines for Glaucoma, 5th Edition. Br J Ophthalmol. 2021 Jun;105(Suppl 1):1-169. doi: 10.1136\/bjophthalmol-2021- egsguidelines. PMID: 34675001.<\/span><\/li>\n<\/ol>\n","protected":false},"excerpt":{"rendered":"<h3><img loading=\"lazy\" decoding=\"async\" class=\"alignnone wp-image-4993 size-full\" src=\"https:\/\/simovision.be\/professional\/wp-content\/uploads\/sites\/2\/2025\/04\/Logo_Ellex_teaser.png\" alt=\"\" width=\"97\" height=\"40\" srcset=\"https:\/\/simovision.be\/professional\/wp-content\/uploads\/sites\/2\/2025\/04\/Logo_Ellex_teaser.png 97w, https:\/\/simovision.be\/professional\/wp-content\/uploads\/sites\/2\/2025\/04\/Logo_Ellex_teaser-64x26.png 64w\" sizes=\"auto, (max-width: 97px) 100vw, 97px\" \/><\/h3>\n<h3><strong>Nieuwe generatie gecombineerde YAG\/SLT-lasers<\/strong><\/h3>\n<p>Ellex Tango\u2122 Neo en <strong><a href=\"https:\/\/simovision.be\/professional\/product\/laser-ellex-tango-reflex-neo\/\">Ellex Tango Reflex\u2122 Neo<\/a><\/strong>\u00a0zijn de volgende generatie gecombineerde YAG\/SLT-lasers en vormen het hoogtepunt van meer dan 30 jaar ontwikkeling en expertise op dit gebied.<\/p>\n<p>De Ellex Tango\u2122 Neo laser is een platform dat <strong>YAG- en SLT-lasertechnologie\u00ebn<\/strong> combineert. Met dit model kun je onder andere het volgende doen:<\/p>\n<ul>\n<li><strong>capsulotomie\u00ebn<\/strong> voor de behandeling van secundaire staar.<\/li>\n<li><strong>iridotomie\u00ebn<\/strong> voor de behandeling van hoekafsluitingsglaucoom.<\/li>\n<li><strong>SLT-behandeling<\/strong> voor de behandeling van openhoekglaucoom.<\/li>\n<\/ul>\n","protected":false},"featured_media":3700,"template":"","meta":{"_acf_changed":false,"content-type":"","site-sidebar-layout":"default","site-content-layout":"","ast-site-content-layout":"default","site-content-style":"default","site-sidebar-style":"default","ast-global-header-display":"","ast-banner-title-visibility":"","ast-main-header-display":"","ast-hfb-above-header-display":"","ast-hfb-below-header-display":"","ast-hfb-mobile-header-display":"","site-post-title":"","ast-breadcrumbs-content":"","ast-featured-img":"","footer-sml-layout":"","theme-transparent-header-meta":"default","adv-header-id-meta":"","stick-header-meta":"default","header-above-stick-meta":"","header-main-stick-meta":"","header-below-stick-meta":"","astra-migrate-meta-layouts":"set","ast-page-background-enabled":"default","ast-page-background-meta":{"desktop":{"background-color":"var(--ast-global-color-4)","background-image":"","background-repeat":"repeat","background-position":"center center","background-size":"auto","background-attachment":"scroll","background-type":"","background-media":"","overlay-type":"","overlay-color":"","overlay-opacity":"","overlay-gradient":""},"tablet":{"background-color":"","background-image":"","background-repeat":"repeat","background-position":"center center","background-size":"auto","background-attachment":"scroll","background-type":"","background-media":"","overlay-type":"","overlay-color":"","overlay-opacity":"","overlay-gradient":""},"mobile":{"background-color":"","background-image":"","background-repeat":"repeat","background-position":"center center","background-size":"auto","background-attachment":"scroll","background-type":"","background-media":"","overlay-type":"","overlay-color":"","overlay-opacity":"","overlay-gradient":""}},"ast-content-background-meta":{"desktop":{"background-color":"var(--ast-global-color-5)","background-image":"","background-repeat":"repeat","background-position":"center center","background-size":"auto","background-attachment":"scroll","background-type":"","background-media":"","overlay-type":"","overlay-color":"","overlay-opacity":"","overlay-gradient":""},"tablet":{"background-color":"var(--ast-global-color-5)","background-image":"","background-repeat":"repeat","background-position":"center center","background-size":"auto","background-attachment":"scroll","background-type":"","background-media":"","overlay-type":"","overlay-color":"","overlay-opacity":"","overlay-gradient":""},"mobile":{"background-color":"var(--ast-global-color-5)","background-image":"","background-repeat":"repeat","background-position":"center center","background-size":"auto","background-attachment":"scroll","background-type":"","background-media":"","overlay-type":"","overlay-color":"","overlay-opacity":"","overlay-gradient":""}}},"product_brand":[],"product_cat":[112],"product_tag":[9697],"class_list":{"0":"post-265","1":"product","2":"type-product","3":"status-publish","4":"has-post-thumbnail","6":"product_cat-lasers","7":"product_tag-be","8":"desktop-align-left","9":"tablet-align-left","10":"mobile-align-left","11":"ast-product-gallery-layout-first-image-large","12":"ast-product-tabs-layout-horizontal","14":"first","15":"instock","16":"shipping-taxable","17":"product-type-simple"},"acf":[],"yoast_head":"<!-- This site is optimized with the Yoast SEO plugin v26.3 - https:\/\/yoast.com\/wordpress\/plugins\/seo\/ -->\n<title>Ellex Tango\u2122 Neo - Simovision - Professional<\/title>\n<meta name=\"robots\" content=\"index, follow, max-snippet:-1, max-image-preview:large, max-video-preview:-1\" \/>\n<link rel=\"canonical\" href=\"https:\/\/simovision.be\/professional\/product\/ellex-tango-neo\/\" \/>\n<meta property=\"og:locale\" content=\"nl_NL\" \/>\n<meta property=\"og:type\" content=\"article\" \/>\n<meta property=\"og:title\" content=\"Ellex Tango\u2122 Neo - Simovision - Professional\" \/>\n<meta property=\"og:description\" content=\"Nieuwe generatie gecombineerde YAG\/SLT-lasers Ellex Tango\u2122 Neo en Ellex Tango Reflex\u2122 Neo\u00a0zijn de volgende generatie gecombineerde YAG\/SLT-lasers en vormen het hoogtepunt van meer dan 30 jaar ontwikkeling en expertise op dit gebied.  De Ellex Tango\u2122 Neo laser is een platform dat YAG- en SLT-lasertechnologie\u00ebn combineert. Met dit model kun je onder andere het volgende doen:   capsulotomie\u00ebn voor de behandeling van secundaire staar.  iridotomie\u00ebn voor de behandeling van hoekafsluitingsglaucoom.  SLT-behandeling voor de behandeling van openhoekglaucoom.\" \/>\n<meta property=\"og:url\" content=\"https:\/\/simovision.be\/professional\/product\/ellex-tango-neo\/\" \/>\n<meta property=\"og:site_name\" content=\"Simovision - Professional\" \/>\n<meta property=\"article:modified_time\" content=\"2025-12-11T07:09:24+00:00\" \/>\n<meta property=\"og:image\" content=\"https:\/\/simovision.be\/professional\/wp-content\/uploads\/sites\/2\/2025\/03\/00.-Tango-Neo-3b-Screen-1-F.webp\" \/>\n\t<meta property=\"og:image:width\" content=\"1000\" \/>\n\t<meta property=\"og:image:height\" content=\"666\" \/>\n\t<meta property=\"og:image:type\" content=\"image\/webp\" \/>\n<meta name=\"twitter:card\" content=\"summary_large_image\" \/>\n<meta name=\"twitter:label1\" content=\"Geschatte leestijd\" \/>\n\t<meta name=\"twitter:data1\" content=\"3 minuten\" \/>\n<script type=\"application\/ld+json\" class=\"yoast-schema-graph\">{\"@context\":\"https:\/\/schema.org\",\"@graph\":[{\"@type\":\"WebPage\",\"@id\":\"https:\/\/simovision.be\/professional\/product\/ellex-tango-neo\/\",\"url\":\"https:\/\/simovision.be\/professional\/product\/ellex-tango-neo\/\",\"name\":\"Ellex Tango\u2122 Neo - Simovision - Professional\",\"isPartOf\":{\"@id\":\"https:\/\/simovision.be\/professional\/#website\"},\"primaryImageOfPage\":{\"@id\":\"https:\/\/simovision.be\/professional\/product\/ellex-tango-neo\/#primaryimage\"},\"image\":{\"@id\":\"https:\/\/simovision.be\/professional\/product\/ellex-tango-neo\/#primaryimage\"},\"thumbnailUrl\":\"https:\/\/simovision.be\/professional\/wp-content\/uploads\/sites\/2\/2025\/03\/00.-Tango-Neo-3b-Screen-1-F.webp\",\"datePublished\":\"2025-03-13T10:59:08+00:00\",\"dateModified\":\"2025-12-11T07:09:24+00:00\",\"breadcrumb\":{\"@id\":\"https:\/\/simovision.be\/professional\/product\/ellex-tango-neo\/#breadcrumb\"},\"inLanguage\":\"nl-NL\",\"potentialAction\":[{\"@type\":\"ReadAction\",\"target\":[\"https:\/\/simovision.be\/professional\/product\/ellex-tango-neo\/\"]}]},{\"@type\":\"ImageObject\",\"inLanguage\":\"nl-NL\",\"@id\":\"https:\/\/simovision.be\/professional\/product\/ellex-tango-neo\/#primaryimage\",\"url\":\"https:\/\/simovision.be\/professional\/wp-content\/uploads\/sites\/2\/2025\/03\/00.-Tango-Neo-3b-Screen-1-F.webp\",\"contentUrl\":\"https:\/\/simovision.be\/professional\/wp-content\/uploads\/sites\/2\/2025\/03\/00.-Tango-Neo-3b-Screen-1-F.webp\",\"width\":1000,\"height\":666},{\"@type\":\"BreadcrumbList\",\"@id\":\"https:\/\/simovision.be\/professional\/product\/ellex-tango-neo\/#breadcrumb\",\"itemListElement\":[{\"@type\":\"ListItem\",\"position\":1,\"name\":\"Home\",\"item\":\"https:\/\/simovision.be\/professional\/\"},{\"@type\":\"ListItem\",\"position\":2,\"name\":\"Winkel\",\"item\":\"https:\/\/simovision.be\/professional\/winkel\/\"},{\"@type\":\"ListItem\",\"position\":3,\"name\":\"Ellex Tango\u2122 Neo\"}]},{\"@type\":\"WebSite\",\"@id\":\"https:\/\/simovision.be\/professional\/#website\",\"url\":\"https:\/\/simovision.be\/professional\/\",\"name\":\"Simovision - Professional\",\"description\":\"\",\"publisher\":{\"@id\":\"https:\/\/simovision.be\/professional\/#organization\"},\"potentialAction\":[{\"@type\":\"SearchAction\",\"target\":{\"@type\":\"EntryPoint\",\"urlTemplate\":\"https:\/\/simovision.be\/professional\/?s={search_term_string}\"},\"query-input\":{\"@type\":\"PropertyValueSpecification\",\"valueRequired\":true,\"valueName\":\"search_term_string\"}}],\"inLanguage\":\"nl-NL\"},{\"@type\":\"Organization\",\"@id\":\"https:\/\/simovision.be\/professional\/#organization\",\"name\":\"Simovision\",\"url\":\"https:\/\/simovision.be\/professional\/\",\"logo\":{\"@type\":\"ImageObject\",\"inLanguage\":\"nl-NL\",\"@id\":\"https:\/\/simovision.be\/professional\/#\/schema\/logo\/image\/\",\"url\":\"https:\/\/simovision.be\/professional\/wp-content\/uploads\/sites\/2\/2025\/06\/Logo_Simovision_Hilco_Vision_Pantone_7700C-kopie.webp\",\"contentUrl\":\"https:\/\/simovision.be\/professional\/wp-content\/uploads\/sites\/2\/2025\/06\/Logo_Simovision_Hilco_Vision_Pantone_7700C-kopie.webp\",\"width\":2000,\"height\":1021,\"caption\":\"Simovision\"},\"image\":{\"@id\":\"https:\/\/simovision.be\/professional\/#\/schema\/logo\/image\/\"},\"sameAs\":[\"https:\/\/www.linkedin.com\/company\/simovision\"]}]}<\/script>\n<!-- \/ Yoast SEO plugin. -->","yoast_head_json":{"title":"Ellex Tango\u2122 Neo - Simovision - Professional","robots":{"index":"index","follow":"follow","max-snippet":"max-snippet:-1","max-image-preview":"max-image-preview:large","max-video-preview":"max-video-preview:-1"},"canonical":"https:\/\/simovision.be\/professional\/product\/ellex-tango-neo\/","og_locale":"nl_NL","og_type":"article","og_title":"Ellex Tango\u2122 Neo - Simovision - Professional","og_description":"Nieuwe generatie gecombineerde YAG\/SLT-lasers Ellex Tango\u2122 Neo en Ellex Tango Reflex\u2122 Neo\u00a0zijn de volgende generatie gecombineerde YAG\/SLT-lasers en vormen het hoogtepunt van meer dan 30 jaar ontwikkeling en expertise op dit gebied.  De Ellex Tango\u2122 Neo laser is een platform dat YAG- en SLT-lasertechnologie\u00ebn combineert. Met dit model kun je onder andere het volgende doen:   capsulotomie\u00ebn voor de behandeling van secundaire staar.  iridotomie\u00ebn voor de behandeling van hoekafsluitingsglaucoom.  SLT-behandeling voor de behandeling van openhoekglaucoom.","og_url":"https:\/\/simovision.be\/professional\/product\/ellex-tango-neo\/","og_site_name":"Simovision - Professional","article_modified_time":"2025-12-11T07:09:24+00:00","og_image":[{"width":1000,"height":666,"url":"https:\/\/simovision.be\/professional\/wp-content\/uploads\/sites\/2\/2025\/03\/00.-Tango-Neo-3b-Screen-1-F.webp","type":"image\/webp"}],"twitter_card":"summary_large_image","twitter_misc":{"Geschatte leestijd":"3 minuten"},"schema":{"@context":"https:\/\/schema.org","@graph":[{"@type":"WebPage","@id":"https:\/\/simovision.be\/professional\/product\/ellex-tango-neo\/","url":"https:\/\/simovision.be\/professional\/product\/ellex-tango-neo\/","name":"Ellex Tango\u2122 Neo - Simovision - Professional","isPartOf":{"@id":"https:\/\/simovision.be\/professional\/#website"},"primaryImageOfPage":{"@id":"https:\/\/simovision.be\/professional\/product\/ellex-tango-neo\/#primaryimage"},"image":{"@id":"https:\/\/simovision.be\/professional\/product\/ellex-tango-neo\/#primaryimage"},"thumbnailUrl":"https:\/\/simovision.be\/professional\/wp-content\/uploads\/sites\/2\/2025\/03\/00.-Tango-Neo-3b-Screen-1-F.webp","datePublished":"2025-03-13T10:59:08+00:00","dateModified":"2025-12-11T07:09:24+00:00","breadcrumb":{"@id":"https:\/\/simovision.be\/professional\/product\/ellex-tango-neo\/#breadcrumb"},"inLanguage":"nl-NL","potentialAction":[{"@type":"ReadAction","target":["https:\/\/simovision.be\/professional\/product\/ellex-tango-neo\/"]}]},{"@type":"ImageObject","inLanguage":"nl-NL","@id":"https:\/\/simovision.be\/professional\/product\/ellex-tango-neo\/#primaryimage","url":"https:\/\/simovision.be\/professional\/wp-content\/uploads\/sites\/2\/2025\/03\/00.-Tango-Neo-3b-Screen-1-F.webp","contentUrl":"https:\/\/simovision.be\/professional\/wp-content\/uploads\/sites\/2\/2025\/03\/00.-Tango-Neo-3b-Screen-1-F.webp","width":1000,"height":666},{"@type":"BreadcrumbList","@id":"https:\/\/simovision.be\/professional\/product\/ellex-tango-neo\/#breadcrumb","itemListElement":[{"@type":"ListItem","position":1,"name":"Home","item":"https:\/\/simovision.be\/professional\/"},{"@type":"ListItem","position":2,"name":"Winkel","item":"https:\/\/simovision.be\/professional\/winkel\/"},{"@type":"ListItem","position":3,"name":"Ellex Tango\u2122 Neo"}]},{"@type":"WebSite","@id":"https:\/\/simovision.be\/professional\/#website","url":"https:\/\/simovision.be\/professional\/","name":"Simovision - Professional","description":"","publisher":{"@id":"https:\/\/simovision.be\/professional\/#organization"},"potentialAction":[{"@type":"SearchAction","target":{"@type":"EntryPoint","urlTemplate":"https:\/\/simovision.be\/professional\/?s={search_term_string}"},"query-input":{"@type":"PropertyValueSpecification","valueRequired":true,"valueName":"search_term_string"}}],"inLanguage":"nl-NL"},{"@type":"Organization","@id":"https:\/\/simovision.be\/professional\/#organization","name":"Simovision","url":"https:\/\/simovision.be\/professional\/","logo":{"@type":"ImageObject","inLanguage":"nl-NL","@id":"https:\/\/simovision.be\/professional\/#\/schema\/logo\/image\/","url":"https:\/\/simovision.be\/professional\/wp-content\/uploads\/sites\/2\/2025\/06\/Logo_Simovision_Hilco_Vision_Pantone_7700C-kopie.webp","contentUrl":"https:\/\/simovision.be\/professional\/wp-content\/uploads\/sites\/2\/2025\/06\/Logo_Simovision_Hilco_Vision_Pantone_7700C-kopie.webp","width":2000,"height":1021,"caption":"Simovision"},"image":{"@id":"https:\/\/simovision.be\/professional\/#\/schema\/logo\/image\/"},"sameAs":["https:\/\/www.linkedin.com\/company\/simovision"]}]}},"_links":{"self":[{"href":"https:\/\/simovision.be\/professional\/wp-json\/wp\/v2\/product\/265","targetHints":{"allow":["GET"]}}],"collection":[{"href":"https:\/\/simovision.be\/professional\/wp-json\/wp\/v2\/product"}],"about":[{"href":"https:\/\/simovision.be\/professional\/wp-json\/wp\/v2\/types\/product"}],"wp:featuredmedia":[{"embeddable":true,"href":"https:\/\/simovision.be\/professional\/wp-json\/wp\/v2\/media\/3700"}],"wp:attachment":[{"href":"https:\/\/simovision.be\/professional\/wp-json\/wp\/v2\/media?parent=265"}],"wp:term":[{"taxonomy":"product_brand","embeddable":true,"href":"https:\/\/simovision.be\/professional\/wp-json\/wp\/v2\/product_brand?post=265"},{"taxonomy":"product_cat","embeddable":true,"href":"https:\/\/simovision.be\/professional\/wp-json\/wp\/v2\/product_cat?post=265"},{"taxonomy":"product_tag","embeddable":true,"href":"https:\/\/simovision.be\/professional\/wp-json\/wp\/v2\/product_tag?post=265"}],"curies":[{"name":"wp","href":"https:\/\/api.w.org\/{rel}","templated":true}]}}