{"id":242,"date":"2025-03-13T10:28:02","date_gmt":"2025-03-13T10:28:02","guid":{"rendered":"https:\/\/simovision.be\/professional\/?post_type=product&#038;p=242"},"modified":"2025-12-11T08:09:26","modified_gmt":"2025-12-11T07:09:26","slug":"xephilio-oct-s1","status":"publish","type":"product","link":"https:\/\/simovision.be\/professional\/product\/xephilio-oct-s1\/","title":{"rendered":"Xephilio OCT-S1"},"content":{"rendered":"<h3><strong>Kenmerken<\/strong><\/h3>\n<ul>\n<li>928 x 807 pixels hoge dichtheid<\/li>\n<li>23 x 20 mm in \u00e9\u00e9n scan<\/li>\n<li>Panoramische beeldvorming 31 x 27 mm<\/li>\n<li><strong>Automatische uitlijning<\/strong><\/li>\n<li>Automatische SLO-focalisatie<\/li>\n<li>Automatische OCT-focalisatie<\/li>\n<li>Automatische snijpositie<\/li>\n<li>Retinale tracking<\/li>\n<\/ul>\n<h4>Intelligent Denoise<\/h4>\n<p>De <strong>intelligente leertechnologie<\/strong> van Canon maakt het mogelijk om <strong>ruis<\/strong> in <strong>digitale beelden<\/strong> te <strong>verwijderen<\/strong> zonder details te verliezen en de <strong>zichtbaarheid<\/strong> in slechts enkele seconden te <strong>verbeteren<\/strong>.<\/p>\n<h4>Retinale kromming<\/h4>\n<p>De kromming van het netvlies (vooral bij staphyloma) wordt duidelijk zichtbaar gemaakt in de choro\u00efdale neovascularisatie bij myopie, dankzij de scan diepte van 5,3 mm en de scan breedte van 23 mm van de Xephilio OCT-S1.<\/p>\n<h4>Acquisitie<\/h4>\n<p>De SLO-camera met groot veld zorgt voor real-time retinale tracking en een nauwkeurige follow-up.\u00a0De eenvoudig toegankelijke optimalisatiefunctie nabij de joystick zorgt voor het afstemmen van de uitlijning, de focalisatie en de scanpositie.<\/p>\n<h3><strong>Voorsegment module<\/strong><\/h3>\n<p>Xephilio OCT-S1 maakt het ook mogelijk om de <strong>microvascularisatie<\/strong> van de <strong>conjunctiva<\/strong> en eventuele <strong>corneale neovascularisaties<\/strong> te <strong>visualiseren<\/strong>. De beeldvorming van het voorsegment vereist geen extra optische module.<\/p>\n<p><em>De voorsegmentmodule is bedoeld voor onderzoeksdoeleinden en mag niet worden gebruikt voor diagnostiek.<\/em><\/p>\n<h4>Softwareplatform Retinal Expert<\/h4>\n<p>Een schaalbare oplossing die perfect aansluit bij uw behoeften:<\/p>\n<ul>\n<li>Met zijn ervaring in radiologie, MRI en echografie heeft Canon het <strong>softwareplatform Retinal Expert<\/strong> (RX) ontwikkeld, van <strong>stand alone installatie<\/strong> tot <strong>multi-toegang serveroplossingen<\/strong>.<\/li>\n<li>Het kan <strong>retinografen<\/strong> en <strong>OCT-systemen<\/strong> van de <strong>Canon<\/strong>-groep <strong>combineren<\/strong>. Dit multimodale platform is ontworpen om naadloos te integreren met uw bestaande EMR-systeem of beheersoftware. Het zorgt voor volledige <strong>DICOM-compatibiliteit<\/strong>.<\/li>\n<\/ul>\n","protected":false},"excerpt":{"rendered":"<h3><img loading=\"lazy\" decoding=\"async\" class=\"alignnone wp-image-4983 size-full\" src=\"https:\/\/simovision.be\/professional\/wp-content\/uploads\/sites\/2\/2025\/06\/Logo_canon_tease.png\" alt=\"\" width=\"319\" height=\"40\" srcset=\"https:\/\/simovision.be\/professional\/wp-content\/uploads\/sites\/2\/2025\/06\/Logo_canon_tease.png 319w, https:\/\/simovision.be\/professional\/wp-content\/uploads\/sites\/2\/2025\/06\/Logo_canon_tease-64x8.png 64w, https:\/\/simovision.be\/professional\/wp-content\/uploads\/sites\/2\/2025\/06\/Logo_canon_tease-300x38.png 300w\" sizes=\"auto, (max-width: 319px) 100vw, 319px\" \/><\/h3>\n<h3><strong>Swept Source OCT<\/strong><\/h3>\n<ul>\n<li>Ultra groot veld van <strong>23 x 20 mm<\/strong> in <strong>\u00e9\u00e9n meting<\/strong><\/li>\n<li>Mosa\u00efek tot 31 x 27 mm<\/li>\n<li><strong>Swept-Source<\/strong>: <strong>100.000 A-Scans<\/strong><\/li>\n<li>Diepte van het veld: 5,3 mm<\/li>\n<li><strong>Intelligent Denoise<\/strong><\/li>\n<\/ul>\n","protected":false},"featured_media":3696,"template":"","meta":{"_acf_changed":false,"content-type":"","site-sidebar-layout":"default","site-content-layout":"","ast-site-content-layout":"default","site-content-style":"default","site-sidebar-style":"default","ast-global-header-display":"","ast-banner-title-visibility":"","ast-main-header-display":"","ast-hfb-above-header-display":"","ast-hfb-below-header-display":"","ast-hfb-mobile-header-display":"","site-post-title":"","ast-breadcrumbs-content":"","ast-featured-img":"","footer-sml-layout":"","theme-transparent-header-meta":"default","adv-header-id-meta":"","stick-header-meta":"default","header-above-stick-meta":"","header-main-stick-meta":"","header-below-stick-meta":"","astra-migrate-meta-layouts":"set","ast-page-background-enabled":"default","ast-page-background-meta":{"desktop":{"background-color":"var(--ast-global-color-4)","background-image":"","background-repeat":"repeat","background-position":"center center","background-size":"auto","background-attachment":"scroll","background-type":"","background-media":"","overlay-type":"","overlay-color":"","overlay-opacity":"","overlay-gradient":""},"tablet":{"background-color":"","background-image":"","background-repeat":"repeat","background-position":"center center","background-size":"auto","background-attachment":"scroll","background-type":"","background-media":"","overlay-type":"","overlay-color":"","overlay-opacity":"","overlay-gradient":""},"mobile":{"background-color":"","background-image":"","background-repeat":"repeat","background-position":"center center","background-size":"auto","background-attachment":"scroll","background-type":"","background-media":"","overlay-type":"","overlay-color":"","overlay-opacity":"","overlay-gradient":""}},"ast-content-background-meta":{"desktop":{"background-color":"var(--ast-global-color-5)","background-image":"","background-repeat":"repeat","background-position":"center center","background-size":"auto","background-attachment":"scroll","background-type":"","background-media":"","overlay-type":"","overlay-color":"","overlay-opacity":"","overlay-gradient":""},"tablet":{"background-color":"var(--ast-global-color-5)","background-image":"","background-repeat":"repeat","background-position":"center center","background-size":"auto","background-attachment":"scroll","background-type":"","background-media":"","overlay-type":"","overlay-color":"","overlay-opacity":"","overlay-gradient":""},"mobile":{"background-color":"var(--ast-global-color-5)","background-image":"","background-repeat":"repeat","background-position":"center center","background-size":"auto","background-attachment":"scroll","background-type":"","background-media":"","overlay-type":"","overlay-color":"","overlay-opacity":"","overlay-gradient":""}}},"product_brand":[],"product_cat":[114],"product_tag":[9697],"class_list":{"0":"post-242","1":"product","2":"type-product","3":"status-publish","4":"has-post-thumbnail","6":"product_cat-oct","7":"product_tag-be","8":"desktop-align-left","9":"tablet-align-left","10":"mobile-align-left","11":"ast-product-gallery-layout-first-image-large","12":"ast-product-tabs-layout-horizontal","14":"first","15":"instock","16":"shipping-taxable","17":"product-type-simple"},"acf":[],"yoast_head":"<!-- This site is optimized with the Yoast SEO plugin v26.3 - https:\/\/yoast.com\/wordpress\/plugins\/seo\/ -->\n<title>Xephilio OCT-S1 - Simovision - Professional<\/title>\n<meta name=\"robots\" content=\"index, follow, max-snippet:-1, max-image-preview:large, max-video-preview:-1\" \/>\n<link rel=\"canonical\" href=\"https:\/\/simovision.be\/professional\/product\/xephilio-oct-s1\/\" \/>\n<meta property=\"og:locale\" content=\"nl_NL\" \/>\n<meta property=\"og:type\" content=\"article\" \/>\n<meta property=\"og:title\" content=\"Xephilio OCT-S1 - Simovision - Professional\" \/>\n<meta property=\"og:description\" content=\"Swept Source OCT   Ultra groot veld van 23 x 20 mm in \u00e9\u00e9n meting  Mosa\u00efek tot 31 x 27 mm  Swept-Source: 100.000 A-Scans  Diepte van het veld: 5,3 mm  Intelligent Denoise\" \/>\n<meta property=\"og:url\" content=\"https:\/\/simovision.be\/professional\/product\/xephilio-oct-s1\/\" \/>\n<meta property=\"og:site_name\" content=\"Simovision - Professional\" \/>\n<meta property=\"article:modified_time\" content=\"2025-12-11T07:09:26+00:00\" \/>\n<meta property=\"og:image\" content=\"https:\/\/simovision.be\/professional\/wp-content\/uploads\/sites\/2\/2025\/03\/00.-EH326_slant_left_joint.webp\" \/>\n\t<meta property=\"og:image:width\" content=\"1000\" \/>\n\t<meta property=\"og:image:height\" content=\"666\" \/>\n\t<meta property=\"og:image:type\" content=\"image\/webp\" \/>\n<meta name=\"twitter:card\" content=\"summary_large_image\" \/>\n<meta name=\"twitter:label1\" content=\"Geschatte leestijd\" \/>\n\t<meta name=\"twitter:data1\" content=\"2 minuten\" \/>\n<script type=\"application\/ld+json\" class=\"yoast-schema-graph\">{\"@context\":\"https:\/\/schema.org\",\"@graph\":[{\"@type\":\"WebPage\",\"@id\":\"https:\/\/simovision.be\/professional\/product\/xephilio-oct-s1\/\",\"url\":\"https:\/\/simovision.be\/professional\/product\/xephilio-oct-s1\/\",\"name\":\"Xephilio OCT-S1 - Simovision - Professional\",\"isPartOf\":{\"@id\":\"https:\/\/simovision.be\/professional\/#website\"},\"primaryImageOfPage\":{\"@id\":\"https:\/\/simovision.be\/professional\/product\/xephilio-oct-s1\/#primaryimage\"},\"image\":{\"@id\":\"https:\/\/simovision.be\/professional\/product\/xephilio-oct-s1\/#primaryimage\"},\"thumbnailUrl\":\"https:\/\/simovision.be\/professional\/wp-content\/uploads\/sites\/2\/2025\/03\/00.-EH326_slant_left_joint.webp\",\"datePublished\":\"2025-03-13T10:28:02+00:00\",\"dateModified\":\"2025-12-11T07:09:26+00:00\",\"breadcrumb\":{\"@id\":\"https:\/\/simovision.be\/professional\/product\/xephilio-oct-s1\/#breadcrumb\"},\"inLanguage\":\"nl-NL\",\"potentialAction\":[{\"@type\":\"ReadAction\",\"target\":[\"https:\/\/simovision.be\/professional\/product\/xephilio-oct-s1\/\"]}]},{\"@type\":\"ImageObject\",\"inLanguage\":\"nl-NL\",\"@id\":\"https:\/\/simovision.be\/professional\/product\/xephilio-oct-s1\/#primaryimage\",\"url\":\"https:\/\/simovision.be\/professional\/wp-content\/uploads\/sites\/2\/2025\/03\/00.-EH326_slant_left_joint.webp\",\"contentUrl\":\"https:\/\/simovision.be\/professional\/wp-content\/uploads\/sites\/2\/2025\/03\/00.-EH326_slant_left_joint.webp\",\"width\":1000,\"height\":666},{\"@type\":\"BreadcrumbList\",\"@id\":\"https:\/\/simovision.be\/professional\/product\/xephilio-oct-s1\/#breadcrumb\",\"itemListElement\":[{\"@type\":\"ListItem\",\"position\":1,\"name\":\"Home\",\"item\":\"https:\/\/simovision.be\/professional\/\"},{\"@type\":\"ListItem\",\"position\":2,\"name\":\"Winkel\",\"item\":\"https:\/\/simovision.be\/professional\/winkel\/\"},{\"@type\":\"ListItem\",\"position\":3,\"name\":\"Xephilio OCT-S1\"}]},{\"@type\":\"WebSite\",\"@id\":\"https:\/\/simovision.be\/professional\/#website\",\"url\":\"https:\/\/simovision.be\/professional\/\",\"name\":\"Simovision - Professional\",\"description\":\"\",\"publisher\":{\"@id\":\"https:\/\/simovision.be\/professional\/#organization\"},\"potentialAction\":[{\"@type\":\"SearchAction\",\"target\":{\"@type\":\"EntryPoint\",\"urlTemplate\":\"https:\/\/simovision.be\/professional\/?s={search_term_string}\"},\"query-input\":{\"@type\":\"PropertyValueSpecification\",\"valueRequired\":true,\"valueName\":\"search_term_string\"}}],\"inLanguage\":\"nl-NL\"},{\"@type\":\"Organization\",\"@id\":\"https:\/\/simovision.be\/professional\/#organization\",\"name\":\"Simovision\",\"url\":\"https:\/\/simovision.be\/professional\/\",\"logo\":{\"@type\":\"ImageObject\",\"inLanguage\":\"nl-NL\",\"@id\":\"https:\/\/simovision.be\/professional\/#\/schema\/logo\/image\/\",\"url\":\"https:\/\/simovision.be\/professional\/wp-content\/uploads\/sites\/2\/2025\/06\/Logo_Simovision_Hilco_Vision_Pantone_7700C-kopie.webp\",\"contentUrl\":\"https:\/\/simovision.be\/professional\/wp-content\/uploads\/sites\/2\/2025\/06\/Logo_Simovision_Hilco_Vision_Pantone_7700C-kopie.webp\",\"width\":2000,\"height\":1021,\"caption\":\"Simovision\"},\"image\":{\"@id\":\"https:\/\/simovision.be\/professional\/#\/schema\/logo\/image\/\"},\"sameAs\":[\"https:\/\/www.linkedin.com\/company\/simovision\"]}]}<\/script>\n<!-- \/ Yoast SEO plugin. -->","yoast_head_json":{"title":"Xephilio OCT-S1 - Simovision - Professional","robots":{"index":"index","follow":"follow","max-snippet":"max-snippet:-1","max-image-preview":"max-image-preview:large","max-video-preview":"max-video-preview:-1"},"canonical":"https:\/\/simovision.be\/professional\/product\/xephilio-oct-s1\/","og_locale":"nl_NL","og_type":"article","og_title":"Xephilio OCT-S1 - Simovision - Professional","og_description":"Swept Source OCT   Ultra groot veld van 23 x 20 mm in \u00e9\u00e9n meting  Mosa\u00efek tot 31 x 27 mm  Swept-Source: 100.000 A-Scans  Diepte van het veld: 5,3 mm  Intelligent Denoise","og_url":"https:\/\/simovision.be\/professional\/product\/xephilio-oct-s1\/","og_site_name":"Simovision - Professional","article_modified_time":"2025-12-11T07:09:26+00:00","og_image":[{"width":1000,"height":666,"url":"https:\/\/simovision.be\/professional\/wp-content\/uploads\/sites\/2\/2025\/03\/00.-EH326_slant_left_joint.webp","type":"image\/webp"}],"twitter_card":"summary_large_image","twitter_misc":{"Geschatte leestijd":"2 minuten"},"schema":{"@context":"https:\/\/schema.org","@graph":[{"@type":"WebPage","@id":"https:\/\/simovision.be\/professional\/product\/xephilio-oct-s1\/","url":"https:\/\/simovision.be\/professional\/product\/xephilio-oct-s1\/","name":"Xephilio OCT-S1 - Simovision - Professional","isPartOf":{"@id":"https:\/\/simovision.be\/professional\/#website"},"primaryImageOfPage":{"@id":"https:\/\/simovision.be\/professional\/product\/xephilio-oct-s1\/#primaryimage"},"image":{"@id":"https:\/\/simovision.be\/professional\/product\/xephilio-oct-s1\/#primaryimage"},"thumbnailUrl":"https:\/\/simovision.be\/professional\/wp-content\/uploads\/sites\/2\/2025\/03\/00.-EH326_slant_left_joint.webp","datePublished":"2025-03-13T10:28:02+00:00","dateModified":"2025-12-11T07:09:26+00:00","breadcrumb":{"@id":"https:\/\/simovision.be\/professional\/product\/xephilio-oct-s1\/#breadcrumb"},"inLanguage":"nl-NL","potentialAction":[{"@type":"ReadAction","target":["https:\/\/simovision.be\/professional\/product\/xephilio-oct-s1\/"]}]},{"@type":"ImageObject","inLanguage":"nl-NL","@id":"https:\/\/simovision.be\/professional\/product\/xephilio-oct-s1\/#primaryimage","url":"https:\/\/simovision.be\/professional\/wp-content\/uploads\/sites\/2\/2025\/03\/00.-EH326_slant_left_joint.webp","contentUrl":"https:\/\/simovision.be\/professional\/wp-content\/uploads\/sites\/2\/2025\/03\/00.-EH326_slant_left_joint.webp","width":1000,"height":666},{"@type":"BreadcrumbList","@id":"https:\/\/simovision.be\/professional\/product\/xephilio-oct-s1\/#breadcrumb","itemListElement":[{"@type":"ListItem","position":1,"name":"Home","item":"https:\/\/simovision.be\/professional\/"},{"@type":"ListItem","position":2,"name":"Winkel","item":"https:\/\/simovision.be\/professional\/winkel\/"},{"@type":"ListItem","position":3,"name":"Xephilio OCT-S1"}]},{"@type":"WebSite","@id":"https:\/\/simovision.be\/professional\/#website","url":"https:\/\/simovision.be\/professional\/","name":"Simovision - Professional","description":"","publisher":{"@id":"https:\/\/simovision.be\/professional\/#organization"},"potentialAction":[{"@type":"SearchAction","target":{"@type":"EntryPoint","urlTemplate":"https:\/\/simovision.be\/professional\/?s={search_term_string}"},"query-input":{"@type":"PropertyValueSpecification","valueRequired":true,"valueName":"search_term_string"}}],"inLanguage":"nl-NL"},{"@type":"Organization","@id":"https:\/\/simovision.be\/professional\/#organization","name":"Simovision","url":"https:\/\/simovision.be\/professional\/","logo":{"@type":"ImageObject","inLanguage":"nl-NL","@id":"https:\/\/simovision.be\/professional\/#\/schema\/logo\/image\/","url":"https:\/\/simovision.be\/professional\/wp-content\/uploads\/sites\/2\/2025\/06\/Logo_Simovision_Hilco_Vision_Pantone_7700C-kopie.webp","contentUrl":"https:\/\/simovision.be\/professional\/wp-content\/uploads\/sites\/2\/2025\/06\/Logo_Simovision_Hilco_Vision_Pantone_7700C-kopie.webp","width":2000,"height":1021,"caption":"Simovision"},"image":{"@id":"https:\/\/simovision.be\/professional\/#\/schema\/logo\/image\/"},"sameAs":["https:\/\/www.linkedin.com\/company\/simovision"]}]}},"_links":{"self":[{"href":"https:\/\/simovision.be\/professional\/wp-json\/wp\/v2\/product\/242","targetHints":{"allow":["GET"]}}],"collection":[{"href":"https:\/\/simovision.be\/professional\/wp-json\/wp\/v2\/product"}],"about":[{"href":"https:\/\/simovision.be\/professional\/wp-json\/wp\/v2\/types\/product"}],"wp:featuredmedia":[{"embeddable":true,"href":"https:\/\/simovision.be\/professional\/wp-json\/wp\/v2\/media\/3696"}],"wp:attachment":[{"href":"https:\/\/simovision.be\/professional\/wp-json\/wp\/v2\/media?parent=242"}],"wp:term":[{"taxonomy":"product_brand","embeddable":true,"href":"https:\/\/simovision.be\/professional\/wp-json\/wp\/v2\/product_brand?post=242"},{"taxonomy":"product_cat","embeddable":true,"href":"https:\/\/simovision.be\/professional\/wp-json\/wp\/v2\/product_cat?post=242"},{"taxonomy":"product_tag","embeddable":true,"href":"https:\/\/simovision.be\/professional\/wp-json\/wp\/v2\/product_tag?post=242"}],"curies":[{"name":"wp","href":"https:\/\/api.w.org\/{rel}","templated":true}]}}