{"id":5133,"date":"2025-07-01T13:34:43","date_gmt":"2025-07-01T11:34:43","guid":{"rendered":"https:\/\/simovision.be\/professional\/?page_id=5133"},"modified":"2025-07-02T13:42:38","modified_gmt":"2025-07-02T11:42:38","slug":"home-2","status":"publish","type":"page","link":"https:\/\/simovision.be\/professional\/home-2\/","title":{"rendered":"Home"},"content":{"rendered":"\n\n\t<h3>\n\t\t\t\tJouw oogzorg partner\n\t\t\t<\/h3>\n\t\t\t<a href=\"https:\/\/simovision.be\/professional\/contact\/\" target=\"_self\">\n\t\t\t\t\t\t\tNeem contact met ons op\n\t\t\t<\/a>\n\t\t\t\t<img decoding=\"async\" src=\"https:\/\/simovision.be\/professional\/wp-content\/uploads\/sites\/2\/2025\/07\/banner_simovision_website_geuder_reusable_instruments_nlnl-2.png\" alt=\"Geuder re-usable instrumenten\" height=\"700\" width=\"2000\" title=\"banner_simovision_website_geuder_reusable_instruments_nlnl\" loading='lazy' \/>\n\t<h3>\n\t\t\t\tDe nummer \u00e9\u00e9n expert in\n\t\t\t<\/h3>\n\t<h3>\n\t\t\t\toogheelkundige oplossingen\n\t\t\t<\/h3>\n\t\t\t<p>Sinds 2002 zijn wij d\u00e9 expert in <strong>oogheelkundige oplossingen<\/strong>, speciaal voor professionals zoals <strong>oogartsen<\/strong>, <strong>optometristen<\/strong> en andere <strong>oogzorgbeoefenaars<\/strong>. Met een breed assortiment aan producten en geavanceerde apparatuur helpen we je om de beste zorg te bieden aan jouw pati\u00ebnten. Ons toegewijde team staat altijd klaar met deskundige ondersteuning en service. Ontdek hoe wij jouw praktijk naar een hoger niveau kunnen tillen!\u00a0Wij ondersteunen oogzorgprofessionals in heel de <strong>Benelux<\/strong> met innovatieve apparatuur, chirurgische precisie en doordachte oplossingen voor een beter zicht. Samen zorgen we voor vooruitgang in elke oogbehandeling.<\/p>\t\n\t<ul>\n\t\t<li>\t\t\t\t\n\t\t<h4>Geavanceerde technologie<\/h4><p>Van diagnostiek tot chirurgie: wij leveren de nieuwste innovaties op het gebied van oogheelkunde.<\/p>\n<\/li>\t<\/ul>\n\t<ul>\n\t\t<li>\t\t\t\t\n\t\t<h4>Compleet productgamma<\/h4><p>Een zorgvuldig geselecteerd assortiment voor elke stap in de behandeling &#8211; effici\u00ebnt en betrouwbaar.<\/p>\n<\/li>\t<\/ul>\n\t<ul>\n\t\t<li>\t\t\t\t\n\t\t<h4> Persoonlijke ondersteuning<\/h4><p>Ons team staat altijd klaar met technisch advies, scholing en service op maat.<\/p>\n<\/li>\t<\/ul>\n\t<ul>\n\t\t<li>\t\t\t\t\n\t\t<h4>Kennis en communicatie<\/h4><p>Regelmatige updates, opleidingen en directe lijnen met ons team &#8211; voor een samenwerking die werkt.<\/p>\n<\/li>\t<\/ul>\n\t\t\t\t<img decoding=\"async\" src=\"https:\/\/simovision.be\/professional\/wp-content\/uploads\/sites\/2\/2025\/06\/thumbnail_producten.jpg\" alt=\"Producten\" height=\"667\" width=\"1000\" title=\"thumbnail_producten\" loading='lazy' \/>\n\t\t\t\t<img decoding=\"async\" src=\"https:\/\/simovision.be\/professional\/wp-content\/uploads\/sites\/2\/2025\/06\/thumbnail_apparatuur.jpg\" alt=\"Apparatuur\" height=\"667\" width=\"1000\" title=\"thumbnail_apparatuur\" loading='lazy' \/>\n\t\t\t\t<img decoding=\"async\" src=\"https:\/\/simovision.be\/professional\/wp-content\/uploads\/sites\/2\/2025\/06\/thumbnail_service.jpg\" alt=\"Service\" height=\"667\" width=\"1000\" title=\"thumbnail_service\" loading='lazy' \/>\n\t<h2><strong>Producten<\/strong><\/h2>\n<p>Onze producten omvatten een breed scala aan oogheelkundige benodigdheden, van diagnostische <strong>instrumenten<\/strong> tot <strong>chirurgische tools<\/strong>. We selecteren alleen de beste merken en zorgen ervoor dat je toegang hebt tot de nieuwste innovaties in de oogzorg. Of je nu op zoek bent naar <strong>intraoculaire lenzen<\/strong> of <strong>chirurgische instrumenten<\/strong>, bij Simovision vind je altijd de juiste oplossing.<\/p>\n\t<h2><strong>Apparatuur<\/strong><\/h2>\n<p>Bij Simovision begrijpen we dat betrouwbare en geavanceerde apparatuur <strong>cruciaal<\/strong> is voor een succesvolle <strong>praktijk<\/strong>. Daarom bieden wij een uitgebreide selectie van hoogwaardige oogheelkundige apparaten, van funduscamera&#8217;s en OCT&#8217;s tot refractie-units, lasers, echografen, tomografen, topografen, retinale camera&#8217;s en meer. Onze apparatuur is ontworpen om je te helpen nauwkeurige <strong>diagnoses<\/strong> te stellen en effectieve behandelingen uit te voeren, zodat je de beste zorg kan bieden aan jouw pati\u00ebnten.<\/p>\n\t<h2><strong>Technische dienst<\/strong><\/h2>\n<p>Onze service stopt niet bij de levering van producten en apparatuur. We staan altijd klaar om je te ondersteunen met <strong>technische assistentie<\/strong>, <strong>onderhoud<\/strong> en trainingen. Ons team van experts zorgt ervoor dat jouw apparatuur optimaal blijft functioneren en dat jij up-to-date blijft met de nieuwste ontwikkelingen in de oogzorg. Bij Simovision ben je verzekerd van <strong>persoonlijke<\/strong> en <strong>professionele service<\/strong>.<\/p>\n\t<ul>\n\t\t\t<li>\n\t\t\t<h4>\n\t\t\t\t<a href=\"https:\/\/simovision.be\/professional\/product-categorie\/producten\/\" target=\"_self\" data-hover=\"Lees meer &gt;&gt;\" aria-label=\"Lees meer &gt;&gt;\">Lees meer &gt;&gt;<\/a>\n\t\t\t<\/h4>\n\t\t<\/li>\n\t\t\t\t<\/ul>\n\t<ul>\n\t\t\t<li>\n\t\t\t<h4>\n\t\t\t\t<a href=\"https:\/\/simovision.be\/professional\/product-categorie\/apparatuur\/\" target=\"_self\" data-hover=\"Lees meer &gt;&gt;\" aria-label=\"Lees meer &gt;&gt;\">Lees meer &gt;&gt;<\/a>\n\t\t\t<\/h4>\n\t\t<\/li>\n\t\t\t\t<\/ul>\n\t<ul>\n\t\t\t<li>\n\t\t\t<h4>\n\t\t\t\t<a href=\"https:\/\/simovision.be\/professional\/technische-dienst\/\" target=\"_self\" data-hover=\"Lees meer &gt;&gt;\" aria-label=\"Lees meer &gt;&gt;\">Lees meer &gt;&gt;<\/a>\n\t\t\t<\/h4>\n\t\t<\/li>\n\t\t\t\t<\/ul>\n\t<h2>\n\t\t\t\tIn de kijker\n\t\t\t<\/h2>\n\t\t\t<p>We werken samen met toonaangevende <strong>internationale merken<\/strong> die uitblinken in kwaliteit, <strong>innovatie<\/strong> en <strong>betrouwbaarheid<\/strong>. Van chirurgische apparatuur tot diagnostische- en behandelapparatuur &#8211; wij selecteren enkel partners die dezelfde hoge standaarden hanteren als wij. Samen zorgen we ervoor dat jij het beste uit jouw praktijk kunt halen.<\/p>\t\n\t\t<ul>\n<li>\n\t\t<a href=\"https:\/\/simovision.be\/professional\/product\/dmek\/\"><img decoding=\"async\" width=\"600\" height=\"360\" src=\"https:\/\/simovision.be\/professional\/wp-content\/uploads\/sites\/2\/2025\/06\/00-DMEK-600x360.webp\" alt=\"DMEK\" loading=\"lazy\" \/><\/a>\t\t\t\n\t\t\t\tDMEK instrumentarium\t\t\t\n\t\t\t<a href=\"https:\/\/simovision.be\/professional\/product\/dmek\/\"><h2>DMEK<\/h2><\/a>\n<\/li>\n<li>\n\t\t<a href=\"https:\/\/simovision.be\/professional\/product\/lentis-comfort\/\"><img decoding=\"async\" width=\"600\" height=\"360\" src=\"https:\/\/simovision.be\/professional\/wp-content\/uploads\/sites\/2\/2025\/03\/00-LENTIS-Comfort-01-600x360.webp\" alt=\"LENTIS Comfort\" loading=\"lazy\" \/><\/a>\t\t\t\n\t\t\t\tIntraoculaire lenzen\t\t\t\n\t\t\t<a href=\"https:\/\/simovision.be\/professional\/product\/lentis-comfort\/\"><h2>LENTIS Comfort<\/h2><\/a>\n<\/li>\n<li>\n\t\t<a href=\"https:\/\/simovision.be\/professional\/product\/acunex-vario\/\"><img decoding=\"async\" width=\"600\" height=\"360\" src=\"https:\/\/simovision.be\/professional\/wp-content\/uploads\/sites\/2\/2025\/03\/ACUNEX-Vario-600x360.webp\" alt=\"ACUNEX Vario\" loading=\"lazy\" \/><\/a>\t\t\t\n\t\t\t\tIntraoculaire lenzen\t\t\t\n\t\t\t<a href=\"https:\/\/simovision.be\/professional\/product\/acunex-vario\/\"><h2>ACUNEX Vario<\/h2><\/a>\n<\/li>\n<li>\n\t\t<a href=\"https:\/\/simovision.be\/professional\/product\/premium-cataract-kit\/\"><img decoding=\"async\" width=\"600\" height=\"360\" src=\"https:\/\/simovision.be\/professional\/wp-content\/uploads\/sites\/2\/2025\/03\/TFTE-671F-Premium-post-cataract-kit-600x360.webp\" alt=\"Premium Cataract kit\" loading=\"lazy\" \/><\/a>\t\t\t\n\t\t\t\tPost-Op Brillen &amp; Eyeshields\t\t\t\n\t\t\t<a href=\"https:\/\/simovision.be\/professional\/product\/premium-cataract-kit\/\"><h2>Premium Cataract kit<\/h2><\/a>\n<\/li>\n<li>\n\t\t<a href=\"https:\/\/simovision.be\/professional\/product\/deluxe-refractive-kit\/\"><img decoding=\"async\" width=\"600\" height=\"360\" src=\"https:\/\/simovision.be\/professional\/wp-content\/uploads\/sites\/2\/2025\/03\/TFTE-672K-Deluxe-Refractive-post-op-Kit-600x360.webp\" alt=\"Deluxe Refractive kit\" loading=\"lazy\" \/><\/a>\t\t\t\n\t\t\t\tPost-Op Brillen &amp; Eyeshields\t\t\t\n\t\t\t<a href=\"https:\/\/simovision.be\/professional\/product\/deluxe-refractive-kit\/\"><h2>Deluxe Refractive kit<\/h2><\/a>\n<\/li>\n<li>\n\t\t<a href=\"https:\/\/simovision.be\/professional\/product\/evo-icl\/\"><img decoding=\"async\" width=\"600\" height=\"360\" src=\"https:\/\/simovision.be\/professional\/wp-content\/uploads\/sites\/2\/2025\/03\/EVO_Lens-80-Transparent-600x360.webp\" alt=\"EVO ICL\u2122\" loading=\"lazy\" \/><\/a>\t\t\t\n\t\t\t\tPhake lenzen (ICL)\t\t\t\n\t\t\t<a href=\"https:\/\/simovision.be\/professional\/product\/evo-icl\/\"><h2>EVO ICL\u2122<\/h2><\/a>\n<\/li>\n<li>\n\t\t<a href=\"https:\/\/simovision.be\/professional\/product\/riboflavin-vibex-rapid\/\"><img decoding=\"async\" width=\"600\" height=\"360\" src=\"https:\/\/simovision.be\/professional\/wp-content\/uploads\/sites\/2\/2025\/03\/00-Avedro-Vibex-Rapid-01-600x360.webp\" alt=\"Riboflavin VibeX Rapid\" loading=\"lazy\" \/><\/a>\t\t\t\n\t\t\t\tRiboflavine\t\t\t\n\t\t\t<a href=\"https:\/\/simovision.be\/professional\/product\/riboflavin-vibex-rapid\/\"><h2>Riboflavin VibeX Rapid<\/h2><\/a>\n<\/li>\n<li>\n\t\t<a href=\"https:\/\/simovision.be\/professional\/product\/riboflavin-mediocross-d\/\"><img decoding=\"async\" width=\"600\" height=\"360\" src=\"https:\/\/simovision.be\/professional\/wp-content\/uploads\/sites\/2\/2025\/03\/00-Avedro-MedioCROSS-Riboflavin_D-600x360.webp\" alt=\"Riboflavin MedioCROSS D\" loading=\"lazy\" \/><\/a>\t\t\t\n\t\t\t\tRiboflavine\t\t\t\n\t\t\t<a href=\"https:\/\/simovision.be\/professional\/product\/riboflavin-mediocross-d\/\"><h2>Riboflavin MedioCROSS D<\/h2><\/a>\n<\/li>\n<\/ul>\n\t\t<!--\n\t\t-->\n\t\t\t\t\t\t<a href=\"#\" id=\"uabb-quick-view-close\"><\/a>\n\t\t\t\t<img decoding=\"async\" src=\"https:\/\/simovision.be\/professional\/wp-content\/uploads\/sites\/2\/2025\/06\/banner_meer_info.jpg\" alt=\"Meer info\" height=\"500\" width=\"1000\" title=\"banner_meer_info\" loading='lazy' \/>\n<h2>\n\t\t\tOp de hoogte blijven?\t<\/h2>\n\t<p>Blijf als eerste op de hoogte van nieuwe producten, exclusieve aanbiedingen en handige tips!<\/p>\n<p>Schrijf je nu in voor de nieuwsbrief van Simovision. Het is <strong>volledig gratis<\/strong> en <strong>uitschrijven<\/strong> kan op <strong>elk moment<\/strong>.<\/p>\n\n","protected":false},"excerpt":{"rendered":"<p>Jouw oogzorg partner Neem contact met ons op De nummer \u00e9\u00e9n expert in oogheelkundige oplossingen Sinds 2002 zijn wij d\u00e9 [&hellip;]<\/p>\n","protected":false},"author":2,"featured_media":0,"parent":0,"menu_order":0,"comment_status":"closed","ping_status":"closed","template":"","meta":{"_acf_changed":false,"content-type":"","site-sidebar-layout":"no-sidebar","site-content-layout":"page-builder","ast-site-content-layout":"full-width-container","site-content-style":"unboxed","site-sidebar-style":"unboxed","ast-global-header-display":"","ast-banner-title-visibility":"","ast-main-header-display":"","ast-hfb-above-header-display":"","ast-hfb-below-header-display":"","ast-hfb-mobile-header-display":"","site-post-title":"disabled","ast-breadcrumbs-content":"","ast-featured-img":"disabled","footer-sml-layout":"","theme-transparent-header-meta":"default","adv-header-id-meta":"","stick-header-meta":"default","header-above-stick-meta":"disabled","header-main-stick-meta":"","header-below-stick-meta":"","astra-migrate-meta-layouts":"set","ast-page-background-enabled":"default","ast-page-background-meta":{"desktop":{"background-color":"var(--ast-global-color-4)","background-image":"","background-repeat":"repeat","background-position":"center center","background-size":"auto","background-attachment":"scroll","background-type":"","background-media":"","overlay-type":"","overlay-color":"","overlay-opacity":"","overlay-gradient":""},"tablet":{"background-color":"","background-image":"","background-repeat":"repeat","background-position":"center center","background-size":"auto","background-attachment":"scroll","background-type":"","background-media":"","overlay-type":"","overlay-color":"","overlay-opacity":"","overlay-gradient":""},"mobile":{"background-color":"","background-image":"","background-repeat":"repeat","background-position":"center center","background-size":"auto","background-attachment":"scroll","background-type":"","background-media":"","overlay-type":"","overlay-color":"","overlay-opacity":"","overlay-gradient":""}},"ast-content-background-meta":{"desktop":{"background-color":"var(--ast-global-color-5)","background-image":"","background-repeat":"repeat","background-position":"center center","background-size":"auto","background-attachment":"scroll","background-type":"","background-media":"","overlay-type":"","overlay-color":"","overlay-opacity":"","overlay-gradient":""},"tablet":{"background-color":"var(--ast-global-color-5)","background-image":"","background-repeat":"repeat","background-position":"center center","background-size":"auto","background-attachment":"scroll","background-type":"","background-media":"","overlay-type":"","overlay-color":"","overlay-opacity":"","overlay-gradient":""},"mobile":{"background-color":"var(--ast-global-color-5)","background-image":"","background-repeat":"repeat","background-position":"center center","background-size":"auto","background-attachment":"scroll","background-type":"","background-media":"","overlay-type":"","overlay-color":"","overlay-opacity":"","overlay-gradient":""}},"footnotes":""},"class_list":["post-5133","page","type-page","status-publish","hentry"],"acf":[],"yoast_head":"<!-- This site is optimized with the Yoast SEO plugin v26.3 - https:\/\/yoast.com\/wordpress\/plugins\/seo\/ -->\n<title>Home<\/title>\n<meta name=\"description\" content=\"Sinds 2002 zijn wij d\u00e9 expert in oogheelkundige oplossingen, speciaal voor professionals zoals oogklinieken en optometristen.\" \/>\n<meta name=\"robots\" content=\"index, follow, max-snippet:-1, max-image-preview:large, max-video-preview:-1\" \/>\n<link rel=\"canonical\" href=\"https:\/\/simovision.be\/professional\/home-2\/\" \/>\n<meta property=\"og:locale\" content=\"nl_NL\" \/>\n<meta property=\"og:type\" content=\"article\" \/>\n<meta property=\"og:title\" content=\"Home\" \/>\n<meta property=\"og:description\" content=\"Sinds 2002 zijn wij d\u00e9 expert in oogheelkundige oplossingen, speciaal voor professionals zoals oogklinieken en optometristen.\" \/>\n<meta property=\"og:url\" content=\"https:\/\/simovision.be\/professional\/home-2\/\" \/>\n<meta property=\"og:site_name\" content=\"Simovision - Professional\" \/>\n<meta property=\"article:modified_time\" content=\"2025-07-02T11:42:38+00:00\" \/>\n<meta property=\"og:image\" content=\"https:\/\/simovision.be\/professional\/wp-content\/uploads\/sites\/2\/2025\/07\/banner_simovision_website_geuder_reusable_instruments_nlnl-2.png\" \/>\n<meta name=\"twitter:card\" content=\"summary_large_image\" \/>\n<meta name=\"twitter:label1\" content=\"Geschatte leestijd\" \/>\n\t<meta name=\"twitter:data1\" content=\"9 minuten\" \/>\n<script type=\"application\/ld+json\" class=\"yoast-schema-graph\">{\"@context\":\"https:\/\/schema.org\",\"@graph\":[{\"@type\":\"WebPage\",\"@id\":\"https:\/\/simovision.be\/professional\/home-2\/\",\"url\":\"https:\/\/simovision.be\/professional\/home-2\/\",\"name\":\"Home\",\"isPartOf\":{\"@id\":\"https:\/\/simovision.be\/professional\/#website\"},\"primaryImageOfPage\":{\"@id\":\"https:\/\/simovision.be\/professional\/home-2\/#primaryimage\"},\"image\":{\"@id\":\"https:\/\/simovision.be\/professional\/home-2\/#primaryimage\"},\"thumbnailUrl\":\"https:\/\/simovision.be\/professional\/wp-content\/uploads\/sites\/2\/2025\/07\/banner_simovision_website_geuder_reusable_instruments_nlnl-2.png\",\"datePublished\":\"2025-07-01T11:34:43+00:00\",\"dateModified\":\"2025-07-02T11:42:38+00:00\",\"description\":\"Sinds 2002 zijn wij d\u00e9 expert in oogheelkundige oplossingen, speciaal voor professionals zoals oogklinieken en optometristen.\",\"breadcrumb\":{\"@id\":\"https:\/\/simovision.be\/professional\/home-2\/#breadcrumb\"},\"inLanguage\":\"nl-NL\",\"potentialAction\":[{\"@type\":\"ReadAction\",\"target\":[\"https:\/\/simovision.be\/professional\/home-2\/\"]}]},{\"@type\":\"ImageObject\",\"inLanguage\":\"nl-NL\",\"@id\":\"https:\/\/simovision.be\/professional\/home-2\/#primaryimage\",\"url\":\"https:\/\/simovision.be\/professional\/wp-content\/uploads\/sites\/2\/2025\/07\/banner_simovision_website_geuder_reusable_instruments_nlnl-2.png\",\"contentUrl\":\"https:\/\/simovision.be\/professional\/wp-content\/uploads\/sites\/2\/2025\/07\/banner_simovision_website_geuder_reusable_instruments_nlnl-2.png\",\"width\":2000,\"height\":700,\"caption\":\"Geuder re-usable instrumenten\"},{\"@type\":\"BreadcrumbList\",\"@id\":\"https:\/\/simovision.be\/professional\/home-2\/#breadcrumb\",\"itemListElement\":[{\"@type\":\"ListItem\",\"position\":1,\"name\":\"Home\",\"item\":\"https:\/\/simovision.be\/professional\/\"},{\"@type\":\"ListItem\",\"position\":2,\"name\":\"Home\"}]},{\"@type\":\"WebSite\",\"@id\":\"https:\/\/simovision.be\/professional\/#website\",\"url\":\"https:\/\/simovision.be\/professional\/\",\"name\":\"Simovision - Professional\",\"description\":\"\",\"publisher\":{\"@id\":\"https:\/\/simovision.be\/professional\/#organization\"},\"potentialAction\":[{\"@type\":\"SearchAction\",\"target\":{\"@type\":\"EntryPoint\",\"urlTemplate\":\"https:\/\/simovision.be\/professional\/?s={search_term_string}\"},\"query-input\":{\"@type\":\"PropertyValueSpecification\",\"valueRequired\":true,\"valueName\":\"search_term_string\"}}],\"inLanguage\":\"nl-NL\"},{\"@type\":\"Organization\",\"@id\":\"https:\/\/simovision.be\/professional\/#organization\",\"name\":\"Simovision\",\"url\":\"https:\/\/simovision.be\/professional\/\",\"logo\":{\"@type\":\"ImageObject\",\"inLanguage\":\"nl-NL\",\"@id\":\"https:\/\/simovision.be\/professional\/#\/schema\/logo\/image\/\",\"url\":\"https:\/\/simovision.be\/professional\/wp-content\/uploads\/sites\/2\/2025\/06\/Logo_Simovision_Hilco_Vision_Pantone_7700C-kopie.webp\",\"contentUrl\":\"https:\/\/simovision.be\/professional\/wp-content\/uploads\/sites\/2\/2025\/06\/Logo_Simovision_Hilco_Vision_Pantone_7700C-kopie.webp\",\"width\":2000,\"height\":1021,\"caption\":\"Simovision\"},\"image\":{\"@id\":\"https:\/\/simovision.be\/professional\/#\/schema\/logo\/image\/\"},\"sameAs\":[\"https:\/\/www.linkedin.com\/company\/simovision\"]}]}<\/script>\n<!-- \/ Yoast SEO plugin. -->","yoast_head_json":{"title":"Home","description":"Sinds 2002 zijn wij d\u00e9 expert in oogheelkundige oplossingen, speciaal voor professionals zoals oogklinieken en optometristen.","robots":{"index":"index","follow":"follow","max-snippet":"max-snippet:-1","max-image-preview":"max-image-preview:large","max-video-preview":"max-video-preview:-1"},"canonical":"https:\/\/simovision.be\/professional\/home-2\/","og_locale":"nl_NL","og_type":"article","og_title":"Home","og_description":"Sinds 2002 zijn wij d\u00e9 expert in oogheelkundige oplossingen, speciaal voor professionals zoals oogklinieken en optometristen.","og_url":"https:\/\/simovision.be\/professional\/home-2\/","og_site_name":"Simovision - Professional","article_modified_time":"2025-07-02T11:42:38+00:00","og_image":[{"url":"https:\/\/simovision.be\/professional\/wp-content\/uploads\/sites\/2\/2025\/07\/banner_simovision_website_geuder_reusable_instruments_nlnl-2.png","type":"","width":"","height":""}],"twitter_card":"summary_large_image","twitter_misc":{"Geschatte leestijd":"9 minuten"},"schema":{"@context":"https:\/\/schema.org","@graph":[{"@type":"WebPage","@id":"https:\/\/simovision.be\/professional\/home-2\/","url":"https:\/\/simovision.be\/professional\/home-2\/","name":"Home","isPartOf":{"@id":"https:\/\/simovision.be\/professional\/#website"},"primaryImageOfPage":{"@id":"https:\/\/simovision.be\/professional\/home-2\/#primaryimage"},"image":{"@id":"https:\/\/simovision.be\/professional\/home-2\/#primaryimage"},"thumbnailUrl":"https:\/\/simovision.be\/professional\/wp-content\/uploads\/sites\/2\/2025\/07\/banner_simovision_website_geuder_reusable_instruments_nlnl-2.png","datePublished":"2025-07-01T11:34:43+00:00","dateModified":"2025-07-02T11:42:38+00:00","description":"Sinds 2002 zijn wij d\u00e9 expert in oogheelkundige oplossingen, speciaal voor professionals zoals oogklinieken en optometristen.","breadcrumb":{"@id":"https:\/\/simovision.be\/professional\/home-2\/#breadcrumb"},"inLanguage":"nl-NL","potentialAction":[{"@type":"ReadAction","target":["https:\/\/simovision.be\/professional\/home-2\/"]}]},{"@type":"ImageObject","inLanguage":"nl-NL","@id":"https:\/\/simovision.be\/professional\/home-2\/#primaryimage","url":"https:\/\/simovision.be\/professional\/wp-content\/uploads\/sites\/2\/2025\/07\/banner_simovision_website_geuder_reusable_instruments_nlnl-2.png","contentUrl":"https:\/\/simovision.be\/professional\/wp-content\/uploads\/sites\/2\/2025\/07\/banner_simovision_website_geuder_reusable_instruments_nlnl-2.png","width":2000,"height":700,"caption":"Geuder re-usable instrumenten"},{"@type":"BreadcrumbList","@id":"https:\/\/simovision.be\/professional\/home-2\/#breadcrumb","itemListElement":[{"@type":"ListItem","position":1,"name":"Home","item":"https:\/\/simovision.be\/professional\/"},{"@type":"ListItem","position":2,"name":"Home"}]},{"@type":"WebSite","@id":"https:\/\/simovision.be\/professional\/#website","url":"https:\/\/simovision.be\/professional\/","name":"Simovision - Professional","description":"","publisher":{"@id":"https:\/\/simovision.be\/professional\/#organization"},"potentialAction":[{"@type":"SearchAction","target":{"@type":"EntryPoint","urlTemplate":"https:\/\/simovision.be\/professional\/?s={search_term_string}"},"query-input":{"@type":"PropertyValueSpecification","valueRequired":true,"valueName":"search_term_string"}}],"inLanguage":"nl-NL"},{"@type":"Organization","@id":"https:\/\/simovision.be\/professional\/#organization","name":"Simovision","url":"https:\/\/simovision.be\/professional\/","logo":{"@type":"ImageObject","inLanguage":"nl-NL","@id":"https:\/\/simovision.be\/professional\/#\/schema\/logo\/image\/","url":"https:\/\/simovision.be\/professional\/wp-content\/uploads\/sites\/2\/2025\/06\/Logo_Simovision_Hilco_Vision_Pantone_7700C-kopie.webp","contentUrl":"https:\/\/simovision.be\/professional\/wp-content\/uploads\/sites\/2\/2025\/06\/Logo_Simovision_Hilco_Vision_Pantone_7700C-kopie.webp","width":2000,"height":1021,"caption":"Simovision"},"image":{"@id":"https:\/\/simovision.be\/professional\/#\/schema\/logo\/image\/"},"sameAs":["https:\/\/www.linkedin.com\/company\/simovision"]}]}},"_links":{"self":[{"href":"https:\/\/simovision.be\/professional\/wp-json\/wp\/v2\/pages\/5133","targetHints":{"allow":["GET"]}}],"collection":[{"href":"https:\/\/simovision.be\/professional\/wp-json\/wp\/v2\/pages"}],"about":[{"href":"https:\/\/simovision.be\/professional\/wp-json\/wp\/v2\/types\/page"}],"author":[{"embeddable":true,"href":"https:\/\/simovision.be\/professional\/wp-json\/wp\/v2\/users\/2"}],"replies":[{"embeddable":true,"href":"https:\/\/simovision.be\/professional\/wp-json\/wp\/v2\/comments?post=5133"}],"version-history":[{"count":10,"href":"https:\/\/simovision.be\/professional\/wp-json\/wp\/v2\/pages\/5133\/revisions"}],"predecessor-version":[{"id":5335,"href":"https:\/\/simovision.be\/professional\/wp-json\/wp\/v2\/pages\/5133\/revisions\/5335"}],"wp:attachment":[{"href":"https:\/\/simovision.be\/professional\/wp-json\/wp\/v2\/media?parent=5133"}],"curies":[{"name":"wp","href":"https:\/\/api.w.org\/{rel}","templated":true}]}}