{"id":1075,"date":"2017-09-16T17:44:41","date_gmt":"2017-09-16T17:44:41","guid":{"rendered":"https:\/\/simo.digi-motions.be\/index.php\/home\/"},"modified":"2026-03-19T15:50:02","modified_gmt":"2026-03-19T14:50:02","slug":"home","status":"publish","type":"page","link":"https:\/\/simovision.be\/professional\/","title":{"rendered":"Home"},"content":{"rendered":"\n\n\t<h3>\n\t\t\t\tJouw oogzorg partner\n\t\t\t<\/h3>\n\t\t\t<a href=\"https:\/\/simovision.be\/professional\/contact\/\" target=\"_self\">\n\t\t\t\t\t\t\tNeem contact met ons op\n\t\t\t<\/a>\n\t\t\t\t<a href=\"https:\/\/simovision.be\/professional\/edof-wazig-begrip\/\" target=\"_self\">\n\t\t\t\t<img decoding=\"async\" src=\"https:\/\/simovision.be\/professional\/wp-content\/uploads\/sites\/2\/2026\/03\/banner_simovision_website_edof_compass_benl.jpg\" alt=\"EDoF Kompas\" height=\"700\" width=\"2000\" title=\"banner_simovision_website_edof_compass_benl\" loading=\"lazy\" \/>\n\t\t\t\t<\/a>\n\t<h3>\n\t\t\t\tDe nummer \u00e9\u00e9n expert in\n\t\t\t<\/h3>\n\t<h3>\n\t\t\t\toogheelkundige oplossingen\n\t\t\t<\/h3>\n\t\t\t<p>Sinds 2002 zijn wij d\u00e9 expert in <strong>oogheelkundige oplossingen<\/strong>, speciaal voor professionals zoals <strong>oogartsen<\/strong>, <strong>optometristen<\/strong> en andere <strong>oogzorgbeoefenaars<\/strong>. Met een breed assortiment aan producten en geavanceerde apparatuur helpen we je om de beste zorg te bieden aan jouw pati\u00ebnten. Ons toegewijde team staat altijd klaar met deskundige ondersteuning en service. Ontdek hoe wij jouw praktijk naar een hoger niveau kunnen tillen!\u00a0Wij ondersteunen oogzorgprofessionals in heel de <strong>Benelux<\/strong> met innovatieve apparatuur, chirurgische precisie en doordachte oplossingen voor een beter zicht. Samen zorgen we voor vooruitgang in elke oogbehandeling.<\/p>\t\n\t<ul>\n\t\t<li>\t\t\t\t\n\t\t<h4>Geavanceerde technologie<\/h4><p>Van diagnostiek tot chirurgie: wij leveren de nieuwste innovaties op het gebied van oogheelkunde.<\/p>\n<\/li>\t<\/ul>\n\t<ul>\n\t\t<li>\t\t\t\t\n\t\t<h4>Compleet productgamma<\/h4><p>Een zorgvuldig geselecteerd assortiment voor elke stap in de behandeling &#8211; effici\u00ebnt en betrouwbaar.<\/p>\n<\/li>\t<\/ul>\n\t<ul>\n\t\t<li>\t\t\t\t\n\t\t<h4> Persoonlijke ondersteuning<\/h4><p>Ons team staat altijd klaar met technisch advies, scholing en service op maat.<\/p>\n<\/li>\t<\/ul>\n\t<ul>\n\t\t<li>\t\t\t\t\n\t\t<h4>Kennis en communicatie<\/h4><p>Regelmatige updates, opleidingen en directe lijnen met ons team &#8211; voor een samenwerking die werkt.<\/p>\n<\/li>\t<\/ul>\n\t<h2>\n\t\t\t\tIn de kijker\n\t\t\t<\/h2>\n\t\t\t<p>We werken samen met toonaangevende <strong>internationale merken<\/strong> die uitblinken in kwaliteit, <strong>innovatie<\/strong> en <strong>betrouwbaarheid<\/strong>. Van chirurgische apparatuur tot diagnostische- en behandelapparatuur &#8211; wij selecteren enkel partners die dezelfde hoge standaarden hanteren als wij. Samen zorgen we ervoor dat jij het beste uit jouw praktijk kunt halen.<\/p>\t\n\t\t<ul>\n<li>\n\t\t<a href=\"https:\/\/simovision.be\/professional\/product\/oculus-pentacam-cornea-oct\/\"><img decoding=\"async\" width=\"600\" height=\"360\" src=\"https:\/\/simovision.be\/professional\/wp-content\/uploads\/sites\/2\/2025\/09\/oculus_pentacam_cornea_oct2-600x360.jpg\" alt=\"OCULUS Pentacam Cornea OCT\" loading=\"lazy\" \/><\/a>\t\t\t\n\t\t\t\tApparatuur\t\t\t\n\t\t\t<a href=\"https:\/\/simovision.be\/professional\/product\/oculus-pentacam-cornea-oct\/\"><h2>OCULUS Pentacam Cornea OCT<\/h2><\/a>\n<\/li>\n<li>\n\t\t<a href=\"https:\/\/simovision.be\/professional\/product\/acunex-vario\/\"><img decoding=\"async\" width=\"600\" height=\"360\" src=\"https:\/\/simovision.be\/professional\/wp-content\/uploads\/sites\/2\/2025\/06\/ACUNEX-Vario-600x360.webp\" alt=\"ACUNEX Vario\" loading=\"lazy\" \/><\/a>\t\t\t\n\t\t\t\tIntraoculaire lenzen\t\t\t\n\t\t\t<a href=\"https:\/\/simovision.be\/professional\/product\/acunex-vario\/\"><h2>ACUNEX Vario<\/h2><\/a>\n<\/li>\n<li>\n\t\t<a href=\"https:\/\/simovision.be\/professional\/product\/evo-icl\/\"><img decoding=\"async\" width=\"600\" height=\"360\" src=\"https:\/\/simovision.be\/professional\/wp-content\/uploads\/sites\/2\/2025\/03\/EVO_Lens-80-Transparent-600x360.webp\" alt=\"EVO ICL\u2122\" loading=\"lazy\" \/><\/a>\t\t\t\n\t\t\t\tPhake lenzen (ICL)\t\t\t\n\t\t\t<a href=\"https:\/\/simovision.be\/professional\/product\/evo-icl\/\"><h2>EVO ICL\u2122<\/h2><\/a>\n<\/li>\n<li>\n\t\t<a href=\"https:\/\/simovision.be\/professional\/product\/elon\/\"><img decoding=\"async\" width=\"600\" height=\"360\" src=\"https:\/\/simovision.be\/professional\/wp-content\/uploads\/sites\/2\/2025\/03\/Bi-Flex-ELON-POB-MA-600x360.jpg\" alt=\"Bi-Flex ELON POB-MA\" loading=\"lazy\" \/><\/a>\t\t\t\n\t\t\t\tIntraoculaire lenzen\t\t\t\n\t\t\t<a href=\"https:\/\/simovision.be\/professional\/product\/elon\/\"><h2>Bi-Flex ELON POB-MA<\/h2><\/a>\n<\/li>\n<li>\n\t\t<a href=\"https:\/\/simovision.be\/professional\/product\/xephilio-oct-r1\/\"><img decoding=\"async\" width=\"600\" height=\"360\" src=\"https:\/\/simovision.be\/professional\/wp-content\/uploads\/sites\/2\/2025\/03\/00.-02_OCT-R1-scaled-600x360.png\" alt=\"Xephilio OCT-R1\" loading=\"lazy\" \/><\/a>\t\t\t\n\t\t\t\tOCT\t\t\t\n\t\t\t<a href=\"https:\/\/simovision.be\/professional\/product\/xephilio-oct-r1\/\"><h2>Xephilio OCT-R1<\/h2><\/a>\n<\/li>\n<\/ul>\n\t\t<!--\n\t\t-->\n\t\t\t\t\t\t<a href=\"#\" id=\"uabb-quick-view-close\"><\/a>\n\t\t\t\t<img decoding=\"async\" src=\"https:\/\/simovision.be\/professional\/wp-content\/uploads\/sites\/2\/2025\/06\/banner_meer_info.jpg\" alt=\"Meer info\" height=\"500\" width=\"1000\" title=\"banner_meer_info\" loading=\"lazy\" \/>\n<h2>\n\t\t\tOp de hoogte blijven?\t<\/h2>\n\t<p>Schrijf je nu in voor de nieuwsbrief van Simovision. Het is <strong>volledig gratis<\/strong> en <strong>uitschrijven<\/strong> kan op <strong>elk moment<\/strong>.<\/p>\n\n","protected":false},"excerpt":{"rendered":"<p>Jouw oogzorg partner Neem contact met ons op De nummer \u00e9\u00e9n expert in oogheelkundige oplossingen Sinds 2002 zijn wij d\u00e9 [&hellip;]<\/p>\n","protected":false},"author":1,"featured_media":0,"parent":0,"menu_order":0,"comment_status":"closed","ping_status":"closed","template":"","meta":{"_acf_changed":false,"content-type":"","site-sidebar-layout":"no-sidebar","site-content-layout":"page-builder","ast-site-content-layout":"full-width-container","site-content-style":"unboxed","site-sidebar-style":"unboxed","ast-global-header-display":"","ast-banner-title-visibility":"","ast-main-header-display":"","ast-hfb-above-header-display":"","ast-hfb-below-header-display":"","ast-hfb-mobile-header-display":"","site-post-title":"disabled","ast-breadcrumbs-content":"","ast-featured-img":"disabled","footer-sml-layout":"","theme-transparent-header-meta":"default","adv-header-id-meta":"","stick-header-meta":"default","header-above-stick-meta":"disabled","header-main-stick-meta":"","header-below-stick-meta":"","astra-migrate-meta-layouts":"set","ast-page-background-enabled":"default","ast-page-background-meta":{"desktop":{"background-color":"var(--ast-global-color-4)","background-image":"","background-repeat":"repeat","background-position":"center center","background-size":"auto","background-attachment":"scroll","background-type":"","background-media":"","overlay-type":"","overlay-color":"","overlay-opacity":"","overlay-gradient":""},"tablet":{"background-color":"","background-image":"","background-repeat":"repeat","background-position":"center center","background-size":"auto","background-attachment":"scroll","background-type":"","background-media":"","overlay-type":"","overlay-color":"","overlay-opacity":"","overlay-gradient":""},"mobile":{"background-color":"","background-image":"","background-repeat":"repeat","background-position":"center center","background-size":"auto","background-attachment":"scroll","background-type":"","background-media":"","overlay-type":"","overlay-color":"","overlay-opacity":"","overlay-gradient":""}},"ast-content-background-meta":{"desktop":{"background-color":"var(--ast-global-color-5)","background-image":"","background-repeat":"repeat","background-position":"center center","background-size":"auto","background-attachment":"scroll","background-type":"","background-media":"","overlay-type":"","overlay-color":"","overlay-opacity":"","overlay-gradient":""},"tablet":{"background-color":"var(--ast-global-color-5)","background-image":"","background-repeat":"repeat","background-position":"center center","background-size":"auto","background-attachment":"scroll","background-type":"","background-media":"","overlay-type":"","overlay-color":"","overlay-opacity":"","overlay-gradient":""},"mobile":{"background-color":"var(--ast-global-color-5)","background-image":"","background-repeat":"repeat","background-position":"center center","background-size":"auto","background-attachment":"scroll","background-type":"","background-media":"","overlay-type":"","overlay-color":"","overlay-opacity":"","overlay-gradient":""}},"footnotes":""},"class_list":["post-1075","page","type-page","status-publish","hentry"],"acf":[],"yoast_head":"<!-- This site is optimized with the Yoast SEO plugin v26.3 - https:\/\/yoast.com\/wordpress\/plugins\/seo\/ -->\n<title>Simovision: Jouw partner in oogzorg | Simovision BV<\/title>\n<meta name=\"description\" content=\"Sinds 2002 zijn wij d\u00e9 expert in oogheelkundige oplossingen, speciaal voor professionals zoals oogklinieken en optometristen.\" \/>\n<meta name=\"robots\" content=\"index, follow, max-snippet:-1, max-image-preview:large, max-video-preview:-1\" \/>\n<link rel=\"canonical\" href=\"https:\/\/simovision.be\/professional\/\" \/>\n<meta property=\"og:locale\" content=\"nl_NL\" \/>\n<meta property=\"og:type\" content=\"article\" \/>\n<meta property=\"og:title\" content=\"Simovision: Jouw partner in oogzorg | Simovision BV\" \/>\n<meta property=\"og:description\" content=\"Sinds 2002 zijn wij d\u00e9 expert in oogheelkundige oplossingen, speciaal voor professionals zoals oogklinieken en optometristen.\" \/>\n<meta property=\"og:url\" content=\"https:\/\/simovision.be\/professional\/\" \/>\n<meta property=\"og:site_name\" content=\"Simovision - Professional\" \/>\n<meta property=\"article:modified_time\" content=\"2026-03-19T14:50:02+00:00\" \/>\n<meta property=\"og:image\" content=\"https:\/\/simovision.be\/professional\/wp-content\/uploads\/sites\/2\/2026\/03\/banner_simovision_website_edof_compass_benl.jpg\" \/>\n<meta name=\"twitter:card\" content=\"summary_large_image\" \/>\n<meta name=\"twitter:label1\" content=\"Geschatte leestijd\" \/>\n\t<meta name=\"twitter:data1\" content=\"11 minuten\" \/>\n<script type=\"application\/ld+json\" class=\"yoast-schema-graph\">{\"@context\":\"https:\/\/schema.org\",\"@graph\":[{\"@type\":\"WebPage\",\"@id\":\"https:\/\/simovision.be\/professional\/\",\"url\":\"https:\/\/simovision.be\/professional\/\",\"name\":\"Simovision: Jouw partner in oogzorg | Simovision BV\",\"isPartOf\":{\"@id\":\"https:\/\/simovision.be\/professional\/#website\"},\"primaryImageOfPage\":{\"@id\":\"https:\/\/simovision.be\/professional\/#primaryimage\"},\"image\":{\"@id\":\"https:\/\/simovision.be\/professional\/#primaryimage\"},\"thumbnailUrl\":\"https:\/\/simovision.be\/professional\/wp-content\/uploads\/sites\/2\/2026\/03\/banner_simovision_website_edof_compass_benl.jpg\",\"datePublished\":\"2017-09-16T17:44:41+00:00\",\"dateModified\":\"2026-03-19T14:50:02+00:00\",\"description\":\"Sinds 2002 zijn wij d\u00e9 expert in oogheelkundige oplossingen, speciaal voor professionals zoals oogklinieken en optometristen.\",\"breadcrumb\":{\"@id\":\"https:\/\/simovision.be\/professional\/#breadcrumb\"},\"inLanguage\":\"nl-NL\",\"potentialAction\":[{\"@type\":\"ReadAction\",\"target\":[\"https:\/\/simovision.be\/professional\/\"]}]},{\"@type\":\"ImageObject\",\"inLanguage\":\"nl-NL\",\"@id\":\"https:\/\/simovision.be\/professional\/#primaryimage\",\"url\":\"https:\/\/simovision.be\/professional\/wp-content\/uploads\/sites\/2\/2026\/03\/banner_simovision_website_edof_compass_benl.jpg\",\"contentUrl\":\"https:\/\/simovision.be\/professional\/wp-content\/uploads\/sites\/2\/2026\/03\/banner_simovision_website_edof_compass_benl.jpg\",\"width\":2000,\"height\":700,\"caption\":\"EDoF Kompas\"},{\"@type\":\"BreadcrumbList\",\"@id\":\"https:\/\/simovision.be\/professional\/#breadcrumb\",\"itemListElement\":[{\"@type\":\"ListItem\",\"position\":1,\"name\":\"Home\",\"item\":\"https:\/\/simovision.be\/professional\/\"},{\"@type\":\"ListItem\",\"position\":2,\"name\":\"Home\"}]},{\"@type\":\"WebSite\",\"@id\":\"https:\/\/simovision.be\/professional\/#website\",\"url\":\"https:\/\/simovision.be\/professional\/\",\"name\":\"Simovision - Professional\",\"description\":\"\",\"publisher\":{\"@id\":\"https:\/\/simovision.be\/professional\/#organization\"},\"potentialAction\":[{\"@type\":\"SearchAction\",\"target\":{\"@type\":\"EntryPoint\",\"urlTemplate\":\"https:\/\/simovision.be\/professional\/?s={search_term_string}\"},\"query-input\":{\"@type\":\"PropertyValueSpecification\",\"valueRequired\":true,\"valueName\":\"search_term_string\"}}],\"inLanguage\":\"nl-NL\"},{\"@type\":\"Organization\",\"@id\":\"https:\/\/simovision.be\/professional\/#organization\",\"name\":\"Simovision\",\"url\":\"https:\/\/simovision.be\/professional\/\",\"logo\":{\"@type\":\"ImageObject\",\"inLanguage\":\"nl-NL\",\"@id\":\"https:\/\/simovision.be\/professional\/#\/schema\/logo\/image\/\",\"url\":\"https:\/\/simovision.be\/professional\/wp-content\/uploads\/sites\/2\/2025\/06\/Logo_Simovision_Hilco_Vision_Pantone_7700C-kopie.webp\",\"contentUrl\":\"https:\/\/simovision.be\/professional\/wp-content\/uploads\/sites\/2\/2025\/06\/Logo_Simovision_Hilco_Vision_Pantone_7700C-kopie.webp\",\"width\":2000,\"height\":1021,\"caption\":\"Simovision\"},\"image\":{\"@id\":\"https:\/\/simovision.be\/professional\/#\/schema\/logo\/image\/\"},\"sameAs\":[\"https:\/\/www.linkedin.com\/company\/simovision\"]}]}<\/script>\n<!-- \/ Yoast SEO plugin. -->","yoast_head_json":{"title":"Simovision: Jouw partner in oogzorg | Simovision BV","description":"Sinds 2002 zijn wij d\u00e9 expert in oogheelkundige oplossingen, speciaal voor professionals zoals oogklinieken en optometristen.","robots":{"index":"index","follow":"follow","max-snippet":"max-snippet:-1","max-image-preview":"max-image-preview:large","max-video-preview":"max-video-preview:-1"},"canonical":"https:\/\/simovision.be\/professional\/","og_locale":"nl_NL","og_type":"article","og_title":"Simovision: Jouw partner in oogzorg | Simovision BV","og_description":"Sinds 2002 zijn wij d\u00e9 expert in oogheelkundige oplossingen, speciaal voor professionals zoals oogklinieken en optometristen.","og_url":"https:\/\/simovision.be\/professional\/","og_site_name":"Simovision - Professional","article_modified_time":"2026-03-19T14:50:02+00:00","og_image":[{"url":"https:\/\/simovision.be\/professional\/wp-content\/uploads\/sites\/2\/2026\/03\/banner_simovision_website_edof_compass_benl.jpg","type":"","width":"","height":""}],"twitter_card":"summary_large_image","twitter_misc":{"Geschatte leestijd":"11 minuten"},"schema":{"@context":"https:\/\/schema.org","@graph":[{"@type":"WebPage","@id":"https:\/\/simovision.be\/professional\/","url":"https:\/\/simovision.be\/professional\/","name":"Simovision: Jouw partner in oogzorg | Simovision BV","isPartOf":{"@id":"https:\/\/simovision.be\/professional\/#website"},"primaryImageOfPage":{"@id":"https:\/\/simovision.be\/professional\/#primaryimage"},"image":{"@id":"https:\/\/simovision.be\/professional\/#primaryimage"},"thumbnailUrl":"https:\/\/simovision.be\/professional\/wp-content\/uploads\/sites\/2\/2026\/03\/banner_simovision_website_edof_compass_benl.jpg","datePublished":"2017-09-16T17:44:41+00:00","dateModified":"2026-03-19T14:50:02+00:00","description":"Sinds 2002 zijn wij d\u00e9 expert in oogheelkundige oplossingen, speciaal voor professionals zoals oogklinieken en optometristen.","breadcrumb":{"@id":"https:\/\/simovision.be\/professional\/#breadcrumb"},"inLanguage":"nl-NL","potentialAction":[{"@type":"ReadAction","target":["https:\/\/simovision.be\/professional\/"]}]},{"@type":"ImageObject","inLanguage":"nl-NL","@id":"https:\/\/simovision.be\/professional\/#primaryimage","url":"https:\/\/simovision.be\/professional\/wp-content\/uploads\/sites\/2\/2026\/03\/banner_simovision_website_edof_compass_benl.jpg","contentUrl":"https:\/\/simovision.be\/professional\/wp-content\/uploads\/sites\/2\/2026\/03\/banner_simovision_website_edof_compass_benl.jpg","width":2000,"height":700,"caption":"EDoF Kompas"},{"@type":"BreadcrumbList","@id":"https:\/\/simovision.be\/professional\/#breadcrumb","itemListElement":[{"@type":"ListItem","position":1,"name":"Home","item":"https:\/\/simovision.be\/professional\/"},{"@type":"ListItem","position":2,"name":"Home"}]},{"@type":"WebSite","@id":"https:\/\/simovision.be\/professional\/#website","url":"https:\/\/simovision.be\/professional\/","name":"Simovision - Professional","description":"","publisher":{"@id":"https:\/\/simovision.be\/professional\/#organization"},"potentialAction":[{"@type":"SearchAction","target":{"@type":"EntryPoint","urlTemplate":"https:\/\/simovision.be\/professional\/?s={search_term_string}"},"query-input":{"@type":"PropertyValueSpecification","valueRequired":true,"valueName":"search_term_string"}}],"inLanguage":"nl-NL"},{"@type":"Organization","@id":"https:\/\/simovision.be\/professional\/#organization","name":"Simovision","url":"https:\/\/simovision.be\/professional\/","logo":{"@type":"ImageObject","inLanguage":"nl-NL","@id":"https:\/\/simovision.be\/professional\/#\/schema\/logo\/image\/","url":"https:\/\/simovision.be\/professional\/wp-content\/uploads\/sites\/2\/2025\/06\/Logo_Simovision_Hilco_Vision_Pantone_7700C-kopie.webp","contentUrl":"https:\/\/simovision.be\/professional\/wp-content\/uploads\/sites\/2\/2025\/06\/Logo_Simovision_Hilco_Vision_Pantone_7700C-kopie.webp","width":2000,"height":1021,"caption":"Simovision"},"image":{"@id":"https:\/\/simovision.be\/professional\/#\/schema\/logo\/image\/"},"sameAs":["https:\/\/www.linkedin.com\/company\/simovision"]}]}},"_links":{"self":[{"href":"https:\/\/simovision.be\/professional\/wp-json\/wp\/v2\/pages\/1075","targetHints":{"allow":["GET"]}}],"collection":[{"href":"https:\/\/simovision.be\/professional\/wp-json\/wp\/v2\/pages"}],"about":[{"href":"https:\/\/simovision.be\/professional\/wp-json\/wp\/v2\/types\/page"}],"author":[{"embeddable":true,"href":"https:\/\/simovision.be\/professional\/wp-json\/wp\/v2\/users\/1"}],"replies":[{"embeddable":true,"href":"https:\/\/simovision.be\/professional\/wp-json\/wp\/v2\/comments?post=1075"}],"version-history":[{"count":91,"href":"https:\/\/simovision.be\/professional\/wp-json\/wp\/v2\/pages\/1075\/revisions"}],"predecessor-version":[{"id":7205,"href":"https:\/\/simovision.be\/professional\/wp-json\/wp\/v2\/pages\/1075\/revisions\/7205"}],"wp:attachment":[{"href":"https:\/\/simovision.be\/professional\/wp-json\/wp\/v2\/media?parent=1075"}],"curies":[{"name":"wp","href":"https:\/\/api.w.org\/{rel}","templated":true}]}}