{"id":7072,"date":"2026-01-13T14:44:30","date_gmt":"2026-01-13T13:44:30","guid":{"rendered":"https:\/\/simovision.be\/professional\/product\/oculus-c-quant\/"},"modified":"2026-01-13T15:53:15","modified_gmt":"2026-01-13T14:53:15","slug":"oculus-c-quant","status":"publish","type":"product","link":"https:\/\/simovision.be\/professional\/fr\/produit\/oculus-c-quant\/","title":{"rendered":"OCULUS C-Quant"},"content":{"rendered":"<h3><strong>Avantages<\/strong><\/h3>\n<ul>\n<li>Le C-Quant est <strong>pilot\u00e9 par ordinateur<\/strong>, ce qui permet d\u2019enregistrer les donn\u00e9es et les r\u00e9sultats des examens.<\/li>\n<li>Les <strong>examens<\/strong> sont r\u00e9alis\u00e9s de mani\u00e8re <strong>monoculaire<\/strong>.<\/li>\n<li>L\u2019<strong>angle d\u2019inclinaison<\/strong> de l\u2019appareil peut \u00eatre <strong>ajust\u00e9<\/strong> en fonction des besoins du patient.<\/li>\n<\/ul>\n<h4>Pr\u00e9sentation des r\u00e9sultats<\/h4>\n<ul>\n<li><strong>Valeur absolue<\/strong> du <strong>voile lumineux<\/strong> sous forme de logarithme(s)<\/li>\n<li><strong>Repr\u00e9sentation graphique<\/strong> du voile lumineux par rapport \u00e0 un temps d\u2019examen normal li\u00e9 \u00e0 l\u2019\u00e2ge<\/li>\n<li>\u00c9cart-type des points de mesure individuels (Esd)<\/li>\n<li><strong>Coefficient de fiabilit\u00e9<\/strong> (Q)<\/li>\n<li>Impression des r\u00e9sultats possible<\/li>\n<\/ul>\n<h4>Cause<\/h4>\n<p>Une <strong>augmentation<\/strong> du <strong>voile lumineux intraoculaire<\/strong> est presque toujours caus\u00e9e par une <strong>cataracte<\/strong> du cristallin, mais elle peut \u00e9galement r\u00e9sulter de <strong>probl\u00e8mes<\/strong> de la <strong>corn\u00e9e<\/strong>, par exemple apr\u00e8s une <strong>chirurgie r\u00e9fractive<\/strong>. En r\u00e9sum\u00e9, une augmentation du voile lumineux <strong>r\u00e9duit l\u2019acuit\u00e9 visuelle<\/strong> et, par cons\u00e9quent, la qualit\u00e9 de vie.<\/p>\n<h4>Examen<\/h4>\n<p>L\u2019examen avec le C-Quant dure environ <strong>1 \u00e0 2 minutes maximum par \u0153il<\/strong> et est sp\u00e9cialement con\u00e7u pour:<\/p>\n<ul>\n<li><span style=\"font-size: 16px\">les patients \u00e2g\u00e9s;<\/span><\/li>\n<li>les patients pr\u00e9sentant une diminution de l\u2019acuit\u00e9 visuelle.<\/li>\n<\/ul>\n","protected":false},"excerpt":{"rendered":"<h3><strong>Diffusiom\u00e8tre pour la quantification de la diffusion lumineuse dans l\u2019\u0153il<\/strong><\/h3>\n<p>Le C-Quant permet de mesurer de mani\u00e8re individuelle et fiable la <strong>quantit\u00e9<\/strong> de <strong>lumi\u00e8re diffus\u00e9e<\/strong> dans l\u2019\u0153il humain. L\u2019effet d\u2019une augmentation de la diffusion lumineuse dans l\u2019\u0153il humain est comparable \u00e0 une vision \u00e0 travers un pare-brise sale.<\/p>\n","protected":false},"featured_media":7074,"template":"","meta":{"_acf_changed":false,"content-type":"","site-sidebar-layout":"default","site-content-layout":"","ast-site-content-layout":"default","site-content-style":"default","site-sidebar-style":"default","ast-global-header-display":"","ast-banner-title-visibility":"","ast-main-header-display":"","ast-hfb-above-header-display":"","ast-hfb-below-header-display":"","ast-hfb-mobile-header-display":"","site-post-title":"","ast-breadcrumbs-content":"","ast-featured-img":"","footer-sml-layout":"","theme-transparent-header-meta":"default","adv-header-id-meta":"","stick-header-meta":"default","header-above-stick-meta":"","header-main-stick-meta":"","header-below-stick-meta":"","astra-migrate-meta-layouts":"set","ast-page-background-enabled":"default","ast-page-background-meta":{"desktop":{"background-color":"var(--ast-global-color-4)","background-image":"","background-repeat":"repeat","background-position":"center center","background-size":"auto","background-attachment":"scroll","background-type":"","background-media":"","overlay-type":"","overlay-color":"","overlay-opacity":"","overlay-gradient":""},"tablet":{"background-color":"","background-image":"","background-repeat":"repeat","background-position":"center center","background-size":"auto","background-attachment":"scroll","background-type":"","background-media":"","overlay-type":"","overlay-color":"","overlay-opacity":"","overlay-gradient":""},"mobile":{"background-color":"","background-image":"","background-repeat":"repeat","background-position":"center center","background-size":"auto","background-attachment":"scroll","background-type":"","background-media":"","overlay-type":"","overlay-color":"","overlay-opacity":"","overlay-gradient":""}},"ast-content-background-meta":{"desktop":{"background-color":"var(--ast-global-color-5)","background-image":"","background-repeat":"repeat","background-position":"center center","background-size":"auto","background-attachment":"scroll","background-type":"","background-media":"","overlay-type":"","overlay-color":"","overlay-opacity":"","overlay-gradient":""},"tablet":{"background-color":"var(--ast-global-color-5)","background-image":"","background-repeat":"repeat","background-position":"center center","background-size":"auto","background-attachment":"scroll","background-type":"","background-media":"","overlay-type":"","overlay-color":"","overlay-opacity":"","overlay-gradient":""},"mobile":{"background-color":"var(--ast-global-color-5)","background-image":"","background-repeat":"repeat","background-position":"center center","background-size":"auto","background-attachment":"scroll","background-type":"","background-media":"","overlay-type":"","overlay-color":"","overlay-opacity":"","overlay-gradient":""}}},"product_brand":[],"product_cat":[122,9709],"product_tag":[],"class_list":{"0":"post-7072","1":"product","2":"type-product","3":"status-publish","4":"has-post-thumbnail","6":"product_cat-equipement","7":"product_cat-diffusiometre","8":"desktop-align-left","9":"tablet-align-left","10":"mobile-align-left","11":"ast-product-gallery-layout-first-image-large","12":"ast-product-tabs-layout-horizontal","14":"first","15":"instock","16":"shipping-taxable","17":"product-type-simple"},"acf":[],"yoast_head":"<!-- This site is optimized with the Yoast SEO plugin v26.3 - https:\/\/yoast.com\/wordpress\/plugins\/seo\/ -->\n<title>OCULUS C-Quant - Simovision - Professional<\/title>\n<meta name=\"robots\" content=\"index, follow, max-snippet:-1, max-image-preview:large, max-video-preview:-1\" \/>\n<link rel=\"canonical\" href=\"https:\/\/simovision.be\/professional\/fr\/produit\/oculus-c-quant\/\" \/>\n<meta property=\"og:locale\" content=\"fr_FR\" \/>\n<meta property=\"og:type\" content=\"article\" \/>\n<meta property=\"og:title\" content=\"OCULUS C-Quant - Simovision - Professional\" \/>\n<meta property=\"og:description\" content=\"Diffusiom\u00e8tre pour la quantification de la diffusion lumineuse dans l\u2019\u0153il Le C-Quant permet de mesurer de mani\u00e8re individuelle et fiable la quantit\u00e9 de lumi\u00e8re diffus\u00e9e dans l\u2019\u0153il humain. L\u2019effet d\u2019une augmentation de la diffusion lumineuse dans l\u2019\u0153il humain est comparable \u00e0 une vision \u00e0 travers un pare-brise sale.\" \/>\n<meta property=\"og:url\" content=\"https:\/\/simovision.be\/professional\/fr\/produit\/oculus-c-quant\/\" \/>\n<meta property=\"og:site_name\" content=\"Simovision - Professional\" \/>\n<meta property=\"article:modified_time\" content=\"2026-01-13T14:53:15+00:00\" \/>\n<meta property=\"og:image\" content=\"https:\/\/simovision.be\/professional\/wp-content\/uploads\/sites\/2\/2026\/01\/oculus_c-quant_01.jpg\" \/>\n\t<meta property=\"og:image:width\" content=\"1000\" \/>\n\t<meta property=\"og:image:height\" content=\"666\" \/>\n\t<meta property=\"og:image:type\" content=\"image\/jpeg\" \/>\n<meta name=\"twitter:card\" content=\"summary_large_image\" \/>\n<meta name=\"twitter:label1\" content=\"Dur\u00e9e de lecture estim\u00e9e\" \/>\n\t<meta name=\"twitter:data1\" content=\"1 minute\" \/>\n<script type=\"application\/ld+json\" class=\"yoast-schema-graph\">{\"@context\":\"https:\/\/schema.org\",\"@graph\":[{\"@type\":\"WebPage\",\"@id\":\"https:\/\/simovision.be\/professional\/fr\/produit\/oculus-c-quant\/\",\"url\":\"https:\/\/simovision.be\/professional\/fr\/produit\/oculus-c-quant\/\",\"name\":\"OCULUS C-Quant - Simovision - Professional\",\"isPartOf\":{\"@id\":\"https:\/\/simovision.be\/professional\/fr\/#website\"},\"primaryImageOfPage\":{\"@id\":\"https:\/\/simovision.be\/professional\/fr\/produit\/oculus-c-quant\/#primaryimage\"},\"image\":{\"@id\":\"https:\/\/simovision.be\/professional\/fr\/produit\/oculus-c-quant\/#primaryimage\"},\"thumbnailUrl\":\"https:\/\/simovision.be\/professional\/wp-content\/uploads\/sites\/2\/2026\/01\/oculus_c-quant_01.jpg\",\"datePublished\":\"2026-01-13T13:44:30+00:00\",\"dateModified\":\"2026-01-13T14:53:15+00:00\",\"breadcrumb\":{\"@id\":\"https:\/\/simovision.be\/professional\/fr\/produit\/oculus-c-quant\/#breadcrumb\"},\"inLanguage\":\"fr-FR\",\"potentialAction\":[{\"@type\":\"ReadAction\",\"target\":[\"https:\/\/simovision.be\/professional\/fr\/produit\/oculus-c-quant\/\"]}]},{\"@type\":\"ImageObject\",\"inLanguage\":\"fr-FR\",\"@id\":\"https:\/\/simovision.be\/professional\/fr\/produit\/oculus-c-quant\/#primaryimage\",\"url\":\"https:\/\/simovision.be\/professional\/wp-content\/uploads\/sites\/2\/2026\/01\/oculus_c-quant_01.jpg\",\"contentUrl\":\"https:\/\/simovision.be\/professional\/wp-content\/uploads\/sites\/2\/2026\/01\/oculus_c-quant_01.jpg\",\"width\":1000,\"height\":666,\"caption\":\"OCULUS C-Quant\"},{\"@type\":\"BreadcrumbList\",\"@id\":\"https:\/\/simovision.be\/professional\/fr\/produit\/oculus-c-quant\/#breadcrumb\",\"itemListElement\":[{\"@type\":\"ListItem\",\"position\":1,\"name\":\"Home\",\"item\":\"https:\/\/simovision.be\/professional\/fr\/\"},{\"@type\":\"ListItem\",\"position\":2,\"name\":\"Boutique\",\"item\":\"https:\/\/simovision.be\/professional\/winkel\/\"},{\"@type\":\"ListItem\",\"position\":3,\"name\":\"OCULUS C-Quant\"}]},{\"@type\":\"WebSite\",\"@id\":\"https:\/\/simovision.be\/professional\/fr\/#website\",\"url\":\"https:\/\/simovision.be\/professional\/fr\/\",\"name\":\"Simovision - Professional\",\"description\":\"\",\"publisher\":{\"@id\":\"https:\/\/simovision.be\/professional\/fr\/#organization\"},\"potentialAction\":[{\"@type\":\"SearchAction\",\"target\":{\"@type\":\"EntryPoint\",\"urlTemplate\":\"https:\/\/simovision.be\/professional\/fr\/?s={search_term_string}\"},\"query-input\":{\"@type\":\"PropertyValueSpecification\",\"valueRequired\":true,\"valueName\":\"search_term_string\"}}],\"inLanguage\":\"fr-FR\"},{\"@type\":\"Organization\",\"@id\":\"https:\/\/simovision.be\/professional\/fr\/#organization\",\"name\":\"Simovision\",\"url\":\"https:\/\/simovision.be\/professional\/fr\/\",\"logo\":{\"@type\":\"ImageObject\",\"inLanguage\":\"fr-FR\",\"@id\":\"https:\/\/simovision.be\/professional\/fr\/#\/schema\/logo\/image\/\",\"url\":\"https:\/\/simovision.be\/professional\/wp-content\/uploads\/sites\/2\/2025\/06\/Logo_Simovision_Hilco_Vision_Pantone_7700C-kopie.webp\",\"contentUrl\":\"https:\/\/simovision.be\/professional\/wp-content\/uploads\/sites\/2\/2025\/06\/Logo_Simovision_Hilco_Vision_Pantone_7700C-kopie.webp\",\"width\":2000,\"height\":1021,\"caption\":\"Simovision\"},\"image\":{\"@id\":\"https:\/\/simovision.be\/professional\/fr\/#\/schema\/logo\/image\/\"},\"sameAs\":[\"https:\/\/www.linkedin.com\/company\/simovision\"]}]}<\/script>\n<!-- \/ Yoast SEO plugin. -->","yoast_head_json":{"title":"OCULUS C-Quant - Simovision - Professional","robots":{"index":"index","follow":"follow","max-snippet":"max-snippet:-1","max-image-preview":"max-image-preview:large","max-video-preview":"max-video-preview:-1"},"canonical":"https:\/\/simovision.be\/professional\/fr\/produit\/oculus-c-quant\/","og_locale":"fr_FR","og_type":"article","og_title":"OCULUS C-Quant - Simovision - Professional","og_description":"Diffusiom\u00e8tre pour la quantification de la diffusion lumineuse dans l\u2019\u0153il Le C-Quant permet de mesurer de mani\u00e8re individuelle et fiable la quantit\u00e9 de lumi\u00e8re diffus\u00e9e dans l\u2019\u0153il humain. L\u2019effet d\u2019une augmentation de la diffusion lumineuse dans l\u2019\u0153il humain est comparable \u00e0 une vision \u00e0 travers un pare-brise sale.","og_url":"https:\/\/simovision.be\/professional\/fr\/produit\/oculus-c-quant\/","og_site_name":"Simovision - Professional","article_modified_time":"2026-01-13T14:53:15+00:00","og_image":[{"width":1000,"height":666,"url":"https:\/\/simovision.be\/professional\/wp-content\/uploads\/sites\/2\/2026\/01\/oculus_c-quant_01.jpg","type":"image\/jpeg"}],"twitter_card":"summary_large_image","twitter_misc":{"Dur\u00e9e de lecture estim\u00e9e":"1 minute"},"schema":{"@context":"https:\/\/schema.org","@graph":[{"@type":"WebPage","@id":"https:\/\/simovision.be\/professional\/fr\/produit\/oculus-c-quant\/","url":"https:\/\/simovision.be\/professional\/fr\/produit\/oculus-c-quant\/","name":"OCULUS C-Quant - Simovision - Professional","isPartOf":{"@id":"https:\/\/simovision.be\/professional\/fr\/#website"},"primaryImageOfPage":{"@id":"https:\/\/simovision.be\/professional\/fr\/produit\/oculus-c-quant\/#primaryimage"},"image":{"@id":"https:\/\/simovision.be\/professional\/fr\/produit\/oculus-c-quant\/#primaryimage"},"thumbnailUrl":"https:\/\/simovision.be\/professional\/wp-content\/uploads\/sites\/2\/2026\/01\/oculus_c-quant_01.jpg","datePublished":"2026-01-13T13:44:30+00:00","dateModified":"2026-01-13T14:53:15+00:00","breadcrumb":{"@id":"https:\/\/simovision.be\/professional\/fr\/produit\/oculus-c-quant\/#breadcrumb"},"inLanguage":"fr-FR","potentialAction":[{"@type":"ReadAction","target":["https:\/\/simovision.be\/professional\/fr\/produit\/oculus-c-quant\/"]}]},{"@type":"ImageObject","inLanguage":"fr-FR","@id":"https:\/\/simovision.be\/professional\/fr\/produit\/oculus-c-quant\/#primaryimage","url":"https:\/\/simovision.be\/professional\/wp-content\/uploads\/sites\/2\/2026\/01\/oculus_c-quant_01.jpg","contentUrl":"https:\/\/simovision.be\/professional\/wp-content\/uploads\/sites\/2\/2026\/01\/oculus_c-quant_01.jpg","width":1000,"height":666,"caption":"OCULUS C-Quant"},{"@type":"BreadcrumbList","@id":"https:\/\/simovision.be\/professional\/fr\/produit\/oculus-c-quant\/#breadcrumb","itemListElement":[{"@type":"ListItem","position":1,"name":"Home","item":"https:\/\/simovision.be\/professional\/fr\/"},{"@type":"ListItem","position":2,"name":"Boutique","item":"https:\/\/simovision.be\/professional\/winkel\/"},{"@type":"ListItem","position":3,"name":"OCULUS C-Quant"}]},{"@type":"WebSite","@id":"https:\/\/simovision.be\/professional\/fr\/#website","url":"https:\/\/simovision.be\/professional\/fr\/","name":"Simovision - Professional","description":"","publisher":{"@id":"https:\/\/simovision.be\/professional\/fr\/#organization"},"potentialAction":[{"@type":"SearchAction","target":{"@type":"EntryPoint","urlTemplate":"https:\/\/simovision.be\/professional\/fr\/?s={search_term_string}"},"query-input":{"@type":"PropertyValueSpecification","valueRequired":true,"valueName":"search_term_string"}}],"inLanguage":"fr-FR"},{"@type":"Organization","@id":"https:\/\/simovision.be\/professional\/fr\/#organization","name":"Simovision","url":"https:\/\/simovision.be\/professional\/fr\/","logo":{"@type":"ImageObject","inLanguage":"fr-FR","@id":"https:\/\/simovision.be\/professional\/fr\/#\/schema\/logo\/image\/","url":"https:\/\/simovision.be\/professional\/wp-content\/uploads\/sites\/2\/2025\/06\/Logo_Simovision_Hilco_Vision_Pantone_7700C-kopie.webp","contentUrl":"https:\/\/simovision.be\/professional\/wp-content\/uploads\/sites\/2\/2025\/06\/Logo_Simovision_Hilco_Vision_Pantone_7700C-kopie.webp","width":2000,"height":1021,"caption":"Simovision"},"image":{"@id":"https:\/\/simovision.be\/professional\/fr\/#\/schema\/logo\/image\/"},"sameAs":["https:\/\/www.linkedin.com\/company\/simovision"]}]}},"_links":{"self":[{"href":"https:\/\/simovision.be\/professional\/fr\/wp-json\/wp\/v2\/product\/7072","targetHints":{"allow":["GET"]}}],"collection":[{"href":"https:\/\/simovision.be\/professional\/fr\/wp-json\/wp\/v2\/product"}],"about":[{"href":"https:\/\/simovision.be\/professional\/fr\/wp-json\/wp\/v2\/types\/product"}],"wp:featuredmedia":[{"embeddable":true,"href":"https:\/\/simovision.be\/professional\/fr\/wp-json\/wp\/v2\/media\/7074"}],"wp:attachment":[{"href":"https:\/\/simovision.be\/professional\/fr\/wp-json\/wp\/v2\/media?parent=7072"}],"wp:term":[{"taxonomy":"product_brand","embeddable":true,"href":"https:\/\/simovision.be\/professional\/fr\/wp-json\/wp\/v2\/product_brand?post=7072"},{"taxonomy":"product_cat","embeddable":true,"href":"https:\/\/simovision.be\/professional\/fr\/wp-json\/wp\/v2\/product_cat?post=7072"},{"taxonomy":"product_tag","embeddable":true,"href":"https:\/\/simovision.be\/professional\/fr\/wp-json\/wp\/v2\/product_tag?post=7072"}],"curies":[{"name":"wp","href":"https:\/\/api.w.org\/{rel}","templated":true}]}}