{"id":7048,"date":"2026-01-13T09:55:06","date_gmt":"2026-01-13T08:55:06","guid":{"rendered":"https:\/\/simovision.be\/professional\/product\/visiotis-progress\/"},"modified":"2026-03-19T12:13:59","modified_gmt":"2026-03-19T11:13:59","slug":"visiotis-progress","status":"publish","type":"product","link":"https:\/\/simovision.be\/professional\/fr\/produit\/visiotis-progress\/","title":{"rendered":"VISIOTIS Progress"},"content":{"rendered":"<h3><strong>Conception haptique \u00e9prouv\u00e9e<\/strong><\/h3>\n<ul>\n<li>Tr\u00e8s bonne fixation dans le sac capsulaire<\/li>\n<li>R\u00e9sultats cliniques fiables pour les patients<\/li>\n<li>Excellente centration et stabilit\u00e9<\/li>\n<\/ul>\n<h4>Atouts en un coup d\u2019oeil<\/h4>\n<ul>\n<li>Traitement de la cataracte, de la presbytie et de l\u2019astigmatisme<\/li>\n<li>Am\u00e9lioration de l\u2019acuit\u00e9 visuelle, y compris la vision interm\u00e9diaire<\/li>\n<li><strong>Conception optique r\u00e9fractive asym\u00e9trique<\/strong> avec grande zone optique pour la vision de loin<\/li>\n<li><strong>Minimisation<\/strong> des <strong>dysphotopsies<\/strong> gr\u00e2ce \u00e0 une <strong>conception segmentaire r\u00e9fractive unique<\/strong><\/li>\n<li>Ind\u00e9pendance accrue vis-\u00e0-vis des lunettes<\/li>\n<\/ul>\n","protected":false},"excerpt":{"rendered":"<p><img loading=\"lazy\" decoding=\"async\" class=\"alignnone size-full wp-image-7057\" src=\"https:\/\/simovision.be\/professional\/wp-content\/uploads\/sites\/2\/2026\/01\/logo_iolexpert.jpg\" alt=\"IOL Expert\" width=\"187\" height=\"40\" srcset=\"https:\/\/simovision.be\/professional\/wp-content\/uploads\/sites\/2\/2026\/01\/logo_iolexpert.jpg 187w, https:\/\/simovision.be\/professional\/wp-content\/uploads\/sites\/2\/2026\/01\/logo_iolexpert-64x14.jpg 64w\" sizes=\"auto, (max-width: 187px) 100vw, 187px\" \/><\/p>\n<h3><strong>LIO premium pour le traitement de la cataracte, de la presbytie<\/strong><br \/>\n<strong>et de l\u2019astigmatisme<\/strong><\/h3>\n<ul>\n<li>Variante de LENTIS<sup>\u00ae<\/sup> Comfort avec <strong>addition de +2.00D<\/strong>!<\/li>\n<li><strong>Grande zone optique asph\u00e9rique<\/strong> pour la vision de loin avec utilisation maximale de la lumi\u00e8re (&gt;95 %).<\/li>\n<li><strong>Segment \u00e0 effet visuel progressif<\/strong> gr\u00e2ce \u00e0 une <strong>addition varifocale (2.00D)<\/strong>, offrant une <strong>excellente vision<\/strong> s\u2019\u00e9tendant jusqu\u2019aux distances <strong>interm\u00e9diaires et proches<\/strong>.<\/li>\n<li>Transitions optiques fluides afin d\u2019\u00e9viter les dysphotopsies, pour une qualit\u00e9 d\u2019image et une perception des couleurs naturelles.<\/li>\n<\/ul>\n","protected":false},"featured_media":7222,"template":"","meta":{"_acf_changed":false,"content-type":"","site-sidebar-layout":"default","site-content-layout":"","ast-site-content-layout":"default","site-content-style":"default","site-sidebar-style":"default","ast-global-header-display":"","ast-banner-title-visibility":"","ast-main-header-display":"","ast-hfb-above-header-display":"","ast-hfb-below-header-display":"","ast-hfb-mobile-header-display":"","site-post-title":"","ast-breadcrumbs-content":"","ast-featured-img":"","footer-sml-layout":"","theme-transparent-header-meta":"default","adv-header-id-meta":"","stick-header-meta":"default","header-above-stick-meta":"","header-main-stick-meta":"","header-below-stick-meta":"","astra-migrate-meta-layouts":"set","ast-page-background-enabled":"default","ast-page-background-meta":{"desktop":{"background-color":"var(--ast-global-color-4)","background-image":"","background-repeat":"repeat","background-position":"center center","background-size":"auto","background-attachment":"scroll","background-type":"","background-media":"","overlay-type":"","overlay-color":"","overlay-opacity":"","overlay-gradient":""},"tablet":{"background-color":"","background-image":"","background-repeat":"repeat","background-position":"center center","background-size":"auto","background-attachment":"scroll","background-type":"","background-media":"","overlay-type":"","overlay-color":"","overlay-opacity":"","overlay-gradient":""},"mobile":{"background-color":"","background-image":"","background-repeat":"repeat","background-position":"center center","background-size":"auto","background-attachment":"scroll","background-type":"","background-media":"","overlay-type":"","overlay-color":"","overlay-opacity":"","overlay-gradient":""}},"ast-content-background-meta":{"desktop":{"background-color":"var(--ast-global-color-5)","background-image":"","background-repeat":"repeat","background-position":"center center","background-size":"auto","background-attachment":"scroll","background-type":"","background-media":"","overlay-type":"","overlay-color":"","overlay-opacity":"","overlay-gradient":""},"tablet":{"background-color":"var(--ast-global-color-5)","background-image":"","background-repeat":"repeat","background-position":"center center","background-size":"auto","background-attachment":"scroll","background-type":"","background-media":"","overlay-type":"","overlay-color":"","overlay-opacity":"","overlay-gradient":""},"mobile":{"background-color":"var(--ast-global-color-5)","background-image":"","background-repeat":"repeat","background-position":"center center","background-size":"auto","background-attachment":"scroll","background-type":"","background-media":"","overlay-type":"","overlay-color":"","overlay-opacity":"","overlay-gradient":""}}},"product_brand":[],"product_cat":[119,121],"product_tag":[],"class_list":{"0":"post-7048","1":"product","2":"type-product","3":"status-publish","4":"has-post-thumbnail","6":"product_cat-produits","7":"product_cat-lentilles-intraoculaires","8":"desktop-align-left","9":"tablet-align-left","10":"mobile-align-left","11":"ast-product-gallery-layout-first-image-large","12":"ast-product-tabs-layout-horizontal","14":"first","15":"instock","16":"shipping-taxable","17":"product-type-simple"},"acf":[],"yoast_head":"<!-- This site is optimized with the Yoast SEO plugin v26.3 - https:\/\/yoast.com\/wordpress\/plugins\/seo\/ -->\n<title>VISIOTIS Progress - Simovision - Professional<\/title>\n<meta name=\"robots\" content=\"index, follow, max-snippet:-1, max-image-preview:large, max-video-preview:-1\" \/>\n<link rel=\"canonical\" href=\"https:\/\/simovision.be\/professional\/fr\/produit\/visiotis-progress\/\" \/>\n<meta property=\"og:locale\" content=\"fr_FR\" \/>\n<meta property=\"og:type\" content=\"article\" \/>\n<meta property=\"og:title\" content=\"VISIOTIS Progress - Simovision - Professional\" \/>\n<meta property=\"og:description\" content=\"LIO premium pour le traitement de la cataracte, de la presbytie et de l\u2019astigmatisme   Variante de LENTIS\u00ae Comfort avec addition de +2.00D!  Grande zone optique asph\u00e9rique pour la vision de loin avec utilisation maximale de la lumi\u00e8re (&gt;95 %).  Segment \u00e0 effet visuel progressif gr\u00e2ce \u00e0 une addition varifocale (2.00D), offrant une excellente vision s\u2019\u00e9tendant jusqu\u2019aux distances interm\u00e9diaires et proches.  Transitions optiques fluides afin d\u2019\u00e9viter les dysphotopsies, pour une qualit\u00e9 d\u2019image et une perception des couleurs naturelles.\" \/>\n<meta property=\"og:url\" content=\"https:\/\/simovision.be\/professional\/fr\/produit\/visiotis-progress\/\" \/>\n<meta property=\"og:site_name\" content=\"Simovision - Professional\" \/>\n<meta property=\"article:modified_time\" content=\"2026-03-19T11:13:59+00:00\" \/>\n<meta property=\"og:image\" content=\"https:\/\/simovision.be\/professional\/wp-content\/uploads\/sites\/2\/2026\/01\/iol_expert_visiotis_progress.jpg\" \/>\n\t<meta property=\"og:image:width\" content=\"1000\" \/>\n\t<meta property=\"og:image:height\" content=\"666\" \/>\n\t<meta property=\"og:image:type\" content=\"image\/jpeg\" \/>\n<meta name=\"twitter:card\" content=\"summary_large_image\" \/>\n<meta name=\"twitter:label1\" content=\"Dur\u00e9e de lecture estim\u00e9e\" \/>\n\t<meta name=\"twitter:data1\" content=\"1 minute\" \/>\n<script type=\"application\/ld+json\" class=\"yoast-schema-graph\">{\"@context\":\"https:\/\/schema.org\",\"@graph\":[{\"@type\":\"WebPage\",\"@id\":\"https:\/\/simovision.be\/professional\/fr\/produit\/visiotis-progress\/\",\"url\":\"https:\/\/simovision.be\/professional\/fr\/produit\/visiotis-progress\/\",\"name\":\"VISIOTIS Progress - Simovision - Professional\",\"isPartOf\":{\"@id\":\"https:\/\/simovision.be\/professional\/fr\/#website\"},\"primaryImageOfPage\":{\"@id\":\"https:\/\/simovision.be\/professional\/fr\/produit\/visiotis-progress\/#primaryimage\"},\"image\":{\"@id\":\"https:\/\/simovision.be\/professional\/fr\/produit\/visiotis-progress\/#primaryimage\"},\"thumbnailUrl\":\"https:\/\/simovision.be\/professional\/wp-content\/uploads\/sites\/2\/2026\/01\/edof_compass_lenses4.png\",\"datePublished\":\"2026-01-13T08:55:06+00:00\",\"dateModified\":\"2026-03-19T11:13:59+00:00\",\"breadcrumb\":{\"@id\":\"https:\/\/simovision.be\/professional\/fr\/produit\/visiotis-progress\/#breadcrumb\"},\"inLanguage\":\"fr-FR\",\"potentialAction\":[{\"@type\":\"ReadAction\",\"target\":[\"https:\/\/simovision.be\/professional\/fr\/produit\/visiotis-progress\/\"]}]},{\"@type\":\"ImageObject\",\"inLanguage\":\"fr-FR\",\"@id\":\"https:\/\/simovision.be\/professional\/fr\/produit\/visiotis-progress\/#primaryimage\",\"url\":\"https:\/\/simovision.be\/professional\/wp-content\/uploads\/sites\/2\/2026\/01\/edof_compass_lenses4.png\",\"contentUrl\":\"https:\/\/simovision.be\/professional\/wp-content\/uploads\/sites\/2\/2026\/01\/edof_compass_lenses4.png\",\"width\":1000,\"height\":666,\"caption\":\"VISIOTIS Progress\"},{\"@type\":\"BreadcrumbList\",\"@id\":\"https:\/\/simovision.be\/professional\/fr\/produit\/visiotis-progress\/#breadcrumb\",\"itemListElement\":[{\"@type\":\"ListItem\",\"position\":1,\"name\":\"Home\",\"item\":\"https:\/\/simovision.be\/professional\/fr\/\"},{\"@type\":\"ListItem\",\"position\":2,\"name\":\"Boutique\",\"item\":\"https:\/\/simovision.be\/professional\/winkel\/\"},{\"@type\":\"ListItem\",\"position\":3,\"name\":\"VISIOTIS Progress\"}]},{\"@type\":\"WebSite\",\"@id\":\"https:\/\/simovision.be\/professional\/fr\/#website\",\"url\":\"https:\/\/simovision.be\/professional\/fr\/\",\"name\":\"Simovision - Professional\",\"description\":\"\",\"publisher\":{\"@id\":\"https:\/\/simovision.be\/professional\/fr\/#organization\"},\"potentialAction\":[{\"@type\":\"SearchAction\",\"target\":{\"@type\":\"EntryPoint\",\"urlTemplate\":\"https:\/\/simovision.be\/professional\/fr\/?s={search_term_string}\"},\"query-input\":{\"@type\":\"PropertyValueSpecification\",\"valueRequired\":true,\"valueName\":\"search_term_string\"}}],\"inLanguage\":\"fr-FR\"},{\"@type\":\"Organization\",\"@id\":\"https:\/\/simovision.be\/professional\/fr\/#organization\",\"name\":\"Simovision\",\"url\":\"https:\/\/simovision.be\/professional\/fr\/\",\"logo\":{\"@type\":\"ImageObject\",\"inLanguage\":\"fr-FR\",\"@id\":\"https:\/\/simovision.be\/professional\/fr\/#\/schema\/logo\/image\/\",\"url\":\"https:\/\/simovision.be\/professional\/wp-content\/uploads\/sites\/2\/2025\/06\/Logo_Simovision_Hilco_Vision_Pantone_7700C-kopie.webp\",\"contentUrl\":\"https:\/\/simovision.be\/professional\/wp-content\/uploads\/sites\/2\/2025\/06\/Logo_Simovision_Hilco_Vision_Pantone_7700C-kopie.webp\",\"width\":2000,\"height\":1021,\"caption\":\"Simovision\"},\"image\":{\"@id\":\"https:\/\/simovision.be\/professional\/fr\/#\/schema\/logo\/image\/\"},\"sameAs\":[\"https:\/\/www.linkedin.com\/company\/simovision\"]}]}<\/script>\n<!-- \/ Yoast SEO plugin. -->","yoast_head_json":{"title":"VISIOTIS Progress - Simovision - Professional","robots":{"index":"index","follow":"follow","max-snippet":"max-snippet:-1","max-image-preview":"max-image-preview:large","max-video-preview":"max-video-preview:-1"},"canonical":"https:\/\/simovision.be\/professional\/fr\/produit\/visiotis-progress\/","og_locale":"fr_FR","og_type":"article","og_title":"VISIOTIS Progress - Simovision - Professional","og_description":"LIO premium pour le traitement de la cataracte, de la presbytie et de l\u2019astigmatisme   Variante de LENTIS\u00ae Comfort avec addition de +2.00D!  Grande zone optique asph\u00e9rique pour la vision de loin avec utilisation maximale de la lumi\u00e8re (&gt;95 %).  Segment \u00e0 effet visuel progressif gr\u00e2ce \u00e0 une addition varifocale (2.00D), offrant une excellente vision s\u2019\u00e9tendant jusqu\u2019aux distances interm\u00e9diaires et proches.  Transitions optiques fluides afin d\u2019\u00e9viter les dysphotopsies, pour une qualit\u00e9 d\u2019image et une perception des couleurs naturelles.","og_url":"https:\/\/simovision.be\/professional\/fr\/produit\/visiotis-progress\/","og_site_name":"Simovision - Professional","article_modified_time":"2026-03-19T11:13:59+00:00","og_image":[{"width":1000,"height":666,"url":"https:\/\/simovision.be\/professional\/wp-content\/uploads\/sites\/2\/2026\/01\/iol_expert_visiotis_progress.jpg","type":"image\/jpeg"}],"twitter_card":"summary_large_image","twitter_misc":{"Dur\u00e9e de lecture estim\u00e9e":"1 minute"},"schema":{"@context":"https:\/\/schema.org","@graph":[{"@type":"WebPage","@id":"https:\/\/simovision.be\/professional\/fr\/produit\/visiotis-progress\/","url":"https:\/\/simovision.be\/professional\/fr\/produit\/visiotis-progress\/","name":"VISIOTIS Progress - Simovision - Professional","isPartOf":{"@id":"https:\/\/simovision.be\/professional\/fr\/#website"},"primaryImageOfPage":{"@id":"https:\/\/simovision.be\/professional\/fr\/produit\/visiotis-progress\/#primaryimage"},"image":{"@id":"https:\/\/simovision.be\/professional\/fr\/produit\/visiotis-progress\/#primaryimage"},"thumbnailUrl":"https:\/\/simovision.be\/professional\/wp-content\/uploads\/sites\/2\/2026\/01\/edof_compass_lenses4.png","datePublished":"2026-01-13T08:55:06+00:00","dateModified":"2026-03-19T11:13:59+00:00","breadcrumb":{"@id":"https:\/\/simovision.be\/professional\/fr\/produit\/visiotis-progress\/#breadcrumb"},"inLanguage":"fr-FR","potentialAction":[{"@type":"ReadAction","target":["https:\/\/simovision.be\/professional\/fr\/produit\/visiotis-progress\/"]}]},{"@type":"ImageObject","inLanguage":"fr-FR","@id":"https:\/\/simovision.be\/professional\/fr\/produit\/visiotis-progress\/#primaryimage","url":"https:\/\/simovision.be\/professional\/wp-content\/uploads\/sites\/2\/2026\/01\/edof_compass_lenses4.png","contentUrl":"https:\/\/simovision.be\/professional\/wp-content\/uploads\/sites\/2\/2026\/01\/edof_compass_lenses4.png","width":1000,"height":666,"caption":"VISIOTIS Progress"},{"@type":"BreadcrumbList","@id":"https:\/\/simovision.be\/professional\/fr\/produit\/visiotis-progress\/#breadcrumb","itemListElement":[{"@type":"ListItem","position":1,"name":"Home","item":"https:\/\/simovision.be\/professional\/fr\/"},{"@type":"ListItem","position":2,"name":"Boutique","item":"https:\/\/simovision.be\/professional\/winkel\/"},{"@type":"ListItem","position":3,"name":"VISIOTIS Progress"}]},{"@type":"WebSite","@id":"https:\/\/simovision.be\/professional\/fr\/#website","url":"https:\/\/simovision.be\/professional\/fr\/","name":"Simovision - Professional","description":"","publisher":{"@id":"https:\/\/simovision.be\/professional\/fr\/#organization"},"potentialAction":[{"@type":"SearchAction","target":{"@type":"EntryPoint","urlTemplate":"https:\/\/simovision.be\/professional\/fr\/?s={search_term_string}"},"query-input":{"@type":"PropertyValueSpecification","valueRequired":true,"valueName":"search_term_string"}}],"inLanguage":"fr-FR"},{"@type":"Organization","@id":"https:\/\/simovision.be\/professional\/fr\/#organization","name":"Simovision","url":"https:\/\/simovision.be\/professional\/fr\/","logo":{"@type":"ImageObject","inLanguage":"fr-FR","@id":"https:\/\/simovision.be\/professional\/fr\/#\/schema\/logo\/image\/","url":"https:\/\/simovision.be\/professional\/wp-content\/uploads\/sites\/2\/2025\/06\/Logo_Simovision_Hilco_Vision_Pantone_7700C-kopie.webp","contentUrl":"https:\/\/simovision.be\/professional\/wp-content\/uploads\/sites\/2\/2025\/06\/Logo_Simovision_Hilco_Vision_Pantone_7700C-kopie.webp","width":2000,"height":1021,"caption":"Simovision"},"image":{"@id":"https:\/\/simovision.be\/professional\/fr\/#\/schema\/logo\/image\/"},"sameAs":["https:\/\/www.linkedin.com\/company\/simovision"]}]}},"_links":{"self":[{"href":"https:\/\/simovision.be\/professional\/fr\/wp-json\/wp\/v2\/product\/7048","targetHints":{"allow":["GET"]}}],"collection":[{"href":"https:\/\/simovision.be\/professional\/fr\/wp-json\/wp\/v2\/product"}],"about":[{"href":"https:\/\/simovision.be\/professional\/fr\/wp-json\/wp\/v2\/types\/product"}],"wp:featuredmedia":[{"embeddable":true,"href":"https:\/\/simovision.be\/professional\/fr\/wp-json\/wp\/v2\/media\/7222"}],"wp:attachment":[{"href":"https:\/\/simovision.be\/professional\/fr\/wp-json\/wp\/v2\/media?parent=7048"}],"wp:term":[{"taxonomy":"product_brand","embeddable":true,"href":"https:\/\/simovision.be\/professional\/fr\/wp-json\/wp\/v2\/product_brand?post=7048"},{"taxonomy":"product_cat","embeddable":true,"href":"https:\/\/simovision.be\/professional\/fr\/wp-json\/wp\/v2\/product_cat?post=7048"},{"taxonomy":"product_tag","embeddable":true,"href":"https:\/\/simovision.be\/professional\/fr\/wp-json\/wp\/v2\/product_tag?post=7048"}],"curies":[{"name":"wp","href":"https:\/\/api.w.org\/{rel}","templated":true}]}}