{"id":6790,"date":"2025-09-22T11:57:25","date_gmt":"2025-09-22T09:57:25","guid":{"rendered":"https:\/\/simovision.be\/professional\/product\/c-diag\/"},"modified":"2025-09-23T09:33:56","modified_gmt":"2025-09-23T07:33:56","slug":"c-diag","status":"publish","type":"product","link":"https:\/\/simovision.be\/professional\/fr\/produit\/c-diag\/","title":{"rendered":"C.DIAG"},"content":{"rendered":"<p>C.Diag<sup>\u00ae<\/sup> est la <strong>plateforme de diagnostic automatique haut de gamme<\/strong> la plus compl\u00e8te d\u00e9di\u00e9e \u00e0 la <strong>s\u00e9cheresse oculaire<\/strong> et aux pathologies de la <strong>surface oculaire<\/strong>. Ce produit est fabriqu\u00e9 par Quantel Medical (Lumibird Medical) et est \u00e9quip\u00e9 de technologies de pointe ainsi que de fonctionnalit\u00e9s innovantes et d&rsquo;un design unique pour <strong>d\u00e9mocratiser<\/strong> le <strong>diagnostic<\/strong> et rendre les examens accessibles \u00e0 tous, avec un <strong>suivi objectif<\/strong> en <strong>pr\u00e9\/post traitement<\/strong> et chirurgie.<\/p>\n<h4><strong>3 avantages du C.Diag<sup>\u00ae<\/sup><\/strong><\/h4>\n<h4>1. Quantifier et qualifier le dysfonctionnement des Glandes de Meibomius (DGM)<\/h4>\n<p>Le <em>retourne paupi\u00e8re<\/em> unique du C.Diag<sup>\u00ae<\/sup> permet de <strong>quantifier<\/strong> et de <strong>qualifier<\/strong> le <strong>dysfonctionnement<\/strong> des <strong>glandes de Meibomius<\/strong>.<\/p>\n<p>Le C.Diag<sup>\u00ae<\/sup> est \u00e9quip\u00e9 d\u2019une technologie de pointe en int\u00e9grant un <em>retourne paupi\u00e8re<\/em> avec <strong>transillumination<\/strong> pour obtenir <strong>2 images<\/strong> en <strong>un seul clic<\/strong>:<\/p>\n<ul>\n<li>la meibographie en infrarouge standard pour <strong>quantifier<\/strong> les <strong>glandes<\/strong>;<\/li>\n<li>Meibographie en transillumination infrarouge pour <strong>\u00e9valuer<\/strong> le <strong>fonctionnement<\/strong> des glandes.<\/li>\n<\/ul>\n<p><a href=\"https:\/\/simovision.be\/professional\/wp-content\/uploads\/sites\/2\/2025\/09\/eyelid-everter-of-C.Diag\u00ae.webp\" target=\"_blank\" rel=\"noopener\"><img loading=\"lazy\" decoding=\"async\" class=\"alignnone wp-image-6804 size-full\" src=\"https:\/\/simovision.be\/professional\/wp-content\/uploads\/sites\/2\/2025\/09\/eyelid-everter-of-C.Diag\u00ae.webp\" alt=\"Eyelid everter of C.Diag\u00ae\" width=\"796\" height=\"421\" srcset=\"https:\/\/simovision.be\/professional\/wp-content\/uploads\/sites\/2\/2025\/09\/eyelid-everter-of-C.Diag\u00ae.webp 796w, https:\/\/simovision.be\/professional\/wp-content\/uploads\/sites\/2\/2025\/09\/eyelid-everter-of-C.Diag\u00ae-300x159.webp 300w, https:\/\/simovision.be\/professional\/wp-content\/uploads\/sites\/2\/2025\/09\/eyelid-everter-of-C.Diag\u00ae-768x406.webp 768w, https:\/\/simovision.be\/professional\/wp-content\/uploads\/sites\/2\/2025\/09\/eyelid-everter-of-C.Diag\u00ae-64x34.webp 64w\" sizes=\"auto, (max-width: 796px) 100vw, 796px\" \/><\/a><\/p>\n<p>La meibographie par transillumination permet d&rsquo;obtenir des meilleures images du fonctionnement des glandes, en d\u00e9finissant clairement leur obstruction, l&rsquo;accumulation de meibum et les t\u00e9langiectasies qui les entourent.<\/p>\n<h4>2. Une qualit\u00e9 d\u2019image in\u00e9gal\u00e9e et une haute pr\u00e9cision d&rsquo;analyse<\/h4>\n<p>C.Diag<sup>\u00ae<\/sup> int\u00e8gre des fonctionnalit\u00e9s in\u00e9dites pour des examens rapides et pr\u00e9cis avec une qualit\u00e9 d\u2019image in\u00e9gal\u00e9e:<\/p>\n<ul>\n<li>un <strong>\u00e9cran tactile haute d\u00e9finition<\/strong>;<\/li>\n<li>un <strong>module optique unique<\/strong> avec une <strong>cam\u00e9ra HD \u00e0 focus automatique<\/strong> int\u00e9grant une lentille liquide pour une <strong>capture d\u2019image rapide<\/strong> et <strong>focalis\u00e9e<\/strong> \u00e0 n&rsquo;importe quelle distance.<\/li>\n<\/ul>\n<p><a href=\"https:\/\/simovision.be\/professional\/wp-content\/uploads\/sites\/2\/2025\/09\/novel-liquid-lens.webp\" target=\"_blank\" rel=\"noopener\"><img loading=\"lazy\" decoding=\"async\" class=\"alignnone wp-image-6806 size-full\" src=\"https:\/\/simovision.be\/professional\/wp-content\/uploads\/sites\/2\/2025\/09\/novel-liquid-lens.webp\" alt=\"Novel liquid lens\" width=\"796\" height=\"421\" srcset=\"https:\/\/simovision.be\/professional\/wp-content\/uploads\/sites\/2\/2025\/09\/novel-liquid-lens.webp 796w, https:\/\/simovision.be\/professional\/wp-content\/uploads\/sites\/2\/2025\/09\/novel-liquid-lens-300x159.webp 300w, https:\/\/simovision.be\/professional\/wp-content\/uploads\/sites\/2\/2025\/09\/novel-liquid-lens-768x406.webp 768w, https:\/\/simovision.be\/professional\/wp-content\/uploads\/sites\/2\/2025\/09\/novel-liquid-lens-64x34.webp 64w\" sizes=\"auto, (max-width: 796px) 100vw, 796px\" \/><\/a><\/p>\n<p>La qualit\u00e9 exceptionnelle des images permet d&rsquo;entra\u00eener correctement les algorithmes sur des images pr\u00e9cises.<\/p>\n<h4>3. Diagnostic fiable, rapide et non d\u00e9pendant de l&rsquo;op\u00e9rateur<\/h4>\n<p>Les examens r\u00e9alis\u00e9s avec la platforme C.Diag<sup>\u00ae<\/sup> sont <strong>enti\u00e8rement automatiques<\/strong> pour un <strong>diagnostic fiable<\/strong>, rapide et <strong>non d\u00e9pendant de l&rsquo;op\u00e9rateur<\/strong>.<\/p>\n<p>Le logiciel int\u00e8gre l&rsquo;<strong>intelligence artificielle<\/strong> et les <strong>algorithmes classiques<\/strong> pour <strong>d\u00e9tecter<\/strong>, <strong>quantifier<\/strong> et <strong>classer<\/strong> automatiquement la <strong>maladie<\/strong>, mais \u00e9galement pour calculer les r\u00e9sultats dans le rapport.<\/p>\n<p>Les algorithmes sont bas\u00e9s sur <strong>plus d&rsquo;un million d&rsquo;images<\/strong> afin d&rsquo;obtenir un <strong>apprentissage approfondi<\/strong> et des algorithmes robustes.<\/p>\n<p>Une <strong>carte GPU<\/strong> et <strong>un ordinateur puissant<\/strong> garantissent une capacit\u00e9 \u00e9lev\u00e9e de traitement et de stockage des donn\u00e9es, ainsi qu&rsquo;une analyse rapide des r\u00e9sultats.<\/p>\n<p><a href=\"https:\/\/simovision.be\/professional\/wp-content\/uploads\/sites\/2\/2025\/09\/Software-embedded-artificial-intelligence.webp\" target=\"_blank\" rel=\"noopener\"><img loading=\"lazy\" decoding=\"async\" class=\"alignnone wp-image-6808 size-full\" src=\"https:\/\/simovision.be\/professional\/wp-content\/uploads\/sites\/2\/2025\/09\/Software-embedded-artificial-intelligence.webp\" alt=\"Software embedded artificial intelligence\" width=\"796\" height=\"421\" srcset=\"https:\/\/simovision.be\/professional\/wp-content\/uploads\/sites\/2\/2025\/09\/Software-embedded-artificial-intelligence.webp 796w, https:\/\/simovision.be\/professional\/wp-content\/uploads\/sites\/2\/2025\/09\/Software-embedded-artificial-intelligence-300x159.webp 300w, https:\/\/simovision.be\/professional\/wp-content\/uploads\/sites\/2\/2025\/09\/Software-embedded-artificial-intelligence-768x406.webp 768w, https:\/\/simovision.be\/professional\/wp-content\/uploads\/sites\/2\/2025\/09\/Software-embedded-artificial-intelligence-64x34.webp 64w\" sizes=\"auto, (max-width: 796px) 100vw, 796px\" \/><\/a><\/p>\n<h3><strong>Interface logicielle intuitive<\/strong><\/h3>\n<ul>\n<li>Visualisation des yeux sur grand \u00e9cran<\/li>\n<li>D\u00e9roul\u00e9 rapide des examens<\/li>\n<li>Protocoles d&rsquo;examens personnalisables<\/li>\n<li>Analyse automatique<\/li>\n<li>Rapport de r\u00e9sultats en un seul clic<\/li>\n<li>Rapport d&rsquo;examens facile \u00e0 interpr\u00e9ter<\/li>\n<li>Diagnostic sugg\u00e9r\u00e9 inclus dans le rapport<\/li>\n<li><strong>Connectivit\u00e9<\/strong>:\n<ul>\n<li>DICOM<\/li>\n<li>Ports USB &amp; HDMI<\/li>\n<li>Wifi<\/li>\n<li>Bluetooth<\/li>\n<li>Ethernet<\/li>\n<li>Support technique \u00e0 distance<\/li>\n<\/ul>\n<\/li>\n<\/ul>\n","protected":false},"excerpt":{"rendered":"<h3><strong>Analyse ultra puissante et intelligente de la surface oculaire<\/strong><\/h3>\n<ul>\n<li>Examens <strong>automatiques rapides &amp; complets<\/strong> avec un rapport des r\u00e9sultats en <strong>un seul clic<\/strong>: qualification, quantification et classification de la s\u00e9cheresse oculaire;<\/li>\n<li>Une <strong>qualit\u00e9 d&rsquo;image<\/strong> exceptionnelle et une <strong>meibographie<\/strong> haut de gamme;<\/li>\n<li><strong>Algorithmes d&rsquo;IA<\/strong> ultra performants: haute pr\u00e9cision et r\u00e9sultats fiables;<\/li>\n<li>Prise en main intuitive: conception ergonomique et <strong>logiciel intuitif<\/strong>.<\/li>\n<\/ul>\n","protected":false},"featured_media":6782,"template":"","meta":{"_acf_changed":false,"content-type":"","site-sidebar-layout":"default","site-content-layout":"","ast-site-content-layout":"default","site-content-style":"default","site-sidebar-style":"default","ast-global-header-display":"","ast-banner-title-visibility":"","ast-main-header-display":"","ast-hfb-above-header-display":"","ast-hfb-below-header-display":"","ast-hfb-mobile-header-display":"","site-post-title":"","ast-breadcrumbs-content":"","ast-featured-img":"","footer-sml-layout":"","theme-transparent-header-meta":"default","adv-header-id-meta":"","stick-header-meta":"default","header-above-stick-meta":"","header-main-stick-meta":"","header-below-stick-meta":"","astra-migrate-meta-layouts":"set","ast-page-background-enabled":"default","ast-page-background-meta":{"desktop":{"background-color":"var(--ast-global-color-4)","background-image":"","background-repeat":"repeat","background-position":"center center","background-size":"auto","background-attachment":"scroll","background-type":"","background-media":"","overlay-type":"","overlay-color":"","overlay-opacity":"","overlay-gradient":""},"tablet":{"background-color":"","background-image":"","background-repeat":"repeat","background-position":"center center","background-size":"auto","background-attachment":"scroll","background-type":"","background-media":"","overlay-type":"","overlay-color":"","overlay-opacity":"","overlay-gradient":""},"mobile":{"background-color":"","background-image":"","background-repeat":"repeat","background-position":"center center","background-size":"auto","background-attachment":"scroll","background-type":"","background-media":"","overlay-type":"","overlay-color":"","overlay-opacity":"","overlay-gradient":""}},"ast-content-background-meta":{"desktop":{"background-color":"var(--ast-global-color-5)","background-image":"","background-repeat":"repeat","background-position":"center center","background-size":"auto","background-attachment":"scroll","background-type":"","background-media":"","overlay-type":"","overlay-color":"","overlay-opacity":"","overlay-gradient":""},"tablet":{"background-color":"var(--ast-global-color-5)","background-image":"","background-repeat":"repeat","background-position":"center center","background-size":"auto","background-attachment":"scroll","background-type":"","background-media":"","overlay-type":"","overlay-color":"","overlay-opacity":"","overlay-gradient":""},"mobile":{"background-color":"var(--ast-global-color-5)","background-image":"","background-repeat":"repeat","background-position":"center center","background-size":"auto","background-attachment":"scroll","background-type":"","background-media":"","overlay-type":"","overlay-color":"","overlay-opacity":"","overlay-gradient":""}}},"product_brand":[],"product_cat":[122,129],"product_tag":[],"class_list":{"0":"post-6790","1":"product","2":"type-product","3":"status-publish","4":"has-post-thumbnail","6":"product_cat-equipement","7":"product_cat-analyse-de-la-secheresse-oculaire","8":"desktop-align-left","9":"tablet-align-left","10":"mobile-align-left","11":"ast-product-gallery-layout-first-image-large","12":"ast-product-tabs-layout-horizontal","14":"first","15":"instock","16":"shipping-taxable","17":"product-type-simple"},"acf":[],"yoast_head":"<!-- This site is optimized with the Yoast SEO plugin v26.3 - https:\/\/yoast.com\/wordpress\/plugins\/seo\/ -->\n<title>C.DIAG - Simovision - Professional<\/title>\n<meta name=\"robots\" content=\"index, follow, max-snippet:-1, max-image-preview:large, max-video-preview:-1\" \/>\n<link rel=\"canonical\" href=\"https:\/\/simovision.be\/professional\/fr\/produit\/c-diag\/\" \/>\n<meta property=\"og:locale\" content=\"fr_FR\" \/>\n<meta property=\"og:type\" content=\"article\" \/>\n<meta property=\"og:title\" content=\"C.DIAG - Simovision - Professional\" \/>\n<meta property=\"og:description\" content=\"Analyse ultra puissante et intelligente de la surface oculaire   Examens automatiques rapides &amp; complets avec un rapport des r\u00e9sultats en un seul clic: qualification, quantification et classification de la s\u00e9cheresse oculaire;  Une qualit\u00e9 d&#039;image exceptionnelle et une meibographie haut de gamme;  Algorithmes d&#039;IA ultra performants: haute pr\u00e9cision et r\u00e9sultats fiables;  Prise en main intuitive: conception ergonomique et logiciel intuitif.\" \/>\n<meta property=\"og:url\" content=\"https:\/\/simovision.be\/professional\/fr\/produit\/c-diag\/\" \/>\n<meta property=\"og:site_name\" content=\"Simovision - Professional\" \/>\n<meta property=\"article:modified_time\" content=\"2025-09-23T07:33:56+00:00\" \/>\n<meta property=\"og:image\" content=\"https:\/\/simovision.be\/professional\/wp-content\/uploads\/sites\/2\/2025\/09\/quantel_medical_cdiag.jpg\" \/>\n\t<meta property=\"og:image:width\" content=\"1000\" \/>\n\t<meta property=\"og:image:height\" content=\"666\" \/>\n\t<meta property=\"og:image:type\" content=\"image\/jpeg\" \/>\n<meta name=\"twitter:card\" content=\"summary_large_image\" \/>\n<meta name=\"twitter:label1\" content=\"Dur\u00e9e de lecture estim\u00e9e\" \/>\n\t<meta name=\"twitter:data1\" content=\"3 minutes\" \/>\n<script type=\"application\/ld+json\" class=\"yoast-schema-graph\">{\"@context\":\"https:\/\/schema.org\",\"@graph\":[{\"@type\":\"WebPage\",\"@id\":\"https:\/\/simovision.be\/professional\/fr\/produit\/c-diag\/\",\"url\":\"https:\/\/simovision.be\/professional\/fr\/produit\/c-diag\/\",\"name\":\"C.DIAG - Simovision - Professional\",\"isPartOf\":{\"@id\":\"https:\/\/simovision.be\/professional\/fr\/#website\"},\"primaryImageOfPage\":{\"@id\":\"https:\/\/simovision.be\/professional\/fr\/produit\/c-diag\/#primaryimage\"},\"image\":{\"@id\":\"https:\/\/simovision.be\/professional\/fr\/produit\/c-diag\/#primaryimage\"},\"thumbnailUrl\":\"https:\/\/simovision.be\/professional\/wp-content\/uploads\/sites\/2\/2025\/09\/quantel_medical_cdiag.jpg\",\"datePublished\":\"2025-09-22T09:57:25+00:00\",\"dateModified\":\"2025-09-23T07:33:56+00:00\",\"breadcrumb\":{\"@id\":\"https:\/\/simovision.be\/professional\/fr\/produit\/c-diag\/#breadcrumb\"},\"inLanguage\":\"fr-FR\",\"potentialAction\":[{\"@type\":\"ReadAction\",\"target\":[\"https:\/\/simovision.be\/professional\/fr\/produit\/c-diag\/\"]}]},{\"@type\":\"ImageObject\",\"inLanguage\":\"fr-FR\",\"@id\":\"https:\/\/simovision.be\/professional\/fr\/produit\/c-diag\/#primaryimage\",\"url\":\"https:\/\/simovision.be\/professional\/wp-content\/uploads\/sites\/2\/2025\/09\/quantel_medical_cdiag.jpg\",\"contentUrl\":\"https:\/\/simovision.be\/professional\/wp-content\/uploads\/sites\/2\/2025\/09\/quantel_medical_cdiag.jpg\",\"width\":1000,\"height\":666,\"caption\":\"C.Diag Dry eye analysis\"},{\"@type\":\"BreadcrumbList\",\"@id\":\"https:\/\/simovision.be\/professional\/fr\/produit\/c-diag\/#breadcrumb\",\"itemListElement\":[{\"@type\":\"ListItem\",\"position\":1,\"name\":\"Home\",\"item\":\"https:\/\/simovision.be\/professional\/fr\/\"},{\"@type\":\"ListItem\",\"position\":2,\"name\":\"Boutique\",\"item\":\"https:\/\/simovision.be\/professional\/winkel\/\"},{\"@type\":\"ListItem\",\"position\":3,\"name\":\"C.DIAG\"}]},{\"@type\":\"WebSite\",\"@id\":\"https:\/\/simovision.be\/professional\/fr\/#website\",\"url\":\"https:\/\/simovision.be\/professional\/fr\/\",\"name\":\"Simovision - Professional\",\"description\":\"\",\"publisher\":{\"@id\":\"https:\/\/simovision.be\/professional\/fr\/#organization\"},\"potentialAction\":[{\"@type\":\"SearchAction\",\"target\":{\"@type\":\"EntryPoint\",\"urlTemplate\":\"https:\/\/simovision.be\/professional\/fr\/?s={search_term_string}\"},\"query-input\":{\"@type\":\"PropertyValueSpecification\",\"valueRequired\":true,\"valueName\":\"search_term_string\"}}],\"inLanguage\":\"fr-FR\"},{\"@type\":\"Organization\",\"@id\":\"https:\/\/simovision.be\/professional\/fr\/#organization\",\"name\":\"Simovision\",\"url\":\"https:\/\/simovision.be\/professional\/fr\/\",\"logo\":{\"@type\":\"ImageObject\",\"inLanguage\":\"fr-FR\",\"@id\":\"https:\/\/simovision.be\/professional\/fr\/#\/schema\/logo\/image\/\",\"url\":\"https:\/\/simovision.be\/professional\/wp-content\/uploads\/sites\/2\/2025\/06\/Logo_Simovision_Hilco_Vision_Pantone_7700C-kopie.webp\",\"contentUrl\":\"https:\/\/simovision.be\/professional\/wp-content\/uploads\/sites\/2\/2025\/06\/Logo_Simovision_Hilco_Vision_Pantone_7700C-kopie.webp\",\"width\":2000,\"height\":1021,\"caption\":\"Simovision\"},\"image\":{\"@id\":\"https:\/\/simovision.be\/professional\/fr\/#\/schema\/logo\/image\/\"},\"sameAs\":[\"https:\/\/www.linkedin.com\/company\/simovision\"]}]}<\/script>\n<!-- \/ Yoast SEO plugin. -->","yoast_head_json":{"title":"C.DIAG - Simovision - Professional","robots":{"index":"index","follow":"follow","max-snippet":"max-snippet:-1","max-image-preview":"max-image-preview:large","max-video-preview":"max-video-preview:-1"},"canonical":"https:\/\/simovision.be\/professional\/fr\/produit\/c-diag\/","og_locale":"fr_FR","og_type":"article","og_title":"C.DIAG - Simovision - Professional","og_description":"Analyse ultra puissante et intelligente de la surface oculaire   Examens automatiques rapides &amp; complets avec un rapport des r\u00e9sultats en un seul clic: qualification, quantification et classification de la s\u00e9cheresse oculaire;  Une qualit\u00e9 d'image exceptionnelle et une meibographie haut de gamme;  Algorithmes d'IA ultra performants: haute pr\u00e9cision et r\u00e9sultats fiables;  Prise en main intuitive: conception ergonomique et logiciel intuitif.","og_url":"https:\/\/simovision.be\/professional\/fr\/produit\/c-diag\/","og_site_name":"Simovision - Professional","article_modified_time":"2025-09-23T07:33:56+00:00","og_image":[{"width":1000,"height":666,"url":"https:\/\/simovision.be\/professional\/wp-content\/uploads\/sites\/2\/2025\/09\/quantel_medical_cdiag.jpg","type":"image\/jpeg"}],"twitter_card":"summary_large_image","twitter_misc":{"Dur\u00e9e de lecture estim\u00e9e":"3 minutes"},"schema":{"@context":"https:\/\/schema.org","@graph":[{"@type":"WebPage","@id":"https:\/\/simovision.be\/professional\/fr\/produit\/c-diag\/","url":"https:\/\/simovision.be\/professional\/fr\/produit\/c-diag\/","name":"C.DIAG - Simovision - Professional","isPartOf":{"@id":"https:\/\/simovision.be\/professional\/fr\/#website"},"primaryImageOfPage":{"@id":"https:\/\/simovision.be\/professional\/fr\/produit\/c-diag\/#primaryimage"},"image":{"@id":"https:\/\/simovision.be\/professional\/fr\/produit\/c-diag\/#primaryimage"},"thumbnailUrl":"https:\/\/simovision.be\/professional\/wp-content\/uploads\/sites\/2\/2025\/09\/quantel_medical_cdiag.jpg","datePublished":"2025-09-22T09:57:25+00:00","dateModified":"2025-09-23T07:33:56+00:00","breadcrumb":{"@id":"https:\/\/simovision.be\/professional\/fr\/produit\/c-diag\/#breadcrumb"},"inLanguage":"fr-FR","potentialAction":[{"@type":"ReadAction","target":["https:\/\/simovision.be\/professional\/fr\/produit\/c-diag\/"]}]},{"@type":"ImageObject","inLanguage":"fr-FR","@id":"https:\/\/simovision.be\/professional\/fr\/produit\/c-diag\/#primaryimage","url":"https:\/\/simovision.be\/professional\/wp-content\/uploads\/sites\/2\/2025\/09\/quantel_medical_cdiag.jpg","contentUrl":"https:\/\/simovision.be\/professional\/wp-content\/uploads\/sites\/2\/2025\/09\/quantel_medical_cdiag.jpg","width":1000,"height":666,"caption":"C.Diag Dry eye analysis"},{"@type":"BreadcrumbList","@id":"https:\/\/simovision.be\/professional\/fr\/produit\/c-diag\/#breadcrumb","itemListElement":[{"@type":"ListItem","position":1,"name":"Home","item":"https:\/\/simovision.be\/professional\/fr\/"},{"@type":"ListItem","position":2,"name":"Boutique","item":"https:\/\/simovision.be\/professional\/winkel\/"},{"@type":"ListItem","position":3,"name":"C.DIAG"}]},{"@type":"WebSite","@id":"https:\/\/simovision.be\/professional\/fr\/#website","url":"https:\/\/simovision.be\/professional\/fr\/","name":"Simovision - Professional","description":"","publisher":{"@id":"https:\/\/simovision.be\/professional\/fr\/#organization"},"potentialAction":[{"@type":"SearchAction","target":{"@type":"EntryPoint","urlTemplate":"https:\/\/simovision.be\/professional\/fr\/?s={search_term_string}"},"query-input":{"@type":"PropertyValueSpecification","valueRequired":true,"valueName":"search_term_string"}}],"inLanguage":"fr-FR"},{"@type":"Organization","@id":"https:\/\/simovision.be\/professional\/fr\/#organization","name":"Simovision","url":"https:\/\/simovision.be\/professional\/fr\/","logo":{"@type":"ImageObject","inLanguage":"fr-FR","@id":"https:\/\/simovision.be\/professional\/fr\/#\/schema\/logo\/image\/","url":"https:\/\/simovision.be\/professional\/wp-content\/uploads\/sites\/2\/2025\/06\/Logo_Simovision_Hilco_Vision_Pantone_7700C-kopie.webp","contentUrl":"https:\/\/simovision.be\/professional\/wp-content\/uploads\/sites\/2\/2025\/06\/Logo_Simovision_Hilco_Vision_Pantone_7700C-kopie.webp","width":2000,"height":1021,"caption":"Simovision"},"image":{"@id":"https:\/\/simovision.be\/professional\/fr\/#\/schema\/logo\/image\/"},"sameAs":["https:\/\/www.linkedin.com\/company\/simovision"]}]}},"_links":{"self":[{"href":"https:\/\/simovision.be\/professional\/fr\/wp-json\/wp\/v2\/product\/6790","targetHints":{"allow":["GET"]}}],"collection":[{"href":"https:\/\/simovision.be\/professional\/fr\/wp-json\/wp\/v2\/product"}],"about":[{"href":"https:\/\/simovision.be\/professional\/fr\/wp-json\/wp\/v2\/types\/product"}],"wp:featuredmedia":[{"embeddable":true,"href":"https:\/\/simovision.be\/professional\/fr\/wp-json\/wp\/v2\/media\/6782"}],"wp:attachment":[{"href":"https:\/\/simovision.be\/professional\/fr\/wp-json\/wp\/v2\/media?parent=6790"}],"wp:term":[{"taxonomy":"product_brand","embeddable":true,"href":"https:\/\/simovision.be\/professional\/fr\/wp-json\/wp\/v2\/product_brand?post=6790"},{"taxonomy":"product_cat","embeddable":true,"href":"https:\/\/simovision.be\/professional\/fr\/wp-json\/wp\/v2\/product_cat?post=6790"},{"taxonomy":"product_tag","embeddable":true,"href":"https:\/\/simovision.be\/professional\/fr\/wp-json\/wp\/v2\/product_tag?post=6790"}],"curies":[{"name":"wp","href":"https:\/\/api.w.org\/{rel}","templated":true}]}}