{"id":6708,"date":"2025-09-10T11:24:12","date_gmt":"2025-09-10T09:24:12","guid":{"rendered":"https:\/\/simovision.be\/professional\/product\/pentacam-cornea-oct\/"},"modified":"2025-09-22T12:07:00","modified_gmt":"2025-09-22T10:07:00","slug":"oculus-pentacam-cornea-oct","status":"publish","type":"product","link":"https:\/\/simovision.be\/professional\/fr\/produit\/oculus-pentacam-cornea-oct\/","title":{"rendered":"OCULUS Pentacam Cornea OCT"},"content":{"rendered":"<h3><strong>Le meilleur des deux mondes<\/strong><\/h3>\n<p>En moins d\u2019<strong>1 seconde<\/strong>, chaque sp\u00e9cialiste de la corn\u00e9e re\u00e7oit \u00e0 la fois une <strong>image Scheimpflug<\/strong> du segment ant\u00e9rieur et des <strong>images OCT ultra-haute r\u00e9solution<\/strong> de la <strong>corn\u00e9e<\/strong>, toutes g\u00e9n\u00e9r\u00e9es en un seul processus de mesure.<\/p>\n<h4><span style=\"color: #185a87\">1. Avantages de la <strong>technologie Scheimpflug<\/strong><\/span><\/h4>\n<p>Depuis plus de 20 ans, la <strong>technologie Scheimpflug<\/strong> est la <strong>r\u00e9f\u00e9rence incontest\u00e9e<\/strong> en <strong>tomographie<\/strong> du segment ant\u00e9rieur. Tous les param\u00e8tres du segment ant\u00e9rieur sont mesur\u00e9s en une seule fois avec une tr\u00e8s grande pr\u00e9cision. Les \u00e9tudes cliniques men\u00e9es au cours des deux derni\u00e8res d\u00e9cennies constituent la base du logiciel, qui r\u00e9pond \u00e0 tous les besoins: du <strong>d\u00e9pistage r\u00e9fractif<\/strong> \u00e0 la s\u00e9lection des <strong>implants IOL premium<\/strong>, en passant par les <strong>calculs IOL<\/strong> et l\u2019adaptation de lentilles scl\u00e9rales.<\/p>\n<p>Logiciel \u00e9prouv\u00e9 et valid\u00e9 avec des donn\u00e9es normatives:<\/p>\n<ul>\n<li>Belin\/Ambr\u00f3sio Enhanced Ectasia Display*<\/li>\n<li>Cataract Pre-OP Display*<\/li>\n<li>Corneal Optical Densitometry*<\/li>\n<li>Fast Screening Report*<\/li>\n<\/ul>\n<h4><span style=\"color: #185a87\">2. Avantages de la <strong>technologie Cornea-OCT<\/strong><\/span><\/h4>\n<p>La technologie OCT haute r\u00e9solution permet une <strong>visualisation d\u00e9taill\u00e9e<\/strong> des <strong>structures corn\u00e9ennes<\/strong>, y compris la mesure pr\u00e9cise de l\u2019<strong>\u00e9paisseur \u00e9pith\u00e9liale<\/strong>. Cette mesure est cruciale pour la d\u00e9tection pr\u00e9coce des ectasies corn\u00e9ennes. Le mapping de l\u2019\u00e9paisseur \u00e9pith\u00e9liale soutient en outre la <strong>planification chirurgicale<\/strong>, contribuant \u00e0 des <strong>r\u00e9sultats optimaux<\/strong> en <strong>chirurgie r\u00e9fractive<\/strong>. L\u2019imagerie OCT est \u00e9galement essentielle pour:<\/p>\n<ul>\n<li>les soins postop\u00e9ratoires;<\/li>\n<li>le suivi de la cicatrisation;<\/li>\n<li>la d\u00e9tection de complications apr\u00e8s LASIK ou k\u00e9ratoplastie.<\/li>\n<\/ul>\n<ul>\n<li>Ultra haute r\u00e9solution sur toute la corn\u00e9e<\/li>\n<li>Syst\u00e8me de balayage p\u00e9ricentrique grand angle unique<\/li>\n<li>Mode \u00ab Averaging \u00bb pour \u00ab <strong>biopsie optique<\/strong> \u00bb**<\/li>\n<li>Mapping de l\u2019\u00e9paisseur \u00e9pith\u00e9liale<\/li>\n<\/ul>\n<p><a href=\"https:\/\/simovision.be\/professional\/wp-content\/uploads\/sites\/2\/2025\/09\/Resolution-comparison-between-Cornea-OCT-and-Standard-OCT.jpg\" target=\"_blank\" rel=\"noopener\"><img loading=\"lazy\" decoding=\"async\" class=\"wp-image-6710 alignnone\" src=\"https:\/\/simovision.be\/professional\/wp-content\/uploads\/sites\/2\/2025\/09\/Resolution-comparison-between-Cornea-OCT-and-Standard-OCT.jpg\" alt=\"Resolution comparison between Cornea OCT and Standard OCT\" width=\"800\" height=\"276\" srcset=\"https:\/\/simovision.be\/professional\/wp-content\/uploads\/sites\/2\/2025\/09\/Resolution-comparison-between-Cornea-OCT-and-Standard-OCT.jpg 1000w, https:\/\/simovision.be\/professional\/wp-content\/uploads\/sites\/2\/2025\/09\/Resolution-comparison-between-Cornea-OCT-and-Standard-OCT-300x104.jpg 300w, https:\/\/simovision.be\/professional\/wp-content\/uploads\/sites\/2\/2025\/09\/Resolution-comparison-between-Cornea-OCT-and-Standard-OCT-768x265.jpg 768w, https:\/\/simovision.be\/professional\/wp-content\/uploads\/sites\/2\/2025\/09\/Resolution-comparison-between-Cornea-OCT-and-Standard-OCT-900x311.jpg 900w, https:\/\/simovision.be\/professional\/wp-content\/uploads\/sites\/2\/2025\/09\/Resolution-comparison-between-Cornea-OCT-and-Standard-OCT-64x22.jpg 64w\" sizes=\"auto, (max-width: 800px) 100vw, 800px\" \/><\/a><\/p>\n<h3><span style=\"color: #185a87\"><strong>1+2 = Le meilleur des deux mondes: Scheimpflug + OCT<\/strong><\/span><\/h3>\n<p>La <strong>combinaison<\/strong> de la technologie Scheimpflug et de l\u2019OCT offre une <strong>vue compl\u00e8te<\/strong>: Scheimpflug r\u00e9v\u00e8le les structures diffusant la lumi\u00e8re dans le segment ant\u00e9rieur avec une lumi\u00e8re bleue, tandis que l\u2019OCT fournit des d\u00e9tails in\u00e9gal\u00e9s. Les <strong>deux mesures<\/strong> sont r\u00e9alis\u00e9es <strong>simultan\u00e9ment<\/strong> sur les m\u00eames zones exactes, permettant une <strong>visualisation directe<\/strong> et <strong>d\u00e9taill\u00e9e<\/strong> de toutes les <strong>anomalies<\/strong>.<\/p>\n<ul>\n<li><strong>Qualit\u00e9 d\u2019image sup\u00e9rieure<\/strong>:\n<ul>\n<li>Scheimpflug montre la diffusion;<\/li>\n<li>OCT r\u00e9v\u00e8le les structures en d\u00e9tail.<\/li>\n<\/ul>\n<\/li>\n<li><strong>Pr\u00e9cision am\u00e9lior\u00e9e<\/strong>: mesures exactes sur des emplacements corn\u00e9ens identiques.<\/li>\n<li><strong>Diagnostic avanc\u00e9<\/strong>: combinaison d\u2019une <strong>analyse tomographique<\/strong> \u00e9prouv\u00e9e avec un <strong>mapping \u00e9pith\u00e9lial<\/strong>.<\/li>\n<li><strong>Compatibilit\u00e9 descendante<\/strong>: suivi bas\u00e9 sur vos <strong>donn\u00e9es Pentacam<sup>\u00ae<\/sup> existantes<\/strong>.<\/li>\n<\/ul>\n<p><em><span style=\"font-size: 10pt\"><br \/>\n* See Software Configurations information brochure<\/span><\/em><br \/>\n<em><span style=\"font-size: 10pt\">** Term quoted by Renato Ambr\u00f3sio Jr<\/span><\/em><\/p>\n","protected":false},"excerpt":{"rendered":"<h3><strong>Visualisation corn\u00e9enne haute r\u00e9solution<\/strong><\/h3>\n<ul>\n<li>Acquisition <strong>3D \u00e0 360\u00b0 simultan\u00e9e<\/strong> <strong>Scheimpflug et Cornea-OCT<\/strong><\/li>\n<li>Ultra haute <strong>r\u00e9solution<\/strong> de <strong>1,9 \u00b5m<\/strong> sur l\u2019ensemble de la corn\u00e9e<\/li>\n<li>Donn\u00e9es Scheimpflug valid\u00e9es et image OCT dans <strong>un seul appareil<\/strong><\/li>\n<li><strong>Enti\u00e8rement compatible<\/strong> avec les donn\u00e9es d\u2019examen <strong>Pentacam<sup>\u00ae<\/sup><\/strong> existantes<\/li>\n<\/ul>\n","protected":false},"featured_media":6692,"template":"","meta":{"_acf_changed":false,"content-type":"","site-sidebar-layout":"default","site-content-layout":"","ast-site-content-layout":"default","site-content-style":"default","site-sidebar-style":"default","ast-global-header-display":"","ast-banner-title-visibility":"","ast-main-header-display":"","ast-hfb-above-header-display":"","ast-hfb-below-header-display":"","ast-hfb-mobile-header-display":"","site-post-title":"","ast-breadcrumbs-content":"","ast-featured-img":"","footer-sml-layout":"","theme-transparent-header-meta":"default","adv-header-id-meta":"","stick-header-meta":"default","header-above-stick-meta":"","header-main-stick-meta":"","header-below-stick-meta":"","astra-migrate-meta-layouts":"set","ast-page-background-enabled":"default","ast-page-background-meta":{"desktop":{"background-color":"var(--ast-global-color-4)","background-image":"","background-repeat":"repeat","background-position":"center center","background-size":"auto","background-attachment":"scroll","background-type":"","background-media":"","overlay-type":"","overlay-color":"","overlay-opacity":"","overlay-gradient":""},"tablet":{"background-color":"","background-image":"","background-repeat":"repeat","background-position":"center center","background-size":"auto","background-attachment":"scroll","background-type":"","background-media":"","overlay-type":"","overlay-color":"","overlay-opacity":"","overlay-gradient":""},"mobile":{"background-color":"","background-image":"","background-repeat":"repeat","background-position":"center center","background-size":"auto","background-attachment":"scroll","background-type":"","background-media":"","overlay-type":"","overlay-color":"","overlay-opacity":"","overlay-gradient":""}},"ast-content-background-meta":{"desktop":{"background-color":"var(--ast-global-color-5)","background-image":"","background-repeat":"repeat","background-position":"center center","background-size":"auto","background-attachment":"scroll","background-type":"","background-media":"","overlay-type":"","overlay-color":"","overlay-opacity":"","overlay-gradient":""},"tablet":{"background-color":"var(--ast-global-color-5)","background-image":"","background-repeat":"repeat","background-position":"center center","background-size":"auto","background-attachment":"scroll","background-type":"","background-media":"","overlay-type":"","overlay-color":"","overlay-opacity":"","overlay-gradient":""},"mobile":{"background-color":"var(--ast-global-color-5)","background-image":"","background-repeat":"repeat","background-position":"center center","background-size":"auto","background-attachment":"scroll","background-type":"","background-media":"","overlay-type":"","overlay-color":"","overlay-opacity":"","overlay-gradient":""}}},"product_brand":[],"product_cat":[122,138,128],"product_tag":[],"class_list":{"0":"post-6708","1":"product","2":"type-product","3":"status-publish","4":"has-post-thumbnail","6":"product_cat-equipement","7":"product_cat-oct-fr","8":"product_cat-segment-anterieur-tomographe-et-topographe","9":"desktop-align-left","10":"tablet-align-left","11":"mobile-align-left","12":"ast-product-gallery-layout-first-image-large","13":"ast-product-tabs-layout-horizontal","15":"first","16":"instock","17":"shipping-taxable","18":"product-type-simple"},"acf":[],"yoast_head":"<!-- This site is optimized with the Yoast SEO plugin v26.3 - https:\/\/yoast.com\/wordpress\/plugins\/seo\/ -->\n<title>OCULUS Pentacam Cornea OCT - Simovision - Professional<\/title>\n<meta name=\"robots\" content=\"index, follow, max-snippet:-1, max-image-preview:large, max-video-preview:-1\" \/>\n<link rel=\"canonical\" href=\"https:\/\/simovision.be\/professional\/fr\/produit\/oculus-pentacam-cornea-oct\/\" \/>\n<meta property=\"og:locale\" content=\"fr_FR\" \/>\n<meta property=\"og:type\" content=\"article\" \/>\n<meta property=\"og:title\" content=\"OCULUS Pentacam Cornea OCT - Simovision - Professional\" \/>\n<meta property=\"og:description\" content=\"Visualisation corn\u00e9enne haute r\u00e9solution   Acquisition 3D \u00e0 360\u00b0 simultan\u00e9e Scheimpflug et Cornea-OCT  Ultra haute r\u00e9solution de 1,9 \u00b5m sur l\u2019ensemble de la corn\u00e9e  Donn\u00e9es Scheimpflug valid\u00e9es et image OCT dans un seul appareil  Enti\u00e8rement compatible avec les donn\u00e9es d\u2019examen Pentacam\u00ae existantes\" \/>\n<meta property=\"og:url\" content=\"https:\/\/simovision.be\/professional\/fr\/produit\/oculus-pentacam-cornea-oct\/\" \/>\n<meta property=\"og:site_name\" content=\"Simovision - Professional\" \/>\n<meta property=\"article:modified_time\" content=\"2025-09-22T10:07:00+00:00\" \/>\n<meta property=\"og:image\" content=\"https:\/\/simovision.be\/professional\/wp-content\/uploads\/sites\/2\/2025\/09\/oculus_pentacam_cornea_oct2.jpg\" \/>\n\t<meta property=\"og:image:width\" content=\"1000\" \/>\n\t<meta property=\"og:image:height\" content=\"666\" \/>\n\t<meta property=\"og:image:type\" content=\"image\/jpeg\" \/>\n<meta name=\"twitter:card\" content=\"summary_large_image\" \/>\n<meta name=\"twitter:label1\" content=\"Dur\u00e9e de lecture estim\u00e9e\" \/>\n\t<meta name=\"twitter:data1\" content=\"3 minutes\" \/>\n<script type=\"application\/ld+json\" class=\"yoast-schema-graph\">{\"@context\":\"https:\/\/schema.org\",\"@graph\":[{\"@type\":\"WebPage\",\"@id\":\"https:\/\/simovision.be\/professional\/fr\/produit\/oculus-pentacam-cornea-oct\/\",\"url\":\"https:\/\/simovision.be\/professional\/fr\/produit\/oculus-pentacam-cornea-oct\/\",\"name\":\"OCULUS Pentacam Cornea OCT - Simovision - Professional\",\"isPartOf\":{\"@id\":\"https:\/\/simovision.be\/professional\/fr\/#website\"},\"primaryImageOfPage\":{\"@id\":\"https:\/\/simovision.be\/professional\/fr\/produit\/oculus-pentacam-cornea-oct\/#primaryimage\"},\"image\":{\"@id\":\"https:\/\/simovision.be\/professional\/fr\/produit\/oculus-pentacam-cornea-oct\/#primaryimage\"},\"thumbnailUrl\":\"https:\/\/simovision.be\/professional\/wp-content\/uploads\/sites\/2\/2025\/09\/oculus_pentacam_cornea_oct2.jpg\",\"datePublished\":\"2025-09-10T09:24:12+00:00\",\"dateModified\":\"2025-09-22T10:07:00+00:00\",\"breadcrumb\":{\"@id\":\"https:\/\/simovision.be\/professional\/fr\/produit\/oculus-pentacam-cornea-oct\/#breadcrumb\"},\"inLanguage\":\"fr-FR\",\"potentialAction\":[{\"@type\":\"ReadAction\",\"target\":[\"https:\/\/simovision.be\/professional\/fr\/produit\/oculus-pentacam-cornea-oct\/\"]}]},{\"@type\":\"ImageObject\",\"inLanguage\":\"fr-FR\",\"@id\":\"https:\/\/simovision.be\/professional\/fr\/produit\/oculus-pentacam-cornea-oct\/#primaryimage\",\"url\":\"https:\/\/simovision.be\/professional\/wp-content\/uploads\/sites\/2\/2025\/09\/oculus_pentacam_cornea_oct2.jpg\",\"contentUrl\":\"https:\/\/simovision.be\/professional\/wp-content\/uploads\/sites\/2\/2025\/09\/oculus_pentacam_cornea_oct2.jpg\",\"width\":1000,\"height\":666,\"caption\":\"OCULUS Pentacam Cornea OCT\"},{\"@type\":\"BreadcrumbList\",\"@id\":\"https:\/\/simovision.be\/professional\/fr\/produit\/oculus-pentacam-cornea-oct\/#breadcrumb\",\"itemListElement\":[{\"@type\":\"ListItem\",\"position\":1,\"name\":\"Home\",\"item\":\"https:\/\/simovision.be\/professional\/fr\/\"},{\"@type\":\"ListItem\",\"position\":2,\"name\":\"Boutique\",\"item\":\"https:\/\/simovision.be\/professional\/winkel\/\"},{\"@type\":\"ListItem\",\"position\":3,\"name\":\"OCULUS Pentacam Cornea OCT\"}]},{\"@type\":\"WebSite\",\"@id\":\"https:\/\/simovision.be\/professional\/fr\/#website\",\"url\":\"https:\/\/simovision.be\/professional\/fr\/\",\"name\":\"Simovision - Professional\",\"description\":\"\",\"publisher\":{\"@id\":\"https:\/\/simovision.be\/professional\/fr\/#organization\"},\"potentialAction\":[{\"@type\":\"SearchAction\",\"target\":{\"@type\":\"EntryPoint\",\"urlTemplate\":\"https:\/\/simovision.be\/professional\/fr\/?s={search_term_string}\"},\"query-input\":{\"@type\":\"PropertyValueSpecification\",\"valueRequired\":true,\"valueName\":\"search_term_string\"}}],\"inLanguage\":\"fr-FR\"},{\"@type\":\"Organization\",\"@id\":\"https:\/\/simovision.be\/professional\/fr\/#organization\",\"name\":\"Simovision\",\"url\":\"https:\/\/simovision.be\/professional\/fr\/\",\"logo\":{\"@type\":\"ImageObject\",\"inLanguage\":\"fr-FR\",\"@id\":\"https:\/\/simovision.be\/professional\/fr\/#\/schema\/logo\/image\/\",\"url\":\"https:\/\/simovision.be\/professional\/wp-content\/uploads\/sites\/2\/2025\/06\/Logo_Simovision_Hilco_Vision_Pantone_7700C-kopie.webp\",\"contentUrl\":\"https:\/\/simovision.be\/professional\/wp-content\/uploads\/sites\/2\/2025\/06\/Logo_Simovision_Hilco_Vision_Pantone_7700C-kopie.webp\",\"width\":2000,\"height\":1021,\"caption\":\"Simovision\"},\"image\":{\"@id\":\"https:\/\/simovision.be\/professional\/fr\/#\/schema\/logo\/image\/\"},\"sameAs\":[\"https:\/\/www.linkedin.com\/company\/simovision\"]}]}<\/script>\n<!-- \/ Yoast SEO plugin. -->","yoast_head_json":{"title":"OCULUS Pentacam Cornea OCT - Simovision - Professional","robots":{"index":"index","follow":"follow","max-snippet":"max-snippet:-1","max-image-preview":"max-image-preview:large","max-video-preview":"max-video-preview:-1"},"canonical":"https:\/\/simovision.be\/professional\/fr\/produit\/oculus-pentacam-cornea-oct\/","og_locale":"fr_FR","og_type":"article","og_title":"OCULUS Pentacam Cornea OCT - Simovision - Professional","og_description":"Visualisation corn\u00e9enne haute r\u00e9solution   Acquisition 3D \u00e0 360\u00b0 simultan\u00e9e Scheimpflug et Cornea-OCT  Ultra haute r\u00e9solution de 1,9 \u00b5m sur l\u2019ensemble de la corn\u00e9e  Donn\u00e9es Scheimpflug valid\u00e9es et image OCT dans un seul appareil  Enti\u00e8rement compatible avec les donn\u00e9es d\u2019examen Pentacam\u00ae existantes","og_url":"https:\/\/simovision.be\/professional\/fr\/produit\/oculus-pentacam-cornea-oct\/","og_site_name":"Simovision - Professional","article_modified_time":"2025-09-22T10:07:00+00:00","og_image":[{"width":1000,"height":666,"url":"https:\/\/simovision.be\/professional\/wp-content\/uploads\/sites\/2\/2025\/09\/oculus_pentacam_cornea_oct2.jpg","type":"image\/jpeg"}],"twitter_card":"summary_large_image","twitter_misc":{"Dur\u00e9e de lecture estim\u00e9e":"3 minutes"},"schema":{"@context":"https:\/\/schema.org","@graph":[{"@type":"WebPage","@id":"https:\/\/simovision.be\/professional\/fr\/produit\/oculus-pentacam-cornea-oct\/","url":"https:\/\/simovision.be\/professional\/fr\/produit\/oculus-pentacam-cornea-oct\/","name":"OCULUS Pentacam Cornea OCT - Simovision - Professional","isPartOf":{"@id":"https:\/\/simovision.be\/professional\/fr\/#website"},"primaryImageOfPage":{"@id":"https:\/\/simovision.be\/professional\/fr\/produit\/oculus-pentacam-cornea-oct\/#primaryimage"},"image":{"@id":"https:\/\/simovision.be\/professional\/fr\/produit\/oculus-pentacam-cornea-oct\/#primaryimage"},"thumbnailUrl":"https:\/\/simovision.be\/professional\/wp-content\/uploads\/sites\/2\/2025\/09\/oculus_pentacam_cornea_oct2.jpg","datePublished":"2025-09-10T09:24:12+00:00","dateModified":"2025-09-22T10:07:00+00:00","breadcrumb":{"@id":"https:\/\/simovision.be\/professional\/fr\/produit\/oculus-pentacam-cornea-oct\/#breadcrumb"},"inLanguage":"fr-FR","potentialAction":[{"@type":"ReadAction","target":["https:\/\/simovision.be\/professional\/fr\/produit\/oculus-pentacam-cornea-oct\/"]}]},{"@type":"ImageObject","inLanguage":"fr-FR","@id":"https:\/\/simovision.be\/professional\/fr\/produit\/oculus-pentacam-cornea-oct\/#primaryimage","url":"https:\/\/simovision.be\/professional\/wp-content\/uploads\/sites\/2\/2025\/09\/oculus_pentacam_cornea_oct2.jpg","contentUrl":"https:\/\/simovision.be\/professional\/wp-content\/uploads\/sites\/2\/2025\/09\/oculus_pentacam_cornea_oct2.jpg","width":1000,"height":666,"caption":"OCULUS Pentacam Cornea OCT"},{"@type":"BreadcrumbList","@id":"https:\/\/simovision.be\/professional\/fr\/produit\/oculus-pentacam-cornea-oct\/#breadcrumb","itemListElement":[{"@type":"ListItem","position":1,"name":"Home","item":"https:\/\/simovision.be\/professional\/fr\/"},{"@type":"ListItem","position":2,"name":"Boutique","item":"https:\/\/simovision.be\/professional\/winkel\/"},{"@type":"ListItem","position":3,"name":"OCULUS Pentacam Cornea OCT"}]},{"@type":"WebSite","@id":"https:\/\/simovision.be\/professional\/fr\/#website","url":"https:\/\/simovision.be\/professional\/fr\/","name":"Simovision - Professional","description":"","publisher":{"@id":"https:\/\/simovision.be\/professional\/fr\/#organization"},"potentialAction":[{"@type":"SearchAction","target":{"@type":"EntryPoint","urlTemplate":"https:\/\/simovision.be\/professional\/fr\/?s={search_term_string}"},"query-input":{"@type":"PropertyValueSpecification","valueRequired":true,"valueName":"search_term_string"}}],"inLanguage":"fr-FR"},{"@type":"Organization","@id":"https:\/\/simovision.be\/professional\/fr\/#organization","name":"Simovision","url":"https:\/\/simovision.be\/professional\/fr\/","logo":{"@type":"ImageObject","inLanguage":"fr-FR","@id":"https:\/\/simovision.be\/professional\/fr\/#\/schema\/logo\/image\/","url":"https:\/\/simovision.be\/professional\/wp-content\/uploads\/sites\/2\/2025\/06\/Logo_Simovision_Hilco_Vision_Pantone_7700C-kopie.webp","contentUrl":"https:\/\/simovision.be\/professional\/wp-content\/uploads\/sites\/2\/2025\/06\/Logo_Simovision_Hilco_Vision_Pantone_7700C-kopie.webp","width":2000,"height":1021,"caption":"Simovision"},"image":{"@id":"https:\/\/simovision.be\/professional\/fr\/#\/schema\/logo\/image\/"},"sameAs":["https:\/\/www.linkedin.com\/company\/simovision"]}]}},"_links":{"self":[{"href":"https:\/\/simovision.be\/professional\/fr\/wp-json\/wp\/v2\/product\/6708","targetHints":{"allow":["GET"]}}],"collection":[{"href":"https:\/\/simovision.be\/professional\/fr\/wp-json\/wp\/v2\/product"}],"about":[{"href":"https:\/\/simovision.be\/professional\/fr\/wp-json\/wp\/v2\/types\/product"}],"wp:featuredmedia":[{"embeddable":true,"href":"https:\/\/simovision.be\/professional\/fr\/wp-json\/wp\/v2\/media\/6692"}],"wp:attachment":[{"href":"https:\/\/simovision.be\/professional\/fr\/wp-json\/wp\/v2\/media?parent=6708"}],"wp:term":[{"taxonomy":"product_brand","embeddable":true,"href":"https:\/\/simovision.be\/professional\/fr\/wp-json\/wp\/v2\/product_brand?post=6708"},{"taxonomy":"product_cat","embeddable":true,"href":"https:\/\/simovision.be\/professional\/fr\/wp-json\/wp\/v2\/product_cat?post=6708"},{"taxonomy":"product_tag","embeddable":true,"href":"https:\/\/simovision.be\/professional\/fr\/wp-json\/wp\/v2\/product_tag?post=6708"}],"curies":[{"name":"wp","href":"https:\/\/api.w.org\/{rel}","templated":true}]}}