{"id":5104,"date":"2025-06-13T13:09:01","date_gmt":"2025-06-13T11:09:01","guid":{"rendered":"https:\/\/simovision.be\/professional\/product\/cr-2-plus-af\/"},"modified":"2025-09-22T12:07:20","modified_gmt":"2025-09-22T10:07:20","slug":"cr-2-plus-af","status":"publish","type":"product","link":"https:\/\/simovision.be\/professional\/fr\/produit\/cr-2-plus-af\/","title":{"rendered":"CR-2 Plus AF"},"content":{"rendered":"","protected":false},"excerpt":{"rendered":"<p><img loading=\"lazy\" decoding=\"async\" class=\"alignnone wp-image-4983 size-full\" src=\"https:\/\/simovision.be\/professional\/wp-content\/uploads\/sites\/2\/2025\/06\/Logo_canon_tease.png\" alt=\"\" width=\"319\" height=\"40\" srcset=\"https:\/\/simovision.be\/professional\/wp-content\/uploads\/sites\/2\/2025\/06\/Logo_canon_tease.png 319w, https:\/\/simovision.be\/professional\/wp-content\/uploads\/sites\/2\/2025\/06\/Logo_canon_tease-64x8.png 64w, https:\/\/simovision.be\/professional\/wp-content\/uploads\/sites\/2\/2025\/06\/Logo_canon_tease-300x38.png 300w\" sizes=\"auto, (max-width: 319px) 100vw, 319px\" \/><\/p>\n<h3><strong>Cam\u00e9ra r\u00e9tinienne num\u00e9rique non mydriatique<\/strong><\/h3>\n<p>Le Canon CR-2 Plus AF, <strong>cam\u00e9ra r\u00e9tinienne num\u00e9rique non mydriatique<\/strong>, offre des <strong>images en couleur<\/strong> ainsi qu&rsquo;en <strong>autofluorescence<\/strong> du <strong>fond d&rsquo;\u0153il<\/strong> (FAF), le tout dans un design compact. L\u2019imagerie FAF fournit des informations sur les changements de la r\u00e9tine qui ne peuvent pas \u00eatre d\u00e9tect\u00e9s avec la photographie couleur standard.<\/p>\n<p>L\u2019appareil propose une <strong>mise au point automatique<\/strong> rapide et pr\u00e9cise, un passage automatique de l\u2019<strong>observation ant\u00e9rieure<\/strong> \u00e0 l\u2019<strong>observation r\u00e9tinienne<\/strong>, ainsi qu\u2019une prise de vue automatique. Il dispose \u00e9galement d\u2019une exposition automatique photom\u00e9trique unique, o\u00f9 l\u2019intensit\u00e9 du flash et de la lumi\u00e8re d\u2019observation est d\u00e9termin\u00e9e automatiquement \u00e0 chaque examen, gr\u00e2ce \u00e0 une mesure en temps r\u00e9el de la r\u00e9flectance r\u00e9tinienne. Cela permet d\u2019obtenir des <strong>images parfaites<\/strong> en <strong>une seule prise<\/strong>, quel que soit le diam\u00e8tre pupillaire ou l\u2019origine ethnique du patient.<\/p>\n<p>Le CR-2 Plus AF est \u00e9quip\u00e9 d\u2019un <strong>appareil photo num\u00e9rique EOS d\u00e9di\u00e9<\/strong> et sp\u00e9cialement con\u00e7u pour garantir une <strong>qualit\u00e9 d\u2019image optimale<\/strong>.<\/p>\n","protected":false},"featured_media":3875,"template":"","meta":{"_acf_changed":false,"content-type":"","site-sidebar-layout":"default","site-content-layout":"","ast-site-content-layout":"default","site-content-style":"default","site-sidebar-style":"default","ast-global-header-display":"","ast-banner-title-visibility":"","ast-main-header-display":"","ast-hfb-above-header-display":"","ast-hfb-below-header-display":"","ast-hfb-mobile-header-display":"","site-post-title":"","ast-breadcrumbs-content":"","ast-featured-img":"","footer-sml-layout":"","theme-transparent-header-meta":"default","adv-header-id-meta":"","stick-header-meta":"default","header-above-stick-meta":"","header-main-stick-meta":"","header-below-stick-meta":"","astra-migrate-meta-layouts":"set","ast-page-background-enabled":"default","ast-page-background-meta":{"desktop":{"background-color":"var(--ast-global-color-4)","background-image":"","background-repeat":"repeat","background-position":"center center","background-size":"auto","background-attachment":"scroll","background-type":"","background-media":"","overlay-type":"","overlay-color":"","overlay-opacity":"","overlay-gradient":""},"tablet":{"background-color":"","background-image":"","background-repeat":"repeat","background-position":"center center","background-size":"auto","background-attachment":"scroll","background-type":"","background-media":"","overlay-type":"","overlay-color":"","overlay-opacity":"","overlay-gradient":""},"mobile":{"background-color":"","background-image":"","background-repeat":"repeat","background-position":"center center","background-size":"auto","background-attachment":"scroll","background-type":"","background-media":"","overlay-type":"","overlay-color":"","overlay-opacity":"","overlay-gradient":""}},"ast-content-background-meta":{"desktop":{"background-color":"var(--ast-global-color-5)","background-image":"","background-repeat":"repeat","background-position":"center center","background-size":"auto","background-attachment":"scroll","background-type":"","background-media":"","overlay-type":"","overlay-color":"","overlay-opacity":"","overlay-gradient":""},"tablet":{"background-color":"var(--ast-global-color-5)","background-image":"","background-repeat":"repeat","background-position":"center center","background-size":"auto","background-attachment":"scroll","background-type":"","background-media":"","overlay-type":"","overlay-color":"","overlay-opacity":"","overlay-gradient":""},"mobile":{"background-color":"var(--ast-global-color-5)","background-image":"","background-repeat":"repeat","background-position":"center center","background-size":"auto","background-attachment":"scroll","background-type":"","background-media":"","overlay-type":"","overlay-color":"","overlay-opacity":"","overlay-gradient":""}}},"product_brand":[],"product_cat":[123],"product_tag":[],"class_list":{"0":"post-5104","1":"product","2":"type-product","3":"status-publish","4":"has-post-thumbnail","6":"product_cat-retinographes","7":"desktop-align-left","8":"tablet-align-left","9":"mobile-align-left","10":"ast-product-gallery-layout-first-image-large","11":"ast-product-tabs-layout-horizontal","13":"first","14":"instock","15":"shipping-taxable","16":"product-type-simple"},"acf":[],"yoast_head":"<!-- This site is optimized with the Yoast SEO plugin v26.3 - https:\/\/yoast.com\/wordpress\/plugins\/seo\/ -->\n<title>CR-2 Plus AF - Simovision - Professional<\/title>\n<meta name=\"robots\" content=\"index, follow, max-snippet:-1, max-image-preview:large, max-video-preview:-1\" \/>\n<link rel=\"canonical\" href=\"https:\/\/simovision.be\/professional\/fr\/produit\/cr-2-plus-af\/\" \/>\n<meta property=\"og:locale\" content=\"fr_FR\" \/>\n<meta property=\"og:type\" content=\"article\" \/>\n<meta property=\"og:title\" content=\"CR-2 Plus AF - Simovision - Professional\" \/>\n<meta property=\"og:description\" content=\"Cam\u00e9ra r\u00e9tinienne num\u00e9rique non mydriatique Le Canon CR-2 Plus AF, cam\u00e9ra r\u00e9tinienne num\u00e9rique non mydriatique, offre des images en couleur ainsi qu&#039;en autofluorescence du fond d&#039;\u0153il (FAF), le tout dans un design compact. L\u2019imagerie FAF fournit des informations sur les changements de la r\u00e9tine qui ne peuvent pas \u00eatre d\u00e9tect\u00e9s avec la photographie couleur standard.  L\u2019appareil propose une mise au point automatique rapide et pr\u00e9cise, un passage automatique de l\u2019observation ant\u00e9rieure \u00e0 l\u2019observation r\u00e9tinienne, ainsi qu\u2019une prise de vue automatique. Il dispose \u00e9galement d\u2019une exposition automatique photom\u00e9trique unique, o\u00f9 l\u2019intensit\u00e9 du flash et de la lumi\u00e8re d\u2019observation est d\u00e9termin\u00e9e automatiquement \u00e0 chaque examen, gr\u00e2ce \u00e0 une mesure en temps r\u00e9el de la r\u00e9flectance r\u00e9tinienne. Cela permet d\u2019obtenir des images parfaites en une seule prise, quel que soit le diam\u00e8tre pupillaire ou l\u2019origine ethnique du patient.  Le CR-2 Plus AF est \u00e9quip\u00e9 d\u2019un appareil photo num\u00e9rique EOS d\u00e9di\u00e9 et sp\u00e9cialement con\u00e7u pour garantir une qualit\u00e9 d\u2019image optimale.\" \/>\n<meta property=\"og:url\" content=\"https:\/\/simovision.be\/professional\/fr\/produit\/cr-2-plus-af\/\" \/>\n<meta property=\"og:site_name\" content=\"Simovision - Professional\" \/>\n<meta property=\"article:modified_time\" content=\"2025-09-22T10:07:20+00:00\" \/>\n<meta property=\"og:image\" content=\"https:\/\/simovision.be\/professional\/wp-content\/uploads\/sites\/2\/2025\/06\/CR-2_Plus_AF.webp\" \/>\n\t<meta property=\"og:image:width\" content=\"1000\" \/>\n\t<meta property=\"og:image:height\" content=\"666\" \/>\n\t<meta property=\"og:image:type\" content=\"image\/webp\" \/>\n<meta name=\"twitter:card\" content=\"summary_large_image\" \/>\n<meta name=\"twitter:label1\" content=\"Dur\u00e9e de lecture estim\u00e9e\" \/>\n\t<meta name=\"twitter:data1\" content=\"1 minute\" \/>\n<script type=\"application\/ld+json\" class=\"yoast-schema-graph\">{\"@context\":\"https:\/\/schema.org\",\"@graph\":[{\"@type\":\"WebPage\",\"@id\":\"https:\/\/simovision.be\/professional\/fr\/produit\/cr-2-plus-af\/\",\"url\":\"https:\/\/simovision.be\/professional\/fr\/produit\/cr-2-plus-af\/\",\"name\":\"CR-2 Plus AF - Simovision - Professional\",\"isPartOf\":{\"@id\":\"https:\/\/simovision.be\/professional\/fr\/#website\"},\"primaryImageOfPage\":{\"@id\":\"https:\/\/simovision.be\/professional\/fr\/produit\/cr-2-plus-af\/#primaryimage\"},\"image\":{\"@id\":\"https:\/\/simovision.be\/professional\/fr\/produit\/cr-2-plus-af\/#primaryimage\"},\"thumbnailUrl\":\"https:\/\/simovision.be\/professional\/wp-content\/uploads\/sites\/2\/2025\/06\/CR-2_Plus_AF.webp\",\"datePublished\":\"2025-06-13T11:09:01+00:00\",\"dateModified\":\"2025-09-22T10:07:20+00:00\",\"breadcrumb\":{\"@id\":\"https:\/\/simovision.be\/professional\/fr\/produit\/cr-2-plus-af\/#breadcrumb\"},\"inLanguage\":\"fr-FR\",\"potentialAction\":[{\"@type\":\"ReadAction\",\"target\":[\"https:\/\/simovision.be\/professional\/fr\/produit\/cr-2-plus-af\/\"]}]},{\"@type\":\"ImageObject\",\"inLanguage\":\"fr-FR\",\"@id\":\"https:\/\/simovision.be\/professional\/fr\/produit\/cr-2-plus-af\/#primaryimage\",\"url\":\"https:\/\/simovision.be\/professional\/wp-content\/uploads\/sites\/2\/2025\/06\/CR-2_Plus_AF.webp\",\"contentUrl\":\"https:\/\/simovision.be\/professional\/wp-content\/uploads\/sites\/2\/2025\/06\/CR-2_Plus_AF.webp\",\"width\":1000,\"height\":666},{\"@type\":\"BreadcrumbList\",\"@id\":\"https:\/\/simovision.be\/professional\/fr\/produit\/cr-2-plus-af\/#breadcrumb\",\"itemListElement\":[{\"@type\":\"ListItem\",\"position\":1,\"name\":\"Home\",\"item\":\"https:\/\/simovision.be\/professional\/fr\/\"},{\"@type\":\"ListItem\",\"position\":2,\"name\":\"Boutique\",\"item\":\"https:\/\/simovision.be\/professional\/winkel\/\"},{\"@type\":\"ListItem\",\"position\":3,\"name\":\"CR-2 Plus AF\"}]},{\"@type\":\"WebSite\",\"@id\":\"https:\/\/simovision.be\/professional\/fr\/#website\",\"url\":\"https:\/\/simovision.be\/professional\/fr\/\",\"name\":\"Simovision - Professional\",\"description\":\"\",\"publisher\":{\"@id\":\"https:\/\/simovision.be\/professional\/fr\/#organization\"},\"potentialAction\":[{\"@type\":\"SearchAction\",\"target\":{\"@type\":\"EntryPoint\",\"urlTemplate\":\"https:\/\/simovision.be\/professional\/fr\/?s={search_term_string}\"},\"query-input\":{\"@type\":\"PropertyValueSpecification\",\"valueRequired\":true,\"valueName\":\"search_term_string\"}}],\"inLanguage\":\"fr-FR\"},{\"@type\":\"Organization\",\"@id\":\"https:\/\/simovision.be\/professional\/fr\/#organization\",\"name\":\"Simovision\",\"url\":\"https:\/\/simovision.be\/professional\/fr\/\",\"logo\":{\"@type\":\"ImageObject\",\"inLanguage\":\"fr-FR\",\"@id\":\"https:\/\/simovision.be\/professional\/fr\/#\/schema\/logo\/image\/\",\"url\":\"https:\/\/simovision.be\/professional\/wp-content\/uploads\/sites\/2\/2025\/06\/Logo_Simovision_Hilco_Vision_Pantone_7700C-kopie.webp\",\"contentUrl\":\"https:\/\/simovision.be\/professional\/wp-content\/uploads\/sites\/2\/2025\/06\/Logo_Simovision_Hilco_Vision_Pantone_7700C-kopie.webp\",\"width\":2000,\"height\":1021,\"caption\":\"Simovision\"},\"image\":{\"@id\":\"https:\/\/simovision.be\/professional\/fr\/#\/schema\/logo\/image\/\"},\"sameAs\":[\"https:\/\/www.linkedin.com\/company\/simovision\"]}]}<\/script>\n<!-- \/ Yoast SEO plugin. -->","yoast_head_json":{"title":"CR-2 Plus AF - Simovision - Professional","robots":{"index":"index","follow":"follow","max-snippet":"max-snippet:-1","max-image-preview":"max-image-preview:large","max-video-preview":"max-video-preview:-1"},"canonical":"https:\/\/simovision.be\/professional\/fr\/produit\/cr-2-plus-af\/","og_locale":"fr_FR","og_type":"article","og_title":"CR-2 Plus AF - Simovision - Professional","og_description":"Cam\u00e9ra r\u00e9tinienne num\u00e9rique non mydriatique Le Canon CR-2 Plus AF, cam\u00e9ra r\u00e9tinienne num\u00e9rique non mydriatique, offre des images en couleur ainsi qu'en autofluorescence du fond d'\u0153il (FAF), le tout dans un design compact. L\u2019imagerie FAF fournit des informations sur les changements de la r\u00e9tine qui ne peuvent pas \u00eatre d\u00e9tect\u00e9s avec la photographie couleur standard.  L\u2019appareil propose une mise au point automatique rapide et pr\u00e9cise, un passage automatique de l\u2019observation ant\u00e9rieure \u00e0 l\u2019observation r\u00e9tinienne, ainsi qu\u2019une prise de vue automatique. Il dispose \u00e9galement d\u2019une exposition automatique photom\u00e9trique unique, o\u00f9 l\u2019intensit\u00e9 du flash et de la lumi\u00e8re d\u2019observation est d\u00e9termin\u00e9e automatiquement \u00e0 chaque examen, gr\u00e2ce \u00e0 une mesure en temps r\u00e9el de la r\u00e9flectance r\u00e9tinienne. Cela permet d\u2019obtenir des images parfaites en une seule prise, quel que soit le diam\u00e8tre pupillaire ou l\u2019origine ethnique du patient.  Le CR-2 Plus AF est \u00e9quip\u00e9 d\u2019un appareil photo num\u00e9rique EOS d\u00e9di\u00e9 et sp\u00e9cialement con\u00e7u pour garantir une qualit\u00e9 d\u2019image optimale.","og_url":"https:\/\/simovision.be\/professional\/fr\/produit\/cr-2-plus-af\/","og_site_name":"Simovision - Professional","article_modified_time":"2025-09-22T10:07:20+00:00","og_image":[{"width":1000,"height":666,"url":"https:\/\/simovision.be\/professional\/wp-content\/uploads\/sites\/2\/2025\/06\/CR-2_Plus_AF.webp","type":"image\/webp"}],"twitter_card":"summary_large_image","twitter_misc":{"Dur\u00e9e de lecture estim\u00e9e":"1 minute"},"schema":{"@context":"https:\/\/schema.org","@graph":[{"@type":"WebPage","@id":"https:\/\/simovision.be\/professional\/fr\/produit\/cr-2-plus-af\/","url":"https:\/\/simovision.be\/professional\/fr\/produit\/cr-2-plus-af\/","name":"CR-2 Plus AF - Simovision - Professional","isPartOf":{"@id":"https:\/\/simovision.be\/professional\/fr\/#website"},"primaryImageOfPage":{"@id":"https:\/\/simovision.be\/professional\/fr\/produit\/cr-2-plus-af\/#primaryimage"},"image":{"@id":"https:\/\/simovision.be\/professional\/fr\/produit\/cr-2-plus-af\/#primaryimage"},"thumbnailUrl":"https:\/\/simovision.be\/professional\/wp-content\/uploads\/sites\/2\/2025\/06\/CR-2_Plus_AF.webp","datePublished":"2025-06-13T11:09:01+00:00","dateModified":"2025-09-22T10:07:20+00:00","breadcrumb":{"@id":"https:\/\/simovision.be\/professional\/fr\/produit\/cr-2-plus-af\/#breadcrumb"},"inLanguage":"fr-FR","potentialAction":[{"@type":"ReadAction","target":["https:\/\/simovision.be\/professional\/fr\/produit\/cr-2-plus-af\/"]}]},{"@type":"ImageObject","inLanguage":"fr-FR","@id":"https:\/\/simovision.be\/professional\/fr\/produit\/cr-2-plus-af\/#primaryimage","url":"https:\/\/simovision.be\/professional\/wp-content\/uploads\/sites\/2\/2025\/06\/CR-2_Plus_AF.webp","contentUrl":"https:\/\/simovision.be\/professional\/wp-content\/uploads\/sites\/2\/2025\/06\/CR-2_Plus_AF.webp","width":1000,"height":666},{"@type":"BreadcrumbList","@id":"https:\/\/simovision.be\/professional\/fr\/produit\/cr-2-plus-af\/#breadcrumb","itemListElement":[{"@type":"ListItem","position":1,"name":"Home","item":"https:\/\/simovision.be\/professional\/fr\/"},{"@type":"ListItem","position":2,"name":"Boutique","item":"https:\/\/simovision.be\/professional\/winkel\/"},{"@type":"ListItem","position":3,"name":"CR-2 Plus AF"}]},{"@type":"WebSite","@id":"https:\/\/simovision.be\/professional\/fr\/#website","url":"https:\/\/simovision.be\/professional\/fr\/","name":"Simovision - Professional","description":"","publisher":{"@id":"https:\/\/simovision.be\/professional\/fr\/#organization"},"potentialAction":[{"@type":"SearchAction","target":{"@type":"EntryPoint","urlTemplate":"https:\/\/simovision.be\/professional\/fr\/?s={search_term_string}"},"query-input":{"@type":"PropertyValueSpecification","valueRequired":true,"valueName":"search_term_string"}}],"inLanguage":"fr-FR"},{"@type":"Organization","@id":"https:\/\/simovision.be\/professional\/fr\/#organization","name":"Simovision","url":"https:\/\/simovision.be\/professional\/fr\/","logo":{"@type":"ImageObject","inLanguage":"fr-FR","@id":"https:\/\/simovision.be\/professional\/fr\/#\/schema\/logo\/image\/","url":"https:\/\/simovision.be\/professional\/wp-content\/uploads\/sites\/2\/2025\/06\/Logo_Simovision_Hilco_Vision_Pantone_7700C-kopie.webp","contentUrl":"https:\/\/simovision.be\/professional\/wp-content\/uploads\/sites\/2\/2025\/06\/Logo_Simovision_Hilco_Vision_Pantone_7700C-kopie.webp","width":2000,"height":1021,"caption":"Simovision"},"image":{"@id":"https:\/\/simovision.be\/professional\/fr\/#\/schema\/logo\/image\/"},"sameAs":["https:\/\/www.linkedin.com\/company\/simovision"]}]}},"_links":{"self":[{"href":"https:\/\/simovision.be\/professional\/fr\/wp-json\/wp\/v2\/product\/5104","targetHints":{"allow":["GET"]}}],"collection":[{"href":"https:\/\/simovision.be\/professional\/fr\/wp-json\/wp\/v2\/product"}],"about":[{"href":"https:\/\/simovision.be\/professional\/fr\/wp-json\/wp\/v2\/types\/product"}],"wp:featuredmedia":[{"embeddable":true,"href":"https:\/\/simovision.be\/professional\/fr\/wp-json\/wp\/v2\/media\/3875"}],"wp:attachment":[{"href":"https:\/\/simovision.be\/professional\/fr\/wp-json\/wp\/v2\/media?parent=5104"}],"wp:term":[{"taxonomy":"product_brand","embeddable":true,"href":"https:\/\/simovision.be\/professional\/fr\/wp-json\/wp\/v2\/product_brand?post=5104"},{"taxonomy":"product_cat","embeddable":true,"href":"https:\/\/simovision.be\/professional\/fr\/wp-json\/wp\/v2\/product_cat?post=5104"},{"taxonomy":"product_tag","embeddable":true,"href":"https:\/\/simovision.be\/professional\/fr\/wp-json\/wp\/v2\/product_tag?post=5104"}],"curies":[{"name":"wp","href":"https:\/\/api.w.org\/{rel}","templated":true}]}}