{"id":3566,"date":"2025-06-12T07:18:01","date_gmt":"2025-06-12T05:18:01","guid":{"rendered":"https:\/\/simovision.be\/professional\/product\/capsulo\/"},"modified":"2025-09-22T12:07:22","modified_gmt":"2025-09-22T10:07:22","slug":"capsulo","status":"publish","type":"product","link":"https:\/\/simovision.be\/professional\/fr\/produit\/capsulo\/","title":{"rendered":"CAPSULO"},"content":{"rendered":"<h3><strong>Points cl\u00e9s<\/strong><\/h3>\n<ul>\n<li><strong>Optiques optimis\u00e9es<\/strong> pour la visualisation des <strong>segments ant\u00e9rieur<\/strong> et <strong>post\u00e9rieur<\/strong><\/li>\n<li>Tour d\u2019\u00e9clairage exclusive offrant <strong>2 angles d\u2019illumination<\/strong><\/li>\n<li><strong>Faisceau de vis\u00e9e vert<\/strong> assurant une focalisation pr\u00e9cise sur les tissus cibl\u00e9s<\/li>\n<\/ul>\n<h3><strong>Pourquoi choisir Capsulo<sup>\u00ae<\/sup>?<\/strong><\/h3>\n<h4>Laser enti\u00e8rement int\u00e9gr\u00e9<\/h4>\n<p>Capsulo<sup>\u00ae<\/sup> est un <strong>laser Nd-YAG int\u00e9gr\u00e9<\/strong> dans une <strong>lampe \u00e0 fente<\/strong> d\u00e9di\u00e9e, con\u00e7ue et fabriqu\u00e9e par <strong>Lumibird Medical<\/strong>:<\/p>\n<ul>\n<li>ergonomique<\/li>\n<li>compact<\/li>\n<li>polyvalent<\/li>\n<\/ul>\n<h4>Large plage de d\u00e9focalisation ant\u00e9rieure et post\u00e9rieure<\/h4>\n<p>Capsulo<sup>\u00ae<\/sup> propose une <strong>large plage<\/strong> de <strong>d\u00e9focalisation<\/strong> ant\u00e9rieure et post\u00e9rieure pour un <strong>traitement laser s\u00e9curis\u00e9<\/strong>.<\/p>\n<h4>Plateforme polyvalente<\/h4>\n<p>Capsulo<sup>\u00ae<\/sup> peut \u00eatre combin\u00e9 avec un <strong>laser Monospot<\/strong> ou <strong>MultiSpot 532nm<\/strong> de la gamme <strong><a href=\"https:\/\/simovision.be\/professional\/fr\/produit\/vitra-2\/\">Vitra 2<\/a><\/strong> pour la <strong>photocoagulation r\u00e9tinienne<\/strong>.<\/p>\n<p>Gr\u00e2ce \u00e0 son module de photocoagulation et sa tour d\u2019illumination avanc\u00e9e, il devient alors une <strong>plateforme laser tout-en-un<\/strong> adapt\u00e9e aux exigences des <strong>ophtalmologistes multi-sp\u00e9cialistes<\/strong>.<\/p>\n<h3><strong>3 avantages technologiques de CAPSULO<sup>\u00ae<\/sup><\/strong><\/h3>\n<h4>Cavit\u00e9 laser<\/h4>\n<ul>\n<li>Niveau d\u2019\u00e9nergie variable en continu (0.3 \u00e0 10 mJ)<\/li>\n<li>Temps d\u2019impulsion de 4 ns (\u00b1 1 ns)<\/li>\n<li>D\u00e9focalisation: 0 \u00e0 \u00b1 500 \u00b5m<\/li>\n<li>Fr\u00e9quence de r\u00e9p\u00e9tition: 3 Hz<\/li>\n<\/ul>\n<h4>Optiques et \u00e9clairage avanc\u00e9s<\/h4>\n<p><strong>Int\u00e9gr\u00e9<\/strong> dans une <strong>lampe \u00e0 fente<\/strong> \u00e0 <strong>\u00e9clairage LED<\/strong>, Capsulo<sup>\u00ae<\/sup> dispose d\u2019une tour d\u2019illumination offrant <strong>deux angles d\u2019\u00e9clairage<\/strong> pour une visualisation optimis\u00e9e des segments ant\u00e9rieur et post\u00e9rieur:<\/p>\n<ul>\n<li><strong>Position basse<\/strong>: angle d\u2019\u00e9clairage de 16\u00b0 pour le <strong>segment ant\u00e9rieur<\/strong><\/li>\n<li><strong>Position haute<\/strong>: angle d\u2019\u00e9clairage de 7,5\u00b0 pour le <strong>segment post\u00e9rieur<\/strong><\/li>\n<\/ul>\n<h4>Faisceau de vis\u00e9e vert 515 nm<\/h4>\n<p>Faisceau de vis\u00e9e vert assurant une focalisation pr\u00e9cise sur les tissus cibl\u00e9s.<\/p>\n","protected":false},"excerpt":{"rendered":"<p><img loading=\"lazy\" decoding=\"async\" class=\"alignnone size-full wp-image-4986\" src=\"https:\/\/simovision.be\/professional\/wp-content\/uploads\/sites\/2\/2025\/06\/Logo_Quantel_Medical_tease.png\" alt=\"\" width=\"96\" height=\"40\" srcset=\"https:\/\/simovision.be\/professional\/wp-content\/uploads\/sites\/2\/2025\/06\/Logo_Quantel_Medical_tease.png 96w, https:\/\/simovision.be\/professional\/wp-content\/uploads\/sites\/2\/2025\/06\/Logo_Quantel_Medical_tease-64x27.png 64w\" sizes=\"auto, (max-width: 96px) 100vw, 96px\" \/><\/p>\n<h3><strong>Laser YAG int\u00e9gr\u00e9 1064 nm<\/strong><\/h3>\n<p>Capsulo<sup>\u00ae<\/sup> est un <strong>laser Nd-YAG int\u00e9gr\u00e9<\/strong> pour la mise en \u0153uvre des proc\u00e9dures laser d\u2019<strong>iridotomie p\u00e9riph\u00e9rique<\/strong> et de <strong>capsulotomie post\u00e9rieure<\/strong>.<\/p>\n<p>Polyvalent, le laser Capsulo<sup>\u00ae<\/sup> peut \u00eatre <strong>combin\u00e9<\/strong> avec un laser Monospot ou MultiSpot de la gamme <strong><a href=\"https:\/\/simovision.be\/professional\/fr\/produit\/vitra-2\/\">Vitra 2<\/a><\/strong>. Il devient alors une plateforme laser polyvalente.<\/p>\n","protected":false},"featured_media":3873,"template":"","meta":{"_acf_changed":false,"content-type":"","site-sidebar-layout":"default","site-content-layout":"","ast-site-content-layout":"default","site-content-style":"default","site-sidebar-style":"default","ast-global-header-display":"","ast-banner-title-visibility":"","ast-main-header-display":"","ast-hfb-above-header-display":"","ast-hfb-below-header-display":"","ast-hfb-mobile-header-display":"","site-post-title":"","ast-breadcrumbs-content":"","ast-featured-img":"","footer-sml-layout":"","theme-transparent-header-meta":"default","adv-header-id-meta":"","stick-header-meta":"default","header-above-stick-meta":"","header-main-stick-meta":"","header-below-stick-meta":"","astra-migrate-meta-layouts":"set","ast-page-background-enabled":"default","ast-page-background-meta":{"desktop":{"background-color":"var(--ast-global-color-4)","background-image":"","background-repeat":"repeat","background-position":"center center","background-size":"auto","background-attachment":"scroll","background-type":"","background-media":"","overlay-type":"","overlay-color":"","overlay-opacity":"","overlay-gradient":""},"tablet":{"background-color":"","background-image":"","background-repeat":"repeat","background-position":"center center","background-size":"auto","background-attachment":"scroll","background-type":"","background-media":"","overlay-type":"","overlay-color":"","overlay-opacity":"","overlay-gradient":""},"mobile":{"background-color":"","background-image":"","background-repeat":"repeat","background-position":"center center","background-size":"auto","background-attachment":"scroll","background-type":"","background-media":"","overlay-type":"","overlay-color":"","overlay-opacity":"","overlay-gradient":""}},"ast-content-background-meta":{"desktop":{"background-color":"var(--ast-global-color-5)","background-image":"","background-repeat":"repeat","background-position":"center center","background-size":"auto","background-attachment":"scroll","background-type":"","background-media":"","overlay-type":"","overlay-color":"","overlay-opacity":"","overlay-gradient":""},"tablet":{"background-color":"var(--ast-global-color-5)","background-image":"","background-repeat":"repeat","background-position":"center center","background-size":"auto","background-attachment":"scroll","background-type":"","background-media":"","overlay-type":"","overlay-color":"","overlay-opacity":"","overlay-gradient":""},"mobile":{"background-color":"var(--ast-global-color-5)","background-image":"","background-repeat":"repeat","background-position":"center center","background-size":"auto","background-attachment":"scroll","background-type":"","background-media":"","overlay-type":"","overlay-color":"","overlay-opacity":"","overlay-gradient":""}}},"product_brand":[],"product_cat":[126],"product_tag":[],"class_list":{"0":"post-3566","1":"product","2":"type-product","3":"status-publish","4":"has-post-thumbnail","6":"product_cat-lasers-fr","7":"desktop-align-left","8":"tablet-align-left","9":"mobile-align-left","10":"ast-product-gallery-layout-first-image-large","11":"ast-product-tabs-layout-horizontal","13":"first","14":"instock","15":"shipping-taxable","16":"product-type-simple"},"acf":[],"yoast_head":"<!-- This site is optimized with the Yoast SEO plugin v26.3 - https:\/\/yoast.com\/wordpress\/plugins\/seo\/ -->\n<title>CAPSULO - Simovision - Professional<\/title>\n<meta name=\"robots\" content=\"index, follow, max-snippet:-1, max-image-preview:large, max-video-preview:-1\" \/>\n<link rel=\"canonical\" href=\"https:\/\/simovision.be\/professional\/fr\/produit\/capsulo\/\" \/>\n<meta property=\"og:locale\" content=\"fr_FR\" \/>\n<meta property=\"og:type\" content=\"article\" \/>\n<meta property=\"og:title\" content=\"CAPSULO - Simovision - Professional\" \/>\n<meta property=\"og:description\" content=\"Laser YAG int\u00e9gr\u00e9 1064 nm Capsulo\u00ae est un laser Nd-YAG int\u00e9gr\u00e9 pour la mise en \u0153uvre des proc\u00e9dures laser d\u2019iridotomie p\u00e9riph\u00e9rique et de capsulotomie post\u00e9rieure.  Polyvalent, le laser Capsulo\u00ae peut \u00eatre combin\u00e9 avec un laser Monospot ou MultiSpot de la gamme Vitra 2. Il devient alors une plateforme laser polyvalente.\" \/>\n<meta property=\"og:url\" content=\"https:\/\/simovision.be\/professional\/fr\/produit\/capsulo\/\" \/>\n<meta property=\"og:site_name\" content=\"Simovision - Professional\" \/>\n<meta property=\"article:modified_time\" content=\"2025-09-22T10:07:22+00:00\" \/>\n<meta property=\"og:image\" content=\"https:\/\/simovision.be\/professional\/wp-content\/uploads\/sites\/2\/2025\/06\/Capsulo.webp\" \/>\n\t<meta property=\"og:image:width\" content=\"1000\" \/>\n\t<meta property=\"og:image:height\" content=\"666\" \/>\n\t<meta property=\"og:image:type\" content=\"image\/webp\" \/>\n<meta name=\"twitter:card\" content=\"summary_large_image\" \/>\n<meta name=\"twitter:label1\" content=\"Dur\u00e9e de lecture estim\u00e9e\" \/>\n\t<meta name=\"twitter:data1\" content=\"2 minutes\" \/>\n<script type=\"application\/ld+json\" class=\"yoast-schema-graph\">{\"@context\":\"https:\/\/schema.org\",\"@graph\":[{\"@type\":\"WebPage\",\"@id\":\"https:\/\/simovision.be\/professional\/fr\/produit\/capsulo\/\",\"url\":\"https:\/\/simovision.be\/professional\/fr\/produit\/capsulo\/\",\"name\":\"CAPSULO - Simovision - Professional\",\"isPartOf\":{\"@id\":\"https:\/\/simovision.be\/professional\/fr\/#website\"},\"primaryImageOfPage\":{\"@id\":\"https:\/\/simovision.be\/professional\/fr\/produit\/capsulo\/#primaryimage\"},\"image\":{\"@id\":\"https:\/\/simovision.be\/professional\/fr\/produit\/capsulo\/#primaryimage\"},\"thumbnailUrl\":\"https:\/\/simovision.be\/professional\/wp-content\/uploads\/sites\/2\/2025\/06\/Capsulo.webp\",\"datePublished\":\"2025-06-12T05:18:01+00:00\",\"dateModified\":\"2025-09-22T10:07:22+00:00\",\"breadcrumb\":{\"@id\":\"https:\/\/simovision.be\/professional\/fr\/produit\/capsulo\/#breadcrumb\"},\"inLanguage\":\"fr-FR\",\"potentialAction\":[{\"@type\":\"ReadAction\",\"target\":[\"https:\/\/simovision.be\/professional\/fr\/produit\/capsulo\/\"]}]},{\"@type\":\"ImageObject\",\"inLanguage\":\"fr-FR\",\"@id\":\"https:\/\/simovision.be\/professional\/fr\/produit\/capsulo\/#primaryimage\",\"url\":\"https:\/\/simovision.be\/professional\/wp-content\/uploads\/sites\/2\/2025\/06\/Capsulo.webp\",\"contentUrl\":\"https:\/\/simovision.be\/professional\/wp-content\/uploads\/sites\/2\/2025\/06\/Capsulo.webp\",\"width\":1000,\"height\":666},{\"@type\":\"BreadcrumbList\",\"@id\":\"https:\/\/simovision.be\/professional\/fr\/produit\/capsulo\/#breadcrumb\",\"itemListElement\":[{\"@type\":\"ListItem\",\"position\":1,\"name\":\"Home\",\"item\":\"https:\/\/simovision.be\/professional\/fr\/\"},{\"@type\":\"ListItem\",\"position\":2,\"name\":\"Boutique\",\"item\":\"https:\/\/simovision.be\/professional\/winkel\/\"},{\"@type\":\"ListItem\",\"position\":3,\"name\":\"CAPSULO\"}]},{\"@type\":\"WebSite\",\"@id\":\"https:\/\/simovision.be\/professional\/fr\/#website\",\"url\":\"https:\/\/simovision.be\/professional\/fr\/\",\"name\":\"Simovision - Professional\",\"description\":\"\",\"publisher\":{\"@id\":\"https:\/\/simovision.be\/professional\/fr\/#organization\"},\"potentialAction\":[{\"@type\":\"SearchAction\",\"target\":{\"@type\":\"EntryPoint\",\"urlTemplate\":\"https:\/\/simovision.be\/professional\/fr\/?s={search_term_string}\"},\"query-input\":{\"@type\":\"PropertyValueSpecification\",\"valueRequired\":true,\"valueName\":\"search_term_string\"}}],\"inLanguage\":\"fr-FR\"},{\"@type\":\"Organization\",\"@id\":\"https:\/\/simovision.be\/professional\/fr\/#organization\",\"name\":\"Simovision\",\"url\":\"https:\/\/simovision.be\/professional\/fr\/\",\"logo\":{\"@type\":\"ImageObject\",\"inLanguage\":\"fr-FR\",\"@id\":\"https:\/\/simovision.be\/professional\/fr\/#\/schema\/logo\/image\/\",\"url\":\"https:\/\/simovision.be\/professional\/wp-content\/uploads\/sites\/2\/2025\/06\/Logo_Simovision_Hilco_Vision_Pantone_7700C-kopie.webp\",\"contentUrl\":\"https:\/\/simovision.be\/professional\/wp-content\/uploads\/sites\/2\/2025\/06\/Logo_Simovision_Hilco_Vision_Pantone_7700C-kopie.webp\",\"width\":2000,\"height\":1021,\"caption\":\"Simovision\"},\"image\":{\"@id\":\"https:\/\/simovision.be\/professional\/fr\/#\/schema\/logo\/image\/\"},\"sameAs\":[\"https:\/\/www.linkedin.com\/company\/simovision\"]}]}<\/script>\n<!-- \/ Yoast SEO plugin. -->","yoast_head_json":{"title":"CAPSULO - Simovision - Professional","robots":{"index":"index","follow":"follow","max-snippet":"max-snippet:-1","max-image-preview":"max-image-preview:large","max-video-preview":"max-video-preview:-1"},"canonical":"https:\/\/simovision.be\/professional\/fr\/produit\/capsulo\/","og_locale":"fr_FR","og_type":"article","og_title":"CAPSULO - Simovision - Professional","og_description":"Laser YAG int\u00e9gr\u00e9 1064 nm Capsulo\u00ae est un laser Nd-YAG int\u00e9gr\u00e9 pour la mise en \u0153uvre des proc\u00e9dures laser d\u2019iridotomie p\u00e9riph\u00e9rique et de capsulotomie post\u00e9rieure.  Polyvalent, le laser Capsulo\u00ae peut \u00eatre combin\u00e9 avec un laser Monospot ou MultiSpot de la gamme Vitra 2. Il devient alors une plateforme laser polyvalente.","og_url":"https:\/\/simovision.be\/professional\/fr\/produit\/capsulo\/","og_site_name":"Simovision - Professional","article_modified_time":"2025-09-22T10:07:22+00:00","og_image":[{"width":1000,"height":666,"url":"https:\/\/simovision.be\/professional\/wp-content\/uploads\/sites\/2\/2025\/06\/Capsulo.webp","type":"image\/webp"}],"twitter_card":"summary_large_image","twitter_misc":{"Dur\u00e9e de lecture estim\u00e9e":"2 minutes"},"schema":{"@context":"https:\/\/schema.org","@graph":[{"@type":"WebPage","@id":"https:\/\/simovision.be\/professional\/fr\/produit\/capsulo\/","url":"https:\/\/simovision.be\/professional\/fr\/produit\/capsulo\/","name":"CAPSULO - Simovision - Professional","isPartOf":{"@id":"https:\/\/simovision.be\/professional\/fr\/#website"},"primaryImageOfPage":{"@id":"https:\/\/simovision.be\/professional\/fr\/produit\/capsulo\/#primaryimage"},"image":{"@id":"https:\/\/simovision.be\/professional\/fr\/produit\/capsulo\/#primaryimage"},"thumbnailUrl":"https:\/\/simovision.be\/professional\/wp-content\/uploads\/sites\/2\/2025\/06\/Capsulo.webp","datePublished":"2025-06-12T05:18:01+00:00","dateModified":"2025-09-22T10:07:22+00:00","breadcrumb":{"@id":"https:\/\/simovision.be\/professional\/fr\/produit\/capsulo\/#breadcrumb"},"inLanguage":"fr-FR","potentialAction":[{"@type":"ReadAction","target":["https:\/\/simovision.be\/professional\/fr\/produit\/capsulo\/"]}]},{"@type":"ImageObject","inLanguage":"fr-FR","@id":"https:\/\/simovision.be\/professional\/fr\/produit\/capsulo\/#primaryimage","url":"https:\/\/simovision.be\/professional\/wp-content\/uploads\/sites\/2\/2025\/06\/Capsulo.webp","contentUrl":"https:\/\/simovision.be\/professional\/wp-content\/uploads\/sites\/2\/2025\/06\/Capsulo.webp","width":1000,"height":666},{"@type":"BreadcrumbList","@id":"https:\/\/simovision.be\/professional\/fr\/produit\/capsulo\/#breadcrumb","itemListElement":[{"@type":"ListItem","position":1,"name":"Home","item":"https:\/\/simovision.be\/professional\/fr\/"},{"@type":"ListItem","position":2,"name":"Boutique","item":"https:\/\/simovision.be\/professional\/winkel\/"},{"@type":"ListItem","position":3,"name":"CAPSULO"}]},{"@type":"WebSite","@id":"https:\/\/simovision.be\/professional\/fr\/#website","url":"https:\/\/simovision.be\/professional\/fr\/","name":"Simovision - Professional","description":"","publisher":{"@id":"https:\/\/simovision.be\/professional\/fr\/#organization"},"potentialAction":[{"@type":"SearchAction","target":{"@type":"EntryPoint","urlTemplate":"https:\/\/simovision.be\/professional\/fr\/?s={search_term_string}"},"query-input":{"@type":"PropertyValueSpecification","valueRequired":true,"valueName":"search_term_string"}}],"inLanguage":"fr-FR"},{"@type":"Organization","@id":"https:\/\/simovision.be\/professional\/fr\/#organization","name":"Simovision","url":"https:\/\/simovision.be\/professional\/fr\/","logo":{"@type":"ImageObject","inLanguage":"fr-FR","@id":"https:\/\/simovision.be\/professional\/fr\/#\/schema\/logo\/image\/","url":"https:\/\/simovision.be\/professional\/wp-content\/uploads\/sites\/2\/2025\/06\/Logo_Simovision_Hilco_Vision_Pantone_7700C-kopie.webp","contentUrl":"https:\/\/simovision.be\/professional\/wp-content\/uploads\/sites\/2\/2025\/06\/Logo_Simovision_Hilco_Vision_Pantone_7700C-kopie.webp","width":2000,"height":1021,"caption":"Simovision"},"image":{"@id":"https:\/\/simovision.be\/professional\/fr\/#\/schema\/logo\/image\/"},"sameAs":["https:\/\/www.linkedin.com\/company\/simovision"]}]}},"_links":{"self":[{"href":"https:\/\/simovision.be\/professional\/fr\/wp-json\/wp\/v2\/product\/3566","targetHints":{"allow":["GET"]}}],"collection":[{"href":"https:\/\/simovision.be\/professional\/fr\/wp-json\/wp\/v2\/product"}],"about":[{"href":"https:\/\/simovision.be\/professional\/fr\/wp-json\/wp\/v2\/types\/product"}],"wp:featuredmedia":[{"embeddable":true,"href":"https:\/\/simovision.be\/professional\/fr\/wp-json\/wp\/v2\/media\/3873"}],"wp:attachment":[{"href":"https:\/\/simovision.be\/professional\/fr\/wp-json\/wp\/v2\/media?parent=3566"}],"wp:term":[{"taxonomy":"product_brand","embeddable":true,"href":"https:\/\/simovision.be\/professional\/fr\/wp-json\/wp\/v2\/product_brand?post=3566"},{"taxonomy":"product_cat","embeddable":true,"href":"https:\/\/simovision.be\/professional\/fr\/wp-json\/wp\/v2\/product_cat?post=3566"},{"taxonomy":"product_tag","embeddable":true,"href":"https:\/\/simovision.be\/professional\/fr\/wp-json\/wp\/v2\/product_tag?post=3566"}],"curies":[{"name":"wp","href":"https:\/\/api.w.org\/{rel}","templated":true}]}}