{"id":3523,"date":"2025-06-11T11:28:48","date_gmt":"2025-06-11T09:28:48","guid":{"rendered":"https:\/\/simovision.be\/professional\/product\/optimis-fusion\/"},"modified":"2025-09-22T12:07:26","modified_gmt":"2025-09-22T10:07:26","slug":"optimis-fusion","status":"publish","type":"product","link":"https:\/\/simovision.be\/professional\/fr\/produit\/optimis-fusion\/","title":{"rendered":"Optimis\u2122 Fusion"},"content":{"rendered":"<h3><strong>Points cl\u00e9s<\/strong><\/h3>\n<ul>\n<li><strong>Int\u00e9gr\u00e9<\/strong> dans une <strong>lampe \u00e0 fente<\/strong> de diagnostic, il offre une visualisation optimis\u00e9e des segments ant\u00e9rieur et post\u00e9rieur.<\/li>\n<li>Laser <strong>YAG et SLT<\/strong>: une seule cavit\u00e9, 2 technologies, <strong>2 longueurs d&rsquo;onde<\/strong> (532nm et 1064nm)<\/li>\n<\/ul>\n<h3><strong>3 raisons de choisir Optimis Fusion\u2122<\/strong><\/h3>\n<h4>Optiques performantes<\/h4>\n<p>Int\u00e9gr\u00e9 dans une lampe \u00e0 fente \u00e0 <strong>\u00e9clairage LED<\/strong>, Optimis Fusion\u2122 offre une <strong>visualisation optimis\u00e9e<\/strong> des segments ant\u00e9rieur et post\u00e9rieur.<\/p>\n<h4>Laser YAG et SLT<\/h4>\n<ul>\n<li>Une seule cavit\u00e9, <strong>2 longueurs d&rsquo;onde<\/strong>:\n<ul>\n<li>532 nm<\/li>\n<li>1064 nm<\/li>\n<\/ul>\n<\/li>\n<li><strong>S\u00e9lection<\/strong> du <strong>mode<\/strong> laser YAG ou SLT simple et <strong>rapide<\/strong><\/li>\n<\/ul>\n<h4>Plateforme laser glaucome, cataracte et r\u00e9tine<\/h4>\n<p>Optimis Fusion\u2122 peut \u00eatre <strong>combin\u00e9<\/strong> avec un laser Monospot ou MultiSpot de la gamme <strong><a href=\"https:\/\/simovision.be\/professional\/fr\/produit\/vitra-2\/\">Vitra 2<\/a><\/strong>.\u00a0Dans sa <strong>configuration \u00ab\u00a0combin\u00e9e\u00a0\u00bb<\/strong>, il devient une <strong>plateforme<\/strong> de traitement laser <strong>polyvalente<\/strong> particuli\u00e8rement adapt\u00e9e aux exigences des ophtalmologistes multi-sp\u00e9cialistes.<\/p>\n<h3><strong>Les avantages technologiques d&rsquo;Optimis Fusion\u2122<\/strong><\/h3>\n<h4>Mode de traitement YAG: Photodisruption<\/h4>\n<p>Le <strong>mode YAG<\/strong> offre la technologie de <strong>photodisruption<\/strong> pour la <strong>capsulotomie<\/strong> et l\u2019<strong>iridotomie p\u00e9riph\u00e9rique<\/strong>. Le profil gaussien du laser YAG permet un impact pr\u00e9cis avec un <strong>faible niveau d\u2019\u00e9nergie<\/strong>.<\/p>\n<p>Le <strong>ciblage<\/strong> des <strong>tissus<\/strong> est r\u00e9alis\u00e9 gr\u00e2ce \u00e0 un syst\u00e8me de vis\u00e9e \u00e0 <strong>deux faisceaux<\/strong> assurant ainsi un <strong>positionnement pr\u00e9cis<\/strong> au plan focal de la capsule; une commande de <strong>d\u00e9focalisation permet<\/strong> de <strong>modifier<\/strong> le <strong>point d\u2019impact<\/strong> en avant, en arri\u00e8re ou au plan focal.<\/p>\n<h4>Mode de traitement SLT<\/h4>\n<p><strong>Une proc\u00e9dure laser non thermique, un traitement de premi\u00e8re intention.<br \/>\n<\/strong><\/p>\n<p>La <strong>trab\u00e9culoplastie selective<\/strong> par laser (SLT) est une th\u00e9rapie dite \u00ab froide \u00bb, qui n&rsquo;entra\u00eene aucune l\u00e9sion thermique.<\/p>\n<p>Les r\u00e9sultats de r\u00e9centes \u00e9tudes, dont l\u2019<strong>\u00e9tude LIGHT<\/strong> (Laser In Glaucoma and Hypertension Trial)<sup>1<\/sup> ont permis \u00e0 la trab\u00e9culoplastie s\u00e9lective au laser (SLT) de <strong>rentrer<\/strong> dans le cercle tr\u00e8s restreint des <strong>traitements<\/strong> de <strong>premi\u00e8re intention<\/strong> du <strong>glaucome \u00e0 angle ouvert<\/strong> (GAO) et de l\u2019<strong>hypertonie oculaire<\/strong> (HTO).<\/p>\n<p><strong><br \/>\nBibliographie<\/strong><\/p>\n<hr \/>\n<ol style=\"font-size: 10px\">\n<li><span style=\"font-size: 10pt\">M. Latina, C. Park Selective &#8211; Targeting of Trabeculum Meshwork Cells : in vitro studies of pulsed and CW laser interactions. Exp. Eye Res. (1995) 60. 359-372<\/span><\/li>\n<\/ol>\n","protected":false},"excerpt":{"rendered":"<p><img loading=\"lazy\" decoding=\"async\" class=\"alignnone size-full wp-image-4986\" src=\"https:\/\/simovision.be\/professional\/wp-content\/uploads\/sites\/2\/2025\/06\/Logo_Quantel_Medical_tease.png\" alt=\"\" width=\"96\" height=\"40\" srcset=\"https:\/\/simovision.be\/professional\/wp-content\/uploads\/sites\/2\/2025\/06\/Logo_Quantel_Medical_tease.png 96w, https:\/\/simovision.be\/professional\/wp-content\/uploads\/sites\/2\/2025\/06\/Logo_Quantel_Medical_tease-64x27.png 64w\" sizes=\"auto, (max-width: 96px) 100vw, 96px\" \/><\/p>\n<h3><strong>Laser int\u00e9gr\u00e9 YAG \/ SLT<\/strong><\/h3>\n<p>Optimis Fusion est une plateforme de traitement laser int\u00e9gr\u00e9e combinant les traitements de <strong>photodisruption<\/strong> au laser <strong>YAG<\/strong> et le traitement du <strong>glaucome<\/strong> au laser <strong>SLT<\/strong>.<\/p>\n<p>Polyvalent, le laser Optimis Fusion peut \u00eatre combin\u00e9 avec le laser Monospot ou MultiSpot de la gamme <strong><a href=\"https:\/\/simovision.be\/professional\/fr\/produit\/vitra-2\/\">Vitra 2<\/a><\/strong>.<\/p>\n","protected":false},"featured_media":3869,"template":"","meta":{"_acf_changed":false,"content-type":"","site-sidebar-layout":"default","site-content-layout":"","ast-site-content-layout":"default","site-content-style":"default","site-sidebar-style":"default","ast-global-header-display":"","ast-banner-title-visibility":"","ast-main-header-display":"","ast-hfb-above-header-display":"","ast-hfb-below-header-display":"","ast-hfb-mobile-header-display":"","site-post-title":"","ast-breadcrumbs-content":"","ast-featured-img":"","footer-sml-layout":"","theme-transparent-header-meta":"default","adv-header-id-meta":"","stick-header-meta":"default","header-above-stick-meta":"","header-main-stick-meta":"","header-below-stick-meta":"","astra-migrate-meta-layouts":"set","ast-page-background-enabled":"default","ast-page-background-meta":{"desktop":{"background-color":"var(--ast-global-color-4)","background-image":"","background-repeat":"repeat","background-position":"center center","background-size":"auto","background-attachment":"scroll","background-type":"","background-media":"","overlay-type":"","overlay-color":"","overlay-opacity":"","overlay-gradient":""},"tablet":{"background-color":"","background-image":"","background-repeat":"repeat","background-position":"center center","background-size":"auto","background-attachment":"scroll","background-type":"","background-media":"","overlay-type":"","overlay-color":"","overlay-opacity":"","overlay-gradient":""},"mobile":{"background-color":"","background-image":"","background-repeat":"repeat","background-position":"center center","background-size":"auto","background-attachment":"scroll","background-type":"","background-media":"","overlay-type":"","overlay-color":"","overlay-opacity":"","overlay-gradient":""}},"ast-content-background-meta":{"desktop":{"background-color":"var(--ast-global-color-5)","background-image":"","background-repeat":"repeat","background-position":"center center","background-size":"auto","background-attachment":"scroll","background-type":"","background-media":"","overlay-type":"","overlay-color":"","overlay-opacity":"","overlay-gradient":""},"tablet":{"background-color":"var(--ast-global-color-5)","background-image":"","background-repeat":"repeat","background-position":"center center","background-size":"auto","background-attachment":"scroll","background-type":"","background-media":"","overlay-type":"","overlay-color":"","overlay-opacity":"","overlay-gradient":""},"mobile":{"background-color":"var(--ast-global-color-5)","background-image":"","background-repeat":"repeat","background-position":"center center","background-size":"auto","background-attachment":"scroll","background-type":"","background-media":"","overlay-type":"","overlay-color":"","overlay-opacity":"","overlay-gradient":""}}},"product_brand":[],"product_cat":[126],"product_tag":[],"class_list":{"0":"post-3523","1":"product","2":"type-product","3":"status-publish","4":"has-post-thumbnail","6":"product_cat-lasers-fr","7":"desktop-align-left","8":"tablet-align-left","9":"mobile-align-left","10":"ast-product-gallery-layout-first-image-large","11":"ast-product-tabs-layout-horizontal","13":"first","14":"instock","15":"shipping-taxable","16":"product-type-simple"},"acf":[],"yoast_head":"<!-- This site is optimized with the Yoast SEO plugin v26.3 - https:\/\/yoast.com\/wordpress\/plugins\/seo\/ -->\n<title>Optimis\u2122 Fusion - Simovision - Professional<\/title>\n<meta name=\"robots\" content=\"index, follow, max-snippet:-1, max-image-preview:large, max-video-preview:-1\" \/>\n<link rel=\"canonical\" href=\"https:\/\/simovision.be\/professional\/fr\/produit\/optimis-fusion\/\" \/>\n<meta property=\"og:locale\" content=\"fr_FR\" \/>\n<meta property=\"og:type\" content=\"article\" \/>\n<meta property=\"og:title\" content=\"Optimis\u2122 Fusion - Simovision - Professional\" \/>\n<meta property=\"og:description\" content=\"Laser int\u00e9gr\u00e9 YAG \/ SLT Optimis Fusion est une plateforme de traitement laser int\u00e9gr\u00e9e combinant les traitements de photodisruption au laser YAG et le traitement du glaucome au laser SLT.  Polyvalent, le laser Optimis Fusion peut \u00eatre combin\u00e9 avec le laser Monospot ou MultiSpot de la gamme Vitra 2.\" \/>\n<meta property=\"og:url\" content=\"https:\/\/simovision.be\/professional\/fr\/produit\/optimis-fusion\/\" \/>\n<meta property=\"og:site_name\" content=\"Simovision - Professional\" \/>\n<meta property=\"article:modified_time\" content=\"2025-09-22T10:07:26+00:00\" \/>\n<meta property=\"og:image\" content=\"https:\/\/simovision.be\/professional\/wp-content\/uploads\/sites\/2\/2025\/06\/00.-OptimisFusion.webp\" \/>\n\t<meta property=\"og:image:width\" content=\"1000\" \/>\n\t<meta property=\"og:image:height\" content=\"666\" \/>\n\t<meta property=\"og:image:type\" content=\"image\/webp\" \/>\n<meta name=\"twitter:card\" content=\"summary_large_image\" \/>\n<meta name=\"twitter:label1\" content=\"Dur\u00e9e de lecture estim\u00e9e\" \/>\n\t<meta name=\"twitter:data1\" content=\"2 minutes\" \/>\n<script type=\"application\/ld+json\" class=\"yoast-schema-graph\">{\"@context\":\"https:\/\/schema.org\",\"@graph\":[{\"@type\":\"WebPage\",\"@id\":\"https:\/\/simovision.be\/professional\/fr\/produit\/optimis-fusion\/\",\"url\":\"https:\/\/simovision.be\/professional\/fr\/produit\/optimis-fusion\/\",\"name\":\"Optimis\u2122 Fusion - Simovision - Professional\",\"isPartOf\":{\"@id\":\"https:\/\/simovision.be\/professional\/fr\/#website\"},\"primaryImageOfPage\":{\"@id\":\"https:\/\/simovision.be\/professional\/fr\/produit\/optimis-fusion\/#primaryimage\"},\"image\":{\"@id\":\"https:\/\/simovision.be\/professional\/fr\/produit\/optimis-fusion\/#primaryimage\"},\"thumbnailUrl\":\"https:\/\/simovision.be\/professional\/wp-content\/uploads\/sites\/2\/2025\/06\/00.-OptimisFusion.webp\",\"datePublished\":\"2025-06-11T09:28:48+00:00\",\"dateModified\":\"2025-09-22T10:07:26+00:00\",\"breadcrumb\":{\"@id\":\"https:\/\/simovision.be\/professional\/fr\/produit\/optimis-fusion\/#breadcrumb\"},\"inLanguage\":\"fr-FR\",\"potentialAction\":[{\"@type\":\"ReadAction\",\"target\":[\"https:\/\/simovision.be\/professional\/fr\/produit\/optimis-fusion\/\"]}]},{\"@type\":\"ImageObject\",\"inLanguage\":\"fr-FR\",\"@id\":\"https:\/\/simovision.be\/professional\/fr\/produit\/optimis-fusion\/#primaryimage\",\"url\":\"https:\/\/simovision.be\/professional\/wp-content\/uploads\/sites\/2\/2025\/06\/00.-OptimisFusion.webp\",\"contentUrl\":\"https:\/\/simovision.be\/professional\/wp-content\/uploads\/sites\/2\/2025\/06\/00.-OptimisFusion.webp\",\"width\":1000,\"height\":666},{\"@type\":\"BreadcrumbList\",\"@id\":\"https:\/\/simovision.be\/professional\/fr\/produit\/optimis-fusion\/#breadcrumb\",\"itemListElement\":[{\"@type\":\"ListItem\",\"position\":1,\"name\":\"Home\",\"item\":\"https:\/\/simovision.be\/professional\/fr\/\"},{\"@type\":\"ListItem\",\"position\":2,\"name\":\"Boutique\",\"item\":\"https:\/\/simovision.be\/professional\/winkel\/\"},{\"@type\":\"ListItem\",\"position\":3,\"name\":\"Optimis\u2122 Fusion\"}]},{\"@type\":\"WebSite\",\"@id\":\"https:\/\/simovision.be\/professional\/fr\/#website\",\"url\":\"https:\/\/simovision.be\/professional\/fr\/\",\"name\":\"Simovision - Professional\",\"description\":\"\",\"publisher\":{\"@id\":\"https:\/\/simovision.be\/professional\/fr\/#organization\"},\"potentialAction\":[{\"@type\":\"SearchAction\",\"target\":{\"@type\":\"EntryPoint\",\"urlTemplate\":\"https:\/\/simovision.be\/professional\/fr\/?s={search_term_string}\"},\"query-input\":{\"@type\":\"PropertyValueSpecification\",\"valueRequired\":true,\"valueName\":\"search_term_string\"}}],\"inLanguage\":\"fr-FR\"},{\"@type\":\"Organization\",\"@id\":\"https:\/\/simovision.be\/professional\/fr\/#organization\",\"name\":\"Simovision\",\"url\":\"https:\/\/simovision.be\/professional\/fr\/\",\"logo\":{\"@type\":\"ImageObject\",\"inLanguage\":\"fr-FR\",\"@id\":\"https:\/\/simovision.be\/professional\/fr\/#\/schema\/logo\/image\/\",\"url\":\"https:\/\/simovision.be\/professional\/wp-content\/uploads\/sites\/2\/2025\/06\/Logo_Simovision_Hilco_Vision_Pantone_7700C-kopie.webp\",\"contentUrl\":\"https:\/\/simovision.be\/professional\/wp-content\/uploads\/sites\/2\/2025\/06\/Logo_Simovision_Hilco_Vision_Pantone_7700C-kopie.webp\",\"width\":2000,\"height\":1021,\"caption\":\"Simovision\"},\"image\":{\"@id\":\"https:\/\/simovision.be\/professional\/fr\/#\/schema\/logo\/image\/\"},\"sameAs\":[\"https:\/\/www.linkedin.com\/company\/simovision\"]}]}<\/script>\n<!-- \/ Yoast SEO plugin. -->","yoast_head_json":{"title":"Optimis\u2122 Fusion - Simovision - Professional","robots":{"index":"index","follow":"follow","max-snippet":"max-snippet:-1","max-image-preview":"max-image-preview:large","max-video-preview":"max-video-preview:-1"},"canonical":"https:\/\/simovision.be\/professional\/fr\/produit\/optimis-fusion\/","og_locale":"fr_FR","og_type":"article","og_title":"Optimis\u2122 Fusion - Simovision - Professional","og_description":"Laser int\u00e9gr\u00e9 YAG \/ SLT Optimis Fusion est une plateforme de traitement laser int\u00e9gr\u00e9e combinant les traitements de photodisruption au laser YAG et le traitement du glaucome au laser SLT.  Polyvalent, le laser Optimis Fusion peut \u00eatre combin\u00e9 avec le laser Monospot ou MultiSpot de la gamme Vitra 2.","og_url":"https:\/\/simovision.be\/professional\/fr\/produit\/optimis-fusion\/","og_site_name":"Simovision - Professional","article_modified_time":"2025-09-22T10:07:26+00:00","og_image":[{"width":1000,"height":666,"url":"https:\/\/simovision.be\/professional\/wp-content\/uploads\/sites\/2\/2025\/06\/00.-OptimisFusion.webp","type":"image\/webp"}],"twitter_card":"summary_large_image","twitter_misc":{"Dur\u00e9e de lecture estim\u00e9e":"2 minutes"},"schema":{"@context":"https:\/\/schema.org","@graph":[{"@type":"WebPage","@id":"https:\/\/simovision.be\/professional\/fr\/produit\/optimis-fusion\/","url":"https:\/\/simovision.be\/professional\/fr\/produit\/optimis-fusion\/","name":"Optimis\u2122 Fusion - Simovision - Professional","isPartOf":{"@id":"https:\/\/simovision.be\/professional\/fr\/#website"},"primaryImageOfPage":{"@id":"https:\/\/simovision.be\/professional\/fr\/produit\/optimis-fusion\/#primaryimage"},"image":{"@id":"https:\/\/simovision.be\/professional\/fr\/produit\/optimis-fusion\/#primaryimage"},"thumbnailUrl":"https:\/\/simovision.be\/professional\/wp-content\/uploads\/sites\/2\/2025\/06\/00.-OptimisFusion.webp","datePublished":"2025-06-11T09:28:48+00:00","dateModified":"2025-09-22T10:07:26+00:00","breadcrumb":{"@id":"https:\/\/simovision.be\/professional\/fr\/produit\/optimis-fusion\/#breadcrumb"},"inLanguage":"fr-FR","potentialAction":[{"@type":"ReadAction","target":["https:\/\/simovision.be\/professional\/fr\/produit\/optimis-fusion\/"]}]},{"@type":"ImageObject","inLanguage":"fr-FR","@id":"https:\/\/simovision.be\/professional\/fr\/produit\/optimis-fusion\/#primaryimage","url":"https:\/\/simovision.be\/professional\/wp-content\/uploads\/sites\/2\/2025\/06\/00.-OptimisFusion.webp","contentUrl":"https:\/\/simovision.be\/professional\/wp-content\/uploads\/sites\/2\/2025\/06\/00.-OptimisFusion.webp","width":1000,"height":666},{"@type":"BreadcrumbList","@id":"https:\/\/simovision.be\/professional\/fr\/produit\/optimis-fusion\/#breadcrumb","itemListElement":[{"@type":"ListItem","position":1,"name":"Home","item":"https:\/\/simovision.be\/professional\/fr\/"},{"@type":"ListItem","position":2,"name":"Boutique","item":"https:\/\/simovision.be\/professional\/winkel\/"},{"@type":"ListItem","position":3,"name":"Optimis\u2122 Fusion"}]},{"@type":"WebSite","@id":"https:\/\/simovision.be\/professional\/fr\/#website","url":"https:\/\/simovision.be\/professional\/fr\/","name":"Simovision - Professional","description":"","publisher":{"@id":"https:\/\/simovision.be\/professional\/fr\/#organization"},"potentialAction":[{"@type":"SearchAction","target":{"@type":"EntryPoint","urlTemplate":"https:\/\/simovision.be\/professional\/fr\/?s={search_term_string}"},"query-input":{"@type":"PropertyValueSpecification","valueRequired":true,"valueName":"search_term_string"}}],"inLanguage":"fr-FR"},{"@type":"Organization","@id":"https:\/\/simovision.be\/professional\/fr\/#organization","name":"Simovision","url":"https:\/\/simovision.be\/professional\/fr\/","logo":{"@type":"ImageObject","inLanguage":"fr-FR","@id":"https:\/\/simovision.be\/professional\/fr\/#\/schema\/logo\/image\/","url":"https:\/\/simovision.be\/professional\/wp-content\/uploads\/sites\/2\/2025\/06\/Logo_Simovision_Hilco_Vision_Pantone_7700C-kopie.webp","contentUrl":"https:\/\/simovision.be\/professional\/wp-content\/uploads\/sites\/2\/2025\/06\/Logo_Simovision_Hilco_Vision_Pantone_7700C-kopie.webp","width":2000,"height":1021,"caption":"Simovision"},"image":{"@id":"https:\/\/simovision.be\/professional\/fr\/#\/schema\/logo\/image\/"},"sameAs":["https:\/\/www.linkedin.com\/company\/simovision"]}]}},"_links":{"self":[{"href":"https:\/\/simovision.be\/professional\/fr\/wp-json\/wp\/v2\/product\/3523","targetHints":{"allow":["GET"]}}],"collection":[{"href":"https:\/\/simovision.be\/professional\/fr\/wp-json\/wp\/v2\/product"}],"about":[{"href":"https:\/\/simovision.be\/professional\/fr\/wp-json\/wp\/v2\/types\/product"}],"wp:featuredmedia":[{"embeddable":true,"href":"https:\/\/simovision.be\/professional\/fr\/wp-json\/wp\/v2\/media\/3869"}],"wp:attachment":[{"href":"https:\/\/simovision.be\/professional\/fr\/wp-json\/wp\/v2\/media?parent=3523"}],"wp:term":[{"taxonomy":"product_brand","embeddable":true,"href":"https:\/\/simovision.be\/professional\/fr\/wp-json\/wp\/v2\/product_brand?post=3523"},{"taxonomy":"product_cat","embeddable":true,"href":"https:\/\/simovision.be\/professional\/fr\/wp-json\/wp\/v2\/product_cat?post=3523"},{"taxonomy":"product_tag","embeddable":true,"href":"https:\/\/simovision.be\/professional\/fr\/wp-json\/wp\/v2\/product_tag?post=3523"}],"curies":[{"name":"wp","href":"https:\/\/api.w.org\/{rel}","templated":true}]}}