{"id":3499,"date":"2025-06-11T09:51:15","date_gmt":"2025-06-11T07:51:15","guid":{"rendered":"https:\/\/simovision.be\/professional\/product\/easyret\/"},"modified":"2025-09-22T12:07:28","modified_gmt":"2025-09-22T10:07:28","slug":"easyret","status":"publish","type":"product","link":"https:\/\/simovision.be\/professional\/fr\/produit\/easyret\/","title":{"rendered":"Easyret"},"content":{"rendered":"<h3><strong>Points cl\u00e9s<\/strong><\/h3>\n<ul>\n<li>Longueur d&rsquo;onde jaune 577 nm<\/li>\n<li><strong>Qualit\u00e9 de faisceau<\/strong> assurant une <strong>r\u00e9partition homog\u00e8ne<\/strong> de l&rsquo;<strong>\u00e9nergie<\/strong> au sein du spot laser<\/li>\n<li>Modes MonoSpot et MultiSpot pour le <strong>traitement thermique<\/strong> des <strong>affections r\u00e9tiniennes<\/strong><\/li>\n<li>Mode SubLiminal<sup>\u00ae<\/sup> pour le <strong>traitement infraliminaire<\/strong> des tissus r\u00e9tiniens<\/li>\n<\/ul>\n<h3><strong>3 raisons de choisir Easyret<sup>\u00ae<\/sup><\/strong><\/h3>\n<h4>Longueur d\u2019onde de 577 nm<\/h4>\n<p>Pr\u00e9sent\u00e9e comme <strong>polyvalente<\/strong> dans la litt\u00e9rature, la <strong>longueur d\u2019onde<\/strong> 577nm b\u00e9n\u00e9ficie des <strong>caract\u00e9ristiques d\u2019absorption<\/strong> suivantes:<\/p>\n<ul>\n<li>Elle est <strong>bien absorb\u00e9e<\/strong> par l\u2019<strong>\u00e9pith\u00e9lium pigmentaire r\u00e9tinien<\/strong> et tr\u00e8s absorb\u00e9e par l\u2019h\u00e9moglobine (pic d\u2019absorption de l\u2019oxyh\u00e9moglobine)<sup>[1,2]<\/sup><\/li>\n<li>Elle n\u2019est pas absorb\u00e9e par le pigment xanthophylle maculaire<sup>[1,2]<\/sup><\/li>\n<li>Elle assure une <strong>bonne diffusion<\/strong> du <strong>laser<\/strong> en cas d\u2019opacit\u00e9 des milieux<sup>[1,2]<\/sup><\/li>\n<\/ul>\n<h4>Mode de traitement MultiSpot<\/h4>\n<ul>\n<li>Caract\u00e9ris\u00e9 par l\u2019utilisation de <strong>temps d\u2019exposition courts<\/strong> (10-20 ms) et par l\u2019<strong>\u00e9mission d\u2019impacts multiples<\/strong> (figures).<\/li>\n<li>Le mode de traitement MultiSpot offre <strong>4 figures programmables<\/strong> pour une meilleure adaptation \u00e0 la zone de traitement:\n<ul>\n<li>MonoSpot (Single Spot)<\/li>\n<li>Carr\u00e9s<\/li>\n<li>Cercles<\/li>\n<li>Triple arcs de cercle<\/li>\n<\/ul>\n<\/li>\n<\/ul>\n<h4>Mode de traitement SubLiminal<sup>\u00ae<\/sup><\/h4>\n<ul>\n<li>Compos\u00e9 d\u2019un <strong>train de pulses<\/strong> de <strong>tr\u00e8s courtes dur\u00e9es<\/strong> (microsecondes), le mode d\u2019\u00e9mission SubLiminal<sup>\u00ae<\/sup> consiste en la d\u00e9livrance d\u2019<strong>impacts laser non visibles<\/strong>.<\/li>\n<li>En mode SubLiminal<sup>\u00ae<\/sup>, chaque tir laser est \u00e9mis sous la forme d\u2019un train d\u2019<strong>impulsions rapide<\/strong>, dont la dur\u00e9e des impulsions et des <strong>intervalles<\/strong> sont <strong>personnalisables<\/strong>. Ce contr\u00f4le des param\u00e8tres de traitement permet une modulation de l\u2019effet thermique.<\/li>\n<\/ul>\n<h4>Design totalement int\u00e9gr\u00e9<\/h4>\n<ul>\n<li>Deux types de <strong>lampes \u00e0 fente<\/strong> au choix afin de s\u2019adapter aux exigences et aux habitudes de chaque op\u00e9rateur (type <strong>Haag Streit<\/strong> ou type <strong>Zeiss<\/strong>).<\/li>\n<li><strong>Ergonomique<\/strong> et simple \u00e0 utiliser.<\/li>\n<\/ul>\n<h4>Mosar<sup>\u00ae<\/sup><\/h4>\n<ul>\n<li>Syst\u00e8me d&rsquo;<strong>imagerie haute-d\u00e9finition<\/strong> optionnel<\/li>\n<li>Mode de co-observation: <strong>visualisation en direct<\/strong> des proc\u00e9dures de traitement laser<\/li>\n<li>Mode avanc\u00e9:\n<ul>\n<li><strong>importation<\/strong> d\u2019<strong>images<\/strong> de diagnostic facilitant la planification du traitement laser.<\/li>\n<li>pr\u00e9paration, impression et enregistrement de <strong>rapports de traitement<\/strong>.<\/li>\n<li>prise de <strong>photos<\/strong> et l\u2019<strong>enregistrement<\/strong> de <strong>vid\u00e9os<\/strong> de traitement.<\/li>\n<\/ul>\n<\/li>\n<\/ul>\n<p><strong><br \/>\nBibliographie<\/strong><\/p>\n<hr \/>\n<ol style=\"font-size: 10px\">\n<li><span style=\"font-size: 10pt\">Vogel M, Sch\u00e4fer FP, Stuke M, M\u00fcller K, Theuring S, Morawietz A. Animal, experiments for the determination of an optimal wavelength for retinal coagulations. Graefes Arch Clin Exp Ophthalmol. 1989;227:277-280.<\/span><\/li>\n<li><span style=\"font-size: 10pt\">Mainster MA. Wavelength selection in macular photocoagulation. Tissue optics, thermal effects, and laser systems. Ophthalmology.1986;93:952-958.<\/span><\/li>\n<\/ol>\n","protected":false},"excerpt":{"rendered":"<p><img loading=\"lazy\" decoding=\"async\" class=\"alignnone size-full wp-image-4986\" src=\"https:\/\/simovision.be\/professional\/wp-content\/uploads\/sites\/2\/2025\/06\/Logo_Quantel_Medical_tease.png\" alt=\"\" width=\"96\" height=\"40\" srcset=\"https:\/\/simovision.be\/professional\/wp-content\/uploads\/sites\/2\/2025\/06\/Logo_Quantel_Medical_tease.png 96w, https:\/\/simovision.be\/professional\/wp-content\/uploads\/sites\/2\/2025\/06\/Logo_Quantel_Medical_tease-64x27.png 64w\" sizes=\"auto, (max-width: 96px) 100vw, 96px\" \/><\/p>\n<h3><strong>Technologie laser \u00e0 fibre 577 nm<\/strong><\/h3>\n<p>Easyret est une <strong>plateforme laser int\u00e9gr\u00e9e<\/strong> d\u00e9di\u00e9e au traitement de la <strong>r\u00e9tine<\/strong>, combinant la technologie <strong>laser \u00e0 fibre<\/strong> avec les <strong>modes de traitement<\/strong>:<\/p>\n<ul>\n<li>MonoSpot;<\/li>\n<li>MultiSpot;<\/li>\n<li>et SubLiminal<sup>\u00ae<\/sup>.<\/li>\n<\/ul>\n<p>Le laser Easyret est dot\u00e9 d\u2019une <strong>interface logicielle<\/strong> orient\u00e9e \u00ab clinique \u00bb <strong>simplifiant<\/strong> le <strong>traitement laser<\/strong>. Intuitive et polyvalente, elle guide l\u2019op\u00e9rateur dans la mise en \u0153uvre des traitements MonoSpot, MultiSpot et SubLiminal<sup>\u00ae<\/sup>.<\/p>\n","protected":false},"featured_media":5961,"template":"","meta":{"_acf_changed":false,"content-type":"","site-sidebar-layout":"default","site-content-layout":"","ast-site-content-layout":"default","site-content-style":"default","site-sidebar-style":"default","ast-global-header-display":"","ast-banner-title-visibility":"","ast-main-header-display":"","ast-hfb-above-header-display":"","ast-hfb-below-header-display":"","ast-hfb-mobile-header-display":"","site-post-title":"","ast-breadcrumbs-content":"","ast-featured-img":"","footer-sml-layout":"","theme-transparent-header-meta":"default","adv-header-id-meta":"","stick-header-meta":"default","header-above-stick-meta":"","header-main-stick-meta":"","header-below-stick-meta":"","astra-migrate-meta-layouts":"set","ast-page-background-enabled":"default","ast-page-background-meta":{"desktop":{"background-color":"var(--ast-global-color-4)","background-image":"","background-repeat":"repeat","background-position":"center center","background-size":"auto","background-attachment":"scroll","background-type":"","background-media":"","overlay-type":"","overlay-color":"","overlay-opacity":"","overlay-gradient":""},"tablet":{"background-color":"","background-image":"","background-repeat":"repeat","background-position":"center center","background-size":"auto","background-attachment":"scroll","background-type":"","background-media":"","overlay-type":"","overlay-color":"","overlay-opacity":"","overlay-gradient":""},"mobile":{"background-color":"","background-image":"","background-repeat":"repeat","background-position":"center center","background-size":"auto","background-attachment":"scroll","background-type":"","background-media":"","overlay-type":"","overlay-color":"","overlay-opacity":"","overlay-gradient":""}},"ast-content-background-meta":{"desktop":{"background-color":"var(--ast-global-color-5)","background-image":"","background-repeat":"repeat","background-position":"center center","background-size":"auto","background-attachment":"scroll","background-type":"","background-media":"","overlay-type":"","overlay-color":"","overlay-opacity":"","overlay-gradient":""},"tablet":{"background-color":"var(--ast-global-color-5)","background-image":"","background-repeat":"repeat","background-position":"center center","background-size":"auto","background-attachment":"scroll","background-type":"","background-media":"","overlay-type":"","overlay-color":"","overlay-opacity":"","overlay-gradient":""},"mobile":{"background-color":"var(--ast-global-color-5)","background-image":"","background-repeat":"repeat","background-position":"center center","background-size":"auto","background-attachment":"scroll","background-type":"","background-media":"","overlay-type":"","overlay-color":"","overlay-opacity":"","overlay-gradient":""}}},"product_brand":[],"product_cat":[126],"product_tag":[],"class_list":{"0":"post-3499","1":"product","2":"type-product","3":"status-publish","4":"has-post-thumbnail","6":"product_cat-lasers-fr","7":"desktop-align-left","8":"tablet-align-left","9":"mobile-align-left","10":"ast-product-gallery-layout-first-image-large","11":"ast-product-tabs-layout-horizontal","13":"first","14":"instock","15":"shipping-taxable","16":"product-type-simple"},"acf":[],"yoast_head":"<!-- This site is optimized with the Yoast SEO plugin v26.3 - https:\/\/yoast.com\/wordpress\/plugins\/seo\/ -->\n<title>Easyret - Simovision - Professional<\/title>\n<meta name=\"robots\" content=\"index, follow, max-snippet:-1, max-image-preview:large, max-video-preview:-1\" \/>\n<link rel=\"canonical\" href=\"https:\/\/simovision.be\/professional\/fr\/produit\/easyret\/\" \/>\n<meta property=\"og:locale\" content=\"fr_FR\" \/>\n<meta property=\"og:type\" content=\"article\" \/>\n<meta property=\"og:title\" content=\"Easyret - Simovision - Professional\" \/>\n<meta property=\"og:description\" content=\"Technologie laser \u00e0 fibre 577 nm Easyret est une plateforme laser int\u00e9gr\u00e9e d\u00e9di\u00e9e au traitement de la r\u00e9tine, combinant la technologie laser \u00e0 fibre avec les modes de traitement:   MonoSpot;  MultiSpot;  et SubLiminal\u00ae.  Le laser Easyret est dot\u00e9 d\u2019une interface logicielle orient\u00e9e \u00ab clinique \u00bb simplifiant le traitement laser. Intuitive et polyvalente, elle guide l\u2019op\u00e9rateur dans la mise en \u0153uvre des traitements MonoSpot, MultiSpot et SubLiminal\u00ae.\" \/>\n<meta property=\"og:url\" content=\"https:\/\/simovision.be\/professional\/fr\/produit\/easyret\/\" \/>\n<meta property=\"og:site_name\" content=\"Simovision - Professional\" \/>\n<meta property=\"article:modified_time\" content=\"2025-09-22T10:07:28+00:00\" \/>\n<meta property=\"og:image\" content=\"https:\/\/simovision.be\/professional\/wp-content\/uploads\/sites\/2\/2025\/06\/Easyret-Zeiss.webp\" \/>\n\t<meta property=\"og:image:width\" content=\"1000\" \/>\n\t<meta property=\"og:image:height\" content=\"666\" \/>\n\t<meta property=\"og:image:type\" content=\"image\/webp\" \/>\n<meta name=\"twitter:card\" content=\"summary_large_image\" \/>\n<meta name=\"twitter:label1\" content=\"Dur\u00e9e de lecture estim\u00e9e\" \/>\n\t<meta name=\"twitter:data1\" content=\"2 minutes\" \/>\n<script type=\"application\/ld+json\" class=\"yoast-schema-graph\">{\"@context\":\"https:\/\/schema.org\",\"@graph\":[{\"@type\":\"WebPage\",\"@id\":\"https:\/\/simovision.be\/professional\/fr\/produit\/easyret\/\",\"url\":\"https:\/\/simovision.be\/professional\/fr\/produit\/easyret\/\",\"name\":\"Easyret - Simovision - Professional\",\"isPartOf\":{\"@id\":\"https:\/\/simovision.be\/professional\/fr\/#website\"},\"primaryImageOfPage\":{\"@id\":\"https:\/\/simovision.be\/professional\/fr\/produit\/easyret\/#primaryimage\"},\"image\":{\"@id\":\"https:\/\/simovision.be\/professional\/fr\/produit\/easyret\/#primaryimage\"},\"thumbnailUrl\":\"https:\/\/simovision.be\/professional\/wp-content\/uploads\/sites\/2\/2025\/06\/Easyret-Zeiss.webp\",\"datePublished\":\"2025-06-11T07:51:15+00:00\",\"dateModified\":\"2025-09-22T10:07:28+00:00\",\"breadcrumb\":{\"@id\":\"https:\/\/simovision.be\/professional\/fr\/produit\/easyret\/#breadcrumb\"},\"inLanguage\":\"fr-FR\",\"potentialAction\":[{\"@type\":\"ReadAction\",\"target\":[\"https:\/\/simovision.be\/professional\/fr\/produit\/easyret\/\"]}]},{\"@type\":\"ImageObject\",\"inLanguage\":\"fr-FR\",\"@id\":\"https:\/\/simovision.be\/professional\/fr\/produit\/easyret\/#primaryimage\",\"url\":\"https:\/\/simovision.be\/professional\/wp-content\/uploads\/sites\/2\/2025\/06\/Easyret-Zeiss.webp\",\"contentUrl\":\"https:\/\/simovision.be\/professional\/wp-content\/uploads\/sites\/2\/2025\/06\/Easyret-Zeiss.webp\",\"width\":1000,\"height\":666},{\"@type\":\"BreadcrumbList\",\"@id\":\"https:\/\/simovision.be\/professional\/fr\/produit\/easyret\/#breadcrumb\",\"itemListElement\":[{\"@type\":\"ListItem\",\"position\":1,\"name\":\"Home\",\"item\":\"https:\/\/simovision.be\/professional\/fr\/\"},{\"@type\":\"ListItem\",\"position\":2,\"name\":\"Boutique\",\"item\":\"https:\/\/simovision.be\/professional\/winkel\/\"},{\"@type\":\"ListItem\",\"position\":3,\"name\":\"Easyret\"}]},{\"@type\":\"WebSite\",\"@id\":\"https:\/\/simovision.be\/professional\/fr\/#website\",\"url\":\"https:\/\/simovision.be\/professional\/fr\/\",\"name\":\"Simovision - Professional\",\"description\":\"\",\"publisher\":{\"@id\":\"https:\/\/simovision.be\/professional\/fr\/#organization\"},\"potentialAction\":[{\"@type\":\"SearchAction\",\"target\":{\"@type\":\"EntryPoint\",\"urlTemplate\":\"https:\/\/simovision.be\/professional\/fr\/?s={search_term_string}\"},\"query-input\":{\"@type\":\"PropertyValueSpecification\",\"valueRequired\":true,\"valueName\":\"search_term_string\"}}],\"inLanguage\":\"fr-FR\"},{\"@type\":\"Organization\",\"@id\":\"https:\/\/simovision.be\/professional\/fr\/#organization\",\"name\":\"Simovision\",\"url\":\"https:\/\/simovision.be\/professional\/fr\/\",\"logo\":{\"@type\":\"ImageObject\",\"inLanguage\":\"fr-FR\",\"@id\":\"https:\/\/simovision.be\/professional\/fr\/#\/schema\/logo\/image\/\",\"url\":\"https:\/\/simovision.be\/professional\/wp-content\/uploads\/sites\/2\/2025\/06\/Logo_Simovision_Hilco_Vision_Pantone_7700C-kopie.webp\",\"contentUrl\":\"https:\/\/simovision.be\/professional\/wp-content\/uploads\/sites\/2\/2025\/06\/Logo_Simovision_Hilco_Vision_Pantone_7700C-kopie.webp\",\"width\":2000,\"height\":1021,\"caption\":\"Simovision\"},\"image\":{\"@id\":\"https:\/\/simovision.be\/professional\/fr\/#\/schema\/logo\/image\/\"},\"sameAs\":[\"https:\/\/www.linkedin.com\/company\/simovision\"]}]}<\/script>\n<!-- \/ Yoast SEO plugin. -->","yoast_head_json":{"title":"Easyret - Simovision - Professional","robots":{"index":"index","follow":"follow","max-snippet":"max-snippet:-1","max-image-preview":"max-image-preview:large","max-video-preview":"max-video-preview:-1"},"canonical":"https:\/\/simovision.be\/professional\/fr\/produit\/easyret\/","og_locale":"fr_FR","og_type":"article","og_title":"Easyret - Simovision - Professional","og_description":"Technologie laser \u00e0 fibre 577 nm Easyret est une plateforme laser int\u00e9gr\u00e9e d\u00e9di\u00e9e au traitement de la r\u00e9tine, combinant la technologie laser \u00e0 fibre avec les modes de traitement:   MonoSpot;  MultiSpot;  et SubLiminal\u00ae.  Le laser Easyret est dot\u00e9 d\u2019une interface logicielle orient\u00e9e \u00ab clinique \u00bb simplifiant le traitement laser. Intuitive et polyvalente, elle guide l\u2019op\u00e9rateur dans la mise en \u0153uvre des traitements MonoSpot, MultiSpot et SubLiminal\u00ae.","og_url":"https:\/\/simovision.be\/professional\/fr\/produit\/easyret\/","og_site_name":"Simovision - Professional","article_modified_time":"2025-09-22T10:07:28+00:00","og_image":[{"width":1000,"height":666,"url":"https:\/\/simovision.be\/professional\/wp-content\/uploads\/sites\/2\/2025\/06\/Easyret-Zeiss.webp","type":"image\/webp"}],"twitter_card":"summary_large_image","twitter_misc":{"Dur\u00e9e de lecture estim\u00e9e":"2 minutes"},"schema":{"@context":"https:\/\/schema.org","@graph":[{"@type":"WebPage","@id":"https:\/\/simovision.be\/professional\/fr\/produit\/easyret\/","url":"https:\/\/simovision.be\/professional\/fr\/produit\/easyret\/","name":"Easyret - Simovision - Professional","isPartOf":{"@id":"https:\/\/simovision.be\/professional\/fr\/#website"},"primaryImageOfPage":{"@id":"https:\/\/simovision.be\/professional\/fr\/produit\/easyret\/#primaryimage"},"image":{"@id":"https:\/\/simovision.be\/professional\/fr\/produit\/easyret\/#primaryimage"},"thumbnailUrl":"https:\/\/simovision.be\/professional\/wp-content\/uploads\/sites\/2\/2025\/06\/Easyret-Zeiss.webp","datePublished":"2025-06-11T07:51:15+00:00","dateModified":"2025-09-22T10:07:28+00:00","breadcrumb":{"@id":"https:\/\/simovision.be\/professional\/fr\/produit\/easyret\/#breadcrumb"},"inLanguage":"fr-FR","potentialAction":[{"@type":"ReadAction","target":["https:\/\/simovision.be\/professional\/fr\/produit\/easyret\/"]}]},{"@type":"ImageObject","inLanguage":"fr-FR","@id":"https:\/\/simovision.be\/professional\/fr\/produit\/easyret\/#primaryimage","url":"https:\/\/simovision.be\/professional\/wp-content\/uploads\/sites\/2\/2025\/06\/Easyret-Zeiss.webp","contentUrl":"https:\/\/simovision.be\/professional\/wp-content\/uploads\/sites\/2\/2025\/06\/Easyret-Zeiss.webp","width":1000,"height":666},{"@type":"BreadcrumbList","@id":"https:\/\/simovision.be\/professional\/fr\/produit\/easyret\/#breadcrumb","itemListElement":[{"@type":"ListItem","position":1,"name":"Home","item":"https:\/\/simovision.be\/professional\/fr\/"},{"@type":"ListItem","position":2,"name":"Boutique","item":"https:\/\/simovision.be\/professional\/winkel\/"},{"@type":"ListItem","position":3,"name":"Easyret"}]},{"@type":"WebSite","@id":"https:\/\/simovision.be\/professional\/fr\/#website","url":"https:\/\/simovision.be\/professional\/fr\/","name":"Simovision - Professional","description":"","publisher":{"@id":"https:\/\/simovision.be\/professional\/fr\/#organization"},"potentialAction":[{"@type":"SearchAction","target":{"@type":"EntryPoint","urlTemplate":"https:\/\/simovision.be\/professional\/fr\/?s={search_term_string}"},"query-input":{"@type":"PropertyValueSpecification","valueRequired":true,"valueName":"search_term_string"}}],"inLanguage":"fr-FR"},{"@type":"Organization","@id":"https:\/\/simovision.be\/professional\/fr\/#organization","name":"Simovision","url":"https:\/\/simovision.be\/professional\/fr\/","logo":{"@type":"ImageObject","inLanguage":"fr-FR","@id":"https:\/\/simovision.be\/professional\/fr\/#\/schema\/logo\/image\/","url":"https:\/\/simovision.be\/professional\/wp-content\/uploads\/sites\/2\/2025\/06\/Logo_Simovision_Hilco_Vision_Pantone_7700C-kopie.webp","contentUrl":"https:\/\/simovision.be\/professional\/wp-content\/uploads\/sites\/2\/2025\/06\/Logo_Simovision_Hilco_Vision_Pantone_7700C-kopie.webp","width":2000,"height":1021,"caption":"Simovision"},"image":{"@id":"https:\/\/simovision.be\/professional\/fr\/#\/schema\/logo\/image\/"},"sameAs":["https:\/\/www.linkedin.com\/company\/simovision"]}]}},"_links":{"self":[{"href":"https:\/\/simovision.be\/professional\/fr\/wp-json\/wp\/v2\/product\/3499","targetHints":{"allow":["GET"]}}],"collection":[{"href":"https:\/\/simovision.be\/professional\/fr\/wp-json\/wp\/v2\/product"}],"about":[{"href":"https:\/\/simovision.be\/professional\/fr\/wp-json\/wp\/v2\/types\/product"}],"wp:featuredmedia":[{"embeddable":true,"href":"https:\/\/simovision.be\/professional\/fr\/wp-json\/wp\/v2\/media\/5961"}],"wp:attachment":[{"href":"https:\/\/simovision.be\/professional\/fr\/wp-json\/wp\/v2\/media?parent=3499"}],"wp:term":[{"taxonomy":"product_brand","embeddable":true,"href":"https:\/\/simovision.be\/professional\/fr\/wp-json\/wp\/v2\/product_brand?post=3499"},{"taxonomy":"product_cat","embeddable":true,"href":"https:\/\/simovision.be\/professional\/fr\/wp-json\/wp\/v2\/product_cat?post=3499"},{"taxonomy":"product_tag","embeddable":true,"href":"https:\/\/simovision.be\/professional\/fr\/wp-json\/wp\/v2\/product_tag?post=3499"}],"curies":[{"name":"wp","href":"https:\/\/api.w.org\/{rel}","templated":true}]}}