{"id":3439,"date":"2025-06-10T08:35:52","date_gmt":"2025-06-10T06:35:52","guid":{"rendered":"https:\/\/simovision.be\/professional\/product\/keratograph-5m\/"},"modified":"2025-09-22T12:07:31","modified_gmt":"2025-09-22T10:07:31","slug":"keratograph-5m","status":"publish","type":"product","link":"https:\/\/simovision.be\/professional\/fr\/produit\/keratograph-5m\/","title":{"rendered":"OCULUS Keratograph 5M"},"content":{"rendered":"<h3><strong>Fonctions<\/strong><\/h3>\n<h4>Mesures avec l&rsquo;\u00e9clairage annulaire Placido<\/h4>\n<p>Des <strong>milliers<\/strong> de <strong>points de mesure<\/strong> sont utilis\u00e9s pour <strong>cartographier<\/strong> l&rsquo;ensemble de la <strong>surface de la corn\u00e9e<\/strong>. L&rsquo;\u00e9clairage de l&rsquo;anneau blanc est utilis\u00e9 \u00e0 cette fin. Un \u00e9clairage annulaire infrarouge est \u00e9galement pr\u00e9vu pour l&rsquo;analyse du film lacrymal afin d&rsquo;\u00e9viter les larmes r\u00e9flexes caus\u00e9es par l&rsquo;\u00e9blouissement.<\/p>\n<h4>Mesures avec des diodes \u00e9lectroluminescentes (LED)<\/h4>\n<p>Un \u00e9clairage parfait est int\u00e9gr\u00e9 \u00e0 chaque fonction du Keratograph<sup>\u00ae<\/sup> 5M:<\/p>\n<ul>\n<li>LED blanches pour la dynamique du film lacrymal<\/li>\n<li>LED bleues pour les images \u00e0 la fluoresc\u00e9ine<\/li>\n<li>DEL infrarouges pour la meibographie<\/li>\n<\/ul>\n<h3><strong>Logiciel: le c\u0153ur du Keratograph<sup>\u00ae<\/sup> 5M<\/strong><\/h3>\n<h4>Imaging Software<\/h4>\n<p>Le \u00ab\u00a0Imaging Software\u00a0\u00bb permet d&rsquo;<strong>enregistrer<\/strong> des <strong>fichiers vid\u00e9o<\/strong> et des <strong>images<\/strong>. Outre la visualisation s\u00e9par\u00e9e des vid\u00e9os et des images, il est \u00e9galement possible de <strong>comparer<\/strong> les <strong>enregistrements<\/strong> avec des images simul\u00e9es \u00e0 la <strong>fluoresc\u00e9ine<\/strong> de l&rsquo;\u0153il mesur\u00e9.<\/p>\n<ul>\n<li>Il suffit d&rsquo;int\u00e9grer le logiciel \u00ab\u00a0Imaging Software\u00a0\u00bb dans le logiciel Keratograph<sup>\u00ae<\/sup>.<\/li>\n<li>Des LED bleues dans la trajectoire d&rsquo;illumination stimulent la fluoresc\u00e9ine.<\/li>\n<li>Des filtres jaunes sont int\u00e9gr\u00e9s dans la voie d&rsquo;observation<\/li>\n<li>R\u00e9sultat: des <strong>images statiques<\/strong> de <strong>fluoresc\u00e9ine<\/strong> et des vid\u00e9os peuvent \u00eatre enregistr\u00e9es selon les <strong>param\u00e8tres<\/strong> de la <strong>lampe \u00e0 fente<\/strong>.<\/li>\n<\/ul>\n<h4>OCULUS OxiMap<sup>\u00ae<\/sup><\/h4>\n<p><strong>La perm\u00e9abilit\u00e9 \u00e0 l&rsquo;oxyg\u00e8ne des lentilles de contact souples rendue visible<\/strong><\/p>\n<p>L&rsquo;OxiMap<sup>\u00ae<\/sup> pr\u00e9sente un <strong>graphique en couleur<\/strong> de la <strong>perm\u00e9abilit\u00e9<\/strong> \u00e0 l&rsquo;<strong>oxyg\u00e8ne<\/strong> des lentilles de contact souples en fonction de leur r\u00e9sistance &#8211; facile \u00e0 comprendre, m\u00eame pour vos patients. Un film lacrymal intact et un apport d&rsquo;oxyg\u00e8ne ad\u00e9quat \u00e0 la corn\u00e9e sont essentiels pour une utilisation confortable des lentilles de contact. L&rsquo;OxiMap<sup>\u00ae<\/sup> permet de visualiser ces \u00e9l\u00e9ments d&rsquo;une mani\u00e8re facile \u00e0 comprendre.<\/p>\n<h4>TF-Scan<\/h4>\n<p><strong>Rend le film lacrymal visible<\/strong><\/p>\n<p>Le film lacrymal est \u00e9valu\u00e9 avec un \u00e9clairage blanc ou infrarouge. La <strong>nouvelle cam\u00e9ra couleur haute r\u00e9solution<\/strong> permet de visualiser les structures les plus fines. Outre la mesure du <strong>NIKBUT<\/strong> (Non-Invasive Keratograph<sup>\u00ae<\/sup> Break-Up Time) et du m\u00e9nisque lacrymal, le TF-Scan peut \u00e9galement analyser la couche lipidique et la dynamique du film lacrymal.<\/p>\n<p>L&rsquo;analyse du film lacrymal avec le OCULUS Keratograph<sup>\u00ae<\/sup> 5M est totalement non invasive et ne n\u00e9cessite aucun outil suppl\u00e9mentaire.<\/p>\n","protected":false},"excerpt":{"rendered":"<p><img loading=\"lazy\" decoding=\"async\" src=\"https:\/\/simovision.be\/professional\/wp-content\/uploads\/sites\/2\/2025\/06\/Logo_Oculus_teaser.png\" alt=\"\" width=\"48\" height=\"40\" class=\"alignnone size-full wp-image-4990\" \/><\/p>\n<p>L&rsquo;OCULUS <strong>Keratograph<sup>\u00ae<\/sup> 5M<\/strong> est un <strong>topographe corn\u00e9en avanc\u00e9<\/strong> dot\u00e9 d&rsquo;un <strong>v\u00e9ritable k\u00e9ratom\u00e8tre int\u00e9gr\u00e9<\/strong> et d&rsquo;une <strong>cam\u00e9ra couleur<\/strong> optimis\u00e9e pour l&rsquo;imagerie externe. Ses caract\u00e9ristiques uniques comprennent l&rsquo;examen des <strong>glandes de Meibomius<\/strong>, la mesure non invasive du <strong>temps de rupture du film lacrymal<\/strong>, la hauteur du <strong>m\u00e9nisque lacrymal<\/strong> et l&rsquo;\u00e9valuation de la <strong>couche lipidique<\/strong>.<\/p>\n<p>Les <strong>avantages<\/strong> du k\u00e9ratom\u00e8tre int\u00e9gr\u00e9 sont d&rsquo;une grande importance pour la pratique quotidienne:<\/p>\n<ul>\n<li>mesures de la courbure r\u00e9elle de la corn\u00e9e<\/li>\n<li>mesures pr\u00e9cises pour une adaptation parfaite des lentilles de contact<\/li>\n<li>intuitif et facile \u00e0 utiliser<\/li>\n<li>traitement rapide des mesures<\/li>\n<li>images de haute qualit\u00e9 pour des r\u00e9sultats clairs pour les clients<\/li>\n<\/ul>\n","protected":false},"featured_media":3853,"template":"","meta":{"_acf_changed":false,"content-type":"","site-sidebar-layout":"default","site-content-layout":"","ast-site-content-layout":"default","site-content-style":"default","site-sidebar-style":"default","ast-global-header-display":"","ast-banner-title-visibility":"","ast-main-header-display":"","ast-hfb-above-header-display":"","ast-hfb-below-header-display":"","ast-hfb-mobile-header-display":"","site-post-title":"","ast-breadcrumbs-content":"","ast-featured-img":"","footer-sml-layout":"","theme-transparent-header-meta":"default","adv-header-id-meta":"","stick-header-meta":"default","header-above-stick-meta":"","header-main-stick-meta":"","header-below-stick-meta":"","astra-migrate-meta-layouts":"set","ast-page-background-enabled":"default","ast-page-background-meta":{"desktop":{"background-color":"var(--ast-global-color-4)","background-image":"","background-repeat":"repeat","background-position":"center center","background-size":"auto","background-attachment":"scroll","background-type":"","background-media":"","overlay-type":"","overlay-color":"","overlay-opacity":"","overlay-gradient":""},"tablet":{"background-color":"","background-image":"","background-repeat":"repeat","background-position":"center center","background-size":"auto","background-attachment":"scroll","background-type":"","background-media":"","overlay-type":"","overlay-color":"","overlay-opacity":"","overlay-gradient":""},"mobile":{"background-color":"","background-image":"","background-repeat":"repeat","background-position":"center center","background-size":"auto","background-attachment":"scroll","background-type":"","background-media":"","overlay-type":"","overlay-color":"","overlay-opacity":"","overlay-gradient":""}},"ast-content-background-meta":{"desktop":{"background-color":"var(--ast-global-color-5)","background-image":"","background-repeat":"repeat","background-position":"center center","background-size":"auto","background-attachment":"scroll","background-type":"","background-media":"","overlay-type":"","overlay-color":"","overlay-opacity":"","overlay-gradient":""},"tablet":{"background-color":"var(--ast-global-color-5)","background-image":"","background-repeat":"repeat","background-position":"center center","background-size":"auto","background-attachment":"scroll","background-type":"","background-media":"","overlay-type":"","overlay-color":"","overlay-opacity":"","overlay-gradient":""},"mobile":{"background-color":"var(--ast-global-color-5)","background-image":"","background-repeat":"repeat","background-position":"center center","background-size":"auto","background-attachment":"scroll","background-type":"","background-media":"","overlay-type":"","overlay-color":"","overlay-opacity":"","overlay-gradient":""}}},"product_brand":[],"product_cat":[129,128],"product_tag":[],"class_list":{"0":"post-3439","1":"product","2":"type-product","3":"status-publish","4":"has-post-thumbnail","6":"product_cat-analyse-de-la-secheresse-oculaire","7":"product_cat-segment-anterieur-tomographe-et-topographe","8":"desktop-align-left","9":"tablet-align-left","10":"mobile-align-left","11":"ast-product-gallery-layout-first-image-large","12":"ast-product-tabs-layout-horizontal","14":"first","15":"instock","16":"shipping-taxable","17":"product-type-simple"},"acf":[],"yoast_head":"<!-- This site is optimized with the Yoast SEO plugin v26.3 - https:\/\/yoast.com\/wordpress\/plugins\/seo\/ -->\n<title>OCULUS Keratograph 5M - Simovision - Professional<\/title>\n<meta name=\"robots\" content=\"index, follow, max-snippet:-1, max-image-preview:large, max-video-preview:-1\" \/>\n<link rel=\"canonical\" href=\"https:\/\/simovision.be\/professional\/fr\/produit\/keratograph-5m\/\" \/>\n<meta property=\"og:locale\" content=\"fr_FR\" \/>\n<meta property=\"og:type\" content=\"article\" \/>\n<meta property=\"og:title\" content=\"OCULUS Keratograph 5M - Simovision - Professional\" \/>\n<meta property=\"og:description\" content=\"L&#039;OCULUS Keratograph\u00ae 5M est un topographe corn\u00e9en avanc\u00e9 dot\u00e9 d&#039;un v\u00e9ritable k\u00e9ratom\u00e8tre int\u00e9gr\u00e9 et d&#039;une cam\u00e9ra couleur optimis\u00e9e pour l&#039;imagerie externe. Ses caract\u00e9ristiques uniques comprennent l&#039;examen des glandes de Meibomius, la mesure non invasive du temps de rupture du film lacrymal, la hauteur du m\u00e9nisque lacrymal et l&#039;\u00e9valuation de la couche lipidique.  Les avantages du k\u00e9ratom\u00e8tre int\u00e9gr\u00e9 sont d&#039;une grande importance pour la pratique quotidienne:   mesures de la courbure r\u00e9elle de la corn\u00e9e  mesures pr\u00e9cises pour une adaptation parfaite des lentilles de contact  intuitif et facile \u00e0 utiliser  traitement rapide des mesures  images de haute qualit\u00e9 pour des r\u00e9sultats clairs pour les clients\" \/>\n<meta property=\"og:url\" content=\"https:\/\/simovision.be\/professional\/fr\/produit\/keratograph-5m\/\" \/>\n<meta property=\"og:site_name\" content=\"Simovision - Professional\" \/>\n<meta property=\"article:modified_time\" content=\"2025-09-22T10:07:31+00:00\" \/>\n<meta property=\"og:image\" content=\"https:\/\/simovision.be\/professional\/wp-content\/uploads\/sites\/2\/2025\/06\/OCULUS-Keratograph-5M.webp\" \/>\n\t<meta property=\"og:image:width\" content=\"1000\" \/>\n\t<meta property=\"og:image:height\" content=\"666\" \/>\n\t<meta property=\"og:image:type\" content=\"image\/webp\" \/>\n<meta name=\"twitter:card\" content=\"summary_large_image\" \/>\n<meta name=\"twitter:label1\" content=\"Dur\u00e9e de lecture estim\u00e9e\" \/>\n\t<meta name=\"twitter:data1\" content=\"2 minutes\" \/>\n<script type=\"application\/ld+json\" class=\"yoast-schema-graph\">{\"@context\":\"https:\/\/schema.org\",\"@graph\":[{\"@type\":\"WebPage\",\"@id\":\"https:\/\/simovision.be\/professional\/fr\/produit\/keratograph-5m\/\",\"url\":\"https:\/\/simovision.be\/professional\/fr\/produit\/keratograph-5m\/\",\"name\":\"OCULUS Keratograph 5M - Simovision - Professional\",\"isPartOf\":{\"@id\":\"https:\/\/simovision.be\/professional\/fr\/#website\"},\"primaryImageOfPage\":{\"@id\":\"https:\/\/simovision.be\/professional\/fr\/produit\/keratograph-5m\/#primaryimage\"},\"image\":{\"@id\":\"https:\/\/simovision.be\/professional\/fr\/produit\/keratograph-5m\/#primaryimage\"},\"thumbnailUrl\":\"https:\/\/simovision.be\/professional\/wp-content\/uploads\/sites\/2\/2025\/06\/OCULUS-Keratograph-5M.webp\",\"datePublished\":\"2025-06-10T06:35:52+00:00\",\"dateModified\":\"2025-09-22T10:07:31+00:00\",\"breadcrumb\":{\"@id\":\"https:\/\/simovision.be\/professional\/fr\/produit\/keratograph-5m\/#breadcrumb\"},\"inLanguage\":\"fr-FR\",\"potentialAction\":[{\"@type\":\"ReadAction\",\"target\":[\"https:\/\/simovision.be\/professional\/fr\/produit\/keratograph-5m\/\"]}]},{\"@type\":\"ImageObject\",\"inLanguage\":\"fr-FR\",\"@id\":\"https:\/\/simovision.be\/professional\/fr\/produit\/keratograph-5m\/#primaryimage\",\"url\":\"https:\/\/simovision.be\/professional\/wp-content\/uploads\/sites\/2\/2025\/06\/OCULUS-Keratograph-5M.webp\",\"contentUrl\":\"https:\/\/simovision.be\/professional\/wp-content\/uploads\/sites\/2\/2025\/06\/OCULUS-Keratograph-5M.webp\",\"width\":1000,\"height\":666},{\"@type\":\"BreadcrumbList\",\"@id\":\"https:\/\/simovision.be\/professional\/fr\/produit\/keratograph-5m\/#breadcrumb\",\"itemListElement\":[{\"@type\":\"ListItem\",\"position\":1,\"name\":\"Home\",\"item\":\"https:\/\/simovision.be\/professional\/fr\/\"},{\"@type\":\"ListItem\",\"position\":2,\"name\":\"Boutique\",\"item\":\"https:\/\/simovision.be\/professional\/winkel\/\"},{\"@type\":\"ListItem\",\"position\":3,\"name\":\"OCULUS Keratograph 5M\"}]},{\"@type\":\"WebSite\",\"@id\":\"https:\/\/simovision.be\/professional\/fr\/#website\",\"url\":\"https:\/\/simovision.be\/professional\/fr\/\",\"name\":\"Simovision - Professional\",\"description\":\"\",\"publisher\":{\"@id\":\"https:\/\/simovision.be\/professional\/fr\/#organization\"},\"potentialAction\":[{\"@type\":\"SearchAction\",\"target\":{\"@type\":\"EntryPoint\",\"urlTemplate\":\"https:\/\/simovision.be\/professional\/fr\/?s={search_term_string}\"},\"query-input\":{\"@type\":\"PropertyValueSpecification\",\"valueRequired\":true,\"valueName\":\"search_term_string\"}}],\"inLanguage\":\"fr-FR\"},{\"@type\":\"Organization\",\"@id\":\"https:\/\/simovision.be\/professional\/fr\/#organization\",\"name\":\"Simovision\",\"url\":\"https:\/\/simovision.be\/professional\/fr\/\",\"logo\":{\"@type\":\"ImageObject\",\"inLanguage\":\"fr-FR\",\"@id\":\"https:\/\/simovision.be\/professional\/fr\/#\/schema\/logo\/image\/\",\"url\":\"https:\/\/simovision.be\/professional\/wp-content\/uploads\/sites\/2\/2025\/06\/Logo_Simovision_Hilco_Vision_Pantone_7700C-kopie.webp\",\"contentUrl\":\"https:\/\/simovision.be\/professional\/wp-content\/uploads\/sites\/2\/2025\/06\/Logo_Simovision_Hilco_Vision_Pantone_7700C-kopie.webp\",\"width\":2000,\"height\":1021,\"caption\":\"Simovision\"},\"image\":{\"@id\":\"https:\/\/simovision.be\/professional\/fr\/#\/schema\/logo\/image\/\"},\"sameAs\":[\"https:\/\/www.linkedin.com\/company\/simovision\"]}]}<\/script>\n<!-- \/ Yoast SEO plugin. -->","yoast_head_json":{"title":"OCULUS Keratograph 5M - Simovision - Professional","robots":{"index":"index","follow":"follow","max-snippet":"max-snippet:-1","max-image-preview":"max-image-preview:large","max-video-preview":"max-video-preview:-1"},"canonical":"https:\/\/simovision.be\/professional\/fr\/produit\/keratograph-5m\/","og_locale":"fr_FR","og_type":"article","og_title":"OCULUS Keratograph 5M - Simovision - Professional","og_description":"L'OCULUS Keratograph\u00ae 5M est un topographe corn\u00e9en avanc\u00e9 dot\u00e9 d'un v\u00e9ritable k\u00e9ratom\u00e8tre int\u00e9gr\u00e9 et d'une cam\u00e9ra couleur optimis\u00e9e pour l'imagerie externe. Ses caract\u00e9ristiques uniques comprennent l'examen des glandes de Meibomius, la mesure non invasive du temps de rupture du film lacrymal, la hauteur du m\u00e9nisque lacrymal et l'\u00e9valuation de la couche lipidique.  Les avantages du k\u00e9ratom\u00e8tre int\u00e9gr\u00e9 sont d'une grande importance pour la pratique quotidienne:   mesures de la courbure r\u00e9elle de la corn\u00e9e  mesures pr\u00e9cises pour une adaptation parfaite des lentilles de contact  intuitif et facile \u00e0 utiliser  traitement rapide des mesures  images de haute qualit\u00e9 pour des r\u00e9sultats clairs pour les clients","og_url":"https:\/\/simovision.be\/professional\/fr\/produit\/keratograph-5m\/","og_site_name":"Simovision - Professional","article_modified_time":"2025-09-22T10:07:31+00:00","og_image":[{"width":1000,"height":666,"url":"https:\/\/simovision.be\/professional\/wp-content\/uploads\/sites\/2\/2025\/06\/OCULUS-Keratograph-5M.webp","type":"image\/webp"}],"twitter_card":"summary_large_image","twitter_misc":{"Dur\u00e9e de lecture estim\u00e9e":"2 minutes"},"schema":{"@context":"https:\/\/schema.org","@graph":[{"@type":"WebPage","@id":"https:\/\/simovision.be\/professional\/fr\/produit\/keratograph-5m\/","url":"https:\/\/simovision.be\/professional\/fr\/produit\/keratograph-5m\/","name":"OCULUS Keratograph 5M - Simovision - Professional","isPartOf":{"@id":"https:\/\/simovision.be\/professional\/fr\/#website"},"primaryImageOfPage":{"@id":"https:\/\/simovision.be\/professional\/fr\/produit\/keratograph-5m\/#primaryimage"},"image":{"@id":"https:\/\/simovision.be\/professional\/fr\/produit\/keratograph-5m\/#primaryimage"},"thumbnailUrl":"https:\/\/simovision.be\/professional\/wp-content\/uploads\/sites\/2\/2025\/06\/OCULUS-Keratograph-5M.webp","datePublished":"2025-06-10T06:35:52+00:00","dateModified":"2025-09-22T10:07:31+00:00","breadcrumb":{"@id":"https:\/\/simovision.be\/professional\/fr\/produit\/keratograph-5m\/#breadcrumb"},"inLanguage":"fr-FR","potentialAction":[{"@type":"ReadAction","target":["https:\/\/simovision.be\/professional\/fr\/produit\/keratograph-5m\/"]}]},{"@type":"ImageObject","inLanguage":"fr-FR","@id":"https:\/\/simovision.be\/professional\/fr\/produit\/keratograph-5m\/#primaryimage","url":"https:\/\/simovision.be\/professional\/wp-content\/uploads\/sites\/2\/2025\/06\/OCULUS-Keratograph-5M.webp","contentUrl":"https:\/\/simovision.be\/professional\/wp-content\/uploads\/sites\/2\/2025\/06\/OCULUS-Keratograph-5M.webp","width":1000,"height":666},{"@type":"BreadcrumbList","@id":"https:\/\/simovision.be\/professional\/fr\/produit\/keratograph-5m\/#breadcrumb","itemListElement":[{"@type":"ListItem","position":1,"name":"Home","item":"https:\/\/simovision.be\/professional\/fr\/"},{"@type":"ListItem","position":2,"name":"Boutique","item":"https:\/\/simovision.be\/professional\/winkel\/"},{"@type":"ListItem","position":3,"name":"OCULUS Keratograph 5M"}]},{"@type":"WebSite","@id":"https:\/\/simovision.be\/professional\/fr\/#website","url":"https:\/\/simovision.be\/professional\/fr\/","name":"Simovision - Professional","description":"","publisher":{"@id":"https:\/\/simovision.be\/professional\/fr\/#organization"},"potentialAction":[{"@type":"SearchAction","target":{"@type":"EntryPoint","urlTemplate":"https:\/\/simovision.be\/professional\/fr\/?s={search_term_string}"},"query-input":{"@type":"PropertyValueSpecification","valueRequired":true,"valueName":"search_term_string"}}],"inLanguage":"fr-FR"},{"@type":"Organization","@id":"https:\/\/simovision.be\/professional\/fr\/#organization","name":"Simovision","url":"https:\/\/simovision.be\/professional\/fr\/","logo":{"@type":"ImageObject","inLanguage":"fr-FR","@id":"https:\/\/simovision.be\/professional\/fr\/#\/schema\/logo\/image\/","url":"https:\/\/simovision.be\/professional\/wp-content\/uploads\/sites\/2\/2025\/06\/Logo_Simovision_Hilco_Vision_Pantone_7700C-kopie.webp","contentUrl":"https:\/\/simovision.be\/professional\/wp-content\/uploads\/sites\/2\/2025\/06\/Logo_Simovision_Hilco_Vision_Pantone_7700C-kopie.webp","width":2000,"height":1021,"caption":"Simovision"},"image":{"@id":"https:\/\/simovision.be\/professional\/fr\/#\/schema\/logo\/image\/"},"sameAs":["https:\/\/www.linkedin.com\/company\/simovision"]}]}},"_links":{"self":[{"href":"https:\/\/simovision.be\/professional\/fr\/wp-json\/wp\/v2\/product\/3439","targetHints":{"allow":["GET"]}}],"collection":[{"href":"https:\/\/simovision.be\/professional\/fr\/wp-json\/wp\/v2\/product"}],"about":[{"href":"https:\/\/simovision.be\/professional\/fr\/wp-json\/wp\/v2\/types\/product"}],"wp:featuredmedia":[{"embeddable":true,"href":"https:\/\/simovision.be\/professional\/fr\/wp-json\/wp\/v2\/media\/3853"}],"wp:attachment":[{"href":"https:\/\/simovision.be\/professional\/fr\/wp-json\/wp\/v2\/media?parent=3439"}],"wp:term":[{"taxonomy":"product_brand","embeddable":true,"href":"https:\/\/simovision.be\/professional\/fr\/wp-json\/wp\/v2\/product_brand?post=3439"},{"taxonomy":"product_cat","embeddable":true,"href":"https:\/\/simovision.be\/professional\/fr\/wp-json\/wp\/v2\/product_cat?post=3439"},{"taxonomy":"product_tag","embeddable":true,"href":"https:\/\/simovision.be\/professional\/fr\/wp-json\/wp\/v2\/product_tag?post=3439"}],"curies":[{"name":"wp","href":"https:\/\/api.w.org\/{rel}","templated":true}]}}