{"id":3416,"date":"2025-06-10T07:24:39","date_gmt":"2025-06-10T05:24:39","guid":{"rendered":"https:\/\/simovision.be\/professional\/product\/pocket-iii\/"},"modified":"2025-09-22T12:07:33","modified_gmt":"2025-09-22T10:07:33","slug":"pocket-iii","status":"publish","type":"product","link":"https:\/\/simovision.be\/professional\/fr\/produit\/pocket-iii\/","title":{"rendered":"Pocket III"},"content":{"rendered":"<ol>\n<li><strong>Pr\u00e9cision et plage de mesures \u00e9tendue<br \/>\n<\/strong>De 150 \u00e0 1200 microns, POCKET III<sup>\u00ae<\/sup> peut mesurer la grande majorit\u00e9 de l&rsquo;\u00e9paisseur corn\u00e9enne en mode central ou en mode s\u00e9quence de mesure. Les <strong>mesures de PIO<\/strong> peuvent \u00eatre corrig\u00e9es \u00e0 l&rsquo;aide de <strong>tables int\u00e9gr\u00e9es de correction<\/strong> entre la PIO et l&rsquo;\u00e9paisseur corn\u00e9enne, y compris Ehlers, Doughty et Dresdner.<\/li>\n<li><strong>Ergonomique et facilit\u00e9 d&rsquo;utilisation<\/strong><br \/>\nAvec son <strong>design compact<\/strong> et ergonomique, POCKET III<sup>\u00ae<\/sup>\u00a0est le pachym\u00e8tre portable <strong>le plus l\u00e9ger du march\u00e9<\/strong>, avec un poids de seulement 60 grammes.\u00a0La prise de mesures est plus facile et donc plus confortable pour le praticien et le patient.<\/li>\n<li><strong>S\u00fbr et adapt\u00e9 aux besoins pour la d\u00e9sinfection<br \/>\n<\/strong>Le support du POCKET III<sup>\u00ae<\/sup> permet d&rsquo;immerger en toute s\u00e9curit\u00e9 l&#8217;embout de la sonde dans une <strong>solution d\u00e9sinfectante<\/strong>. Vous pouvez v\u00e9rifier la mesure de la sonde et de s\u2019exercer \u00e0 \u00eatre perpendiculaire \u00e0 l&rsquo;aide du disque de test situ\u00e9 \u00e0 la base du support.<\/li>\n<\/ol>\n","protected":false},"excerpt":{"rendered":"<p><img loading=\"lazy\" decoding=\"async\" src=\"https:\/\/simovision.be\/professional\/wp-content\/uploads\/sites\/2\/2025\/06\/Logo_Quantel_Medical_tease.png\" alt=\"\" width=\"96\" height=\"40\" class=\"alignnone size-full wp-image-4986\" srcset=\"https:\/\/simovision.be\/professional\/wp-content\/uploads\/sites\/2\/2025\/06\/Logo_Quantel_Medical_tease.png 96w, https:\/\/simovision.be\/professional\/wp-content\/uploads\/sites\/2\/2025\/06\/Logo_Quantel_Medical_tease-64x27.png 64w\" sizes=\"auto, (max-width: 96px) 100vw, 96px\" \/><\/p>\n<h3><strong>Le pachym\u00e8tre \u00e0 port\u00e9e de main<\/strong><\/h3>\n<p>POCKET III<sup>\u00ae<\/sup> est le <strong>nouveau pachym\u00e8tre ultrasonore portable<\/strong> qui permet de mesurer facilement et avec pr\u00e9cision l&rsquo;\u00e9paisseur de la corn\u00e9e. Il s&rsquo;agit du pachym\u00e8tre portable de <strong>derni\u00e8re g\u00e9n\u00e9ration<\/strong> fabriqu\u00e9 par <strong>Quantel Medical<\/strong> (Lumibird Medical).<\/p>\n<h4>Points cl\u00e9s<\/h4>\n<ul>\n<li>La sonde de 30 MHz permet une <strong>plage de mesures pr\u00e9cise<\/strong> et \u00e9tendue de <strong>150 microns<\/strong> \u00e0 <strong>1200 microns<\/strong>.<\/li>\n<li>L\u00e9ger (seulement <strong>60 g<\/strong>), POCKET III<sup>\u00ae<\/sup> est facile \u00e0 manipuler que vous soyez droitier ou gaucher.<\/li>\n<li>La batterie Lithium-ion est <strong>rechargeable<\/strong> pour une charge longue dur\u00e9e.<\/li>\n<\/ul>\n","protected":false},"featured_media":3855,"template":"","meta":{"_acf_changed":false,"content-type":"","site-sidebar-layout":"default","site-content-layout":"","ast-site-content-layout":"default","site-content-style":"default","site-sidebar-style":"default","ast-global-header-display":"","ast-banner-title-visibility":"","ast-main-header-display":"","ast-hfb-above-header-display":"","ast-hfb-below-header-display":"","ast-hfb-mobile-header-display":"","site-post-title":"","ast-breadcrumbs-content":"","ast-featured-img":"","footer-sml-layout":"","theme-transparent-header-meta":"default","adv-header-id-meta":"","stick-header-meta":"default","header-above-stick-meta":"","header-main-stick-meta":"","header-below-stick-meta":"","astra-migrate-meta-layouts":"set","ast-page-background-enabled":"default","ast-page-background-meta":{"desktop":{"background-color":"var(--ast-global-color-4)","background-image":"","background-repeat":"repeat","background-position":"center center","background-size":"auto","background-attachment":"scroll","background-type":"","background-media":"","overlay-type":"","overlay-color":"","overlay-opacity":"","overlay-gradient":""},"tablet":{"background-color":"","background-image":"","background-repeat":"repeat","background-position":"center center","background-size":"auto","background-attachment":"scroll","background-type":"","background-media":"","overlay-type":"","overlay-color":"","overlay-opacity":"","overlay-gradient":""},"mobile":{"background-color":"","background-image":"","background-repeat":"repeat","background-position":"center center","background-size":"auto","background-attachment":"scroll","background-type":"","background-media":"","overlay-type":"","overlay-color":"","overlay-opacity":"","overlay-gradient":""}},"ast-content-background-meta":{"desktop":{"background-color":"var(--ast-global-color-5)","background-image":"","background-repeat":"repeat","background-position":"center center","background-size":"auto","background-attachment":"scroll","background-type":"","background-media":"","overlay-type":"","overlay-color":"","overlay-opacity":"","overlay-gradient":""},"tablet":{"background-color":"var(--ast-global-color-5)","background-image":"","background-repeat":"repeat","background-position":"center center","background-size":"auto","background-attachment":"scroll","background-type":"","background-media":"","overlay-type":"","overlay-color":"","overlay-opacity":"","overlay-gradient":""},"mobile":{"background-color":"var(--ast-global-color-5)","background-image":"","background-repeat":"repeat","background-position":"center center","background-size":"auto","background-attachment":"scroll","background-type":"","background-media":"","overlay-type":"","overlay-color":"","overlay-opacity":"","overlay-gradient":""}}},"product_brand":[],"product_cat":[130],"product_tag":[],"class_list":{"0":"post-3416","1":"product","2":"type-product","3":"status-publish","4":"has-post-thumbnail","6":"product_cat-biometre-pachymetre","7":"desktop-align-left","8":"tablet-align-left","9":"mobile-align-left","10":"ast-product-gallery-layout-first-image-large","11":"ast-product-tabs-layout-horizontal","13":"first","14":"instock","15":"shipping-taxable","16":"product-type-simple"},"acf":[],"yoast_head":"<!-- This site is optimized with the Yoast SEO plugin v26.3 - https:\/\/yoast.com\/wordpress\/plugins\/seo\/ -->\n<title>Pocket III - Simovision - Professional<\/title>\n<meta name=\"robots\" content=\"index, follow, max-snippet:-1, max-image-preview:large, max-video-preview:-1\" \/>\n<link rel=\"canonical\" href=\"https:\/\/simovision.be\/professional\/fr\/produit\/pocket-iii\/\" \/>\n<meta property=\"og:locale\" content=\"fr_FR\" \/>\n<meta property=\"og:type\" content=\"article\" \/>\n<meta property=\"og:title\" content=\"Pocket III - Simovision - Professional\" \/>\n<meta property=\"og:description\" content=\"Le pachym\u00e8tre \u00e0 port\u00e9e de main POCKET III\u00ae est le nouveau pachym\u00e8tre ultrasonore portable qui permet de mesurer facilement et avec pr\u00e9cision l&#039;\u00e9paisseur de la corn\u00e9e. Il s&#039;agit du pachym\u00e8tre portable de derni\u00e8re g\u00e9n\u00e9ration fabriqu\u00e9 par Quantel Medical (Lumibird Medical). Points cl\u00e9s   La sonde de 30 MHz permet une plage de mesures pr\u00e9cise et \u00e9tendue de 150 microns \u00e0 1200 microns.  L\u00e9ger (seulement 60 g), POCKET III\u00ae est facile \u00e0 manipuler que vous soyez droitier ou gaucher.  La batterie Lithium-ion est rechargeable pour une charge longue dur\u00e9e.\" \/>\n<meta property=\"og:url\" content=\"https:\/\/simovision.be\/professional\/fr\/produit\/pocket-iii\/\" \/>\n<meta property=\"og:site_name\" content=\"Simovision - Professional\" \/>\n<meta property=\"article:modified_time\" content=\"2025-09-22T10:07:33+00:00\" \/>\n<meta property=\"og:image\" content=\"https:\/\/simovision.be\/professional\/wp-content\/uploads\/sites\/2\/2025\/06\/Pocket-III.webp\" \/>\n\t<meta property=\"og:image:width\" content=\"1000\" \/>\n\t<meta property=\"og:image:height\" content=\"666\" \/>\n\t<meta property=\"og:image:type\" content=\"image\/webp\" \/>\n<meta name=\"twitter:card\" content=\"summary_large_image\" \/>\n<meta name=\"twitter:label1\" content=\"Dur\u00e9e de lecture estim\u00e9e\" \/>\n\t<meta name=\"twitter:data1\" content=\"1 minute\" \/>\n<script type=\"application\/ld+json\" class=\"yoast-schema-graph\">{\"@context\":\"https:\/\/schema.org\",\"@graph\":[{\"@type\":\"WebPage\",\"@id\":\"https:\/\/simovision.be\/professional\/fr\/produit\/pocket-iii\/\",\"url\":\"https:\/\/simovision.be\/professional\/fr\/produit\/pocket-iii\/\",\"name\":\"Pocket III - Simovision - Professional\",\"isPartOf\":{\"@id\":\"https:\/\/simovision.be\/professional\/fr\/#website\"},\"primaryImageOfPage\":{\"@id\":\"https:\/\/simovision.be\/professional\/fr\/produit\/pocket-iii\/#primaryimage\"},\"image\":{\"@id\":\"https:\/\/simovision.be\/professional\/fr\/produit\/pocket-iii\/#primaryimage\"},\"thumbnailUrl\":\"https:\/\/simovision.be\/professional\/wp-content\/uploads\/sites\/2\/2025\/06\/Pocket-III.webp\",\"datePublished\":\"2025-06-10T05:24:39+00:00\",\"dateModified\":\"2025-09-22T10:07:33+00:00\",\"breadcrumb\":{\"@id\":\"https:\/\/simovision.be\/professional\/fr\/produit\/pocket-iii\/#breadcrumb\"},\"inLanguage\":\"fr-FR\",\"potentialAction\":[{\"@type\":\"ReadAction\",\"target\":[\"https:\/\/simovision.be\/professional\/fr\/produit\/pocket-iii\/\"]}]},{\"@type\":\"ImageObject\",\"inLanguage\":\"fr-FR\",\"@id\":\"https:\/\/simovision.be\/professional\/fr\/produit\/pocket-iii\/#primaryimage\",\"url\":\"https:\/\/simovision.be\/professional\/wp-content\/uploads\/sites\/2\/2025\/06\/Pocket-III.webp\",\"contentUrl\":\"https:\/\/simovision.be\/professional\/wp-content\/uploads\/sites\/2\/2025\/06\/Pocket-III.webp\",\"width\":1000,\"height\":666},{\"@type\":\"BreadcrumbList\",\"@id\":\"https:\/\/simovision.be\/professional\/fr\/produit\/pocket-iii\/#breadcrumb\",\"itemListElement\":[{\"@type\":\"ListItem\",\"position\":1,\"name\":\"Home\",\"item\":\"https:\/\/simovision.be\/professional\/fr\/\"},{\"@type\":\"ListItem\",\"position\":2,\"name\":\"Boutique\",\"item\":\"https:\/\/simovision.be\/professional\/winkel\/\"},{\"@type\":\"ListItem\",\"position\":3,\"name\":\"Pocket III\"}]},{\"@type\":\"WebSite\",\"@id\":\"https:\/\/simovision.be\/professional\/fr\/#website\",\"url\":\"https:\/\/simovision.be\/professional\/fr\/\",\"name\":\"Simovision - Professional\",\"description\":\"\",\"publisher\":{\"@id\":\"https:\/\/simovision.be\/professional\/fr\/#organization\"},\"potentialAction\":[{\"@type\":\"SearchAction\",\"target\":{\"@type\":\"EntryPoint\",\"urlTemplate\":\"https:\/\/simovision.be\/professional\/fr\/?s={search_term_string}\"},\"query-input\":{\"@type\":\"PropertyValueSpecification\",\"valueRequired\":true,\"valueName\":\"search_term_string\"}}],\"inLanguage\":\"fr-FR\"},{\"@type\":\"Organization\",\"@id\":\"https:\/\/simovision.be\/professional\/fr\/#organization\",\"name\":\"Simovision\",\"url\":\"https:\/\/simovision.be\/professional\/fr\/\",\"logo\":{\"@type\":\"ImageObject\",\"inLanguage\":\"fr-FR\",\"@id\":\"https:\/\/simovision.be\/professional\/fr\/#\/schema\/logo\/image\/\",\"url\":\"https:\/\/simovision.be\/professional\/wp-content\/uploads\/sites\/2\/2025\/06\/Logo_Simovision_Hilco_Vision_Pantone_7700C-kopie.webp\",\"contentUrl\":\"https:\/\/simovision.be\/professional\/wp-content\/uploads\/sites\/2\/2025\/06\/Logo_Simovision_Hilco_Vision_Pantone_7700C-kopie.webp\",\"width\":2000,\"height\":1021,\"caption\":\"Simovision\"},\"image\":{\"@id\":\"https:\/\/simovision.be\/professional\/fr\/#\/schema\/logo\/image\/\"},\"sameAs\":[\"https:\/\/www.linkedin.com\/company\/simovision\"]}]}<\/script>\n<!-- \/ Yoast SEO plugin. -->","yoast_head_json":{"title":"Pocket III - Simovision - Professional","robots":{"index":"index","follow":"follow","max-snippet":"max-snippet:-1","max-image-preview":"max-image-preview:large","max-video-preview":"max-video-preview:-1"},"canonical":"https:\/\/simovision.be\/professional\/fr\/produit\/pocket-iii\/","og_locale":"fr_FR","og_type":"article","og_title":"Pocket III - Simovision - Professional","og_description":"Le pachym\u00e8tre \u00e0 port\u00e9e de main POCKET III\u00ae est le nouveau pachym\u00e8tre ultrasonore portable qui permet de mesurer facilement et avec pr\u00e9cision l'\u00e9paisseur de la corn\u00e9e. Il s'agit du pachym\u00e8tre portable de derni\u00e8re g\u00e9n\u00e9ration fabriqu\u00e9 par Quantel Medical (Lumibird Medical). Points cl\u00e9s   La sonde de 30 MHz permet une plage de mesures pr\u00e9cise et \u00e9tendue de 150 microns \u00e0 1200 microns.  L\u00e9ger (seulement 60 g), POCKET III\u00ae est facile \u00e0 manipuler que vous soyez droitier ou gaucher.  La batterie Lithium-ion est rechargeable pour une charge longue dur\u00e9e.","og_url":"https:\/\/simovision.be\/professional\/fr\/produit\/pocket-iii\/","og_site_name":"Simovision - Professional","article_modified_time":"2025-09-22T10:07:33+00:00","og_image":[{"width":1000,"height":666,"url":"https:\/\/simovision.be\/professional\/wp-content\/uploads\/sites\/2\/2025\/06\/Pocket-III.webp","type":"image\/webp"}],"twitter_card":"summary_large_image","twitter_misc":{"Dur\u00e9e de lecture estim\u00e9e":"1 minute"},"schema":{"@context":"https:\/\/schema.org","@graph":[{"@type":"WebPage","@id":"https:\/\/simovision.be\/professional\/fr\/produit\/pocket-iii\/","url":"https:\/\/simovision.be\/professional\/fr\/produit\/pocket-iii\/","name":"Pocket III - Simovision - Professional","isPartOf":{"@id":"https:\/\/simovision.be\/professional\/fr\/#website"},"primaryImageOfPage":{"@id":"https:\/\/simovision.be\/professional\/fr\/produit\/pocket-iii\/#primaryimage"},"image":{"@id":"https:\/\/simovision.be\/professional\/fr\/produit\/pocket-iii\/#primaryimage"},"thumbnailUrl":"https:\/\/simovision.be\/professional\/wp-content\/uploads\/sites\/2\/2025\/06\/Pocket-III.webp","datePublished":"2025-06-10T05:24:39+00:00","dateModified":"2025-09-22T10:07:33+00:00","breadcrumb":{"@id":"https:\/\/simovision.be\/professional\/fr\/produit\/pocket-iii\/#breadcrumb"},"inLanguage":"fr-FR","potentialAction":[{"@type":"ReadAction","target":["https:\/\/simovision.be\/professional\/fr\/produit\/pocket-iii\/"]}]},{"@type":"ImageObject","inLanguage":"fr-FR","@id":"https:\/\/simovision.be\/professional\/fr\/produit\/pocket-iii\/#primaryimage","url":"https:\/\/simovision.be\/professional\/wp-content\/uploads\/sites\/2\/2025\/06\/Pocket-III.webp","contentUrl":"https:\/\/simovision.be\/professional\/wp-content\/uploads\/sites\/2\/2025\/06\/Pocket-III.webp","width":1000,"height":666},{"@type":"BreadcrumbList","@id":"https:\/\/simovision.be\/professional\/fr\/produit\/pocket-iii\/#breadcrumb","itemListElement":[{"@type":"ListItem","position":1,"name":"Home","item":"https:\/\/simovision.be\/professional\/fr\/"},{"@type":"ListItem","position":2,"name":"Boutique","item":"https:\/\/simovision.be\/professional\/winkel\/"},{"@type":"ListItem","position":3,"name":"Pocket III"}]},{"@type":"WebSite","@id":"https:\/\/simovision.be\/professional\/fr\/#website","url":"https:\/\/simovision.be\/professional\/fr\/","name":"Simovision - Professional","description":"","publisher":{"@id":"https:\/\/simovision.be\/professional\/fr\/#organization"},"potentialAction":[{"@type":"SearchAction","target":{"@type":"EntryPoint","urlTemplate":"https:\/\/simovision.be\/professional\/fr\/?s={search_term_string}"},"query-input":{"@type":"PropertyValueSpecification","valueRequired":true,"valueName":"search_term_string"}}],"inLanguage":"fr-FR"},{"@type":"Organization","@id":"https:\/\/simovision.be\/professional\/fr\/#organization","name":"Simovision","url":"https:\/\/simovision.be\/professional\/fr\/","logo":{"@type":"ImageObject","inLanguage":"fr-FR","@id":"https:\/\/simovision.be\/professional\/fr\/#\/schema\/logo\/image\/","url":"https:\/\/simovision.be\/professional\/wp-content\/uploads\/sites\/2\/2025\/06\/Logo_Simovision_Hilco_Vision_Pantone_7700C-kopie.webp","contentUrl":"https:\/\/simovision.be\/professional\/wp-content\/uploads\/sites\/2\/2025\/06\/Logo_Simovision_Hilco_Vision_Pantone_7700C-kopie.webp","width":2000,"height":1021,"caption":"Simovision"},"image":{"@id":"https:\/\/simovision.be\/professional\/fr\/#\/schema\/logo\/image\/"},"sameAs":["https:\/\/www.linkedin.com\/company\/simovision"]}]}},"_links":{"self":[{"href":"https:\/\/simovision.be\/professional\/fr\/wp-json\/wp\/v2\/product\/3416","targetHints":{"allow":["GET"]}}],"collection":[{"href":"https:\/\/simovision.be\/professional\/fr\/wp-json\/wp\/v2\/product"}],"about":[{"href":"https:\/\/simovision.be\/professional\/fr\/wp-json\/wp\/v2\/types\/product"}],"wp:featuredmedia":[{"embeddable":true,"href":"https:\/\/simovision.be\/professional\/fr\/wp-json\/wp\/v2\/media\/3855"}],"wp:attachment":[{"href":"https:\/\/simovision.be\/professional\/fr\/wp-json\/wp\/v2\/media?parent=3416"}],"wp:term":[{"taxonomy":"product_brand","embeddable":true,"href":"https:\/\/simovision.be\/professional\/fr\/wp-json\/wp\/v2\/product_brand?post=3416"},{"taxonomy":"product_cat","embeddable":true,"href":"https:\/\/simovision.be\/professional\/fr\/wp-json\/wp\/v2\/product_cat?post=3416"},{"taxonomy":"product_tag","embeddable":true,"href":"https:\/\/simovision.be\/professional\/fr\/wp-json\/wp\/v2\/product_tag?post=3416"}],"curies":[{"name":"wp","href":"https:\/\/api.w.org\/{rel}","templated":true}]}}