{"id":3026,"date":"2025-03-13T10:59:08","date_gmt":"2025-03-13T09:59:08","guid":{"rendered":"https:\/\/simovision.be\/professional\/product\/ellex-tango-neo\/"},"modified":"2025-09-22T12:11:17","modified_gmt":"2025-09-22T10:11:17","slug":"ellex-tango-neo","status":"publish","type":"product","link":"https:\/\/simovision.be\/professional\/fr\/produit\/ellex-tango-neo\/","title":{"rendered":"Ellex Tango\u2122 Neo"},"content":{"rendered":"<h3><strong>Caract\u00e9ristiques<\/strong><\/h3>\n<h4>Double cavit\u00e9 brevet\u00e9e<\/h4>\n<p>Ellex Tango\u2122 Neo est muni d\u2019une <strong>double cavit\u00e9 brevet\u00e9e<\/strong> qui procure une stabilit\u00e9 optimale \u00e0 chaque tir. Combin\u00e9e au faisceau de <strong>focalisation double spot<\/strong> en mode YAG, elle permet d\u2019obtenir des traitements pr\u00e9cis et reproductibles (plage de tol\u00e9rance de +\/- 8 \u00b5m).<\/p>\n<p>Pour le mode SLT, la cavit\u00e9 est associ\u00e9e \u00e0 un diam\u00e8tre de spot unique de 400 microns afin d\u2019obtenir une couverture compl\u00e8te et optimale de la <strong>maille trab\u00e9culaire<\/strong>. Le faisceau de vis\u00e9e vert maximalise la vision des contrastes et la pr\u00e9cision de traitement.<\/p>\n<p>De plus la cavit\u00e9 est dot\u00e9e d\u2019un profil de faisceau laser ultra gaussien pour une <strong>r\u00e9partition homog\u00e8ne de la densit\u00e9 \u00e9nerg\u00e9tique<\/strong>. Le claquage optique est obtenu avec des <strong>\u00e9nergies extr\u00eamement basses<\/strong> afin de limiter l\u2019\u00e9nergie diffus\u00e9e en milieu intraoculaire.<\/p>\n<p>Gr\u00e2ce \u00e0 sa haute fr\u00e9quence (3Hz), la cavit\u00e9 vous autorise \u00e0 r\u00e9p\u00e9ter les tirs de mani\u00e8re rapide et continue tout en gardant une stabilit\u00e9 \u00e9nerg\u00e9tique pour une qualit\u00e9 et s\u00e9curit\u00e9 de traitement exemplaire.<\/p>\n<h4>Design \u00e9pur\u00e9 et fonctionnel<\/h4>\n<p>L\u2019appareil est dot\u00e9 d\u2019un <strong>\u00e9cran tactile large<\/strong> et d\u2019une <strong>interface particuli\u00e8rement intuitive<\/strong>. L\u2019unit\u00e9 est compacte et ergonomique. L\u2019ensemble des c\u00e2bles ainsi que la fibre optique ont \u00e9t\u00e9 int\u00e9gr\u00e9s de telle mani\u00e8re \u00e0 ce qu\u2019ils ne soient pas apparents.<\/p>\n<p>Afin d\u2019en faciliter l\u2019emploi, les commandes de base telles que la d\u00e9focalisation ant\u00e9rieure ou post\u00e9rieure ainsi que le grossissement et le param\u00e9trage \u00e9nerg\u00e9tique sont totalement ambidextres.<\/p>\n<p>Le joystick est particuli\u00e8rement souple et permet un centrage rapide et contr\u00f4l\u00e9.<\/p>\n<p>L\u2019unit\u00e9 est silencieuse et pourvue d\u2019une table motoris\u00e9e et d\u2019un pied arciforme permettant un <strong>acc\u00e8s ais\u00e9 aux personnes \u00e0 mobilit\u00e9 r\u00e9duite<\/strong>.<\/p>\n<h4>Qualit\u00e9 de visualisation exceptionnelle<\/h4>\n<p>Les oculaires du Ellex Tango\u2122 Neo sont con\u00e7ues de telle mani\u00e8re \u00e0 offrir un <strong>champ de vision large<\/strong> et obtenir une <strong>nettet\u00e9 d\u2019image parfaite<\/strong> pour chaque type de traitement. Pour obtenir cette qualit\u00e9 d\u2019image, les oculaires sont de type galil\u00e9en avec une angle st\u00e9r\u00e9oscopique de convergence de 16\u00b0 pour une vision nette, intuitive et naturelle.<\/p>\n<p>De plus les composants optiques sont dot\u00e9s de rev\u00eatements antireflets multicouches pour minimiser la dispersion lumineuse et limiter l\u2019incidence des reflets parasitaires.<\/p>\n<p>L\u2019emploi de <strong>filtres de haute qualit\u00e9 permet une restitution optimale<\/strong> tout en offrant une protection parfaite \u00e0 l\u2019utilisateur.<\/p>\n<h3><strong>Trab\u00e9culoplastie s\u00e9lective au laser en premi\u00e8re intention<\/strong><\/h3>\n<p>Le saviez-vous\u202f? Une \u00e9tude multicentrique (LIGHT study,<sup>1<\/sup>) men\u00e9e au Royaume-Uni a d\u00e9montr\u00e9 que la <strong>trab\u00e9culoplastie s\u00e9lective au laser<\/strong> (SLT) r\u00e9alis\u00e9e en traitement de premi\u00e8re intention de l\u2019hypertension oculaire et du glaucome primaire \u00e0 angle ouvert \u00e9tait un <strong>traitement s\u00fbr, \u00e9conomique et efficace<\/strong>.<\/p>\n<ul>\n<li>La mauvaise observance patients aux traitements par collyres et la difficult\u00e9 \u00e0 s\u2019autoadministrer les traitements par voie topique sont tr\u00e8s fr\u00e9quemment retrouv\u00e9es chez les glaucomateux.<sup>[2]<\/sup><\/li>\n<li>La th\u00e9rapie laser SLT solutionne la probl\u00e9matique de l\u2019observance patients et peut \u00eatre r\u00e9p\u00e9t\u00e9e dans le temps.<sup>[3]<\/sup><\/li>\n<li>L\u2019EGS (European Glaucoma Society) dans la derni\u00e8re \u00e9dition de ses guidelines de traitement a ajout\u00e9 la th\u00e9rapie laser SLT comme traitement alternatif de premi\u00e8re ligne pour le glaucome \u00e0 angle ouvert.<sup>[4]<\/sup><\/li>\n<li>SLT le traitement alternatif de premi\u00e8re intention du glaucome primaire \u00e0 angle ouvert.<\/li>\n<\/ul>\n<p><strong><br \/>\nBibliographie<\/strong><\/p>\n<hr \/>\n<ol style=\"font-size: 10px\">\n<li><span style=\"font-size: 10pt\">Gazzard G, Konstantakopoulou E, Garway-Heath D,et al. Selective laser trabeculoplasty versus eye drops for first-line treatment of ocular hypertension and glaucoma (LiGHT): a multicentre randomised controlled trial. Lancet 2019, Mar 9;393(10180):1505-16.<\/span><\/li>\n<li><span style=\"font-size: 10pt\">Reardon G, Kotak S, Objective assessment of compliance and persistence among patients treated for glaucoma and ocular hypertension: a systematic review. Epub 2011 Sep 23. PMID: 22003282; PMCID: PMC3191921.<\/span><\/li>\n<li><span style=\"font-size: 10pt\">Garg A, Vickerstaff V, et al. Efficacy of Repeat Selective Laser Trabeculoplasty in Medication-Naive Open-Angle Glaucoma and Ocular Hypertension during the LiGHT Trial. Ophthalmology. 2020 Apr;127(4):467-476. doi: 10.1016\/j. ophtha. 2019.10.023. Epub 2019 Oct 30. PMID: 32005561.<\/span><\/li>\n<li><span style=\"font-size: 10pt\">European Glaucoma Society Terminology and Guidelines for Glaucoma, 5th Edition. Br J Ophthalmol. 2021 Jun;105(Suppl 1):1-169. doi: 10.1136\/bjophthalmol-2021- egsguidelines. PMID: 34675001.<\/span><\/li>\n<\/ol>\n","protected":false},"excerpt":{"rendered":"<p><img loading=\"lazy\" decoding=\"async\" class=\"alignnone size-full wp-image-4994\" src=\"https:\/\/simovision.be\/professional\/wp-content\/uploads\/sites\/2\/2025\/04\/Logo_Ellex_teaser.png\" alt=\"\" width=\"97\" height=\"40\" srcset=\"https:\/\/simovision.be\/professional\/wp-content\/uploads\/sites\/2\/2025\/04\/Logo_Ellex_teaser.png 97w, https:\/\/simovision.be\/professional\/wp-content\/uploads\/sites\/2\/2025\/04\/Logo_Ellex_teaser-64x26.png 64w\" sizes=\"auto, (max-width: 97px) 100vw, 97px\" \/><\/p>\n<h3><strong>Nouvelle g\u00e9n\u00e9ration en mati\u00e8re de laser combin\u00e9 YAG\/SLT<\/strong><\/h3>\n<p>Ellex Tango\u2122 Neo et <a href=\"https:\/\/simovision.be\/professional\/fr\/produit\/ellex-tango-reflex-neo\/\"><strong>Ellex Tango Reflex\u2122 Neo<\/strong><\/a> sont la nouvelle g\u00e9n\u00e9ration en mati\u00e8re de laser combin\u00e9 YAG\/SLT et repr\u00e9sentent l\u2019aboutissement de plus de 30 ann\u00e9es d\u2019\u00e9volution et d\u2019expertise dans ce domaine.<\/p>\n<p>Le laser Ellex Tango\u2122 Neo est une plateforme combinant les <strong>technologies laser YAG et SLT<\/strong>. Ce mod\u00e8le vous permet de r\u00e9aliser entre autre:<\/p>\n<ul>\n<li><strong>des capsulotomies<\/strong> pour le traitement de la cataracte secondaire<\/li>\n<li><strong>des iridotomies<\/strong> dans le cadre du traitement du glaucome \u00e0 angle ferm\u00e9<\/li>\n<li><strong>un traitement SLT<\/strong> destin\u00e9 au traitement du glaucome \u00e0 angle ouvert.<\/li>\n<\/ul>\n","protected":false},"featured_media":3701,"template":"","meta":{"_acf_changed":false,"content-type":"","site-sidebar-layout":"default","site-content-layout":"","ast-site-content-layout":"default","site-content-style":"default","site-sidebar-style":"default","ast-global-header-display":"","ast-banner-title-visibility":"","ast-main-header-display":"","ast-hfb-above-header-display":"","ast-hfb-below-header-display":"","ast-hfb-mobile-header-display":"","site-post-title":"","ast-breadcrumbs-content":"","ast-featured-img":"","footer-sml-layout":"","theme-transparent-header-meta":"default","adv-header-id-meta":"","stick-header-meta":"default","header-above-stick-meta":"","header-main-stick-meta":"","header-below-stick-meta":"","astra-migrate-meta-layouts":"set","ast-page-background-enabled":"default","ast-page-background-meta":{"desktop":{"background-color":"var(--ast-global-color-4)","background-image":"","background-repeat":"repeat","background-position":"center center","background-size":"auto","background-attachment":"scroll","background-type":"","background-media":"","overlay-type":"","overlay-color":"","overlay-opacity":"","overlay-gradient":""},"tablet":{"background-color":"","background-image":"","background-repeat":"repeat","background-position":"center center","background-size":"auto","background-attachment":"scroll","background-type":"","background-media":"","overlay-type":"","overlay-color":"","overlay-opacity":"","overlay-gradient":""},"mobile":{"background-color":"","background-image":"","background-repeat":"repeat","background-position":"center center","background-size":"auto","background-attachment":"scroll","background-type":"","background-media":"","overlay-type":"","overlay-color":"","overlay-opacity":"","overlay-gradient":""}},"ast-content-background-meta":{"desktop":{"background-color":"var(--ast-global-color-5)","background-image":"","background-repeat":"repeat","background-position":"center center","background-size":"auto","background-attachment":"scroll","background-type":"","background-media":"","overlay-type":"","overlay-color":"","overlay-opacity":"","overlay-gradient":""},"tablet":{"background-color":"var(--ast-global-color-5)","background-image":"","background-repeat":"repeat","background-position":"center center","background-size":"auto","background-attachment":"scroll","background-type":"","background-media":"","overlay-type":"","overlay-color":"","overlay-opacity":"","overlay-gradient":""},"mobile":{"background-color":"var(--ast-global-color-5)","background-image":"","background-repeat":"repeat","background-position":"center center","background-size":"auto","background-attachment":"scroll","background-type":"","background-media":"","overlay-type":"","overlay-color":"","overlay-opacity":"","overlay-gradient":""}}},"product_brand":[],"product_cat":[126],"product_tag":[],"class_list":{"0":"post-3026","1":"product","2":"type-product","3":"status-publish","4":"has-post-thumbnail","6":"product_cat-lasers-fr","7":"desktop-align-left","8":"tablet-align-left","9":"mobile-align-left","10":"ast-product-gallery-layout-first-image-large","11":"ast-product-tabs-layout-horizontal","13":"first","14":"instock","15":"shipping-taxable","16":"product-type-simple"},"acf":[],"yoast_head":"<!-- This site is optimized with the Yoast SEO plugin v26.3 - https:\/\/yoast.com\/wordpress\/plugins\/seo\/ -->\n<title>Ellex Tango\u2122 Neo - Simovision - Professional<\/title>\n<meta name=\"robots\" content=\"index, follow, max-snippet:-1, max-image-preview:large, max-video-preview:-1\" \/>\n<link rel=\"canonical\" href=\"https:\/\/simovision.be\/professional\/fr\/produit\/ellex-tango-neo\/\" \/>\n<meta property=\"og:locale\" content=\"fr_FR\" \/>\n<meta property=\"og:type\" content=\"article\" \/>\n<meta property=\"og:title\" content=\"Ellex Tango\u2122 Neo - Simovision - Professional\" \/>\n<meta property=\"og:description\" content=\"Nouvelle g\u00e9n\u00e9ration en mati\u00e8re de laser combin\u00e9 YAG\/SLT Ellex Tango\u2122 Neo et Ellex Tango Reflex\u2122 Neo sont la nouvelle g\u00e9n\u00e9ration en mati\u00e8re de laser combin\u00e9 YAG\/SLT et repr\u00e9sentent l\u2019aboutissement de plus de 30 ann\u00e9es d\u2019\u00e9volution et d\u2019expertise dans ce domaine.  Le laser Ellex Tango\u2122 Neo est une plateforme combinant les technologies laser YAG et SLT. Ce mod\u00e8le vous permet de r\u00e9aliser entre autre:   des capsulotomies pour le traitement de la cataracte secondaire  des iridotomies dans le cadre du traitement du glaucome \u00e0 angle ferm\u00e9  un traitement SLT destin\u00e9 au traitement du glaucome \u00e0 angle ouvert.\" \/>\n<meta property=\"og:url\" content=\"https:\/\/simovision.be\/professional\/fr\/produit\/ellex-tango-neo\/\" \/>\n<meta property=\"og:site_name\" content=\"Simovision - Professional\" \/>\n<meta property=\"article:modified_time\" content=\"2025-09-22T10:11:17+00:00\" \/>\n<meta property=\"og:image\" content=\"https:\/\/simovision.be\/professional\/wp-content\/uploads\/sites\/2\/2025\/03\/00.-Tango-Neo-3b-Screen-1-F.webp\" \/>\n\t<meta property=\"og:image:width\" content=\"1000\" \/>\n\t<meta property=\"og:image:height\" content=\"666\" \/>\n\t<meta property=\"og:image:type\" content=\"image\/webp\" \/>\n<meta name=\"twitter:card\" content=\"summary_large_image\" \/>\n<meta name=\"twitter:label1\" content=\"Dur\u00e9e de lecture estim\u00e9e\" \/>\n\t<meta name=\"twitter:data1\" content=\"4 minutes\" \/>\n<script type=\"application\/ld+json\" class=\"yoast-schema-graph\">{\"@context\":\"https:\/\/schema.org\",\"@graph\":[{\"@type\":\"WebPage\",\"@id\":\"https:\/\/simovision.be\/professional\/fr\/produit\/ellex-tango-neo\/\",\"url\":\"https:\/\/simovision.be\/professional\/fr\/produit\/ellex-tango-neo\/\",\"name\":\"Ellex Tango\u2122 Neo - Simovision - Professional\",\"isPartOf\":{\"@id\":\"https:\/\/simovision.be\/professional\/fr\/#website\"},\"primaryImageOfPage\":{\"@id\":\"https:\/\/simovision.be\/professional\/fr\/produit\/ellex-tango-neo\/#primaryimage\"},\"image\":{\"@id\":\"https:\/\/simovision.be\/professional\/fr\/produit\/ellex-tango-neo\/#primaryimage\"},\"thumbnailUrl\":\"https:\/\/simovision.be\/professional\/wp-content\/uploads\/sites\/2\/2025\/03\/00.-Tango-Neo-3b-Screen-1-F.webp\",\"datePublished\":\"2025-03-13T09:59:08+00:00\",\"dateModified\":\"2025-09-22T10:11:17+00:00\",\"breadcrumb\":{\"@id\":\"https:\/\/simovision.be\/professional\/fr\/produit\/ellex-tango-neo\/#breadcrumb\"},\"inLanguage\":\"fr-FR\",\"potentialAction\":[{\"@type\":\"ReadAction\",\"target\":[\"https:\/\/simovision.be\/professional\/fr\/produit\/ellex-tango-neo\/\"]}]},{\"@type\":\"ImageObject\",\"inLanguage\":\"fr-FR\",\"@id\":\"https:\/\/simovision.be\/professional\/fr\/produit\/ellex-tango-neo\/#primaryimage\",\"url\":\"https:\/\/simovision.be\/professional\/wp-content\/uploads\/sites\/2\/2025\/03\/00.-Tango-Neo-3b-Screen-1-F.webp\",\"contentUrl\":\"https:\/\/simovision.be\/professional\/wp-content\/uploads\/sites\/2\/2025\/03\/00.-Tango-Neo-3b-Screen-1-F.webp\",\"width\":1000,\"height\":666},{\"@type\":\"BreadcrumbList\",\"@id\":\"https:\/\/simovision.be\/professional\/fr\/produit\/ellex-tango-neo\/#breadcrumb\",\"itemListElement\":[{\"@type\":\"ListItem\",\"position\":1,\"name\":\"Home\",\"item\":\"https:\/\/simovision.be\/professional\/fr\/\"},{\"@type\":\"ListItem\",\"position\":2,\"name\":\"Boutique\",\"item\":\"https:\/\/simovision.be\/professional\/winkel\/\"},{\"@type\":\"ListItem\",\"position\":3,\"name\":\"Ellex Tango\u2122 Neo\"}]},{\"@type\":\"WebSite\",\"@id\":\"https:\/\/simovision.be\/professional\/fr\/#website\",\"url\":\"https:\/\/simovision.be\/professional\/fr\/\",\"name\":\"Simovision - Professional\",\"description\":\"\",\"publisher\":{\"@id\":\"https:\/\/simovision.be\/professional\/fr\/#organization\"},\"potentialAction\":[{\"@type\":\"SearchAction\",\"target\":{\"@type\":\"EntryPoint\",\"urlTemplate\":\"https:\/\/simovision.be\/professional\/fr\/?s={search_term_string}\"},\"query-input\":{\"@type\":\"PropertyValueSpecification\",\"valueRequired\":true,\"valueName\":\"search_term_string\"}}],\"inLanguage\":\"fr-FR\"},{\"@type\":\"Organization\",\"@id\":\"https:\/\/simovision.be\/professional\/fr\/#organization\",\"name\":\"Simovision\",\"url\":\"https:\/\/simovision.be\/professional\/fr\/\",\"logo\":{\"@type\":\"ImageObject\",\"inLanguage\":\"fr-FR\",\"@id\":\"https:\/\/simovision.be\/professional\/fr\/#\/schema\/logo\/image\/\",\"url\":\"https:\/\/simovision.be\/professional\/wp-content\/uploads\/sites\/2\/2025\/06\/Logo_Simovision_Hilco_Vision_Pantone_7700C-kopie.webp\",\"contentUrl\":\"https:\/\/simovision.be\/professional\/wp-content\/uploads\/sites\/2\/2025\/06\/Logo_Simovision_Hilco_Vision_Pantone_7700C-kopie.webp\",\"width\":2000,\"height\":1021,\"caption\":\"Simovision\"},\"image\":{\"@id\":\"https:\/\/simovision.be\/professional\/fr\/#\/schema\/logo\/image\/\"},\"sameAs\":[\"https:\/\/www.linkedin.com\/company\/simovision\"]}]}<\/script>\n<!-- \/ Yoast SEO plugin. -->","yoast_head_json":{"title":"Ellex Tango\u2122 Neo - Simovision - Professional","robots":{"index":"index","follow":"follow","max-snippet":"max-snippet:-1","max-image-preview":"max-image-preview:large","max-video-preview":"max-video-preview:-1"},"canonical":"https:\/\/simovision.be\/professional\/fr\/produit\/ellex-tango-neo\/","og_locale":"fr_FR","og_type":"article","og_title":"Ellex Tango\u2122 Neo - Simovision - Professional","og_description":"Nouvelle g\u00e9n\u00e9ration en mati\u00e8re de laser combin\u00e9 YAG\/SLT Ellex Tango\u2122 Neo et Ellex Tango Reflex\u2122 Neo sont la nouvelle g\u00e9n\u00e9ration en mati\u00e8re de laser combin\u00e9 YAG\/SLT et repr\u00e9sentent l\u2019aboutissement de plus de 30 ann\u00e9es d\u2019\u00e9volution et d\u2019expertise dans ce domaine.  Le laser Ellex Tango\u2122 Neo est une plateforme combinant les technologies laser YAG et SLT. Ce mod\u00e8le vous permet de r\u00e9aliser entre autre:   des capsulotomies pour le traitement de la cataracte secondaire  des iridotomies dans le cadre du traitement du glaucome \u00e0 angle ferm\u00e9  un traitement SLT destin\u00e9 au traitement du glaucome \u00e0 angle ouvert.","og_url":"https:\/\/simovision.be\/professional\/fr\/produit\/ellex-tango-neo\/","og_site_name":"Simovision - Professional","article_modified_time":"2025-09-22T10:11:17+00:00","og_image":[{"width":1000,"height":666,"url":"https:\/\/simovision.be\/professional\/wp-content\/uploads\/sites\/2\/2025\/03\/00.-Tango-Neo-3b-Screen-1-F.webp","type":"image\/webp"}],"twitter_card":"summary_large_image","twitter_misc":{"Dur\u00e9e de lecture estim\u00e9e":"4 minutes"},"schema":{"@context":"https:\/\/schema.org","@graph":[{"@type":"WebPage","@id":"https:\/\/simovision.be\/professional\/fr\/produit\/ellex-tango-neo\/","url":"https:\/\/simovision.be\/professional\/fr\/produit\/ellex-tango-neo\/","name":"Ellex Tango\u2122 Neo - Simovision - Professional","isPartOf":{"@id":"https:\/\/simovision.be\/professional\/fr\/#website"},"primaryImageOfPage":{"@id":"https:\/\/simovision.be\/professional\/fr\/produit\/ellex-tango-neo\/#primaryimage"},"image":{"@id":"https:\/\/simovision.be\/professional\/fr\/produit\/ellex-tango-neo\/#primaryimage"},"thumbnailUrl":"https:\/\/simovision.be\/professional\/wp-content\/uploads\/sites\/2\/2025\/03\/00.-Tango-Neo-3b-Screen-1-F.webp","datePublished":"2025-03-13T09:59:08+00:00","dateModified":"2025-09-22T10:11:17+00:00","breadcrumb":{"@id":"https:\/\/simovision.be\/professional\/fr\/produit\/ellex-tango-neo\/#breadcrumb"},"inLanguage":"fr-FR","potentialAction":[{"@type":"ReadAction","target":["https:\/\/simovision.be\/professional\/fr\/produit\/ellex-tango-neo\/"]}]},{"@type":"ImageObject","inLanguage":"fr-FR","@id":"https:\/\/simovision.be\/professional\/fr\/produit\/ellex-tango-neo\/#primaryimage","url":"https:\/\/simovision.be\/professional\/wp-content\/uploads\/sites\/2\/2025\/03\/00.-Tango-Neo-3b-Screen-1-F.webp","contentUrl":"https:\/\/simovision.be\/professional\/wp-content\/uploads\/sites\/2\/2025\/03\/00.-Tango-Neo-3b-Screen-1-F.webp","width":1000,"height":666},{"@type":"BreadcrumbList","@id":"https:\/\/simovision.be\/professional\/fr\/produit\/ellex-tango-neo\/#breadcrumb","itemListElement":[{"@type":"ListItem","position":1,"name":"Home","item":"https:\/\/simovision.be\/professional\/fr\/"},{"@type":"ListItem","position":2,"name":"Boutique","item":"https:\/\/simovision.be\/professional\/winkel\/"},{"@type":"ListItem","position":3,"name":"Ellex Tango\u2122 Neo"}]},{"@type":"WebSite","@id":"https:\/\/simovision.be\/professional\/fr\/#website","url":"https:\/\/simovision.be\/professional\/fr\/","name":"Simovision - Professional","description":"","publisher":{"@id":"https:\/\/simovision.be\/professional\/fr\/#organization"},"potentialAction":[{"@type":"SearchAction","target":{"@type":"EntryPoint","urlTemplate":"https:\/\/simovision.be\/professional\/fr\/?s={search_term_string}"},"query-input":{"@type":"PropertyValueSpecification","valueRequired":true,"valueName":"search_term_string"}}],"inLanguage":"fr-FR"},{"@type":"Organization","@id":"https:\/\/simovision.be\/professional\/fr\/#organization","name":"Simovision","url":"https:\/\/simovision.be\/professional\/fr\/","logo":{"@type":"ImageObject","inLanguage":"fr-FR","@id":"https:\/\/simovision.be\/professional\/fr\/#\/schema\/logo\/image\/","url":"https:\/\/simovision.be\/professional\/wp-content\/uploads\/sites\/2\/2025\/06\/Logo_Simovision_Hilco_Vision_Pantone_7700C-kopie.webp","contentUrl":"https:\/\/simovision.be\/professional\/wp-content\/uploads\/sites\/2\/2025\/06\/Logo_Simovision_Hilco_Vision_Pantone_7700C-kopie.webp","width":2000,"height":1021,"caption":"Simovision"},"image":{"@id":"https:\/\/simovision.be\/professional\/fr\/#\/schema\/logo\/image\/"},"sameAs":["https:\/\/www.linkedin.com\/company\/simovision"]}]}},"_links":{"self":[{"href":"https:\/\/simovision.be\/professional\/fr\/wp-json\/wp\/v2\/product\/3026","targetHints":{"allow":["GET"]}}],"collection":[{"href":"https:\/\/simovision.be\/professional\/fr\/wp-json\/wp\/v2\/product"}],"about":[{"href":"https:\/\/simovision.be\/professional\/fr\/wp-json\/wp\/v2\/types\/product"}],"wp:featuredmedia":[{"embeddable":true,"href":"https:\/\/simovision.be\/professional\/fr\/wp-json\/wp\/v2\/media\/3701"}],"wp:attachment":[{"href":"https:\/\/simovision.be\/professional\/fr\/wp-json\/wp\/v2\/media?parent=3026"}],"wp:term":[{"taxonomy":"product_brand","embeddable":true,"href":"https:\/\/simovision.be\/professional\/fr\/wp-json\/wp\/v2\/product_brand?post=3026"},{"taxonomy":"product_cat","embeddable":true,"href":"https:\/\/simovision.be\/professional\/fr\/wp-json\/wp\/v2\/product_cat?post=3026"},{"taxonomy":"product_tag","embeddable":true,"href":"https:\/\/simovision.be\/professional\/fr\/wp-json\/wp\/v2\/product_tag?post=3026"}],"curies":[{"name":"wp","href":"https:\/\/api.w.org\/{rel}","templated":true}]}}