{"id":3023,"date":"2025-04-10T10:09:55","date_gmt":"2025-04-10T08:09:55","guid":{"rendered":"https:\/\/simovision.be\/professional\/product\/ellex-integre-proscan\/"},"modified":"2025-09-22T12:09:27","modified_gmt":"2025-09-22T10:09:27","slug":"ellex-integre-proscan","status":"publish","type":"product","link":"https:\/\/simovision.be\/professional\/fr\/produit\/ellex-integre-proscan\/","title":{"rendered":"Ellex Integre proscan"},"content":{"rendered":"<h3><strong>Points cl\u00e9s<\/strong><\/h3>\n<ul>\n<li style=\"list-style-type: none\">\n<ul>\n<li><strong>Laser int\u00e9gr\u00e9<\/strong> dans une <strong>lampe \u00e0 fente<\/strong> d\u00e9di\u00e9e<\/li>\n<li><strong>Longueurs d\u2019onde<\/strong> disponibles:\n<ul>\n<li>jaune 561 nm<\/li>\n<li>vert 532 nm<\/li>\n<li>rouge 670 nm<\/li>\n<\/ul>\n<\/li>\n<li>Traitement laser <strong>MultiSpot<\/strong><\/li>\n<li>Large gamme de figures (patterns)<\/li>\n<\/ul>\n<\/li>\n<\/ul>\n<h3><strong>Pourquoi choisir l\u2019Integre Proscan? 2 raisons<\/strong><\/h3>\n<ol>\n<li>\n<h4>Laser \u00e0 simple ou double longueurs d\u2019ondes<\/h4>\n<p>L\u2019Integre<sup>\u00ae<\/sup> Proscan propose un <strong>choix exhaustif<\/strong> de longueurs <strong>d\u2019onde<\/strong> pour le traitement des pathologies r\u00e9tiniennes (\u00e0 voir ci-dessus).<\/li>\n<li>\n<h4>Mode de traitement Multispot Pattern Scanning<\/h4>\n<p>Caract\u00e9ris\u00e9 par l\u2019utilisation de temps <strong>d\u2019exposition courts<\/strong> (10-20 ms) et par l&rsquo;\u00e9mission <strong>d&rsquo;impacts multiple<\/strong>s, le mode de traitement MultiSpot offre diff\u00e9rentes <strong>figures param\u00e9trables<\/strong> adapt\u00e9es \u00e0 la <strong>zone de traitement <\/strong>cibl\u00e9e: ligne, rectangle, carr\u00e9, triangle, cercle, double cercle, etc\u2026<\/li>\n<\/ol>\n<h3><strong>Interface utilisateur avanc\u00e9e<\/strong><\/h3>\n<p>Toutes les commandes sont plac\u00e9es \u00e0 port\u00e9e de mains gr\u00e2ce \u00e0:<\/p>\n<ul>\n<li style=\"list-style-type: none\">\n<ul>\n<li>Une <strong>interface intuitive<\/strong> afin d\u2019ajuster les param\u00e8tres de traitement<\/li>\n<li>Un <strong>pav\u00e9 tactile<\/strong> d\u00e9di\u00e9 \u00e0 <strong>la gestion<\/strong> des <strong>figures<\/strong><\/li>\n<li>Une <strong>p\u00e9dale de tir <\/strong><\/li>\n<\/ul>\n<\/li>\n<\/ul>\n<h3><strong>Design laser\/lampe \u00e0 fente tout-en-un<\/strong><\/h3>\n<p><strong>Totalement int\u00e9gr\u00e9s,<\/strong> les lasers <strong><a href=\"https:\/\/simovision.be\/professional\/fr\/produit\/ellex-integre-pro\/\">Integre<sup>\u00ae<\/sup> Pro<\/a><\/strong> et Integre<sup>\u00ae<\/sup> Pro Scan offrent une <strong>visualisation<\/strong> et <strong>une illumination<\/strong> optimales pour le traitement laser du segment post\u00e9rieur.<\/p>\n<h3><strong>Distribution uniforme de l\u2019\u00e9nergie<\/strong><\/h3>\n<p>La technologie laser Integre<sup>\u00ae<\/sup> Proscan assure une <strong>distribution uniforme<\/strong> de l&rsquo;\u00e9nergie sur <strong>l&rsquo;enti\u00e8ret\u00e9 du spot laser.<\/strong><\/p>\n","protected":false},"excerpt":{"rendered":"<p><img loading=\"lazy\" decoding=\"async\" src=\"https:\/\/simovision.be\/professional\/wp-content\/uploads\/sites\/2\/2025\/04\/Logo_Ellex_teaser.png\" alt=\"\" width=\"97\" height=\"40\" class=\"alignnone size-full wp-image-4994\" srcset=\"https:\/\/simovision.be\/professional\/wp-content\/uploads\/sites\/2\/2025\/04\/Logo_Ellex_teaser.png 97w, https:\/\/simovision.be\/professional\/wp-content\/uploads\/sites\/2\/2025\/04\/Logo_Ellex_teaser-64x26.png 64w\" sizes=\"auto, (max-width: 97px) 100vw, 97px\" \/><\/p>\n<h3><strong>Laser de photocoagulation r\u00e9tinienne<\/strong><\/h3>\n<p>Ergonomique et simple d&rsquo;utilisation, l\u2019Integre<sup>\u00ae<\/sup> Proscan combine les technologies <strong>MultiSpot<\/strong> et <strong>multi-longueur d\u2019ondes.<\/strong><\/p>\n","protected":false},"featured_media":3863,"template":"","meta":{"_acf_changed":false,"content-type":"","site-sidebar-layout":"default","site-content-layout":"","ast-site-content-layout":"default","site-content-style":"default","site-sidebar-style":"default","ast-global-header-display":"","ast-banner-title-visibility":"","ast-main-header-display":"","ast-hfb-above-header-display":"","ast-hfb-below-header-display":"","ast-hfb-mobile-header-display":"","site-post-title":"","ast-breadcrumbs-content":"","ast-featured-img":"","footer-sml-layout":"","theme-transparent-header-meta":"default","adv-header-id-meta":"","stick-header-meta":"default","header-above-stick-meta":"","header-main-stick-meta":"","header-below-stick-meta":"","astra-migrate-meta-layouts":"set","ast-page-background-enabled":"default","ast-page-background-meta":{"desktop":{"background-color":"var(--ast-global-color-4)","background-image":"","background-repeat":"repeat","background-position":"center center","background-size":"auto","background-attachment":"scroll","background-type":"","background-media":"","overlay-type":"","overlay-color":"","overlay-opacity":"","overlay-gradient":""},"tablet":{"background-color":"","background-image":"","background-repeat":"repeat","background-position":"center center","background-size":"auto","background-attachment":"scroll","background-type":"","background-media":"","overlay-type":"","overlay-color":"","overlay-opacity":"","overlay-gradient":""},"mobile":{"background-color":"","background-image":"","background-repeat":"repeat","background-position":"center center","background-size":"auto","background-attachment":"scroll","background-type":"","background-media":"","overlay-type":"","overlay-color":"","overlay-opacity":"","overlay-gradient":""}},"ast-content-background-meta":{"desktop":{"background-color":"var(--ast-global-color-5)","background-image":"","background-repeat":"repeat","background-position":"center center","background-size":"auto","background-attachment":"scroll","background-type":"","background-media":"","overlay-type":"","overlay-color":"","overlay-opacity":"","overlay-gradient":""},"tablet":{"background-color":"var(--ast-global-color-5)","background-image":"","background-repeat":"repeat","background-position":"center center","background-size":"auto","background-attachment":"scroll","background-type":"","background-media":"","overlay-type":"","overlay-color":"","overlay-opacity":"","overlay-gradient":""},"mobile":{"background-color":"var(--ast-global-color-5)","background-image":"","background-repeat":"repeat","background-position":"center center","background-size":"auto","background-attachment":"scroll","background-type":"","background-media":"","overlay-type":"","overlay-color":"","overlay-opacity":"","overlay-gradient":""}}},"product_brand":[],"product_cat":[126],"product_tag":[],"class_list":{"0":"post-3023","1":"product","2":"type-product","3":"status-publish","4":"has-post-thumbnail","6":"product_cat-lasers-fr","7":"desktop-align-left","8":"tablet-align-left","9":"mobile-align-left","10":"ast-product-gallery-layout-first-image-large","11":"ast-product-tabs-layout-horizontal","13":"first","14":"instock","15":"shipping-taxable","16":"product-type-simple"},"acf":[],"yoast_head":"<!-- This site is optimized with the Yoast SEO plugin v26.3 - https:\/\/yoast.com\/wordpress\/plugins\/seo\/ -->\n<title>Ellex Integre proscan - Simovision - Professional<\/title>\n<meta name=\"robots\" content=\"index, follow, max-snippet:-1, max-image-preview:large, max-video-preview:-1\" \/>\n<link rel=\"canonical\" href=\"https:\/\/simovision.be\/professional\/fr\/produit\/ellex-integre-proscan\/\" \/>\n<meta property=\"og:locale\" content=\"fr_FR\" \/>\n<meta property=\"og:type\" content=\"article\" \/>\n<meta property=\"og:title\" content=\"Ellex Integre proscan - Simovision - Professional\" \/>\n<meta property=\"og:description\" content=\"Laser de photocoagulation r\u00e9tinienne Ergonomique et simple d&#039;utilisation, l\u2019Integre\u00ae Proscan combine les technologies MultiSpot et multi-longueur d\u2019ondes.\" \/>\n<meta property=\"og:url\" content=\"https:\/\/simovision.be\/professional\/fr\/produit\/ellex-integre-proscan\/\" \/>\n<meta property=\"og:site_name\" content=\"Simovision - Professional\" \/>\n<meta property=\"article:modified_time\" content=\"2025-09-22T10:09:27+00:00\" \/>\n<meta property=\"og:image\" content=\"https:\/\/simovision.be\/professional\/wp-content\/uploads\/sites\/2\/2025\/04\/00.-Pro-Scan-06-FIN.webp\" \/>\n\t<meta property=\"og:image:width\" content=\"1000\" \/>\n\t<meta property=\"og:image:height\" content=\"666\" \/>\n\t<meta property=\"og:image:type\" content=\"image\/webp\" \/>\n<meta name=\"twitter:card\" content=\"summary_large_image\" \/>\n<meta name=\"twitter:label1\" content=\"Dur\u00e9e de lecture estim\u00e9e\" \/>\n\t<meta name=\"twitter:data1\" content=\"2 minutes\" \/>\n<script type=\"application\/ld+json\" class=\"yoast-schema-graph\">{\"@context\":\"https:\/\/schema.org\",\"@graph\":[{\"@type\":\"WebPage\",\"@id\":\"https:\/\/simovision.be\/professional\/fr\/produit\/ellex-integre-proscan\/\",\"url\":\"https:\/\/simovision.be\/professional\/fr\/produit\/ellex-integre-proscan\/\",\"name\":\"Ellex Integre proscan - Simovision - Professional\",\"isPartOf\":{\"@id\":\"https:\/\/simovision.be\/professional\/fr\/#website\"},\"primaryImageOfPage\":{\"@id\":\"https:\/\/simovision.be\/professional\/fr\/produit\/ellex-integre-proscan\/#primaryimage\"},\"image\":{\"@id\":\"https:\/\/simovision.be\/professional\/fr\/produit\/ellex-integre-proscan\/#primaryimage\"},\"thumbnailUrl\":\"https:\/\/simovision.be\/professional\/wp-content\/uploads\/sites\/2\/2025\/04\/00.-Pro-Scan-06-FIN.webp\",\"datePublished\":\"2025-04-10T08:09:55+00:00\",\"dateModified\":\"2025-09-22T10:09:27+00:00\",\"breadcrumb\":{\"@id\":\"https:\/\/simovision.be\/professional\/fr\/produit\/ellex-integre-proscan\/#breadcrumb\"},\"inLanguage\":\"fr-FR\",\"potentialAction\":[{\"@type\":\"ReadAction\",\"target\":[\"https:\/\/simovision.be\/professional\/fr\/produit\/ellex-integre-proscan\/\"]}]},{\"@type\":\"ImageObject\",\"inLanguage\":\"fr-FR\",\"@id\":\"https:\/\/simovision.be\/professional\/fr\/produit\/ellex-integre-proscan\/#primaryimage\",\"url\":\"https:\/\/simovision.be\/professional\/wp-content\/uploads\/sites\/2\/2025\/04\/00.-Pro-Scan-06-FIN.webp\",\"contentUrl\":\"https:\/\/simovision.be\/professional\/wp-content\/uploads\/sites\/2\/2025\/04\/00.-Pro-Scan-06-FIN.webp\",\"width\":1000,\"height\":666},{\"@type\":\"BreadcrumbList\",\"@id\":\"https:\/\/simovision.be\/professional\/fr\/produit\/ellex-integre-proscan\/#breadcrumb\",\"itemListElement\":[{\"@type\":\"ListItem\",\"position\":1,\"name\":\"Home\",\"item\":\"https:\/\/simovision.be\/professional\/fr\/\"},{\"@type\":\"ListItem\",\"position\":2,\"name\":\"Boutique\",\"item\":\"https:\/\/simovision.be\/professional\/winkel\/\"},{\"@type\":\"ListItem\",\"position\":3,\"name\":\"Ellex Integre proscan\"}]},{\"@type\":\"WebSite\",\"@id\":\"https:\/\/simovision.be\/professional\/fr\/#website\",\"url\":\"https:\/\/simovision.be\/professional\/fr\/\",\"name\":\"Simovision - Professional\",\"description\":\"\",\"publisher\":{\"@id\":\"https:\/\/simovision.be\/professional\/fr\/#organization\"},\"potentialAction\":[{\"@type\":\"SearchAction\",\"target\":{\"@type\":\"EntryPoint\",\"urlTemplate\":\"https:\/\/simovision.be\/professional\/fr\/?s={search_term_string}\"},\"query-input\":{\"@type\":\"PropertyValueSpecification\",\"valueRequired\":true,\"valueName\":\"search_term_string\"}}],\"inLanguage\":\"fr-FR\"},{\"@type\":\"Organization\",\"@id\":\"https:\/\/simovision.be\/professional\/fr\/#organization\",\"name\":\"Simovision\",\"url\":\"https:\/\/simovision.be\/professional\/fr\/\",\"logo\":{\"@type\":\"ImageObject\",\"inLanguage\":\"fr-FR\",\"@id\":\"https:\/\/simovision.be\/professional\/fr\/#\/schema\/logo\/image\/\",\"url\":\"https:\/\/simovision.be\/professional\/wp-content\/uploads\/sites\/2\/2025\/06\/Logo_Simovision_Hilco_Vision_Pantone_7700C-kopie.webp\",\"contentUrl\":\"https:\/\/simovision.be\/professional\/wp-content\/uploads\/sites\/2\/2025\/06\/Logo_Simovision_Hilco_Vision_Pantone_7700C-kopie.webp\",\"width\":2000,\"height\":1021,\"caption\":\"Simovision\"},\"image\":{\"@id\":\"https:\/\/simovision.be\/professional\/fr\/#\/schema\/logo\/image\/\"},\"sameAs\":[\"https:\/\/www.linkedin.com\/company\/simovision\"]}]}<\/script>\n<!-- \/ Yoast SEO plugin. -->","yoast_head_json":{"title":"Ellex Integre proscan - Simovision - Professional","robots":{"index":"index","follow":"follow","max-snippet":"max-snippet:-1","max-image-preview":"max-image-preview:large","max-video-preview":"max-video-preview:-1"},"canonical":"https:\/\/simovision.be\/professional\/fr\/produit\/ellex-integre-proscan\/","og_locale":"fr_FR","og_type":"article","og_title":"Ellex Integre proscan - Simovision - Professional","og_description":"Laser de photocoagulation r\u00e9tinienne Ergonomique et simple d'utilisation, l\u2019Integre\u00ae Proscan combine les technologies MultiSpot et multi-longueur d\u2019ondes.","og_url":"https:\/\/simovision.be\/professional\/fr\/produit\/ellex-integre-proscan\/","og_site_name":"Simovision - Professional","article_modified_time":"2025-09-22T10:09:27+00:00","og_image":[{"width":1000,"height":666,"url":"https:\/\/simovision.be\/professional\/wp-content\/uploads\/sites\/2\/2025\/04\/00.-Pro-Scan-06-FIN.webp","type":"image\/webp"}],"twitter_card":"summary_large_image","twitter_misc":{"Dur\u00e9e de lecture estim\u00e9e":"2 minutes"},"schema":{"@context":"https:\/\/schema.org","@graph":[{"@type":"WebPage","@id":"https:\/\/simovision.be\/professional\/fr\/produit\/ellex-integre-proscan\/","url":"https:\/\/simovision.be\/professional\/fr\/produit\/ellex-integre-proscan\/","name":"Ellex Integre proscan - Simovision - Professional","isPartOf":{"@id":"https:\/\/simovision.be\/professional\/fr\/#website"},"primaryImageOfPage":{"@id":"https:\/\/simovision.be\/professional\/fr\/produit\/ellex-integre-proscan\/#primaryimage"},"image":{"@id":"https:\/\/simovision.be\/professional\/fr\/produit\/ellex-integre-proscan\/#primaryimage"},"thumbnailUrl":"https:\/\/simovision.be\/professional\/wp-content\/uploads\/sites\/2\/2025\/04\/00.-Pro-Scan-06-FIN.webp","datePublished":"2025-04-10T08:09:55+00:00","dateModified":"2025-09-22T10:09:27+00:00","breadcrumb":{"@id":"https:\/\/simovision.be\/professional\/fr\/produit\/ellex-integre-proscan\/#breadcrumb"},"inLanguage":"fr-FR","potentialAction":[{"@type":"ReadAction","target":["https:\/\/simovision.be\/professional\/fr\/produit\/ellex-integre-proscan\/"]}]},{"@type":"ImageObject","inLanguage":"fr-FR","@id":"https:\/\/simovision.be\/professional\/fr\/produit\/ellex-integre-proscan\/#primaryimage","url":"https:\/\/simovision.be\/professional\/wp-content\/uploads\/sites\/2\/2025\/04\/00.-Pro-Scan-06-FIN.webp","contentUrl":"https:\/\/simovision.be\/professional\/wp-content\/uploads\/sites\/2\/2025\/04\/00.-Pro-Scan-06-FIN.webp","width":1000,"height":666},{"@type":"BreadcrumbList","@id":"https:\/\/simovision.be\/professional\/fr\/produit\/ellex-integre-proscan\/#breadcrumb","itemListElement":[{"@type":"ListItem","position":1,"name":"Home","item":"https:\/\/simovision.be\/professional\/fr\/"},{"@type":"ListItem","position":2,"name":"Boutique","item":"https:\/\/simovision.be\/professional\/winkel\/"},{"@type":"ListItem","position":3,"name":"Ellex Integre proscan"}]},{"@type":"WebSite","@id":"https:\/\/simovision.be\/professional\/fr\/#website","url":"https:\/\/simovision.be\/professional\/fr\/","name":"Simovision - Professional","description":"","publisher":{"@id":"https:\/\/simovision.be\/professional\/fr\/#organization"},"potentialAction":[{"@type":"SearchAction","target":{"@type":"EntryPoint","urlTemplate":"https:\/\/simovision.be\/professional\/fr\/?s={search_term_string}"},"query-input":{"@type":"PropertyValueSpecification","valueRequired":true,"valueName":"search_term_string"}}],"inLanguage":"fr-FR"},{"@type":"Organization","@id":"https:\/\/simovision.be\/professional\/fr\/#organization","name":"Simovision","url":"https:\/\/simovision.be\/professional\/fr\/","logo":{"@type":"ImageObject","inLanguage":"fr-FR","@id":"https:\/\/simovision.be\/professional\/fr\/#\/schema\/logo\/image\/","url":"https:\/\/simovision.be\/professional\/wp-content\/uploads\/sites\/2\/2025\/06\/Logo_Simovision_Hilco_Vision_Pantone_7700C-kopie.webp","contentUrl":"https:\/\/simovision.be\/professional\/wp-content\/uploads\/sites\/2\/2025\/06\/Logo_Simovision_Hilco_Vision_Pantone_7700C-kopie.webp","width":2000,"height":1021,"caption":"Simovision"},"image":{"@id":"https:\/\/simovision.be\/professional\/fr\/#\/schema\/logo\/image\/"},"sameAs":["https:\/\/www.linkedin.com\/company\/simovision"]}]}},"_links":{"self":[{"href":"https:\/\/simovision.be\/professional\/fr\/wp-json\/wp\/v2\/product\/3023","targetHints":{"allow":["GET"]}}],"collection":[{"href":"https:\/\/simovision.be\/professional\/fr\/wp-json\/wp\/v2\/product"}],"about":[{"href":"https:\/\/simovision.be\/professional\/fr\/wp-json\/wp\/v2\/types\/product"}],"wp:featuredmedia":[{"embeddable":true,"href":"https:\/\/simovision.be\/professional\/fr\/wp-json\/wp\/v2\/media\/3863"}],"wp:attachment":[{"href":"https:\/\/simovision.be\/professional\/fr\/wp-json\/wp\/v2\/media?parent=3023"}],"wp:term":[{"taxonomy":"product_brand","embeddable":true,"href":"https:\/\/simovision.be\/professional\/fr\/wp-json\/wp\/v2\/product_brand?post=3023"},{"taxonomy":"product_cat","embeddable":true,"href":"https:\/\/simovision.be\/professional\/fr\/wp-json\/wp\/v2\/product_cat?post=3023"},{"taxonomy":"product_tag","embeddable":true,"href":"https:\/\/simovision.be\/professional\/fr\/wp-json\/wp\/v2\/product_tag?post=3023"}],"curies":[{"name":"wp","href":"https:\/\/api.w.org\/{rel}","templated":true}]}}