{"id":3022,"date":"2025-03-13T10:46:47","date_gmt":"2025-03-13T09:46:47","guid":{"rendered":"https:\/\/simovision.be\/professional\/product\/ellex-tango-reflex-neo\/"},"modified":"2025-09-22T12:11:19","modified_gmt":"2025-09-22T10:11:19","slug":"ellex-tango-reflex-neo","status":"publish","type":"product","link":"https:\/\/simovision.be\/professional\/fr\/produit\/ellex-tango-reflex-neo\/","title":{"rendered":"Ellex Tango Reflex\u2122 Neo"},"content":{"rendered":"<h3><strong>Caract\u00e9ristiques<\/strong><\/h3>\n<ol>\n<li>\n<h4>Eclairage coaxial r\u00e9glable<\/h4>\n<\/li>\n<\/ol>\n<p>Tango Reflex\u2122 Neo dispose d\u2019un \u00e9clairage coaxial r\u00e9glable en toutes circonstances. Il s\u2019ag\u00eet du seul appareil du march\u00e9 \u00e0 proposer cette prouesse. Lorsque la lampe \u00e0 fente est positionn\u00e9e en position coaxiale, l\u2019axe visuel de l\u2019op\u00e9rateur converge avec l\u2019illumination de la cible et le faisceau laser sur un m\u00eame niveau de focalisation. L\u2019op\u00e9rateur peut alors modifier l\u2019angle d\u2019\u00e9clairage afin de <strong>visualiser avec grande fid\u00e9lit\u00e9<\/strong> la capsule post\u00e9rieure.<\/p>\n<p>Il dispose \u00e9galement d\u2019un faisceau de vis\u00e9e vert\u202f\u00e0 double spot vert offrant un meilleur contraste visuel lors de la mise en \u0153uvre des proc\u00e9dures laser YAG.<\/p>\n<ol start=\"2\">\n<li>\n<h4>Cavit\u00e9 haute fr\u00e9quence<\/h4>\n<\/li>\n<\/ol>\n<p>La cavit\u00e9 laser ventil\u00e9e propri\u00e9taire du Tango Reflex\u2122 Neo garantit la stabilit\u00e9 des tirs laser m\u00eame pour les traitements laser les plus longs. Disposant d\u2019une fr\u00e9quence de tir pouvant atteindre 4 tirs par seconde (4 Hertz) Tango Reflex\u2122 Neo permet de r\u00e9aliser un traitement rapide et pr\u00e9cis.<\/p>\n<ol start=\"3\">\n<li>\n<h4>Capsulotomie respectueuse de l\u2019implant: proc\u00e9dure optimis\u00e9e et s\u00e9curis\u00e9e<\/h4>\n<\/li>\n<\/ol>\n<p>PROcap\u2122 est une am\u00e9lioration majeure de la proc\u00e9dure de <strong>capsulotomie post\u00e9rieure<\/strong>. Gr\u00e2ce \u00e0 cette technologie, il est d\u00e9sormais possible d\u2019obtenir une d\u00e9coupe soign\u00e9e en quelques impacts seulement. Aussi la technique PROcap\u2122 <strong>r\u00e9duit l\u2019apparition de d\u00e9bris capsulaire<\/strong> et permet de limiter consid\u00e9rablement le risque d\u2019impacts avec l\u2019implant.<\/p>\n<p>Le laser Tango Reflex\u2122 Neo est donc particuli\u00e8rement adapt\u00e9 pour r\u00e9aliser des capsulotomies en <strong>pr\u00e9sence d\u2019implants premium<\/strong> plus sensibles aux impacts et sympt\u00f4mes visuels qui peuvent en r\u00e9sulter.<\/p>\n<ol start=\"4\">\n<li>\n<h4>Affichage t\u00eate haute dynamique Imprint\u2122<\/h4>\n<\/li>\n<\/ol>\n<p>Afin de garantir une s\u00e9curit\u00e9 optimale lors du traitement, la <strong>fonction Imprint\u2122<\/strong> affiche dans l\u2019oculaire l&rsquo;<strong>\u00e9nergie utilis\u00e9e<\/strong> en temps. Cette projection est coupl\u00e9e avec une fonction de contr\u00f4le de l\u2019\u00e9nergie depuis le joystick.<\/p>\n<p>L\u2019ensemble permet de <strong>modifier<\/strong> \u00e0 sa guise les <strong>param\u00e8tres \u00e9nerg\u00e9tiques<\/strong> tout en contr\u00f4lant le traitement depuis les oculaires.<\/p>\n","protected":false},"excerpt":{"rendered":"<p><img loading=\"lazy\" decoding=\"async\" src=\"https:\/\/simovision.be\/professional\/wp-content\/uploads\/sites\/2\/2025\/04\/Logo_Ellex_teaser.png\" alt=\"\" width=\"97\" height=\"40\" class=\"alignnone size-full wp-image-4994\" srcset=\"https:\/\/simovision.be\/professional\/wp-content\/uploads\/sites\/2\/2025\/04\/Logo_Ellex_teaser.png 97w, https:\/\/simovision.be\/professional\/wp-content\/uploads\/sites\/2\/2025\/04\/Logo_Ellex_teaser-64x26.png 64w\" sizes=\"auto, (max-width: 97px) 100vw, 97px\" \/><\/p>\n<h3><strong>Un v\u00e9ritable \u00e9clairage coaxial en toutes circonstances<\/strong><\/h3>\n<p>Le mod\u00e8le Ellex Tango Reflex\u2122 Neo est le <strong>combin\u00e9 YAG\/SLT ultime<\/strong> de la marque Ellex. Il s\u2019ag\u00eet de la <strong>seconde g\u00e9n\u00e9ration<\/strong> <strong>Reflex<\/strong>\u2122 et gr\u00e2ce \u00e0 un <strong>miroir d\u2019\u00e9clairage<\/strong> mobile \u00e0 deux positions, il offre \u00e0 l\u2019op\u00e9rateur un <strong>v\u00e9ritable \u00e9clairage coaxial<\/strong> en toutes circonstances.<\/p>\n<p>Au travers du Tango Reflex\u2122 Neo, Ellex propose \u00e0 nouveau des innovations majeures gr\u00e2ce \u00e0 sa nouvelle proc\u00e9dure de capsulotomie s\u00e9curis\u00e9e <strong>PROcap (Premium Refractive Outcome Capsulotomy)<\/strong> ou encore se fonction d\u2019affichage t\u00eate haute Imprint.<\/p>\n","protected":false},"featured_media":3699,"template":"","meta":{"_acf_changed":false,"content-type":"","site-sidebar-layout":"default","site-content-layout":"","ast-site-content-layout":"default","site-content-style":"default","site-sidebar-style":"default","ast-global-header-display":"","ast-banner-title-visibility":"","ast-main-header-display":"","ast-hfb-above-header-display":"","ast-hfb-below-header-display":"","ast-hfb-mobile-header-display":"","site-post-title":"","ast-breadcrumbs-content":"","ast-featured-img":"","footer-sml-layout":"","theme-transparent-header-meta":"default","adv-header-id-meta":"","stick-header-meta":"default","header-above-stick-meta":"","header-main-stick-meta":"","header-below-stick-meta":"","astra-migrate-meta-layouts":"set","ast-page-background-enabled":"default","ast-page-background-meta":{"desktop":{"background-color":"var(--ast-global-color-4)","background-image":"","background-repeat":"repeat","background-position":"center center","background-size":"auto","background-attachment":"scroll","background-type":"","background-media":"","overlay-type":"","overlay-color":"","overlay-opacity":"","overlay-gradient":""},"tablet":{"background-color":"","background-image":"","background-repeat":"repeat","background-position":"center center","background-size":"auto","background-attachment":"scroll","background-type":"","background-media":"","overlay-type":"","overlay-color":"","overlay-opacity":"","overlay-gradient":""},"mobile":{"background-color":"","background-image":"","background-repeat":"repeat","background-position":"center center","background-size":"auto","background-attachment":"scroll","background-type":"","background-media":"","overlay-type":"","overlay-color":"","overlay-opacity":"","overlay-gradient":""}},"ast-content-background-meta":{"desktop":{"background-color":"var(--ast-global-color-5)","background-image":"","background-repeat":"repeat","background-position":"center center","background-size":"auto","background-attachment":"scroll","background-type":"","background-media":"","overlay-type":"","overlay-color":"","overlay-opacity":"","overlay-gradient":""},"tablet":{"background-color":"var(--ast-global-color-5)","background-image":"","background-repeat":"repeat","background-position":"center center","background-size":"auto","background-attachment":"scroll","background-type":"","background-media":"","overlay-type":"","overlay-color":"","overlay-opacity":"","overlay-gradient":""},"mobile":{"background-color":"var(--ast-global-color-5)","background-image":"","background-repeat":"repeat","background-position":"center center","background-size":"auto","background-attachment":"scroll","background-type":"","background-media":"","overlay-type":"","overlay-color":"","overlay-opacity":"","overlay-gradient":""}}},"product_brand":[],"product_cat":[126],"product_tag":[],"class_list":{"0":"post-3022","1":"product","2":"type-product","3":"status-publish","4":"has-post-thumbnail","6":"product_cat-lasers-fr","7":"desktop-align-left","8":"tablet-align-left","9":"mobile-align-left","10":"ast-product-gallery-layout-first-image-large","11":"ast-product-tabs-layout-horizontal","13":"first","14":"instock","15":"shipping-taxable","16":"product-type-simple"},"acf":[],"yoast_head":"<!-- This site is optimized with the Yoast SEO plugin v26.3 - https:\/\/yoast.com\/wordpress\/plugins\/seo\/ -->\n<title>Ellex Tango Reflex\u2122 Neo - Simovision - Professional<\/title>\n<meta name=\"robots\" content=\"index, follow, max-snippet:-1, max-image-preview:large, max-video-preview:-1\" \/>\n<link rel=\"canonical\" href=\"https:\/\/simovision.be\/professional\/fr\/produit\/ellex-tango-reflex-neo\/\" \/>\n<meta property=\"og:locale\" content=\"fr_FR\" \/>\n<meta property=\"og:type\" content=\"article\" \/>\n<meta property=\"og:title\" content=\"Ellex Tango Reflex\u2122 Neo - Simovision - Professional\" \/>\n<meta property=\"og:description\" content=\"Un v\u00e9ritable \u00e9clairage coaxial en toutes circonstances Le mod\u00e8le Ellex Tango Reflex\u2122 Neo est le combin\u00e9 YAG\/SLT ultime de la marque Ellex. Il s\u2019ag\u00eet de la seconde g\u00e9n\u00e9ration Reflex\u2122 et gr\u00e2ce \u00e0 un miroir d\u2019\u00e9clairage mobile \u00e0 deux positions, il offre \u00e0 l\u2019op\u00e9rateur un v\u00e9ritable \u00e9clairage coaxial en toutes circonstances.  Au travers du Tango Reflex\u2122 Neo, Ellex propose \u00e0 nouveau des innovations majeures gr\u00e2ce \u00e0 sa nouvelle proc\u00e9dure de capsulotomie s\u00e9curis\u00e9e PROcap (Premium Refractive Outcome Capsulotomy) ou encore se fonction d\u2019affichage t\u00eate haute Imprint.\" \/>\n<meta property=\"og:url\" content=\"https:\/\/simovision.be\/professional\/fr\/produit\/ellex-tango-reflex-neo\/\" \/>\n<meta property=\"og:site_name\" content=\"Simovision - Professional\" \/>\n<meta property=\"article:modified_time\" content=\"2025-09-22T10:11:19+00:00\" \/>\n<meta property=\"og:image\" content=\"https:\/\/simovision.be\/professional\/wp-content\/uploads\/sites\/2\/2025\/03\/Ellex-Tango-Reflex\u2122-Neo.webp\" \/>\n\t<meta property=\"og:image:width\" content=\"1000\" \/>\n\t<meta property=\"og:image:height\" content=\"666\" \/>\n\t<meta property=\"og:image:type\" content=\"image\/webp\" \/>\n<meta name=\"twitter:card\" content=\"summary_large_image\" \/>\n<meta name=\"twitter:label1\" content=\"Dur\u00e9e de lecture estim\u00e9e\" \/>\n\t<meta name=\"twitter:data1\" content=\"2 minutes\" \/>\n<script type=\"application\/ld+json\" class=\"yoast-schema-graph\">{\"@context\":\"https:\/\/schema.org\",\"@graph\":[{\"@type\":\"WebPage\",\"@id\":\"https:\/\/simovision.be\/professional\/fr\/produit\/ellex-tango-reflex-neo\/\",\"url\":\"https:\/\/simovision.be\/professional\/fr\/produit\/ellex-tango-reflex-neo\/\",\"name\":\"Ellex Tango Reflex\u2122 Neo - Simovision - Professional\",\"isPartOf\":{\"@id\":\"https:\/\/simovision.be\/professional\/fr\/#website\"},\"primaryImageOfPage\":{\"@id\":\"https:\/\/simovision.be\/professional\/fr\/produit\/ellex-tango-reflex-neo\/#primaryimage\"},\"image\":{\"@id\":\"https:\/\/simovision.be\/professional\/fr\/produit\/ellex-tango-reflex-neo\/#primaryimage\"},\"thumbnailUrl\":\"https:\/\/simovision.be\/professional\/wp-content\/uploads\/sites\/2\/2025\/03\/Ellex-Tango-Reflex\u2122-Neo.webp\",\"datePublished\":\"2025-03-13T09:46:47+00:00\",\"dateModified\":\"2025-09-22T10:11:19+00:00\",\"breadcrumb\":{\"@id\":\"https:\/\/simovision.be\/professional\/fr\/produit\/ellex-tango-reflex-neo\/#breadcrumb\"},\"inLanguage\":\"fr-FR\",\"potentialAction\":[{\"@type\":\"ReadAction\",\"target\":[\"https:\/\/simovision.be\/professional\/fr\/produit\/ellex-tango-reflex-neo\/\"]}]},{\"@type\":\"ImageObject\",\"inLanguage\":\"fr-FR\",\"@id\":\"https:\/\/simovision.be\/professional\/fr\/produit\/ellex-tango-reflex-neo\/#primaryimage\",\"url\":\"https:\/\/simovision.be\/professional\/wp-content\/uploads\/sites\/2\/2025\/03\/Ellex-Tango-Reflex\u2122-Neo.webp\",\"contentUrl\":\"https:\/\/simovision.be\/professional\/wp-content\/uploads\/sites\/2\/2025\/03\/Ellex-Tango-Reflex\u2122-Neo.webp\",\"width\":1000,\"height\":666},{\"@type\":\"BreadcrumbList\",\"@id\":\"https:\/\/simovision.be\/professional\/fr\/produit\/ellex-tango-reflex-neo\/#breadcrumb\",\"itemListElement\":[{\"@type\":\"ListItem\",\"position\":1,\"name\":\"Home\",\"item\":\"https:\/\/simovision.be\/professional\/fr\/\"},{\"@type\":\"ListItem\",\"position\":2,\"name\":\"Boutique\",\"item\":\"https:\/\/simovision.be\/professional\/winkel\/\"},{\"@type\":\"ListItem\",\"position\":3,\"name\":\"Ellex Tango Reflex\u2122 Neo\"}]},{\"@type\":\"WebSite\",\"@id\":\"https:\/\/simovision.be\/professional\/fr\/#website\",\"url\":\"https:\/\/simovision.be\/professional\/fr\/\",\"name\":\"Simovision - Professional\",\"description\":\"\",\"publisher\":{\"@id\":\"https:\/\/simovision.be\/professional\/fr\/#organization\"},\"potentialAction\":[{\"@type\":\"SearchAction\",\"target\":{\"@type\":\"EntryPoint\",\"urlTemplate\":\"https:\/\/simovision.be\/professional\/fr\/?s={search_term_string}\"},\"query-input\":{\"@type\":\"PropertyValueSpecification\",\"valueRequired\":true,\"valueName\":\"search_term_string\"}}],\"inLanguage\":\"fr-FR\"},{\"@type\":\"Organization\",\"@id\":\"https:\/\/simovision.be\/professional\/fr\/#organization\",\"name\":\"Simovision\",\"url\":\"https:\/\/simovision.be\/professional\/fr\/\",\"logo\":{\"@type\":\"ImageObject\",\"inLanguage\":\"fr-FR\",\"@id\":\"https:\/\/simovision.be\/professional\/fr\/#\/schema\/logo\/image\/\",\"url\":\"https:\/\/simovision.be\/professional\/wp-content\/uploads\/sites\/2\/2025\/06\/Logo_Simovision_Hilco_Vision_Pantone_7700C-kopie.webp\",\"contentUrl\":\"https:\/\/simovision.be\/professional\/wp-content\/uploads\/sites\/2\/2025\/06\/Logo_Simovision_Hilco_Vision_Pantone_7700C-kopie.webp\",\"width\":2000,\"height\":1021,\"caption\":\"Simovision\"},\"image\":{\"@id\":\"https:\/\/simovision.be\/professional\/fr\/#\/schema\/logo\/image\/\"},\"sameAs\":[\"https:\/\/www.linkedin.com\/company\/simovision\"]}]}<\/script>\n<!-- \/ Yoast SEO plugin. -->","yoast_head_json":{"title":"Ellex Tango Reflex\u2122 Neo - Simovision - Professional","robots":{"index":"index","follow":"follow","max-snippet":"max-snippet:-1","max-image-preview":"max-image-preview:large","max-video-preview":"max-video-preview:-1"},"canonical":"https:\/\/simovision.be\/professional\/fr\/produit\/ellex-tango-reflex-neo\/","og_locale":"fr_FR","og_type":"article","og_title":"Ellex Tango Reflex\u2122 Neo - Simovision - Professional","og_description":"Un v\u00e9ritable \u00e9clairage coaxial en toutes circonstances Le mod\u00e8le Ellex Tango Reflex\u2122 Neo est le combin\u00e9 YAG\/SLT ultime de la marque Ellex. Il s\u2019ag\u00eet de la seconde g\u00e9n\u00e9ration Reflex\u2122 et gr\u00e2ce \u00e0 un miroir d\u2019\u00e9clairage mobile \u00e0 deux positions, il offre \u00e0 l\u2019op\u00e9rateur un v\u00e9ritable \u00e9clairage coaxial en toutes circonstances.  Au travers du Tango Reflex\u2122 Neo, Ellex propose \u00e0 nouveau des innovations majeures gr\u00e2ce \u00e0 sa nouvelle proc\u00e9dure de capsulotomie s\u00e9curis\u00e9e PROcap (Premium Refractive Outcome Capsulotomy) ou encore se fonction d\u2019affichage t\u00eate haute Imprint.","og_url":"https:\/\/simovision.be\/professional\/fr\/produit\/ellex-tango-reflex-neo\/","og_site_name":"Simovision - Professional","article_modified_time":"2025-09-22T10:11:19+00:00","og_image":[{"width":1000,"height":666,"url":"https:\/\/simovision.be\/professional\/wp-content\/uploads\/sites\/2\/2025\/03\/Ellex-Tango-Reflex\u2122-Neo.webp","type":"image\/webp"}],"twitter_card":"summary_large_image","twitter_misc":{"Dur\u00e9e de lecture estim\u00e9e":"2 minutes"},"schema":{"@context":"https:\/\/schema.org","@graph":[{"@type":"WebPage","@id":"https:\/\/simovision.be\/professional\/fr\/produit\/ellex-tango-reflex-neo\/","url":"https:\/\/simovision.be\/professional\/fr\/produit\/ellex-tango-reflex-neo\/","name":"Ellex Tango Reflex\u2122 Neo - Simovision - Professional","isPartOf":{"@id":"https:\/\/simovision.be\/professional\/fr\/#website"},"primaryImageOfPage":{"@id":"https:\/\/simovision.be\/professional\/fr\/produit\/ellex-tango-reflex-neo\/#primaryimage"},"image":{"@id":"https:\/\/simovision.be\/professional\/fr\/produit\/ellex-tango-reflex-neo\/#primaryimage"},"thumbnailUrl":"https:\/\/simovision.be\/professional\/wp-content\/uploads\/sites\/2\/2025\/03\/Ellex-Tango-Reflex\u2122-Neo.webp","datePublished":"2025-03-13T09:46:47+00:00","dateModified":"2025-09-22T10:11:19+00:00","breadcrumb":{"@id":"https:\/\/simovision.be\/professional\/fr\/produit\/ellex-tango-reflex-neo\/#breadcrumb"},"inLanguage":"fr-FR","potentialAction":[{"@type":"ReadAction","target":["https:\/\/simovision.be\/professional\/fr\/produit\/ellex-tango-reflex-neo\/"]}]},{"@type":"ImageObject","inLanguage":"fr-FR","@id":"https:\/\/simovision.be\/professional\/fr\/produit\/ellex-tango-reflex-neo\/#primaryimage","url":"https:\/\/simovision.be\/professional\/wp-content\/uploads\/sites\/2\/2025\/03\/Ellex-Tango-Reflex\u2122-Neo.webp","contentUrl":"https:\/\/simovision.be\/professional\/wp-content\/uploads\/sites\/2\/2025\/03\/Ellex-Tango-Reflex\u2122-Neo.webp","width":1000,"height":666},{"@type":"BreadcrumbList","@id":"https:\/\/simovision.be\/professional\/fr\/produit\/ellex-tango-reflex-neo\/#breadcrumb","itemListElement":[{"@type":"ListItem","position":1,"name":"Home","item":"https:\/\/simovision.be\/professional\/fr\/"},{"@type":"ListItem","position":2,"name":"Boutique","item":"https:\/\/simovision.be\/professional\/winkel\/"},{"@type":"ListItem","position":3,"name":"Ellex Tango Reflex\u2122 Neo"}]},{"@type":"WebSite","@id":"https:\/\/simovision.be\/professional\/fr\/#website","url":"https:\/\/simovision.be\/professional\/fr\/","name":"Simovision - Professional","description":"","publisher":{"@id":"https:\/\/simovision.be\/professional\/fr\/#organization"},"potentialAction":[{"@type":"SearchAction","target":{"@type":"EntryPoint","urlTemplate":"https:\/\/simovision.be\/professional\/fr\/?s={search_term_string}"},"query-input":{"@type":"PropertyValueSpecification","valueRequired":true,"valueName":"search_term_string"}}],"inLanguage":"fr-FR"},{"@type":"Organization","@id":"https:\/\/simovision.be\/professional\/fr\/#organization","name":"Simovision","url":"https:\/\/simovision.be\/professional\/fr\/","logo":{"@type":"ImageObject","inLanguage":"fr-FR","@id":"https:\/\/simovision.be\/professional\/fr\/#\/schema\/logo\/image\/","url":"https:\/\/simovision.be\/professional\/wp-content\/uploads\/sites\/2\/2025\/06\/Logo_Simovision_Hilco_Vision_Pantone_7700C-kopie.webp","contentUrl":"https:\/\/simovision.be\/professional\/wp-content\/uploads\/sites\/2\/2025\/06\/Logo_Simovision_Hilco_Vision_Pantone_7700C-kopie.webp","width":2000,"height":1021,"caption":"Simovision"},"image":{"@id":"https:\/\/simovision.be\/professional\/fr\/#\/schema\/logo\/image\/"},"sameAs":["https:\/\/www.linkedin.com\/company\/simovision"]}]}},"_links":{"self":[{"href":"https:\/\/simovision.be\/professional\/fr\/wp-json\/wp\/v2\/product\/3022","targetHints":{"allow":["GET"]}}],"collection":[{"href":"https:\/\/simovision.be\/professional\/fr\/wp-json\/wp\/v2\/product"}],"about":[{"href":"https:\/\/simovision.be\/professional\/fr\/wp-json\/wp\/v2\/types\/product"}],"wp:featuredmedia":[{"embeddable":true,"href":"https:\/\/simovision.be\/professional\/fr\/wp-json\/wp\/v2\/media\/3699"}],"wp:attachment":[{"href":"https:\/\/simovision.be\/professional\/fr\/wp-json\/wp\/v2\/media?parent=3022"}],"wp:term":[{"taxonomy":"product_brand","embeddable":true,"href":"https:\/\/simovision.be\/professional\/fr\/wp-json\/wp\/v2\/product_brand?post=3022"},{"taxonomy":"product_cat","embeddable":true,"href":"https:\/\/simovision.be\/professional\/fr\/wp-json\/wp\/v2\/product_cat?post=3022"},{"taxonomy":"product_tag","embeddable":true,"href":"https:\/\/simovision.be\/professional\/fr\/wp-json\/wp\/v2\/product_tag?post=3022"}],"curies":[{"name":"wp","href":"https:\/\/api.w.org\/{rel}","templated":true}]}}