{"id":3007,"date":"2025-03-21T10:26:36","date_gmt":"2025-03-21T09:26:36","guid":{"rendered":"https:\/\/simovision.be\/professional\/product\/evo-icl\/"},"modified":"2025-09-22T12:09:41","modified_gmt":"2025-09-22T10:09:41","slug":"evo-icl","status":"publish","type":"product","link":"https:\/\/simovision.be\/professional\/fr\/produit\/evo-icl\/","title":{"rendered":"EVO ICL\u2122"},"content":{"rendered":"<h3><img loading=\"lazy\" decoding=\"async\" class=\"alignnone wp-image-636\" src=\"https:\/\/simovision.be\/professional\/wp-content\/uploads\/sites\/2\/2025\/03\/EVO-ICL-Linear-300x95.png\" alt=\"\" width=\"186\" height=\"59\" srcset=\"https:\/\/simovision.be\/professional\/wp-content\/uploads\/sites\/2\/2025\/03\/EVO-ICL-Linear-300x95.png 300w, https:\/\/simovision.be\/professional\/wp-content\/uploads\/sites\/2\/2025\/03\/EVO-ICL-Linear-900x284.png 900w, https:\/\/simovision.be\/professional\/wp-content\/uploads\/sites\/2\/2025\/03\/EVO-ICL-Linear-64x20.png 64w, https:\/\/simovision.be\/professional\/wp-content\/uploads\/sites\/2\/2025\/03\/EVO-ICL-Linear-1024x324.png 1024w, https:\/\/simovision.be\/professional\/wp-content\/uploads\/sites\/2\/2025\/03\/EVO-ICL-Linear-768x243.png 768w, https:\/\/simovision.be\/professional\/wp-content\/uploads\/sites\/2\/2025\/03\/EVO-ICL-Linear-1536x485.png 1536w, https:\/\/simovision.be\/professional\/wp-content\/uploads\/sites\/2\/2025\/03\/EVO-ICL-Linear.png 2000w\" sizes=\"auto, (max-width: 186px) 100vw, 186px\" \/><\/h3>\n<h3><strong>\u00c0 propos d&rsquo;EVO ICL<sup>TM<\/sup><\/strong><\/h3>\n<ul>\n<li>L&rsquo;EVO ICL est un <strong>implant phaque<\/strong>.<\/li>\n<li>EVO est plac\u00e9 directement derri\u00e8re l&rsquo;iris et <strong>devant le cristallin naturel<\/strong>.<\/li>\n<li>L&rsquo;ajout du port <strong>aquatique central<\/strong> \u00e0 EVO facilite l&rsquo;\u00e9coulement de l&rsquo;humeur aqueuse \u00e0 travers la lentille.<\/li>\n<li>La proc\u00e9dure EVO ICL <strong>ne n\u00e9cessite pas l&rsquo;ablation<\/strong> du <strong>tissu corn\u00e9en<\/strong>.<\/li>\n<li>La lentille EVO est un <strong>implant r\u00e9versible<\/strong>.<\/li>\n<li>Le Collamer est un <strong>copolym\u00e8re \u00e0 base de poly-HEMA<\/strong> contenant un chromophore absorbant les UV et offrant une <strong>protection contre les UV<\/strong>.<\/li>\n<li>Cliniquement, il a \u00e9t\u00e9 prouv\u00e9 qu&rsquo;EVO <strong>ne provoque ni n&rsquo;aggrave le syndrome de l&rsquo;\u0153il sec<\/strong>.<\/li>\n<li>Des r\u00e9sultats cliniques <strong>av\u00e9r\u00e9s<\/strong>:\n<ul>\n<li><span style=\"font-size: 16px\">La technologie ICL est \u00e9tay\u00e9e par plus de <strong>1 000 publications \u00e9valu\u00e9es par des pairs<\/strong>.<\/span><\/li>\n<li><span style=\"font-size: 16px\">Le dernier mod\u00e8le, l&rsquo;EVO ICL, a fait l&rsquo;objet de plus de <strong>500 \u00e9tudes publi\u00e9es<\/strong>, dont plus de 300 portent sur les r\u00e9sultats cliniques, certaines avec un <strong>suivi allant jusqu&rsquo;\u00e0 10 ans<\/strong>.<\/span><\/li>\n<\/ul>\n<\/li>\n<\/ul>\n<h3><strong>Pourquoi cette lentille phake* change-t-elle vraiment la donne?<\/strong><\/h3>\n<ul>\n<li>Aucune<strong> iridotomie p\u00e9riph\u00e9rique<\/strong> (IP) pr\u00e9op\u00e9ratoire n\u00e9cessaire<\/li>\n<li><strong>S\u00e9curit\u00e9 <\/strong>et efficacit\u00e9 exceptionnelles<sup>1,2<\/sup><\/li>\n<li>Excellente acuit\u00e9 visuelle postop\u00e9ratoire sans correction<sup>1<\/sup> (postoperative uncorrected visual acuity)<\/li>\n<li>Taux \u00e9lev\u00e9 de satisfaction des patients<sup>1<\/sup><\/li>\n<li>Conservation \u00e0 la fois de la corn\u00e9e et du cristallin naturel<sup>3 <\/sup><\/li>\n<li>Faible pourcentage d\u2019effets secondaires<sup>1<\/sup><\/li>\n<\/ul>\n<h3><strong>Le Collamer<sup>\u00ae<\/sup> premium, un mat\u00e9riau exclusif de STAAR<\/strong><\/h3>\n<p>Au cours des 20 derni\u00e8res ann\u00e9es, le Collamer a fait ses preuves avec <strong>plus de 3 millions de lentilles<\/strong> ICL implant\u00e9es partout dans le monde. Il s\u2019agit d\u2019un <strong>copolym\u00e8re <\/strong>de <strong>poly(HEMA)<\/strong> et de <strong>collag\u00e8ne <\/strong>qui offre une <strong>protection contre les UV<\/strong>. De plus, le Collamer minimise:<\/p>\n<ul>\n<li>les risques d\u2019inflammation<\/li>\n<li>les ph\u00e9nom\u00e8nes de flare (effet Tyndall)<\/li>\n<li>les r\u00e9actions cellulaires<sup>8, 9<\/sup><\/li>\n<\/ul>\n<p>Faites profiter vos patients de <strong>proc\u00e9dures s\u00fbres<\/strong> qui donnent <strong>d\u2019excellents r\u00e9sultats<\/strong> pour leur permettre de profiter pleinement de la vie avec une<strong> libert\u00e9 visuelle<\/strong> optimale.<\/p>\n<h4>Brochure**<\/h4>\n<p>T\u00e9l\u00e9chargez la brochure officielle EVO ICL de STAAR Surgical ci-dessous.<\/p>\n<p>** These materials are intended for medical education. By proceeding, you certify that you are a licensed health care professional.<\/p>\n<h4>Official links<\/h4>\n<ul>\n<li>STAAR\u2019s <a href=\"https:\/\/www.staar.com\/\" target=\"_blank\" rel=\"noopener\">Official Website<\/a><\/li>\n<li>STAAR\u2019s <a href=\"https:\/\/edfu.staar.com\/edfu\/\" target=\"_blank\" rel=\"noopener\">Directions For Use<\/a><\/li>\n<\/ul>\n<p>* avec conservation du cristallin naturel<br \/>\n<strong><br \/>\n<span style=\"font-size: 10pt\">IMPORTANT SAFETY INFORMATION FOR THE EVO\/EVO+ ICL:<\/span><\/strong><\/p>\n<p><span style=\"font-size: 10pt\"><em>All physicians must complete the STAAR Surgical Visian ICL Physician Training Certification Program prior to using theEVO\/EVO+ ICL in a clinical setting. Please review the EVO\/EVO+ ICL Directions For Use (DFU) completely before performinga clinical procedure. INDICATIONS: The EVO\/EVO+ ICL is indicated for phakic patients 21-60 years and pseudophakic patients 21 years and olderwith an anterior chamber depth (ACD) 2.8 mm or greater to correct\/reduce myopia ranging from -0.5 diopters to -20.0diopters with up to 6.0 D of astigmatism. The EVO\/EVO+ ICL is intended for placement in the posterior chamber of the eye. WARNING\/PRECAUTION: Careful preoperative evaluation and sound clinical judgment should be used by the surgeon todecide the risk\/ benefit ratio before implanting a lens in a patient with any of the conditions described in the DFU. Prior tosurgery, physicians should inform prospective patients of possible risks and benefits associated with the EVO\/EVO+ ICL. ATTENTION: Reference the EVO\/EVO+ ICL DFU available at https:\/\/edfu.staar.com\/edfu\/ for a complete listing of indications,contraindications, warnings and precautions.<\/em><\/span><\/p>\n<p><strong>Bibliographie<\/strong><\/p>\n<hr \/>\n<ol style=\"font-size: 10px\">\n<li><span style=\"font-size: 10pt\">Packer M. The Implantable Collamer Lens with a central port: review of the literature. Clinical ophthalmology (Auckland, NZ). 2018;12:2427-38.<\/span><\/li>\n<li><span style=\"font-size: 10pt\">Kamiya K, Shimizu K, Igarashi A, Kitazawa Y, Kojima T, Nakamura T, et al. Posterior chamber phakic intraocular lens implantation: comparative, multicentre study in 351 eyes with low-to-moderate or high myopia. Br J Ophtalmol. 2018;102(2):177-81.<\/span><\/li>\n<li><span style=\"font-size: 10pt\">Kohnen T. Phakic intraocular lenses: Where are we now? J Cataract Refract Surg. 2018;44(2):121-3.<\/span><\/li>\n<li><span style=\"font-size: 10pt\">Ganesh S, Brar S, Pawar A. Matched population comparison of visual outcomes and patient satisfaction between 3 modalities for the correction of low to moderate myopic astigmatism. Clin Ophthalmol. (Auckland, NZ). 2017;11:1253-63.<\/span><\/li>\n<li><span style=\"font-size: 10pt\">Mart\u00ednez-Plaza E, L\u00f3pez-Miguel A, L\u00f3pez-de la Rosa A, et al. Effect of the evo+ visian phakic implantable collamer lens on visual performance and quality of vision and life. Am J Ophthalmol. 2021;226:117-25.<\/span><\/li>\n<li><span style=\"font-size: 10pt\">Wei R, Li M, Zhang H, Aruma A, Miao H, Wang X, et al. Comparison of objective and subjective visual quality early after implantable collamer lens V4c (ICL V4c) and small incision lenticule extraction (SMILE) for high myopia correction. Acta Ophthalmol. 2020;98(8):e943-e50.<\/span><\/li>\n<li><span style=\"font-size: 10pt\">Packer M. Evaluation of the EVO\/EVO+ Sphere and Toric Visian ICL: Six month results from the United States Food and Drug Administration clinical trial. Clinical Ophthalmology. 2022;16:1541-53.<\/span><\/li>\n<li><span style=\"font-size: 10pt\">Schild G, Amon M, Abela-Formanek C, Schauersberger J, Bartl G, Kruger A. Uveal and capsular biocompatibility of a single-piece, sharp-edged hydrophilic acrylic intraocular lens with collagen (Collamer\u00ae): 1-year results. J Cataract Refract Surg 2004;30(6):1254-8.<\/span><\/li>\n<li><span style=\"font-size: 10pt\">Brown DC, Ziemba SL. Collamer\u00ae intraocular lens: clinical results from the US FDA core study. J Cataract Refract Surg. 2001;27(6):833-40. 10. Igarashi A. Posterior chamber phakic iols vs. Lasik: Benefits and complications. Expert Review of Ophthalmology. 2019;14(1):43-52.<\/span><\/li>\n<\/ol>\n","protected":false},"excerpt":{"rendered":"<p><img loading=\"lazy\" decoding=\"async\" src=\"https:\/\/simovision.be\/professional\/wp-content\/uploads\/sites\/2\/2025\/03\/logo_staarsurgical_teaser.png\" alt=\"\" width=\"429\" height=\"40\" class=\"alignnone size-full wp-image-5002\" srcset=\"https:\/\/simovision.be\/professional\/wp-content\/uploads\/sites\/2\/2025\/03\/logo_staarsurgical_teaser.png 429w, https:\/\/simovision.be\/professional\/wp-content\/uploads\/sites\/2\/2025\/03\/logo_staarsurgical_teaser-64x6.png 64w, https:\/\/simovision.be\/professional\/wp-content\/uploads\/sites\/2\/2025\/03\/logo_staarsurgical_teaser-300x28.png 300w\" sizes=\"auto, (max-width: 429px) 100vw, 429px\" \/><\/p>\n<h3><strong>Chirurgie r\u00e9fractive haut de gamme avec la lentille implantable EVO ICL\u2122<\/strong><\/h3>\n<ul>\n<li>Plus de <strong>3 millions<\/strong> d&rsquo;implants vendus<\/li>\n<li>L&rsquo;ICL f\u00eate ses <strong>30 ans<\/strong><\/li>\n<li><strong>+1000 publications<\/strong> scientifiques et \u00e0 comit\u00e9 de lecture de l&rsquo;ICL<\/li>\n<li><strong>+500 publications<\/strong> scientifiques et \u00e9valu\u00e9es par les pairs de l&rsquo;EVO ICL<\/li>\n<\/ul>\n","protected":false},"featured_media":3799,"template":"","meta":{"_acf_changed":false,"content-type":"","site-sidebar-layout":"default","site-content-layout":"","ast-site-content-layout":"default","site-content-style":"default","site-sidebar-style":"default","ast-global-header-display":"","ast-banner-title-visibility":"","ast-main-header-display":"","ast-hfb-above-header-display":"","ast-hfb-below-header-display":"","ast-hfb-mobile-header-display":"","site-post-title":"","ast-breadcrumbs-content":"","ast-featured-img":"","footer-sml-layout":"","theme-transparent-header-meta":"default","adv-header-id-meta":"","stick-header-meta":"default","header-above-stick-meta":"","header-main-stick-meta":"","header-below-stick-meta":"","astra-migrate-meta-layouts":"set","ast-page-background-enabled":"default","ast-page-background-meta":{"desktop":{"background-color":"var(--ast-global-color-4)","background-image":"","background-repeat":"repeat","background-position":"center center","background-size":"auto","background-attachment":"scroll","background-type":"","background-media":"","overlay-type":"","overlay-color":"","overlay-opacity":"","overlay-gradient":""},"tablet":{"background-color":"","background-image":"","background-repeat":"repeat","background-position":"center center","background-size":"auto","background-attachment":"scroll","background-type":"","background-media":"","overlay-type":"","overlay-color":"","overlay-opacity":"","overlay-gradient":""},"mobile":{"background-color":"","background-image":"","background-repeat":"repeat","background-position":"center center","background-size":"auto","background-attachment":"scroll","background-type":"","background-media":"","overlay-type":"","overlay-color":"","overlay-opacity":"","overlay-gradient":""}},"ast-content-background-meta":{"desktop":{"background-color":"var(--ast-global-color-5)","background-image":"","background-repeat":"repeat","background-position":"center center","background-size":"auto","background-attachment":"scroll","background-type":"","background-media":"","overlay-type":"","overlay-color":"","overlay-opacity":"","overlay-gradient":""},"tablet":{"background-color":"var(--ast-global-color-5)","background-image":"","background-repeat":"repeat","background-position":"center center","background-size":"auto","background-attachment":"scroll","background-type":"","background-media":"","overlay-type":"","overlay-color":"","overlay-opacity":"","overlay-gradient":""},"mobile":{"background-color":"var(--ast-global-color-5)","background-image":"","background-repeat":"repeat","background-position":"center center","background-size":"auto","background-attachment":"scroll","background-type":"","background-media":"","overlay-type":"","overlay-color":"","overlay-opacity":"","overlay-gradient":""}}},"product_brand":[],"product_cat":[139],"product_tag":[716],"class_list":{"0":"post-3007","1":"product","2":"type-product","3":"status-publish","4":"has-post-thumbnail","6":"product_cat-lentilles-phaques-icl","7":"product_tag-nl-fr","8":"desktop-align-left","9":"tablet-align-left","10":"mobile-align-left","11":"ast-product-gallery-layout-first-image-large","12":"ast-product-tabs-layout-horizontal","14":"first","15":"instock","16":"shipping-taxable","17":"product-type-simple"},"acf":[],"yoast_head":"<!-- This site is optimized with the Yoast SEO plugin v26.3 - https:\/\/yoast.com\/wordpress\/plugins\/seo\/ -->\n<title>EVO ICL\u2122 - Simovision - Professional<\/title>\n<meta name=\"robots\" content=\"index, follow, max-snippet:-1, max-image-preview:large, max-video-preview:-1\" \/>\n<link rel=\"canonical\" href=\"https:\/\/simovision.be\/professional\/fr\/produit\/evo-icl\/\" \/>\n<meta property=\"og:locale\" content=\"fr_FR\" \/>\n<meta property=\"og:type\" content=\"article\" \/>\n<meta property=\"og:title\" content=\"EVO ICL\u2122 - Simovision - Professional\" \/>\n<meta property=\"og:description\" content=\"Chirurgie r\u00e9fractive haut de gamme avec la lentille implantable EVO ICL\u2122   Plus de 3 millions d&#039;implants vendus  L&#039;ICL f\u00eate ses 30 ans  +1000 publications scientifiques et \u00e0 comit\u00e9 de lecture de l&#039;ICL  +500 publications scientifiques et \u00e9valu\u00e9es par les pairs de l&#039;EVO ICL\" \/>\n<meta property=\"og:url\" content=\"https:\/\/simovision.be\/professional\/fr\/produit\/evo-icl\/\" \/>\n<meta property=\"og:site_name\" content=\"Simovision - Professional\" \/>\n<meta property=\"article:modified_time\" content=\"2025-09-22T10:09:41+00:00\" \/>\n<meta property=\"og:image\" content=\"https:\/\/simovision.be\/professional\/wp-content\/uploads\/sites\/2\/2025\/03\/EVO_Lens-80-Transparent.webp\" \/>\n\t<meta property=\"og:image:width\" content=\"1000\" \/>\n\t<meta property=\"og:image:height\" content=\"666\" \/>\n\t<meta property=\"og:image:type\" content=\"image\/webp\" \/>\n<meta name=\"twitter:card\" content=\"summary_large_image\" \/>\n<meta name=\"twitter:label1\" content=\"Dur\u00e9e de lecture estim\u00e9e\" \/>\n\t<meta name=\"twitter:data1\" content=\"5 minutes\" \/>\n<script type=\"application\/ld+json\" class=\"yoast-schema-graph\">{\"@context\":\"https:\/\/schema.org\",\"@graph\":[{\"@type\":\"WebPage\",\"@id\":\"https:\/\/simovision.be\/professional\/fr\/produit\/evo-icl\/\",\"url\":\"https:\/\/simovision.be\/professional\/fr\/produit\/evo-icl\/\",\"name\":\"EVO ICL\u2122 - Simovision - Professional\",\"isPartOf\":{\"@id\":\"https:\/\/simovision.be\/professional\/fr\/#website\"},\"primaryImageOfPage\":{\"@id\":\"https:\/\/simovision.be\/professional\/fr\/produit\/evo-icl\/#primaryimage\"},\"image\":{\"@id\":\"https:\/\/simovision.be\/professional\/fr\/produit\/evo-icl\/#primaryimage\"},\"thumbnailUrl\":\"https:\/\/simovision.be\/professional\/wp-content\/uploads\/sites\/2\/2025\/03\/EVO_Lens-80-Transparent.webp\",\"datePublished\":\"2025-03-21T09:26:36+00:00\",\"dateModified\":\"2025-09-22T10:09:41+00:00\",\"breadcrumb\":{\"@id\":\"https:\/\/simovision.be\/professional\/fr\/produit\/evo-icl\/#breadcrumb\"},\"inLanguage\":\"fr-FR\",\"potentialAction\":[{\"@type\":\"ReadAction\",\"target\":[\"https:\/\/simovision.be\/professional\/fr\/produit\/evo-icl\/\"]}]},{\"@type\":\"ImageObject\",\"inLanguage\":\"fr-FR\",\"@id\":\"https:\/\/simovision.be\/professional\/fr\/produit\/evo-icl\/#primaryimage\",\"url\":\"https:\/\/simovision.be\/professional\/wp-content\/uploads\/sites\/2\/2025\/03\/EVO_Lens-80-Transparent.webp\",\"contentUrl\":\"https:\/\/simovision.be\/professional\/wp-content\/uploads\/sites\/2\/2025\/03\/EVO_Lens-80-Transparent.webp\",\"width\":1000,\"height\":666},{\"@type\":\"BreadcrumbList\",\"@id\":\"https:\/\/simovision.be\/professional\/fr\/produit\/evo-icl\/#breadcrumb\",\"itemListElement\":[{\"@type\":\"ListItem\",\"position\":1,\"name\":\"Home\",\"item\":\"https:\/\/simovision.be\/professional\/fr\/\"},{\"@type\":\"ListItem\",\"position\":2,\"name\":\"Boutique\",\"item\":\"https:\/\/simovision.be\/professional\/winkel\/\"},{\"@type\":\"ListItem\",\"position\":3,\"name\":\"EVO ICL\u2122\"}]},{\"@type\":\"WebSite\",\"@id\":\"https:\/\/simovision.be\/professional\/fr\/#website\",\"url\":\"https:\/\/simovision.be\/professional\/fr\/\",\"name\":\"Simovision - Professional\",\"description\":\"\",\"publisher\":{\"@id\":\"https:\/\/simovision.be\/professional\/fr\/#organization\"},\"potentialAction\":[{\"@type\":\"SearchAction\",\"target\":{\"@type\":\"EntryPoint\",\"urlTemplate\":\"https:\/\/simovision.be\/professional\/fr\/?s={search_term_string}\"},\"query-input\":{\"@type\":\"PropertyValueSpecification\",\"valueRequired\":true,\"valueName\":\"search_term_string\"}}],\"inLanguage\":\"fr-FR\"},{\"@type\":\"Organization\",\"@id\":\"https:\/\/simovision.be\/professional\/fr\/#organization\",\"name\":\"Simovision\",\"url\":\"https:\/\/simovision.be\/professional\/fr\/\",\"logo\":{\"@type\":\"ImageObject\",\"inLanguage\":\"fr-FR\",\"@id\":\"https:\/\/simovision.be\/professional\/fr\/#\/schema\/logo\/image\/\",\"url\":\"https:\/\/simovision.be\/professional\/wp-content\/uploads\/sites\/2\/2025\/06\/Logo_Simovision_Hilco_Vision_Pantone_7700C-kopie.webp\",\"contentUrl\":\"https:\/\/simovision.be\/professional\/wp-content\/uploads\/sites\/2\/2025\/06\/Logo_Simovision_Hilco_Vision_Pantone_7700C-kopie.webp\",\"width\":2000,\"height\":1021,\"caption\":\"Simovision\"},\"image\":{\"@id\":\"https:\/\/simovision.be\/professional\/fr\/#\/schema\/logo\/image\/\"},\"sameAs\":[\"https:\/\/www.linkedin.com\/company\/simovision\"]}]}<\/script>\n<!-- \/ Yoast SEO plugin. -->","yoast_head_json":{"title":"EVO ICL\u2122 - Simovision - Professional","robots":{"index":"index","follow":"follow","max-snippet":"max-snippet:-1","max-image-preview":"max-image-preview:large","max-video-preview":"max-video-preview:-1"},"canonical":"https:\/\/simovision.be\/professional\/fr\/produit\/evo-icl\/","og_locale":"fr_FR","og_type":"article","og_title":"EVO ICL\u2122 - Simovision - Professional","og_description":"Chirurgie r\u00e9fractive haut de gamme avec la lentille implantable EVO ICL\u2122   Plus de 3 millions d'implants vendus  L'ICL f\u00eate ses 30 ans  +1000 publications scientifiques et \u00e0 comit\u00e9 de lecture de l'ICL  +500 publications scientifiques et \u00e9valu\u00e9es par les pairs de l'EVO ICL","og_url":"https:\/\/simovision.be\/professional\/fr\/produit\/evo-icl\/","og_site_name":"Simovision - Professional","article_modified_time":"2025-09-22T10:09:41+00:00","og_image":[{"width":1000,"height":666,"url":"https:\/\/simovision.be\/professional\/wp-content\/uploads\/sites\/2\/2025\/03\/EVO_Lens-80-Transparent.webp","type":"image\/webp"}],"twitter_card":"summary_large_image","twitter_misc":{"Dur\u00e9e de lecture estim\u00e9e":"5 minutes"},"schema":{"@context":"https:\/\/schema.org","@graph":[{"@type":"WebPage","@id":"https:\/\/simovision.be\/professional\/fr\/produit\/evo-icl\/","url":"https:\/\/simovision.be\/professional\/fr\/produit\/evo-icl\/","name":"EVO ICL\u2122 - Simovision - Professional","isPartOf":{"@id":"https:\/\/simovision.be\/professional\/fr\/#website"},"primaryImageOfPage":{"@id":"https:\/\/simovision.be\/professional\/fr\/produit\/evo-icl\/#primaryimage"},"image":{"@id":"https:\/\/simovision.be\/professional\/fr\/produit\/evo-icl\/#primaryimage"},"thumbnailUrl":"https:\/\/simovision.be\/professional\/wp-content\/uploads\/sites\/2\/2025\/03\/EVO_Lens-80-Transparent.webp","datePublished":"2025-03-21T09:26:36+00:00","dateModified":"2025-09-22T10:09:41+00:00","breadcrumb":{"@id":"https:\/\/simovision.be\/professional\/fr\/produit\/evo-icl\/#breadcrumb"},"inLanguage":"fr-FR","potentialAction":[{"@type":"ReadAction","target":["https:\/\/simovision.be\/professional\/fr\/produit\/evo-icl\/"]}]},{"@type":"ImageObject","inLanguage":"fr-FR","@id":"https:\/\/simovision.be\/professional\/fr\/produit\/evo-icl\/#primaryimage","url":"https:\/\/simovision.be\/professional\/wp-content\/uploads\/sites\/2\/2025\/03\/EVO_Lens-80-Transparent.webp","contentUrl":"https:\/\/simovision.be\/professional\/wp-content\/uploads\/sites\/2\/2025\/03\/EVO_Lens-80-Transparent.webp","width":1000,"height":666},{"@type":"BreadcrumbList","@id":"https:\/\/simovision.be\/professional\/fr\/produit\/evo-icl\/#breadcrumb","itemListElement":[{"@type":"ListItem","position":1,"name":"Home","item":"https:\/\/simovision.be\/professional\/fr\/"},{"@type":"ListItem","position":2,"name":"Boutique","item":"https:\/\/simovision.be\/professional\/winkel\/"},{"@type":"ListItem","position":3,"name":"EVO ICL\u2122"}]},{"@type":"WebSite","@id":"https:\/\/simovision.be\/professional\/fr\/#website","url":"https:\/\/simovision.be\/professional\/fr\/","name":"Simovision - Professional","description":"","publisher":{"@id":"https:\/\/simovision.be\/professional\/fr\/#organization"},"potentialAction":[{"@type":"SearchAction","target":{"@type":"EntryPoint","urlTemplate":"https:\/\/simovision.be\/professional\/fr\/?s={search_term_string}"},"query-input":{"@type":"PropertyValueSpecification","valueRequired":true,"valueName":"search_term_string"}}],"inLanguage":"fr-FR"},{"@type":"Organization","@id":"https:\/\/simovision.be\/professional\/fr\/#organization","name":"Simovision","url":"https:\/\/simovision.be\/professional\/fr\/","logo":{"@type":"ImageObject","inLanguage":"fr-FR","@id":"https:\/\/simovision.be\/professional\/fr\/#\/schema\/logo\/image\/","url":"https:\/\/simovision.be\/professional\/wp-content\/uploads\/sites\/2\/2025\/06\/Logo_Simovision_Hilco_Vision_Pantone_7700C-kopie.webp","contentUrl":"https:\/\/simovision.be\/professional\/wp-content\/uploads\/sites\/2\/2025\/06\/Logo_Simovision_Hilco_Vision_Pantone_7700C-kopie.webp","width":2000,"height":1021,"caption":"Simovision"},"image":{"@id":"https:\/\/simovision.be\/professional\/fr\/#\/schema\/logo\/image\/"},"sameAs":["https:\/\/www.linkedin.com\/company\/simovision"]}]}},"_links":{"self":[{"href":"https:\/\/simovision.be\/professional\/fr\/wp-json\/wp\/v2\/product\/3007","targetHints":{"allow":["GET"]}}],"collection":[{"href":"https:\/\/simovision.be\/professional\/fr\/wp-json\/wp\/v2\/product"}],"about":[{"href":"https:\/\/simovision.be\/professional\/fr\/wp-json\/wp\/v2\/types\/product"}],"wp:featuredmedia":[{"embeddable":true,"href":"https:\/\/simovision.be\/professional\/fr\/wp-json\/wp\/v2\/media\/3799"}],"wp:attachment":[{"href":"https:\/\/simovision.be\/professional\/fr\/wp-json\/wp\/v2\/media?parent=3007"}],"wp:term":[{"taxonomy":"product_brand","embeddable":true,"href":"https:\/\/simovision.be\/professional\/fr\/wp-json\/wp\/v2\/product_brand?post=3007"},{"taxonomy":"product_cat","embeddable":true,"href":"https:\/\/simovision.be\/professional\/fr\/wp-json\/wp\/v2\/product_cat?post=3007"},{"taxonomy":"product_tag","embeddable":true,"href":"https:\/\/simovision.be\/professional\/fr\/wp-json\/wp\/v2\/product_tag?post=3007"}],"curies":[{"name":"wp","href":"https:\/\/api.w.org\/{rel}","templated":true}]}}