{"id":3006,"date":"2024-10-02T17:00:37","date_gmt":"2024-10-02T15:00:37","guid":{"rendered":"https:\/\/simovision.be\/professional\/product\/siluron-xtra\/"},"modified":"2025-09-22T12:11:35","modified_gmt":"2025-09-22T10:11:35","slug":"siluron-xtra","status":"publish","type":"product","link":"https:\/\/simovision.be\/professional\/fr\/produit\/siluron-xtra\/","title":{"rendered":"Siluron Xtra"},"content":{"rendered":"<h3><strong>Mod\u00e8le mol\u00e9culaire innovant pour une nouvelle g\u00e9n\u00e9ration d\u2019huiles de silicone<\/strong><\/h3>\n<p>Gr\u00e2ce \u00e0 leur structure mol\u00e9culaire sp\u00e9ciale, le Siluron<sup>\u00ae<\/sup> Xtra et le <strong><a href=\"https:\/\/simovision.be\/professional\/fr\/produit\/siluron-2000\/\">Siluron<sup>\u00ae<\/sup> 2000<\/a><\/strong> pr\u00e9sentent, in vitro, une <strong>r\u00e9sistance \u00e9lev\u00e9e \u00e0 l\u2019\u00e9mulsification<\/strong>, par comparaison avec les huiles de silicone standards. Ces deux huiles de silicone innovantes se composent d\u2019un m\u00e9lange de <strong>cha\u00eenes mol\u00e9culaire ultralongues<\/strong> d\u2019une viscosit\u00e9 de l\u2019ordre de 2\u202f500\u202f000 mPa.s et de cha\u00eenes mol\u00e9culaires courtes d\u2019une viscosit\u00e9 de l\u2019ordre de 1\u202f000 mPa.s.<\/p>\n<p>Cet agencement mol\u00e9culaire sp\u00e9cial permet au Siluron<sup>\u00ae<\/sup> Xtra et au <strong><a href=\"https:\/\/simovision.be\/professional\/fr\/produit\/siluron-2000\/\">Siluron<sup>\u00ae<\/sup> 2000<\/a><\/strong>\u00a0d\u2019ajuster leurs propri\u00e9t\u00e9s visqueuses aux forces de <strong>cisaillement \u00e9lev\u00e9es et permanentes<\/strong>, g\u00e9n\u00e9r\u00e9es dans l\u2019\u0153il par les mouvements constants:<\/p>\n<p>Plus la force de cisaillement appliqu\u00e9e est importante, plus l\u2019huile de silicone se comporte de mani\u00e8re visqueuse, c\u2019est-\u00e0-dire plus elle est <strong>r\u00e9sistante \u00e0 l\u2019\u00e9mulsification<\/strong>. Les huiles conventionnelles, elles, au contraire, voient leur viscosit\u00e9 diminuer en continu sous l\u2019effet des forces externes constantes ce qui augmente leur tendance \u00e0 l\u2019\u00e9mulsification.<\/p>\n<p>La nouvelle g\u00e9n\u00e9ration d\u2019huiles de silicone \u2013 le <strong><a href=\"https:\/\/simovision.be\/professional\/fr\/produit\/siluron-2000\/\">Siluron<sup>\u00ae<\/sup> 2000<\/a><\/strong>\u00a0et le Siluron<sup>\u00ae<\/sup> Xtra \u2013 se caract\u00e9rise par sa <strong>r\u00e9sistance \u00e0 l\u2019\u00e9mulsification<\/strong> nettement plus \u00e9lev\u00e9e. Cette propri\u00e9t\u00e9 sp\u00e9cifique repose sur un m\u00e9lange intelligent de cha\u00eenes mol\u00e9culaires de longueurs diff\u00e9rentes et la viscosit\u00e9 dynamique en r\u00e9sultant. Leur bonne injectabilit\u00e9 \u00e0 travers de petites incisions constitue un autre avantage de ces huiles de silicone innovantes.<\/p>\n<h4>Utilisation<\/h4>\n<p>Le Siluron<sup>\u00ae<\/sup> Xtra est utilis\u00e9 comme<strong> tamponnade de longue dur\u00e9e <\/strong>apr\u00e8s une intervention chirurgicale pour les d\u00e9collements r\u00e9tinien s\u00e9v\u00e8res, en particulier dans les cas de:<\/p>\n<ul>\n<li>D\u00e9collement r\u00e9tinien avec d\u00e9chirure importante<\/li>\n<li>D\u00e9collement r\u00e9tinien associ\u00e9 \u00e0 une prolif\u00e9ration vitr\u00e9o-r\u00e9tinienne (PVR)<\/li>\n<li>D\u00e9collement r\u00e9tinien associ\u00e9 une r\u00e9tinopathie diab\u00e9tique prolif\u00e9rante (RDP)<\/li>\n<li>D\u00e9collement r\u00e9tinien traumatique<\/li>\n<\/ul>\n<p><strong><br \/>\nBibliographie<\/strong><\/p>\n<hr \/>\n<p><span style=\"font-size: 10pt\">Chan YK., Ng CO., Knox PC., Garvey MJ., Williams RL., Wong D.: Emulsification of silicone oil and eye movements; Invest Ophthalmol Vis Sci. 2011; 52: 9721-9727<\/span><\/p>\n","protected":false},"excerpt":{"rendered":"<p><img loading=\"lazy\" decoding=\"async\" src=\"https:\/\/simovision.be\/professional\/wp-content\/uploads\/sites\/2\/2024\/10\/Fluoron_small.png\" alt=\"\" width=\"211\" height=\"40\" class=\"alignnone size-full wp-image-4419\" srcset=\"https:\/\/simovision.be\/professional\/wp-content\/uploads\/sites\/2\/2024\/10\/Fluoron_small.png 211w, https:\/\/simovision.be\/professional\/wp-content\/uploads\/sites\/2\/2024\/10\/Fluoron_small-64x12.png 64w\" sizes=\"auto, (max-width: 211px) 100vw, 211px\" \/><\/p>\n<h3><strong>Huile de silicone premium avec viscosit\u00e9 extensionnelle ajust\u00e9e<\/strong><\/h3>\n<ul>\n<li><strong>R\u00e9sistance<\/strong> \u00e9lev\u00e9e \u00e0 l\u2019<strong>\u00e9mulsification<\/strong><\/li>\n<li>Dur\u00e9e d\u2019injection courte<\/li>\n<li><strong>Tol\u00e9rance<\/strong> \u00e0 long terme exceptionnelle<\/li>\n<li>Excellente <strong>puret\u00e9<\/strong> chimique<\/li>\n<\/ul>\n","protected":false},"featured_media":3647,"template":"","meta":{"_acf_changed":false,"content-type":"","site-sidebar-layout":"default","site-content-layout":"","ast-site-content-layout":"default","site-content-style":"default","site-sidebar-style":"default","ast-global-header-display":"","ast-banner-title-visibility":"","ast-main-header-display":"","ast-hfb-above-header-display":"","ast-hfb-below-header-display":"","ast-hfb-mobile-header-display":"","site-post-title":"","ast-breadcrumbs-content":"","ast-featured-img":"","footer-sml-layout":"","theme-transparent-header-meta":"default","adv-header-id-meta":"","stick-header-meta":"default","header-above-stick-meta":"","header-main-stick-meta":"","header-below-stick-meta":"","astra-migrate-meta-layouts":"set","ast-page-background-enabled":"default","ast-page-background-meta":{"desktop":{"background-color":"var(--ast-global-color-4)","background-image":"","background-repeat":"repeat","background-position":"center center","background-size":"auto","background-attachment":"scroll","background-type":"","background-media":"","overlay-type":"","overlay-color":"","overlay-opacity":"","overlay-gradient":""},"tablet":{"background-color":"","background-image":"","background-repeat":"repeat","background-position":"center center","background-size":"auto","background-attachment":"scroll","background-type":"","background-media":"","overlay-type":"","overlay-color":"","overlay-opacity":"","overlay-gradient":""},"mobile":{"background-color":"","background-image":"","background-repeat":"repeat","background-position":"center center","background-size":"auto","background-attachment":"scroll","background-type":"","background-media":"","overlay-type":"","overlay-color":"","overlay-opacity":"","overlay-gradient":""}},"ast-content-background-meta":{"desktop":{"background-color":"var(--ast-global-color-5)","background-image":"","background-repeat":"repeat","background-position":"center center","background-size":"auto","background-attachment":"scroll","background-type":"","background-media":"","overlay-type":"","overlay-color":"","overlay-opacity":"","overlay-gradient":""},"tablet":{"background-color":"var(--ast-global-color-5)","background-image":"","background-repeat":"repeat","background-position":"center center","background-size":"auto","background-attachment":"scroll","background-type":"","background-media":"","overlay-type":"","overlay-color":"","overlay-opacity":"","overlay-gradient":""},"mobile":{"background-color":"var(--ast-global-color-5)","background-image":"","background-repeat":"repeat","background-position":"center center","background-size":"auto","background-attachment":"scroll","background-type":"","background-media":"","overlay-type":"","overlay-color":"","overlay-opacity":"","overlay-gradient":""}}},"product_brand":[],"product_cat":[124],"product_tag":[716],"class_list":{"0":"post-3006","1":"product","2":"type-product","3":"status-publish","4":"has-post-thumbnail","6":"product_cat-biomateriaux","7":"product_tag-nl-fr","8":"desktop-align-left","9":"tablet-align-left","10":"mobile-align-left","11":"ast-product-gallery-layout-first-image-large","12":"ast-product-tabs-layout-horizontal","14":"first","15":"instock","16":"shipping-taxable","17":"product-type-simple"},"acf":[],"yoast_head":"<!-- This site is optimized with the Yoast SEO plugin v26.3 - https:\/\/yoast.com\/wordpress\/plugins\/seo\/ -->\n<title>Siluron Xtra - Simovision - Professional<\/title>\n<meta name=\"robots\" content=\"index, follow, max-snippet:-1, max-image-preview:large, max-video-preview:-1\" \/>\n<link rel=\"canonical\" href=\"https:\/\/simovision.be\/professional\/fr\/produit\/siluron-xtra\/\" \/>\n<meta property=\"og:locale\" content=\"fr_FR\" \/>\n<meta property=\"og:type\" content=\"article\" \/>\n<meta property=\"og:title\" content=\"Siluron Xtra - Simovision - Professional\" \/>\n<meta property=\"og:description\" content=\"Huile de silicone premium avec viscosit\u00e9 extensionnelle ajust\u00e9e   R\u00e9sistance \u00e9lev\u00e9e \u00e0 l\u2019\u00e9mulsification  Dur\u00e9e d\u2019injection courte  Tol\u00e9rance \u00e0 long terme exceptionnelle  Excellente puret\u00e9 chimique\" \/>\n<meta property=\"og:url\" content=\"https:\/\/simovision.be\/professional\/fr\/produit\/siluron-xtra\/\" \/>\n<meta property=\"og:site_name\" content=\"Simovision - Professional\" \/>\n<meta property=\"article:modified_time\" content=\"2025-09-22T10:11:35+00:00\" \/>\n<meta property=\"og:image\" content=\"https:\/\/simovision.be\/professional\/wp-content\/uploads\/sites\/2\/2024\/10\/00-Siluron-XTRA-Packshot.webp\" \/>\n\t<meta property=\"og:image:width\" content=\"1000\" \/>\n\t<meta property=\"og:image:height\" content=\"666\" \/>\n\t<meta property=\"og:image:type\" content=\"image\/webp\" \/>\n<meta name=\"twitter:card\" content=\"summary_large_image\" \/>\n<meta name=\"twitter:label1\" content=\"Dur\u00e9e de lecture estim\u00e9e\" \/>\n\t<meta name=\"twitter:data1\" content=\"2 minutes\" \/>\n<script type=\"application\/ld+json\" class=\"yoast-schema-graph\">{\"@context\":\"https:\/\/schema.org\",\"@graph\":[{\"@type\":\"WebPage\",\"@id\":\"https:\/\/simovision.be\/professional\/fr\/produit\/siluron-xtra\/\",\"url\":\"https:\/\/simovision.be\/professional\/fr\/produit\/siluron-xtra\/\",\"name\":\"Siluron Xtra - Simovision - Professional\",\"isPartOf\":{\"@id\":\"https:\/\/simovision.be\/professional\/fr\/#website\"},\"primaryImageOfPage\":{\"@id\":\"https:\/\/simovision.be\/professional\/fr\/produit\/siluron-xtra\/#primaryimage\"},\"image\":{\"@id\":\"https:\/\/simovision.be\/professional\/fr\/produit\/siluron-xtra\/#primaryimage\"},\"thumbnailUrl\":\"https:\/\/simovision.be\/professional\/wp-content\/uploads\/sites\/2\/2024\/10\/00-Siluron-XTRA-Packshot.webp\",\"datePublished\":\"2024-10-02T15:00:37+00:00\",\"dateModified\":\"2025-09-22T10:11:35+00:00\",\"breadcrumb\":{\"@id\":\"https:\/\/simovision.be\/professional\/fr\/produit\/siluron-xtra\/#breadcrumb\"},\"inLanguage\":\"fr-FR\",\"potentialAction\":[{\"@type\":\"ReadAction\",\"target\":[\"https:\/\/simovision.be\/professional\/fr\/produit\/siluron-xtra\/\"]}]},{\"@type\":\"ImageObject\",\"inLanguage\":\"fr-FR\",\"@id\":\"https:\/\/simovision.be\/professional\/fr\/produit\/siluron-xtra\/#primaryimage\",\"url\":\"https:\/\/simovision.be\/professional\/wp-content\/uploads\/sites\/2\/2024\/10\/00-Siluron-XTRA-Packshot.webp\",\"contentUrl\":\"https:\/\/simovision.be\/professional\/wp-content\/uploads\/sites\/2\/2024\/10\/00-Siluron-XTRA-Packshot.webp\",\"width\":1000,\"height\":666},{\"@type\":\"BreadcrumbList\",\"@id\":\"https:\/\/simovision.be\/professional\/fr\/produit\/siluron-xtra\/#breadcrumb\",\"itemListElement\":[{\"@type\":\"ListItem\",\"position\":1,\"name\":\"Home\",\"item\":\"https:\/\/simovision.be\/professional\/fr\/\"},{\"@type\":\"ListItem\",\"position\":2,\"name\":\"Boutique\",\"item\":\"https:\/\/simovision.be\/professional\/winkel\/\"},{\"@type\":\"ListItem\",\"position\":3,\"name\":\"Siluron Xtra\"}]},{\"@type\":\"WebSite\",\"@id\":\"https:\/\/simovision.be\/professional\/fr\/#website\",\"url\":\"https:\/\/simovision.be\/professional\/fr\/\",\"name\":\"Simovision - Professional\",\"description\":\"\",\"publisher\":{\"@id\":\"https:\/\/simovision.be\/professional\/fr\/#organization\"},\"potentialAction\":[{\"@type\":\"SearchAction\",\"target\":{\"@type\":\"EntryPoint\",\"urlTemplate\":\"https:\/\/simovision.be\/professional\/fr\/?s={search_term_string}\"},\"query-input\":{\"@type\":\"PropertyValueSpecification\",\"valueRequired\":true,\"valueName\":\"search_term_string\"}}],\"inLanguage\":\"fr-FR\"},{\"@type\":\"Organization\",\"@id\":\"https:\/\/simovision.be\/professional\/fr\/#organization\",\"name\":\"Simovision\",\"url\":\"https:\/\/simovision.be\/professional\/fr\/\",\"logo\":{\"@type\":\"ImageObject\",\"inLanguage\":\"fr-FR\",\"@id\":\"https:\/\/simovision.be\/professional\/fr\/#\/schema\/logo\/image\/\",\"url\":\"https:\/\/simovision.be\/professional\/wp-content\/uploads\/sites\/2\/2025\/06\/Logo_Simovision_Hilco_Vision_Pantone_7700C-kopie.webp\",\"contentUrl\":\"https:\/\/simovision.be\/professional\/wp-content\/uploads\/sites\/2\/2025\/06\/Logo_Simovision_Hilco_Vision_Pantone_7700C-kopie.webp\",\"width\":2000,\"height\":1021,\"caption\":\"Simovision\"},\"image\":{\"@id\":\"https:\/\/simovision.be\/professional\/fr\/#\/schema\/logo\/image\/\"},\"sameAs\":[\"https:\/\/www.linkedin.com\/company\/simovision\"]}]}<\/script>\n<!-- \/ Yoast SEO plugin. -->","yoast_head_json":{"title":"Siluron Xtra - Simovision - Professional","robots":{"index":"index","follow":"follow","max-snippet":"max-snippet:-1","max-image-preview":"max-image-preview:large","max-video-preview":"max-video-preview:-1"},"canonical":"https:\/\/simovision.be\/professional\/fr\/produit\/siluron-xtra\/","og_locale":"fr_FR","og_type":"article","og_title":"Siluron Xtra - Simovision - Professional","og_description":"Huile de silicone premium avec viscosit\u00e9 extensionnelle ajust\u00e9e   R\u00e9sistance \u00e9lev\u00e9e \u00e0 l\u2019\u00e9mulsification  Dur\u00e9e d\u2019injection courte  Tol\u00e9rance \u00e0 long terme exceptionnelle  Excellente puret\u00e9 chimique","og_url":"https:\/\/simovision.be\/professional\/fr\/produit\/siluron-xtra\/","og_site_name":"Simovision - Professional","article_modified_time":"2025-09-22T10:11:35+00:00","og_image":[{"width":1000,"height":666,"url":"https:\/\/simovision.be\/professional\/wp-content\/uploads\/sites\/2\/2024\/10\/00-Siluron-XTRA-Packshot.webp","type":"image\/webp"}],"twitter_card":"summary_large_image","twitter_misc":{"Dur\u00e9e de lecture estim\u00e9e":"2 minutes"},"schema":{"@context":"https:\/\/schema.org","@graph":[{"@type":"WebPage","@id":"https:\/\/simovision.be\/professional\/fr\/produit\/siluron-xtra\/","url":"https:\/\/simovision.be\/professional\/fr\/produit\/siluron-xtra\/","name":"Siluron Xtra - Simovision - Professional","isPartOf":{"@id":"https:\/\/simovision.be\/professional\/fr\/#website"},"primaryImageOfPage":{"@id":"https:\/\/simovision.be\/professional\/fr\/produit\/siluron-xtra\/#primaryimage"},"image":{"@id":"https:\/\/simovision.be\/professional\/fr\/produit\/siluron-xtra\/#primaryimage"},"thumbnailUrl":"https:\/\/simovision.be\/professional\/wp-content\/uploads\/sites\/2\/2024\/10\/00-Siluron-XTRA-Packshot.webp","datePublished":"2024-10-02T15:00:37+00:00","dateModified":"2025-09-22T10:11:35+00:00","breadcrumb":{"@id":"https:\/\/simovision.be\/professional\/fr\/produit\/siluron-xtra\/#breadcrumb"},"inLanguage":"fr-FR","potentialAction":[{"@type":"ReadAction","target":["https:\/\/simovision.be\/professional\/fr\/produit\/siluron-xtra\/"]}]},{"@type":"ImageObject","inLanguage":"fr-FR","@id":"https:\/\/simovision.be\/professional\/fr\/produit\/siluron-xtra\/#primaryimage","url":"https:\/\/simovision.be\/professional\/wp-content\/uploads\/sites\/2\/2024\/10\/00-Siluron-XTRA-Packshot.webp","contentUrl":"https:\/\/simovision.be\/professional\/wp-content\/uploads\/sites\/2\/2024\/10\/00-Siluron-XTRA-Packshot.webp","width":1000,"height":666},{"@type":"BreadcrumbList","@id":"https:\/\/simovision.be\/professional\/fr\/produit\/siluron-xtra\/#breadcrumb","itemListElement":[{"@type":"ListItem","position":1,"name":"Home","item":"https:\/\/simovision.be\/professional\/fr\/"},{"@type":"ListItem","position":2,"name":"Boutique","item":"https:\/\/simovision.be\/professional\/winkel\/"},{"@type":"ListItem","position":3,"name":"Siluron Xtra"}]},{"@type":"WebSite","@id":"https:\/\/simovision.be\/professional\/fr\/#website","url":"https:\/\/simovision.be\/professional\/fr\/","name":"Simovision - Professional","description":"","publisher":{"@id":"https:\/\/simovision.be\/professional\/fr\/#organization"},"potentialAction":[{"@type":"SearchAction","target":{"@type":"EntryPoint","urlTemplate":"https:\/\/simovision.be\/professional\/fr\/?s={search_term_string}"},"query-input":{"@type":"PropertyValueSpecification","valueRequired":true,"valueName":"search_term_string"}}],"inLanguage":"fr-FR"},{"@type":"Organization","@id":"https:\/\/simovision.be\/professional\/fr\/#organization","name":"Simovision","url":"https:\/\/simovision.be\/professional\/fr\/","logo":{"@type":"ImageObject","inLanguage":"fr-FR","@id":"https:\/\/simovision.be\/professional\/fr\/#\/schema\/logo\/image\/","url":"https:\/\/simovision.be\/professional\/wp-content\/uploads\/sites\/2\/2025\/06\/Logo_Simovision_Hilco_Vision_Pantone_7700C-kopie.webp","contentUrl":"https:\/\/simovision.be\/professional\/wp-content\/uploads\/sites\/2\/2025\/06\/Logo_Simovision_Hilco_Vision_Pantone_7700C-kopie.webp","width":2000,"height":1021,"caption":"Simovision"},"image":{"@id":"https:\/\/simovision.be\/professional\/fr\/#\/schema\/logo\/image\/"},"sameAs":["https:\/\/www.linkedin.com\/company\/simovision"]}]}},"_links":{"self":[{"href":"https:\/\/simovision.be\/professional\/fr\/wp-json\/wp\/v2\/product\/3006","targetHints":{"allow":["GET"]}}],"collection":[{"href":"https:\/\/simovision.be\/professional\/fr\/wp-json\/wp\/v2\/product"}],"about":[{"href":"https:\/\/simovision.be\/professional\/fr\/wp-json\/wp\/v2\/types\/product"}],"wp:featuredmedia":[{"embeddable":true,"href":"https:\/\/simovision.be\/professional\/fr\/wp-json\/wp\/v2\/media\/3647"}],"wp:attachment":[{"href":"https:\/\/simovision.be\/professional\/fr\/wp-json\/wp\/v2\/media?parent=3006"}],"wp:term":[{"taxonomy":"product_brand","embeddable":true,"href":"https:\/\/simovision.be\/professional\/fr\/wp-json\/wp\/v2\/product_brand?post=3006"},{"taxonomy":"product_cat","embeddable":true,"href":"https:\/\/simovision.be\/professional\/fr\/wp-json\/wp\/v2\/product_cat?post=3006"},{"taxonomy":"product_tag","embeddable":true,"href":"https:\/\/simovision.be\/professional\/fr\/wp-json\/wp\/v2\/product_tag?post=3006"}],"curies":[{"name":"wp","href":"https:\/\/api.w.org\/{rel}","templated":true}]}}