{"id":3004,"date":"2025-03-12T08:24:44","date_gmt":"2025-03-12T07:24:44","guid":{"rendered":"https:\/\/simovision.be\/professional\/product\/cr-2-af\/"},"modified":"2025-09-22T12:11:30","modified_gmt":"2025-09-22T10:11:30","slug":"cr-2-af","status":"publish","type":"product","link":"https:\/\/simovision.be\/professional\/fr\/produit\/cr-2-af\/","title":{"rendered":"CR-2 AF"},"content":{"rendered":"<p>En 1976, Canon a \u00e9t\u00e9 la toute premi\u00e8re entreprise \u00e0 lancer une cam\u00e9ra non mydriatique. La CR-2 AF poursuit dans cette lign\u00e9e et b\u00e9n\u00e9ficie de l\u2019excellence des optiques de Canon.<\/p>\n<h3><strong>Cam\u00e9ra fond d\u2019\u0153il non mydriatique<\/strong><\/h3>\n<p>Le CR-2 AF est une <strong>cam\u00e9ra non mydriatique<\/strong> avec de nombreuses <strong>fonctions automatiques<\/strong>:<\/p>\n<ul>\n<li><strong>Autofocus<\/strong>: focalisation automatique, rapide et pr\u00e9cise.<\/li>\n<li><strong>Autoshot<\/strong>: d\u00e8s que l\u2019alignement, la distance de travail et la focalisation sont correctes, le d\u00e9clenchement est automatique.<\/li>\n<li><strong>Passage ant\u00e9rieur\/post\u00e9rieur automatique<\/strong>: d\u00e8s que l\u2019alignement avec la pupille est correct, le syst\u00e8me passe automatiquement en mode r\u00e9tine.<\/li>\n<li><strong>Exposition automatique<\/strong>: le flash et la luminosit\u00e9 de l\u2019illumination IR sont ajust\u00e9s pour chaque examen, en fonction de la r\u00e9flectivit\u00e9 de la r\u00e9tine, quel que soit le diam\u00e8tre pupillaire ou la pigmentation du fond d\u2019\u0153il.<\/li>\n<li><strong>Mode automatique<\/strong>: les fonctions automatiques rendent la prise de mesure plus facile.<br \/>\nPour les patients pr\u00e9sentant des opacit\u00e9s, pour ceux qui bougent beaucoup, ceux qui ne coop\u00e8rent pas bien ou ceux qui ont des petites pupilles, il est possible de passer en mode manuel et reprendre le contr\u00f4le total.<\/li>\n<\/ul>\n<h4>Canon fonction de suppression des opacit\u00e9s<\/h4>\n<p>La <strong>technologie EOS<\/strong> des cam\u00e9ras digitales Canon, r\u00e9put\u00e9e pour ses performances en traitement d\u2019image, a \u00e9t\u00e9 <strong>adapt\u00e9e en exclusivit\u00e9<\/strong> pour les <strong>cam\u00e9ras<\/strong> de <strong>Canon<\/strong>, offrant ainsi une <strong>imagerie r\u00e9tinienne optimale<\/strong> ainsi qu\u2019une qualit\u00e9 d\u2019image exceptionnelle. La fonction unique de suppression de l\u2019opacit\u00e9 de Canon r\u00e9duit consid\u00e9rablement les effets de la cataracte et des autres opacit\u00e9s oculaires.<\/p>\n<p>En plus de l\u2019<strong>exposition photom\u00e9trique automatique<\/strong>, le CR-2AF permet de r\u00e9aliser des photographies avec un flash basse intensit\u00e9.<\/p>\n<h4>Autofluorescence (disponible uniquement sur la CR-2 PLUS AF)<\/h4>\n<p>L\u2019imagerie en autofluorescence pour le diagnostic des pathologies r\u00e9tiniennes est une technique relativement r\u00e9cente, qui fournit des informations sur la sant\u00e9 de l\u2019\u00e9pith\u00e9lium pigmentaire r\u00e9tinien.<\/p>\n<p>L\u2019<strong>autofluorescence<\/strong> est tr\u00e8s utile pour le <strong>diagnostic pr\u00e9coce<\/strong> de la <strong>DMLA<\/strong>, une des causes principales de c\u00e9cit\u00e9 dans le monde. Des \u00e9tudes r\u00e9centes montrent \u00e9galement l\u2019int\u00e9r\u00eat de l\u2019autofluorescence dans le diagnostic de nombreuses pathologies dont les tumeurs intraoculaires.<\/p>\n<h4>Facilit\u00e9 d\u2019utilisation<\/h4>\n<p>La conception compacte de la CR-2 AF permet de r\u00e9duire la distance d\u2019intervention, offrant \u00e0 l\u2019op\u00e9rateur la possibilit\u00e9 de maintenir facilement l&rsquo;\u0153il du patient ouvert d&rsquo;une main tout en b\u00e9n\u00e9ficiant d&rsquo;une vue optimale. La manette a \u00e9t\u00e9 con\u00e7ue de fa\u00e7on \u00e0 offrir une bonne prise, ce qui garantit une manipulation ais\u00e9e et une capture d\u2019image rapide et efficace.<\/p>\n<h4>Images non mydriatiques \u00e0 un angle de 45 degr\u00e9s<\/h4>\n<p>La CR-2 AF fournit des images non mydriatiques d&rsquo;un angle de 45 degr\u00e9s (67,5 degr\u00e9s si le centre du globe oculaire est pris comme r\u00e9f\u00e9rence).<\/p>\n<h4>\u00c9l\u00e9ments de contr\u00f4le centralis\u00e9s et joystick multifonctionnel<\/h4>\n<p>Le <strong>panneau de commande<\/strong> est constitu\u00e9 de <strong>commandes centralis\u00e9es<\/strong> ainsi que d\u2019une <strong>manette multifonctionnelle<\/strong> pour une manipulation intuitive. Les boutons sont \u00e9clair\u00e9s pour faciliter leur utilisation dans les pi\u00e8ces sombres. La manette multifonctionnelle combine de <strong>nombreuses fonctions<\/strong>:<\/p>\n<ul>\n<li style=\"list-style-type: none\">\n<ul>\n<li>Elle est utilis\u00e9e pour <strong>contr\u00f4ler <\/strong>le <strong>mouvement <\/strong>de mont\u00e9e et de descente de la <strong>t\u00eate optique<\/strong>, ce qui garantit une manipulation sans effort.<\/li>\n<li>\u00c0 c\u00f4t\u00e9 du <strong>bouton de d\u00e9clenchement<\/strong>, un bouton d\u2019alignement permet de passer facilement de la vue de l\u2019\u0153il ant\u00e9rieur \u00e0 la vue de la r\u00e9tine.<\/li>\n<li>Une <strong>bague de mise au point<\/strong> permet de r\u00e9gler la mise au point manuellement.<\/li>\n<\/ul>\n<\/li>\n<\/ul>\n<h4>Photographie avec flash de basse intensit\u00e9<\/h4>\n<p>En plus de l\u2019exposition photom\u00e9trique automatique, le CR-2AF permet de r\u00e9aliser des photographies avec un flash basse intensit\u00e9. Cela <strong>am\u00e9liore<\/strong> consid\u00e9rablement le <strong>confort<\/strong> pour les <strong>patients<\/strong> et optimise le d\u00e9roulement des op\u00e9rations car les images des deux yeux peuvent \u00eatre captur\u00e9es sans que la taille de la pupille ne pose de probl\u00e8me. Solution id\u00e9ale pour les patients photophobes.<\/p>\n<h4>Lampe de fixation r\u00e9glable<\/h4>\n<p>Le CR-2 AF offre la possibilit\u00e9 de r\u00e9gler la lampe de fixation selon 4 configurations pour la fixation interne. Chaque configuration dispose d\u2019un maximum de 9 positions et convient pour diff\u00e9rents protocoles de d\u00e9pistage.<\/p>\n<h4>Grossissement x2<\/h4>\n<p>Le CR-2 AF est \u00e9quip\u00e9 d\u2019un bouton 2x qui permet de <strong>doubler num\u00e9riquement le grossissement<\/strong> (x2) ou, selon le r\u00e9glage, d\u2019obtenir une image \u00e0 30 degr\u00e9s.<\/p>\n<h4>Traitement d\u2019images num\u00e9riques<\/h4>\n<p>Le <strong>logiciel RX<\/strong> peut, sans qu\u2019il soit n\u00e9cessaire de capturer de nouvelles images, <strong>g\u00e9n\u00e9rer<\/strong> une <strong>image num\u00e9rique<\/strong> \u00e0 partir de la photo couleur.<\/p>\n<p>Cette solution, qui utilise l\u2019image RAW originale de l\u2019appareil photo num\u00e9rique, repose sur la <strong>technologie Canon EOS<\/strong> pour la r\u00e9tine et sur des m\u00e9thodes exclusives de traitement d\u2019image.\u00a0La <strong>qualit\u00e9 d\u2019image<\/strong> est tout \u00e0 fait <strong>comparable<\/strong> avec celle obtenue avec des <strong>filtres optiques<\/strong>.<\/p>\n<ul>\n<li><strong>Embossage n\u00e9gatif<\/strong>: fait ressortir les vaisseaux.<\/li>\n<li><strong>Embossage positif<\/strong>: fait ressortir le nerf optique.<\/li>\n<li><strong>An\u00e9rythre et cobalt<\/strong><\/li>\n<li><strong>Inversion<\/strong>: inversion des couleurs pour faciliter le diagnostic.<\/li>\n<li><strong>Overlay<\/strong>: superposition de 2 images de nature diff\u00e9rente ou \u00e0 des dates diff\u00e9rentes pour visualiser les modifications.<\/li>\n<li><strong>Annotations<\/strong>: ajout de texte ou de forme sur l\u2019image.<\/li>\n<li><strong>Mesure Cup\/Disc<\/strong>: mesure des rapports C\/D.<\/li>\n<li><strong>Fonction loupe<\/strong>: aide au diagnostic.<\/li>\n<\/ul>\n<h4>Imagerie grand champ<\/h4>\n<p>Gr\u00e2ce au <strong>logiciel Mosaic en option<\/strong>, il est possible de <strong>combiner <\/strong>jusqu\u2019\u00e0 <strong>20 images<\/strong> pour obtenir <strong>une image grand champ de haute r\u00e9solution<\/strong>, incluant la r\u00e9tine p\u00e9riph\u00e9rique (jusqu\u2019\u00e0 85\u00b0). Le guidage automatique de la lampe de fixation du r\u00e9tinographe facilite la capture des images.<\/p>\n<h4>Photographie du segment ant\u00e9rieur<\/h4>\n<p>Le CR-2F permet de photographier rapidement et facilement le segment ant\u00e9rieur dans un but de documentation de la corn\u00e9e, la pupille, la paupi\u00e8re et de la scl\u00e8re.<\/p>\n<h4>Photographie IR du segment ant\u00e9rieur<\/h4>\n<p>Le mode de photographie IR permet de d\u00e9terminer l\u2019\u00e9tat de la glande de <strong>Meibomius<\/strong>, un facteur important dans l\u2019\u00e9valuation de la <strong>s\u00e9cheresse oculaire<\/strong>. Une d\u00e9faillance de ces glandes affecte la qualit\u00e9 et la stabilit\u00e9 du film lacrymal, ce qui peut provoquer les sympt\u00f4mes classiques de la s\u00e9cheresse oculaire.<\/p>\n<h4>St\u00e9r\u00e9ophotographie<\/h4>\n<p>Le CR-2AF permet \u00e9galement de faire de la st\u00e9r\u00e9ophotographie en prenant s\u00e9quentiellement deux images r\u00e9tiniennes pour former une paire st\u00e9r\u00e9o. L\u2019ordre de la prise de vue est simplifi\u00e9 par des guides st\u00e9r\u00e9o pratiques, affich\u00e9s sur l\u2019\u00e9cran d\u2019observation. Vous pouvez aussi prendre manuellement un ensemble st\u00e9r\u00e9o et cr\u00e9er une paire dans le logiciel RX.<\/p>\n","protected":false},"excerpt":{"rendered":"<p><img loading=\"lazy\" decoding=\"async\" src=\"https:\/\/simovision.be\/professional\/wp-content\/uploads\/sites\/2\/2025\/06\/Logo_canon_tease.png\" alt=\"\" width=\"319\" height=\"40\" class=\"alignnone size-full wp-image-4984\" srcset=\"https:\/\/simovision.be\/professional\/wp-content\/uploads\/sites\/2\/2025\/06\/Logo_canon_tease.png 319w, https:\/\/simovision.be\/professional\/wp-content\/uploads\/sites\/2\/2025\/06\/Logo_canon_tease-64x8.png 64w, https:\/\/simovision.be\/professional\/wp-content\/uploads\/sites\/2\/2025\/06\/Logo_canon_tease-300x38.png 300w\" sizes=\"auto, (max-width: 319px) 100vw, 319px\" \/><\/p>\n<h3><strong>R\u00e9tinographe num\u00e9rique non mydriatique<\/strong><\/h3>\n<p>Le CR-2 AF est un r\u00e9tinographe non mydriatique muni de <strong>fonctions automatiques<\/strong> \u00e9tendues.<\/p>\n<p>La cam\u00e9ra peut effectuer de mani\u00e8re enti\u00e8rement automatique les actions suivantes:<\/p>\n<ul>\n<li>mise au point rapide et pr\u00e9cise<\/li>\n<li>commutation entre la vue ant\u00e9rieure et la vue r\u00e9tinienne<\/li>\n<li>et prise de vue.<\/li>\n<\/ul>\n<p>Elle dispose aussi d\u2019un <strong>syst\u00e8me d\u2019\u00e9clairage photom\u00e9trique<\/strong> automatique unique qui <strong>ajuste automatiquement<\/strong> l\u2019intensit\u00e9 du <strong>flash<\/strong> et de la lampe d\u2019observation pendant chaque examen en fonction des mesures en temps r\u00e9el de la r\u00e9flectance r\u00e9tinienne. Cela garantit d\u2019avoir des images parfaites en une seule prise, quelle que soit la taille de la pupille ou l\u2019origine ethnique.<\/p>\n<p>Le CR-2AF dispose d\u2019un mode manuel offrant un contr\u00f4le total, ce qui est particuli\u00e8rement utile pour des patients:<\/p>\n<ul>\n<li>avec des opacit\u00e9s oculaires<\/li>\n<li>souffrant de mouvements oculaires involontaires<\/li>\n<li>peu coop\u00e9ratifs<\/li>\n<li>avec de petites pupilles<\/li>\n<\/ul>\n","protected":false},"featured_media":3683,"template":"","meta":{"_acf_changed":false,"content-type":"","site-sidebar-layout":"default","site-content-layout":"","ast-site-content-layout":"default","site-content-style":"default","site-sidebar-style":"default","ast-global-header-display":"","ast-banner-title-visibility":"","ast-main-header-display":"","ast-hfb-above-header-display":"","ast-hfb-below-header-display":"","ast-hfb-mobile-header-display":"","site-post-title":"","ast-breadcrumbs-content":"","ast-featured-img":"","footer-sml-layout":"","theme-transparent-header-meta":"default","adv-header-id-meta":"","stick-header-meta":"default","header-above-stick-meta":"","header-main-stick-meta":"","header-below-stick-meta":"","astra-migrate-meta-layouts":"set","ast-page-background-enabled":"default","ast-page-background-meta":{"desktop":{"background-color":"var(--ast-global-color-4)","background-image":"","background-repeat":"repeat","background-position":"center center","background-size":"auto","background-attachment":"scroll","background-type":"","background-media":"","overlay-type":"","overlay-color":"","overlay-opacity":"","overlay-gradient":""},"tablet":{"background-color":"","background-image":"","background-repeat":"repeat","background-position":"center center","background-size":"auto","background-attachment":"scroll","background-type":"","background-media":"","overlay-type":"","overlay-color":"","overlay-opacity":"","overlay-gradient":""},"mobile":{"background-color":"","background-image":"","background-repeat":"repeat","background-position":"center center","background-size":"auto","background-attachment":"scroll","background-type":"","background-media":"","overlay-type":"","overlay-color":"","overlay-opacity":"","overlay-gradient":""}},"ast-content-background-meta":{"desktop":{"background-color":"var(--ast-global-color-5)","background-image":"","background-repeat":"repeat","background-position":"center center","background-size":"auto","background-attachment":"scroll","background-type":"","background-media":"","overlay-type":"","overlay-color":"","overlay-opacity":"","overlay-gradient":""},"tablet":{"background-color":"var(--ast-global-color-5)","background-image":"","background-repeat":"repeat","background-position":"center center","background-size":"auto","background-attachment":"scroll","background-type":"","background-media":"","overlay-type":"","overlay-color":"","overlay-opacity":"","overlay-gradient":""},"mobile":{"background-color":"var(--ast-global-color-5)","background-image":"","background-repeat":"repeat","background-position":"center center","background-size":"auto","background-attachment":"scroll","background-type":"","background-media":"","overlay-type":"","overlay-color":"","overlay-opacity":"","overlay-gradient":""}}},"product_brand":[],"product_cat":[123],"product_tag":[],"class_list":{"0":"post-3004","1":"product","2":"type-product","3":"status-publish","4":"has-post-thumbnail","6":"product_cat-retinographes","7":"desktop-align-left","8":"tablet-align-left","9":"mobile-align-left","10":"ast-product-gallery-layout-first-image-large","11":"ast-product-tabs-layout-horizontal","13":"first","14":"instock","15":"shipping-taxable","16":"product-type-simple"},"acf":[],"yoast_head":"<!-- This site is optimized with the Yoast SEO plugin v26.3 - https:\/\/yoast.com\/wordpress\/plugins\/seo\/ -->\n<title>CR-2 AF - Simovision - Professional<\/title>\n<meta name=\"robots\" content=\"index, follow, max-snippet:-1, max-image-preview:large, max-video-preview:-1\" \/>\n<link rel=\"canonical\" href=\"https:\/\/simovision.be\/professional\/fr\/produit\/cr-2-af\/\" \/>\n<meta property=\"og:locale\" content=\"fr_FR\" \/>\n<meta property=\"og:type\" content=\"article\" \/>\n<meta property=\"og:title\" content=\"CR-2 AF - Simovision - Professional\" \/>\n<meta property=\"og:description\" content=\"R\u00e9tinographe num\u00e9rique non mydriatique Le CR-2 AF est un r\u00e9tinographe non mydriatique muni de fonctions automatiques \u00e9tendues.  La cam\u00e9ra peut effectuer de mani\u00e8re enti\u00e8rement automatique les actions suivantes:   mise au point rapide et pr\u00e9cise  commutation entre la vue ant\u00e9rieure et la vue r\u00e9tinienne  et prise de vue.  Elle dispose aussi d\u2019un syst\u00e8me d\u2019\u00e9clairage photom\u00e9trique automatique unique qui ajuste automatiquement l\u2019intensit\u00e9 du flash et de la lampe d\u2019observation pendant chaque examen en fonction des mesures en temps r\u00e9el de la r\u00e9flectance r\u00e9tinienne. Cela garantit d\u2019avoir des images parfaites en une seule prise, quelle que soit la taille de la pupille ou l\u2019origine ethnique.  Le CR-2AF dispose d\u2019un mode manuel offrant un contr\u00f4le total, ce qui est particuli\u00e8rement utile pour des patients:   avec des opacit\u00e9s oculaires  souffrant de mouvements oculaires involontaires  peu coop\u00e9ratifs  avec de petites pupilles\" \/>\n<meta property=\"og:url\" content=\"https:\/\/simovision.be\/professional\/fr\/produit\/cr-2-af\/\" \/>\n<meta property=\"og:site_name\" content=\"Simovision - Professional\" \/>\n<meta property=\"article:modified_time\" content=\"2025-09-22T10:11:30+00:00\" \/>\n<meta property=\"og:image\" content=\"https:\/\/simovision.be\/professional\/wp-content\/uploads\/sites\/2\/2025\/03\/CR-2AF.webp\" \/>\n\t<meta property=\"og:image:width\" content=\"1000\" \/>\n\t<meta property=\"og:image:height\" content=\"666\" \/>\n\t<meta property=\"og:image:type\" content=\"image\/webp\" \/>\n<meta name=\"twitter:card\" content=\"summary_large_image\" \/>\n<meta name=\"twitter:label1\" content=\"Dur\u00e9e de lecture estim\u00e9e\" \/>\n\t<meta name=\"twitter:data1\" content=\"6 minutes\" \/>\n<script type=\"application\/ld+json\" class=\"yoast-schema-graph\">{\"@context\":\"https:\/\/schema.org\",\"@graph\":[{\"@type\":\"WebPage\",\"@id\":\"https:\/\/simovision.be\/professional\/fr\/produit\/cr-2-af\/\",\"url\":\"https:\/\/simovision.be\/professional\/fr\/produit\/cr-2-af\/\",\"name\":\"CR-2 AF - Simovision - Professional\",\"isPartOf\":{\"@id\":\"https:\/\/simovision.be\/professional\/fr\/#website\"},\"primaryImageOfPage\":{\"@id\":\"https:\/\/simovision.be\/professional\/fr\/produit\/cr-2-af\/#primaryimage\"},\"image\":{\"@id\":\"https:\/\/simovision.be\/professional\/fr\/produit\/cr-2-af\/#primaryimage\"},\"thumbnailUrl\":\"https:\/\/simovision.be\/professional\/wp-content\/uploads\/sites\/2\/2025\/03\/CR-2AF.webp\",\"datePublished\":\"2025-03-12T07:24:44+00:00\",\"dateModified\":\"2025-09-22T10:11:30+00:00\",\"breadcrumb\":{\"@id\":\"https:\/\/simovision.be\/professional\/fr\/produit\/cr-2-af\/#breadcrumb\"},\"inLanguage\":\"fr-FR\",\"potentialAction\":[{\"@type\":\"ReadAction\",\"target\":[\"https:\/\/simovision.be\/professional\/fr\/produit\/cr-2-af\/\"]}]},{\"@type\":\"ImageObject\",\"inLanguage\":\"fr-FR\",\"@id\":\"https:\/\/simovision.be\/professional\/fr\/produit\/cr-2-af\/#primaryimage\",\"url\":\"https:\/\/simovision.be\/professional\/wp-content\/uploads\/sites\/2\/2025\/03\/CR-2AF.webp\",\"contentUrl\":\"https:\/\/simovision.be\/professional\/wp-content\/uploads\/sites\/2\/2025\/03\/CR-2AF.webp\",\"width\":1000,\"height\":666},{\"@type\":\"BreadcrumbList\",\"@id\":\"https:\/\/simovision.be\/professional\/fr\/produit\/cr-2-af\/#breadcrumb\",\"itemListElement\":[{\"@type\":\"ListItem\",\"position\":1,\"name\":\"Home\",\"item\":\"https:\/\/simovision.be\/professional\/fr\/\"},{\"@type\":\"ListItem\",\"position\":2,\"name\":\"Boutique\",\"item\":\"https:\/\/simovision.be\/professional\/winkel\/\"},{\"@type\":\"ListItem\",\"position\":3,\"name\":\"CR-2 AF\"}]},{\"@type\":\"WebSite\",\"@id\":\"https:\/\/simovision.be\/professional\/fr\/#website\",\"url\":\"https:\/\/simovision.be\/professional\/fr\/\",\"name\":\"Simovision - Professional\",\"description\":\"\",\"publisher\":{\"@id\":\"https:\/\/simovision.be\/professional\/fr\/#organization\"},\"potentialAction\":[{\"@type\":\"SearchAction\",\"target\":{\"@type\":\"EntryPoint\",\"urlTemplate\":\"https:\/\/simovision.be\/professional\/fr\/?s={search_term_string}\"},\"query-input\":{\"@type\":\"PropertyValueSpecification\",\"valueRequired\":true,\"valueName\":\"search_term_string\"}}],\"inLanguage\":\"fr-FR\"},{\"@type\":\"Organization\",\"@id\":\"https:\/\/simovision.be\/professional\/fr\/#organization\",\"name\":\"Simovision\",\"url\":\"https:\/\/simovision.be\/professional\/fr\/\",\"logo\":{\"@type\":\"ImageObject\",\"inLanguage\":\"fr-FR\",\"@id\":\"https:\/\/simovision.be\/professional\/fr\/#\/schema\/logo\/image\/\",\"url\":\"https:\/\/simovision.be\/professional\/wp-content\/uploads\/sites\/2\/2025\/06\/Logo_Simovision_Hilco_Vision_Pantone_7700C-kopie.webp\",\"contentUrl\":\"https:\/\/simovision.be\/professional\/wp-content\/uploads\/sites\/2\/2025\/06\/Logo_Simovision_Hilco_Vision_Pantone_7700C-kopie.webp\",\"width\":2000,\"height\":1021,\"caption\":\"Simovision\"},\"image\":{\"@id\":\"https:\/\/simovision.be\/professional\/fr\/#\/schema\/logo\/image\/\"},\"sameAs\":[\"https:\/\/www.linkedin.com\/company\/simovision\"]}]}<\/script>\n<!-- \/ Yoast SEO plugin. -->","yoast_head_json":{"title":"CR-2 AF - Simovision - Professional","robots":{"index":"index","follow":"follow","max-snippet":"max-snippet:-1","max-image-preview":"max-image-preview:large","max-video-preview":"max-video-preview:-1"},"canonical":"https:\/\/simovision.be\/professional\/fr\/produit\/cr-2-af\/","og_locale":"fr_FR","og_type":"article","og_title":"CR-2 AF - Simovision - Professional","og_description":"R\u00e9tinographe num\u00e9rique non mydriatique Le CR-2 AF est un r\u00e9tinographe non mydriatique muni de fonctions automatiques \u00e9tendues.  La cam\u00e9ra peut effectuer de mani\u00e8re enti\u00e8rement automatique les actions suivantes:   mise au point rapide et pr\u00e9cise  commutation entre la vue ant\u00e9rieure et la vue r\u00e9tinienne  et prise de vue.  Elle dispose aussi d\u2019un syst\u00e8me d\u2019\u00e9clairage photom\u00e9trique automatique unique qui ajuste automatiquement l\u2019intensit\u00e9 du flash et de la lampe d\u2019observation pendant chaque examen en fonction des mesures en temps r\u00e9el de la r\u00e9flectance r\u00e9tinienne. Cela garantit d\u2019avoir des images parfaites en une seule prise, quelle que soit la taille de la pupille ou l\u2019origine ethnique.  Le CR-2AF dispose d\u2019un mode manuel offrant un contr\u00f4le total, ce qui est particuli\u00e8rement utile pour des patients:   avec des opacit\u00e9s oculaires  souffrant de mouvements oculaires involontaires  peu coop\u00e9ratifs  avec de petites pupilles","og_url":"https:\/\/simovision.be\/professional\/fr\/produit\/cr-2-af\/","og_site_name":"Simovision - Professional","article_modified_time":"2025-09-22T10:11:30+00:00","og_image":[{"width":1000,"height":666,"url":"https:\/\/simovision.be\/professional\/wp-content\/uploads\/sites\/2\/2025\/03\/CR-2AF.webp","type":"image\/webp"}],"twitter_card":"summary_large_image","twitter_misc":{"Dur\u00e9e de lecture estim\u00e9e":"6 minutes"},"schema":{"@context":"https:\/\/schema.org","@graph":[{"@type":"WebPage","@id":"https:\/\/simovision.be\/professional\/fr\/produit\/cr-2-af\/","url":"https:\/\/simovision.be\/professional\/fr\/produit\/cr-2-af\/","name":"CR-2 AF - Simovision - Professional","isPartOf":{"@id":"https:\/\/simovision.be\/professional\/fr\/#website"},"primaryImageOfPage":{"@id":"https:\/\/simovision.be\/professional\/fr\/produit\/cr-2-af\/#primaryimage"},"image":{"@id":"https:\/\/simovision.be\/professional\/fr\/produit\/cr-2-af\/#primaryimage"},"thumbnailUrl":"https:\/\/simovision.be\/professional\/wp-content\/uploads\/sites\/2\/2025\/03\/CR-2AF.webp","datePublished":"2025-03-12T07:24:44+00:00","dateModified":"2025-09-22T10:11:30+00:00","breadcrumb":{"@id":"https:\/\/simovision.be\/professional\/fr\/produit\/cr-2-af\/#breadcrumb"},"inLanguage":"fr-FR","potentialAction":[{"@type":"ReadAction","target":["https:\/\/simovision.be\/professional\/fr\/produit\/cr-2-af\/"]}]},{"@type":"ImageObject","inLanguage":"fr-FR","@id":"https:\/\/simovision.be\/professional\/fr\/produit\/cr-2-af\/#primaryimage","url":"https:\/\/simovision.be\/professional\/wp-content\/uploads\/sites\/2\/2025\/03\/CR-2AF.webp","contentUrl":"https:\/\/simovision.be\/professional\/wp-content\/uploads\/sites\/2\/2025\/03\/CR-2AF.webp","width":1000,"height":666},{"@type":"BreadcrumbList","@id":"https:\/\/simovision.be\/professional\/fr\/produit\/cr-2-af\/#breadcrumb","itemListElement":[{"@type":"ListItem","position":1,"name":"Home","item":"https:\/\/simovision.be\/professional\/fr\/"},{"@type":"ListItem","position":2,"name":"Boutique","item":"https:\/\/simovision.be\/professional\/winkel\/"},{"@type":"ListItem","position":3,"name":"CR-2 AF"}]},{"@type":"WebSite","@id":"https:\/\/simovision.be\/professional\/fr\/#website","url":"https:\/\/simovision.be\/professional\/fr\/","name":"Simovision - Professional","description":"","publisher":{"@id":"https:\/\/simovision.be\/professional\/fr\/#organization"},"potentialAction":[{"@type":"SearchAction","target":{"@type":"EntryPoint","urlTemplate":"https:\/\/simovision.be\/professional\/fr\/?s={search_term_string}"},"query-input":{"@type":"PropertyValueSpecification","valueRequired":true,"valueName":"search_term_string"}}],"inLanguage":"fr-FR"},{"@type":"Organization","@id":"https:\/\/simovision.be\/professional\/fr\/#organization","name":"Simovision","url":"https:\/\/simovision.be\/professional\/fr\/","logo":{"@type":"ImageObject","inLanguage":"fr-FR","@id":"https:\/\/simovision.be\/professional\/fr\/#\/schema\/logo\/image\/","url":"https:\/\/simovision.be\/professional\/wp-content\/uploads\/sites\/2\/2025\/06\/Logo_Simovision_Hilco_Vision_Pantone_7700C-kopie.webp","contentUrl":"https:\/\/simovision.be\/professional\/wp-content\/uploads\/sites\/2\/2025\/06\/Logo_Simovision_Hilco_Vision_Pantone_7700C-kopie.webp","width":2000,"height":1021,"caption":"Simovision"},"image":{"@id":"https:\/\/simovision.be\/professional\/fr\/#\/schema\/logo\/image\/"},"sameAs":["https:\/\/www.linkedin.com\/company\/simovision"]}]}},"_links":{"self":[{"href":"https:\/\/simovision.be\/professional\/fr\/wp-json\/wp\/v2\/product\/3004","targetHints":{"allow":["GET"]}}],"collection":[{"href":"https:\/\/simovision.be\/professional\/fr\/wp-json\/wp\/v2\/product"}],"about":[{"href":"https:\/\/simovision.be\/professional\/fr\/wp-json\/wp\/v2\/types\/product"}],"wp:featuredmedia":[{"embeddable":true,"href":"https:\/\/simovision.be\/professional\/fr\/wp-json\/wp\/v2\/media\/3683"}],"wp:attachment":[{"href":"https:\/\/simovision.be\/professional\/fr\/wp-json\/wp\/v2\/media?parent=3004"}],"wp:term":[{"taxonomy":"product_brand","embeddable":true,"href":"https:\/\/simovision.be\/professional\/fr\/wp-json\/wp\/v2\/product_brand?post=3004"},{"taxonomy":"product_cat","embeddable":true,"href":"https:\/\/simovision.be\/professional\/fr\/wp-json\/wp\/v2\/product_cat?post=3004"},{"taxonomy":"product_tag","embeddable":true,"href":"https:\/\/simovision.be\/professional\/fr\/wp-json\/wp\/v2\/product_tag?post=3004"}],"curies":[{"name":"wp","href":"https:\/\/api.w.org\/{rel}","templated":true}]}}