{"id":3003,"date":"2025-03-13T09:22:44","date_gmt":"2025-03-13T08:22:44","guid":{"rendered":"https:\/\/simovision.be\/professional\/product\/cr-10\/"},"modified":"2025-09-22T12:11:28","modified_gmt":"2025-09-22T10:11:28","slug":"cr-10","status":"publish","type":"product","link":"https:\/\/simovision.be\/professional\/fr\/produit\/cr-10\/","title":{"rendered":"CR-10"},"content":{"rendered":"<h3><strong>Alignement automatique et Eye Tracker<\/strong><\/h3>\n<p>La technologie avanc\u00e9e du CR-10 Canon garantit la <strong>d\u00e9tection automatique<\/strong> et le suivi de l\u2019\u0153il avec une pr\u00e9cision in\u00e9gal\u00e9e et une vitesse in\u00e9gal\u00e9e. L\u2019appareil permet une mise au point efficace et facile, m\u00eame sur des <strong>pupilles de petite taille<\/strong>.<\/p>\n<h3><strong>Faible encombrement et agencement flexible<\/strong><\/h3>\n<p>Avec son <strong>design compact<\/strong> qui lui permet de se loger facilement dans un coin ou contre un mur, le CR-10 est la solution id\u00e9ale pour tous les espaces. Son faible encombrement garantit une <strong>utilisation efficace de l\u2019espace<\/strong> sans avoir \u00e0 faire de compromis sur les fonctionnalit\u00e9s.<\/p>\n<p>Une flexibilit\u00e9 d\u2019agencement, assurant, \u00e0 tous les utilisateurs, d\u2019avoir \u00e0 la fois une ergonomie optimale et une <strong>utilisation conviviale<\/strong>.<\/p>\n<h3><strong>Mise au point automatique avec une technologie de \u00ab nouvelle g\u00e9n\u00e9ration \u00bb<\/strong><\/h3>\n<p>Notre technologie <strong>innovante de mise au point automatique<\/strong> incarne la nouvelle g\u00e9n\u00e9ration de dispositifs de mise au point.<\/p>\n<h3><strong>Contr\u00f4le \u00e0 une touche<\/strong><\/h3>\n<h4>Faire des examens avec le contr\u00f4le <strong>\u00e0 une touche<\/strong><\/h4>\n<p>Avec le CR-10, il vous suffit de toucher l\u2019\u00e9cran et l\u2019examen des deux yeux s\u2019effectue tr\u00e8s rapidement, de fa\u00e7on automatique.<\/p>\n<h4>Alignement <strong>automatique <\/strong>et Eye Tracker<\/h4>\n<p>La technologie avanc\u00e9e de Canon permet au CR-10 de trouver et de maintenir automatiquement la bonne position centrale pour des observations pr\u00e9cises.<\/p>\n<h4>Exposition photom\u00e9trique automatique<\/h4>\n<p><span style=\"font-size: 16px\">Faites l\u2019exp\u00e9rience de conditions d\u2019observation optimales avec la <strong>fonction unique d\u2019Exposition Photom\u00e9trique Automatique<\/strong>. Celle-ci ajuste intelligemment l\u2019intensit\u00e9 de la lumi\u00e8re d\u2019observation et du flash en temps r\u00e9el, en fonction de la lumi\u00e8re r\u00e9fl\u00e9chie par la r\u00e9tine. Vous obtenez toujours ainsi une exposition parfaite, quelle que soit l\u2019origine ethnique ou la taille de la pupille, avec \u00e0 la cl\u00e9 des r\u00e9sultats d\u2019imagerie toujours coh\u00e9rents et pr\u00e9cis. <\/span><\/p>\n<h3><strong>Guidage audio<\/strong><\/h3>\n<p>Le CR-10 dispose d\u2019une fonction de <strong>guidage audio<\/strong> pour <strong>aider <\/strong>le <strong>patient <\/strong>tout au long de l\u2019examen, depuis le premier alignement jusqu\u2019\u00e0 la capture de l\u2019image r\u00e9tinienne. Cette fonction de guidage, disponible en option, garantit le <strong>bon d\u00e9roulement des op\u00e9rations<\/strong> et permet \u00e0 la fois au patient et \u00e0 l\u2019op\u00e9rateur d\u2019accomplir les diff\u00e9rentes \u00e9tapes de la proc\u00e9dure sans effort. De plus, l\u2019appareil est multilingue, ce qui <strong>facilite la communication <\/strong>et son utilisation aupr\u00e8s de patients de diff\u00e9rentes origines linguistiques. Cette polyvalence fait du CR-10 un choix id\u00e9al pour divers environnements de soins ophtalmologiques.<\/p>\n<h3><strong>Excellente ergonomie<\/strong><\/h3>\n<p>Le CR-10 a \u00e9t\u00e9 con\u00e7u avec l\u2019id\u00e9e d\u2019offrir une ergonomie optimale. L\u2019appui-front, inclin\u00e9 de cinq degr\u00e9s, permet au patient de reposer son front plus confortablement sur le support. Cela diminue l\u2019inconfort et am\u00e9liore la coop\u00e9ration du patient pendant l\u2019examen, ce qui se traduit par une <strong>imagerie <\/strong><strong>r\u00e9tinienne <\/strong>plus <strong>efficace <\/strong>et plus r\u00e9ussie. Cette conception m\u00fbrement r\u00e9fl\u00e9chie du CR-10 n\u2019est que l\u2019une des nombreuses fa\u00e7ons pour Canon de donner la <strong>priorit\u00e9 <\/strong>au <strong>confort <\/strong>du patient.<\/p>\n<h3><strong>Connectivit\u00e9 simplifi\u00e9e<\/strong><\/h3>\n<p>Dites adieu aux installations compliqu\u00e9es et aux nombreux c\u00e2bles. Le CR-10 vous offre une <strong>exp\u00e9rience de connexion<\/strong> sans soucis. Le CR-10 se connecte, en effet, au PC <strong>avec seulement un <\/strong><strong>c\u00e2ble USB-C<\/strong>, ce qui simplifie, \u00e0 la fois, l\u2019installation et la configuration informatique requise.<\/p>\n","protected":false},"excerpt":{"rendered":"<p><img loading=\"lazy\" decoding=\"async\" class=\"alignnone size-full wp-image-4984\" src=\"https:\/\/simovision.be\/professional\/wp-content\/uploads\/sites\/2\/2025\/06\/Logo_canon_tease.png\" alt=\"\" width=\"319\" height=\"40\" srcset=\"https:\/\/simovision.be\/professional\/wp-content\/uploads\/sites\/2\/2025\/06\/Logo_canon_tease.png 319w, https:\/\/simovision.be\/professional\/wp-content\/uploads\/sites\/2\/2025\/06\/Logo_canon_tease-64x8.png 64w, https:\/\/simovision.be\/professional\/wp-content\/uploads\/sites\/2\/2025\/06\/Logo_canon_tease-300x38.png 300w\" sizes=\"auto, (max-width: 319px) 100vw, 319px\" \/><\/p>\n<h3><strong>Cam\u00e9ra fond d\u2019\u0153il non mydriatique enti\u00e8rement automatis\u00e9<\/strong><\/h3>\n<h4>Acquisition d\u2019une image de la r\u00e9tine en un seul clic<\/h4>\n<p>Pr\u00e9parez-vous \u00e0 passer au niveau sup\u00e9rieur de l\u2019imagerie r\u00e9tinienne avec notre <b>cam\u00e9ra de fond d\u2019\u0153il non mydriatique enti\u00e8rement automatis\u00e9e<\/b>. \u00c9quip\u00e9e d\u2019une technologie d\u2019imagerie de haute r\u00e9solution Canon EOS retina sp\u00e9cifiquement con\u00e7ue pour la photographie en ophtalmologie ainsi que d\u2019un syst\u00e8me d\u2019acquisition d\u2019images rapide et efficace, la CR-10 est la solution id\u00e9ale pour les ophtalmologues.<\/p>\n","protected":false},"featured_media":2224,"template":"","meta":{"_acf_changed":false,"content-type":"","site-sidebar-layout":"default","site-content-layout":"","ast-site-content-layout":"default","site-content-style":"default","site-sidebar-style":"default","ast-global-header-display":"","ast-banner-title-visibility":"","ast-main-header-display":"","ast-hfb-above-header-display":"","ast-hfb-below-header-display":"","ast-hfb-mobile-header-display":"","site-post-title":"","ast-breadcrumbs-content":"","ast-featured-img":"","footer-sml-layout":"","theme-transparent-header-meta":"default","adv-header-id-meta":"","stick-header-meta":"default","header-above-stick-meta":"","header-main-stick-meta":"","header-below-stick-meta":"","astra-migrate-meta-layouts":"set","ast-page-background-enabled":"default","ast-page-background-meta":{"desktop":{"background-color":"var(--ast-global-color-4)","background-image":"","background-repeat":"repeat","background-position":"center center","background-size":"auto","background-attachment":"scroll","background-type":"","background-media":"","overlay-type":"","overlay-color":"","overlay-opacity":"","overlay-gradient":""},"tablet":{"background-color":"","background-image":"","background-repeat":"repeat","background-position":"center center","background-size":"auto","background-attachment":"scroll","background-type":"","background-media":"","overlay-type":"","overlay-color":"","overlay-opacity":"","overlay-gradient":""},"mobile":{"background-color":"","background-image":"","background-repeat":"repeat","background-position":"center center","background-size":"auto","background-attachment":"scroll","background-type":"","background-media":"","overlay-type":"","overlay-color":"","overlay-opacity":"","overlay-gradient":""}},"ast-content-background-meta":{"desktop":{"background-color":"var(--ast-global-color-5)","background-image":"","background-repeat":"repeat","background-position":"center center","background-size":"auto","background-attachment":"scroll","background-type":"","background-media":"","overlay-type":"","overlay-color":"","overlay-opacity":"","overlay-gradient":""},"tablet":{"background-color":"var(--ast-global-color-5)","background-image":"","background-repeat":"repeat","background-position":"center center","background-size":"auto","background-attachment":"scroll","background-type":"","background-media":"","overlay-type":"","overlay-color":"","overlay-opacity":"","overlay-gradient":""},"mobile":{"background-color":"var(--ast-global-color-5)","background-image":"","background-repeat":"repeat","background-position":"center center","background-size":"auto","background-attachment":"scroll","background-type":"","background-media":"","overlay-type":"","overlay-color":"","overlay-opacity":"","overlay-gradient":""}}},"product_brand":[],"product_cat":[123],"product_tag":[],"class_list":{"0":"post-3003","1":"product","2":"type-product","3":"status-publish","4":"has-post-thumbnail","6":"product_cat-retinographes","7":"desktop-align-left","8":"tablet-align-left","9":"mobile-align-left","10":"ast-product-gallery-layout-first-image-large","11":"ast-product-tabs-layout-horizontal","13":"first","14":"instock","15":"shipping-taxable","16":"product-type-simple"},"acf":[],"yoast_head":"<!-- This site is optimized with the Yoast SEO plugin v26.3 - https:\/\/yoast.com\/wordpress\/plugins\/seo\/ -->\n<title>CR-10 - Simovision - Professional<\/title>\n<meta name=\"robots\" content=\"index, follow, max-snippet:-1, max-image-preview:large, max-video-preview:-1\" \/>\n<link rel=\"canonical\" href=\"https:\/\/simovision.be\/professional\/fr\/produit\/cr-10\/\" \/>\n<meta property=\"og:locale\" content=\"fr_FR\" \/>\n<meta property=\"og:type\" content=\"article\" \/>\n<meta property=\"og:title\" content=\"CR-10 - Simovision - Professional\" \/>\n<meta property=\"og:description\" content=\"Cam\u00e9ra fond d\u2019\u0153il non mydriatique enti\u00e8rement automatis\u00e9 Acquisition d\u2019une image de la r\u00e9tine en un seul clic Pr\u00e9parez-vous \u00e0 passer au niveau sup\u00e9rieur de l\u2019imagerie r\u00e9tinienne avec notre cam\u00e9ra de fond d\u2019\u0153il non mydriatique enti\u00e8rement automatis\u00e9e. \u00c9quip\u00e9e d\u2019une technologie d\u2019imagerie de haute r\u00e9solution Canon EOS retina sp\u00e9cifiquement con\u00e7ue pour la photographie en ophtalmologie ainsi que d\u2019un syst\u00e8me d\u2019acquisition d\u2019images rapide et efficace, la CR-10 est la solution id\u00e9ale pour les ophtalmologues.\" \/>\n<meta property=\"og:url\" content=\"https:\/\/simovision.be\/professional\/fr\/produit\/cr-10\/\" \/>\n<meta property=\"og:site_name\" content=\"Simovision - Professional\" \/>\n<meta property=\"article:modified_time\" content=\"2025-09-22T10:11:28+00:00\" \/>\n<meta property=\"og:image\" content=\"https:\/\/simovision.be\/professional\/wp-content\/uploads\/sites\/2\/2025\/03\/00.-02_CR-10-scaled.png\" \/>\n\t<meta property=\"og:image:width\" content=\"2560\" \/>\n\t<meta property=\"og:image:height\" content=\"1706\" \/>\n\t<meta property=\"og:image:type\" content=\"image\/png\" \/>\n<meta name=\"twitter:card\" content=\"summary_large_image\" \/>\n<meta name=\"twitter:label1\" content=\"Dur\u00e9e de lecture estim\u00e9e\" \/>\n\t<meta name=\"twitter:data1\" content=\"3 minutes\" \/>\n<script type=\"application\/ld+json\" class=\"yoast-schema-graph\">{\"@context\":\"https:\/\/schema.org\",\"@graph\":[{\"@type\":\"WebPage\",\"@id\":\"https:\/\/simovision.be\/professional\/fr\/produit\/cr-10\/\",\"url\":\"https:\/\/simovision.be\/professional\/fr\/produit\/cr-10\/\",\"name\":\"CR-10 - Simovision - Professional\",\"isPartOf\":{\"@id\":\"https:\/\/simovision.be\/professional\/fr\/#website\"},\"primaryImageOfPage\":{\"@id\":\"https:\/\/simovision.be\/professional\/fr\/produit\/cr-10\/#primaryimage\"},\"image\":{\"@id\":\"https:\/\/simovision.be\/professional\/fr\/produit\/cr-10\/#primaryimage\"},\"thumbnailUrl\":\"https:\/\/simovision.be\/professional\/wp-content\/uploads\/sites\/2\/2025\/03\/00.-02_CR-10-scaled.png\",\"datePublished\":\"2025-03-13T08:22:44+00:00\",\"dateModified\":\"2025-09-22T10:11:28+00:00\",\"breadcrumb\":{\"@id\":\"https:\/\/simovision.be\/professional\/fr\/produit\/cr-10\/#breadcrumb\"},\"inLanguage\":\"fr-FR\",\"potentialAction\":[{\"@type\":\"ReadAction\",\"target\":[\"https:\/\/simovision.be\/professional\/fr\/produit\/cr-10\/\"]}]},{\"@type\":\"ImageObject\",\"inLanguage\":\"fr-FR\",\"@id\":\"https:\/\/simovision.be\/professional\/fr\/produit\/cr-10\/#primaryimage\",\"url\":\"https:\/\/simovision.be\/professional\/wp-content\/uploads\/sites\/2\/2025\/03\/00.-02_CR-10-scaled.png\",\"contentUrl\":\"https:\/\/simovision.be\/professional\/wp-content\/uploads\/sites\/2\/2025\/03\/00.-02_CR-10-scaled.png\",\"width\":2560,\"height\":1706},{\"@type\":\"BreadcrumbList\",\"@id\":\"https:\/\/simovision.be\/professional\/fr\/produit\/cr-10\/#breadcrumb\",\"itemListElement\":[{\"@type\":\"ListItem\",\"position\":1,\"name\":\"Home\",\"item\":\"https:\/\/simovision.be\/professional\/fr\/\"},{\"@type\":\"ListItem\",\"position\":2,\"name\":\"Boutique\",\"item\":\"https:\/\/simovision.be\/professional\/winkel\/\"},{\"@type\":\"ListItem\",\"position\":3,\"name\":\"CR-10\"}]},{\"@type\":\"WebSite\",\"@id\":\"https:\/\/simovision.be\/professional\/fr\/#website\",\"url\":\"https:\/\/simovision.be\/professional\/fr\/\",\"name\":\"Simovision - Professional\",\"description\":\"\",\"publisher\":{\"@id\":\"https:\/\/simovision.be\/professional\/fr\/#organization\"},\"potentialAction\":[{\"@type\":\"SearchAction\",\"target\":{\"@type\":\"EntryPoint\",\"urlTemplate\":\"https:\/\/simovision.be\/professional\/fr\/?s={search_term_string}\"},\"query-input\":{\"@type\":\"PropertyValueSpecification\",\"valueRequired\":true,\"valueName\":\"search_term_string\"}}],\"inLanguage\":\"fr-FR\"},{\"@type\":\"Organization\",\"@id\":\"https:\/\/simovision.be\/professional\/fr\/#organization\",\"name\":\"Simovision\",\"url\":\"https:\/\/simovision.be\/professional\/fr\/\",\"logo\":{\"@type\":\"ImageObject\",\"inLanguage\":\"fr-FR\",\"@id\":\"https:\/\/simovision.be\/professional\/fr\/#\/schema\/logo\/image\/\",\"url\":\"https:\/\/simovision.be\/professional\/wp-content\/uploads\/sites\/2\/2025\/06\/Logo_Simovision_Hilco_Vision_Pantone_7700C-kopie.webp\",\"contentUrl\":\"https:\/\/simovision.be\/professional\/wp-content\/uploads\/sites\/2\/2025\/06\/Logo_Simovision_Hilco_Vision_Pantone_7700C-kopie.webp\",\"width\":2000,\"height\":1021,\"caption\":\"Simovision\"},\"image\":{\"@id\":\"https:\/\/simovision.be\/professional\/fr\/#\/schema\/logo\/image\/\"},\"sameAs\":[\"https:\/\/www.linkedin.com\/company\/simovision\"]}]}<\/script>\n<!-- \/ Yoast SEO plugin. -->","yoast_head_json":{"title":"CR-10 - Simovision - Professional","robots":{"index":"index","follow":"follow","max-snippet":"max-snippet:-1","max-image-preview":"max-image-preview:large","max-video-preview":"max-video-preview:-1"},"canonical":"https:\/\/simovision.be\/professional\/fr\/produit\/cr-10\/","og_locale":"fr_FR","og_type":"article","og_title":"CR-10 - Simovision - Professional","og_description":"Cam\u00e9ra fond d\u2019\u0153il non mydriatique enti\u00e8rement automatis\u00e9 Acquisition d\u2019une image de la r\u00e9tine en un seul clic Pr\u00e9parez-vous \u00e0 passer au niveau sup\u00e9rieur de l\u2019imagerie r\u00e9tinienne avec notre cam\u00e9ra de fond d\u2019\u0153il non mydriatique enti\u00e8rement automatis\u00e9e. \u00c9quip\u00e9e d\u2019une technologie d\u2019imagerie de haute r\u00e9solution Canon EOS retina sp\u00e9cifiquement con\u00e7ue pour la photographie en ophtalmologie ainsi que d\u2019un syst\u00e8me d\u2019acquisition d\u2019images rapide et efficace, la CR-10 est la solution id\u00e9ale pour les ophtalmologues.","og_url":"https:\/\/simovision.be\/professional\/fr\/produit\/cr-10\/","og_site_name":"Simovision - Professional","article_modified_time":"2025-09-22T10:11:28+00:00","og_image":[{"width":2560,"height":1706,"url":"https:\/\/simovision.be\/professional\/wp-content\/uploads\/sites\/2\/2025\/03\/00.-02_CR-10-scaled.png","type":"image\/png"}],"twitter_card":"summary_large_image","twitter_misc":{"Dur\u00e9e de lecture estim\u00e9e":"3 minutes"},"schema":{"@context":"https:\/\/schema.org","@graph":[{"@type":"WebPage","@id":"https:\/\/simovision.be\/professional\/fr\/produit\/cr-10\/","url":"https:\/\/simovision.be\/professional\/fr\/produit\/cr-10\/","name":"CR-10 - Simovision - Professional","isPartOf":{"@id":"https:\/\/simovision.be\/professional\/fr\/#website"},"primaryImageOfPage":{"@id":"https:\/\/simovision.be\/professional\/fr\/produit\/cr-10\/#primaryimage"},"image":{"@id":"https:\/\/simovision.be\/professional\/fr\/produit\/cr-10\/#primaryimage"},"thumbnailUrl":"https:\/\/simovision.be\/professional\/wp-content\/uploads\/sites\/2\/2025\/03\/00.-02_CR-10-scaled.png","datePublished":"2025-03-13T08:22:44+00:00","dateModified":"2025-09-22T10:11:28+00:00","breadcrumb":{"@id":"https:\/\/simovision.be\/professional\/fr\/produit\/cr-10\/#breadcrumb"},"inLanguage":"fr-FR","potentialAction":[{"@type":"ReadAction","target":["https:\/\/simovision.be\/professional\/fr\/produit\/cr-10\/"]}]},{"@type":"ImageObject","inLanguage":"fr-FR","@id":"https:\/\/simovision.be\/professional\/fr\/produit\/cr-10\/#primaryimage","url":"https:\/\/simovision.be\/professional\/wp-content\/uploads\/sites\/2\/2025\/03\/00.-02_CR-10-scaled.png","contentUrl":"https:\/\/simovision.be\/professional\/wp-content\/uploads\/sites\/2\/2025\/03\/00.-02_CR-10-scaled.png","width":2560,"height":1706},{"@type":"BreadcrumbList","@id":"https:\/\/simovision.be\/professional\/fr\/produit\/cr-10\/#breadcrumb","itemListElement":[{"@type":"ListItem","position":1,"name":"Home","item":"https:\/\/simovision.be\/professional\/fr\/"},{"@type":"ListItem","position":2,"name":"Boutique","item":"https:\/\/simovision.be\/professional\/winkel\/"},{"@type":"ListItem","position":3,"name":"CR-10"}]},{"@type":"WebSite","@id":"https:\/\/simovision.be\/professional\/fr\/#website","url":"https:\/\/simovision.be\/professional\/fr\/","name":"Simovision - Professional","description":"","publisher":{"@id":"https:\/\/simovision.be\/professional\/fr\/#organization"},"potentialAction":[{"@type":"SearchAction","target":{"@type":"EntryPoint","urlTemplate":"https:\/\/simovision.be\/professional\/fr\/?s={search_term_string}"},"query-input":{"@type":"PropertyValueSpecification","valueRequired":true,"valueName":"search_term_string"}}],"inLanguage":"fr-FR"},{"@type":"Organization","@id":"https:\/\/simovision.be\/professional\/fr\/#organization","name":"Simovision","url":"https:\/\/simovision.be\/professional\/fr\/","logo":{"@type":"ImageObject","inLanguage":"fr-FR","@id":"https:\/\/simovision.be\/professional\/fr\/#\/schema\/logo\/image\/","url":"https:\/\/simovision.be\/professional\/wp-content\/uploads\/sites\/2\/2025\/06\/Logo_Simovision_Hilco_Vision_Pantone_7700C-kopie.webp","contentUrl":"https:\/\/simovision.be\/professional\/wp-content\/uploads\/sites\/2\/2025\/06\/Logo_Simovision_Hilco_Vision_Pantone_7700C-kopie.webp","width":2000,"height":1021,"caption":"Simovision"},"image":{"@id":"https:\/\/simovision.be\/professional\/fr\/#\/schema\/logo\/image\/"},"sameAs":["https:\/\/www.linkedin.com\/company\/simovision"]}]}},"_links":{"self":[{"href":"https:\/\/simovision.be\/professional\/fr\/wp-json\/wp\/v2\/product\/3003","targetHints":{"allow":["GET"]}}],"collection":[{"href":"https:\/\/simovision.be\/professional\/fr\/wp-json\/wp\/v2\/product"}],"about":[{"href":"https:\/\/simovision.be\/professional\/fr\/wp-json\/wp\/v2\/types\/product"}],"wp:featuredmedia":[{"embeddable":true,"href":"https:\/\/simovision.be\/professional\/fr\/wp-json\/wp\/v2\/media\/2224"}],"wp:attachment":[{"href":"https:\/\/simovision.be\/professional\/fr\/wp-json\/wp\/v2\/media?parent=3003"}],"wp:term":[{"taxonomy":"product_brand","embeddable":true,"href":"https:\/\/simovision.be\/professional\/fr\/wp-json\/wp\/v2\/product_brand?post=3003"},{"taxonomy":"product_cat","embeddable":true,"href":"https:\/\/simovision.be\/professional\/fr\/wp-json\/wp\/v2\/product_cat?post=3003"},{"taxonomy":"product_tag","embeddable":true,"href":"https:\/\/simovision.be\/professional\/fr\/wp-json\/wp\/v2\/product_tag?post=3003"}],"curies":[{"name":"wp","href":"https:\/\/api.w.org\/{rel}","templated":true}]}}