{"id":3002,"date":"2025-03-13T09:46:37","date_gmt":"2025-03-13T08:46:37","guid":{"rendered":"https:\/\/simovision.be\/professional\/product\/xephilio-oct-a1\/"},"modified":"2025-09-22T12:11:24","modified_gmt":"2025-09-22T10:11:24","slug":"xephilio-oct-a1","status":"publish","type":"product","link":"https:\/\/simovision.be\/professional\/fr\/produit\/xephilio-oct-a1\/","title":{"rendered":"Xephilio OCT-A1"},"content":{"rendered":"<h3><strong>Imagerie haute r\u00e9solution, profondeur de balayage optimis\u00e9e, large couverture<\/strong><\/h3>\n<p>Le Xephilio OCT-A1 offre une visualisation d\u00e9taill\u00e9e non seulement des couches r\u00e9tiniennes, mais \u00e9galement de la structure du vitr\u00e9, avec un moyennage pouvant atteindre jusqu&rsquo;\u00e0 200 scans.<\/p>\n<p>Pour une qualit\u00e9 d&rsquo;image optimale, le syst\u00e8me propose des modes d&rsquo;acquisition sp\u00e9cifiques pour le vitr\u00e9 et la choro\u00efde.<\/p>\n<h4>Imagerie SLO pour une pr\u00e9cision renforc\u00e9e de l\u2019Eye-tracker<\/h4>\n<p>Gr\u00e2ce \u00e0 la cam\u00e9ra SLO int\u00e9gr\u00e9e au Xephilio OCT-A1, la d\u00e9tection des l\u00e9sions est facilit\u00e9e. Le syst\u00e8me permet un suivi pr\u00e9cis en repositionnant automatiquement le scan \u00e0 l&rsquo;endroit utilis\u00e9 lors de l&rsquo;examen pr\u00e9c\u00e9dent, que ce soit au niveau de la zone maculaire ou du nerf optique.<\/p>\n<h4>Acquisition simplifi\u00e9e et automatis\u00e9e<\/h4>\n<p>La prise de mesures automatis\u00e9e est facilement d\u00e9l\u00e9gu\u00e9e. Pour les patients moins coop\u00e9ratifs, la fonction de re-balayage automatique corrige les artefacts.<\/p>\n<p>En plus des protocoles par d\u00e9faut, le Xephilio OCT-A1 permet de cr\u00e9er des protocoles personnalis\u00e9s adapt\u00e9s \u00e0 vos besoins, afin d&rsquo;am\u00e9liorer l&rsquo;efficacit\u00e9.<\/p>\n<h4>Visualisation de la microvascularisation r\u00e9tinienne gr\u00e2ce \u00e0 l\u2019OCT-angiographie (OCT-A)<\/h4>\n<p>L\u2019OCT-angiographie est une technique avanc\u00e9e qui d\u00e9tecte le flux des globules rouges, permettant une visualisation pr\u00e9cise des petits vaisseaux sanguins.<\/p>\n<p>La technologie <strong>Intelligent Denoise<\/strong> de Canon, bas\u00e9e sur l\u2019apprentissage intelligent, <strong>\u00e9limine<\/strong> le <strong>bruit des images num\u00e9riques<\/strong> tout en conservant les d\u00e9tails, <strong>am\u00e9liorant<\/strong> ainsi la <strong>visibilit\u00e9<\/strong> en quelques secondes seulement.<\/p>\n<h4>Outils d\u2019analyse et de g\u00e9n\u00e9ration de rapports<\/h4>\n<p>Le logiciel <strong>Angio Expert<\/strong> de Canon Medical offre une large gamme d&rsquo;outils d\u2019analyse, aussi bien manuels qu\u2019automatis\u00e9s, tels que la mesure de la densit\u00e9 vasculaire, la surface de la ZAF, et l\u2019identification des zones de non-perfusion.<\/p>\n<h4>Imagerie panoramique<\/h4>\n<p>La fonctionnalit\u00e9 mosa\u00efque OCTA, disponible en option, permet d&rsquo;\u00e9tendre la couverture du champ visuel jusqu&rsquo;\u00e0 17,5 mm.<\/p>\n<h3><strong>Analyse du segment ant\u00e9rieur<\/strong><\/h3>\n<p>Gr\u00e2ce \u00e0 une <strong>r\u00e9solution axiale<\/strong> de 3 \u00b5m, le module d\u00e9di\u00e9 au segment ant\u00e9rieur permet de <strong>r\u00e9v\u00e9ler<\/strong> les <strong>d\u00e9tails<\/strong> les plus subtils.<\/p>\n","protected":false},"excerpt":{"rendered":"<p><img loading=\"lazy\" decoding=\"async\" src=\"https:\/\/simovision.be\/professional\/wp-content\/uploads\/sites\/2\/2025\/06\/Logo_canon_tease.png\" alt=\"\" width=\"319\" height=\"40\" class=\"alignnone size-full wp-image-4984\" srcset=\"https:\/\/simovision.be\/professional\/wp-content\/uploads\/sites\/2\/2025\/06\/Logo_canon_tease.png 319w, https:\/\/simovision.be\/professional\/wp-content\/uploads\/sites\/2\/2025\/06\/Logo_canon_tease-64x8.png 64w, https:\/\/simovision.be\/professional\/wp-content\/uploads\/sites\/2\/2025\/06\/Logo_canon_tease-300x38.png 300w\" sizes=\"auto, (max-width: 319px) 100vw, 319px\" \/><\/p>\n<h3><strong>OCT Spectral Domain haute r\u00e9solution<\/strong><\/h3>\n<ul>\n<li>R\u00e9solution axiale (num\u00e9rique\/optique): 1.6 \u00b5m\/3 \u00b5m<\/li>\n<li><strong>Acquisition automatis\u00e9e<\/strong><\/li>\n<li>Eye-tracker SLO avec fonction Follow-up<\/li>\n<li>Intelligent Denoise (Suppression du bruit par Deep Learning)<\/li>\n<li>Imagerie OCTA panoramique jusqu\u2019\u00e0 17.5 mm<\/li>\n<li>Mapping \u00e9pith\u00e9lial<\/li>\n<li>Solution RX Serveur<\/li>\n<\/ul>\n<p>Con\u00e7u pour allier confort et efficacit\u00e9, le mod\u00e8le Xephilio OCT-A1 propose une r\u00e9solution num\u00e9rique de 3 microns, ainsi qu&rsquo;une <strong>vitesse de balayage rapide<\/strong>, permettant de <strong>r\u00e9duire<\/strong> la <strong>dur\u00e9e<\/strong> des <strong>examens<\/strong> et d&rsquo;am\u00e9liorer le bien-\u00eatre des patients.<\/p>\n<ul>\n<li>70 000 A-scans\/s<\/li>\n<li>Tomographie r\u00e9alis\u00e9e en moins de 2 secondes<\/li>\n<li>R\u00e9solution num\u00e9rique de 1,6 \u00b5m et r\u00e9solution axiale de 3 \u00b5m<\/li>\n<\/ul>\n","protected":false},"featured_media":3694,"template":"","meta":{"_acf_changed":false,"content-type":"","site-sidebar-layout":"default","site-content-layout":"","ast-site-content-layout":"default","site-content-style":"default","site-sidebar-style":"default","ast-global-header-display":"","ast-banner-title-visibility":"","ast-main-header-display":"","ast-hfb-above-header-display":"","ast-hfb-below-header-display":"","ast-hfb-mobile-header-display":"","site-post-title":"","ast-breadcrumbs-content":"","ast-featured-img":"","footer-sml-layout":"","theme-transparent-header-meta":"default","adv-header-id-meta":"","stick-header-meta":"default","header-above-stick-meta":"","header-main-stick-meta":"","header-below-stick-meta":"","astra-migrate-meta-layouts":"set","ast-page-background-enabled":"default","ast-page-background-meta":{"desktop":{"background-color":"var(--ast-global-color-4)","background-image":"","background-repeat":"repeat","background-position":"center center","background-size":"auto","background-attachment":"scroll","background-type":"","background-media":"","overlay-type":"","overlay-color":"","overlay-opacity":"","overlay-gradient":""},"tablet":{"background-color":"","background-image":"","background-repeat":"repeat","background-position":"center center","background-size":"auto","background-attachment":"scroll","background-type":"","background-media":"","overlay-type":"","overlay-color":"","overlay-opacity":"","overlay-gradient":""},"mobile":{"background-color":"","background-image":"","background-repeat":"repeat","background-position":"center center","background-size":"auto","background-attachment":"scroll","background-type":"","background-media":"","overlay-type":"","overlay-color":"","overlay-opacity":"","overlay-gradient":""}},"ast-content-background-meta":{"desktop":{"background-color":"var(--ast-global-color-5)","background-image":"","background-repeat":"repeat","background-position":"center center","background-size":"auto","background-attachment":"scroll","background-type":"","background-media":"","overlay-type":"","overlay-color":"","overlay-opacity":"","overlay-gradient":""},"tablet":{"background-color":"var(--ast-global-color-5)","background-image":"","background-repeat":"repeat","background-position":"center center","background-size":"auto","background-attachment":"scroll","background-type":"","background-media":"","overlay-type":"","overlay-color":"","overlay-opacity":"","overlay-gradient":""},"mobile":{"background-color":"var(--ast-global-color-5)","background-image":"","background-repeat":"repeat","background-position":"center center","background-size":"auto","background-attachment":"scroll","background-type":"","background-media":"","overlay-type":"","overlay-color":"","overlay-opacity":"","overlay-gradient":""}}},"product_brand":[],"product_cat":[138],"product_tag":[],"class_list":{"0":"post-3002","1":"product","2":"type-product","3":"status-publish","4":"has-post-thumbnail","6":"product_cat-oct-fr","7":"desktop-align-left","8":"tablet-align-left","9":"mobile-align-left","10":"ast-product-gallery-layout-first-image-large","11":"ast-product-tabs-layout-horizontal","13":"first","14":"instock","15":"shipping-taxable","16":"product-type-simple"},"acf":[],"yoast_head":"<!-- This site is optimized with the Yoast SEO plugin v26.3 - https:\/\/yoast.com\/wordpress\/plugins\/seo\/ -->\n<title>Xephilio OCT-A1 - Simovision - Professional<\/title>\n<meta name=\"robots\" content=\"index, follow, max-snippet:-1, max-image-preview:large, max-video-preview:-1\" \/>\n<link rel=\"canonical\" href=\"https:\/\/simovision.be\/professional\/fr\/produit\/xephilio-oct-a1\/\" \/>\n<meta property=\"og:locale\" content=\"fr_FR\" \/>\n<meta property=\"og:type\" content=\"article\" \/>\n<meta property=\"og:title\" content=\"Xephilio OCT-A1 - Simovision - Professional\" \/>\n<meta property=\"og:description\" content=\"OCT Spectral Domain haute r\u00e9solution   R\u00e9solution axiale (num\u00e9rique\/optique): 1.6 \u00b5m\/3 \u00b5m  Acquisition automatis\u00e9e  Eye-tracker SLO avec fonction Follow-up  Intelligent Denoise (Suppression du bruit par Deep Learning)  Imagerie OCTA panoramique jusqu\u2019\u00e0 17.5 mm  Mapping \u00e9pith\u00e9lial  Solution RX Serveur  Con\u00e7u pour allier confort et efficacit\u00e9, le mod\u00e8le Xephilio OCT-A1 propose une r\u00e9solution num\u00e9rique de 3 microns, ainsi qu&#039;une vitesse de balayage rapide, permettant de r\u00e9duire la dur\u00e9e des examens et d&#039;am\u00e9liorer le bien-\u00eatre des patients.   70 000 A-scans\/s  Tomographie r\u00e9alis\u00e9e en moins de 2 secondes  R\u00e9solution num\u00e9rique de 1,6 \u00b5m et r\u00e9solution axiale de 3 \u00b5m\" \/>\n<meta property=\"og:url\" content=\"https:\/\/simovision.be\/professional\/fr\/produit\/xephilio-oct-a1\/\" \/>\n<meta property=\"og:site_name\" content=\"Simovision - Professional\" \/>\n<meta property=\"article:modified_time\" content=\"2025-09-22T10:11:24+00:00\" \/>\n<meta property=\"og:image\" content=\"https:\/\/simovision.be\/professional\/wp-content\/uploads\/sites\/2\/2025\/03\/Xephilio-OCT-A1.webp\" \/>\n\t<meta property=\"og:image:width\" content=\"1000\" \/>\n\t<meta property=\"og:image:height\" content=\"666\" \/>\n\t<meta property=\"og:image:type\" content=\"image\/webp\" \/>\n<meta name=\"twitter:card\" content=\"summary_large_image\" \/>\n<meta name=\"twitter:label1\" content=\"Dur\u00e9e de lecture estim\u00e9e\" \/>\n\t<meta name=\"twitter:data1\" content=\"2 minutes\" \/>\n<script type=\"application\/ld+json\" class=\"yoast-schema-graph\">{\"@context\":\"https:\/\/schema.org\",\"@graph\":[{\"@type\":\"WebPage\",\"@id\":\"https:\/\/simovision.be\/professional\/fr\/produit\/xephilio-oct-a1\/\",\"url\":\"https:\/\/simovision.be\/professional\/fr\/produit\/xephilio-oct-a1\/\",\"name\":\"Xephilio OCT-A1 - Simovision - Professional\",\"isPartOf\":{\"@id\":\"https:\/\/simovision.be\/professional\/fr\/#website\"},\"primaryImageOfPage\":{\"@id\":\"https:\/\/simovision.be\/professional\/fr\/produit\/xephilio-oct-a1\/#primaryimage\"},\"image\":{\"@id\":\"https:\/\/simovision.be\/professional\/fr\/produit\/xephilio-oct-a1\/#primaryimage\"},\"thumbnailUrl\":\"https:\/\/simovision.be\/professional\/wp-content\/uploads\/sites\/2\/2025\/03\/Xephilio-OCT-A1.webp\",\"datePublished\":\"2025-03-13T08:46:37+00:00\",\"dateModified\":\"2025-09-22T10:11:24+00:00\",\"breadcrumb\":{\"@id\":\"https:\/\/simovision.be\/professional\/fr\/produit\/xephilio-oct-a1\/#breadcrumb\"},\"inLanguage\":\"fr-FR\",\"potentialAction\":[{\"@type\":\"ReadAction\",\"target\":[\"https:\/\/simovision.be\/professional\/fr\/produit\/xephilio-oct-a1\/\"]}]},{\"@type\":\"ImageObject\",\"inLanguage\":\"fr-FR\",\"@id\":\"https:\/\/simovision.be\/professional\/fr\/produit\/xephilio-oct-a1\/#primaryimage\",\"url\":\"https:\/\/simovision.be\/professional\/wp-content\/uploads\/sites\/2\/2025\/03\/Xephilio-OCT-A1.webp\",\"contentUrl\":\"https:\/\/simovision.be\/professional\/wp-content\/uploads\/sites\/2\/2025\/03\/Xephilio-OCT-A1.webp\",\"width\":1000,\"height\":666},{\"@type\":\"BreadcrumbList\",\"@id\":\"https:\/\/simovision.be\/professional\/fr\/produit\/xephilio-oct-a1\/#breadcrumb\",\"itemListElement\":[{\"@type\":\"ListItem\",\"position\":1,\"name\":\"Home\",\"item\":\"https:\/\/simovision.be\/professional\/fr\/\"},{\"@type\":\"ListItem\",\"position\":2,\"name\":\"Boutique\",\"item\":\"https:\/\/simovision.be\/professional\/winkel\/\"},{\"@type\":\"ListItem\",\"position\":3,\"name\":\"Xephilio OCT-A1\"}]},{\"@type\":\"WebSite\",\"@id\":\"https:\/\/simovision.be\/professional\/fr\/#website\",\"url\":\"https:\/\/simovision.be\/professional\/fr\/\",\"name\":\"Simovision - Professional\",\"description\":\"\",\"publisher\":{\"@id\":\"https:\/\/simovision.be\/professional\/fr\/#organization\"},\"potentialAction\":[{\"@type\":\"SearchAction\",\"target\":{\"@type\":\"EntryPoint\",\"urlTemplate\":\"https:\/\/simovision.be\/professional\/fr\/?s={search_term_string}\"},\"query-input\":{\"@type\":\"PropertyValueSpecification\",\"valueRequired\":true,\"valueName\":\"search_term_string\"}}],\"inLanguage\":\"fr-FR\"},{\"@type\":\"Organization\",\"@id\":\"https:\/\/simovision.be\/professional\/fr\/#organization\",\"name\":\"Simovision\",\"url\":\"https:\/\/simovision.be\/professional\/fr\/\",\"logo\":{\"@type\":\"ImageObject\",\"inLanguage\":\"fr-FR\",\"@id\":\"https:\/\/simovision.be\/professional\/fr\/#\/schema\/logo\/image\/\",\"url\":\"https:\/\/simovision.be\/professional\/wp-content\/uploads\/sites\/2\/2025\/06\/Logo_Simovision_Hilco_Vision_Pantone_7700C-kopie.webp\",\"contentUrl\":\"https:\/\/simovision.be\/professional\/wp-content\/uploads\/sites\/2\/2025\/06\/Logo_Simovision_Hilco_Vision_Pantone_7700C-kopie.webp\",\"width\":2000,\"height\":1021,\"caption\":\"Simovision\"},\"image\":{\"@id\":\"https:\/\/simovision.be\/professional\/fr\/#\/schema\/logo\/image\/\"},\"sameAs\":[\"https:\/\/www.linkedin.com\/company\/simovision\"]}]}<\/script>\n<!-- \/ Yoast SEO plugin. -->","yoast_head_json":{"title":"Xephilio OCT-A1 - Simovision - Professional","robots":{"index":"index","follow":"follow","max-snippet":"max-snippet:-1","max-image-preview":"max-image-preview:large","max-video-preview":"max-video-preview:-1"},"canonical":"https:\/\/simovision.be\/professional\/fr\/produit\/xephilio-oct-a1\/","og_locale":"fr_FR","og_type":"article","og_title":"Xephilio OCT-A1 - Simovision - Professional","og_description":"OCT Spectral Domain haute r\u00e9solution   R\u00e9solution axiale (num\u00e9rique\/optique): 1.6 \u00b5m\/3 \u00b5m  Acquisition automatis\u00e9e  Eye-tracker SLO avec fonction Follow-up  Intelligent Denoise (Suppression du bruit par Deep Learning)  Imagerie OCTA panoramique jusqu\u2019\u00e0 17.5 mm  Mapping \u00e9pith\u00e9lial  Solution RX Serveur  Con\u00e7u pour allier confort et efficacit\u00e9, le mod\u00e8le Xephilio OCT-A1 propose une r\u00e9solution num\u00e9rique de 3 microns, ainsi qu'une vitesse de balayage rapide, permettant de r\u00e9duire la dur\u00e9e des examens et d'am\u00e9liorer le bien-\u00eatre des patients.   70 000 A-scans\/s  Tomographie r\u00e9alis\u00e9e en moins de 2 secondes  R\u00e9solution num\u00e9rique de 1,6 \u00b5m et r\u00e9solution axiale de 3 \u00b5m","og_url":"https:\/\/simovision.be\/professional\/fr\/produit\/xephilio-oct-a1\/","og_site_name":"Simovision - Professional","article_modified_time":"2025-09-22T10:11:24+00:00","og_image":[{"width":1000,"height":666,"url":"https:\/\/simovision.be\/professional\/wp-content\/uploads\/sites\/2\/2025\/03\/Xephilio-OCT-A1.webp","type":"image\/webp"}],"twitter_card":"summary_large_image","twitter_misc":{"Dur\u00e9e de lecture estim\u00e9e":"2 minutes"},"schema":{"@context":"https:\/\/schema.org","@graph":[{"@type":"WebPage","@id":"https:\/\/simovision.be\/professional\/fr\/produit\/xephilio-oct-a1\/","url":"https:\/\/simovision.be\/professional\/fr\/produit\/xephilio-oct-a1\/","name":"Xephilio OCT-A1 - Simovision - Professional","isPartOf":{"@id":"https:\/\/simovision.be\/professional\/fr\/#website"},"primaryImageOfPage":{"@id":"https:\/\/simovision.be\/professional\/fr\/produit\/xephilio-oct-a1\/#primaryimage"},"image":{"@id":"https:\/\/simovision.be\/professional\/fr\/produit\/xephilio-oct-a1\/#primaryimage"},"thumbnailUrl":"https:\/\/simovision.be\/professional\/wp-content\/uploads\/sites\/2\/2025\/03\/Xephilio-OCT-A1.webp","datePublished":"2025-03-13T08:46:37+00:00","dateModified":"2025-09-22T10:11:24+00:00","breadcrumb":{"@id":"https:\/\/simovision.be\/professional\/fr\/produit\/xephilio-oct-a1\/#breadcrumb"},"inLanguage":"fr-FR","potentialAction":[{"@type":"ReadAction","target":["https:\/\/simovision.be\/professional\/fr\/produit\/xephilio-oct-a1\/"]}]},{"@type":"ImageObject","inLanguage":"fr-FR","@id":"https:\/\/simovision.be\/professional\/fr\/produit\/xephilio-oct-a1\/#primaryimage","url":"https:\/\/simovision.be\/professional\/wp-content\/uploads\/sites\/2\/2025\/03\/Xephilio-OCT-A1.webp","contentUrl":"https:\/\/simovision.be\/professional\/wp-content\/uploads\/sites\/2\/2025\/03\/Xephilio-OCT-A1.webp","width":1000,"height":666},{"@type":"BreadcrumbList","@id":"https:\/\/simovision.be\/professional\/fr\/produit\/xephilio-oct-a1\/#breadcrumb","itemListElement":[{"@type":"ListItem","position":1,"name":"Home","item":"https:\/\/simovision.be\/professional\/fr\/"},{"@type":"ListItem","position":2,"name":"Boutique","item":"https:\/\/simovision.be\/professional\/winkel\/"},{"@type":"ListItem","position":3,"name":"Xephilio OCT-A1"}]},{"@type":"WebSite","@id":"https:\/\/simovision.be\/professional\/fr\/#website","url":"https:\/\/simovision.be\/professional\/fr\/","name":"Simovision - Professional","description":"","publisher":{"@id":"https:\/\/simovision.be\/professional\/fr\/#organization"},"potentialAction":[{"@type":"SearchAction","target":{"@type":"EntryPoint","urlTemplate":"https:\/\/simovision.be\/professional\/fr\/?s={search_term_string}"},"query-input":{"@type":"PropertyValueSpecification","valueRequired":true,"valueName":"search_term_string"}}],"inLanguage":"fr-FR"},{"@type":"Organization","@id":"https:\/\/simovision.be\/professional\/fr\/#organization","name":"Simovision","url":"https:\/\/simovision.be\/professional\/fr\/","logo":{"@type":"ImageObject","inLanguage":"fr-FR","@id":"https:\/\/simovision.be\/professional\/fr\/#\/schema\/logo\/image\/","url":"https:\/\/simovision.be\/professional\/wp-content\/uploads\/sites\/2\/2025\/06\/Logo_Simovision_Hilco_Vision_Pantone_7700C-kopie.webp","contentUrl":"https:\/\/simovision.be\/professional\/wp-content\/uploads\/sites\/2\/2025\/06\/Logo_Simovision_Hilco_Vision_Pantone_7700C-kopie.webp","width":2000,"height":1021,"caption":"Simovision"},"image":{"@id":"https:\/\/simovision.be\/professional\/fr\/#\/schema\/logo\/image\/"},"sameAs":["https:\/\/www.linkedin.com\/company\/simovision"]}]}},"_links":{"self":[{"href":"https:\/\/simovision.be\/professional\/fr\/wp-json\/wp\/v2\/product\/3002","targetHints":{"allow":["GET"]}}],"collection":[{"href":"https:\/\/simovision.be\/professional\/fr\/wp-json\/wp\/v2\/product"}],"about":[{"href":"https:\/\/simovision.be\/professional\/fr\/wp-json\/wp\/v2\/types\/product"}],"wp:featuredmedia":[{"embeddable":true,"href":"https:\/\/simovision.be\/professional\/fr\/wp-json\/wp\/v2\/media\/3694"}],"wp:attachment":[{"href":"https:\/\/simovision.be\/professional\/fr\/wp-json\/wp\/v2\/media?parent=3002"}],"wp:term":[{"taxonomy":"product_brand","embeddable":true,"href":"https:\/\/simovision.be\/professional\/fr\/wp-json\/wp\/v2\/product_brand?post=3002"},{"taxonomy":"product_cat","embeddable":true,"href":"https:\/\/simovision.be\/professional\/fr\/wp-json\/wp\/v2\/product_cat?post=3002"},{"taxonomy":"product_tag","embeddable":true,"href":"https:\/\/simovision.be\/professional\/fr\/wp-json\/wp\/v2\/product_tag?post=3002"}],"curies":[{"name":"wp","href":"https:\/\/api.w.org\/{rel}","templated":true}]}}