{"id":3001,"date":"2025-03-13T10:28:02","date_gmt":"2025-03-13T09:28:02","guid":{"rendered":"https:\/\/simovision.be\/professional\/product\/xephilio-oct-s1\/"},"modified":"2025-09-22T12:11:21","modified_gmt":"2025-09-22T10:11:21","slug":"xephilio-oct-s1","status":"publish","type":"product","link":"https:\/\/simovision.be\/professional\/fr\/produit\/xephilio-oct-s1\/","title":{"rendered":"Xephilio OCT-S1"},"content":{"rendered":"<h3><strong>Caract\u00e9ristiques<\/strong><\/h3>\n<ul>\n<li>928 x 807 pixels hight density A Scan pour la visualisation de tr\u00e8s petits capillaires<\/li>\n<li>23 x 20 mm en un seul scan<\/li>\n<li>Imagerie panoramique 31 x 27 mm<\/li>\n<li><strong>Alignement automatique<\/strong><\/li>\n<li>Focalisation SLO (Ophtalmoscopie \u00e0 balayage laser) automatique<\/li>\n<li>Focalisation OCT (ou TCO Tomographie par Coh\u00e9rence Optique)<\/li>\n<li>Positionnement automatique de la coupe<\/li>\n<li>Tracking r\u00e9tinien<\/li>\n<\/ul>\n<h4>Fonction de suppression du bruit \u00ab\u202fIntelligent Denoise\u202f\u00bb<\/h4>\n<p>La technologie d\u2019apprentissage intelligente de Canon permet, \u00e0 la fois, de supprimer le bruit des images num\u00e9riques sans perte de d\u00e9tails et d\u2019am\u00e9liorer la visibilit\u00e9 en quelques secondes seulement.<\/p>\n<h4>Courbure r\u00e9tinienne<\/h4>\n<p>La courbure r\u00e9tinienne (notamment en pr\u00e9sence de staphylome) est clairement mise en \u00e9vidence dans les cas de n\u00e9ovascularisation choro\u00efdienne du myope, gr\u00e2ce \u00e0 la profondeur de scan de 5,3 mm et \u00e0 la largeur de scan de 23 mm offerte par le Xephilio OCT-S1.<\/p>\n<h4>Acquisition<\/h4>\n<p>La cam\u00e9ra SLO grand champ permet d\u2019assurer un tracking r\u00e9tinien en temps r\u00e9el et un follow-up pr\u00e9cis. La fonction d\u2019optimisation facilement accessible \u00e0 proximit\u00e9 du joystick permet l\u2019ajustement de l\u2019alignement, de la focalisation et de la position du scan.<\/p>\n<h3><strong>Module de segment ant\u00e9rieur<\/strong><\/h3>\n<p>Le Xephilio OCT-S1 permet aussi de visualiser la microvascularisation de la conjonctive et les \u00e9ventuelles n\u00e9ovascularisations de la corn\u00e9e. L\u2019imagerie du segment ant\u00e9rieur ne n\u00e9cessite pas de module optique suppl\u00e9mentaire.<\/p>\n<p><em>Le module du segment ant\u00e9rieur est con\u00e7u \u00e0 des fins de recherche et ne doit pas \u00eatre utilis\u00e9 \u00e0 des fins diagnostiques.<\/em><\/p>\n<h4>Plateforme logicielle \u00ab\u202fRetinal Expert\u202f\u00bb<\/h4>\n<p>Une solution \u00e9volutive parfaitement adapt\u00e9e \u00e0 vos besoins:<\/p>\n<ul>\n<li>Fortede son exp\u00e9rience en radiologie, en IRM et en \u00e9chographie, Canon a d\u00e9velopp\u00e9 la <strong>plateforme logicielle Retinal Expert<\/strong> (RX) couvrant aussi bien les <strong>installations autonomes<\/strong> que les <strong>solutions de serveurs<\/strong> \u00e0 acc\u00e8s multiple.<\/li>\n<li>Elle peut <strong>combiner<\/strong> les <strong>r\u00e9tinographes<\/strong> et les <strong>OCT<\/strong> de la <strong>gamme Canon<\/strong>. Cette plateforme multimodale a \u00e9t\u00e9 con\u00e7ue pour s\u2019int\u00e9grer en toute transparence \u00e0 votre syst\u00e8me de dossier m\u00e9dical \u00e9lectronique (EMR) ou \u00e0 votre logiciel de gestion existants. Elle permet d\u2019assurer une <strong>parfaite compatibilit\u00e9 DICOM<\/strong>.<\/li>\n<\/ul>\n","protected":false},"excerpt":{"rendered":"<p><img loading=\"lazy\" decoding=\"async\" src=\"https:\/\/simovision.be\/professional\/wp-content\/uploads\/sites\/2\/2025\/06\/Logo_canon_tease.png\" alt=\"\" width=\"319\" height=\"40\" class=\"alignnone size-full wp-image-4984\" srcset=\"https:\/\/simovision.be\/professional\/wp-content\/uploads\/sites\/2\/2025\/06\/Logo_canon_tease.png 319w, https:\/\/simovision.be\/professional\/wp-content\/uploads\/sites\/2\/2025\/06\/Logo_canon_tease-64x8.png 64w, https:\/\/simovision.be\/professional\/wp-content\/uploads\/sites\/2\/2025\/06\/Logo_canon_tease-300x38.png 300w\" sizes=\"auto, (max-width: 319px) 100vw, 319px\" \/><\/p>\n<h3><strong>OCT Swept Source grand champ<\/strong><\/h3>\n<ul>\n<li>Ultra grand champ de <strong>23 x 20 mm<\/strong> en <strong>une seule mesure<\/strong><\/li>\n<li>Mosa\u00efque jusqu\u2019\u00e0 31 x 27 mm<\/li>\n<li><strong>Swept-Source<\/strong> <strong>100.000 A-Scans<\/strong><\/li>\n<li>Une <strong>profondeur de champ<\/strong> de 5,3 mm qui permet la visualisation de du corps vitr\u00e9 et de la choro\u00efde en une seule image.<\/li>\n<li>Fonction de suppression du bruit \u00ab\u202f<strong>Intelligent Denoise<\/strong>\u202f\u00bb<\/li>\n<\/ul>\n","protected":false},"featured_media":3697,"template":"","meta":{"_acf_changed":false,"content-type":"","site-sidebar-layout":"default","site-content-layout":"","ast-site-content-layout":"default","site-content-style":"default","site-sidebar-style":"default","ast-global-header-display":"","ast-banner-title-visibility":"","ast-main-header-display":"","ast-hfb-above-header-display":"","ast-hfb-below-header-display":"","ast-hfb-mobile-header-display":"","site-post-title":"","ast-breadcrumbs-content":"","ast-featured-img":"","footer-sml-layout":"","theme-transparent-header-meta":"default","adv-header-id-meta":"","stick-header-meta":"default","header-above-stick-meta":"","header-main-stick-meta":"","header-below-stick-meta":"","astra-migrate-meta-layouts":"set","ast-page-background-enabled":"default","ast-page-background-meta":{"desktop":{"background-color":"var(--ast-global-color-4)","background-image":"","background-repeat":"repeat","background-position":"center center","background-size":"auto","background-attachment":"scroll","background-type":"","background-media":"","overlay-type":"","overlay-color":"","overlay-opacity":"","overlay-gradient":""},"tablet":{"background-color":"","background-image":"","background-repeat":"repeat","background-position":"center center","background-size":"auto","background-attachment":"scroll","background-type":"","background-media":"","overlay-type":"","overlay-color":"","overlay-opacity":"","overlay-gradient":""},"mobile":{"background-color":"","background-image":"","background-repeat":"repeat","background-position":"center center","background-size":"auto","background-attachment":"scroll","background-type":"","background-media":"","overlay-type":"","overlay-color":"","overlay-opacity":"","overlay-gradient":""}},"ast-content-background-meta":{"desktop":{"background-color":"var(--ast-global-color-5)","background-image":"","background-repeat":"repeat","background-position":"center center","background-size":"auto","background-attachment":"scroll","background-type":"","background-media":"","overlay-type":"","overlay-color":"","overlay-opacity":"","overlay-gradient":""},"tablet":{"background-color":"var(--ast-global-color-5)","background-image":"","background-repeat":"repeat","background-position":"center center","background-size":"auto","background-attachment":"scroll","background-type":"","background-media":"","overlay-type":"","overlay-color":"","overlay-opacity":"","overlay-gradient":""},"mobile":{"background-color":"var(--ast-global-color-5)","background-image":"","background-repeat":"repeat","background-position":"center center","background-size":"auto","background-attachment":"scroll","background-type":"","background-media":"","overlay-type":"","overlay-color":"","overlay-opacity":"","overlay-gradient":""}}},"product_brand":[],"product_cat":[138],"product_tag":[],"class_list":{"0":"post-3001","1":"product","2":"type-product","3":"status-publish","4":"has-post-thumbnail","6":"product_cat-oct-fr","7":"desktop-align-left","8":"tablet-align-left","9":"mobile-align-left","10":"ast-product-gallery-layout-first-image-large","11":"ast-product-tabs-layout-horizontal","13":"first","14":"instock","15":"shipping-taxable","16":"product-type-simple"},"acf":[],"yoast_head":"<!-- This site is optimized with the Yoast SEO plugin v26.3 - https:\/\/yoast.com\/wordpress\/plugins\/seo\/ -->\n<title>Xephilio OCT-S1 - Simovision - Professional<\/title>\n<meta name=\"robots\" content=\"index, follow, max-snippet:-1, max-image-preview:large, max-video-preview:-1\" \/>\n<link rel=\"canonical\" href=\"https:\/\/simovision.be\/professional\/fr\/produit\/xephilio-oct-s1\/\" \/>\n<meta property=\"og:locale\" content=\"fr_FR\" \/>\n<meta property=\"og:type\" content=\"article\" \/>\n<meta property=\"og:title\" content=\"Xephilio OCT-S1 - Simovision - Professional\" \/>\n<meta property=\"og:description\" content=\"OCT Swept Source grand champ   Ultra grand champ de 23 x 20 mm en une seule mesure  Mosa\u00efque jusqu\u2019\u00e0 31 x 27 mm  Swept-Source 100.000 A-Scans  Une profondeur de champ de 5,3 mm qui permet la visualisation de du corps vitr\u00e9 et de la choro\u00efde en une seule image.  Fonction de suppression du bruit \u00ab\u202fIntelligent Denoise\u202f\u00bb\" \/>\n<meta property=\"og:url\" content=\"https:\/\/simovision.be\/professional\/fr\/produit\/xephilio-oct-s1\/\" \/>\n<meta property=\"og:site_name\" content=\"Simovision - Professional\" \/>\n<meta property=\"article:modified_time\" content=\"2025-09-22T10:11:21+00:00\" \/>\n<meta property=\"og:image\" content=\"https:\/\/simovision.be\/professional\/wp-content\/uploads\/sites\/2\/2025\/03\/00.-EH326_slant_left_joint.webp\" \/>\n\t<meta property=\"og:image:width\" content=\"1000\" \/>\n\t<meta property=\"og:image:height\" content=\"666\" \/>\n\t<meta property=\"og:image:type\" content=\"image\/webp\" \/>\n<meta name=\"twitter:card\" content=\"summary_large_image\" \/>\n<meta name=\"twitter:label1\" content=\"Dur\u00e9e de lecture estim\u00e9e\" \/>\n\t<meta name=\"twitter:data1\" content=\"2 minutes\" \/>\n<script type=\"application\/ld+json\" class=\"yoast-schema-graph\">{\"@context\":\"https:\/\/schema.org\",\"@graph\":[{\"@type\":\"WebPage\",\"@id\":\"https:\/\/simovision.be\/professional\/fr\/produit\/xephilio-oct-s1\/\",\"url\":\"https:\/\/simovision.be\/professional\/fr\/produit\/xephilio-oct-s1\/\",\"name\":\"Xephilio OCT-S1 - Simovision - Professional\",\"isPartOf\":{\"@id\":\"https:\/\/simovision.be\/professional\/fr\/#website\"},\"primaryImageOfPage\":{\"@id\":\"https:\/\/simovision.be\/professional\/fr\/produit\/xephilio-oct-s1\/#primaryimage\"},\"image\":{\"@id\":\"https:\/\/simovision.be\/professional\/fr\/produit\/xephilio-oct-s1\/#primaryimage\"},\"thumbnailUrl\":\"https:\/\/simovision.be\/professional\/wp-content\/uploads\/sites\/2\/2025\/03\/00.-EH326_slant_left_joint.webp\",\"datePublished\":\"2025-03-13T09:28:02+00:00\",\"dateModified\":\"2025-09-22T10:11:21+00:00\",\"breadcrumb\":{\"@id\":\"https:\/\/simovision.be\/professional\/fr\/produit\/xephilio-oct-s1\/#breadcrumb\"},\"inLanguage\":\"fr-FR\",\"potentialAction\":[{\"@type\":\"ReadAction\",\"target\":[\"https:\/\/simovision.be\/professional\/fr\/produit\/xephilio-oct-s1\/\"]}]},{\"@type\":\"ImageObject\",\"inLanguage\":\"fr-FR\",\"@id\":\"https:\/\/simovision.be\/professional\/fr\/produit\/xephilio-oct-s1\/#primaryimage\",\"url\":\"https:\/\/simovision.be\/professional\/wp-content\/uploads\/sites\/2\/2025\/03\/00.-EH326_slant_left_joint.webp\",\"contentUrl\":\"https:\/\/simovision.be\/professional\/wp-content\/uploads\/sites\/2\/2025\/03\/00.-EH326_slant_left_joint.webp\",\"width\":1000,\"height\":666},{\"@type\":\"BreadcrumbList\",\"@id\":\"https:\/\/simovision.be\/professional\/fr\/produit\/xephilio-oct-s1\/#breadcrumb\",\"itemListElement\":[{\"@type\":\"ListItem\",\"position\":1,\"name\":\"Home\",\"item\":\"https:\/\/simovision.be\/professional\/fr\/\"},{\"@type\":\"ListItem\",\"position\":2,\"name\":\"Boutique\",\"item\":\"https:\/\/simovision.be\/professional\/winkel\/\"},{\"@type\":\"ListItem\",\"position\":3,\"name\":\"Xephilio OCT-S1\"}]},{\"@type\":\"WebSite\",\"@id\":\"https:\/\/simovision.be\/professional\/fr\/#website\",\"url\":\"https:\/\/simovision.be\/professional\/fr\/\",\"name\":\"Simovision - Professional\",\"description\":\"\",\"publisher\":{\"@id\":\"https:\/\/simovision.be\/professional\/fr\/#organization\"},\"potentialAction\":[{\"@type\":\"SearchAction\",\"target\":{\"@type\":\"EntryPoint\",\"urlTemplate\":\"https:\/\/simovision.be\/professional\/fr\/?s={search_term_string}\"},\"query-input\":{\"@type\":\"PropertyValueSpecification\",\"valueRequired\":true,\"valueName\":\"search_term_string\"}}],\"inLanguage\":\"fr-FR\"},{\"@type\":\"Organization\",\"@id\":\"https:\/\/simovision.be\/professional\/fr\/#organization\",\"name\":\"Simovision\",\"url\":\"https:\/\/simovision.be\/professional\/fr\/\",\"logo\":{\"@type\":\"ImageObject\",\"inLanguage\":\"fr-FR\",\"@id\":\"https:\/\/simovision.be\/professional\/fr\/#\/schema\/logo\/image\/\",\"url\":\"https:\/\/simovision.be\/professional\/wp-content\/uploads\/sites\/2\/2025\/06\/Logo_Simovision_Hilco_Vision_Pantone_7700C-kopie.webp\",\"contentUrl\":\"https:\/\/simovision.be\/professional\/wp-content\/uploads\/sites\/2\/2025\/06\/Logo_Simovision_Hilco_Vision_Pantone_7700C-kopie.webp\",\"width\":2000,\"height\":1021,\"caption\":\"Simovision\"},\"image\":{\"@id\":\"https:\/\/simovision.be\/professional\/fr\/#\/schema\/logo\/image\/\"},\"sameAs\":[\"https:\/\/www.linkedin.com\/company\/simovision\"]}]}<\/script>\n<!-- \/ Yoast SEO plugin. -->","yoast_head_json":{"title":"Xephilio OCT-S1 - Simovision - Professional","robots":{"index":"index","follow":"follow","max-snippet":"max-snippet:-1","max-image-preview":"max-image-preview:large","max-video-preview":"max-video-preview:-1"},"canonical":"https:\/\/simovision.be\/professional\/fr\/produit\/xephilio-oct-s1\/","og_locale":"fr_FR","og_type":"article","og_title":"Xephilio OCT-S1 - Simovision - Professional","og_description":"OCT Swept Source grand champ   Ultra grand champ de 23 x 20 mm en une seule mesure  Mosa\u00efque jusqu\u2019\u00e0 31 x 27 mm  Swept-Source 100.000 A-Scans  Une profondeur de champ de 5,3 mm qui permet la visualisation de du corps vitr\u00e9 et de la choro\u00efde en une seule image.  Fonction de suppression du bruit \u00ab\u202fIntelligent Denoise\u202f\u00bb","og_url":"https:\/\/simovision.be\/professional\/fr\/produit\/xephilio-oct-s1\/","og_site_name":"Simovision - Professional","article_modified_time":"2025-09-22T10:11:21+00:00","og_image":[{"width":1000,"height":666,"url":"https:\/\/simovision.be\/professional\/wp-content\/uploads\/sites\/2\/2025\/03\/00.-EH326_slant_left_joint.webp","type":"image\/webp"}],"twitter_card":"summary_large_image","twitter_misc":{"Dur\u00e9e de lecture estim\u00e9e":"2 minutes"},"schema":{"@context":"https:\/\/schema.org","@graph":[{"@type":"WebPage","@id":"https:\/\/simovision.be\/professional\/fr\/produit\/xephilio-oct-s1\/","url":"https:\/\/simovision.be\/professional\/fr\/produit\/xephilio-oct-s1\/","name":"Xephilio OCT-S1 - Simovision - Professional","isPartOf":{"@id":"https:\/\/simovision.be\/professional\/fr\/#website"},"primaryImageOfPage":{"@id":"https:\/\/simovision.be\/professional\/fr\/produit\/xephilio-oct-s1\/#primaryimage"},"image":{"@id":"https:\/\/simovision.be\/professional\/fr\/produit\/xephilio-oct-s1\/#primaryimage"},"thumbnailUrl":"https:\/\/simovision.be\/professional\/wp-content\/uploads\/sites\/2\/2025\/03\/00.-EH326_slant_left_joint.webp","datePublished":"2025-03-13T09:28:02+00:00","dateModified":"2025-09-22T10:11:21+00:00","breadcrumb":{"@id":"https:\/\/simovision.be\/professional\/fr\/produit\/xephilio-oct-s1\/#breadcrumb"},"inLanguage":"fr-FR","potentialAction":[{"@type":"ReadAction","target":["https:\/\/simovision.be\/professional\/fr\/produit\/xephilio-oct-s1\/"]}]},{"@type":"ImageObject","inLanguage":"fr-FR","@id":"https:\/\/simovision.be\/professional\/fr\/produit\/xephilio-oct-s1\/#primaryimage","url":"https:\/\/simovision.be\/professional\/wp-content\/uploads\/sites\/2\/2025\/03\/00.-EH326_slant_left_joint.webp","contentUrl":"https:\/\/simovision.be\/professional\/wp-content\/uploads\/sites\/2\/2025\/03\/00.-EH326_slant_left_joint.webp","width":1000,"height":666},{"@type":"BreadcrumbList","@id":"https:\/\/simovision.be\/professional\/fr\/produit\/xephilio-oct-s1\/#breadcrumb","itemListElement":[{"@type":"ListItem","position":1,"name":"Home","item":"https:\/\/simovision.be\/professional\/fr\/"},{"@type":"ListItem","position":2,"name":"Boutique","item":"https:\/\/simovision.be\/professional\/winkel\/"},{"@type":"ListItem","position":3,"name":"Xephilio OCT-S1"}]},{"@type":"WebSite","@id":"https:\/\/simovision.be\/professional\/fr\/#website","url":"https:\/\/simovision.be\/professional\/fr\/","name":"Simovision - Professional","description":"","publisher":{"@id":"https:\/\/simovision.be\/professional\/fr\/#organization"},"potentialAction":[{"@type":"SearchAction","target":{"@type":"EntryPoint","urlTemplate":"https:\/\/simovision.be\/professional\/fr\/?s={search_term_string}"},"query-input":{"@type":"PropertyValueSpecification","valueRequired":true,"valueName":"search_term_string"}}],"inLanguage":"fr-FR"},{"@type":"Organization","@id":"https:\/\/simovision.be\/professional\/fr\/#organization","name":"Simovision","url":"https:\/\/simovision.be\/professional\/fr\/","logo":{"@type":"ImageObject","inLanguage":"fr-FR","@id":"https:\/\/simovision.be\/professional\/fr\/#\/schema\/logo\/image\/","url":"https:\/\/simovision.be\/professional\/wp-content\/uploads\/sites\/2\/2025\/06\/Logo_Simovision_Hilco_Vision_Pantone_7700C-kopie.webp","contentUrl":"https:\/\/simovision.be\/professional\/wp-content\/uploads\/sites\/2\/2025\/06\/Logo_Simovision_Hilco_Vision_Pantone_7700C-kopie.webp","width":2000,"height":1021,"caption":"Simovision"},"image":{"@id":"https:\/\/simovision.be\/professional\/fr\/#\/schema\/logo\/image\/"},"sameAs":["https:\/\/www.linkedin.com\/company\/simovision"]}]}},"_links":{"self":[{"href":"https:\/\/simovision.be\/professional\/fr\/wp-json\/wp\/v2\/product\/3001","targetHints":{"allow":["GET"]}}],"collection":[{"href":"https:\/\/simovision.be\/professional\/fr\/wp-json\/wp\/v2\/product"}],"about":[{"href":"https:\/\/simovision.be\/professional\/fr\/wp-json\/wp\/v2\/types\/product"}],"wp:featuredmedia":[{"embeddable":true,"href":"https:\/\/simovision.be\/professional\/fr\/wp-json\/wp\/v2\/media\/3697"}],"wp:attachment":[{"href":"https:\/\/simovision.be\/professional\/fr\/wp-json\/wp\/v2\/media?parent=3001"}],"wp:term":[{"taxonomy":"product_brand","embeddable":true,"href":"https:\/\/simovision.be\/professional\/fr\/wp-json\/wp\/v2\/product_brand?post=3001"},{"taxonomy":"product_cat","embeddable":true,"href":"https:\/\/simovision.be\/professional\/fr\/wp-json\/wp\/v2\/product_cat?post=3001"},{"taxonomy":"product_tag","embeddable":true,"href":"https:\/\/simovision.be\/professional\/fr\/wp-json\/wp\/v2\/product_tag?post=3001"}],"curies":[{"name":"wp","href":"https:\/\/api.w.org\/{rel}","templated":true}]}}