{"id":2991,"date":"2025-03-18T06:58:34","date_gmt":"2025-03-18T05:58:34","guid":{"rendered":"https:\/\/simovision.be\/professional\/product\/riboflavine-paracel\/"},"modified":"2025-09-22T12:10:19","modified_gmt":"2025-09-22T10:10:19","slug":"riboflavine-paracel","status":"publish","type":"product","link":"https:\/\/simovision.be\/professional\/fr\/produit\/riboflavine-paracel\/","title":{"rendered":"Riboflavine ParaCel"},"content":{"rendered":"<h3><strong>Informations techniques<\/strong><\/h3>\n<ul>\n<li>Contenu:\n<ul>\n<li>0,25% de riboflavine<\/li>\n<li>HPMC<\/li>\n<li>BAC<\/li>\n<\/ul>\n<\/li>\n<li>Proc\u00e9dure: Crosslinking pour k\u00e9ratoc\u00f4ne et ectasie corn\u00e9enne<\/li>\n<li>Application: Epithelium-on<\/li>\n<\/ul>\n","protected":false},"excerpt":{"rendered":"<p><img loading=\"lazy\" decoding=\"async\" src=\"https:\/\/simovision.be\/professional\/wp-content\/uploads\/sites\/2\/2025\/04\/Logo_Glaukos-teaser.png\" alt=\"\" width=\"158\" height=\"40\" class=\"alignnone size-full wp-image-4992\" srcset=\"https:\/\/simovision.be\/professional\/wp-content\/uploads\/sites\/2\/2025\/04\/Logo_Glaukos-teaser.png 158w, https:\/\/simovision.be\/professional\/wp-content\/uploads\/sites\/2\/2025\/04\/Logo_Glaukos-teaser-64x16.png 64w\" sizes=\"auto, (max-width: 158px) 100vw, 158px\" \/><\/p>\n<h3><strong>Riboflavine ParaCel<sup>TM<\/sup><\/strong><\/h3>\n<p>Le ParaCel<sup>TM<\/sup> marqu\u00e9 CE est une solution de riboflavine <strong>en deux \u00e9tapes<\/strong> sp\u00e9cialement con\u00e7ue pour une <strong>application trans\u00e9pith\u00e9liale<\/strong> sur <strong>l&rsquo;\u00e9pith\u00e9lium intact<\/strong>. La concentration plus \u00e9lev\u00e9e de riboflavine et une formulation brevet\u00e9e permettent \u00e0 ParaCel<sup>TM<\/sup> de p\u00e9n\u00e9trer rapidement et de se diffuser dans le <strong>stroma corn\u00e9en<\/strong>.<\/p>\n<p>Un \u00e9pith\u00e9lium intact r\u00e9duit l&rsquo;efficacit\u00e9 de la r\u00e9ticulation lors de l&rsquo;utilisation d&rsquo;appareils UVA de faible puissance. Le <strong><a href=\"https:\/\/simovision.be\/professional\/fr\/produit\/kxl-system\/\">syst\u00e8me KXL<sup>\u00ae<\/sup><\/a><\/strong> fournit une puissance de 45 mW\/cm\u00b2 pour une <strong>r\u00e9ticulation efficace<\/strong> \u00e0 travers l&rsquo;\u00e9pith\u00e9lium intact en utilisant le ParaCel<sup>TM<\/sup>.<\/p>\n","protected":false},"featured_media":3760,"template":"","meta":{"_acf_changed":false,"content-type":"","site-sidebar-layout":"default","site-content-layout":"","ast-site-content-layout":"default","site-content-style":"default","site-sidebar-style":"default","ast-global-header-display":"","ast-banner-title-visibility":"","ast-main-header-display":"","ast-hfb-above-header-display":"","ast-hfb-below-header-display":"","ast-hfb-mobile-header-display":"","site-post-title":"","ast-breadcrumbs-content":"","ast-featured-img":"","footer-sml-layout":"","theme-transparent-header-meta":"default","adv-header-id-meta":"","stick-header-meta":"default","header-above-stick-meta":"","header-main-stick-meta":"","header-below-stick-meta":"","astra-migrate-meta-layouts":"set","ast-page-background-enabled":"default","ast-page-background-meta":{"desktop":{"background-color":"var(--ast-global-color-4)","background-image":"","background-repeat":"repeat","background-position":"center center","background-size":"auto","background-attachment":"scroll","background-type":"","background-media":"","overlay-type":"","overlay-color":"","overlay-opacity":"","overlay-gradient":""},"tablet":{"background-color":"","background-image":"","background-repeat":"repeat","background-position":"center center","background-size":"auto","background-attachment":"scroll","background-type":"","background-media":"","overlay-type":"","overlay-color":"","overlay-opacity":"","overlay-gradient":""},"mobile":{"background-color":"","background-image":"","background-repeat":"repeat","background-position":"center center","background-size":"auto","background-attachment":"scroll","background-type":"","background-media":"","overlay-type":"","overlay-color":"","overlay-opacity":"","overlay-gradient":""}},"ast-content-background-meta":{"desktop":{"background-color":"var(--ast-global-color-5)","background-image":"","background-repeat":"repeat","background-position":"center center","background-size":"auto","background-attachment":"scroll","background-type":"","background-media":"","overlay-type":"","overlay-color":"","overlay-opacity":"","overlay-gradient":""},"tablet":{"background-color":"var(--ast-global-color-5)","background-image":"","background-repeat":"repeat","background-position":"center center","background-size":"auto","background-attachment":"scroll","background-type":"","background-media":"","overlay-type":"","overlay-color":"","overlay-opacity":"","overlay-gradient":""},"mobile":{"background-color":"var(--ast-global-color-5)","background-image":"","background-repeat":"repeat","background-position":"center center","background-size":"auto","background-attachment":"scroll","background-type":"","background-media":"","overlay-type":"","overlay-color":"","overlay-opacity":"","overlay-gradient":""}}},"product_brand":[],"product_cat":[137],"product_tag":[716],"class_list":{"0":"post-2991","1":"product","2":"type-product","3":"status-publish","4":"has-post-thumbnail","6":"product_cat-riboflavine-fr","7":"product_tag-nl-fr","8":"desktop-align-left","9":"tablet-align-left","10":"mobile-align-left","11":"ast-product-gallery-layout-first-image-large","12":"ast-product-tabs-layout-horizontal","14":"first","15":"instock","16":"shipping-taxable","17":"product-type-simple"},"acf":[],"yoast_head":"<!-- This site is optimized with the Yoast SEO plugin v26.3 - https:\/\/yoast.com\/wordpress\/plugins\/seo\/ -->\n<title>Riboflavine ParaCel - Simovision - Professional<\/title>\n<meta name=\"robots\" content=\"index, follow, max-snippet:-1, max-image-preview:large, max-video-preview:-1\" \/>\n<link rel=\"canonical\" href=\"https:\/\/simovision.be\/professional\/fr\/produit\/riboflavine-paracel\/\" \/>\n<meta property=\"og:locale\" content=\"fr_FR\" \/>\n<meta property=\"og:type\" content=\"article\" \/>\n<meta property=\"og:title\" content=\"Riboflavine ParaCel - Simovision - Professional\" \/>\n<meta property=\"og:description\" content=\"Riboflavine ParaCelTM Le ParaCelTM marqu\u00e9 CE est une solution de riboflavine en deux \u00e9tapes sp\u00e9cialement con\u00e7ue pour une application trans\u00e9pith\u00e9liale sur l&#039;\u00e9pith\u00e9lium intact. La concentration plus \u00e9lev\u00e9e de riboflavine et une formulation brevet\u00e9e permettent \u00e0 ParaCelTM de p\u00e9n\u00e9trer rapidement et de se diffuser dans le stroma corn\u00e9en.  Un \u00e9pith\u00e9lium intact r\u00e9duit l&#039;efficacit\u00e9 de la r\u00e9ticulation lors de l&#039;utilisation d&#039;appareils UVA de faible puissance. Le syst\u00e8me KXL\u00ae fournit une puissance de 45 mW\/cm\u00b2 pour une r\u00e9ticulation efficace \u00e0 travers l&#039;\u00e9pith\u00e9lium intact en utilisant le ParaCelTM.\" \/>\n<meta property=\"og:url\" content=\"https:\/\/simovision.be\/professional\/fr\/produit\/riboflavine-paracel\/\" \/>\n<meta property=\"og:site_name\" content=\"Simovision - Professional\" \/>\n<meta property=\"article:modified_time\" content=\"2025-09-22T10:10:19+00:00\" \/>\n<meta property=\"og:image\" content=\"https:\/\/simovision.be\/professional\/wp-content\/uploads\/sites\/2\/2025\/03\/00-Avedro-ParaCel-01.webp\" \/>\n\t<meta property=\"og:image:width\" content=\"1000\" \/>\n\t<meta property=\"og:image:height\" content=\"666\" \/>\n\t<meta property=\"og:image:type\" content=\"image\/webp\" \/>\n<meta name=\"twitter:card\" content=\"summary_large_image\" \/>\n<meta name=\"twitter:label1\" content=\"Dur\u00e9e de lecture estim\u00e9e\" \/>\n\t<meta name=\"twitter:data1\" content=\"1 minute\" \/>\n<script type=\"application\/ld+json\" class=\"yoast-schema-graph\">{\"@context\":\"https:\/\/schema.org\",\"@graph\":[{\"@type\":\"WebPage\",\"@id\":\"https:\/\/simovision.be\/professional\/fr\/produit\/riboflavine-paracel\/\",\"url\":\"https:\/\/simovision.be\/professional\/fr\/produit\/riboflavine-paracel\/\",\"name\":\"Riboflavine ParaCel - Simovision - Professional\",\"isPartOf\":{\"@id\":\"https:\/\/simovision.be\/professional\/fr\/#website\"},\"primaryImageOfPage\":{\"@id\":\"https:\/\/simovision.be\/professional\/fr\/produit\/riboflavine-paracel\/#primaryimage\"},\"image\":{\"@id\":\"https:\/\/simovision.be\/professional\/fr\/produit\/riboflavine-paracel\/#primaryimage\"},\"thumbnailUrl\":\"https:\/\/simovision.be\/professional\/wp-content\/uploads\/sites\/2\/2025\/03\/00-Avedro-ParaCel-01.webp\",\"datePublished\":\"2025-03-18T05:58:34+00:00\",\"dateModified\":\"2025-09-22T10:10:19+00:00\",\"breadcrumb\":{\"@id\":\"https:\/\/simovision.be\/professional\/fr\/produit\/riboflavine-paracel\/#breadcrumb\"},\"inLanguage\":\"fr-FR\",\"potentialAction\":[{\"@type\":\"ReadAction\",\"target\":[\"https:\/\/simovision.be\/professional\/fr\/produit\/riboflavine-paracel\/\"]}]},{\"@type\":\"ImageObject\",\"inLanguage\":\"fr-FR\",\"@id\":\"https:\/\/simovision.be\/professional\/fr\/produit\/riboflavine-paracel\/#primaryimage\",\"url\":\"https:\/\/simovision.be\/professional\/wp-content\/uploads\/sites\/2\/2025\/03\/00-Avedro-ParaCel-01.webp\",\"contentUrl\":\"https:\/\/simovision.be\/professional\/wp-content\/uploads\/sites\/2\/2025\/03\/00-Avedro-ParaCel-01.webp\",\"width\":1000,\"height\":666},{\"@type\":\"BreadcrumbList\",\"@id\":\"https:\/\/simovision.be\/professional\/fr\/produit\/riboflavine-paracel\/#breadcrumb\",\"itemListElement\":[{\"@type\":\"ListItem\",\"position\":1,\"name\":\"Home\",\"item\":\"https:\/\/simovision.be\/professional\/fr\/\"},{\"@type\":\"ListItem\",\"position\":2,\"name\":\"Boutique\",\"item\":\"https:\/\/simovision.be\/professional\/winkel\/\"},{\"@type\":\"ListItem\",\"position\":3,\"name\":\"Riboflavine ParaCel\"}]},{\"@type\":\"WebSite\",\"@id\":\"https:\/\/simovision.be\/professional\/fr\/#website\",\"url\":\"https:\/\/simovision.be\/professional\/fr\/\",\"name\":\"Simovision - Professional\",\"description\":\"\",\"publisher\":{\"@id\":\"https:\/\/simovision.be\/professional\/fr\/#organization\"},\"potentialAction\":[{\"@type\":\"SearchAction\",\"target\":{\"@type\":\"EntryPoint\",\"urlTemplate\":\"https:\/\/simovision.be\/professional\/fr\/?s={search_term_string}\"},\"query-input\":{\"@type\":\"PropertyValueSpecification\",\"valueRequired\":true,\"valueName\":\"search_term_string\"}}],\"inLanguage\":\"fr-FR\"},{\"@type\":\"Organization\",\"@id\":\"https:\/\/simovision.be\/professional\/fr\/#organization\",\"name\":\"Simovision\",\"url\":\"https:\/\/simovision.be\/professional\/fr\/\",\"logo\":{\"@type\":\"ImageObject\",\"inLanguage\":\"fr-FR\",\"@id\":\"https:\/\/simovision.be\/professional\/fr\/#\/schema\/logo\/image\/\",\"url\":\"https:\/\/simovision.be\/professional\/wp-content\/uploads\/sites\/2\/2025\/06\/Logo_Simovision_Hilco_Vision_Pantone_7700C-kopie.webp\",\"contentUrl\":\"https:\/\/simovision.be\/professional\/wp-content\/uploads\/sites\/2\/2025\/06\/Logo_Simovision_Hilco_Vision_Pantone_7700C-kopie.webp\",\"width\":2000,\"height\":1021,\"caption\":\"Simovision\"},\"image\":{\"@id\":\"https:\/\/simovision.be\/professional\/fr\/#\/schema\/logo\/image\/\"},\"sameAs\":[\"https:\/\/www.linkedin.com\/company\/simovision\"]}]}<\/script>\n<!-- \/ Yoast SEO plugin. -->","yoast_head_json":{"title":"Riboflavine ParaCel - Simovision - Professional","robots":{"index":"index","follow":"follow","max-snippet":"max-snippet:-1","max-image-preview":"max-image-preview:large","max-video-preview":"max-video-preview:-1"},"canonical":"https:\/\/simovision.be\/professional\/fr\/produit\/riboflavine-paracel\/","og_locale":"fr_FR","og_type":"article","og_title":"Riboflavine ParaCel - Simovision - Professional","og_description":"Riboflavine ParaCelTM Le ParaCelTM marqu\u00e9 CE est une solution de riboflavine en deux \u00e9tapes sp\u00e9cialement con\u00e7ue pour une application trans\u00e9pith\u00e9liale sur l'\u00e9pith\u00e9lium intact. La concentration plus \u00e9lev\u00e9e de riboflavine et une formulation brevet\u00e9e permettent \u00e0 ParaCelTM de p\u00e9n\u00e9trer rapidement et de se diffuser dans le stroma corn\u00e9en.  Un \u00e9pith\u00e9lium intact r\u00e9duit l'efficacit\u00e9 de la r\u00e9ticulation lors de l'utilisation d'appareils UVA de faible puissance. Le syst\u00e8me KXL\u00ae fournit une puissance de 45 mW\/cm\u00b2 pour une r\u00e9ticulation efficace \u00e0 travers l'\u00e9pith\u00e9lium intact en utilisant le ParaCelTM.","og_url":"https:\/\/simovision.be\/professional\/fr\/produit\/riboflavine-paracel\/","og_site_name":"Simovision - Professional","article_modified_time":"2025-09-22T10:10:19+00:00","og_image":[{"width":1000,"height":666,"url":"https:\/\/simovision.be\/professional\/wp-content\/uploads\/sites\/2\/2025\/03\/00-Avedro-ParaCel-01.webp","type":"image\/webp"}],"twitter_card":"summary_large_image","twitter_misc":{"Dur\u00e9e de lecture estim\u00e9e":"1 minute"},"schema":{"@context":"https:\/\/schema.org","@graph":[{"@type":"WebPage","@id":"https:\/\/simovision.be\/professional\/fr\/produit\/riboflavine-paracel\/","url":"https:\/\/simovision.be\/professional\/fr\/produit\/riboflavine-paracel\/","name":"Riboflavine ParaCel - Simovision - Professional","isPartOf":{"@id":"https:\/\/simovision.be\/professional\/fr\/#website"},"primaryImageOfPage":{"@id":"https:\/\/simovision.be\/professional\/fr\/produit\/riboflavine-paracel\/#primaryimage"},"image":{"@id":"https:\/\/simovision.be\/professional\/fr\/produit\/riboflavine-paracel\/#primaryimage"},"thumbnailUrl":"https:\/\/simovision.be\/professional\/wp-content\/uploads\/sites\/2\/2025\/03\/00-Avedro-ParaCel-01.webp","datePublished":"2025-03-18T05:58:34+00:00","dateModified":"2025-09-22T10:10:19+00:00","breadcrumb":{"@id":"https:\/\/simovision.be\/professional\/fr\/produit\/riboflavine-paracel\/#breadcrumb"},"inLanguage":"fr-FR","potentialAction":[{"@type":"ReadAction","target":["https:\/\/simovision.be\/professional\/fr\/produit\/riboflavine-paracel\/"]}]},{"@type":"ImageObject","inLanguage":"fr-FR","@id":"https:\/\/simovision.be\/professional\/fr\/produit\/riboflavine-paracel\/#primaryimage","url":"https:\/\/simovision.be\/professional\/wp-content\/uploads\/sites\/2\/2025\/03\/00-Avedro-ParaCel-01.webp","contentUrl":"https:\/\/simovision.be\/professional\/wp-content\/uploads\/sites\/2\/2025\/03\/00-Avedro-ParaCel-01.webp","width":1000,"height":666},{"@type":"BreadcrumbList","@id":"https:\/\/simovision.be\/professional\/fr\/produit\/riboflavine-paracel\/#breadcrumb","itemListElement":[{"@type":"ListItem","position":1,"name":"Home","item":"https:\/\/simovision.be\/professional\/fr\/"},{"@type":"ListItem","position":2,"name":"Boutique","item":"https:\/\/simovision.be\/professional\/winkel\/"},{"@type":"ListItem","position":3,"name":"Riboflavine ParaCel"}]},{"@type":"WebSite","@id":"https:\/\/simovision.be\/professional\/fr\/#website","url":"https:\/\/simovision.be\/professional\/fr\/","name":"Simovision - Professional","description":"","publisher":{"@id":"https:\/\/simovision.be\/professional\/fr\/#organization"},"potentialAction":[{"@type":"SearchAction","target":{"@type":"EntryPoint","urlTemplate":"https:\/\/simovision.be\/professional\/fr\/?s={search_term_string}"},"query-input":{"@type":"PropertyValueSpecification","valueRequired":true,"valueName":"search_term_string"}}],"inLanguage":"fr-FR"},{"@type":"Organization","@id":"https:\/\/simovision.be\/professional\/fr\/#organization","name":"Simovision","url":"https:\/\/simovision.be\/professional\/fr\/","logo":{"@type":"ImageObject","inLanguage":"fr-FR","@id":"https:\/\/simovision.be\/professional\/fr\/#\/schema\/logo\/image\/","url":"https:\/\/simovision.be\/professional\/wp-content\/uploads\/sites\/2\/2025\/06\/Logo_Simovision_Hilco_Vision_Pantone_7700C-kopie.webp","contentUrl":"https:\/\/simovision.be\/professional\/wp-content\/uploads\/sites\/2\/2025\/06\/Logo_Simovision_Hilco_Vision_Pantone_7700C-kopie.webp","width":2000,"height":1021,"caption":"Simovision"},"image":{"@id":"https:\/\/simovision.be\/professional\/fr\/#\/schema\/logo\/image\/"},"sameAs":["https:\/\/www.linkedin.com\/company\/simovision"]}]}},"_links":{"self":[{"href":"https:\/\/simovision.be\/professional\/fr\/wp-json\/wp\/v2\/product\/2991","targetHints":{"allow":["GET"]}}],"collection":[{"href":"https:\/\/simovision.be\/professional\/fr\/wp-json\/wp\/v2\/product"}],"about":[{"href":"https:\/\/simovision.be\/professional\/fr\/wp-json\/wp\/v2\/types\/product"}],"wp:featuredmedia":[{"embeddable":true,"href":"https:\/\/simovision.be\/professional\/fr\/wp-json\/wp\/v2\/media\/3760"}],"wp:attachment":[{"href":"https:\/\/simovision.be\/professional\/fr\/wp-json\/wp\/v2\/media?parent=2991"}],"wp:term":[{"taxonomy":"product_brand","embeddable":true,"href":"https:\/\/simovision.be\/professional\/fr\/wp-json\/wp\/v2\/product_brand?post=2991"},{"taxonomy":"product_cat","embeddable":true,"href":"https:\/\/simovision.be\/professional\/fr\/wp-json\/wp\/v2\/product_cat?post=2991"},{"taxonomy":"product_tag","embeddable":true,"href":"https:\/\/simovision.be\/professional\/fr\/wp-json\/wp\/v2\/product_tag?post=2991"}],"curies":[{"name":"wp","href":"https:\/\/api.w.org\/{rel}","templated":true}]}}