{"id":2919,"date":"2025-03-13T09:35:28","date_gmt":"2025-03-13T08:35:28","guid":{"rendered":"https:\/\/simovision.be\/professional\/product\/cx-1\/"},"modified":"2025-09-22T12:11:26","modified_gmt":"2025-09-22T10:11:26","slug":"cx-1","status":"publish","type":"product","link":"https:\/\/simovision.be\/professional\/fr\/produit\/cx-1\/","title":{"rendered":"CX-1"},"content":{"rendered":"<h3><strong>Modes d\u2019imagerie<\/strong><\/h3>\n<ul>\n<li><strong>Couleur<\/strong><\/li>\n<li><strong>Fluoangiographie<\/strong>:\u00a0contr\u00f4le du flux r\u00e9tinien \u00e0 la recherche d\u2019occlusions et de fuites.<\/li>\n<li><strong>Auto-fluorescence (FAF)<\/strong>: contribue \u00e0 la d\u00e9tection pr\u00e9coce de changements dans la r\u00e9tine, au d\u00e9pistage pr\u00e9coce de la DMLA.<\/li>\n<li><strong>An\u00e9rythre<\/strong>: am\u00e9liore la visibilit\u00e9 des vaisseaux sanguins r\u00e9tiniens, des h\u00e9morrhagies, des drusen et des exsudats.<\/li>\n<li><strong>Bleu cobalt<\/strong>: fournit un arri\u00e8re-plan plus sombre pour am\u00e9liorer la visualisation des fibres nerveuses.<\/li>\n<\/ul>\n<p>Tous les modes de photographie sont disponibles en mode mydriatique et non-mydriatique.<\/p>\n<p>Les filtres optiques du CX-1 sont compl\u00e9t\u00e9s par le <strong>logiciel RX<\/strong> qui offre \u00e9galement la possibilit\u00e9 d\u2019utiliser un <strong>filtre RVB<\/strong>. Le canal rouge s\u2019av\u00e8re particuli\u00e8rement utile pour visualiser les anomalies pigmentaires, les fissures choro\u00efdiennes, les naevus et les m\u00e9lanomes malins, ce qui favorise la <strong>d\u00e9tection pr\u00e9coce<\/strong> des alt\u00e9rations r\u00e9tiniennes.<\/p>\n<h3><strong>Auto-fluorescence du fond de l\u2019\u0153il (FAF)<\/strong><\/h3>\n<p>L\u2019auto-fluorescence du fond de l\u2019\u0153il (FAF) est une <strong>technique de diagnostique<\/strong> permettant de documenter les <strong>d\u00e9p\u00f4ts<\/strong> de <strong>lipofuscine<\/strong> dans l\u2019<strong>\u00e9pith\u00e9lium pigmentaire<\/strong> de la <strong>r\u00e9tine<\/strong> (EPR). C\u2019est un examen simple, non invasif qui fournit des informations importantes pour le diagnostic des maladies r\u00e9tiniennes.<\/p>\n<p>Depuis l\u2019introduction en 1959 de l\u2019angiographie \u00e0 la fluoresc\u00e9ine (FFA), les ophtalmologistes ont d\u00e9couvert que m\u00eame sans utilisation de fluoresc\u00e9ine, des parties du fond de l\u2019\u0153il pr\u00e9sentent des zones de fluorescence faible dans certaines circonstances. Cette fluorescence naturelle est principalement caus\u00e9e par la lipofuscine, un pigment fluorescent qui s\u2019accumule dans l\u2019EPR en tant que sous-produit m\u00e9tabolique de la fonction cellulaire. Cette accumulation de lipofuscine augmente normalement avec l\u2019\u00e2ge mais peut aussi appara\u00eetre \u00e0 cause d\u2019un dysfonctionnement des cellules de l\u2019RPE.<\/p>\n<p>L\u2019imagerie FAF permet de voir les d\u00e9p\u00f4ts de lipofuscine dans l\u2019\u00e9pith\u00e9lium r\u00e9tinien pigmentaire (RPE). Les zones pr\u00e9sentant une accumulation excessive de lipofuscine se distinguent par leur hyper-fluorescence tandis que les zones sans cellules du RPE apparaissent hypo-fluorescentes.<\/p>\n<h3><strong>Spectre de la lumi\u00e8re verte<\/strong><\/h3>\n<p>Le CX-1 utilise le <strong>spectre<\/strong> de la <strong>lumi\u00e8re verte<\/strong> pour <strong>stimuler<\/strong> la <strong>r\u00e9tine<\/strong> et capturer les \u00e9missions dans le spectre jaune-orange \u00e0 l\u2019aide de filtres optiques soigneusement s\u00e9lectionn\u00e9s. L\u2019utilisation du spectre de la lumi\u00e8re verte permet d\u2019avoir plus de d\u00e9tails dans la fov\u00e9a o\u00f9 la lumi\u00e8re bleue a tendance \u00e0 \u00eatre absorb\u00e9e par les pigments maculaires.<\/p>\n<p>Les ondes de la lumi\u00e8re verte tendent en outre \u00e0 \u00eatre moins absorb\u00e9e par le cristallin de l\u2019\u0153il, particuli\u00e8rement chez les patients atteints de cataracte.<\/p>\n<h3><strong>Traitement d\u2019images num\u00e9riques<\/strong><\/h3>\n<p>Le <strong>logiciel RX<\/strong> peut, sans qu\u2019il soit n\u00e9cessaire de capturer de nouvelles images, <strong>g\u00e9n\u00e9rer<\/strong> une <strong>image num\u00e9rique<\/strong> \u00e0 partir de la <strong>photo couleur<\/strong>. Cette solution, qui utilise l\u2019image RAW originale de l\u2019appareil photo num\u00e9rique, repose sur la technologie Canon EOS pour la r\u00e9tine et sur des m\u00e9thodes exclusives de traitement d\u2019image.<\/p>\n<p>La qualit\u00e9 d\u2019image est tout \u00e0 fait comparable avec celle obtenue avec des filtres optiques.<\/p>\n<ul>\n<li><strong>Embossage n\u00e9gatif<\/strong>: fait ressortir les vaisseaux.<\/li>\n<li><strong>Embossage positif<\/strong>: fait ressortir le nerf optique.<\/li>\n<li><strong>An\u00e9rythre et cobalt<\/strong><\/li>\n<li><strong>Inversion<\/strong>: inversion des couleurs pour faciliter le diagnostic.<\/li>\n<li><strong>Overlay<\/strong>: superposition de 2 images de nature diff\u00e9rente ou \u00e0 des dates diff\u00e9rentes pour visualiser les modifications.<\/li>\n<li><strong>Annotations<\/strong>: ajout de texte ou de forme sur l\u2019image.<\/li>\n<li><strong>Mesure Cup\/Disc<\/strong>: mesure des rapports C\/D.<\/li>\n<li><strong>Fonction loupe<\/strong>: aide au diagnostic.<\/li>\n<\/ul>\n<h3><strong>Imagerie grand champ<\/strong><\/h3>\n<p>Gr\u00e2ce au logiciel Mosaic en option, il est possible de combiner jusqu\u2019\u00e0 20 images pour obtenir une <strong>image grand champ<\/strong> de <strong>haute r\u00e9solution<\/strong>, incluant la r\u00e9tine p\u00e9riph\u00e9rique (jusqu\u2019\u00e0 85\u00b0). Le guidage automatique de la lampe de fixation du r\u00e9tinographe facilite la capture des images.<\/p>\n<h3><strong>Qualit\u00e9 d\u2019image in\u00e9gal\u00e9e<\/strong><\/h3>\n<p>Gr\u00e2ce \u00e0 l\u2019excellente optique de Canon et \u00e0 un <strong>appareil photo num\u00e9rique de 24 MP<\/strong> d\u00e9di\u00e9, la <strong>qualit\u00e9 d\u2019image<\/strong> obtenue est exceptionnelle. Des filtres optiques s\u00e9lectionn\u00e9s avec soin garantissent des r\u00e9sultats optimaux pour l\u2019angiographie \u00e0 la fluoresc\u00e9ine et la FAF.<\/p>\n<p>Le <strong>syst\u00e8me de suppression des opacit\u00e9s <\/strong>de Canon permet d\u2019\u00e9liminer en grande partie les effets de la cataracte et d\u2019autres opacit\u00e9s oculaires sur les images en couleur.<\/p>\n<h3><strong>Flash automatique optimis\u00e9<\/strong><\/h3>\n<p>Le CX-1 dispose d&rsquo;une <strong>plage de flash automatiquement optimis\u00e9e<\/strong>, s&rsquo;ajustant aux diff\u00e9rents modes de photographie et aux <strong>r\u00e9glages ISO<\/strong>. Il vous assiste en s\u00e9lectionnant automatiquement l&rsquo;un des 168 r\u00e9glages de flash possibles.<\/p>\n<h3><strong>2 Modes: Non Myd &amp; Myd<\/strong><\/h3>\n<ol>\n<li>\n<h4>Mode non mydriatique<\/h4>\n<\/li>\n<\/ol>\n<p>Le mode non mydriatique est essentiel pour les <strong>patients pour lesquels il est impossible de dilater<\/strong> les pupilles, par exemple pour les cas suspects de glaucome. Il est \u00e9galement b\u00e9n\u00e9fique pour les enfants et les patients photosensibles gr\u00e2ce \u00e0 sa lumi\u00e8re <strong>IR non invasive<\/strong>. Dans ce mode, l\u2019observation s\u2019effectue sur l\u2019\u00e9cran de la cam\u00e9ra num\u00e9rique, en utilisant une lumi\u00e8re d\u2019observation invisible IR. L\u2019angle de vue dans ce mode est de 45 degr\u00e9s (ou 67,5 degr\u00e9s pour l\u2019angle de vue central sp\u00e9cifi\u00e9).<\/p>\n<p><strong>Dans ce mode, il est possible de prendre des clich\u00e9s en couleur, an\u00e9rythre, cobalt, auto-fluorescence du fond de l\u2019\u0153il (FAF) et m\u00eame des angiographies \u00e0 la fluoresc\u00e9ine.<\/strong><\/p>\n<ol start=\"2\">\n<li>\n<h4>Mode mydriatique<\/h4>\n<\/li>\n<\/ol>\n<p>Dans ce mode plus traditionnel, <strong>l\u2019observation <\/strong>se fait avec l\u2019\u0153illeton en utilisant la <strong>lumi\u00e8re visible,<\/strong> donnant ainsi une image couleur plus nette de la r\u00e9tine. L\u2019angle de vue est de 50 degr\u00e9s (ou 75 degr\u00e9s pour l\u2019angle de vue central sp\u00e9cifi\u00e9).<\/p>\n<h3><strong>Grossissement x2<\/strong><\/h3>\n<p>Le CX-1 est \u00e9quip\u00e9 d\u2019un <strong>bouton 2X<\/strong> permettant d\u2019obtenir un <strong>grossissement num\u00e9rique<\/strong> ou selon le r\u00e9glage, une image \u00e0 un angle de 30\u00b0.<\/p>\n<h3><strong>Angle de 30 degr\u00e9s<\/strong><\/h3>\n<p>Un angle de 30 degr\u00e9s est requis pour la participation \u00e0 des \u00e9tudes et pour collaborer avec la plupart des centres de lectures tels que DARC, Wisconsin et VRC.<\/p>\n","protected":false},"excerpt":{"rendered":"<p><img loading=\"lazy\" decoding=\"async\" src=\"https:\/\/simovision.be\/professional\/wp-content\/uploads\/sites\/2\/2025\/06\/Logo_canon_tease.png\" alt=\"\" width=\"319\" height=\"40\" class=\"alignnone size-full wp-image-4984\" srcset=\"https:\/\/simovision.be\/professional\/wp-content\/uploads\/sites\/2\/2025\/06\/Logo_canon_tease.png 319w, https:\/\/simovision.be\/professional\/wp-content\/uploads\/sites\/2\/2025\/06\/Logo_canon_tease-64x8.png 64w, https:\/\/simovision.be\/professional\/wp-content\/uploads\/sites\/2\/2025\/06\/Logo_canon_tease-300x38.png 300w\" sizes=\"auto, (max-width: 319px) 100vw, 319px\" \/><\/p>\n<h3><strong>Angiographe mydriatique et non mydriatique CX-1<\/strong><\/h3>\n<p>Le CX-1 est un <strong>angiographe mydriatique<\/strong> qui peut se <strong>transformer <\/strong>en angiographe <strong>non mydriatique<\/strong> par <strong>simple pression sur un bouton<\/strong>. En plus des clich\u00e9s en couleur, le CX-1 dispose de 4 autres modes de photographie\u202f: Fluo, An\u00e9rythre (red-free), Cobalt et <strong>auto-fluorescenc<\/strong>e du fond de l\u2019\u0153il (FAF).<\/p>\n<p><strong>Tous les types de clich\u00e9s peuvent \u00eatre r\u00e9alis\u00e9s en mode MYD ou non MYD, <\/strong>ce qui offre une polyvalence exceptionnelle et permet le <strong>diagnostic<\/strong>, le <strong>d\u00e9pistage <\/strong>ou le <strong>suivi <\/strong>de toutes les principales pathologies oculaires.<\/p>\n<ul>\n<li>Prise de mesure facile gr\u00e2ce \u00e0 un syst\u00e8me compact.<\/li>\n<li>Filtres motoris\u00e9s pour une mise en place simple et une protection de la poussi\u00e8re.<\/li>\n<li>Mentonni\u00e8re motoris\u00e9e permettant un ajustement ais\u00e9.<\/li>\n<li>Ecran inclinable offrant plus d\u2019ergonomie pour l\u2019observation.<\/li>\n<li>Moniteur externe pour observation de la r\u00e9tine en Full HD.<\/li>\n<li>Fonction \u00ab Tilt and Pan \u00bb facilite la prise de photographie.<br \/>\nLa CX-1 s\u2019incline verticalement et horizontalement permettant de travailler autour des obstructions oculaires centrales (telles que la cataracte ou les h\u00e9morragies du vitr\u00e9) et facilitent l\u2019imagerie r\u00e9tinienne p\u00e9riph\u00e9rique.<\/li>\n<\/ul>\n","protected":false},"featured_media":3692,"template":"","meta":{"_acf_changed":false,"content-type":"","site-sidebar-layout":"default","site-content-layout":"","ast-site-content-layout":"default","site-content-style":"default","site-sidebar-style":"default","ast-global-header-display":"","ast-banner-title-visibility":"","ast-main-header-display":"","ast-hfb-above-header-display":"","ast-hfb-below-header-display":"","ast-hfb-mobile-header-display":"","site-post-title":"","ast-breadcrumbs-content":"","ast-featured-img":"","footer-sml-layout":"","theme-transparent-header-meta":"default","adv-header-id-meta":"","stick-header-meta":"default","header-above-stick-meta":"","header-main-stick-meta":"","header-below-stick-meta":"","astra-migrate-meta-layouts":"set","ast-page-background-enabled":"default","ast-page-background-meta":{"desktop":{"background-color":"var(--ast-global-color-4)","background-image":"","background-repeat":"repeat","background-position":"center center","background-size":"auto","background-attachment":"scroll","background-type":"","background-media":"","overlay-type":"","overlay-color":"","overlay-opacity":"","overlay-gradient":""},"tablet":{"background-color":"","background-image":"","background-repeat":"repeat","background-position":"center center","background-size":"auto","background-attachment":"scroll","background-type":"","background-media":"","overlay-type":"","overlay-color":"","overlay-opacity":"","overlay-gradient":""},"mobile":{"background-color":"","background-image":"","background-repeat":"repeat","background-position":"center center","background-size":"auto","background-attachment":"scroll","background-type":"","background-media":"","overlay-type":"","overlay-color":"","overlay-opacity":"","overlay-gradient":""}},"ast-content-background-meta":{"desktop":{"background-color":"var(--ast-global-color-5)","background-image":"","background-repeat":"repeat","background-position":"center center","background-size":"auto","background-attachment":"scroll","background-type":"","background-media":"","overlay-type":"","overlay-color":"","overlay-opacity":"","overlay-gradient":""},"tablet":{"background-color":"var(--ast-global-color-5)","background-image":"","background-repeat":"repeat","background-position":"center center","background-size":"auto","background-attachment":"scroll","background-type":"","background-media":"","overlay-type":"","overlay-color":"","overlay-opacity":"","overlay-gradient":""},"mobile":{"background-color":"var(--ast-global-color-5)","background-image":"","background-repeat":"repeat","background-position":"center center","background-size":"auto","background-attachment":"scroll","background-type":"","background-media":"","overlay-type":"","overlay-color":"","overlay-opacity":"","overlay-gradient":""}}},"product_brand":[],"product_cat":[123],"product_tag":[],"class_list":{"0":"post-2919","1":"product","2":"type-product","3":"status-publish","4":"has-post-thumbnail","6":"product_cat-retinographes","7":"desktop-align-left","8":"tablet-align-left","9":"mobile-align-left","10":"ast-product-gallery-layout-first-image-large","11":"ast-product-tabs-layout-horizontal","13":"first","14":"instock","15":"shipping-taxable","16":"product-type-simple"},"acf":[],"yoast_head":"<!-- This site is optimized with the Yoast SEO plugin v26.3 - https:\/\/yoast.com\/wordpress\/plugins\/seo\/ -->\n<title>CX-1 - Simovision - Professional<\/title>\n<meta name=\"robots\" content=\"index, follow, max-snippet:-1, max-image-preview:large, max-video-preview:-1\" \/>\n<link rel=\"canonical\" href=\"https:\/\/simovision.be\/professional\/fr\/produit\/cx-1\/\" \/>\n<meta property=\"og:locale\" content=\"fr_FR\" \/>\n<meta property=\"og:type\" content=\"article\" \/>\n<meta property=\"og:title\" content=\"CX-1 - Simovision - Professional\" \/>\n<meta property=\"og:description\" content=\"Angiographe mydriatique et non mydriatique CX-1 Le CX-1 est un angiographe mydriatique qui peut se transformer en angiographe non mydriatique par simple pression sur un bouton. En plus des clich\u00e9s en couleur, le CX-1 dispose de 4 autres modes de photographie\u202f: Fluo, An\u00e9rythre (red-free), Cobalt et auto-fluorescence du fond de l\u2019\u0153il (FAF).  Tous les types de clich\u00e9s peuvent \u00eatre r\u00e9alis\u00e9s en mode MYD ou non MYD, ce qui offre une polyvalence exceptionnelle et permet le diagnostic, le d\u00e9pistage ou le suivi de toutes les principales pathologies oculaires.   Prise de mesure facile gr\u00e2ce \u00e0 un syst\u00e8me compact.  Filtres motoris\u00e9s pour une mise en place simple et une protection de la poussi\u00e8re.  Mentonni\u00e8re motoris\u00e9e permettant un ajustement ais\u00e9.  Ecran inclinable offrant plus d\u2019ergonomie pour l\u2019observation.  Moniteur externe pour observation de la r\u00e9tine en Full HD.  Fonction \u00ab Tilt and Pan \u00bb facilite la prise de photographie. La CX-1 s\u2019incline verticalement et horizontalement permettant de travailler autour des obstructions oculaires centrales (telles que la cataracte ou les h\u00e9morragies du vitr\u00e9) et facilitent l\u2019imagerie r\u00e9tinienne p\u00e9riph\u00e9rique.\" \/>\n<meta property=\"og:url\" content=\"https:\/\/simovision.be\/professional\/fr\/produit\/cx-1\/\" \/>\n<meta property=\"og:site_name\" content=\"Simovision - Professional\" \/>\n<meta property=\"article:modified_time\" content=\"2025-09-22T10:11:26+00:00\" \/>\n<meta property=\"og:image\" content=\"https:\/\/simovision.be\/professional\/wp-content\/uploads\/sites\/2\/2025\/03\/00.-M130_03.webp\" \/>\n\t<meta property=\"og:image:width\" content=\"1000\" \/>\n\t<meta property=\"og:image:height\" content=\"666\" \/>\n\t<meta property=\"og:image:type\" content=\"image\/webp\" \/>\n<meta name=\"twitter:card\" content=\"summary_large_image\" \/>\n<meta name=\"twitter:label1\" content=\"Dur\u00e9e de lecture estim\u00e9e\" \/>\n\t<meta name=\"twitter:data1\" content=\"5 minutes\" \/>\n<script type=\"application\/ld+json\" class=\"yoast-schema-graph\">{\"@context\":\"https:\/\/schema.org\",\"@graph\":[{\"@type\":\"WebPage\",\"@id\":\"https:\/\/simovision.be\/professional\/fr\/produit\/cx-1\/\",\"url\":\"https:\/\/simovision.be\/professional\/fr\/produit\/cx-1\/\",\"name\":\"CX-1 - Simovision - Professional\",\"isPartOf\":{\"@id\":\"https:\/\/simovision.be\/professional\/fr\/#website\"},\"primaryImageOfPage\":{\"@id\":\"https:\/\/simovision.be\/professional\/fr\/produit\/cx-1\/#primaryimage\"},\"image\":{\"@id\":\"https:\/\/simovision.be\/professional\/fr\/produit\/cx-1\/#primaryimage\"},\"thumbnailUrl\":\"https:\/\/simovision.be\/professional\/wp-content\/uploads\/sites\/2\/2025\/03\/00.-M130_03.webp\",\"datePublished\":\"2025-03-13T08:35:28+00:00\",\"dateModified\":\"2025-09-22T10:11:26+00:00\",\"breadcrumb\":{\"@id\":\"https:\/\/simovision.be\/professional\/fr\/produit\/cx-1\/#breadcrumb\"},\"inLanguage\":\"fr-FR\",\"potentialAction\":[{\"@type\":\"ReadAction\",\"target\":[\"https:\/\/simovision.be\/professional\/fr\/produit\/cx-1\/\"]}]},{\"@type\":\"ImageObject\",\"inLanguage\":\"fr-FR\",\"@id\":\"https:\/\/simovision.be\/professional\/fr\/produit\/cx-1\/#primaryimage\",\"url\":\"https:\/\/simovision.be\/professional\/wp-content\/uploads\/sites\/2\/2025\/03\/00.-M130_03.webp\",\"contentUrl\":\"https:\/\/simovision.be\/professional\/wp-content\/uploads\/sites\/2\/2025\/03\/00.-M130_03.webp\",\"width\":1000,\"height\":666},{\"@type\":\"BreadcrumbList\",\"@id\":\"https:\/\/simovision.be\/professional\/fr\/produit\/cx-1\/#breadcrumb\",\"itemListElement\":[{\"@type\":\"ListItem\",\"position\":1,\"name\":\"Home\",\"item\":\"https:\/\/simovision.be\/professional\/fr\/\"},{\"@type\":\"ListItem\",\"position\":2,\"name\":\"Boutique\",\"item\":\"https:\/\/simovision.be\/professional\/winkel\/\"},{\"@type\":\"ListItem\",\"position\":3,\"name\":\"CX-1\"}]},{\"@type\":\"WebSite\",\"@id\":\"https:\/\/simovision.be\/professional\/fr\/#website\",\"url\":\"https:\/\/simovision.be\/professional\/fr\/\",\"name\":\"Simovision - Professional\",\"description\":\"\",\"publisher\":{\"@id\":\"https:\/\/simovision.be\/professional\/fr\/#organization\"},\"potentialAction\":[{\"@type\":\"SearchAction\",\"target\":{\"@type\":\"EntryPoint\",\"urlTemplate\":\"https:\/\/simovision.be\/professional\/fr\/?s={search_term_string}\"},\"query-input\":{\"@type\":\"PropertyValueSpecification\",\"valueRequired\":true,\"valueName\":\"search_term_string\"}}],\"inLanguage\":\"fr-FR\"},{\"@type\":\"Organization\",\"@id\":\"https:\/\/simovision.be\/professional\/fr\/#organization\",\"name\":\"Simovision\",\"url\":\"https:\/\/simovision.be\/professional\/fr\/\",\"logo\":{\"@type\":\"ImageObject\",\"inLanguage\":\"fr-FR\",\"@id\":\"https:\/\/simovision.be\/professional\/fr\/#\/schema\/logo\/image\/\",\"url\":\"https:\/\/simovision.be\/professional\/wp-content\/uploads\/sites\/2\/2025\/06\/Logo_Simovision_Hilco_Vision_Pantone_7700C-kopie.webp\",\"contentUrl\":\"https:\/\/simovision.be\/professional\/wp-content\/uploads\/sites\/2\/2025\/06\/Logo_Simovision_Hilco_Vision_Pantone_7700C-kopie.webp\",\"width\":2000,\"height\":1021,\"caption\":\"Simovision\"},\"image\":{\"@id\":\"https:\/\/simovision.be\/professional\/fr\/#\/schema\/logo\/image\/\"},\"sameAs\":[\"https:\/\/www.linkedin.com\/company\/simovision\"]}]}<\/script>\n<!-- \/ Yoast SEO plugin. -->","yoast_head_json":{"title":"CX-1 - Simovision - Professional","robots":{"index":"index","follow":"follow","max-snippet":"max-snippet:-1","max-image-preview":"max-image-preview:large","max-video-preview":"max-video-preview:-1"},"canonical":"https:\/\/simovision.be\/professional\/fr\/produit\/cx-1\/","og_locale":"fr_FR","og_type":"article","og_title":"CX-1 - Simovision - Professional","og_description":"Angiographe mydriatique et non mydriatique CX-1 Le CX-1 est un angiographe mydriatique qui peut se transformer en angiographe non mydriatique par simple pression sur un bouton. En plus des clich\u00e9s en couleur, le CX-1 dispose de 4 autres modes de photographie\u202f: Fluo, An\u00e9rythre (red-free), Cobalt et auto-fluorescence du fond de l\u2019\u0153il (FAF).  Tous les types de clich\u00e9s peuvent \u00eatre r\u00e9alis\u00e9s en mode MYD ou non MYD, ce qui offre une polyvalence exceptionnelle et permet le diagnostic, le d\u00e9pistage ou le suivi de toutes les principales pathologies oculaires.   Prise de mesure facile gr\u00e2ce \u00e0 un syst\u00e8me compact.  Filtres motoris\u00e9s pour une mise en place simple et une protection de la poussi\u00e8re.  Mentonni\u00e8re motoris\u00e9e permettant un ajustement ais\u00e9.  Ecran inclinable offrant plus d\u2019ergonomie pour l\u2019observation.  Moniteur externe pour observation de la r\u00e9tine en Full HD.  Fonction \u00ab Tilt and Pan \u00bb facilite la prise de photographie. La CX-1 s\u2019incline verticalement et horizontalement permettant de travailler autour des obstructions oculaires centrales (telles que la cataracte ou les h\u00e9morragies du vitr\u00e9) et facilitent l\u2019imagerie r\u00e9tinienne p\u00e9riph\u00e9rique.","og_url":"https:\/\/simovision.be\/professional\/fr\/produit\/cx-1\/","og_site_name":"Simovision - Professional","article_modified_time":"2025-09-22T10:11:26+00:00","og_image":[{"width":1000,"height":666,"url":"https:\/\/simovision.be\/professional\/wp-content\/uploads\/sites\/2\/2025\/03\/00.-M130_03.webp","type":"image\/webp"}],"twitter_card":"summary_large_image","twitter_misc":{"Dur\u00e9e de lecture estim\u00e9e":"5 minutes"},"schema":{"@context":"https:\/\/schema.org","@graph":[{"@type":"WebPage","@id":"https:\/\/simovision.be\/professional\/fr\/produit\/cx-1\/","url":"https:\/\/simovision.be\/professional\/fr\/produit\/cx-1\/","name":"CX-1 - Simovision - Professional","isPartOf":{"@id":"https:\/\/simovision.be\/professional\/fr\/#website"},"primaryImageOfPage":{"@id":"https:\/\/simovision.be\/professional\/fr\/produit\/cx-1\/#primaryimage"},"image":{"@id":"https:\/\/simovision.be\/professional\/fr\/produit\/cx-1\/#primaryimage"},"thumbnailUrl":"https:\/\/simovision.be\/professional\/wp-content\/uploads\/sites\/2\/2025\/03\/00.-M130_03.webp","datePublished":"2025-03-13T08:35:28+00:00","dateModified":"2025-09-22T10:11:26+00:00","breadcrumb":{"@id":"https:\/\/simovision.be\/professional\/fr\/produit\/cx-1\/#breadcrumb"},"inLanguage":"fr-FR","potentialAction":[{"@type":"ReadAction","target":["https:\/\/simovision.be\/professional\/fr\/produit\/cx-1\/"]}]},{"@type":"ImageObject","inLanguage":"fr-FR","@id":"https:\/\/simovision.be\/professional\/fr\/produit\/cx-1\/#primaryimage","url":"https:\/\/simovision.be\/professional\/wp-content\/uploads\/sites\/2\/2025\/03\/00.-M130_03.webp","contentUrl":"https:\/\/simovision.be\/professional\/wp-content\/uploads\/sites\/2\/2025\/03\/00.-M130_03.webp","width":1000,"height":666},{"@type":"BreadcrumbList","@id":"https:\/\/simovision.be\/professional\/fr\/produit\/cx-1\/#breadcrumb","itemListElement":[{"@type":"ListItem","position":1,"name":"Home","item":"https:\/\/simovision.be\/professional\/fr\/"},{"@type":"ListItem","position":2,"name":"Boutique","item":"https:\/\/simovision.be\/professional\/winkel\/"},{"@type":"ListItem","position":3,"name":"CX-1"}]},{"@type":"WebSite","@id":"https:\/\/simovision.be\/professional\/fr\/#website","url":"https:\/\/simovision.be\/professional\/fr\/","name":"Simovision - Professional","description":"","publisher":{"@id":"https:\/\/simovision.be\/professional\/fr\/#organization"},"potentialAction":[{"@type":"SearchAction","target":{"@type":"EntryPoint","urlTemplate":"https:\/\/simovision.be\/professional\/fr\/?s={search_term_string}"},"query-input":{"@type":"PropertyValueSpecification","valueRequired":true,"valueName":"search_term_string"}}],"inLanguage":"fr-FR"},{"@type":"Organization","@id":"https:\/\/simovision.be\/professional\/fr\/#organization","name":"Simovision","url":"https:\/\/simovision.be\/professional\/fr\/","logo":{"@type":"ImageObject","inLanguage":"fr-FR","@id":"https:\/\/simovision.be\/professional\/fr\/#\/schema\/logo\/image\/","url":"https:\/\/simovision.be\/professional\/wp-content\/uploads\/sites\/2\/2025\/06\/Logo_Simovision_Hilco_Vision_Pantone_7700C-kopie.webp","contentUrl":"https:\/\/simovision.be\/professional\/wp-content\/uploads\/sites\/2\/2025\/06\/Logo_Simovision_Hilco_Vision_Pantone_7700C-kopie.webp","width":2000,"height":1021,"caption":"Simovision"},"image":{"@id":"https:\/\/simovision.be\/professional\/fr\/#\/schema\/logo\/image\/"},"sameAs":["https:\/\/www.linkedin.com\/company\/simovision"]}]}},"_links":{"self":[{"href":"https:\/\/simovision.be\/professional\/fr\/wp-json\/wp\/v2\/product\/2919","targetHints":{"allow":["GET"]}}],"collection":[{"href":"https:\/\/simovision.be\/professional\/fr\/wp-json\/wp\/v2\/product"}],"about":[{"href":"https:\/\/simovision.be\/professional\/fr\/wp-json\/wp\/v2\/types\/product"}],"wp:featuredmedia":[{"embeddable":true,"href":"https:\/\/simovision.be\/professional\/fr\/wp-json\/wp\/v2\/media\/3692"}],"wp:attachment":[{"href":"https:\/\/simovision.be\/professional\/fr\/wp-json\/wp\/v2\/media?parent=2919"}],"wp:term":[{"taxonomy":"product_brand","embeddable":true,"href":"https:\/\/simovision.be\/professional\/fr\/wp-json\/wp\/v2\/product_brand?post=2919"},{"taxonomy":"product_cat","embeddable":true,"href":"https:\/\/simovision.be\/professional\/fr\/wp-json\/wp\/v2\/product_cat?post=2919"},{"taxonomy":"product_tag","embeddable":true,"href":"https:\/\/simovision.be\/professional\/fr\/wp-json\/wp\/v2\/product_tag?post=2919"}],"curies":[{"name":"wp","href":"https:\/\/api.w.org\/{rel}","templated":true}]}}