{"id":2916,"date":"2025-03-18T07:18:28","date_gmt":"2025-03-18T07:18:28","guid":{"rendered":"https:\/\/simovision.be\/professional\/product\/avansee-preload-1p\/"},"modified":"2025-09-22T12:10:04","modified_gmt":"2025-09-22T10:10:04","slug":"avansee-preload-1p","status":"publish","type":"product","link":"https:\/\/simovision.be\/professional\/fr\/produit\/avansee-preload-1p\/","title":{"rendered":"Avansee\u2122 Preload 1P"},"content":{"rendered":"<h4>Entretien avec le Prof. Dr. med. Gerd U. Auffarth, F.E.B.O.<\/h4>\n<p><strong><br \/>\nComment d\u00e9cririez-vous le syst\u00e8me Avansee?<br \/>\n<\/strong>\u00ab\u00a0Un <strong>syst\u00e8me pr\u00e9charg\u00e9<\/strong> tr\u00e8s sophistiqu\u00e9 mais facile \u00e0 manipuler avec lequel on peut injecter facilement l\u2019implant et de mani\u00e8re reproductible. Etant donn\u00e9 que<strong> les haptiques ne collent pas<\/strong> \u00e0 l\u2019optique, elles se <strong>d\u00e9ploient <\/strong><strong>tr\u00e8s facilement<\/strong>. Ces derni\u00e8res assurent \u00e9galement un bon contact avec l&rsquo;\u00e9quateur ce qui permet de <strong>bien centrer l\u2019implant<\/strong>.\u00a0\u00bb<\/p>\n<p><strong>Dans quel mesure le mat\u00e9riel utilis\u00e9 correspond t\u2019-il \u00e0 vos exigences?<\/strong><br \/>\n\u00ab\u00a0Le mat\u00e9riel <strong>acrylique hydrophobe <\/strong>se <strong>d\u00e9ploie <\/strong>tr\u00e8s facilement dans l&rsquo;\u0153il car moins rigide et \u00abcollant\u00bb que d&rsquo;autres IOL hydrophobes similaires sur le march\u00e9. De plus en termes de <strong>glistenings <\/strong>et <strong>d\u2019opacification <\/strong>cette lentille pr\u00e9sente <strong>d&rsquo;excellents r\u00e9sultats<\/strong> par rapport \u00e0 <strong>d&rsquo;autres IOL<\/strong> (Prof. G. Auffarth Eurotimes 09\/2016).\u00a0\u00bb<\/p>\n<p><strong>L&rsquo;injecteur est-il facile \u00e0 utiliser?<\/strong><br \/>\n\u00ab\u00a0<strong>L&rsquo;injecteur <\/strong>est<strong> tr\u00e8s facile<\/strong> \u00e0 utiliser pour l\u2019ensemble des membres du bloc op\u00e9ratoire. L&rsquo;implantation de la lentille se fait de fa\u00e7on rapide et de mani\u00e8re contr\u00f4l\u00e9e, les haptiques se d\u00e9ployant sans effort. De plus, nous ne trouvons <strong>pas de traces<\/strong> de <strong>rayures<\/strong>, qui potentiellement peuvent parfois appara\u00eetre dans les <strong>syst\u00e8mes pr\u00e9charg\u00e9s hydrophobes<\/strong>.\u00a0\u00bb<\/p>\n<p>Avec l\u2019exp\u00e9rience de plus de<strong> &gt;600.000 implants Avansee\u2122<\/strong> utilis\u00e9s partout dans le monde et qui confirme les <strong>excellents r\u00e9sultats post-op\u00e9ratoires<\/strong>, Simovision se positionne \u00e0 nouveau comme un partenaire de choix en prenant la d\u00e9cision de mettre \u00e0 l\u2019honneur un produit \u00ab state-of-the-art \u00bb et en l\u2019ajoutant \u00e0 sa gamme.<\/p>\n<h3><strong>Q&amp;A<\/strong><\/h3>\n<p><strong>Who is the target audience for the Avansee Preload1P?<\/strong><br \/>\nThe Avansee Preload1P is aimed at all ophthalmology surgeons who are looking for a <strong>1 piece, aspheric, hydrophobic, monofocal<\/strong> lens that is <strong>fully preloaded<\/strong> in a <strong>light-weight injector<\/strong> and that offers <strong>optimum visual acuity<\/strong> with <strong>minimal post-operative complications<\/strong>.<\/p>\n<p><strong>How does it compare to other products on the market?<\/strong><br \/>\nThe advanced design of the plunger includes a unique head shape which stabilises the lens attitude and movement during insertion ensuring <strong>accurate lens placement<\/strong> every time.<\/p>\n<p>This <strong>1-piece IOL<\/strong> is <strong>glistening-free<\/strong> and its <strong>lens material<\/strong> has the <strong>lowest glistening severity code possible<\/strong> (0) in European laboratory studies1. It has a 360 degree square edge that extends around the lens to the optic-haptic junction, as well as unique haptics which maintain space and aid adhesion between the anterior and posterior capsules ensuring it has a low PCO rate<sup>2,3<\/sup>.<\/p>\n<p><strong><br \/>\nBibliographie<\/strong><\/p>\n<hr \/>\n<ol style=\"font-size: 10px\">\n<li><span style=\"font-size: 10pt\">Auffarth G et al., \u201cEvaluation of in vitro glistening formation in different hydrophobic acrylic intraocular lenses\u201d. Poster presented at the ESCRS poster sessions on cataract surgery outcomes, Barcelona, Spain, September 2015<\/span><\/li>\n<li><span style=\"font-size: 10pt\">Morgan-Warren PJ and Smith JA. Clin Ophthalmol. 2013; 7:1661\u20131667<\/span><\/li>\n<li><span style=\"font-size: 10pt\">Auffarth G et al., Ophthalmology 2003; 110:772\u201380<\/span><\/li>\n<\/ol>\n<p><strong>What is the Avansee Preload1P safety record?<\/strong><br \/>\nAs a leader in the Japanese IOL market, Kowa\u2019s Avansee lenses have been used extensively in Japan since 2007, with a <strong>very low incidence<\/strong> of <strong>adverse events <\/strong>(0.009%) and serious adverse events (0.0009%)<sup>1,2<\/sup>.<\/p>\n<p>References:<\/p>\n<ol style=\"font-size: 10px\">\n<li><span style=\"font-size: 10pt\">Data on file (DOF\/KE\/IOL\/2016-001)<\/span><\/li>\n<li><span style=\"font-size: 10pt\">Data on file (DOF\/KE\/IOL\/2016-003)<\/span><\/li>\n<\/ol>\n","protected":false},"excerpt":{"rendered":"<p><img loading=\"lazy\" decoding=\"async\" class=\"alignnone size-full wp-image-5014\" src=\"https:\/\/simovision.be\/professional\/wp-content\/uploads\/sites\/2\/2025\/03\/Logo_kowa_teaser.png\" alt=\"\" width=\"91\" height=\"40\" srcset=\"https:\/\/simovision.be\/professional\/wp-content\/uploads\/sites\/2\/2025\/03\/Logo_kowa_teaser.png 91w, https:\/\/simovision.be\/professional\/wp-content\/uploads\/sites\/2\/2025\/03\/Logo_kowa_teaser-64x28.png 64w\" sizes=\"auto, (max-width: 91px) 100vw, 91px\" \/><\/p>\n<h3><strong>Quand la technologie soutient votre expertise&#8230;<\/strong><\/h3>\n<h4>Caract\u00e9ristiques de l\u2019implant<\/h4>\n<ul>\n<li><strong>Implant pr\u00e9charg\u00e9<\/strong> pour une plus grande<strong> facilit\u00e9 d\u2019utilisation<\/strong>;<\/li>\n<li>L&rsquo;utilisation d\u2019un visco\u00e9lastique d\u00e9di\u00e9 n&rsquo;est plus n\u00e9cessaire;<\/li>\n<li>La r\u00e9duction de l\u2019incision augmente l\u2019efficacit\u00e9;<\/li>\n<li>Abscence de \u00ab<strong>glistenings<\/strong>\u00bb: favorise un <strong>r\u00e9sultat optimal;<\/strong><\/li>\n<li>Disponible soit en <strong>jaune <\/strong>soit transparent;<\/li>\n<li>\u00e9galement en version torique<\/li>\n<li>IOL Back-up (<strong>3-piece<\/strong>) disponible et \u00e9galement pr\u00e9charg\u00e9: <strong><a href=\"https:\/\/simovision.be\/professional\/fr\/produit\/avansee-preset\/\">Avansee\u2122 Preset<\/a><\/strong><\/li>\n<li>Plus d&rsquo; 1.000.000 IOL vendus dans le monde;<\/li>\n<\/ul>\n","protected":false},"featured_media":5758,"template":"","meta":{"_acf_changed":false,"content-type":"","site-sidebar-layout":"default","site-content-layout":"","ast-site-content-layout":"default","site-content-style":"default","site-sidebar-style":"default","ast-global-header-display":"","ast-banner-title-visibility":"","ast-main-header-display":"","ast-hfb-above-header-display":"","ast-hfb-below-header-display":"","ast-hfb-mobile-header-display":"","site-post-title":"","ast-breadcrumbs-content":"","ast-featured-img":"","footer-sml-layout":"","theme-transparent-header-meta":"default","adv-header-id-meta":"","stick-header-meta":"default","header-above-stick-meta":"","header-main-stick-meta":"","header-below-stick-meta":"","astra-migrate-meta-layouts":"set","ast-page-background-enabled":"default","ast-page-background-meta":{"desktop":{"background-color":"var(--ast-global-color-4)","background-image":"","background-repeat":"repeat","background-position":"center center","background-size":"auto","background-attachment":"scroll","background-type":"","background-media":"","overlay-type":"","overlay-color":"","overlay-opacity":"","overlay-gradient":""},"tablet":{"background-color":"","background-image":"","background-repeat":"repeat","background-position":"center center","background-size":"auto","background-attachment":"scroll","background-type":"","background-media":"","overlay-type":"","overlay-color":"","overlay-opacity":"","overlay-gradient":""},"mobile":{"background-color":"","background-image":"","background-repeat":"repeat","background-position":"center center","background-size":"auto","background-attachment":"scroll","background-type":"","background-media":"","overlay-type":"","overlay-color":"","overlay-opacity":"","overlay-gradient":""}},"ast-content-background-meta":{"desktop":{"background-color":"var(--ast-global-color-5)","background-image":"","background-repeat":"repeat","background-position":"center center","background-size":"auto","background-attachment":"scroll","background-type":"","background-media":"","overlay-type":"","overlay-color":"","overlay-opacity":"","overlay-gradient":""},"tablet":{"background-color":"var(--ast-global-color-5)","background-image":"","background-repeat":"repeat","background-position":"center center","background-size":"auto","background-attachment":"scroll","background-type":"","background-media":"","overlay-type":"","overlay-color":"","overlay-opacity":"","overlay-gradient":""},"mobile":{"background-color":"var(--ast-global-color-5)","background-image":"","background-repeat":"repeat","background-position":"center center","background-size":"auto","background-attachment":"scroll","background-type":"","background-media":"","overlay-type":"","overlay-color":"","overlay-opacity":"","overlay-gradient":""}}},"product_brand":[],"product_cat":[121],"product_tag":[716],"class_list":{"0":"post-2916","1":"product","2":"type-product","3":"status-publish","4":"has-post-thumbnail","6":"product_cat-lentilles-intraoculaires","7":"product_tag-nl-fr","8":"desktop-align-left","9":"tablet-align-left","10":"mobile-align-left","11":"ast-product-gallery-layout-first-image-large","12":"ast-product-tabs-layout-horizontal","14":"first","15":"instock","16":"shipping-taxable","17":"product-type-simple"},"acf":[],"yoast_head":"<!-- This site is optimized with the Yoast SEO plugin v26.3 - https:\/\/yoast.com\/wordpress\/plugins\/seo\/ -->\n<title>Avansee\u2122 Preload 1P - Simovision - Professional<\/title>\n<meta name=\"robots\" content=\"index, follow, max-snippet:-1, max-image-preview:large, max-video-preview:-1\" \/>\n<link rel=\"canonical\" href=\"https:\/\/simovision.be\/professional\/fr\/produit\/avansee-preload-1p\/\" \/>\n<meta property=\"og:locale\" content=\"fr_FR\" \/>\n<meta property=\"og:type\" content=\"article\" \/>\n<meta property=\"og:title\" content=\"Avansee\u2122 Preload 1P - Simovision - Professional\" \/>\n<meta property=\"og:description\" content=\"Quand la technologie soutient votre expertise... Caract\u00e9ristiques de l\u2019implant   Implant pr\u00e9charg\u00e9 pour une plus grande facilit\u00e9 d\u2019utilisation;  L&#039;utilisation d\u2019un visco\u00e9lastique d\u00e9di\u00e9 n&#039;est plus n\u00e9cessaire;  La r\u00e9duction de l\u2019incision augmente l\u2019efficacit\u00e9;  Abscence de \u00abglistenings\u00bb: favorise un r\u00e9sultat optimal;  Disponible soit en jaune soit transparent;  \u00e9galement en version torique  IOL Back-up (3-piece) disponible et \u00e9galement pr\u00e9charg\u00e9: Avansee\u2122 Preset  Plus d&#039; 1.000.000 IOL vendus dans le monde;\" \/>\n<meta property=\"og:url\" content=\"https:\/\/simovision.be\/professional\/fr\/produit\/avansee-preload-1p\/\" \/>\n<meta property=\"og:site_name\" content=\"Simovision - Professional\" \/>\n<meta property=\"article:modified_time\" content=\"2025-09-22T10:10:04+00:00\" \/>\n<meta property=\"og:image\" content=\"https:\/\/simovision.be\/professional\/wp-content\/uploads\/sites\/2\/2025\/03\/Avansee\u2122-Preload-1P.jpg\" \/>\n\t<meta property=\"og:image:width\" content=\"1000\" \/>\n\t<meta property=\"og:image:height\" content=\"666\" \/>\n\t<meta property=\"og:image:type\" content=\"image\/jpeg\" \/>\n<meta name=\"twitter:card\" content=\"summary_large_image\" \/>\n<meta name=\"twitter:label1\" content=\"Dur\u00e9e de lecture estim\u00e9e\" \/>\n\t<meta name=\"twitter:data1\" content=\"3 minutes\" \/>\n<script type=\"application\/ld+json\" class=\"yoast-schema-graph\">{\"@context\":\"https:\/\/schema.org\",\"@graph\":[{\"@type\":\"WebPage\",\"@id\":\"https:\/\/simovision.be\/professional\/fr\/produit\/avansee-preload-1p\/\",\"url\":\"https:\/\/simovision.be\/professional\/fr\/produit\/avansee-preload-1p\/\",\"name\":\"Avansee\u2122 Preload 1P - Simovision - Professional\",\"isPartOf\":{\"@id\":\"https:\/\/simovision.be\/professional\/fr\/#website\"},\"primaryImageOfPage\":{\"@id\":\"https:\/\/simovision.be\/professional\/fr\/produit\/avansee-preload-1p\/#primaryimage\"},\"image\":{\"@id\":\"https:\/\/simovision.be\/professional\/fr\/produit\/avansee-preload-1p\/#primaryimage\"},\"thumbnailUrl\":\"https:\/\/simovision.be\/professional\/wp-content\/uploads\/sites\/2\/2025\/03\/Avansee\u2122-Preload-1P.jpg\",\"datePublished\":\"2025-03-18T07:18:28+00:00\",\"dateModified\":\"2025-09-22T10:10:04+00:00\",\"breadcrumb\":{\"@id\":\"https:\/\/simovision.be\/professional\/fr\/produit\/avansee-preload-1p\/#breadcrumb\"},\"inLanguage\":\"fr-FR\",\"potentialAction\":[{\"@type\":\"ReadAction\",\"target\":[\"https:\/\/simovision.be\/professional\/fr\/produit\/avansee-preload-1p\/\"]}]},{\"@type\":\"ImageObject\",\"inLanguage\":\"fr-FR\",\"@id\":\"https:\/\/simovision.be\/professional\/fr\/produit\/avansee-preload-1p\/#primaryimage\",\"url\":\"https:\/\/simovision.be\/professional\/wp-content\/uploads\/sites\/2\/2025\/03\/Avansee\u2122-Preload-1P.jpg\",\"contentUrl\":\"https:\/\/simovision.be\/professional\/wp-content\/uploads\/sites\/2\/2025\/03\/Avansee\u2122-Preload-1P.jpg\",\"width\":1000,\"height\":666},{\"@type\":\"BreadcrumbList\",\"@id\":\"https:\/\/simovision.be\/professional\/fr\/produit\/avansee-preload-1p\/#breadcrumb\",\"itemListElement\":[{\"@type\":\"ListItem\",\"position\":1,\"name\":\"Home\",\"item\":\"https:\/\/simovision.be\/professional\/fr\/\"},{\"@type\":\"ListItem\",\"position\":2,\"name\":\"Boutique\",\"item\":\"https:\/\/simovision.be\/professional\/winkel\/\"},{\"@type\":\"ListItem\",\"position\":3,\"name\":\"Avansee\u2122 Preload 1P\"}]},{\"@type\":\"WebSite\",\"@id\":\"https:\/\/simovision.be\/professional\/fr\/#website\",\"url\":\"https:\/\/simovision.be\/professional\/fr\/\",\"name\":\"Simovision - Professional\",\"description\":\"\",\"publisher\":{\"@id\":\"https:\/\/simovision.be\/professional\/fr\/#organization\"},\"potentialAction\":[{\"@type\":\"SearchAction\",\"target\":{\"@type\":\"EntryPoint\",\"urlTemplate\":\"https:\/\/simovision.be\/professional\/fr\/?s={search_term_string}\"},\"query-input\":{\"@type\":\"PropertyValueSpecification\",\"valueRequired\":true,\"valueName\":\"search_term_string\"}}],\"inLanguage\":\"fr-FR\"},{\"@type\":\"Organization\",\"@id\":\"https:\/\/simovision.be\/professional\/fr\/#organization\",\"name\":\"Simovision\",\"url\":\"https:\/\/simovision.be\/professional\/fr\/\",\"logo\":{\"@type\":\"ImageObject\",\"inLanguage\":\"fr-FR\",\"@id\":\"https:\/\/simovision.be\/professional\/fr\/#\/schema\/logo\/image\/\",\"url\":\"https:\/\/simovision.be\/professional\/wp-content\/uploads\/sites\/2\/2025\/06\/Logo_Simovision_Hilco_Vision_Pantone_7700C-kopie.webp\",\"contentUrl\":\"https:\/\/simovision.be\/professional\/wp-content\/uploads\/sites\/2\/2025\/06\/Logo_Simovision_Hilco_Vision_Pantone_7700C-kopie.webp\",\"width\":2000,\"height\":1021,\"caption\":\"Simovision\"},\"image\":{\"@id\":\"https:\/\/simovision.be\/professional\/fr\/#\/schema\/logo\/image\/\"},\"sameAs\":[\"https:\/\/www.linkedin.com\/company\/simovision\"]}]}<\/script>\n<!-- \/ Yoast SEO plugin. -->","yoast_head_json":{"title":"Avansee\u2122 Preload 1P - Simovision - Professional","robots":{"index":"index","follow":"follow","max-snippet":"max-snippet:-1","max-image-preview":"max-image-preview:large","max-video-preview":"max-video-preview:-1"},"canonical":"https:\/\/simovision.be\/professional\/fr\/produit\/avansee-preload-1p\/","og_locale":"fr_FR","og_type":"article","og_title":"Avansee\u2122 Preload 1P - Simovision - Professional","og_description":"Quand la technologie soutient votre expertise... Caract\u00e9ristiques de l\u2019implant   Implant pr\u00e9charg\u00e9 pour une plus grande facilit\u00e9 d\u2019utilisation;  L'utilisation d\u2019un visco\u00e9lastique d\u00e9di\u00e9 n'est plus n\u00e9cessaire;  La r\u00e9duction de l\u2019incision augmente l\u2019efficacit\u00e9;  Abscence de \u00abglistenings\u00bb: favorise un r\u00e9sultat optimal;  Disponible soit en jaune soit transparent;  \u00e9galement en version torique  IOL Back-up (3-piece) disponible et \u00e9galement pr\u00e9charg\u00e9: Avansee\u2122 Preset  Plus d' 1.000.000 IOL vendus dans le monde;","og_url":"https:\/\/simovision.be\/professional\/fr\/produit\/avansee-preload-1p\/","og_site_name":"Simovision - Professional","article_modified_time":"2025-09-22T10:10:04+00:00","og_image":[{"width":1000,"height":666,"url":"https:\/\/simovision.be\/professional\/wp-content\/uploads\/sites\/2\/2025\/03\/Avansee\u2122-Preload-1P.jpg","type":"image\/jpeg"}],"twitter_card":"summary_large_image","twitter_misc":{"Dur\u00e9e de lecture estim\u00e9e":"3 minutes"},"schema":{"@context":"https:\/\/schema.org","@graph":[{"@type":"WebPage","@id":"https:\/\/simovision.be\/professional\/fr\/produit\/avansee-preload-1p\/","url":"https:\/\/simovision.be\/professional\/fr\/produit\/avansee-preload-1p\/","name":"Avansee\u2122 Preload 1P - Simovision - Professional","isPartOf":{"@id":"https:\/\/simovision.be\/professional\/fr\/#website"},"primaryImageOfPage":{"@id":"https:\/\/simovision.be\/professional\/fr\/produit\/avansee-preload-1p\/#primaryimage"},"image":{"@id":"https:\/\/simovision.be\/professional\/fr\/produit\/avansee-preload-1p\/#primaryimage"},"thumbnailUrl":"https:\/\/simovision.be\/professional\/wp-content\/uploads\/sites\/2\/2025\/03\/Avansee\u2122-Preload-1P.jpg","datePublished":"2025-03-18T07:18:28+00:00","dateModified":"2025-09-22T10:10:04+00:00","breadcrumb":{"@id":"https:\/\/simovision.be\/professional\/fr\/produit\/avansee-preload-1p\/#breadcrumb"},"inLanguage":"fr-FR","potentialAction":[{"@type":"ReadAction","target":["https:\/\/simovision.be\/professional\/fr\/produit\/avansee-preload-1p\/"]}]},{"@type":"ImageObject","inLanguage":"fr-FR","@id":"https:\/\/simovision.be\/professional\/fr\/produit\/avansee-preload-1p\/#primaryimage","url":"https:\/\/simovision.be\/professional\/wp-content\/uploads\/sites\/2\/2025\/03\/Avansee\u2122-Preload-1P.jpg","contentUrl":"https:\/\/simovision.be\/professional\/wp-content\/uploads\/sites\/2\/2025\/03\/Avansee\u2122-Preload-1P.jpg","width":1000,"height":666},{"@type":"BreadcrumbList","@id":"https:\/\/simovision.be\/professional\/fr\/produit\/avansee-preload-1p\/#breadcrumb","itemListElement":[{"@type":"ListItem","position":1,"name":"Home","item":"https:\/\/simovision.be\/professional\/fr\/"},{"@type":"ListItem","position":2,"name":"Boutique","item":"https:\/\/simovision.be\/professional\/winkel\/"},{"@type":"ListItem","position":3,"name":"Avansee\u2122 Preload 1P"}]},{"@type":"WebSite","@id":"https:\/\/simovision.be\/professional\/fr\/#website","url":"https:\/\/simovision.be\/professional\/fr\/","name":"Simovision - Professional","description":"","publisher":{"@id":"https:\/\/simovision.be\/professional\/fr\/#organization"},"potentialAction":[{"@type":"SearchAction","target":{"@type":"EntryPoint","urlTemplate":"https:\/\/simovision.be\/professional\/fr\/?s={search_term_string}"},"query-input":{"@type":"PropertyValueSpecification","valueRequired":true,"valueName":"search_term_string"}}],"inLanguage":"fr-FR"},{"@type":"Organization","@id":"https:\/\/simovision.be\/professional\/fr\/#organization","name":"Simovision","url":"https:\/\/simovision.be\/professional\/fr\/","logo":{"@type":"ImageObject","inLanguage":"fr-FR","@id":"https:\/\/simovision.be\/professional\/fr\/#\/schema\/logo\/image\/","url":"https:\/\/simovision.be\/professional\/wp-content\/uploads\/sites\/2\/2025\/06\/Logo_Simovision_Hilco_Vision_Pantone_7700C-kopie.webp","contentUrl":"https:\/\/simovision.be\/professional\/wp-content\/uploads\/sites\/2\/2025\/06\/Logo_Simovision_Hilco_Vision_Pantone_7700C-kopie.webp","width":2000,"height":1021,"caption":"Simovision"},"image":{"@id":"https:\/\/simovision.be\/professional\/fr\/#\/schema\/logo\/image\/"},"sameAs":["https:\/\/www.linkedin.com\/company\/simovision"]}]}},"_links":{"self":[{"href":"https:\/\/simovision.be\/professional\/fr\/wp-json\/wp\/v2\/product\/2916","targetHints":{"allow":["GET"]}}],"collection":[{"href":"https:\/\/simovision.be\/professional\/fr\/wp-json\/wp\/v2\/product"}],"about":[{"href":"https:\/\/simovision.be\/professional\/fr\/wp-json\/wp\/v2\/types\/product"}],"wp:featuredmedia":[{"embeddable":true,"href":"https:\/\/simovision.be\/professional\/fr\/wp-json\/wp\/v2\/media\/5758"}],"wp:attachment":[{"href":"https:\/\/simovision.be\/professional\/fr\/wp-json\/wp\/v2\/media?parent=2916"}],"wp:term":[{"taxonomy":"product_brand","embeddable":true,"href":"https:\/\/simovision.be\/professional\/fr\/wp-json\/wp\/v2\/product_brand?post=2916"},{"taxonomy":"product_cat","embeddable":true,"href":"https:\/\/simovision.be\/professional\/fr\/wp-json\/wp\/v2\/product_cat?post=2916"},{"taxonomy":"product_tag","embeddable":true,"href":"https:\/\/simovision.be\/professional\/fr\/wp-json\/wp\/v2\/product_tag?post=2916"}],"curies":[{"name":"wp","href":"https:\/\/api.w.org\/{rel}","templated":true}]}}