{"id":2914,"date":"2025-03-18T06:28:05","date_gmt":"2025-03-18T05:28:05","guid":{"rendered":"https:\/\/simovision.be\/professional\/product\/dmek-rapid\/"},"modified":"2025-09-22T12:10:33","modified_gmt":"2025-09-22T10:10:33","slug":"dmek-rapid","status":"publish","type":"product","link":"https:\/\/simovision.be\/professional\/fr\/produit\/dmek-rapid\/","title":{"rendered":"DMEK Rapid"},"content":{"rendered":"<h3><strong>Syst\u00e8me DMEK pr\u00e9charg\u00e9<\/strong><\/h3>\n<p>La premi\u00e8re \u00e9tape r\u00e9side dans la validation et la pr\u00e9paration du tissu corn\u00e9en par les banques de corn\u00e9es sp\u00e9cialis\u00e9es. Avec l\u2019introduction du DMEK Rapid, le premier syst\u00e8me <strong>pr\u00e9charg\u00e9<\/strong> <strong>certifi\u00e9 CE<\/strong> pour la DMEK, les ophtalmologistes peuvent d\u00e9sormais recevoir des greffons de Descemet pr\u00e9charg\u00e9s \u00e0 partir d\u2019une banque de corn\u00e9es, tout comme ce dont ils le font habituellement avec les injecteurs de LIO pour les chirurgies de la cataracte.<\/p>\n<h4>Avantages du DMEK Rapid<\/h4>\n<ul>\n<li>R\u00e9pond \u00e0 la demande croissante de tissus pr\u00e9d\u00e9coup\u00e9s<\/li>\n<li>Am\u00e9lioration du flux de travail<\/li>\n<li>Le <strong>flux de travail<\/strong> atteint un nouveau niveau de <strong>standardisation <\/strong>et d\u2019optimisation, ce qui facilite l\u2019intervention<br \/>\nProcessus sans contact, de la pr\u00e9paration jusqu\u2019\u00e0 l\u2019implantation<\/li>\n<li>Processus <strong>sans contact<\/strong>, de la pr\u00e9paration jusqu\u2019\u00e0 l\u2019implantation<\/li>\n<li>Aide les chirurgiens avec des greffons de haute qualit\u00e9 <strong>pr\u00eats \u00e0 l\u2019emploi<\/strong><\/li>\n<li>Aucune pr\u00e9paration de lamelles de Descemet n\u2019est n\u00e9cessaire en salle d\u2019op\u00e9ration<\/li>\n<li><strong>Planification fiable <\/strong>des op\u00e9rations et gestion simple des patients<\/li>\n<li>Quantit\u00e9 maximale de cellules endoth\u00e9liales gr\u00e2ce au processus sans contact<\/li>\n<li>R\u00e9duction du temps n\u00e9cessaire \u00e0 la proc\u00e9dure<\/li>\n<\/ul>\n","protected":false},"excerpt":{"rendered":"<p><img loading=\"lazy\" decoding=\"async\" src=\"https:\/\/simovision.be\/professional\/wp-content\/uploads\/sites\/2\/2025\/06\/Logo_Geuder_teaser.png\" alt=\"\" width=\"128\" height=\"40\" class=\"alignnone size-full wp-image-4988\" srcset=\"https:\/\/simovision.be\/professional\/wp-content\/uploads\/sites\/2\/2025\/06\/Logo_Geuder_teaser.png 128w, https:\/\/simovision.be\/professional\/wp-content\/uploads\/sites\/2\/2025\/06\/Logo_Geuder_teaser-64x20.png 64w\" sizes=\"auto, (max-width: 128px) 100vw, 128px\" \/><\/p>\n<h3><strong>Dispositif r\u00e9volutionnaire d\u2019injection pr\u00e9charg\u00e9<\/strong><\/h3>\n<h4>Processus sans contact: de la pr\u00e9paration jusqu\u2019\u00e0 l\u2019implantation<\/h4>\n<p>L\u2019objectif de la collaboration fructueuse entre le Prof. Peter Szurman (Clinique ophtalmologique de Sulzbach), la DGFG (Soci\u00e9t\u00e9 allemande pour la transplantation de tissus) et Geuder AG \u00e9tait de rendre les <strong>chirurgies de DMEK<\/strong> plus pr\u00e9visibles, <strong>plus simples<\/strong>, <strong>plus s\u00fbres<\/strong> et <strong>plus rapides<\/strong>.<\/p>\n","protected":false},"featured_media":3754,"template":"","meta":{"_acf_changed":false,"content-type":"","site-sidebar-layout":"default","site-content-layout":"","ast-site-content-layout":"default","site-content-style":"default","site-sidebar-style":"default","ast-global-header-display":"","ast-banner-title-visibility":"","ast-main-header-display":"","ast-hfb-above-header-display":"","ast-hfb-below-header-display":"","ast-hfb-mobile-header-display":"","site-post-title":"","ast-breadcrumbs-content":"","ast-featured-img":"","footer-sml-layout":"","theme-transparent-header-meta":"default","adv-header-id-meta":"","stick-header-meta":"default","header-above-stick-meta":"","header-main-stick-meta":"","header-below-stick-meta":"","astra-migrate-meta-layouts":"set","ast-page-background-enabled":"default","ast-page-background-meta":{"desktop":{"background-color":"var(--ast-global-color-4)","background-image":"","background-repeat":"repeat","background-position":"center center","background-size":"auto","background-attachment":"scroll","background-type":"","background-media":"","overlay-type":"","overlay-color":"","overlay-opacity":"","overlay-gradient":""},"tablet":{"background-color":"","background-image":"","background-repeat":"repeat","background-position":"center center","background-size":"auto","background-attachment":"scroll","background-type":"","background-media":"","overlay-type":"","overlay-color":"","overlay-opacity":"","overlay-gradient":""},"mobile":{"background-color":"","background-image":"","background-repeat":"repeat","background-position":"center center","background-size":"auto","background-attachment":"scroll","background-type":"","background-media":"","overlay-type":"","overlay-color":"","overlay-opacity":"","overlay-gradient":""}},"ast-content-background-meta":{"desktop":{"background-color":"var(--ast-global-color-5)","background-image":"","background-repeat":"repeat","background-position":"center center","background-size":"auto","background-attachment":"scroll","background-type":"","background-media":"","overlay-type":"","overlay-color":"","overlay-opacity":"","overlay-gradient":""},"tablet":{"background-color":"var(--ast-global-color-5)","background-image":"","background-repeat":"repeat","background-position":"center center","background-size":"auto","background-attachment":"scroll","background-type":"","background-media":"","overlay-type":"","overlay-color":"","overlay-opacity":"","overlay-gradient":""},"mobile":{"background-color":"var(--ast-global-color-5)","background-image":"","background-repeat":"repeat","background-position":"center center","background-size":"auto","background-attachment":"scroll","background-type":"","background-media":"","overlay-type":"","overlay-color":"","overlay-opacity":"","overlay-gradient":""}}},"product_brand":[],"product_cat":[145],"product_tag":[716],"class_list":{"0":"post-2914","1":"product","2":"type-product","3":"status-publish","4":"has-post-thumbnail","6":"product_cat-instruments-dmek","7":"product_tag-nl-fr","8":"desktop-align-left","9":"tablet-align-left","10":"mobile-align-left","11":"ast-product-gallery-layout-first-image-large","12":"ast-product-tabs-layout-horizontal","14":"first","15":"instock","16":"shipping-taxable","17":"product-type-simple"},"acf":[],"yoast_head":"<!-- This site is optimized with the Yoast SEO plugin v26.3 - https:\/\/yoast.com\/wordpress\/plugins\/seo\/ -->\n<title>DMEK Rapid - Simovision - Professional<\/title>\n<meta name=\"robots\" content=\"index, follow, max-snippet:-1, max-image-preview:large, max-video-preview:-1\" \/>\n<link rel=\"canonical\" href=\"https:\/\/simovision.be\/professional\/fr\/produit\/dmek-rapid\/\" \/>\n<meta property=\"og:locale\" content=\"fr_FR\" \/>\n<meta property=\"og:type\" content=\"article\" \/>\n<meta property=\"og:title\" content=\"DMEK Rapid - Simovision - Professional\" \/>\n<meta property=\"og:description\" content=\"Dispositif r\u00e9volutionnaire d\u2019injection pr\u00e9charg\u00e9 Processus sans contact: de la pr\u00e9paration jusqu\u2019\u00e0 l\u2019implantation L\u2019objectif de la collaboration fructueuse entre le Prof. Peter Szurman (Clinique ophtalmologique de Sulzbach), la DGFG (Soci\u00e9t\u00e9 allemande pour la transplantation de tissus) et Geuder AG \u00e9tait de rendre les chirurgies de DMEK plus pr\u00e9visibles, plus simples, plus s\u00fbres et plus rapides.\" \/>\n<meta property=\"og:url\" content=\"https:\/\/simovision.be\/professional\/fr\/produit\/dmek-rapid\/\" \/>\n<meta property=\"og:site_name\" content=\"Simovision - Professional\" \/>\n<meta property=\"article:modified_time\" content=\"2025-09-22T10:10:33+00:00\" \/>\n<meta property=\"og:image\" content=\"https:\/\/simovision.be\/professional\/wp-content\/uploads\/sites\/2\/2025\/03\/00-DMEK-Rapid.webp\" \/>\n\t<meta property=\"og:image:width\" content=\"1000\" \/>\n\t<meta property=\"og:image:height\" content=\"666\" \/>\n\t<meta property=\"og:image:type\" content=\"image\/webp\" \/>\n<meta name=\"twitter:card\" content=\"summary_large_image\" \/>\n<meta name=\"twitter:label1\" content=\"Dur\u00e9e de lecture estim\u00e9e\" \/>\n\t<meta name=\"twitter:data1\" content=\"2 minutes\" \/>\n<script type=\"application\/ld+json\" class=\"yoast-schema-graph\">{\"@context\":\"https:\/\/schema.org\",\"@graph\":[{\"@type\":\"WebPage\",\"@id\":\"https:\/\/simovision.be\/professional\/fr\/produit\/dmek-rapid\/\",\"url\":\"https:\/\/simovision.be\/professional\/fr\/produit\/dmek-rapid\/\",\"name\":\"DMEK Rapid - Simovision - Professional\",\"isPartOf\":{\"@id\":\"https:\/\/simovision.be\/professional\/fr\/#website\"},\"primaryImageOfPage\":{\"@id\":\"https:\/\/simovision.be\/professional\/fr\/produit\/dmek-rapid\/#primaryimage\"},\"image\":{\"@id\":\"https:\/\/simovision.be\/professional\/fr\/produit\/dmek-rapid\/#primaryimage\"},\"thumbnailUrl\":\"https:\/\/simovision.be\/professional\/wp-content\/uploads\/sites\/2\/2025\/03\/00-DMEK-Rapid.webp\",\"datePublished\":\"2025-03-18T05:28:05+00:00\",\"dateModified\":\"2025-09-22T10:10:33+00:00\",\"breadcrumb\":{\"@id\":\"https:\/\/simovision.be\/professional\/fr\/produit\/dmek-rapid\/#breadcrumb\"},\"inLanguage\":\"fr-FR\",\"potentialAction\":[{\"@type\":\"ReadAction\",\"target\":[\"https:\/\/simovision.be\/professional\/fr\/produit\/dmek-rapid\/\"]}]},{\"@type\":\"ImageObject\",\"inLanguage\":\"fr-FR\",\"@id\":\"https:\/\/simovision.be\/professional\/fr\/produit\/dmek-rapid\/#primaryimage\",\"url\":\"https:\/\/simovision.be\/professional\/wp-content\/uploads\/sites\/2\/2025\/03\/00-DMEK-Rapid.webp\",\"contentUrl\":\"https:\/\/simovision.be\/professional\/wp-content\/uploads\/sites\/2\/2025\/03\/00-DMEK-Rapid.webp\",\"width\":1000,\"height\":666},{\"@type\":\"BreadcrumbList\",\"@id\":\"https:\/\/simovision.be\/professional\/fr\/produit\/dmek-rapid\/#breadcrumb\",\"itemListElement\":[{\"@type\":\"ListItem\",\"position\":1,\"name\":\"Home\",\"item\":\"https:\/\/simovision.be\/professional\/fr\/\"},{\"@type\":\"ListItem\",\"position\":2,\"name\":\"Boutique\",\"item\":\"https:\/\/simovision.be\/professional\/winkel\/\"},{\"@type\":\"ListItem\",\"position\":3,\"name\":\"DMEK Rapid\"}]},{\"@type\":\"WebSite\",\"@id\":\"https:\/\/simovision.be\/professional\/fr\/#website\",\"url\":\"https:\/\/simovision.be\/professional\/fr\/\",\"name\":\"Simovision - Professional\",\"description\":\"\",\"publisher\":{\"@id\":\"https:\/\/simovision.be\/professional\/fr\/#organization\"},\"potentialAction\":[{\"@type\":\"SearchAction\",\"target\":{\"@type\":\"EntryPoint\",\"urlTemplate\":\"https:\/\/simovision.be\/professional\/fr\/?s={search_term_string}\"},\"query-input\":{\"@type\":\"PropertyValueSpecification\",\"valueRequired\":true,\"valueName\":\"search_term_string\"}}],\"inLanguage\":\"fr-FR\"},{\"@type\":\"Organization\",\"@id\":\"https:\/\/simovision.be\/professional\/fr\/#organization\",\"name\":\"Simovision\",\"url\":\"https:\/\/simovision.be\/professional\/fr\/\",\"logo\":{\"@type\":\"ImageObject\",\"inLanguage\":\"fr-FR\",\"@id\":\"https:\/\/simovision.be\/professional\/fr\/#\/schema\/logo\/image\/\",\"url\":\"https:\/\/simovision.be\/professional\/wp-content\/uploads\/sites\/2\/2025\/06\/Logo_Simovision_Hilco_Vision_Pantone_7700C-kopie.webp\",\"contentUrl\":\"https:\/\/simovision.be\/professional\/wp-content\/uploads\/sites\/2\/2025\/06\/Logo_Simovision_Hilco_Vision_Pantone_7700C-kopie.webp\",\"width\":2000,\"height\":1021,\"caption\":\"Simovision\"},\"image\":{\"@id\":\"https:\/\/simovision.be\/professional\/fr\/#\/schema\/logo\/image\/\"},\"sameAs\":[\"https:\/\/www.linkedin.com\/company\/simovision\"]}]}<\/script>\n<!-- \/ Yoast SEO plugin. -->","yoast_head_json":{"title":"DMEK Rapid - Simovision - Professional","robots":{"index":"index","follow":"follow","max-snippet":"max-snippet:-1","max-image-preview":"max-image-preview:large","max-video-preview":"max-video-preview:-1"},"canonical":"https:\/\/simovision.be\/professional\/fr\/produit\/dmek-rapid\/","og_locale":"fr_FR","og_type":"article","og_title":"DMEK Rapid - Simovision - Professional","og_description":"Dispositif r\u00e9volutionnaire d\u2019injection pr\u00e9charg\u00e9 Processus sans contact: de la pr\u00e9paration jusqu\u2019\u00e0 l\u2019implantation L\u2019objectif de la collaboration fructueuse entre le Prof. Peter Szurman (Clinique ophtalmologique de Sulzbach), la DGFG (Soci\u00e9t\u00e9 allemande pour la transplantation de tissus) et Geuder AG \u00e9tait de rendre les chirurgies de DMEK plus pr\u00e9visibles, plus simples, plus s\u00fbres et plus rapides.","og_url":"https:\/\/simovision.be\/professional\/fr\/produit\/dmek-rapid\/","og_site_name":"Simovision - Professional","article_modified_time":"2025-09-22T10:10:33+00:00","og_image":[{"width":1000,"height":666,"url":"https:\/\/simovision.be\/professional\/wp-content\/uploads\/sites\/2\/2025\/03\/00-DMEK-Rapid.webp","type":"image\/webp"}],"twitter_card":"summary_large_image","twitter_misc":{"Dur\u00e9e de lecture estim\u00e9e":"2 minutes"},"schema":{"@context":"https:\/\/schema.org","@graph":[{"@type":"WebPage","@id":"https:\/\/simovision.be\/professional\/fr\/produit\/dmek-rapid\/","url":"https:\/\/simovision.be\/professional\/fr\/produit\/dmek-rapid\/","name":"DMEK Rapid - Simovision - Professional","isPartOf":{"@id":"https:\/\/simovision.be\/professional\/fr\/#website"},"primaryImageOfPage":{"@id":"https:\/\/simovision.be\/professional\/fr\/produit\/dmek-rapid\/#primaryimage"},"image":{"@id":"https:\/\/simovision.be\/professional\/fr\/produit\/dmek-rapid\/#primaryimage"},"thumbnailUrl":"https:\/\/simovision.be\/professional\/wp-content\/uploads\/sites\/2\/2025\/03\/00-DMEK-Rapid.webp","datePublished":"2025-03-18T05:28:05+00:00","dateModified":"2025-09-22T10:10:33+00:00","breadcrumb":{"@id":"https:\/\/simovision.be\/professional\/fr\/produit\/dmek-rapid\/#breadcrumb"},"inLanguage":"fr-FR","potentialAction":[{"@type":"ReadAction","target":["https:\/\/simovision.be\/professional\/fr\/produit\/dmek-rapid\/"]}]},{"@type":"ImageObject","inLanguage":"fr-FR","@id":"https:\/\/simovision.be\/professional\/fr\/produit\/dmek-rapid\/#primaryimage","url":"https:\/\/simovision.be\/professional\/wp-content\/uploads\/sites\/2\/2025\/03\/00-DMEK-Rapid.webp","contentUrl":"https:\/\/simovision.be\/professional\/wp-content\/uploads\/sites\/2\/2025\/03\/00-DMEK-Rapid.webp","width":1000,"height":666},{"@type":"BreadcrumbList","@id":"https:\/\/simovision.be\/professional\/fr\/produit\/dmek-rapid\/#breadcrumb","itemListElement":[{"@type":"ListItem","position":1,"name":"Home","item":"https:\/\/simovision.be\/professional\/fr\/"},{"@type":"ListItem","position":2,"name":"Boutique","item":"https:\/\/simovision.be\/professional\/winkel\/"},{"@type":"ListItem","position":3,"name":"DMEK Rapid"}]},{"@type":"WebSite","@id":"https:\/\/simovision.be\/professional\/fr\/#website","url":"https:\/\/simovision.be\/professional\/fr\/","name":"Simovision - Professional","description":"","publisher":{"@id":"https:\/\/simovision.be\/professional\/fr\/#organization"},"potentialAction":[{"@type":"SearchAction","target":{"@type":"EntryPoint","urlTemplate":"https:\/\/simovision.be\/professional\/fr\/?s={search_term_string}"},"query-input":{"@type":"PropertyValueSpecification","valueRequired":true,"valueName":"search_term_string"}}],"inLanguage":"fr-FR"},{"@type":"Organization","@id":"https:\/\/simovision.be\/professional\/fr\/#organization","name":"Simovision","url":"https:\/\/simovision.be\/professional\/fr\/","logo":{"@type":"ImageObject","inLanguage":"fr-FR","@id":"https:\/\/simovision.be\/professional\/fr\/#\/schema\/logo\/image\/","url":"https:\/\/simovision.be\/professional\/wp-content\/uploads\/sites\/2\/2025\/06\/Logo_Simovision_Hilco_Vision_Pantone_7700C-kopie.webp","contentUrl":"https:\/\/simovision.be\/professional\/wp-content\/uploads\/sites\/2\/2025\/06\/Logo_Simovision_Hilco_Vision_Pantone_7700C-kopie.webp","width":2000,"height":1021,"caption":"Simovision"},"image":{"@id":"https:\/\/simovision.be\/professional\/fr\/#\/schema\/logo\/image\/"},"sameAs":["https:\/\/www.linkedin.com\/company\/simovision"]}]}},"_links":{"self":[{"href":"https:\/\/simovision.be\/professional\/fr\/wp-json\/wp\/v2\/product\/2914","targetHints":{"allow":["GET"]}}],"collection":[{"href":"https:\/\/simovision.be\/professional\/fr\/wp-json\/wp\/v2\/product"}],"about":[{"href":"https:\/\/simovision.be\/professional\/fr\/wp-json\/wp\/v2\/types\/product"}],"wp:featuredmedia":[{"embeddable":true,"href":"https:\/\/simovision.be\/professional\/fr\/wp-json\/wp\/v2\/media\/3754"}],"wp:attachment":[{"href":"https:\/\/simovision.be\/professional\/fr\/wp-json\/wp\/v2\/media?parent=2914"}],"wp:term":[{"taxonomy":"product_brand","embeddable":true,"href":"https:\/\/simovision.be\/professional\/fr\/wp-json\/wp\/v2\/product_brand?post=2914"},{"taxonomy":"product_cat","embeddable":true,"href":"https:\/\/simovision.be\/professional\/fr\/wp-json\/wp\/v2\/product_cat?post=2914"},{"taxonomy":"product_tag","embeddable":true,"href":"https:\/\/simovision.be\/professional\/fr\/wp-json\/wp\/v2\/product_tag?post=2914"}],"curies":[{"name":"wp","href":"https:\/\/api.w.org\/{rel}","templated":true}]}}