{"id":2913,"date":"2025-03-18T06:45:15","date_gmt":"2025-03-18T05:45:15","guid":{"rendered":"https:\/\/simovision.be\/professional\/product\/kxl-system\/"},"modified":"2025-09-22T12:10:30","modified_gmt":"2025-09-22T10:10:30","slug":"kxl-system","status":"publish","type":"product","link":"https:\/\/simovision.be\/professional\/fr\/produit\/kxl-system\/","title":{"rendered":"Syst\u00e8me KXL"},"content":{"rendered":"<h4>Caract\u00e9ristiques du syst\u00e8me KXL<sup>\u00ae<\/sup><\/h4>\n<ul>\n<li>Jusqu\u2019\u00e0 45 mW\/cm2\u202fde puissance pour une r\u00e9ticulation efficace<\/li>\n<li>Une t\u00e9l\u00e9commande sans fil permettant d\u2019ajuster <strong>facilement <\/strong>et avec pr\u00e9cision les <strong>axes X, Y et Z<\/strong> pendant le traitement<\/li>\n<li>Un grand \u00e9cran tactile de 25,7 cm pour <strong>visibilit\u00e9 maximale<\/strong> et un <strong>grand confort d\u2019utilisation<\/strong> pour l\u2019op\u00e9rateur<\/li>\n<li>4 <strong>protocoles de traitement pr\u00e9d\u00e9finis<\/strong> garantissant s\u00e9curit\u00e9, efficacit\u00e9 et pr\u00e9cision et un cinqui\u00e8me protocole de traitement <strong>programmable par l\u2019utilisateur<\/strong> pour plus de flexibilit\u00e9<\/li>\n<li>Une interface utilisateur logicielle intuitive<\/li>\n<li>Une cam\u00e9ra en temps r\u00e9el pour <strong>faciliter l\u2019alignement<\/strong> et l\u2019acquisition d\u2019images<\/li>\n<li>Une base de donn\u00e9es patients int\u00e9gr\u00e9e facilitant les consultations et la planification<\/li>\n<li><strong>Des rapports de traitement des patients exportables<\/strong> \u00e0 des fins administratives<\/li>\n<\/ul>\n<h3><strong>Proc\u00e9dures<\/strong><\/h3>\n<p>Les proc\u00e9dures r\u00e9alis\u00e9es avec le syst\u00e8me KXL<sup>\u00ae<\/sup> comprennent:<\/p>\n<ul>\n<li>La r\u00e9ticulation<\/li>\n<li>Lasik Xtra<sup>\u00ae<\/sup><\/li>\n<\/ul>\n","protected":false},"excerpt":{"rendered":"<p><img loading=\"lazy\" decoding=\"async\" src=\"https:\/\/simovision.be\/professional\/wp-content\/uploads\/sites\/2\/2025\/03\/logo_Avedro_teaser.png\" alt=\"\" width=\"139\" height=\"40\" class=\"alignnone size-full wp-image-5016\" srcset=\"https:\/\/simovision.be\/professional\/wp-content\/uploads\/sites\/2\/2025\/03\/logo_Avedro_teaser.png 139w, https:\/\/simovision.be\/professional\/wp-content\/uploads\/sites\/2\/2025\/03\/logo_Avedro_teaser-64x18.png 64w\" sizes=\"auto, (max-width: 139px) 100vw, 139px\" \/><\/p>\n<h3><strong>La solution de r\u00e9ticulation corn\u00e9enne pour vos patients atteints de k\u00e9ratoc\u00f4ne ou trait\u00e9s par Lasik Xtra<sup>\u00ae<\/sup><\/strong><\/h3>\n<p>Le syst\u00e8me certifi\u00e9 CE KXL<sup>\u00ae<\/sup> a \u00e9t\u00e9 con\u00e7u pour \u00eatre \u00e9l\u00e9gant et <strong>mobile <\/strong>avec un <strong>large \u00e9cran tactile<\/strong> et une <strong>t\u00e9l\u00e9commande sans fil<\/strong> pour faciliter l\u2019utilisation.<\/p>\n<p>Les <strong>4 protocoles pr\u00e9d\u00e9finis (modifiables)<\/strong> ainsi que le cinqui\u00e8me protocole de traitement programmable par l\u2019utilisateur vous permettent de choisir parmi des protocoles \u00e9prouv\u00e9s et <strong>pr\u00e9dictibles <\/strong>pour vos patients comprenant les traitements\u202f:<\/p>\n<ul>\n<li>de retrait de l\u2019\u00e9pith\u00e9lium (epi-off)<\/li>\n<li>en mode acc\u00e9l\u00e9r\u00e9<\/li>\n<li>en mode puls\u00e9<\/li>\n<li>en mode continu<\/li>\n<\/ul>\n","protected":false},"featured_media":3752,"template":"","meta":{"_acf_changed":false,"content-type":"","site-sidebar-layout":"default","site-content-layout":"","ast-site-content-layout":"default","site-content-style":"default","site-sidebar-style":"default","ast-global-header-display":"","ast-banner-title-visibility":"","ast-main-header-display":"","ast-hfb-above-header-display":"","ast-hfb-below-header-display":"","ast-hfb-mobile-header-display":"","site-post-title":"","ast-breadcrumbs-content":"","ast-featured-img":"","footer-sml-layout":"","theme-transparent-header-meta":"default","adv-header-id-meta":"","stick-header-meta":"default","header-above-stick-meta":"","header-main-stick-meta":"","header-below-stick-meta":"","astra-migrate-meta-layouts":"set","ast-page-background-enabled":"default","ast-page-background-meta":{"desktop":{"background-color":"var(--ast-global-color-4)","background-image":"","background-repeat":"repeat","background-position":"center center","background-size":"auto","background-attachment":"scroll","background-type":"","background-media":"","overlay-type":"","overlay-color":"","overlay-opacity":"","overlay-gradient":""},"tablet":{"background-color":"","background-image":"","background-repeat":"repeat","background-position":"center center","background-size":"auto","background-attachment":"scroll","background-type":"","background-media":"","overlay-type":"","overlay-color":"","overlay-opacity":"","overlay-gradient":""},"mobile":{"background-color":"","background-image":"","background-repeat":"repeat","background-position":"center center","background-size":"auto","background-attachment":"scroll","background-type":"","background-media":"","overlay-type":"","overlay-color":"","overlay-opacity":"","overlay-gradient":""}},"ast-content-background-meta":{"desktop":{"background-color":"var(--ast-global-color-5)","background-image":"","background-repeat":"repeat","background-position":"center center","background-size":"auto","background-attachment":"scroll","background-type":"","background-media":"","overlay-type":"","overlay-color":"","overlay-opacity":"","overlay-gradient":""},"tablet":{"background-color":"var(--ast-global-color-5)","background-image":"","background-repeat":"repeat","background-position":"center center","background-size":"auto","background-attachment":"scroll","background-type":"","background-media":"","overlay-type":"","overlay-color":"","overlay-opacity":"","overlay-gradient":""},"mobile":{"background-color":"var(--ast-global-color-5)","background-image":"","background-repeat":"repeat","background-position":"center center","background-size":"auto","background-attachment":"scroll","background-type":"","background-media":"","overlay-type":"","overlay-color":"","overlay-opacity":"","overlay-gradient":""}}},"product_brand":[],"product_cat":[140],"product_tag":[716],"class_list":{"0":"post-2913","1":"product","2":"type-product","3":"status-publish","4":"has-post-thumbnail","6":"product_cat-cross-linking-fr","7":"product_tag-nl-fr","8":"desktop-align-left","9":"tablet-align-left","10":"mobile-align-left","11":"ast-product-gallery-layout-first-image-large","12":"ast-product-tabs-layout-horizontal","14":"first","15":"instock","16":"shipping-taxable","17":"product-type-simple"},"acf":[],"yoast_head":"<!-- This site is optimized with the Yoast SEO plugin v26.3 - https:\/\/yoast.com\/wordpress\/plugins\/seo\/ -->\n<title>Syst\u00e8me KXL - Simovision - Professional<\/title>\n<meta name=\"robots\" content=\"index, follow, max-snippet:-1, max-image-preview:large, max-video-preview:-1\" \/>\n<link rel=\"canonical\" href=\"https:\/\/simovision.be\/professional\/fr\/produit\/kxl-system\/\" \/>\n<meta property=\"og:locale\" content=\"fr_FR\" \/>\n<meta property=\"og:type\" content=\"article\" \/>\n<meta property=\"og:title\" content=\"Syst\u00e8me KXL - Simovision - Professional\" \/>\n<meta property=\"og:description\" content=\"La solution de r\u00e9ticulation corn\u00e9enne pour vos patients atteints de k\u00e9ratoc\u00f4ne ou trait\u00e9s par Lasik Xtra\u00ae Le syst\u00e8me certifi\u00e9 CE KXL\u00ae a \u00e9t\u00e9 con\u00e7u pour \u00eatre \u00e9l\u00e9gant et mobile avec un large \u00e9cran tactile et une t\u00e9l\u00e9commande sans fil pour faciliter l\u2019utilisation.  Les 4 protocoles pr\u00e9d\u00e9finis (modifiables) ainsi que le cinqui\u00e8me protocole de traitement programmable par l\u2019utilisateur vous permettent de choisir parmi des protocoles \u00e9prouv\u00e9s et pr\u00e9dictibles pour vos patients comprenant les traitements\u202f:   de retrait de l\u2019\u00e9pith\u00e9lium (epi-off)  en mode acc\u00e9l\u00e9r\u00e9  en mode puls\u00e9  en mode continu\" \/>\n<meta property=\"og:url\" content=\"https:\/\/simovision.be\/professional\/fr\/produit\/kxl-system\/\" \/>\n<meta property=\"og:site_name\" content=\"Simovision - Professional\" \/>\n<meta property=\"article:modified_time\" content=\"2025-09-22T10:10:30+00:00\" \/>\n<meta property=\"og:image\" content=\"https:\/\/simovision.be\/professional\/wp-content\/uploads\/sites\/2\/2025\/03\/00-Avedro-KXL-System-17.webp\" \/>\n\t<meta property=\"og:image:width\" content=\"1000\" \/>\n\t<meta property=\"og:image:height\" content=\"666\" \/>\n\t<meta property=\"og:image:type\" content=\"image\/webp\" \/>\n<meta name=\"twitter:card\" content=\"summary_large_image\" \/>\n<meta name=\"twitter:label1\" content=\"Dur\u00e9e de lecture estim\u00e9e\" \/>\n\t<meta name=\"twitter:data1\" content=\"1 minute\" \/>\n<script type=\"application\/ld+json\" class=\"yoast-schema-graph\">{\"@context\":\"https:\/\/schema.org\",\"@graph\":[{\"@type\":\"WebPage\",\"@id\":\"https:\/\/simovision.be\/professional\/fr\/produit\/kxl-system\/\",\"url\":\"https:\/\/simovision.be\/professional\/fr\/produit\/kxl-system\/\",\"name\":\"Syst\u00e8me KXL - Simovision - Professional\",\"isPartOf\":{\"@id\":\"https:\/\/simovision.be\/professional\/fr\/#website\"},\"primaryImageOfPage\":{\"@id\":\"https:\/\/simovision.be\/professional\/fr\/produit\/kxl-system\/#primaryimage\"},\"image\":{\"@id\":\"https:\/\/simovision.be\/professional\/fr\/produit\/kxl-system\/#primaryimage\"},\"thumbnailUrl\":\"https:\/\/simovision.be\/professional\/wp-content\/uploads\/sites\/2\/2025\/03\/00-Avedro-KXL-System-17.webp\",\"datePublished\":\"2025-03-18T05:45:15+00:00\",\"dateModified\":\"2025-09-22T10:10:30+00:00\",\"breadcrumb\":{\"@id\":\"https:\/\/simovision.be\/professional\/fr\/produit\/kxl-system\/#breadcrumb\"},\"inLanguage\":\"fr-FR\",\"potentialAction\":[{\"@type\":\"ReadAction\",\"target\":[\"https:\/\/simovision.be\/professional\/fr\/produit\/kxl-system\/\"]}]},{\"@type\":\"ImageObject\",\"inLanguage\":\"fr-FR\",\"@id\":\"https:\/\/simovision.be\/professional\/fr\/produit\/kxl-system\/#primaryimage\",\"url\":\"https:\/\/simovision.be\/professional\/wp-content\/uploads\/sites\/2\/2025\/03\/00-Avedro-KXL-System-17.webp\",\"contentUrl\":\"https:\/\/simovision.be\/professional\/wp-content\/uploads\/sites\/2\/2025\/03\/00-Avedro-KXL-System-17.webp\",\"width\":1000,\"height\":666},{\"@type\":\"BreadcrumbList\",\"@id\":\"https:\/\/simovision.be\/professional\/fr\/produit\/kxl-system\/#breadcrumb\",\"itemListElement\":[{\"@type\":\"ListItem\",\"position\":1,\"name\":\"Home\",\"item\":\"https:\/\/simovision.be\/professional\/fr\/\"},{\"@type\":\"ListItem\",\"position\":2,\"name\":\"Boutique\",\"item\":\"https:\/\/simovision.be\/professional\/winkel\/\"},{\"@type\":\"ListItem\",\"position\":3,\"name\":\"Syst\u00e8me KXL\"}]},{\"@type\":\"WebSite\",\"@id\":\"https:\/\/simovision.be\/professional\/fr\/#website\",\"url\":\"https:\/\/simovision.be\/professional\/fr\/\",\"name\":\"Simovision - Professional\",\"description\":\"\",\"publisher\":{\"@id\":\"https:\/\/simovision.be\/professional\/fr\/#organization\"},\"potentialAction\":[{\"@type\":\"SearchAction\",\"target\":{\"@type\":\"EntryPoint\",\"urlTemplate\":\"https:\/\/simovision.be\/professional\/fr\/?s={search_term_string}\"},\"query-input\":{\"@type\":\"PropertyValueSpecification\",\"valueRequired\":true,\"valueName\":\"search_term_string\"}}],\"inLanguage\":\"fr-FR\"},{\"@type\":\"Organization\",\"@id\":\"https:\/\/simovision.be\/professional\/fr\/#organization\",\"name\":\"Simovision\",\"url\":\"https:\/\/simovision.be\/professional\/fr\/\",\"logo\":{\"@type\":\"ImageObject\",\"inLanguage\":\"fr-FR\",\"@id\":\"https:\/\/simovision.be\/professional\/fr\/#\/schema\/logo\/image\/\",\"url\":\"https:\/\/simovision.be\/professional\/wp-content\/uploads\/sites\/2\/2025\/06\/Logo_Simovision_Hilco_Vision_Pantone_7700C-kopie.webp\",\"contentUrl\":\"https:\/\/simovision.be\/professional\/wp-content\/uploads\/sites\/2\/2025\/06\/Logo_Simovision_Hilco_Vision_Pantone_7700C-kopie.webp\",\"width\":2000,\"height\":1021,\"caption\":\"Simovision\"},\"image\":{\"@id\":\"https:\/\/simovision.be\/professional\/fr\/#\/schema\/logo\/image\/\"},\"sameAs\":[\"https:\/\/www.linkedin.com\/company\/simovision\"]}]}<\/script>\n<!-- \/ Yoast SEO plugin. -->","yoast_head_json":{"title":"Syst\u00e8me KXL - Simovision - Professional","robots":{"index":"index","follow":"follow","max-snippet":"max-snippet:-1","max-image-preview":"max-image-preview:large","max-video-preview":"max-video-preview:-1"},"canonical":"https:\/\/simovision.be\/professional\/fr\/produit\/kxl-system\/","og_locale":"fr_FR","og_type":"article","og_title":"Syst\u00e8me KXL - Simovision - Professional","og_description":"La solution de r\u00e9ticulation corn\u00e9enne pour vos patients atteints de k\u00e9ratoc\u00f4ne ou trait\u00e9s par Lasik Xtra\u00ae Le syst\u00e8me certifi\u00e9 CE KXL\u00ae a \u00e9t\u00e9 con\u00e7u pour \u00eatre \u00e9l\u00e9gant et mobile avec un large \u00e9cran tactile et une t\u00e9l\u00e9commande sans fil pour faciliter l\u2019utilisation.  Les 4 protocoles pr\u00e9d\u00e9finis (modifiables) ainsi que le cinqui\u00e8me protocole de traitement programmable par l\u2019utilisateur vous permettent de choisir parmi des protocoles \u00e9prouv\u00e9s et pr\u00e9dictibles pour vos patients comprenant les traitements\u202f:   de retrait de l\u2019\u00e9pith\u00e9lium (epi-off)  en mode acc\u00e9l\u00e9r\u00e9  en mode puls\u00e9  en mode continu","og_url":"https:\/\/simovision.be\/professional\/fr\/produit\/kxl-system\/","og_site_name":"Simovision - Professional","article_modified_time":"2025-09-22T10:10:30+00:00","og_image":[{"width":1000,"height":666,"url":"https:\/\/simovision.be\/professional\/wp-content\/uploads\/sites\/2\/2025\/03\/00-Avedro-KXL-System-17.webp","type":"image\/webp"}],"twitter_card":"summary_large_image","twitter_misc":{"Dur\u00e9e de lecture estim\u00e9e":"1 minute"},"schema":{"@context":"https:\/\/schema.org","@graph":[{"@type":"WebPage","@id":"https:\/\/simovision.be\/professional\/fr\/produit\/kxl-system\/","url":"https:\/\/simovision.be\/professional\/fr\/produit\/kxl-system\/","name":"Syst\u00e8me KXL - Simovision - Professional","isPartOf":{"@id":"https:\/\/simovision.be\/professional\/fr\/#website"},"primaryImageOfPage":{"@id":"https:\/\/simovision.be\/professional\/fr\/produit\/kxl-system\/#primaryimage"},"image":{"@id":"https:\/\/simovision.be\/professional\/fr\/produit\/kxl-system\/#primaryimage"},"thumbnailUrl":"https:\/\/simovision.be\/professional\/wp-content\/uploads\/sites\/2\/2025\/03\/00-Avedro-KXL-System-17.webp","datePublished":"2025-03-18T05:45:15+00:00","dateModified":"2025-09-22T10:10:30+00:00","breadcrumb":{"@id":"https:\/\/simovision.be\/professional\/fr\/produit\/kxl-system\/#breadcrumb"},"inLanguage":"fr-FR","potentialAction":[{"@type":"ReadAction","target":["https:\/\/simovision.be\/professional\/fr\/produit\/kxl-system\/"]}]},{"@type":"ImageObject","inLanguage":"fr-FR","@id":"https:\/\/simovision.be\/professional\/fr\/produit\/kxl-system\/#primaryimage","url":"https:\/\/simovision.be\/professional\/wp-content\/uploads\/sites\/2\/2025\/03\/00-Avedro-KXL-System-17.webp","contentUrl":"https:\/\/simovision.be\/professional\/wp-content\/uploads\/sites\/2\/2025\/03\/00-Avedro-KXL-System-17.webp","width":1000,"height":666},{"@type":"BreadcrumbList","@id":"https:\/\/simovision.be\/professional\/fr\/produit\/kxl-system\/#breadcrumb","itemListElement":[{"@type":"ListItem","position":1,"name":"Home","item":"https:\/\/simovision.be\/professional\/fr\/"},{"@type":"ListItem","position":2,"name":"Boutique","item":"https:\/\/simovision.be\/professional\/winkel\/"},{"@type":"ListItem","position":3,"name":"Syst\u00e8me KXL"}]},{"@type":"WebSite","@id":"https:\/\/simovision.be\/professional\/fr\/#website","url":"https:\/\/simovision.be\/professional\/fr\/","name":"Simovision - Professional","description":"","publisher":{"@id":"https:\/\/simovision.be\/professional\/fr\/#organization"},"potentialAction":[{"@type":"SearchAction","target":{"@type":"EntryPoint","urlTemplate":"https:\/\/simovision.be\/professional\/fr\/?s={search_term_string}"},"query-input":{"@type":"PropertyValueSpecification","valueRequired":true,"valueName":"search_term_string"}}],"inLanguage":"fr-FR"},{"@type":"Organization","@id":"https:\/\/simovision.be\/professional\/fr\/#organization","name":"Simovision","url":"https:\/\/simovision.be\/professional\/fr\/","logo":{"@type":"ImageObject","inLanguage":"fr-FR","@id":"https:\/\/simovision.be\/professional\/fr\/#\/schema\/logo\/image\/","url":"https:\/\/simovision.be\/professional\/wp-content\/uploads\/sites\/2\/2025\/06\/Logo_Simovision_Hilco_Vision_Pantone_7700C-kopie.webp","contentUrl":"https:\/\/simovision.be\/professional\/wp-content\/uploads\/sites\/2\/2025\/06\/Logo_Simovision_Hilco_Vision_Pantone_7700C-kopie.webp","width":2000,"height":1021,"caption":"Simovision"},"image":{"@id":"https:\/\/simovision.be\/professional\/fr\/#\/schema\/logo\/image\/"},"sameAs":["https:\/\/www.linkedin.com\/company\/simovision"]}]}},"_links":{"self":[{"href":"https:\/\/simovision.be\/professional\/fr\/wp-json\/wp\/v2\/product\/2913","targetHints":{"allow":["GET"]}}],"collection":[{"href":"https:\/\/simovision.be\/professional\/fr\/wp-json\/wp\/v2\/product"}],"about":[{"href":"https:\/\/simovision.be\/professional\/fr\/wp-json\/wp\/v2\/types\/product"}],"wp:featuredmedia":[{"embeddable":true,"href":"https:\/\/simovision.be\/professional\/fr\/wp-json\/wp\/v2\/media\/3752"}],"wp:attachment":[{"href":"https:\/\/simovision.be\/professional\/fr\/wp-json\/wp\/v2\/media?parent=2913"}],"wp:term":[{"taxonomy":"product_brand","embeddable":true,"href":"https:\/\/simovision.be\/professional\/fr\/wp-json\/wp\/v2\/product_brand?post=2913"},{"taxonomy":"product_cat","embeddable":true,"href":"https:\/\/simovision.be\/professional\/fr\/wp-json\/wp\/v2\/product_cat?post=2913"},{"taxonomy":"product_tag","embeddable":true,"href":"https:\/\/simovision.be\/professional\/fr\/wp-json\/wp\/v2\/product_tag?post=2913"}],"curies":[{"name":"wp","href":"https:\/\/api.w.org\/{rel}","templated":true}]}}