{"id":2911,"date":"2025-03-13T16:56:07","date_gmt":"2025-03-13T15:56:07","guid":{"rendered":"https:\/\/simovision.be\/professional\/product\/f4h5-washout\/"},"modified":"2025-09-22T12:10:50","modified_gmt":"2025-09-22T10:10:50","slug":"f4h5-washout","status":"publish","type":"product","link":"https:\/\/simovision.be\/professional\/fr\/produit\/f4h5-washout\/","title":{"rendered":"F4H5 WashOut"},"content":{"rendered":"<h4>Caract\u00e9ristiques<\/h4>\n<ul>\n<li>Propri\u00e9t\u00e9s amphiphiles uniques en leur genre<\/li>\n<li>Dissolvent l\u2019huile de silicone<\/li>\n<li>\u00c9liminent les r\u00e9sidus d\u2019huile de silicone<\/li>\n<li>\u00c9liminent la \u00absticky oil\u00bb<\/li>\n<li>Nettoient les LIO contamin\u00e9es par de l\u2019huile de silicone<\/li>\n<li>Biocompatibles<\/li>\n<li>Densit\u00e9 [g\/cm\u00b3] \u00e0 25\u00b0 C: 1.28 | Viscosit\u00e9 [mPas] \u00e0 25\u00b0 C: 1.0<\/li>\n<\/ul>\n<p><strong><br \/>\nBibliographie<\/strong><\/p>\n<hr \/>\n<ol>\n<li><span style=\"font-size: 10pt\">A perfluorobutylpentane (F4H5)-based solution for the removal of residual emulsified silicone oil. Chan YK, Cheng HC, Wu J, Tang YHM, Chan ST, Wong D, Shum HC. Acta Ophthalmol. 2018 Feb;96(1):e38-e45. doi: 10.1111\/aos.13465. Epub 2017 Jun 14.<\/span><\/li>\n<li><span style=\"font-size: 10pt\">F4H5: a novel substance for the removal of silicone oil from intraocular lenses. Stappler T, Williams R, Wong D. Br J Ophthalmol. 2010 Mar;94(3):364-7. doi: 10.1136\/bjo.2009.161489. Epub 2009 Oct 14.<\/span><\/li>\n<\/ol>\n","protected":false},"excerpt":{"rendered":"<p><img loading=\"lazy\" decoding=\"async\" src=\"https:\/\/simovision.be\/professional\/wp-content\/uploads\/sites\/2\/2024\/10\/Fluoron_small.png\" alt=\"\" width=\"211\" height=\"40\" class=\"alignnone size-full wp-image-4419\" srcset=\"https:\/\/simovision.be\/professional\/wp-content\/uploads\/sites\/2\/2024\/10\/Fluoron_small.png 211w, https:\/\/simovision.be\/professional\/wp-content\/uploads\/sites\/2\/2024\/10\/Fluoron_small-64x12.png 64w\" sizes=\"auto, (max-width: 211px) 100vw, 211px\" \/><\/p>\n<h3><strong>Solution simple pour l&rsquo;\u00e9limination des r\u00e9sidus d&rsquo;huile dans la chirurgie vitr\u00e9or\u00e9tinienne<\/strong><\/h3>\n<p>Une adh\u00e9rence de l\u2019huile de silicone, au niveau de la r\u00e9tine ou des implants intraoculaires entra\u00eene des probl\u00e8mes optiques pouvant \u00eatre majeurs (inflammations, glaucome, membranes \u00e9pir\u00e9tiniennes). Le &lsquo;washout&rsquo; F4H5<sup>\u00ae<\/sup> de Geuder est un solvant biocompatible qui \u00e9limine efficacement les <strong>r\u00e9sidus<\/strong> d&rsquo;huile (m\u00eame &gt;2\u00b5m)<sup>1<\/sup> de la r\u00e9tine ou des lentilles intraoculaires<sup>2<\/sup>.<\/p>\n","protected":false},"featured_media":3741,"template":"","meta":{"_acf_changed":false,"content-type":"","site-sidebar-layout":"default","site-content-layout":"","ast-site-content-layout":"default","site-content-style":"default","site-sidebar-style":"default","ast-global-header-display":"","ast-banner-title-visibility":"","ast-main-header-display":"","ast-hfb-above-header-display":"","ast-hfb-below-header-display":"","ast-hfb-mobile-header-display":"","site-post-title":"","ast-breadcrumbs-content":"","ast-featured-img":"","footer-sml-layout":"","theme-transparent-header-meta":"default","adv-header-id-meta":"","stick-header-meta":"default","header-above-stick-meta":"","header-main-stick-meta":"","header-below-stick-meta":"","astra-migrate-meta-layouts":"set","ast-page-background-enabled":"default","ast-page-background-meta":{"desktop":{"background-color":"var(--ast-global-color-4)","background-image":"","background-repeat":"repeat","background-position":"center center","background-size":"auto","background-attachment":"scroll","background-type":"","background-media":"","overlay-type":"","overlay-color":"","overlay-opacity":"","overlay-gradient":""},"tablet":{"background-color":"","background-image":"","background-repeat":"repeat","background-position":"center center","background-size":"auto","background-attachment":"scroll","background-type":"","background-media":"","overlay-type":"","overlay-color":"","overlay-opacity":"","overlay-gradient":""},"mobile":{"background-color":"","background-image":"","background-repeat":"repeat","background-position":"center center","background-size":"auto","background-attachment":"scroll","background-type":"","background-media":"","overlay-type":"","overlay-color":"","overlay-opacity":"","overlay-gradient":""}},"ast-content-background-meta":{"desktop":{"background-color":"var(--ast-global-color-5)","background-image":"","background-repeat":"repeat","background-position":"center center","background-size":"auto","background-attachment":"scroll","background-type":"","background-media":"","overlay-type":"","overlay-color":"","overlay-opacity":"","overlay-gradient":""},"tablet":{"background-color":"var(--ast-global-color-5)","background-image":"","background-repeat":"repeat","background-position":"center center","background-size":"auto","background-attachment":"scroll","background-type":"","background-media":"","overlay-type":"","overlay-color":"","overlay-opacity":"","overlay-gradient":""},"mobile":{"background-color":"var(--ast-global-color-5)","background-image":"","background-repeat":"repeat","background-position":"center center","background-size":"auto","background-attachment":"scroll","background-type":"","background-media":"","overlay-type":"","overlay-color":"","overlay-opacity":"","overlay-gradient":""}}},"product_brand":[],"product_cat":[124],"product_tag":[716],"class_list":{"0":"post-2911","1":"product","2":"type-product","3":"status-publish","4":"has-post-thumbnail","6":"product_cat-biomateriaux","7":"product_tag-nl-fr","8":"desktop-align-left","9":"tablet-align-left","10":"mobile-align-left","11":"ast-product-gallery-layout-first-image-large","12":"ast-product-tabs-layout-horizontal","14":"first","15":"instock","16":"shipping-taxable","17":"product-type-simple"},"acf":[],"yoast_head":"<!-- This site is optimized with the Yoast SEO plugin v26.3 - https:\/\/yoast.com\/wordpress\/plugins\/seo\/ -->\n<title>F4H5 WashOut - Simovision - Professional<\/title>\n<meta name=\"robots\" content=\"index, follow, max-snippet:-1, max-image-preview:large, max-video-preview:-1\" \/>\n<link rel=\"canonical\" href=\"https:\/\/simovision.be\/professional\/fr\/produit\/f4h5-washout\/\" \/>\n<meta property=\"og:locale\" content=\"fr_FR\" \/>\n<meta property=\"og:type\" content=\"article\" \/>\n<meta property=\"og:title\" content=\"F4H5 WashOut - Simovision - Professional\" \/>\n<meta property=\"og:description\" content=\"Solution simple pour l&#039;\u00e9limination des r\u00e9sidus d&#039;huile dans la chirurgie vitr\u00e9or\u00e9tinienne Une adh\u00e9rence de l\u2019huile de silicone, au niveau de la r\u00e9tine ou des implants intraoculaires entra\u00eene des probl\u00e8mes optiques pouvant \u00eatre majeurs (inflammations, glaucome, membranes \u00e9pir\u00e9tiniennes). Le &#039;washout&#039; F4H5\u00ae de Geuder est un solvant biocompatible qui \u00e9limine efficacement les r\u00e9sidus d&#039;huile (m\u00eame &gt;2\u00b5m)1 de la r\u00e9tine ou des lentilles intraoculaires2.\" \/>\n<meta property=\"og:url\" content=\"https:\/\/simovision.be\/professional\/fr\/produit\/f4h5-washout\/\" \/>\n<meta property=\"og:site_name\" content=\"Simovision - Professional\" \/>\n<meta property=\"article:modified_time\" content=\"2025-09-22T10:10:50+00:00\" \/>\n<meta property=\"og:image\" content=\"https:\/\/simovision.be\/professional\/wp-content\/uploads\/sites\/2\/2025\/03\/00-FS-F4H5-Packshot.webp\" \/>\n\t<meta property=\"og:image:width\" content=\"1000\" \/>\n\t<meta property=\"og:image:height\" content=\"666\" \/>\n\t<meta property=\"og:image:type\" content=\"image\/webp\" \/>\n<meta name=\"twitter:card\" content=\"summary_large_image\" \/>\n<meta name=\"twitter:label1\" content=\"Dur\u00e9e de lecture estim\u00e9e\" \/>\n\t<meta name=\"twitter:data1\" content=\"1 minute\" \/>\n<script type=\"application\/ld+json\" class=\"yoast-schema-graph\">{\"@context\":\"https:\/\/schema.org\",\"@graph\":[{\"@type\":\"WebPage\",\"@id\":\"https:\/\/simovision.be\/professional\/fr\/produit\/f4h5-washout\/\",\"url\":\"https:\/\/simovision.be\/professional\/fr\/produit\/f4h5-washout\/\",\"name\":\"F4H5 WashOut - Simovision - Professional\",\"isPartOf\":{\"@id\":\"https:\/\/simovision.be\/professional\/fr\/#website\"},\"primaryImageOfPage\":{\"@id\":\"https:\/\/simovision.be\/professional\/fr\/produit\/f4h5-washout\/#primaryimage\"},\"image\":{\"@id\":\"https:\/\/simovision.be\/professional\/fr\/produit\/f4h5-washout\/#primaryimage\"},\"thumbnailUrl\":\"https:\/\/simovision.be\/professional\/wp-content\/uploads\/sites\/2\/2025\/03\/00-FS-F4H5-Packshot.webp\",\"datePublished\":\"2025-03-13T15:56:07+00:00\",\"dateModified\":\"2025-09-22T10:10:50+00:00\",\"breadcrumb\":{\"@id\":\"https:\/\/simovision.be\/professional\/fr\/produit\/f4h5-washout\/#breadcrumb\"},\"inLanguage\":\"fr-FR\",\"potentialAction\":[{\"@type\":\"ReadAction\",\"target\":[\"https:\/\/simovision.be\/professional\/fr\/produit\/f4h5-washout\/\"]}]},{\"@type\":\"ImageObject\",\"inLanguage\":\"fr-FR\",\"@id\":\"https:\/\/simovision.be\/professional\/fr\/produit\/f4h5-washout\/#primaryimage\",\"url\":\"https:\/\/simovision.be\/professional\/wp-content\/uploads\/sites\/2\/2025\/03\/00-FS-F4H5-Packshot.webp\",\"contentUrl\":\"https:\/\/simovision.be\/professional\/wp-content\/uploads\/sites\/2\/2025\/03\/00-FS-F4H5-Packshot.webp\",\"width\":1000,\"height\":666},{\"@type\":\"BreadcrumbList\",\"@id\":\"https:\/\/simovision.be\/professional\/fr\/produit\/f4h5-washout\/#breadcrumb\",\"itemListElement\":[{\"@type\":\"ListItem\",\"position\":1,\"name\":\"Home\",\"item\":\"https:\/\/simovision.be\/professional\/fr\/\"},{\"@type\":\"ListItem\",\"position\":2,\"name\":\"Boutique\",\"item\":\"https:\/\/simovision.be\/professional\/winkel\/\"},{\"@type\":\"ListItem\",\"position\":3,\"name\":\"F4H5 WashOut\"}]},{\"@type\":\"WebSite\",\"@id\":\"https:\/\/simovision.be\/professional\/fr\/#website\",\"url\":\"https:\/\/simovision.be\/professional\/fr\/\",\"name\":\"Simovision - Professional\",\"description\":\"\",\"publisher\":{\"@id\":\"https:\/\/simovision.be\/professional\/fr\/#organization\"},\"potentialAction\":[{\"@type\":\"SearchAction\",\"target\":{\"@type\":\"EntryPoint\",\"urlTemplate\":\"https:\/\/simovision.be\/professional\/fr\/?s={search_term_string}\"},\"query-input\":{\"@type\":\"PropertyValueSpecification\",\"valueRequired\":true,\"valueName\":\"search_term_string\"}}],\"inLanguage\":\"fr-FR\"},{\"@type\":\"Organization\",\"@id\":\"https:\/\/simovision.be\/professional\/fr\/#organization\",\"name\":\"Simovision\",\"url\":\"https:\/\/simovision.be\/professional\/fr\/\",\"logo\":{\"@type\":\"ImageObject\",\"inLanguage\":\"fr-FR\",\"@id\":\"https:\/\/simovision.be\/professional\/fr\/#\/schema\/logo\/image\/\",\"url\":\"https:\/\/simovision.be\/professional\/wp-content\/uploads\/sites\/2\/2025\/06\/Logo_Simovision_Hilco_Vision_Pantone_7700C-kopie.webp\",\"contentUrl\":\"https:\/\/simovision.be\/professional\/wp-content\/uploads\/sites\/2\/2025\/06\/Logo_Simovision_Hilco_Vision_Pantone_7700C-kopie.webp\",\"width\":2000,\"height\":1021,\"caption\":\"Simovision\"},\"image\":{\"@id\":\"https:\/\/simovision.be\/professional\/fr\/#\/schema\/logo\/image\/\"},\"sameAs\":[\"https:\/\/www.linkedin.com\/company\/simovision\"]}]}<\/script>\n<!-- \/ Yoast SEO plugin. -->","yoast_head_json":{"title":"F4H5 WashOut - Simovision - Professional","robots":{"index":"index","follow":"follow","max-snippet":"max-snippet:-1","max-image-preview":"max-image-preview:large","max-video-preview":"max-video-preview:-1"},"canonical":"https:\/\/simovision.be\/professional\/fr\/produit\/f4h5-washout\/","og_locale":"fr_FR","og_type":"article","og_title":"F4H5 WashOut - Simovision - Professional","og_description":"Solution simple pour l'\u00e9limination des r\u00e9sidus d'huile dans la chirurgie vitr\u00e9or\u00e9tinienne Une adh\u00e9rence de l\u2019huile de silicone, au niveau de la r\u00e9tine ou des implants intraoculaires entra\u00eene des probl\u00e8mes optiques pouvant \u00eatre majeurs (inflammations, glaucome, membranes \u00e9pir\u00e9tiniennes). Le 'washout' F4H5\u00ae de Geuder est un solvant biocompatible qui \u00e9limine efficacement les r\u00e9sidus d'huile (m\u00eame &gt;2\u00b5m)1 de la r\u00e9tine ou des lentilles intraoculaires2.","og_url":"https:\/\/simovision.be\/professional\/fr\/produit\/f4h5-washout\/","og_site_name":"Simovision - Professional","article_modified_time":"2025-09-22T10:10:50+00:00","og_image":[{"width":1000,"height":666,"url":"https:\/\/simovision.be\/professional\/wp-content\/uploads\/sites\/2\/2025\/03\/00-FS-F4H5-Packshot.webp","type":"image\/webp"}],"twitter_card":"summary_large_image","twitter_misc":{"Dur\u00e9e de lecture estim\u00e9e":"1 minute"},"schema":{"@context":"https:\/\/schema.org","@graph":[{"@type":"WebPage","@id":"https:\/\/simovision.be\/professional\/fr\/produit\/f4h5-washout\/","url":"https:\/\/simovision.be\/professional\/fr\/produit\/f4h5-washout\/","name":"F4H5 WashOut - Simovision - Professional","isPartOf":{"@id":"https:\/\/simovision.be\/professional\/fr\/#website"},"primaryImageOfPage":{"@id":"https:\/\/simovision.be\/professional\/fr\/produit\/f4h5-washout\/#primaryimage"},"image":{"@id":"https:\/\/simovision.be\/professional\/fr\/produit\/f4h5-washout\/#primaryimage"},"thumbnailUrl":"https:\/\/simovision.be\/professional\/wp-content\/uploads\/sites\/2\/2025\/03\/00-FS-F4H5-Packshot.webp","datePublished":"2025-03-13T15:56:07+00:00","dateModified":"2025-09-22T10:10:50+00:00","breadcrumb":{"@id":"https:\/\/simovision.be\/professional\/fr\/produit\/f4h5-washout\/#breadcrumb"},"inLanguage":"fr-FR","potentialAction":[{"@type":"ReadAction","target":["https:\/\/simovision.be\/professional\/fr\/produit\/f4h5-washout\/"]}]},{"@type":"ImageObject","inLanguage":"fr-FR","@id":"https:\/\/simovision.be\/professional\/fr\/produit\/f4h5-washout\/#primaryimage","url":"https:\/\/simovision.be\/professional\/wp-content\/uploads\/sites\/2\/2025\/03\/00-FS-F4H5-Packshot.webp","contentUrl":"https:\/\/simovision.be\/professional\/wp-content\/uploads\/sites\/2\/2025\/03\/00-FS-F4H5-Packshot.webp","width":1000,"height":666},{"@type":"BreadcrumbList","@id":"https:\/\/simovision.be\/professional\/fr\/produit\/f4h5-washout\/#breadcrumb","itemListElement":[{"@type":"ListItem","position":1,"name":"Home","item":"https:\/\/simovision.be\/professional\/fr\/"},{"@type":"ListItem","position":2,"name":"Boutique","item":"https:\/\/simovision.be\/professional\/winkel\/"},{"@type":"ListItem","position":3,"name":"F4H5 WashOut"}]},{"@type":"WebSite","@id":"https:\/\/simovision.be\/professional\/fr\/#website","url":"https:\/\/simovision.be\/professional\/fr\/","name":"Simovision - Professional","description":"","publisher":{"@id":"https:\/\/simovision.be\/professional\/fr\/#organization"},"potentialAction":[{"@type":"SearchAction","target":{"@type":"EntryPoint","urlTemplate":"https:\/\/simovision.be\/professional\/fr\/?s={search_term_string}"},"query-input":{"@type":"PropertyValueSpecification","valueRequired":true,"valueName":"search_term_string"}}],"inLanguage":"fr-FR"},{"@type":"Organization","@id":"https:\/\/simovision.be\/professional\/fr\/#organization","name":"Simovision","url":"https:\/\/simovision.be\/professional\/fr\/","logo":{"@type":"ImageObject","inLanguage":"fr-FR","@id":"https:\/\/simovision.be\/professional\/fr\/#\/schema\/logo\/image\/","url":"https:\/\/simovision.be\/professional\/wp-content\/uploads\/sites\/2\/2025\/06\/Logo_Simovision_Hilco_Vision_Pantone_7700C-kopie.webp","contentUrl":"https:\/\/simovision.be\/professional\/wp-content\/uploads\/sites\/2\/2025\/06\/Logo_Simovision_Hilco_Vision_Pantone_7700C-kopie.webp","width":2000,"height":1021,"caption":"Simovision"},"image":{"@id":"https:\/\/simovision.be\/professional\/fr\/#\/schema\/logo\/image\/"},"sameAs":["https:\/\/www.linkedin.com\/company\/simovision"]}]}},"_links":{"self":[{"href":"https:\/\/simovision.be\/professional\/fr\/wp-json\/wp\/v2\/product\/2911","targetHints":{"allow":["GET"]}}],"collection":[{"href":"https:\/\/simovision.be\/professional\/fr\/wp-json\/wp\/v2\/product"}],"about":[{"href":"https:\/\/simovision.be\/professional\/fr\/wp-json\/wp\/v2\/types\/product"}],"wp:featuredmedia":[{"embeddable":true,"href":"https:\/\/simovision.be\/professional\/fr\/wp-json\/wp\/v2\/media\/3741"}],"wp:attachment":[{"href":"https:\/\/simovision.be\/professional\/fr\/wp-json\/wp\/v2\/media?parent=2911"}],"wp:term":[{"taxonomy":"product_brand","embeddable":true,"href":"https:\/\/simovision.be\/professional\/fr\/wp-json\/wp\/v2\/product_brand?post=2911"},{"taxonomy":"product_cat","embeddable":true,"href":"https:\/\/simovision.be\/professional\/fr\/wp-json\/wp\/v2\/product_cat?post=2911"},{"taxonomy":"product_tag","embeddable":true,"href":"https:\/\/simovision.be\/professional\/fr\/wp-json\/wp\/v2\/product_tag?post=2911"}],"curies":[{"name":"wp","href":"https:\/\/api.w.org\/{rel}","templated":true}]}}