{"id":2904,"date":"2025-03-13T16:15:48","date_gmt":"2025-03-13T15:15:48","guid":{"rendered":"https:\/\/simovision.be\/professional\/product\/densiron-68\/"},"modified":"2025-09-22T12:10:57","modified_gmt":"2025-09-22T10:10:57","slug":"densiron-68","status":"publish","type":"product","link":"https:\/\/simovision.be\/professional\/fr\/produit\/densiron-68\/","title":{"rendered":"Densiron 68"},"content":{"rendered":"<h4>* \u00ab\u202fPlus lourde que l\u2019eau\u202f\u00bb<\/h4>\n<ul>\n<li>Densit\u00e9 accrue de 1,06 g\/cm\u00b3 pour un tamponnement <strong>r\u00e9tinien <\/strong><strong>efficace<\/strong>.<\/li>\n<li>M\u00e9lange physique pur de deux implants liquides, intensivement \u00e9tudi\u00e9s et certifi\u00e9s CE:\n<ul>\n<li><strong>F6H8<sup>\u00ae<\/sup><\/strong><\/li>\n<li>et <strong><span style=\"color: #ed7d31\"><a style=\"color: #ed7d31\" href=\"https:\/\/simovision.be\/professional\/fr\/produit\/siluron-5000\/\">Siluron<sup>\u00ae<\/sup> 5000<\/a><\/span><\/strong><\/li>\n<\/ul>\n<\/li>\n<li>Viscosit\u00e9 mod\u00e9r\u00e9e de 1400 mPa.s <strong>sans tendance accrue<\/strong> \u00e0 la <strong>dispersion<\/strong>.<\/li>\n<li>Application et \u00e9limination faciles de l\u2019endotamponnade.<\/li>\n<li><strong>Stabilit\u00e9 \u00e9lev\u00e9e<\/strong> lors du stockage, m\u00eame \u00e0 basse temp\u00e9rature (pas de s\u00e9paration de phase jusqu\u2019\u00e0 2\u00b0C).<\/li>\n<li><strong>Fiable<\/strong> et couronn\u00e9e de succ\u00e8s lors de son utilisation clinique depuis <strong>plus de 10 ans<\/strong>.<\/li>\n<\/ul>\n<h4>Utilisation<\/h4>\n<p>Densiron<sup>\u00ae<\/sup> 68 est utilis\u00e9 comme <strong>tamponnade temporaire<\/strong> apr\u00e8s une intervention chirurgicale pour les d\u00e9collements r\u00e9tiniens s\u00e9v\u00e8res, en particulier dans les cas de:<\/p>\n<ul>\n<li>Trous dans les r\u00e9gions inf\u00e9rieures et post\u00e9rieures de la r\u00e9tine<\/li>\n<li>D\u00e9collement r\u00e9tinien avec d\u00e9chirure importante<\/li>\n<li>D\u00e9collement r\u00e9tinien associ\u00e9 \u00e0 une prolif\u00e9ration vitr\u00e9o-r\u00e9tinienne (PVR)<\/li>\n<li>D\u00e9collement r\u00e9tinien associ\u00e9 une r\u00e9tinopathie diab\u00e9tique prolif\u00e9rante (RDP)<\/li>\n<li>D\u00e9collement r\u00e9tinien traumatique<\/li>\n<\/ul>\n","protected":false},"excerpt":{"rendered":"<p><img loading=\"lazy\" decoding=\"async\" class=\"alignnone size-full wp-image-4419\" src=\"https:\/\/simovision.be\/professional\/wp-content\/uploads\/sites\/2\/2024\/10\/Fluoron_small.png\" alt=\"\" width=\"211\" height=\"40\" srcset=\"https:\/\/simovision.be\/professional\/wp-content\/uploads\/sites\/2\/2024\/10\/Fluoron_small.png 211w, https:\/\/simovision.be\/professional\/wp-content\/uploads\/sites\/2\/2024\/10\/Fluoron_small-64x12.png 64w\" sizes=\"auto, (max-width: 211px) 100vw, 211px\" \/><\/p>\n<h3><strong>Endotamponnade \u00ab plus lourde que l\u2019eau \u00bb aux propri\u00e9t\u00e9s exceptionnelles<\/strong><\/h3>\n<h4>Caract\u00e9ristiques<\/h4>\n<ul>\n<li>Tamponnade r\u00e9tinienne temporaire utilis\u00e9e apr\u00e8s une intervention chirurgicale pour des <strong>d\u00e9collements r\u00e9tiniens graves<\/strong><\/li>\n<li><strong>Plus lourde<\/strong> que l&rsquo;eau*<\/li>\n<li>Sp\u00e9cifiquement con\u00e7ue pour les pathologies<strong> r\u00e9tiniennes inf\u00e9rieures<\/strong><\/li>\n<li>Viscosit\u00e9 mod\u00e9r\u00e9e<\/li>\n<\/ul>\n","protected":false},"featured_media":3723,"template":"","meta":{"_acf_changed":false,"content-type":"","site-sidebar-layout":"default","site-content-layout":"","ast-site-content-layout":"default","site-content-style":"default","site-sidebar-style":"default","ast-global-header-display":"","ast-banner-title-visibility":"","ast-main-header-display":"","ast-hfb-above-header-display":"","ast-hfb-below-header-display":"","ast-hfb-mobile-header-display":"","site-post-title":"","ast-breadcrumbs-content":"","ast-featured-img":"","footer-sml-layout":"","theme-transparent-header-meta":"default","adv-header-id-meta":"","stick-header-meta":"default","header-above-stick-meta":"","header-main-stick-meta":"","header-below-stick-meta":"","astra-migrate-meta-layouts":"set","ast-page-background-enabled":"default","ast-page-background-meta":{"desktop":{"background-color":"var(--ast-global-color-4)","background-image":"","background-repeat":"repeat","background-position":"center center","background-size":"auto","background-attachment":"scroll","background-type":"","background-media":"","overlay-type":"","overlay-color":"","overlay-opacity":"","overlay-gradient":""},"tablet":{"background-color":"","background-image":"","background-repeat":"repeat","background-position":"center center","background-size":"auto","background-attachment":"scroll","background-type":"","background-media":"","overlay-type":"","overlay-color":"","overlay-opacity":"","overlay-gradient":""},"mobile":{"background-color":"","background-image":"","background-repeat":"repeat","background-position":"center center","background-size":"auto","background-attachment":"scroll","background-type":"","background-media":"","overlay-type":"","overlay-color":"","overlay-opacity":"","overlay-gradient":""}},"ast-content-background-meta":{"desktop":{"background-color":"var(--ast-global-color-5)","background-image":"","background-repeat":"repeat","background-position":"center center","background-size":"auto","background-attachment":"scroll","background-type":"","background-media":"","overlay-type":"","overlay-color":"","overlay-opacity":"","overlay-gradient":""},"tablet":{"background-color":"var(--ast-global-color-5)","background-image":"","background-repeat":"repeat","background-position":"center center","background-size":"auto","background-attachment":"scroll","background-type":"","background-media":"","overlay-type":"","overlay-color":"","overlay-opacity":"","overlay-gradient":""},"mobile":{"background-color":"var(--ast-global-color-5)","background-image":"","background-repeat":"repeat","background-position":"center center","background-size":"auto","background-attachment":"scroll","background-type":"","background-media":"","overlay-type":"","overlay-color":"","overlay-opacity":"","overlay-gradient":""}}},"product_brand":[],"product_cat":[124],"product_tag":[716],"class_list":{"0":"post-2904","1":"product","2":"type-product","3":"status-publish","4":"has-post-thumbnail","6":"product_cat-biomateriaux","7":"product_tag-nl-fr","8":"desktop-align-left","9":"tablet-align-left","10":"mobile-align-left","11":"ast-product-gallery-layout-first-image-large","12":"ast-product-tabs-layout-horizontal","14":"first","15":"instock","16":"shipping-taxable","17":"product-type-simple"},"acf":[],"yoast_head":"<!-- This site is optimized with the Yoast SEO plugin v26.3 - https:\/\/yoast.com\/wordpress\/plugins\/seo\/ -->\n<title>Densiron 68 - Simovision - Professional<\/title>\n<meta name=\"robots\" content=\"index, follow, max-snippet:-1, max-image-preview:large, max-video-preview:-1\" \/>\n<link rel=\"canonical\" href=\"https:\/\/simovision.be\/professional\/fr\/produit\/densiron-68\/\" \/>\n<meta property=\"og:locale\" content=\"fr_FR\" \/>\n<meta property=\"og:type\" content=\"article\" \/>\n<meta property=\"og:title\" content=\"Densiron 68 - Simovision - Professional\" \/>\n<meta property=\"og:description\" content=\"Endotamponnade \u00ab plus lourde que l\u2019eau \u00bb aux propri\u00e9t\u00e9s exceptionnelles Caract\u00e9ristiques   Tamponnade r\u00e9tinienne temporaire utilis\u00e9e apr\u00e8s une intervention chirurgicale pour des d\u00e9collements r\u00e9tiniens graves  Plus lourde que l&#039;eau*  Sp\u00e9cifiquement con\u00e7ue pour les pathologies r\u00e9tiniennes inf\u00e9rieures  Viscosit\u00e9 mod\u00e9r\u00e9e\" \/>\n<meta property=\"og:url\" content=\"https:\/\/simovision.be\/professional\/fr\/produit\/densiron-68\/\" \/>\n<meta property=\"og:site_name\" content=\"Simovision - Professional\" \/>\n<meta property=\"article:modified_time\" content=\"2025-09-22T10:10:57+00:00\" \/>\n<meta property=\"og:image\" content=\"https:\/\/simovision.be\/professional\/wp-content\/uploads\/sites\/2\/2025\/03\/00-Densiron-68-Packshot.webp\" \/>\n\t<meta property=\"og:image:width\" content=\"1000\" \/>\n\t<meta property=\"og:image:height\" content=\"666\" \/>\n\t<meta property=\"og:image:type\" content=\"image\/webp\" \/>\n<meta name=\"twitter:card\" content=\"summary_large_image\" \/>\n<meta name=\"twitter:label1\" content=\"Dur\u00e9e de lecture estim\u00e9e\" \/>\n\t<meta name=\"twitter:data1\" content=\"1 minute\" \/>\n<script type=\"application\/ld+json\" class=\"yoast-schema-graph\">{\"@context\":\"https:\/\/schema.org\",\"@graph\":[{\"@type\":\"WebPage\",\"@id\":\"https:\/\/simovision.be\/professional\/fr\/produit\/densiron-68\/\",\"url\":\"https:\/\/simovision.be\/professional\/fr\/produit\/densiron-68\/\",\"name\":\"Densiron 68 - Simovision - Professional\",\"isPartOf\":{\"@id\":\"https:\/\/simovision.be\/professional\/fr\/#website\"},\"primaryImageOfPage\":{\"@id\":\"https:\/\/simovision.be\/professional\/fr\/produit\/densiron-68\/#primaryimage\"},\"image\":{\"@id\":\"https:\/\/simovision.be\/professional\/fr\/produit\/densiron-68\/#primaryimage\"},\"thumbnailUrl\":\"https:\/\/simovision.be\/professional\/wp-content\/uploads\/sites\/2\/2025\/03\/00-Densiron-68-Packshot.webp\",\"datePublished\":\"2025-03-13T15:15:48+00:00\",\"dateModified\":\"2025-09-22T10:10:57+00:00\",\"breadcrumb\":{\"@id\":\"https:\/\/simovision.be\/professional\/fr\/produit\/densiron-68\/#breadcrumb\"},\"inLanguage\":\"fr-FR\",\"potentialAction\":[{\"@type\":\"ReadAction\",\"target\":[\"https:\/\/simovision.be\/professional\/fr\/produit\/densiron-68\/\"]}]},{\"@type\":\"ImageObject\",\"inLanguage\":\"fr-FR\",\"@id\":\"https:\/\/simovision.be\/professional\/fr\/produit\/densiron-68\/#primaryimage\",\"url\":\"https:\/\/simovision.be\/professional\/wp-content\/uploads\/sites\/2\/2025\/03\/00-Densiron-68-Packshot.webp\",\"contentUrl\":\"https:\/\/simovision.be\/professional\/wp-content\/uploads\/sites\/2\/2025\/03\/00-Densiron-68-Packshot.webp\",\"width\":1000,\"height\":666},{\"@type\":\"BreadcrumbList\",\"@id\":\"https:\/\/simovision.be\/professional\/fr\/produit\/densiron-68\/#breadcrumb\",\"itemListElement\":[{\"@type\":\"ListItem\",\"position\":1,\"name\":\"Home\",\"item\":\"https:\/\/simovision.be\/professional\/fr\/\"},{\"@type\":\"ListItem\",\"position\":2,\"name\":\"Boutique\",\"item\":\"https:\/\/simovision.be\/professional\/winkel\/\"},{\"@type\":\"ListItem\",\"position\":3,\"name\":\"Densiron 68\"}]},{\"@type\":\"WebSite\",\"@id\":\"https:\/\/simovision.be\/professional\/fr\/#website\",\"url\":\"https:\/\/simovision.be\/professional\/fr\/\",\"name\":\"Simovision - Professional\",\"description\":\"\",\"publisher\":{\"@id\":\"https:\/\/simovision.be\/professional\/fr\/#organization\"},\"potentialAction\":[{\"@type\":\"SearchAction\",\"target\":{\"@type\":\"EntryPoint\",\"urlTemplate\":\"https:\/\/simovision.be\/professional\/fr\/?s={search_term_string}\"},\"query-input\":{\"@type\":\"PropertyValueSpecification\",\"valueRequired\":true,\"valueName\":\"search_term_string\"}}],\"inLanguage\":\"fr-FR\"},{\"@type\":\"Organization\",\"@id\":\"https:\/\/simovision.be\/professional\/fr\/#organization\",\"name\":\"Simovision\",\"url\":\"https:\/\/simovision.be\/professional\/fr\/\",\"logo\":{\"@type\":\"ImageObject\",\"inLanguage\":\"fr-FR\",\"@id\":\"https:\/\/simovision.be\/professional\/fr\/#\/schema\/logo\/image\/\",\"url\":\"https:\/\/simovision.be\/professional\/wp-content\/uploads\/sites\/2\/2025\/06\/Logo_Simovision_Hilco_Vision_Pantone_7700C-kopie.webp\",\"contentUrl\":\"https:\/\/simovision.be\/professional\/wp-content\/uploads\/sites\/2\/2025\/06\/Logo_Simovision_Hilco_Vision_Pantone_7700C-kopie.webp\",\"width\":2000,\"height\":1021,\"caption\":\"Simovision\"},\"image\":{\"@id\":\"https:\/\/simovision.be\/professional\/fr\/#\/schema\/logo\/image\/\"},\"sameAs\":[\"https:\/\/www.linkedin.com\/company\/simovision\"]}]}<\/script>\n<!-- \/ Yoast SEO plugin. -->","yoast_head_json":{"title":"Densiron 68 - Simovision - Professional","robots":{"index":"index","follow":"follow","max-snippet":"max-snippet:-1","max-image-preview":"max-image-preview:large","max-video-preview":"max-video-preview:-1"},"canonical":"https:\/\/simovision.be\/professional\/fr\/produit\/densiron-68\/","og_locale":"fr_FR","og_type":"article","og_title":"Densiron 68 - Simovision - Professional","og_description":"Endotamponnade \u00ab plus lourde que l\u2019eau \u00bb aux propri\u00e9t\u00e9s exceptionnelles Caract\u00e9ristiques   Tamponnade r\u00e9tinienne temporaire utilis\u00e9e apr\u00e8s une intervention chirurgicale pour des d\u00e9collements r\u00e9tiniens graves  Plus lourde que l'eau*  Sp\u00e9cifiquement con\u00e7ue pour les pathologies r\u00e9tiniennes inf\u00e9rieures  Viscosit\u00e9 mod\u00e9r\u00e9e","og_url":"https:\/\/simovision.be\/professional\/fr\/produit\/densiron-68\/","og_site_name":"Simovision - Professional","article_modified_time":"2025-09-22T10:10:57+00:00","og_image":[{"width":1000,"height":666,"url":"https:\/\/simovision.be\/professional\/wp-content\/uploads\/sites\/2\/2025\/03\/00-Densiron-68-Packshot.webp","type":"image\/webp"}],"twitter_card":"summary_large_image","twitter_misc":{"Dur\u00e9e de lecture estim\u00e9e":"1 minute"},"schema":{"@context":"https:\/\/schema.org","@graph":[{"@type":"WebPage","@id":"https:\/\/simovision.be\/professional\/fr\/produit\/densiron-68\/","url":"https:\/\/simovision.be\/professional\/fr\/produit\/densiron-68\/","name":"Densiron 68 - Simovision - Professional","isPartOf":{"@id":"https:\/\/simovision.be\/professional\/fr\/#website"},"primaryImageOfPage":{"@id":"https:\/\/simovision.be\/professional\/fr\/produit\/densiron-68\/#primaryimage"},"image":{"@id":"https:\/\/simovision.be\/professional\/fr\/produit\/densiron-68\/#primaryimage"},"thumbnailUrl":"https:\/\/simovision.be\/professional\/wp-content\/uploads\/sites\/2\/2025\/03\/00-Densiron-68-Packshot.webp","datePublished":"2025-03-13T15:15:48+00:00","dateModified":"2025-09-22T10:10:57+00:00","breadcrumb":{"@id":"https:\/\/simovision.be\/professional\/fr\/produit\/densiron-68\/#breadcrumb"},"inLanguage":"fr-FR","potentialAction":[{"@type":"ReadAction","target":["https:\/\/simovision.be\/professional\/fr\/produit\/densiron-68\/"]}]},{"@type":"ImageObject","inLanguage":"fr-FR","@id":"https:\/\/simovision.be\/professional\/fr\/produit\/densiron-68\/#primaryimage","url":"https:\/\/simovision.be\/professional\/wp-content\/uploads\/sites\/2\/2025\/03\/00-Densiron-68-Packshot.webp","contentUrl":"https:\/\/simovision.be\/professional\/wp-content\/uploads\/sites\/2\/2025\/03\/00-Densiron-68-Packshot.webp","width":1000,"height":666},{"@type":"BreadcrumbList","@id":"https:\/\/simovision.be\/professional\/fr\/produit\/densiron-68\/#breadcrumb","itemListElement":[{"@type":"ListItem","position":1,"name":"Home","item":"https:\/\/simovision.be\/professional\/fr\/"},{"@type":"ListItem","position":2,"name":"Boutique","item":"https:\/\/simovision.be\/professional\/winkel\/"},{"@type":"ListItem","position":3,"name":"Densiron 68"}]},{"@type":"WebSite","@id":"https:\/\/simovision.be\/professional\/fr\/#website","url":"https:\/\/simovision.be\/professional\/fr\/","name":"Simovision - Professional","description":"","publisher":{"@id":"https:\/\/simovision.be\/professional\/fr\/#organization"},"potentialAction":[{"@type":"SearchAction","target":{"@type":"EntryPoint","urlTemplate":"https:\/\/simovision.be\/professional\/fr\/?s={search_term_string}"},"query-input":{"@type":"PropertyValueSpecification","valueRequired":true,"valueName":"search_term_string"}}],"inLanguage":"fr-FR"},{"@type":"Organization","@id":"https:\/\/simovision.be\/professional\/fr\/#organization","name":"Simovision","url":"https:\/\/simovision.be\/professional\/fr\/","logo":{"@type":"ImageObject","inLanguage":"fr-FR","@id":"https:\/\/simovision.be\/professional\/fr\/#\/schema\/logo\/image\/","url":"https:\/\/simovision.be\/professional\/wp-content\/uploads\/sites\/2\/2025\/06\/Logo_Simovision_Hilco_Vision_Pantone_7700C-kopie.webp","contentUrl":"https:\/\/simovision.be\/professional\/wp-content\/uploads\/sites\/2\/2025\/06\/Logo_Simovision_Hilco_Vision_Pantone_7700C-kopie.webp","width":2000,"height":1021,"caption":"Simovision"},"image":{"@id":"https:\/\/simovision.be\/professional\/fr\/#\/schema\/logo\/image\/"},"sameAs":["https:\/\/www.linkedin.com\/company\/simovision"]}]}},"_links":{"self":[{"href":"https:\/\/simovision.be\/professional\/fr\/wp-json\/wp\/v2\/product\/2904","targetHints":{"allow":["GET"]}}],"collection":[{"href":"https:\/\/simovision.be\/professional\/fr\/wp-json\/wp\/v2\/product"}],"about":[{"href":"https:\/\/simovision.be\/professional\/fr\/wp-json\/wp\/v2\/types\/product"}],"wp:featuredmedia":[{"embeddable":true,"href":"https:\/\/simovision.be\/professional\/fr\/wp-json\/wp\/v2\/media\/3723"}],"wp:attachment":[{"href":"https:\/\/simovision.be\/professional\/fr\/wp-json\/wp\/v2\/media?parent=2904"}],"wp:term":[{"taxonomy":"product_brand","embeddable":true,"href":"https:\/\/simovision.be\/professional\/fr\/wp-json\/wp\/v2\/product_brand?post=2904"},{"taxonomy":"product_cat","embeddable":true,"href":"https:\/\/simovision.be\/professional\/fr\/wp-json\/wp\/v2\/product_cat?post=2904"},{"taxonomy":"product_tag","embeddable":true,"href":"https:\/\/simovision.be\/professional\/fr\/wp-json\/wp\/v2\/product_tag?post=2904"}],"curies":[{"name":"wp","href":"https:\/\/api.w.org\/{rel}","templated":true}]}}