{"id":2903,"date":"2025-03-13T10:22:34","date_gmt":"2025-03-13T09:22:34","guid":{"rendered":"https:\/\/simovision.be\/professional\/product\/xephilio-oct-r1\/"},"modified":"2025-12-01T09:14:47","modified_gmt":"2025-12-01T08:14:47","slug":"xephilio-oct-r1","status":"publish","type":"product","link":"https:\/\/simovision.be\/professional\/fr\/produit\/xephilio-oct-r1\/","title":{"rendered":"Xephilio OCT-R1"},"content":{"rendered":"<h3><strong>Caract\u00e9ristiques<\/strong><\/h3>\n<ul>\n<li>Acquisition OCT + cam\u00e9ra r\u00e9tinienne enti\u00e8rement automatis\u00e9es<\/li>\n<li>Prise de mesure s\u00e9quentielle<\/li>\n<li>Eye-Tracker avec fonction Follow-up<\/li>\n<li>Analyse <strong>3D Wide<\/strong> de la <strong>macula<\/strong> et du <strong>nerf optique<\/strong> en un seul scan<\/li>\n<li>Grand champ <strong>14.7 x 13.4 mm<\/strong><\/li>\n<li>Faible encombrement et configuration flexible<\/li>\n<li>Module <strong>angio OCT<\/strong><\/li>\n<\/ul>\n<h3><strong>Combinaision OCT + cam\u00e9ra r\u00e9tinienne automatis\u00e9e<\/strong><\/h3>\n<p>Le Xephilio OCT-R1 combine un dispositif de OCT et une cam\u00e9ra r\u00e9tinienne de haute d\u00e9finition, ce qui en fait une <strong>solution id\u00e9ale<\/strong> pour le <strong>d\u00e9pistage <\/strong>et pour les cabinets m\u00e9dicaux ayant un <strong>grand volume de patients<\/strong>.<\/p>\n<p>Le Xephilio OCT-R1 permet de r\u00e9aliser des <strong>scans OCT de grande qualit\u00e9<\/strong> avec un grand champ allant jusqu\u2019\u00e0 <strong>14,7 x 13,4 mm<\/strong>. L\u2019association avec la cam\u00e9ra r\u00e9tinienne d\u2019une r\u00e9solution de 24,2 MP permet au Xephilio OCT-R1 de g\u00e9n\u00e9rer des images haute d\u00e9finition et de reproduire les couleurs d\u2019une fa\u00e7on in\u00e9gal\u00e9e.<\/p>\n<p>Le logiciel complet et <strong>polyvalent RX<\/strong> a \u00e9t\u00e9 con\u00e7u pour <strong>combiner <\/strong>automatiquement les informations de <strong>l\u2019OCT<\/strong> et de la <strong>cam\u00e9ra r\u00e9tinienne <\/strong>offrant des rapports exhaustifs et un soutien au diagnostic. Le logiciel RX g\u00e9n\u00e8re un rapport complet avec des informations faciles \u00e0 lire, am\u00e9liorant la vitesse et la pr\u00e9cision du diagnostic.<\/p>\n<h4>Prise de mesure s\u00e9quentielle<\/h4>\n<p>L\u2019OCT-R1 dispose d\u2019un <strong>protocole d\u2019examen enti\u00e8rement automatis\u00e9<\/strong> qui peut \u00eatre lanc\u00e9 par une simple pression sur un bouton. Cette fonctionnalit\u00e9 avanc\u00e9e optimise le processus d\u2019imagerie et garantit la <strong>pr\u00e9cision <\/strong>et la <strong>coh\u00e9rence <\/strong>des donn\u00e9es obtenues pour les deux yeux. L\u2019association avec un guidage audio rend l\u2019appareil <strong>particuli\u00e8rement convivial<\/strong> pour les patients comme pour les manipulateurs. L\u2019OCT-R1 constitue un choix id\u00e9al pour les sp\u00e9cialistes qui privil\u00e9gient la rapidit\u00e9, la pr\u00e9cision et le confort du patient.<\/p>\n<h4>OCT-angiographie et Angio expert<\/h4>\n<p>Le Xephilio OCT-R permet aux cliniciens de visualiser en <strong>d\u00e9tail <\/strong>la <strong>microvasculature <\/strong><strong>r\u00e9tinienne<\/strong>. Les <strong>mouvements<\/strong> des <strong>globules rouges<\/strong> dans les vaisseaux r\u00e9tiniens peuvent \u00eatre d\u00e9tect\u00e9s gr\u00e2ce au logiciel Angio Expert, disponible en option, permettant ainsi d\u2019identifier avec pr\u00e9cision les plus petits vaisseaux sanguins en 2D et en 3D, en quelques secondes seulement.<\/p>\n<p>Diff\u00e9rentes tailles de scans, de 3 x 3 jusqu\u2019\u00e0 13,4 x 13,4 mm (A-Scan x B-Scan) sont disponibles pour une analyse compl\u00e8te. De plus, il n\u2019est <strong>pas n\u00e9cessaire<\/strong> <strong>d\u2019injecter <\/strong>de la <strong>fluoresc\u00e9ine <\/strong>ou de dilater la pupille, ce qui rend l\u2019appareil simple d\u2019utilisation et convivial pour le patient.<\/p>\n<h4>Imagerie panoramique<\/h4>\n<p>Avec le logiciel Mosaic, vous pouvez cr\u00e9er de larges images OCT-A en combinant 4 ou 5 scans OCT-A, utiles pour visualiser les pathologies p\u00e9riph\u00e9riques.<\/p>\n<h3><strong>Cam\u00e9ra r\u00e9tinienne<\/strong><\/h3>\n<p><strong>L\u2019autofocus <\/strong>de nouvelle g\u00e9n\u00e9ration du Xephilio OCT-R1 permet <strong>une mise au point rapide et pr\u00e9cise<\/strong>, m\u00eame chez les patients pr\u00e9sentant de petites pupilles.<\/p>\n<p>Le <strong>r\u00e9glage automatique de l\u2019exposition<\/strong> unique garantit une intensit\u00e9 optimale de la lumi\u00e8re d\u2019observation et du flash. Il s\u2019ajuste en temps r\u00e9el, en fonction de la lumi\u00e8re r\u00e9fl\u00e9chie par la r\u00e9tine, ce qui garantit une exposition correcte, ind\u00e9pendamment de l\u2019origine ethnique ou de la taille de la pupille.<\/p>\n","protected":false},"excerpt":{"rendered":"<p><img loading=\"lazy\" decoding=\"async\" class=\"alignnone size-full wp-image-4984\" src=\"https:\/\/simovision.be\/professional\/wp-content\/uploads\/sites\/2\/2025\/06\/Logo_canon_tease.png\" alt=\"\" width=\"319\" height=\"40\" srcset=\"https:\/\/simovision.be\/professional\/wp-content\/uploads\/sites\/2\/2025\/06\/Logo_canon_tease.png 319w, https:\/\/simovision.be\/professional\/wp-content\/uploads\/sites\/2\/2025\/06\/Logo_canon_tease-64x8.png 64w, https:\/\/simovision.be\/professional\/wp-content\/uploads\/sites\/2\/2025\/06\/Logo_canon_tease-300x38.png 300w\" sizes=\"auto, (max-width: 319px) 100vw, 319px\" \/><\/p>\n<h3><strong>Enti\u00e8rement automatis\u00e9 combinant OCT et imagerie r\u00e9tinienne<\/strong><\/h3>\n<p>Canon propose la combinaison d\u2019un OCT spectral <strong>domain (SD-OCT) enti\u00e8rement automatis\u00e9<\/strong> avec l\u2019imagerie r\u00e9tinienne couleur en <strong>r\u00e9solution HD<\/strong>.<\/p>\n","protected":false},"featured_media":2255,"template":"","meta":{"_acf_changed":false,"content-type":"","site-sidebar-layout":"default","site-content-layout":"","ast-site-content-layout":"default","site-content-style":"default","site-sidebar-style":"default","ast-global-header-display":"","ast-banner-title-visibility":"","ast-main-header-display":"","ast-hfb-above-header-display":"","ast-hfb-below-header-display":"","ast-hfb-mobile-header-display":"","site-post-title":"","ast-breadcrumbs-content":"","ast-featured-img":"","footer-sml-layout":"","theme-transparent-header-meta":"default","adv-header-id-meta":"","stick-header-meta":"default","header-above-stick-meta":"","header-main-stick-meta":"","header-below-stick-meta":"","astra-migrate-meta-layouts":"set","ast-page-background-enabled":"default","ast-page-background-meta":{"desktop":{"background-color":"var(--ast-global-color-4)","background-image":"","background-repeat":"repeat","background-position":"center center","background-size":"auto","background-attachment":"scroll","background-type":"","background-media":"","overlay-type":"","overlay-color":"","overlay-opacity":"","overlay-gradient":""},"tablet":{"background-color":"","background-image":"","background-repeat":"repeat","background-position":"center center","background-size":"auto","background-attachment":"scroll","background-type":"","background-media":"","overlay-type":"","overlay-color":"","overlay-opacity":"","overlay-gradient":""},"mobile":{"background-color":"","background-image":"","background-repeat":"repeat","background-position":"center center","background-size":"auto","background-attachment":"scroll","background-type":"","background-media":"","overlay-type":"","overlay-color":"","overlay-opacity":"","overlay-gradient":""}},"ast-content-background-meta":{"desktop":{"background-color":"var(--ast-global-color-5)","background-image":"","background-repeat":"repeat","background-position":"center center","background-size":"auto","background-attachment":"scroll","background-type":"","background-media":"","overlay-type":"","overlay-color":"","overlay-opacity":"","overlay-gradient":""},"tablet":{"background-color":"var(--ast-global-color-5)","background-image":"","background-repeat":"repeat","background-position":"center center","background-size":"auto","background-attachment":"scroll","background-type":"","background-media":"","overlay-type":"","overlay-color":"","overlay-opacity":"","overlay-gradient":""},"mobile":{"background-color":"var(--ast-global-color-5)","background-image":"","background-repeat":"repeat","background-position":"center center","background-size":"auto","background-attachment":"scroll","background-type":"","background-media":"","overlay-type":"","overlay-color":"","overlay-opacity":"","overlay-gradient":""}}},"product_brand":[],"product_cat":[138,123],"product_tag":[],"class_list":{"0":"post-2903","1":"product","2":"type-product","3":"status-publish","4":"has-post-thumbnail","6":"product_cat-oct-fr","7":"product_cat-retinographes","8":"desktop-align-left","9":"tablet-align-left","10":"mobile-align-left","11":"ast-product-gallery-layout-first-image-large","12":"ast-product-tabs-layout-horizontal","14":"first","15":"instock","16":"shipping-taxable","17":"product-type-simple"},"acf":[],"yoast_head":"<!-- This site is optimized with the Yoast SEO plugin v26.3 - https:\/\/yoast.com\/wordpress\/plugins\/seo\/ -->\n<title>Xephilio OCT-R1 - Simovision - Professional<\/title>\n<meta name=\"robots\" content=\"index, follow, max-snippet:-1, max-image-preview:large, max-video-preview:-1\" \/>\n<link rel=\"canonical\" href=\"https:\/\/simovision.be\/professional\/fr\/produit\/xephilio-oct-r1\/\" \/>\n<meta property=\"og:locale\" content=\"fr_FR\" \/>\n<meta property=\"og:type\" content=\"article\" \/>\n<meta property=\"og:title\" content=\"Xephilio OCT-R1 - Simovision - Professional\" \/>\n<meta property=\"og:description\" content=\"Enti\u00e8rement automatis\u00e9 combinant OCT et imagerie r\u00e9tinienne Canon propose la combinaison d\u2019un OCT spectral domain (SD-OCT) enti\u00e8rement automatis\u00e9 avec l\u2019imagerie r\u00e9tinienne couleur en r\u00e9solution HD.\" \/>\n<meta property=\"og:url\" content=\"https:\/\/simovision.be\/professional\/fr\/produit\/xephilio-oct-r1\/\" \/>\n<meta property=\"og:site_name\" content=\"Simovision - Professional\" \/>\n<meta property=\"article:modified_time\" content=\"2025-12-01T08:14:47+00:00\" \/>\n<meta property=\"og:image\" content=\"https:\/\/simovision.be\/professional\/wp-content\/uploads\/sites\/2\/2025\/03\/00.-02_OCT-R1-scaled.png\" \/>\n\t<meta property=\"og:image:width\" content=\"2560\" \/>\n\t<meta property=\"og:image:height\" content=\"1707\" \/>\n\t<meta property=\"og:image:type\" content=\"image\/png\" \/>\n<meta name=\"twitter:card\" content=\"summary_large_image\" \/>\n<meta name=\"twitter:label1\" content=\"Dur\u00e9e de lecture estim\u00e9e\" \/>\n\t<meta name=\"twitter:data1\" content=\"3 minutes\" \/>\n<script type=\"application\/ld+json\" class=\"yoast-schema-graph\">{\"@context\":\"https:\/\/schema.org\",\"@graph\":[{\"@type\":\"WebPage\",\"@id\":\"https:\/\/simovision.be\/professional\/fr\/produit\/xephilio-oct-r1\/\",\"url\":\"https:\/\/simovision.be\/professional\/fr\/produit\/xephilio-oct-r1\/\",\"name\":\"Xephilio OCT-R1 - Simovision - Professional\",\"isPartOf\":{\"@id\":\"https:\/\/simovision.be\/professional\/fr\/#website\"},\"primaryImageOfPage\":{\"@id\":\"https:\/\/simovision.be\/professional\/fr\/produit\/xephilio-oct-r1\/#primaryimage\"},\"image\":{\"@id\":\"https:\/\/simovision.be\/professional\/fr\/produit\/xephilio-oct-r1\/#primaryimage\"},\"thumbnailUrl\":\"https:\/\/simovision.be\/professional\/wp-content\/uploads\/sites\/2\/2025\/03\/00.-02_OCT-R1-scaled.png\",\"datePublished\":\"2025-03-13T09:22:34+00:00\",\"dateModified\":\"2025-12-01T08:14:47+00:00\",\"breadcrumb\":{\"@id\":\"https:\/\/simovision.be\/professional\/fr\/produit\/xephilio-oct-r1\/#breadcrumb\"},\"inLanguage\":\"fr-FR\",\"potentialAction\":[{\"@type\":\"ReadAction\",\"target\":[\"https:\/\/simovision.be\/professional\/fr\/produit\/xephilio-oct-r1\/\"]}]},{\"@type\":\"ImageObject\",\"inLanguage\":\"fr-FR\",\"@id\":\"https:\/\/simovision.be\/professional\/fr\/produit\/xephilio-oct-r1\/#primaryimage\",\"url\":\"https:\/\/simovision.be\/professional\/wp-content\/uploads\/sites\/2\/2025\/03\/00.-02_OCT-R1-scaled.png\",\"contentUrl\":\"https:\/\/simovision.be\/professional\/wp-content\/uploads\/sites\/2\/2025\/03\/00.-02_OCT-R1-scaled.png\",\"width\":2560,\"height\":1707},{\"@type\":\"BreadcrumbList\",\"@id\":\"https:\/\/simovision.be\/professional\/fr\/produit\/xephilio-oct-r1\/#breadcrumb\",\"itemListElement\":[{\"@type\":\"ListItem\",\"position\":1,\"name\":\"Home\",\"item\":\"https:\/\/simovision.be\/professional\/fr\/\"},{\"@type\":\"ListItem\",\"position\":2,\"name\":\"Boutique\",\"item\":\"https:\/\/simovision.be\/professional\/winkel\/\"},{\"@type\":\"ListItem\",\"position\":3,\"name\":\"Xephilio OCT-R1\"}]},{\"@type\":\"WebSite\",\"@id\":\"https:\/\/simovision.be\/professional\/fr\/#website\",\"url\":\"https:\/\/simovision.be\/professional\/fr\/\",\"name\":\"Simovision - Professional\",\"description\":\"\",\"publisher\":{\"@id\":\"https:\/\/simovision.be\/professional\/fr\/#organization\"},\"potentialAction\":[{\"@type\":\"SearchAction\",\"target\":{\"@type\":\"EntryPoint\",\"urlTemplate\":\"https:\/\/simovision.be\/professional\/fr\/?s={search_term_string}\"},\"query-input\":{\"@type\":\"PropertyValueSpecification\",\"valueRequired\":true,\"valueName\":\"search_term_string\"}}],\"inLanguage\":\"fr-FR\"},{\"@type\":\"Organization\",\"@id\":\"https:\/\/simovision.be\/professional\/fr\/#organization\",\"name\":\"Simovision\",\"url\":\"https:\/\/simovision.be\/professional\/fr\/\",\"logo\":{\"@type\":\"ImageObject\",\"inLanguage\":\"fr-FR\",\"@id\":\"https:\/\/simovision.be\/professional\/fr\/#\/schema\/logo\/image\/\",\"url\":\"https:\/\/simovision.be\/professional\/wp-content\/uploads\/sites\/2\/2025\/06\/Logo_Simovision_Hilco_Vision_Pantone_7700C-kopie.webp\",\"contentUrl\":\"https:\/\/simovision.be\/professional\/wp-content\/uploads\/sites\/2\/2025\/06\/Logo_Simovision_Hilco_Vision_Pantone_7700C-kopie.webp\",\"width\":2000,\"height\":1021,\"caption\":\"Simovision\"},\"image\":{\"@id\":\"https:\/\/simovision.be\/professional\/fr\/#\/schema\/logo\/image\/\"},\"sameAs\":[\"https:\/\/www.linkedin.com\/company\/simovision\"]}]}<\/script>\n<!-- \/ Yoast SEO plugin. -->","yoast_head_json":{"title":"Xephilio OCT-R1 - Simovision - Professional","robots":{"index":"index","follow":"follow","max-snippet":"max-snippet:-1","max-image-preview":"max-image-preview:large","max-video-preview":"max-video-preview:-1"},"canonical":"https:\/\/simovision.be\/professional\/fr\/produit\/xephilio-oct-r1\/","og_locale":"fr_FR","og_type":"article","og_title":"Xephilio OCT-R1 - Simovision - Professional","og_description":"Enti\u00e8rement automatis\u00e9 combinant OCT et imagerie r\u00e9tinienne Canon propose la combinaison d\u2019un OCT spectral domain (SD-OCT) enti\u00e8rement automatis\u00e9 avec l\u2019imagerie r\u00e9tinienne couleur en r\u00e9solution HD.","og_url":"https:\/\/simovision.be\/professional\/fr\/produit\/xephilio-oct-r1\/","og_site_name":"Simovision - Professional","article_modified_time":"2025-12-01T08:14:47+00:00","og_image":[{"width":2560,"height":1707,"url":"https:\/\/simovision.be\/professional\/wp-content\/uploads\/sites\/2\/2025\/03\/00.-02_OCT-R1-scaled.png","type":"image\/png"}],"twitter_card":"summary_large_image","twitter_misc":{"Dur\u00e9e de lecture estim\u00e9e":"3 minutes"},"schema":{"@context":"https:\/\/schema.org","@graph":[{"@type":"WebPage","@id":"https:\/\/simovision.be\/professional\/fr\/produit\/xephilio-oct-r1\/","url":"https:\/\/simovision.be\/professional\/fr\/produit\/xephilio-oct-r1\/","name":"Xephilio OCT-R1 - Simovision - Professional","isPartOf":{"@id":"https:\/\/simovision.be\/professional\/fr\/#website"},"primaryImageOfPage":{"@id":"https:\/\/simovision.be\/professional\/fr\/produit\/xephilio-oct-r1\/#primaryimage"},"image":{"@id":"https:\/\/simovision.be\/professional\/fr\/produit\/xephilio-oct-r1\/#primaryimage"},"thumbnailUrl":"https:\/\/simovision.be\/professional\/wp-content\/uploads\/sites\/2\/2025\/03\/00.-02_OCT-R1-scaled.png","datePublished":"2025-03-13T09:22:34+00:00","dateModified":"2025-12-01T08:14:47+00:00","breadcrumb":{"@id":"https:\/\/simovision.be\/professional\/fr\/produit\/xephilio-oct-r1\/#breadcrumb"},"inLanguage":"fr-FR","potentialAction":[{"@type":"ReadAction","target":["https:\/\/simovision.be\/professional\/fr\/produit\/xephilio-oct-r1\/"]}]},{"@type":"ImageObject","inLanguage":"fr-FR","@id":"https:\/\/simovision.be\/professional\/fr\/produit\/xephilio-oct-r1\/#primaryimage","url":"https:\/\/simovision.be\/professional\/wp-content\/uploads\/sites\/2\/2025\/03\/00.-02_OCT-R1-scaled.png","contentUrl":"https:\/\/simovision.be\/professional\/wp-content\/uploads\/sites\/2\/2025\/03\/00.-02_OCT-R1-scaled.png","width":2560,"height":1707},{"@type":"BreadcrumbList","@id":"https:\/\/simovision.be\/professional\/fr\/produit\/xephilio-oct-r1\/#breadcrumb","itemListElement":[{"@type":"ListItem","position":1,"name":"Home","item":"https:\/\/simovision.be\/professional\/fr\/"},{"@type":"ListItem","position":2,"name":"Boutique","item":"https:\/\/simovision.be\/professional\/winkel\/"},{"@type":"ListItem","position":3,"name":"Xephilio OCT-R1"}]},{"@type":"WebSite","@id":"https:\/\/simovision.be\/professional\/fr\/#website","url":"https:\/\/simovision.be\/professional\/fr\/","name":"Simovision - Professional","description":"","publisher":{"@id":"https:\/\/simovision.be\/professional\/fr\/#organization"},"potentialAction":[{"@type":"SearchAction","target":{"@type":"EntryPoint","urlTemplate":"https:\/\/simovision.be\/professional\/fr\/?s={search_term_string}"},"query-input":{"@type":"PropertyValueSpecification","valueRequired":true,"valueName":"search_term_string"}}],"inLanguage":"fr-FR"},{"@type":"Organization","@id":"https:\/\/simovision.be\/professional\/fr\/#organization","name":"Simovision","url":"https:\/\/simovision.be\/professional\/fr\/","logo":{"@type":"ImageObject","inLanguage":"fr-FR","@id":"https:\/\/simovision.be\/professional\/fr\/#\/schema\/logo\/image\/","url":"https:\/\/simovision.be\/professional\/wp-content\/uploads\/sites\/2\/2025\/06\/Logo_Simovision_Hilco_Vision_Pantone_7700C-kopie.webp","contentUrl":"https:\/\/simovision.be\/professional\/wp-content\/uploads\/sites\/2\/2025\/06\/Logo_Simovision_Hilco_Vision_Pantone_7700C-kopie.webp","width":2000,"height":1021,"caption":"Simovision"},"image":{"@id":"https:\/\/simovision.be\/professional\/fr\/#\/schema\/logo\/image\/"},"sameAs":["https:\/\/www.linkedin.com\/company\/simovision"]}]}},"_links":{"self":[{"href":"https:\/\/simovision.be\/professional\/fr\/wp-json\/wp\/v2\/product\/2903","targetHints":{"allow":["GET"]}}],"collection":[{"href":"https:\/\/simovision.be\/professional\/fr\/wp-json\/wp\/v2\/product"}],"about":[{"href":"https:\/\/simovision.be\/professional\/fr\/wp-json\/wp\/v2\/types\/product"}],"wp:featuredmedia":[{"embeddable":true,"href":"https:\/\/simovision.be\/professional\/fr\/wp-json\/wp\/v2\/media\/2255"}],"wp:attachment":[{"href":"https:\/\/simovision.be\/professional\/fr\/wp-json\/wp\/v2\/media?parent=2903"}],"wp:term":[{"taxonomy":"product_brand","embeddable":true,"href":"https:\/\/simovision.be\/professional\/fr\/wp-json\/wp\/v2\/product_brand?post=2903"},{"taxonomy":"product_cat","embeddable":true,"href":"https:\/\/simovision.be\/professional\/fr\/wp-json\/wp\/v2\/product_cat?post=2903"},{"taxonomy":"product_tag","embeddable":true,"href":"https:\/\/simovision.be\/professional\/fr\/wp-json\/wp\/v2\/product_tag?post=2903"}],"curies":[{"name":"wp","href":"https:\/\/api.w.org\/{rel}","templated":true}]}}