{"id":2838,"date":"2025-03-22T10:40:19","date_gmt":"2025-03-22T09:40:19","guid":{"rendered":"https:\/\/simovision.be\/professional\/product\/oculus-pentacam-hr\/"},"modified":"2025-09-22T12:09:28","modified_gmt":"2025-09-22T10:09:28","slug":"oculus-pentacam-hr","status":"publish","type":"product","link":"https:\/\/simovision.be\/professional\/fr\/produit\/oculus-pentacam-hr\/","title":{"rendered":"OCULUS Pentacam HR"},"content":{"rendered":"","protected":false},"excerpt":{"rendered":"<p><img loading=\"lazy\" decoding=\"async\" src=\"https:\/\/simovision.be\/professional\/wp-content\/uploads\/sites\/2\/2025\/06\/Logo_Oculus_teaser.png\" alt=\"\" width=\"48\" height=\"40\" class=\"alignnone size-full wp-image-4990\" \/><\/p>\n<h3 style=\"text-align: left\"><strong>OCULUS Pentacam<sup>\u00ae<\/sup> + Cam\u00e9ra HR<\/strong><\/h3>\n<p>B\u00e9n\u00e9ficiez des <strong>m\u00eames fonctionnalit\u00e9s<\/strong> que <strong><span style=\"color: #ed7d31\"><a style=\"color: #ed7d31\" href=\"https:\/\/simovision.be\/professional\/fr\/produit\/oculus-pentacam\/\">l&rsquo;OCULUS Pentacam<\/a><\/span><\/strong><sup>\u00ae<\/sup>, compl\u00e9t\u00e9es par une <strong>cam\u00e9ra haute r\u00e9solution<\/strong> pour:<\/p>\n<ul>\n<li>l\u2019analyse compl\u00e8te de la chambre ant\u00e9rieure;<\/li>\n<li>des images de haute qualit\u00e9 pour d\u00e9tecter les anomalies corn\u00e9ennes.<\/li>\n<\/ul>\n","protected":false},"featured_media":3839,"template":"","meta":{"_acf_changed":false,"content-type":"","site-sidebar-layout":"default","site-content-layout":"","ast-site-content-layout":"default","site-content-style":"default","site-sidebar-style":"default","ast-global-header-display":"","ast-banner-title-visibility":"","ast-main-header-display":"","ast-hfb-above-header-display":"","ast-hfb-below-header-display":"","ast-hfb-mobile-header-display":"","site-post-title":"","ast-breadcrumbs-content":"","ast-featured-img":"","footer-sml-layout":"","theme-transparent-header-meta":"default","adv-header-id-meta":"","stick-header-meta":"default","header-above-stick-meta":"","header-main-stick-meta":"","header-below-stick-meta":"","astra-migrate-meta-layouts":"set","ast-page-background-enabled":"default","ast-page-background-meta":{"desktop":{"background-color":"var(--ast-global-color-4)","background-image":"","background-repeat":"repeat","background-position":"center center","background-size":"auto","background-attachment":"scroll","background-type":"","background-media":"","overlay-type":"","overlay-color":"","overlay-opacity":"","overlay-gradient":""},"tablet":{"background-color":"","background-image":"","background-repeat":"repeat","background-position":"center center","background-size":"auto","background-attachment":"scroll","background-type":"","background-media":"","overlay-type":"","overlay-color":"","overlay-opacity":"","overlay-gradient":""},"mobile":{"background-color":"","background-image":"","background-repeat":"repeat","background-position":"center center","background-size":"auto","background-attachment":"scroll","background-type":"","background-media":"","overlay-type":"","overlay-color":"","overlay-opacity":"","overlay-gradient":""}},"ast-content-background-meta":{"desktop":{"background-color":"var(--ast-global-color-5)","background-image":"","background-repeat":"repeat","background-position":"center center","background-size":"auto","background-attachment":"scroll","background-type":"","background-media":"","overlay-type":"","overlay-color":"","overlay-opacity":"","overlay-gradient":""},"tablet":{"background-color":"var(--ast-global-color-5)","background-image":"","background-repeat":"repeat","background-position":"center center","background-size":"auto","background-attachment":"scroll","background-type":"","background-media":"","overlay-type":"","overlay-color":"","overlay-opacity":"","overlay-gradient":""},"mobile":{"background-color":"var(--ast-global-color-5)","background-image":"","background-repeat":"repeat","background-position":"center center","background-size":"auto","background-attachment":"scroll","background-type":"","background-media":"","overlay-type":"","overlay-color":"","overlay-opacity":"","overlay-gradient":""}}},"product_brand":[],"product_cat":[128],"product_tag":[],"class_list":{"0":"post-2838","1":"product","2":"type-product","3":"status-publish","4":"has-post-thumbnail","6":"product_cat-segment-anterieur-tomographe-et-topographe","7":"desktop-align-left","8":"tablet-align-left","9":"mobile-align-left","10":"ast-product-gallery-layout-first-image-large","11":"ast-product-tabs-layout-horizontal","13":"first","14":"instock","15":"shipping-taxable","16":"product-type-simple"},"acf":[],"yoast_head":"<!-- This site is optimized with the Yoast SEO plugin v26.3 - https:\/\/yoast.com\/wordpress\/plugins\/seo\/ -->\n<title>OCULUS Pentacam HR - Simovision - Professional<\/title>\n<meta name=\"robots\" content=\"index, follow, max-snippet:-1, max-image-preview:large, max-video-preview:-1\" \/>\n<link rel=\"canonical\" href=\"https:\/\/simovision.be\/professional\/fr\/produit\/oculus-pentacam-hr\/\" \/>\n<meta property=\"og:locale\" content=\"fr_FR\" \/>\n<meta property=\"og:type\" content=\"article\" \/>\n<meta property=\"og:title\" content=\"OCULUS Pentacam HR - Simovision - Professional\" \/>\n<meta property=\"og:description\" content=\"OCULUS Pentacam\u00ae + Cam\u00e9ra HR B\u00e9n\u00e9ficiez des m\u00eames fonctionnalit\u00e9s que l&#039;OCULUS Pentacam\u00ae, compl\u00e9t\u00e9es par une cam\u00e9ra haute r\u00e9solution pour:   l\u2019analyse compl\u00e8te de la chambre ant\u00e9rieure;  des images de haute qualit\u00e9 pour d\u00e9tecter les anomalies corn\u00e9ennes.\" \/>\n<meta property=\"og:url\" content=\"https:\/\/simovision.be\/professional\/fr\/produit\/oculus-pentacam-hr\/\" \/>\n<meta property=\"og:site_name\" content=\"Simovision - Professional\" \/>\n<meta property=\"article:modified_time\" content=\"2025-09-22T10:09:28+00:00\" \/>\n<meta property=\"og:image\" content=\"https:\/\/simovision.be\/professional\/wp-content\/uploads\/sites\/2\/2025\/03\/00-OCULUS-Pentacam-HR.webp\" \/>\n\t<meta property=\"og:image:width\" content=\"1000\" \/>\n\t<meta property=\"og:image:height\" content=\"666\" \/>\n\t<meta property=\"og:image:type\" content=\"image\/webp\" \/>\n<meta name=\"twitter:card\" content=\"summary_large_image\" \/>\n<meta name=\"twitter:label1\" content=\"Dur\u00e9e de lecture estim\u00e9e\" \/>\n\t<meta name=\"twitter:data1\" content=\"1 minute\" \/>\n<script type=\"application\/ld+json\" class=\"yoast-schema-graph\">{\"@context\":\"https:\/\/schema.org\",\"@graph\":[{\"@type\":\"WebPage\",\"@id\":\"https:\/\/simovision.be\/professional\/fr\/produit\/oculus-pentacam-hr\/\",\"url\":\"https:\/\/simovision.be\/professional\/fr\/produit\/oculus-pentacam-hr\/\",\"name\":\"OCULUS Pentacam HR - Simovision - Professional\",\"isPartOf\":{\"@id\":\"https:\/\/simovision.be\/professional\/fr\/#website\"},\"primaryImageOfPage\":{\"@id\":\"https:\/\/simovision.be\/professional\/fr\/produit\/oculus-pentacam-hr\/#primaryimage\"},\"image\":{\"@id\":\"https:\/\/simovision.be\/professional\/fr\/produit\/oculus-pentacam-hr\/#primaryimage\"},\"thumbnailUrl\":\"https:\/\/simovision.be\/professional\/wp-content\/uploads\/sites\/2\/2025\/03\/00-OCULUS-Pentacam-HR.webp\",\"datePublished\":\"2025-03-22T09:40:19+00:00\",\"dateModified\":\"2025-09-22T10:09:28+00:00\",\"breadcrumb\":{\"@id\":\"https:\/\/simovision.be\/professional\/fr\/produit\/oculus-pentacam-hr\/#breadcrumb\"},\"inLanguage\":\"fr-FR\",\"potentialAction\":[{\"@type\":\"ReadAction\",\"target\":[\"https:\/\/simovision.be\/professional\/fr\/produit\/oculus-pentacam-hr\/\"]}]},{\"@type\":\"ImageObject\",\"inLanguage\":\"fr-FR\",\"@id\":\"https:\/\/simovision.be\/professional\/fr\/produit\/oculus-pentacam-hr\/#primaryimage\",\"url\":\"https:\/\/simovision.be\/professional\/wp-content\/uploads\/sites\/2\/2025\/03\/00-OCULUS-Pentacam-HR.webp\",\"contentUrl\":\"https:\/\/simovision.be\/professional\/wp-content\/uploads\/sites\/2\/2025\/03\/00-OCULUS-Pentacam-HR.webp\",\"width\":1000,\"height\":666},{\"@type\":\"BreadcrumbList\",\"@id\":\"https:\/\/simovision.be\/professional\/fr\/produit\/oculus-pentacam-hr\/#breadcrumb\",\"itemListElement\":[{\"@type\":\"ListItem\",\"position\":1,\"name\":\"Home\",\"item\":\"https:\/\/simovision.be\/professional\/fr\/\"},{\"@type\":\"ListItem\",\"position\":2,\"name\":\"Boutique\",\"item\":\"https:\/\/simovision.be\/professional\/winkel\/\"},{\"@type\":\"ListItem\",\"position\":3,\"name\":\"OCULUS Pentacam HR\"}]},{\"@type\":\"WebSite\",\"@id\":\"https:\/\/simovision.be\/professional\/fr\/#website\",\"url\":\"https:\/\/simovision.be\/professional\/fr\/\",\"name\":\"Simovision - Professional\",\"description\":\"\",\"publisher\":{\"@id\":\"https:\/\/simovision.be\/professional\/fr\/#organization\"},\"potentialAction\":[{\"@type\":\"SearchAction\",\"target\":{\"@type\":\"EntryPoint\",\"urlTemplate\":\"https:\/\/simovision.be\/professional\/fr\/?s={search_term_string}\"},\"query-input\":{\"@type\":\"PropertyValueSpecification\",\"valueRequired\":true,\"valueName\":\"search_term_string\"}}],\"inLanguage\":\"fr-FR\"},{\"@type\":\"Organization\",\"@id\":\"https:\/\/simovision.be\/professional\/fr\/#organization\",\"name\":\"Simovision\",\"url\":\"https:\/\/simovision.be\/professional\/fr\/\",\"logo\":{\"@type\":\"ImageObject\",\"inLanguage\":\"fr-FR\",\"@id\":\"https:\/\/simovision.be\/professional\/fr\/#\/schema\/logo\/image\/\",\"url\":\"https:\/\/simovision.be\/professional\/wp-content\/uploads\/sites\/2\/2025\/06\/Logo_Simovision_Hilco_Vision_Pantone_7700C-kopie.webp\",\"contentUrl\":\"https:\/\/simovision.be\/professional\/wp-content\/uploads\/sites\/2\/2025\/06\/Logo_Simovision_Hilco_Vision_Pantone_7700C-kopie.webp\",\"width\":2000,\"height\":1021,\"caption\":\"Simovision\"},\"image\":{\"@id\":\"https:\/\/simovision.be\/professional\/fr\/#\/schema\/logo\/image\/\"},\"sameAs\":[\"https:\/\/www.linkedin.com\/company\/simovision\"]}]}<\/script>\n<!-- \/ Yoast SEO plugin. -->","yoast_head_json":{"title":"OCULUS Pentacam HR - Simovision - Professional","robots":{"index":"index","follow":"follow","max-snippet":"max-snippet:-1","max-image-preview":"max-image-preview:large","max-video-preview":"max-video-preview:-1"},"canonical":"https:\/\/simovision.be\/professional\/fr\/produit\/oculus-pentacam-hr\/","og_locale":"fr_FR","og_type":"article","og_title":"OCULUS Pentacam HR - Simovision - Professional","og_description":"OCULUS Pentacam\u00ae + Cam\u00e9ra HR B\u00e9n\u00e9ficiez des m\u00eames fonctionnalit\u00e9s que l'OCULUS Pentacam\u00ae, compl\u00e9t\u00e9es par une cam\u00e9ra haute r\u00e9solution pour:   l\u2019analyse compl\u00e8te de la chambre ant\u00e9rieure;  des images de haute qualit\u00e9 pour d\u00e9tecter les anomalies corn\u00e9ennes.","og_url":"https:\/\/simovision.be\/professional\/fr\/produit\/oculus-pentacam-hr\/","og_site_name":"Simovision - Professional","article_modified_time":"2025-09-22T10:09:28+00:00","og_image":[{"width":1000,"height":666,"url":"https:\/\/simovision.be\/professional\/wp-content\/uploads\/sites\/2\/2025\/03\/00-OCULUS-Pentacam-HR.webp","type":"image\/webp"}],"twitter_card":"summary_large_image","twitter_misc":{"Dur\u00e9e de lecture estim\u00e9e":"1 minute"},"schema":{"@context":"https:\/\/schema.org","@graph":[{"@type":"WebPage","@id":"https:\/\/simovision.be\/professional\/fr\/produit\/oculus-pentacam-hr\/","url":"https:\/\/simovision.be\/professional\/fr\/produit\/oculus-pentacam-hr\/","name":"OCULUS Pentacam HR - Simovision - Professional","isPartOf":{"@id":"https:\/\/simovision.be\/professional\/fr\/#website"},"primaryImageOfPage":{"@id":"https:\/\/simovision.be\/professional\/fr\/produit\/oculus-pentacam-hr\/#primaryimage"},"image":{"@id":"https:\/\/simovision.be\/professional\/fr\/produit\/oculus-pentacam-hr\/#primaryimage"},"thumbnailUrl":"https:\/\/simovision.be\/professional\/wp-content\/uploads\/sites\/2\/2025\/03\/00-OCULUS-Pentacam-HR.webp","datePublished":"2025-03-22T09:40:19+00:00","dateModified":"2025-09-22T10:09:28+00:00","breadcrumb":{"@id":"https:\/\/simovision.be\/professional\/fr\/produit\/oculus-pentacam-hr\/#breadcrumb"},"inLanguage":"fr-FR","potentialAction":[{"@type":"ReadAction","target":["https:\/\/simovision.be\/professional\/fr\/produit\/oculus-pentacam-hr\/"]}]},{"@type":"ImageObject","inLanguage":"fr-FR","@id":"https:\/\/simovision.be\/professional\/fr\/produit\/oculus-pentacam-hr\/#primaryimage","url":"https:\/\/simovision.be\/professional\/wp-content\/uploads\/sites\/2\/2025\/03\/00-OCULUS-Pentacam-HR.webp","contentUrl":"https:\/\/simovision.be\/professional\/wp-content\/uploads\/sites\/2\/2025\/03\/00-OCULUS-Pentacam-HR.webp","width":1000,"height":666},{"@type":"BreadcrumbList","@id":"https:\/\/simovision.be\/professional\/fr\/produit\/oculus-pentacam-hr\/#breadcrumb","itemListElement":[{"@type":"ListItem","position":1,"name":"Home","item":"https:\/\/simovision.be\/professional\/fr\/"},{"@type":"ListItem","position":2,"name":"Boutique","item":"https:\/\/simovision.be\/professional\/winkel\/"},{"@type":"ListItem","position":3,"name":"OCULUS Pentacam HR"}]},{"@type":"WebSite","@id":"https:\/\/simovision.be\/professional\/fr\/#website","url":"https:\/\/simovision.be\/professional\/fr\/","name":"Simovision - Professional","description":"","publisher":{"@id":"https:\/\/simovision.be\/professional\/fr\/#organization"},"potentialAction":[{"@type":"SearchAction","target":{"@type":"EntryPoint","urlTemplate":"https:\/\/simovision.be\/professional\/fr\/?s={search_term_string}"},"query-input":{"@type":"PropertyValueSpecification","valueRequired":true,"valueName":"search_term_string"}}],"inLanguage":"fr-FR"},{"@type":"Organization","@id":"https:\/\/simovision.be\/professional\/fr\/#organization","name":"Simovision","url":"https:\/\/simovision.be\/professional\/fr\/","logo":{"@type":"ImageObject","inLanguage":"fr-FR","@id":"https:\/\/simovision.be\/professional\/fr\/#\/schema\/logo\/image\/","url":"https:\/\/simovision.be\/professional\/wp-content\/uploads\/sites\/2\/2025\/06\/Logo_Simovision_Hilco_Vision_Pantone_7700C-kopie.webp","contentUrl":"https:\/\/simovision.be\/professional\/wp-content\/uploads\/sites\/2\/2025\/06\/Logo_Simovision_Hilco_Vision_Pantone_7700C-kopie.webp","width":2000,"height":1021,"caption":"Simovision"},"image":{"@id":"https:\/\/simovision.be\/professional\/fr\/#\/schema\/logo\/image\/"},"sameAs":["https:\/\/www.linkedin.com\/company\/simovision"]}]}},"_links":{"self":[{"href":"https:\/\/simovision.be\/professional\/fr\/wp-json\/wp\/v2\/product\/2838","targetHints":{"allow":["GET"]}}],"collection":[{"href":"https:\/\/simovision.be\/professional\/fr\/wp-json\/wp\/v2\/product"}],"about":[{"href":"https:\/\/simovision.be\/professional\/fr\/wp-json\/wp\/v2\/types\/product"}],"wp:featuredmedia":[{"embeddable":true,"href":"https:\/\/simovision.be\/professional\/fr\/wp-json\/wp\/v2\/media\/3839"}],"wp:attachment":[{"href":"https:\/\/simovision.be\/professional\/fr\/wp-json\/wp\/v2\/media?parent=2838"}],"wp:term":[{"taxonomy":"product_brand","embeddable":true,"href":"https:\/\/simovision.be\/professional\/fr\/wp-json\/wp\/v2\/product_brand?post=2838"},{"taxonomy":"product_cat","embeddable":true,"href":"https:\/\/simovision.be\/professional\/fr\/wp-json\/wp\/v2\/product_cat?post=2838"},{"taxonomy":"product_tag","embeddable":true,"href":"https:\/\/simovision.be\/professional\/fr\/wp-json\/wp\/v2\/product_tag?post=2838"}],"curies":[{"name":"wp","href":"https:\/\/api.w.org\/{rel}","templated":true}]}}