{"id":2836,"date":"2025-03-22T10:26:21","date_gmt":"2025-03-22T09:26:21","guid":{"rendered":"https:\/\/simovision.be\/professional\/product\/oculus-pentacam-axl\/"},"modified":"2025-09-22T12:09:32","modified_gmt":"2025-09-22T10:09:32","slug":"oculus-pentacam-axl","status":"publish","type":"product","link":"https:\/\/simovision.be\/professional\/fr\/produit\/oculus-pentacam-axl\/","title":{"rendered":"OCULUS Pentacam AXL"},"content":{"rendered":"<h3 style=\"text-align: left\"><strong>OCULUS Pentacam<sup>\u00ae<\/sup> AXL<\/strong><\/h3>\n<p style=\"text-align: left\">Le OCULUS Pentacam<sup>\u00ae<\/sup> AXL, <strong>l\u2019incontournable <\/strong>pour le <strong>calcul pr\u00e9cis<\/strong> des Iols et des Iols premium et la d\u00e9termination de la <strong>longueur axiale<\/strong>, <strong>en une seule prise de mesure<\/strong> en tenant compte de la <strong>face <\/strong>post\u00e9rieure de la corn\u00e9e avec:<\/p>\n<ul>\n<li style=\"text-align: left\">les formules classiques<\/li>\n<li style=\"text-align: left\">les formules de Barrett<\/li>\n<li style=\"text-align: left\">la formule de Olsen<\/li>\n<li style=\"text-align: left\">la formule de Savini Toric<\/li>\n<li style=\"text-align: left\">les formules sp\u00e9cifiques post chirurgie r\u00e9fractive.<\/li>\n<li style=\"text-align: left\">Une formule de calcul pour <strong>chaque type d\u2019\u0153il<\/strong> et la plus <strong>grande database<\/strong> d\u2019Iol\u2019s pr\u00e9-encod\u00e9es et <strong>mise \u00e0 jour r\u00e9guli\u00e8rement<\/strong>.<\/li>\n<li style=\"text-align: left\">Un<strong> logiciel de calcul complet et pr\u00e9cis<\/strong> pour vos IOL\u2019s monofocaux, toriques et multifocaux, le calcul post-chirurgie r\u00e9fractive et Barrett RX pour \u00ab exchange, rotate et Add-on Iol\u2019s \u00bb.<\/li>\n<\/ul>\n<p>D\u00e9couvrez aussi <strong>l&rsquo;OCULUS Pentacam<sup>\u00ae<\/sup> AXL Wave<\/strong> (<strong><span style=\"color: #ed7d31\"><a style=\"color: #ed7d31\" href=\"https:\/\/simovision.be\/professional\/product\/oculus-pentacam-axl-wave\/\">vers le produit<\/a><\/span><\/strong>).<\/p>\n","protected":false},"excerpt":{"rendered":"<p><img loading=\"lazy\" decoding=\"async\" class=\"alignnone size-full wp-image-4990\" src=\"https:\/\/simovision.be\/professional\/wp-content\/uploads\/sites\/2\/2025\/06\/Logo_Oculus_teaser.png\" alt=\"\" width=\"48\" height=\"40\" \/><\/p>\n<p>Le OCULUS Pentacam<sup>\u00ae<\/sup> AXL, <strong>l\u2019\u00e9volution<\/strong> de la technologie d\u00e9j\u00e0 approuv\u00e9e du <strong><span style=\"color: #ed7d31\"><a style=\"color: #ed7d31\" href=\"https:\/\/simovision.be\/professional\/fr\/produit\/oculus-pentacam-hr\/\">OCULUS Pentacam<sup>\u00ae<\/sup> HR<\/a><\/span><\/strong> en combinant la <strong>tomographie<\/strong> du <strong>segment ant\u00e9rieur<\/strong> avec la <strong>mesure<\/strong> de la <strong>longueur axiale<\/strong>.<\/p>\n","protected":false},"featured_media":3843,"template":"","meta":{"_acf_changed":false,"content-type":"","site-sidebar-layout":"default","site-content-layout":"","ast-site-content-layout":"default","site-content-style":"default","site-sidebar-style":"default","ast-global-header-display":"","ast-banner-title-visibility":"","ast-main-header-display":"","ast-hfb-above-header-display":"","ast-hfb-below-header-display":"","ast-hfb-mobile-header-display":"","site-post-title":"","ast-breadcrumbs-content":"","ast-featured-img":"","footer-sml-layout":"","theme-transparent-header-meta":"default","adv-header-id-meta":"","stick-header-meta":"default","header-above-stick-meta":"","header-main-stick-meta":"","header-below-stick-meta":"","astra-migrate-meta-layouts":"set","ast-page-background-enabled":"default","ast-page-background-meta":{"desktop":{"background-color":"var(--ast-global-color-4)","background-image":"","background-repeat":"repeat","background-position":"center center","background-size":"auto","background-attachment":"scroll","background-type":"","background-media":"","overlay-type":"","overlay-color":"","overlay-opacity":"","overlay-gradient":""},"tablet":{"background-color":"","background-image":"","background-repeat":"repeat","background-position":"center center","background-size":"auto","background-attachment":"scroll","background-type":"","background-media":"","overlay-type":"","overlay-color":"","overlay-opacity":"","overlay-gradient":""},"mobile":{"background-color":"","background-image":"","background-repeat":"repeat","background-position":"center center","background-size":"auto","background-attachment":"scroll","background-type":"","background-media":"","overlay-type":"","overlay-color":"","overlay-opacity":"","overlay-gradient":""}},"ast-content-background-meta":{"desktop":{"background-color":"var(--ast-global-color-5)","background-image":"","background-repeat":"repeat","background-position":"center center","background-size":"auto","background-attachment":"scroll","background-type":"","background-media":"","overlay-type":"","overlay-color":"","overlay-opacity":"","overlay-gradient":""},"tablet":{"background-color":"var(--ast-global-color-5)","background-image":"","background-repeat":"repeat","background-position":"center center","background-size":"auto","background-attachment":"scroll","background-type":"","background-media":"","overlay-type":"","overlay-color":"","overlay-opacity":"","overlay-gradient":""},"mobile":{"background-color":"var(--ast-global-color-5)","background-image":"","background-repeat":"repeat","background-position":"center center","background-size":"auto","background-attachment":"scroll","background-type":"","background-media":"","overlay-type":"","overlay-color":"","overlay-opacity":"","overlay-gradient":""}}},"product_brand":[],"product_cat":[130,128],"product_tag":[],"class_list":{"0":"post-2836","1":"product","2":"type-product","3":"status-publish","4":"has-post-thumbnail","6":"product_cat-biometre-pachymetre","7":"product_cat-segment-anterieur-tomographe-et-topographe","8":"desktop-align-left","9":"tablet-align-left","10":"mobile-align-left","11":"ast-product-gallery-layout-first-image-large","12":"ast-product-tabs-layout-horizontal","14":"first","15":"instock","16":"shipping-taxable","17":"product-type-simple"},"acf":[],"yoast_head":"<!-- This site is optimized with the Yoast SEO plugin v26.3 - https:\/\/yoast.com\/wordpress\/plugins\/seo\/ -->\n<title>OCULUS Pentacam AXL - Simovision - Professional<\/title>\n<meta name=\"robots\" content=\"index, follow, max-snippet:-1, max-image-preview:large, max-video-preview:-1\" \/>\n<link rel=\"canonical\" href=\"https:\/\/simovision.be\/professional\/fr\/produit\/oculus-pentacam-axl\/\" \/>\n<meta property=\"og:locale\" content=\"fr_FR\" \/>\n<meta property=\"og:type\" content=\"article\" \/>\n<meta property=\"og:title\" content=\"OCULUS Pentacam AXL - Simovision - Professional\" \/>\n<meta property=\"og:description\" content=\"Le OCULUS Pentacam\u00ae AXL, l\u2019\u00e9volution de la technologie d\u00e9j\u00e0 approuv\u00e9e du OCULUS Pentacam\u00ae HR en combinant la tomographie du segment ant\u00e9rieur avec la mesure de la longueur axiale.\" \/>\n<meta property=\"og:url\" content=\"https:\/\/simovision.be\/professional\/fr\/produit\/oculus-pentacam-axl\/\" \/>\n<meta property=\"og:site_name\" content=\"Simovision - Professional\" \/>\n<meta property=\"article:modified_time\" content=\"2025-09-22T10:09:32+00:00\" \/>\n<meta property=\"og:image\" content=\"https:\/\/simovision.be\/professional\/wp-content\/uploads\/sites\/2\/2025\/03\/00-OCULUS-Pentacam-AXL.webp\" \/>\n\t<meta property=\"og:image:width\" content=\"1000\" \/>\n\t<meta property=\"og:image:height\" content=\"666\" \/>\n\t<meta property=\"og:image:type\" content=\"image\/webp\" \/>\n<meta name=\"twitter:card\" content=\"summary_large_image\" \/>\n<meta name=\"twitter:label1\" content=\"Dur\u00e9e de lecture estim\u00e9e\" \/>\n\t<meta name=\"twitter:data1\" content=\"1 minute\" \/>\n<script type=\"application\/ld+json\" class=\"yoast-schema-graph\">{\"@context\":\"https:\/\/schema.org\",\"@graph\":[{\"@type\":\"WebPage\",\"@id\":\"https:\/\/simovision.be\/professional\/fr\/produit\/oculus-pentacam-axl\/\",\"url\":\"https:\/\/simovision.be\/professional\/fr\/produit\/oculus-pentacam-axl\/\",\"name\":\"OCULUS Pentacam AXL - Simovision - Professional\",\"isPartOf\":{\"@id\":\"https:\/\/simovision.be\/professional\/fr\/#website\"},\"primaryImageOfPage\":{\"@id\":\"https:\/\/simovision.be\/professional\/fr\/produit\/oculus-pentacam-axl\/#primaryimage\"},\"image\":{\"@id\":\"https:\/\/simovision.be\/professional\/fr\/produit\/oculus-pentacam-axl\/#primaryimage\"},\"thumbnailUrl\":\"https:\/\/simovision.be\/professional\/wp-content\/uploads\/sites\/2\/2025\/03\/00-OCULUS-Pentacam-AXL.webp\",\"datePublished\":\"2025-03-22T09:26:21+00:00\",\"dateModified\":\"2025-09-22T10:09:32+00:00\",\"breadcrumb\":{\"@id\":\"https:\/\/simovision.be\/professional\/fr\/produit\/oculus-pentacam-axl\/#breadcrumb\"},\"inLanguage\":\"fr-FR\",\"potentialAction\":[{\"@type\":\"ReadAction\",\"target\":[\"https:\/\/simovision.be\/professional\/fr\/produit\/oculus-pentacam-axl\/\"]}]},{\"@type\":\"ImageObject\",\"inLanguage\":\"fr-FR\",\"@id\":\"https:\/\/simovision.be\/professional\/fr\/produit\/oculus-pentacam-axl\/#primaryimage\",\"url\":\"https:\/\/simovision.be\/professional\/wp-content\/uploads\/sites\/2\/2025\/03\/00-OCULUS-Pentacam-AXL.webp\",\"contentUrl\":\"https:\/\/simovision.be\/professional\/wp-content\/uploads\/sites\/2\/2025\/03\/00-OCULUS-Pentacam-AXL.webp\",\"width\":1000,\"height\":666},{\"@type\":\"BreadcrumbList\",\"@id\":\"https:\/\/simovision.be\/professional\/fr\/produit\/oculus-pentacam-axl\/#breadcrumb\",\"itemListElement\":[{\"@type\":\"ListItem\",\"position\":1,\"name\":\"Home\",\"item\":\"https:\/\/simovision.be\/professional\/fr\/\"},{\"@type\":\"ListItem\",\"position\":2,\"name\":\"Boutique\",\"item\":\"https:\/\/simovision.be\/professional\/winkel\/\"},{\"@type\":\"ListItem\",\"position\":3,\"name\":\"OCULUS Pentacam AXL\"}]},{\"@type\":\"WebSite\",\"@id\":\"https:\/\/simovision.be\/professional\/fr\/#website\",\"url\":\"https:\/\/simovision.be\/professional\/fr\/\",\"name\":\"Simovision - Professional\",\"description\":\"\",\"publisher\":{\"@id\":\"https:\/\/simovision.be\/professional\/fr\/#organization\"},\"potentialAction\":[{\"@type\":\"SearchAction\",\"target\":{\"@type\":\"EntryPoint\",\"urlTemplate\":\"https:\/\/simovision.be\/professional\/fr\/?s={search_term_string}\"},\"query-input\":{\"@type\":\"PropertyValueSpecification\",\"valueRequired\":true,\"valueName\":\"search_term_string\"}}],\"inLanguage\":\"fr-FR\"},{\"@type\":\"Organization\",\"@id\":\"https:\/\/simovision.be\/professional\/fr\/#organization\",\"name\":\"Simovision\",\"url\":\"https:\/\/simovision.be\/professional\/fr\/\",\"logo\":{\"@type\":\"ImageObject\",\"inLanguage\":\"fr-FR\",\"@id\":\"https:\/\/simovision.be\/professional\/fr\/#\/schema\/logo\/image\/\",\"url\":\"https:\/\/simovision.be\/professional\/wp-content\/uploads\/sites\/2\/2025\/06\/Logo_Simovision_Hilco_Vision_Pantone_7700C-kopie.webp\",\"contentUrl\":\"https:\/\/simovision.be\/professional\/wp-content\/uploads\/sites\/2\/2025\/06\/Logo_Simovision_Hilco_Vision_Pantone_7700C-kopie.webp\",\"width\":2000,\"height\":1021,\"caption\":\"Simovision\"},\"image\":{\"@id\":\"https:\/\/simovision.be\/professional\/fr\/#\/schema\/logo\/image\/\"},\"sameAs\":[\"https:\/\/www.linkedin.com\/company\/simovision\"]}]}<\/script>\n<!-- \/ Yoast SEO plugin. -->","yoast_head_json":{"title":"OCULUS Pentacam AXL - Simovision - Professional","robots":{"index":"index","follow":"follow","max-snippet":"max-snippet:-1","max-image-preview":"max-image-preview:large","max-video-preview":"max-video-preview:-1"},"canonical":"https:\/\/simovision.be\/professional\/fr\/produit\/oculus-pentacam-axl\/","og_locale":"fr_FR","og_type":"article","og_title":"OCULUS Pentacam AXL - Simovision - Professional","og_description":"Le OCULUS Pentacam\u00ae AXL, l\u2019\u00e9volution de la technologie d\u00e9j\u00e0 approuv\u00e9e du OCULUS Pentacam\u00ae HR en combinant la tomographie du segment ant\u00e9rieur avec la mesure de la longueur axiale.","og_url":"https:\/\/simovision.be\/professional\/fr\/produit\/oculus-pentacam-axl\/","og_site_name":"Simovision - Professional","article_modified_time":"2025-09-22T10:09:32+00:00","og_image":[{"width":1000,"height":666,"url":"https:\/\/simovision.be\/professional\/wp-content\/uploads\/sites\/2\/2025\/03\/00-OCULUS-Pentacam-AXL.webp","type":"image\/webp"}],"twitter_card":"summary_large_image","twitter_misc":{"Dur\u00e9e de lecture estim\u00e9e":"1 minute"},"schema":{"@context":"https:\/\/schema.org","@graph":[{"@type":"WebPage","@id":"https:\/\/simovision.be\/professional\/fr\/produit\/oculus-pentacam-axl\/","url":"https:\/\/simovision.be\/professional\/fr\/produit\/oculus-pentacam-axl\/","name":"OCULUS Pentacam AXL - Simovision - Professional","isPartOf":{"@id":"https:\/\/simovision.be\/professional\/fr\/#website"},"primaryImageOfPage":{"@id":"https:\/\/simovision.be\/professional\/fr\/produit\/oculus-pentacam-axl\/#primaryimage"},"image":{"@id":"https:\/\/simovision.be\/professional\/fr\/produit\/oculus-pentacam-axl\/#primaryimage"},"thumbnailUrl":"https:\/\/simovision.be\/professional\/wp-content\/uploads\/sites\/2\/2025\/03\/00-OCULUS-Pentacam-AXL.webp","datePublished":"2025-03-22T09:26:21+00:00","dateModified":"2025-09-22T10:09:32+00:00","breadcrumb":{"@id":"https:\/\/simovision.be\/professional\/fr\/produit\/oculus-pentacam-axl\/#breadcrumb"},"inLanguage":"fr-FR","potentialAction":[{"@type":"ReadAction","target":["https:\/\/simovision.be\/professional\/fr\/produit\/oculus-pentacam-axl\/"]}]},{"@type":"ImageObject","inLanguage":"fr-FR","@id":"https:\/\/simovision.be\/professional\/fr\/produit\/oculus-pentacam-axl\/#primaryimage","url":"https:\/\/simovision.be\/professional\/wp-content\/uploads\/sites\/2\/2025\/03\/00-OCULUS-Pentacam-AXL.webp","contentUrl":"https:\/\/simovision.be\/professional\/wp-content\/uploads\/sites\/2\/2025\/03\/00-OCULUS-Pentacam-AXL.webp","width":1000,"height":666},{"@type":"BreadcrumbList","@id":"https:\/\/simovision.be\/professional\/fr\/produit\/oculus-pentacam-axl\/#breadcrumb","itemListElement":[{"@type":"ListItem","position":1,"name":"Home","item":"https:\/\/simovision.be\/professional\/fr\/"},{"@type":"ListItem","position":2,"name":"Boutique","item":"https:\/\/simovision.be\/professional\/winkel\/"},{"@type":"ListItem","position":3,"name":"OCULUS Pentacam AXL"}]},{"@type":"WebSite","@id":"https:\/\/simovision.be\/professional\/fr\/#website","url":"https:\/\/simovision.be\/professional\/fr\/","name":"Simovision - Professional","description":"","publisher":{"@id":"https:\/\/simovision.be\/professional\/fr\/#organization"},"potentialAction":[{"@type":"SearchAction","target":{"@type":"EntryPoint","urlTemplate":"https:\/\/simovision.be\/professional\/fr\/?s={search_term_string}"},"query-input":{"@type":"PropertyValueSpecification","valueRequired":true,"valueName":"search_term_string"}}],"inLanguage":"fr-FR"},{"@type":"Organization","@id":"https:\/\/simovision.be\/professional\/fr\/#organization","name":"Simovision","url":"https:\/\/simovision.be\/professional\/fr\/","logo":{"@type":"ImageObject","inLanguage":"fr-FR","@id":"https:\/\/simovision.be\/professional\/fr\/#\/schema\/logo\/image\/","url":"https:\/\/simovision.be\/professional\/wp-content\/uploads\/sites\/2\/2025\/06\/Logo_Simovision_Hilco_Vision_Pantone_7700C-kopie.webp","contentUrl":"https:\/\/simovision.be\/professional\/wp-content\/uploads\/sites\/2\/2025\/06\/Logo_Simovision_Hilco_Vision_Pantone_7700C-kopie.webp","width":2000,"height":1021,"caption":"Simovision"},"image":{"@id":"https:\/\/simovision.be\/professional\/fr\/#\/schema\/logo\/image\/"},"sameAs":["https:\/\/www.linkedin.com\/company\/simovision"]}]}},"_links":{"self":[{"href":"https:\/\/simovision.be\/professional\/fr\/wp-json\/wp\/v2\/product\/2836","targetHints":{"allow":["GET"]}}],"collection":[{"href":"https:\/\/simovision.be\/professional\/fr\/wp-json\/wp\/v2\/product"}],"about":[{"href":"https:\/\/simovision.be\/professional\/fr\/wp-json\/wp\/v2\/types\/product"}],"wp:featuredmedia":[{"embeddable":true,"href":"https:\/\/simovision.be\/professional\/fr\/wp-json\/wp\/v2\/media\/3843"}],"wp:attachment":[{"href":"https:\/\/simovision.be\/professional\/fr\/wp-json\/wp\/v2\/media?parent=2836"}],"wp:term":[{"taxonomy":"product_brand","embeddable":true,"href":"https:\/\/simovision.be\/professional\/fr\/wp-json\/wp\/v2\/product_brand?post=2836"},{"taxonomy":"product_cat","embeddable":true,"href":"https:\/\/simovision.be\/professional\/fr\/wp-json\/wp\/v2\/product_cat?post=2836"},{"taxonomy":"product_tag","embeddable":true,"href":"https:\/\/simovision.be\/professional\/fr\/wp-json\/wp\/v2\/product_tag?post=2836"}],"curies":[{"name":"wp","href":"https:\/\/api.w.org\/{rel}","templated":true}]}}