{"id":2832,"date":"2025-03-20T08:46:25","date_gmt":"2025-03-20T07:46:25","guid":{"rendered":"https:\/\/simovision.be\/professional\/product\/veraplug\/"},"modified":"2025-09-22T12:09:58","modified_gmt":"2025-09-22T10:09:58","slug":"veraplug","status":"publish","type":"product","link":"https:\/\/simovision.be\/professional\/fr\/produit\/veraplug\/","title":{"rendered":"VeraPlug"},"content":{"rendered":"<h3><strong>Clous m\u00e9atiques en silicone de Lacrivera<\/strong><\/h3>\n<p style=\"text-align: left\">Les <strong>bouchons lacrymaux<\/strong> de la marque Lacrivera (Vera Plug , Flexfit ou flow) sont con\u00e7us pour <strong>r\u00e9duire<\/strong> ou \u00e9liminer le <strong>drainage<\/strong> des <strong>larmes<\/strong> par le point lacrymal inf\u00e9rieur ou sup\u00e9rieur, et maintenir ainsi \u00e0 la surface de l\u2019\u0153il les larmes n\u00e9cessaires \u00e0 sa lubrification.<\/p>\n<p style=\"text-align: left\">Le VeraPlug\u2122 est con\u00e7u pour offrir un moyen simple et efficace dans le cadre du traitement de la <strong>s\u00e9cheresse oculaire chronique<\/strong>.<\/p>\n<ul>\n<li style=\"text-align: left\">Con\u00e7u pour s&rsquo;adapter parfaitement au point lacrymal avec une r\u00e9tention sup\u00e9rieure.<\/li>\n<li style=\"text-align: left\">D\u00f4me \u00e0 profil bas pour un meilleur confort du patient.<\/li>\n<li style=\"text-align: left\">Conception du c\u00f4ne pour une insertion facile et un bon positionnement anatomique.<\/li>\n<li style=\"text-align: left\">Disponible en quatre tailles, de small \u00e0 Xtra-large.<\/li>\n<\/ul>\n<p><strong><br \/>\nBibliographie<\/strong><\/p>\n<hr \/>\n<ol style=\"font-size: 10px\">\n<li style=\"text-align: left\"><span style=\"font-size: 10pt\">L. Jones et al. TFOS DEWS II Management- en therapierapport. Het oogoppervlak 15 (2017) 575 \u2013 628. <\/span><\/li>\n<li style=\"text-align: left\"><span style=\"font-size: 10pt\">Jehangir et al. Comprehensive Review of the Literature on Existing Punctal Plugs for the Management pf Dry Eye Disease. Journal of Ophthalmology 2016; 1-22. &#8211; http:\/\/dx.doi.org\/10.1155\/2016\/9312340 <\/span><\/li>\n<\/ol>\n","protected":false},"excerpt":{"rendered":"<p><img loading=\"lazy\" decoding=\"async\" class=\"alignnone size-full wp-image-5012\" src=\"https:\/\/simovision.be\/professional\/wp-content\/uploads\/sites\/2\/2025\/03\/Logo_Lacrivera_teaser.png\" alt=\"\" width=\"107\" height=\"40\" srcset=\"https:\/\/simovision.be\/professional\/wp-content\/uploads\/sites\/2\/2025\/03\/Logo_Lacrivera_teaser.png 107w, https:\/\/simovision.be\/professional\/wp-content\/uploads\/sites\/2\/2025\/03\/Logo_Lacrivera_teaser-64x24.png 64w\" sizes=\"auto, (max-width: 107px) 100vw, 107px\" \/><\/p>\n<h3 style=\"text-align: left\" align=\"center\"><strong>S\u00e9cheresse oculaire et clous m\u00e9atiques<\/strong><\/h3>\n<p style=\"text-align: left\">En accord avec l\u2019approche par \u00e9tape recommand\u00e9e par le DEWS\u00b9, une des <strong>prises en charge<\/strong> de la <strong>s\u00e9cheresse oculaire<\/strong>, et en particulier celle li\u00e9e \u00e0 la s\u00e9cheresse de type \u00e9vaporative et mod\u00e9r\u00e9e, s\u2019effectue en utilisant des clous m\u00e9atiques qu\u2019ils soient partiellement ou totalement occluant.<\/p>\n<p style=\"text-align: left\">Dans une \u00e9tude r\u00e9cente<sup>2<\/sup> passant en revue la litt\u00e9rature \u00e0 ce sujet on peut n\u00e9anmoins lire que l\u2019utilit\u00e9 des clous m\u00e9atiques ne se limitent pas \u00e0 la s\u00e9cheresse oculaire. En effet ces derniers pourraient \u00eatre utiles pour la prise en charge:<\/p>\n<ul>\n<li style=\"text-align: left\">Des patients portant des lentilles de contact<\/li>\n<li style=\"text-align: left\">La st\u00e9nose m\u00e9atique<\/li>\n<li style=\"text-align: left\">La s\u00e9cheresse oculaire apr\u00e8s chirurgie r\u00e9fractive<\/li>\n<li style=\"text-align: left\">La gestion post-op\u00e9ratoire des k\u00e9ratoplasties<\/li>\n<li style=\"text-align: left\">Les k\u00e9rato-conjonctivites sup\u00e9ro-limbique<\/li>\n<li style=\"text-align: left\">Les \u00e9rosions corn\u00e9ennes r\u00e9currentes<\/li>\n<\/ul>\n","protected":false},"featured_media":3781,"template":"","meta":{"_acf_changed":false,"content-type":"","site-sidebar-layout":"default","site-content-layout":"","ast-site-content-layout":"default","site-content-style":"default","site-sidebar-style":"default","ast-global-header-display":"","ast-banner-title-visibility":"","ast-main-header-display":"","ast-hfb-above-header-display":"","ast-hfb-below-header-display":"","ast-hfb-mobile-header-display":"","site-post-title":"","ast-breadcrumbs-content":"","ast-featured-img":"","footer-sml-layout":"","theme-transparent-header-meta":"default","adv-header-id-meta":"","stick-header-meta":"default","header-above-stick-meta":"","header-main-stick-meta":"","header-below-stick-meta":"","astra-migrate-meta-layouts":"set","ast-page-background-enabled":"default","ast-page-background-meta":{"desktop":{"background-color":"var(--ast-global-color-4)","background-image":"","background-repeat":"repeat","background-position":"center center","background-size":"auto","background-attachment":"scroll","background-type":"","background-media":"","overlay-type":"","overlay-color":"","overlay-opacity":"","overlay-gradient":""},"tablet":{"background-color":"","background-image":"","background-repeat":"repeat","background-position":"center center","background-size":"auto","background-attachment":"scroll","background-type":"","background-media":"","overlay-type":"","overlay-color":"","overlay-opacity":"","overlay-gradient":""},"mobile":{"background-color":"","background-image":"","background-repeat":"repeat","background-position":"center center","background-size":"auto","background-attachment":"scroll","background-type":"","background-media":"","overlay-type":"","overlay-color":"","overlay-opacity":"","overlay-gradient":""}},"ast-content-background-meta":{"desktop":{"background-color":"var(--ast-global-color-5)","background-image":"","background-repeat":"repeat","background-position":"center center","background-size":"auto","background-attachment":"scroll","background-type":"","background-media":"","overlay-type":"","overlay-color":"","overlay-opacity":"","overlay-gradient":""},"tablet":{"background-color":"var(--ast-global-color-5)","background-image":"","background-repeat":"repeat","background-position":"center center","background-size":"auto","background-attachment":"scroll","background-type":"","background-media":"","overlay-type":"","overlay-color":"","overlay-opacity":"","overlay-gradient":""},"mobile":{"background-color":"var(--ast-global-color-5)","background-image":"","background-repeat":"repeat","background-position":"center center","background-size":"auto","background-attachment":"scroll","background-type":"","background-media":"","overlay-type":"","overlay-color":"","overlay-opacity":"","overlay-gradient":""}}},"product_brand":[],"product_cat":[135],"product_tag":[716],"class_list":{"0":"post-2832","1":"product","2":"type-product","3":"status-publish","4":"has-post-thumbnail","6":"product_cat-clous-meatiques","7":"product_tag-nl-fr","8":"desktop-align-left","9":"tablet-align-left","10":"mobile-align-left","11":"ast-product-gallery-layout-first-image-large","12":"ast-product-tabs-layout-horizontal","14":"first","15":"instock","16":"shipping-taxable","17":"product-type-simple"},"acf":[],"yoast_head":"<!-- This site is optimized with the Yoast SEO plugin v26.3 - https:\/\/yoast.com\/wordpress\/plugins\/seo\/ -->\n<title>VeraPlug - Simovision - Professional<\/title>\n<meta name=\"robots\" content=\"index, follow, max-snippet:-1, max-image-preview:large, max-video-preview:-1\" \/>\n<link rel=\"canonical\" href=\"https:\/\/simovision.be\/professional\/fr\/produit\/veraplug\/\" \/>\n<meta property=\"og:locale\" content=\"fr_FR\" \/>\n<meta property=\"og:type\" content=\"article\" \/>\n<meta property=\"og:title\" content=\"VeraPlug - Simovision - Professional\" \/>\n<meta property=\"og:description\" content=\"S\u00e9cheresse oculaire et clous m\u00e9atiques En accord avec l\u2019approche par \u00e9tape recommand\u00e9e par le DEWS\u00b9, une des prises en charge de la s\u00e9cheresse oculaire, et en particulier celle li\u00e9e \u00e0 la s\u00e9cheresse de type \u00e9vaporative et mod\u00e9r\u00e9e, s\u2019effectue en utilisant des clous m\u00e9atiques qu\u2019ils soient partiellement ou totalement occluant. Dans une \u00e9tude r\u00e9cente2 passant en revue la litt\u00e9rature \u00e0 ce sujet on peut n\u00e9anmoins lire que l\u2019utilit\u00e9 des clous m\u00e9atiques ne se limitent pas \u00e0 la s\u00e9cheresse oculaire. En effet ces derniers pourraient \u00eatre utiles pour la prise en charge:    Des patients portant des lentilles de contact  La st\u00e9nose m\u00e9atique  La s\u00e9cheresse oculaire apr\u00e8s chirurgie r\u00e9fractive  La gestion post-op\u00e9ratoire des k\u00e9ratoplasties  Les k\u00e9rato-conjonctivites sup\u00e9ro-limbique  Les \u00e9rosions corn\u00e9ennes r\u00e9currentes\" \/>\n<meta property=\"og:url\" content=\"https:\/\/simovision.be\/professional\/fr\/produit\/veraplug\/\" \/>\n<meta property=\"og:site_name\" content=\"Simovision - Professional\" \/>\n<meta property=\"article:modified_time\" content=\"2025-09-22T10:09:58+00:00\" \/>\n<meta property=\"og:image\" content=\"https:\/\/simovision.be\/professional\/wp-content\/uploads\/sites\/2\/2025\/03\/00-VeraPlug-01.webp\" \/>\n\t<meta property=\"og:image:width\" content=\"1000\" \/>\n\t<meta property=\"og:image:height\" content=\"666\" \/>\n\t<meta property=\"og:image:type\" content=\"image\/webp\" \/>\n<meta name=\"twitter:card\" content=\"summary_large_image\" \/>\n<meta name=\"twitter:label1\" content=\"Dur\u00e9e de lecture estim\u00e9e\" \/>\n\t<meta name=\"twitter:data1\" content=\"1 minute\" \/>\n<script type=\"application\/ld+json\" class=\"yoast-schema-graph\">{\"@context\":\"https:\/\/schema.org\",\"@graph\":[{\"@type\":\"WebPage\",\"@id\":\"https:\/\/simovision.be\/professional\/fr\/produit\/veraplug\/\",\"url\":\"https:\/\/simovision.be\/professional\/fr\/produit\/veraplug\/\",\"name\":\"VeraPlug - Simovision - Professional\",\"isPartOf\":{\"@id\":\"https:\/\/simovision.be\/professional\/fr\/#website\"},\"primaryImageOfPage\":{\"@id\":\"https:\/\/simovision.be\/professional\/fr\/produit\/veraplug\/#primaryimage\"},\"image\":{\"@id\":\"https:\/\/simovision.be\/professional\/fr\/produit\/veraplug\/#primaryimage\"},\"thumbnailUrl\":\"https:\/\/simovision.be\/professional\/wp-content\/uploads\/sites\/2\/2025\/03\/00-VeraPlug-01.webp\",\"datePublished\":\"2025-03-20T07:46:25+00:00\",\"dateModified\":\"2025-09-22T10:09:58+00:00\",\"breadcrumb\":{\"@id\":\"https:\/\/simovision.be\/professional\/fr\/produit\/veraplug\/#breadcrumb\"},\"inLanguage\":\"fr-FR\",\"potentialAction\":[{\"@type\":\"ReadAction\",\"target\":[\"https:\/\/simovision.be\/professional\/fr\/produit\/veraplug\/\"]}]},{\"@type\":\"ImageObject\",\"inLanguage\":\"fr-FR\",\"@id\":\"https:\/\/simovision.be\/professional\/fr\/produit\/veraplug\/#primaryimage\",\"url\":\"https:\/\/simovision.be\/professional\/wp-content\/uploads\/sites\/2\/2025\/03\/00-VeraPlug-01.webp\",\"contentUrl\":\"https:\/\/simovision.be\/professional\/wp-content\/uploads\/sites\/2\/2025\/03\/00-VeraPlug-01.webp\",\"width\":1000,\"height\":666},{\"@type\":\"BreadcrumbList\",\"@id\":\"https:\/\/simovision.be\/professional\/fr\/produit\/veraplug\/#breadcrumb\",\"itemListElement\":[{\"@type\":\"ListItem\",\"position\":1,\"name\":\"Home\",\"item\":\"https:\/\/simovision.be\/professional\/fr\/\"},{\"@type\":\"ListItem\",\"position\":2,\"name\":\"Boutique\",\"item\":\"https:\/\/simovision.be\/professional\/winkel\/\"},{\"@type\":\"ListItem\",\"position\":3,\"name\":\"VeraPlug\"}]},{\"@type\":\"WebSite\",\"@id\":\"https:\/\/simovision.be\/professional\/fr\/#website\",\"url\":\"https:\/\/simovision.be\/professional\/fr\/\",\"name\":\"Simovision - Professional\",\"description\":\"\",\"publisher\":{\"@id\":\"https:\/\/simovision.be\/professional\/fr\/#organization\"},\"potentialAction\":[{\"@type\":\"SearchAction\",\"target\":{\"@type\":\"EntryPoint\",\"urlTemplate\":\"https:\/\/simovision.be\/professional\/fr\/?s={search_term_string}\"},\"query-input\":{\"@type\":\"PropertyValueSpecification\",\"valueRequired\":true,\"valueName\":\"search_term_string\"}}],\"inLanguage\":\"fr-FR\"},{\"@type\":\"Organization\",\"@id\":\"https:\/\/simovision.be\/professional\/fr\/#organization\",\"name\":\"Simovision\",\"url\":\"https:\/\/simovision.be\/professional\/fr\/\",\"logo\":{\"@type\":\"ImageObject\",\"inLanguage\":\"fr-FR\",\"@id\":\"https:\/\/simovision.be\/professional\/fr\/#\/schema\/logo\/image\/\",\"url\":\"https:\/\/simovision.be\/professional\/wp-content\/uploads\/sites\/2\/2025\/06\/Logo_Simovision_Hilco_Vision_Pantone_7700C-kopie.webp\",\"contentUrl\":\"https:\/\/simovision.be\/professional\/wp-content\/uploads\/sites\/2\/2025\/06\/Logo_Simovision_Hilco_Vision_Pantone_7700C-kopie.webp\",\"width\":2000,\"height\":1021,\"caption\":\"Simovision\"},\"image\":{\"@id\":\"https:\/\/simovision.be\/professional\/fr\/#\/schema\/logo\/image\/\"},\"sameAs\":[\"https:\/\/www.linkedin.com\/company\/simovision\"]}]}<\/script>\n<!-- \/ Yoast SEO plugin. -->","yoast_head_json":{"title":"VeraPlug - Simovision - Professional","robots":{"index":"index","follow":"follow","max-snippet":"max-snippet:-1","max-image-preview":"max-image-preview:large","max-video-preview":"max-video-preview:-1"},"canonical":"https:\/\/simovision.be\/professional\/fr\/produit\/veraplug\/","og_locale":"fr_FR","og_type":"article","og_title":"VeraPlug - Simovision - Professional","og_description":"S\u00e9cheresse oculaire et clous m\u00e9atiques En accord avec l\u2019approche par \u00e9tape recommand\u00e9e par le DEWS\u00b9, une des prises en charge de la s\u00e9cheresse oculaire, et en particulier celle li\u00e9e \u00e0 la s\u00e9cheresse de type \u00e9vaporative et mod\u00e9r\u00e9e, s\u2019effectue en utilisant des clous m\u00e9atiques qu\u2019ils soient partiellement ou totalement occluant. Dans une \u00e9tude r\u00e9cente2 passant en revue la litt\u00e9rature \u00e0 ce sujet on peut n\u00e9anmoins lire que l\u2019utilit\u00e9 des clous m\u00e9atiques ne se limitent pas \u00e0 la s\u00e9cheresse oculaire. En effet ces derniers pourraient \u00eatre utiles pour la prise en charge:    Des patients portant des lentilles de contact  La st\u00e9nose m\u00e9atique  La s\u00e9cheresse oculaire apr\u00e8s chirurgie r\u00e9fractive  La gestion post-op\u00e9ratoire des k\u00e9ratoplasties  Les k\u00e9rato-conjonctivites sup\u00e9ro-limbique  Les \u00e9rosions corn\u00e9ennes r\u00e9currentes","og_url":"https:\/\/simovision.be\/professional\/fr\/produit\/veraplug\/","og_site_name":"Simovision - Professional","article_modified_time":"2025-09-22T10:09:58+00:00","og_image":[{"width":1000,"height":666,"url":"https:\/\/simovision.be\/professional\/wp-content\/uploads\/sites\/2\/2025\/03\/00-VeraPlug-01.webp","type":"image\/webp"}],"twitter_card":"summary_large_image","twitter_misc":{"Dur\u00e9e de lecture estim\u00e9e":"1 minute"},"schema":{"@context":"https:\/\/schema.org","@graph":[{"@type":"WebPage","@id":"https:\/\/simovision.be\/professional\/fr\/produit\/veraplug\/","url":"https:\/\/simovision.be\/professional\/fr\/produit\/veraplug\/","name":"VeraPlug - Simovision - Professional","isPartOf":{"@id":"https:\/\/simovision.be\/professional\/fr\/#website"},"primaryImageOfPage":{"@id":"https:\/\/simovision.be\/professional\/fr\/produit\/veraplug\/#primaryimage"},"image":{"@id":"https:\/\/simovision.be\/professional\/fr\/produit\/veraplug\/#primaryimage"},"thumbnailUrl":"https:\/\/simovision.be\/professional\/wp-content\/uploads\/sites\/2\/2025\/03\/00-VeraPlug-01.webp","datePublished":"2025-03-20T07:46:25+00:00","dateModified":"2025-09-22T10:09:58+00:00","breadcrumb":{"@id":"https:\/\/simovision.be\/professional\/fr\/produit\/veraplug\/#breadcrumb"},"inLanguage":"fr-FR","potentialAction":[{"@type":"ReadAction","target":["https:\/\/simovision.be\/professional\/fr\/produit\/veraplug\/"]}]},{"@type":"ImageObject","inLanguage":"fr-FR","@id":"https:\/\/simovision.be\/professional\/fr\/produit\/veraplug\/#primaryimage","url":"https:\/\/simovision.be\/professional\/wp-content\/uploads\/sites\/2\/2025\/03\/00-VeraPlug-01.webp","contentUrl":"https:\/\/simovision.be\/professional\/wp-content\/uploads\/sites\/2\/2025\/03\/00-VeraPlug-01.webp","width":1000,"height":666},{"@type":"BreadcrumbList","@id":"https:\/\/simovision.be\/professional\/fr\/produit\/veraplug\/#breadcrumb","itemListElement":[{"@type":"ListItem","position":1,"name":"Home","item":"https:\/\/simovision.be\/professional\/fr\/"},{"@type":"ListItem","position":2,"name":"Boutique","item":"https:\/\/simovision.be\/professional\/winkel\/"},{"@type":"ListItem","position":3,"name":"VeraPlug"}]},{"@type":"WebSite","@id":"https:\/\/simovision.be\/professional\/fr\/#website","url":"https:\/\/simovision.be\/professional\/fr\/","name":"Simovision - Professional","description":"","publisher":{"@id":"https:\/\/simovision.be\/professional\/fr\/#organization"},"potentialAction":[{"@type":"SearchAction","target":{"@type":"EntryPoint","urlTemplate":"https:\/\/simovision.be\/professional\/fr\/?s={search_term_string}"},"query-input":{"@type":"PropertyValueSpecification","valueRequired":true,"valueName":"search_term_string"}}],"inLanguage":"fr-FR"},{"@type":"Organization","@id":"https:\/\/simovision.be\/professional\/fr\/#organization","name":"Simovision","url":"https:\/\/simovision.be\/professional\/fr\/","logo":{"@type":"ImageObject","inLanguage":"fr-FR","@id":"https:\/\/simovision.be\/professional\/fr\/#\/schema\/logo\/image\/","url":"https:\/\/simovision.be\/professional\/wp-content\/uploads\/sites\/2\/2025\/06\/Logo_Simovision_Hilco_Vision_Pantone_7700C-kopie.webp","contentUrl":"https:\/\/simovision.be\/professional\/wp-content\/uploads\/sites\/2\/2025\/06\/Logo_Simovision_Hilco_Vision_Pantone_7700C-kopie.webp","width":2000,"height":1021,"caption":"Simovision"},"image":{"@id":"https:\/\/simovision.be\/professional\/fr\/#\/schema\/logo\/image\/"},"sameAs":["https:\/\/www.linkedin.com\/company\/simovision"]}]}},"_links":{"self":[{"href":"https:\/\/simovision.be\/professional\/fr\/wp-json\/wp\/v2\/product\/2832","targetHints":{"allow":["GET"]}}],"collection":[{"href":"https:\/\/simovision.be\/professional\/fr\/wp-json\/wp\/v2\/product"}],"about":[{"href":"https:\/\/simovision.be\/professional\/fr\/wp-json\/wp\/v2\/types\/product"}],"wp:featuredmedia":[{"embeddable":true,"href":"https:\/\/simovision.be\/professional\/fr\/wp-json\/wp\/v2\/media\/3781"}],"wp:attachment":[{"href":"https:\/\/simovision.be\/professional\/fr\/wp-json\/wp\/v2\/media?parent=2832"}],"wp:term":[{"taxonomy":"product_brand","embeddable":true,"href":"https:\/\/simovision.be\/professional\/fr\/wp-json\/wp\/v2\/product_brand?post=2832"},{"taxonomy":"product_cat","embeddable":true,"href":"https:\/\/simovision.be\/professional\/fr\/wp-json\/wp\/v2\/product_cat?post=2832"},{"taxonomy":"product_tag","embeddable":true,"href":"https:\/\/simovision.be\/professional\/fr\/wp-json\/wp\/v2\/product_tag?post=2832"}],"curies":[{"name":"wp","href":"https:\/\/api.w.org\/{rel}","templated":true}]}}