{"id":2828,"date":"2025-03-13T17:47:17","date_gmt":"2025-03-13T16:47:17","guid":{"rendered":"https:\/\/simovision.be\/professional\/product\/brilliant-peel-dual-dye\/"},"modified":"2025-09-22T12:10:39","modified_gmt":"2025-09-22T10:10:39","slug":"brilliant-peel-dual-dye","status":"publish","type":"product","link":"https:\/\/simovision.be\/professional\/fr\/produit\/brilliant-peel-dual-dye\/","title":{"rendered":"Brilliant Peel Dual Dye"},"content":{"rendered":"<h4>Domaines d&rsquo;application<\/h4>\n<p>Brilliant Peel<sup>\u00ae<\/sup> Dual Dye a \u00e9t\u00e9 d\u00e9velopp\u00e9 pour la <strong>coloration sp\u00e9cifique <\/strong>de la membrane<strong> limitante int\u00e9rieure<\/strong> (MLI) et de la<strong> membrane \u00e9pir\u00e9tinienne <\/strong>(MER). La coloration s\u00e9lective de la MLI et de la MER permet de les diff\u00e9rencier clairement des tissus r\u00e9tiniens sous-jacents, facilitant ainsi l\u2019ablation chirurgicale complexe de la MLI et de la MER tout en renfor\u00e7ant la s\u00e9curit\u00e9 de l\u2019intervention.<\/p>\n<p>Gr\u00e2ce \u00e0 une densit\u00e9 de 1,03 g\/cm\u00b3, Brilliant Peel<sup>\u00ae<\/sup> Dual Dye descend rapidement vers le fond de l\u2019\u0153il <strong>sans dispersion diffuse<\/strong> dans l\u2019ensemble du <strong>globe oculaire<\/strong>. Brilliant Peel<sup>\u00ae<\/sup> Dual Dye peut \u00e9galement dans une certaine mesure \u00eatre utilis\u00e9 pour la <strong>coloration <\/strong>des r\u00e9sidus de<strong> corps vitr\u00e9<\/strong>.<\/p>\n","protected":false},"excerpt":{"rendered":"<p><img loading=\"lazy\" decoding=\"async\" src=\"https:\/\/simovision.be\/professional\/wp-content\/uploads\/sites\/2\/2024\/10\/Fluoron_small.png\" alt=\"\" width=\"211\" height=\"40\" class=\"alignnone size-full wp-image-4419\" srcset=\"https:\/\/simovision.be\/professional\/wp-content\/uploads\/sites\/2\/2024\/10\/Fluoron_small.png 211w, https:\/\/simovision.be\/professional\/wp-content\/uploads\/sites\/2\/2024\/10\/Fluoron_small-64x12.png 64w\" sizes=\"auto, (max-width: 211px) 100vw, 211px\" \/><\/p>\n<h3><strong>Le Dual Dye non toxique<\/strong><\/h3>\n<ul>\n<li>Coloration intense et s\u00e9lective de la MLI, de la MER et des r\u00e9sidus de corps vitr\u00e9<\/li>\n<li>Descente rapide \u2013 surface de contact maximale avec les tissus gr\u00e2ce \u00e0 une densit\u00e9 plus \u00e9lev\u00e9e<\/li>\n<li>Application s\u00fbre sous air et BSS<\/li>\n<li>Application rapide et facile (pr\u00eat \u00e0 l\u2019emploi)<\/li>\n<li>Osmolarit\u00e9 physiologique<\/li>\n<li><strong>Biocompatible<\/strong><\/li>\n<\/ul>\n","protected":false},"featured_media":3749,"template":"","meta":{"_acf_changed":false,"content-type":"","site-sidebar-layout":"default","site-content-layout":"","ast-site-content-layout":"default","site-content-style":"default","site-sidebar-style":"default","ast-global-header-display":"","ast-banner-title-visibility":"","ast-main-header-display":"","ast-hfb-above-header-display":"","ast-hfb-below-header-display":"","ast-hfb-mobile-header-display":"","site-post-title":"","ast-breadcrumbs-content":"","ast-featured-img":"","footer-sml-layout":"","theme-transparent-header-meta":"default","adv-header-id-meta":"","stick-header-meta":"default","header-above-stick-meta":"","header-main-stick-meta":"","header-below-stick-meta":"","astra-migrate-meta-layouts":"set","ast-page-background-enabled":"default","ast-page-background-meta":{"desktop":{"background-color":"var(--ast-global-color-4)","background-image":"","background-repeat":"repeat","background-position":"center center","background-size":"auto","background-attachment":"scroll","background-type":"","background-media":"","overlay-type":"","overlay-color":"","overlay-opacity":"","overlay-gradient":""},"tablet":{"background-color":"","background-image":"","background-repeat":"repeat","background-position":"center center","background-size":"auto","background-attachment":"scroll","background-type":"","background-media":"","overlay-type":"","overlay-color":"","overlay-opacity":"","overlay-gradient":""},"mobile":{"background-color":"","background-image":"","background-repeat":"repeat","background-position":"center center","background-size":"auto","background-attachment":"scroll","background-type":"","background-media":"","overlay-type":"","overlay-color":"","overlay-opacity":"","overlay-gradient":""}},"ast-content-background-meta":{"desktop":{"background-color":"var(--ast-global-color-5)","background-image":"","background-repeat":"repeat","background-position":"center center","background-size":"auto","background-attachment":"scroll","background-type":"","background-media":"","overlay-type":"","overlay-color":"","overlay-opacity":"","overlay-gradient":""},"tablet":{"background-color":"var(--ast-global-color-5)","background-image":"","background-repeat":"repeat","background-position":"center center","background-size":"auto","background-attachment":"scroll","background-type":"","background-media":"","overlay-type":"","overlay-color":"","overlay-opacity":"","overlay-gradient":""},"mobile":{"background-color":"var(--ast-global-color-5)","background-image":"","background-repeat":"repeat","background-position":"center center","background-size":"auto","background-attachment":"scroll","background-type":"","background-media":"","overlay-type":"","overlay-color":"","overlay-opacity":"","overlay-gradient":""}}},"product_brand":[],"product_cat":[124],"product_tag":[716],"class_list":{"0":"post-2828","1":"product","2":"type-product","3":"status-publish","4":"has-post-thumbnail","6":"product_cat-biomateriaux","7":"product_tag-nl-fr","8":"desktop-align-left","9":"tablet-align-left","10":"mobile-align-left","11":"ast-product-gallery-layout-first-image-large","12":"ast-product-tabs-layout-horizontal","14":"first","15":"instock","16":"shipping-taxable","17":"product-type-simple"},"acf":[],"yoast_head":"<!-- This site is optimized with the Yoast SEO plugin v26.3 - https:\/\/yoast.com\/wordpress\/plugins\/seo\/ -->\n<title>Brilliant Peel Dual Dye - Simovision - Professional<\/title>\n<meta name=\"robots\" content=\"index, follow, max-snippet:-1, max-image-preview:large, max-video-preview:-1\" \/>\n<link rel=\"canonical\" href=\"https:\/\/simovision.be\/professional\/fr\/produit\/brilliant-peel-dual-dye\/\" \/>\n<meta property=\"og:locale\" content=\"fr_FR\" \/>\n<meta property=\"og:type\" content=\"article\" \/>\n<meta property=\"og:title\" content=\"Brilliant Peel Dual Dye - Simovision - Professional\" \/>\n<meta property=\"og:description\" content=\"Le Dual Dye non toxique   Coloration intense et s\u00e9lective de la MLI, de la MER et des r\u00e9sidus de corps vitr\u00e9  Descente rapide \u2013 surface de contact maximale avec les tissus gr\u00e2ce \u00e0 une densit\u00e9 plus \u00e9lev\u00e9e  Application s\u00fbre sous air et BSS  Application rapide et facile (pr\u00eat \u00e0 l\u2019emploi)  Osmolarit\u00e9 physiologique  Biocompatible\" \/>\n<meta property=\"og:url\" content=\"https:\/\/simovision.be\/professional\/fr\/produit\/brilliant-peel-dual-dye\/\" \/>\n<meta property=\"og:site_name\" content=\"Simovision - Professional\" \/>\n<meta property=\"article:modified_time\" content=\"2025-09-22T10:10:39+00:00\" \/>\n<meta property=\"og:image\" content=\"https:\/\/simovision.be\/professional\/wp-content\/uploads\/sites\/2\/2025\/03\/00-BrilliantPeel-Packshot-dual-dye.webp\" \/>\n\t<meta property=\"og:image:width\" content=\"1000\" \/>\n\t<meta property=\"og:image:height\" content=\"666\" \/>\n\t<meta property=\"og:image:type\" content=\"image\/webp\" \/>\n<meta name=\"twitter:card\" content=\"summary_large_image\" \/>\n<meta name=\"twitter:label1\" content=\"Dur\u00e9e de lecture estim\u00e9e\" \/>\n\t<meta name=\"twitter:data1\" content=\"1 minute\" \/>\n<script type=\"application\/ld+json\" class=\"yoast-schema-graph\">{\"@context\":\"https:\/\/schema.org\",\"@graph\":[{\"@type\":\"WebPage\",\"@id\":\"https:\/\/simovision.be\/professional\/fr\/produit\/brilliant-peel-dual-dye\/\",\"url\":\"https:\/\/simovision.be\/professional\/fr\/produit\/brilliant-peel-dual-dye\/\",\"name\":\"Brilliant Peel Dual Dye - Simovision - Professional\",\"isPartOf\":{\"@id\":\"https:\/\/simovision.be\/professional\/fr\/#website\"},\"primaryImageOfPage\":{\"@id\":\"https:\/\/simovision.be\/professional\/fr\/produit\/brilliant-peel-dual-dye\/#primaryimage\"},\"image\":{\"@id\":\"https:\/\/simovision.be\/professional\/fr\/produit\/brilliant-peel-dual-dye\/#primaryimage\"},\"thumbnailUrl\":\"https:\/\/simovision.be\/professional\/wp-content\/uploads\/sites\/2\/2025\/03\/00-BrilliantPeel-Packshot-dual-dye.webp\",\"datePublished\":\"2025-03-13T16:47:17+00:00\",\"dateModified\":\"2025-09-22T10:10:39+00:00\",\"breadcrumb\":{\"@id\":\"https:\/\/simovision.be\/professional\/fr\/produit\/brilliant-peel-dual-dye\/#breadcrumb\"},\"inLanguage\":\"fr-FR\",\"potentialAction\":[{\"@type\":\"ReadAction\",\"target\":[\"https:\/\/simovision.be\/professional\/fr\/produit\/brilliant-peel-dual-dye\/\"]}]},{\"@type\":\"ImageObject\",\"inLanguage\":\"fr-FR\",\"@id\":\"https:\/\/simovision.be\/professional\/fr\/produit\/brilliant-peel-dual-dye\/#primaryimage\",\"url\":\"https:\/\/simovision.be\/professional\/wp-content\/uploads\/sites\/2\/2025\/03\/00-BrilliantPeel-Packshot-dual-dye.webp\",\"contentUrl\":\"https:\/\/simovision.be\/professional\/wp-content\/uploads\/sites\/2\/2025\/03\/00-BrilliantPeel-Packshot-dual-dye.webp\",\"width\":1000,\"height\":666},{\"@type\":\"BreadcrumbList\",\"@id\":\"https:\/\/simovision.be\/professional\/fr\/produit\/brilliant-peel-dual-dye\/#breadcrumb\",\"itemListElement\":[{\"@type\":\"ListItem\",\"position\":1,\"name\":\"Home\",\"item\":\"https:\/\/simovision.be\/professional\/fr\/\"},{\"@type\":\"ListItem\",\"position\":2,\"name\":\"Boutique\",\"item\":\"https:\/\/simovision.be\/professional\/winkel\/\"},{\"@type\":\"ListItem\",\"position\":3,\"name\":\"Brilliant Peel Dual Dye\"}]},{\"@type\":\"WebSite\",\"@id\":\"https:\/\/simovision.be\/professional\/fr\/#website\",\"url\":\"https:\/\/simovision.be\/professional\/fr\/\",\"name\":\"Simovision - Professional\",\"description\":\"\",\"publisher\":{\"@id\":\"https:\/\/simovision.be\/professional\/fr\/#organization\"},\"potentialAction\":[{\"@type\":\"SearchAction\",\"target\":{\"@type\":\"EntryPoint\",\"urlTemplate\":\"https:\/\/simovision.be\/professional\/fr\/?s={search_term_string}\"},\"query-input\":{\"@type\":\"PropertyValueSpecification\",\"valueRequired\":true,\"valueName\":\"search_term_string\"}}],\"inLanguage\":\"fr-FR\"},{\"@type\":\"Organization\",\"@id\":\"https:\/\/simovision.be\/professional\/fr\/#organization\",\"name\":\"Simovision\",\"url\":\"https:\/\/simovision.be\/professional\/fr\/\",\"logo\":{\"@type\":\"ImageObject\",\"inLanguage\":\"fr-FR\",\"@id\":\"https:\/\/simovision.be\/professional\/fr\/#\/schema\/logo\/image\/\",\"url\":\"https:\/\/simovision.be\/professional\/wp-content\/uploads\/sites\/2\/2025\/06\/Logo_Simovision_Hilco_Vision_Pantone_7700C-kopie.webp\",\"contentUrl\":\"https:\/\/simovision.be\/professional\/wp-content\/uploads\/sites\/2\/2025\/06\/Logo_Simovision_Hilco_Vision_Pantone_7700C-kopie.webp\",\"width\":2000,\"height\":1021,\"caption\":\"Simovision\"},\"image\":{\"@id\":\"https:\/\/simovision.be\/professional\/fr\/#\/schema\/logo\/image\/\"},\"sameAs\":[\"https:\/\/www.linkedin.com\/company\/simovision\"]}]}<\/script>\n<!-- \/ Yoast SEO plugin. -->","yoast_head_json":{"title":"Brilliant Peel Dual Dye - Simovision - Professional","robots":{"index":"index","follow":"follow","max-snippet":"max-snippet:-1","max-image-preview":"max-image-preview:large","max-video-preview":"max-video-preview:-1"},"canonical":"https:\/\/simovision.be\/professional\/fr\/produit\/brilliant-peel-dual-dye\/","og_locale":"fr_FR","og_type":"article","og_title":"Brilliant Peel Dual Dye - Simovision - Professional","og_description":"Le Dual Dye non toxique   Coloration intense et s\u00e9lective de la MLI, de la MER et des r\u00e9sidus de corps vitr\u00e9  Descente rapide \u2013 surface de contact maximale avec les tissus gr\u00e2ce \u00e0 une densit\u00e9 plus \u00e9lev\u00e9e  Application s\u00fbre sous air et BSS  Application rapide et facile (pr\u00eat \u00e0 l\u2019emploi)  Osmolarit\u00e9 physiologique  Biocompatible","og_url":"https:\/\/simovision.be\/professional\/fr\/produit\/brilliant-peel-dual-dye\/","og_site_name":"Simovision - Professional","article_modified_time":"2025-09-22T10:10:39+00:00","og_image":[{"width":1000,"height":666,"url":"https:\/\/simovision.be\/professional\/wp-content\/uploads\/sites\/2\/2025\/03\/00-BrilliantPeel-Packshot-dual-dye.webp","type":"image\/webp"}],"twitter_card":"summary_large_image","twitter_misc":{"Dur\u00e9e de lecture estim\u00e9e":"1 minute"},"schema":{"@context":"https:\/\/schema.org","@graph":[{"@type":"WebPage","@id":"https:\/\/simovision.be\/professional\/fr\/produit\/brilliant-peel-dual-dye\/","url":"https:\/\/simovision.be\/professional\/fr\/produit\/brilliant-peel-dual-dye\/","name":"Brilliant Peel Dual Dye - Simovision - Professional","isPartOf":{"@id":"https:\/\/simovision.be\/professional\/fr\/#website"},"primaryImageOfPage":{"@id":"https:\/\/simovision.be\/professional\/fr\/produit\/brilliant-peel-dual-dye\/#primaryimage"},"image":{"@id":"https:\/\/simovision.be\/professional\/fr\/produit\/brilliant-peel-dual-dye\/#primaryimage"},"thumbnailUrl":"https:\/\/simovision.be\/professional\/wp-content\/uploads\/sites\/2\/2025\/03\/00-BrilliantPeel-Packshot-dual-dye.webp","datePublished":"2025-03-13T16:47:17+00:00","dateModified":"2025-09-22T10:10:39+00:00","breadcrumb":{"@id":"https:\/\/simovision.be\/professional\/fr\/produit\/brilliant-peel-dual-dye\/#breadcrumb"},"inLanguage":"fr-FR","potentialAction":[{"@type":"ReadAction","target":["https:\/\/simovision.be\/professional\/fr\/produit\/brilliant-peel-dual-dye\/"]}]},{"@type":"ImageObject","inLanguage":"fr-FR","@id":"https:\/\/simovision.be\/professional\/fr\/produit\/brilliant-peel-dual-dye\/#primaryimage","url":"https:\/\/simovision.be\/professional\/wp-content\/uploads\/sites\/2\/2025\/03\/00-BrilliantPeel-Packshot-dual-dye.webp","contentUrl":"https:\/\/simovision.be\/professional\/wp-content\/uploads\/sites\/2\/2025\/03\/00-BrilliantPeel-Packshot-dual-dye.webp","width":1000,"height":666},{"@type":"BreadcrumbList","@id":"https:\/\/simovision.be\/professional\/fr\/produit\/brilliant-peel-dual-dye\/#breadcrumb","itemListElement":[{"@type":"ListItem","position":1,"name":"Home","item":"https:\/\/simovision.be\/professional\/fr\/"},{"@type":"ListItem","position":2,"name":"Boutique","item":"https:\/\/simovision.be\/professional\/winkel\/"},{"@type":"ListItem","position":3,"name":"Brilliant Peel Dual Dye"}]},{"@type":"WebSite","@id":"https:\/\/simovision.be\/professional\/fr\/#website","url":"https:\/\/simovision.be\/professional\/fr\/","name":"Simovision - Professional","description":"","publisher":{"@id":"https:\/\/simovision.be\/professional\/fr\/#organization"},"potentialAction":[{"@type":"SearchAction","target":{"@type":"EntryPoint","urlTemplate":"https:\/\/simovision.be\/professional\/fr\/?s={search_term_string}"},"query-input":{"@type":"PropertyValueSpecification","valueRequired":true,"valueName":"search_term_string"}}],"inLanguage":"fr-FR"},{"@type":"Organization","@id":"https:\/\/simovision.be\/professional\/fr\/#organization","name":"Simovision","url":"https:\/\/simovision.be\/professional\/fr\/","logo":{"@type":"ImageObject","inLanguage":"fr-FR","@id":"https:\/\/simovision.be\/professional\/fr\/#\/schema\/logo\/image\/","url":"https:\/\/simovision.be\/professional\/wp-content\/uploads\/sites\/2\/2025\/06\/Logo_Simovision_Hilco_Vision_Pantone_7700C-kopie.webp","contentUrl":"https:\/\/simovision.be\/professional\/wp-content\/uploads\/sites\/2\/2025\/06\/Logo_Simovision_Hilco_Vision_Pantone_7700C-kopie.webp","width":2000,"height":1021,"caption":"Simovision"},"image":{"@id":"https:\/\/simovision.be\/professional\/fr\/#\/schema\/logo\/image\/"},"sameAs":["https:\/\/www.linkedin.com\/company\/simovision"]}]}},"_links":{"self":[{"href":"https:\/\/simovision.be\/professional\/fr\/wp-json\/wp\/v2\/product\/2828","targetHints":{"allow":["GET"]}}],"collection":[{"href":"https:\/\/simovision.be\/professional\/fr\/wp-json\/wp\/v2\/product"}],"about":[{"href":"https:\/\/simovision.be\/professional\/fr\/wp-json\/wp\/v2\/types\/product"}],"wp:featuredmedia":[{"embeddable":true,"href":"https:\/\/simovision.be\/professional\/fr\/wp-json\/wp\/v2\/media\/3749"}],"wp:attachment":[{"href":"https:\/\/simovision.be\/professional\/fr\/wp-json\/wp\/v2\/media?parent=2828"}],"wp:term":[{"taxonomy":"product_brand","embeddable":true,"href":"https:\/\/simovision.be\/professional\/fr\/wp-json\/wp\/v2\/product_brand?post=2828"},{"taxonomy":"product_cat","embeddable":true,"href":"https:\/\/simovision.be\/professional\/fr\/wp-json\/wp\/v2\/product_cat?post=2828"},{"taxonomy":"product_tag","embeddable":true,"href":"https:\/\/simovision.be\/professional\/fr\/wp-json\/wp\/v2\/product_tag?post=2828"}],"curies":[{"name":"wp","href":"https:\/\/api.w.org\/{rel}","templated":true}]}}