{"id":2816,"date":"2025-03-22T09:45:45","date_gmt":"2025-03-22T08:45:45","guid":{"rendered":"https:\/\/simovision.be\/professional\/product\/oculus-corvis-st\/"},"modified":"2025-09-22T12:09:37","modified_gmt":"2025-09-22T10:09:37","slug":"oculus-corvis-st","status":"publish","type":"product","link":"https:\/\/simovision.be\/professional\/fr\/produit\/oculus-corvis-st\/","title":{"rendered":"OCULUS Corvis ST"},"content":{"rendered":"<h3 style=\"text-align: left\"><strong>Tonom\u00e8tre sans contact<\/strong><\/h3>\n<p style=\"text-align: left\">Le OCULUS Corvis<sup>\u00ae<\/sup> ST est un tonom\u00e8tre sans contact dot\u00e9 d\u2019une <strong>cam\u00e9ra \u00e0 ultra haute vitesse<\/strong>. Il montre la r\u00e9action de la corn\u00e9e \u00e0 une impulsion d\u2019air dans une <strong>courte s\u00e9quence film\u00e9e<\/strong> comprenant <strong>plus de 4 000 images par seconde<\/strong>.<\/p>\n<h4 style=\"text-align: left\">Pourquoi les propri\u00e9t\u00e9s biom\u00e9caniques sont-elles aussi importantes?<\/h4>\n<p><img loading=\"lazy\" decoding=\"async\" class=\"alignnone wp-image-598 size-full\" src=\"https:\/\/simovision.be\/professional\/wp-content\/uploads\/sites\/2\/2025\/03\/why-are-biomechanical-properties-so-important-TEKST.jpg\" alt=\"\" width=\"920\" height=\"356\" srcset=\"https:\/\/simovision.be\/professional\/wp-content\/uploads\/sites\/2\/2025\/03\/why-are-biomechanical-properties-so-important-TEKST.jpg 920w, https:\/\/simovision.be\/professional\/wp-content\/uploads\/sites\/2\/2025\/03\/why-are-biomechanical-properties-so-important-TEKST-900x348.jpg 900w, https:\/\/simovision.be\/professional\/wp-content\/uploads\/sites\/2\/2025\/03\/why-are-biomechanical-properties-so-important-TEKST-64x25.jpg 64w, https:\/\/simovision.be\/professional\/wp-content\/uploads\/sites\/2\/2025\/03\/why-are-biomechanical-properties-so-important-TEKST-300x116.jpg 300w, https:\/\/simovision.be\/professional\/wp-content\/uploads\/sites\/2\/2025\/03\/why-are-biomechanical-properties-so-important-TEKST-768x297.jpg 768w\" sizes=\"auto, (max-width: 920px) 100vw, 920px\" \/><\/p>\n<h4 style=\"text-align: left\">Le OCULUS Corvis<sup>\u00ae<\/sup> ST employ\u00e9 pour le diagnostic du glaucome<\/h4>\n<p style=\"text-align: left\">Gr\u00e2ce au OCULUS Corvis<sup>\u00ae<\/sup> ST, la <strong>densit\u00e9 optique<\/strong> int\u00e9gr\u00e9e (IOD), <strong>l\u2019\u00e9paisseur<\/strong> de la <strong>corn\u00e9e <\/strong>et les <strong>propri\u00e9t\u00e9s biom\u00e9caniques<\/strong> de la <strong>corn\u00e9e <\/strong>peuvent \u00eatre mesur\u00e9es simultan\u00e9ment. En se basant sur ces donn\u00e9es, le OCULUS Corvis<sup>\u00ae<\/sup> ST est capable de d\u00e9terminer une valeur d\u2019IOD (densit\u00e9 optique int\u00e9gr\u00e9e) <strong>extr\u00eamement pr\u00e9cise<\/strong>, qui est tr\u00e8s proche de la valeur r\u00e9elle de la pression intraoculaire. En outre, il est \u00e9galement possible de d\u00e9terminer l\u2019influence des <strong>propri\u00e9t\u00e9s biom\u00e9caniques<\/strong> sur les mesures d\u2019IOD conventionnelles gr\u00e2ce au OCULUS Corvis<sup>\u00ae<\/sup> ST.<\/p>\n<h4 style=\"text-align: left\">D\u00e9pistage de l\u2019ectasie corn\u00e9enne gr\u00e2ce au OCULUS Corvis<sup>\u00ae<\/sup> ST<\/h4>\n<p>Les propri\u00e9t\u00e9s visco\u00e9lastiques de la corn\u00e9e sont modifi\u00e9es par l\u2019ectasie corn\u00e9enne. Ces <strong>modifications <\/strong>peuvent \u00eatre <strong>analys\u00e9es <\/strong>\u00e0 l\u2019aide du OCULUS Corvis<sup>\u00ae<\/sup> ST.<\/p>\n<h4 style=\"text-align: left\">Visualisation de l\u2019effet du Crosslinking corn\u00e9en avec le OCULUS Corvis<sup>\u00ae<\/sup> ST<\/h4>\n<p>Gr\u00e2ce au OCULUS Corvis<sup>\u00ae<\/sup> ST, il est possible de visualiser les <strong>effets<\/strong> de la <strong>proc\u00e9dure de Crosslinking<\/strong> corn\u00e9en sur les propri\u00e9t\u00e9s de d\u00e9formation de la corn\u00e9e. Ainsi, le OCULUS Corvis<sup>\u00ae<\/sup> ST a les capacit\u00e9s de quantifier les <strong>effets <\/strong>du <strong>Crosslinking corn\u00e9en<\/strong> sur les <strong>propri\u00e9t\u00e9s biom\u00e9caniques<\/strong> de la corn\u00e9e.<\/p>\n","protected":false},"excerpt":{"rendered":"<p><img loading=\"lazy\" decoding=\"async\" src=\"https:\/\/simovision.be\/professional\/wp-content\/uploads\/sites\/2\/2025\/06\/Logo_Oculus_teaser.png\" alt=\"\" width=\"48\" height=\"40\" class=\"alignnone size-full wp-image-4990\" \/><\/p>\n<ul>\n<li style=\"text-align: left\">C\u2019est l\u2019\u00e9valuation de la<strong> r\u00e9ponse biom\u00e9canique <\/strong><strong>corn\u00e9enne<\/strong>, la <strong>tonom\u00e9trie <\/strong>et la <strong>pachym\u00e9trie<\/strong> en<strong> une seul prise<\/strong>.<\/li>\n<li style=\"text-align: left\">C\u2019est l\u2019IOP (bIOP) corrig\u00e9e par la r\u00e9ponse biom\u00e9canique.<\/li>\n<li style=\"text-align: left\">C\u2019est l\u2019analyse des <strong>effets <\/strong>du <strong>cross-linking<\/strong>.<\/li>\n<li style=\"text-align: left\">C\u2019est la <strong>pr\u00e9diction <\/strong>des <strong>r\u00e9sultats r\u00e9fractifs<\/strong>.<\/li>\n<li style=\"text-align: left\">C\u2019est la d\u00e9tection pr\u00e9coce du <strong>k\u00e9ratocone<\/strong>.<\/li>\n<li style=\"text-align: left\">C\u2019est l\u2019analyse du <strong>risque <\/strong>de <strong>glaucome <\/strong>et la pr\u00e9diction dans le cas des patients \u00e0 tension normale (NTG).<\/li>\n<li style=\"text-align: left\">C\u2019est le <strong>suivi<\/strong> dans le traitement du <strong>glaucome<\/strong>.<\/li>\n<\/ul>\n<p>Et c\u2019est un <strong>appareil unique et r\u00e9volutionnaire<\/strong> en <strong>combinaison<\/strong> avec la tomographie du OCULUS Pentacam<sup>\u00ae<\/sup> pour la <strong>chirurgie r\u00e9fractive<\/strong>.<\/p>\n","protected":false},"featured_media":3851,"template":"","meta":{"_acf_changed":false,"content-type":"","site-sidebar-layout":"default","site-content-layout":"","ast-site-content-layout":"default","site-content-style":"default","site-sidebar-style":"default","ast-global-header-display":"","ast-banner-title-visibility":"","ast-main-header-display":"","ast-hfb-above-header-display":"","ast-hfb-below-header-display":"","ast-hfb-mobile-header-display":"","site-post-title":"","ast-breadcrumbs-content":"","ast-featured-img":"","footer-sml-layout":"","theme-transparent-header-meta":"default","adv-header-id-meta":"","stick-header-meta":"default","header-above-stick-meta":"","header-main-stick-meta":"","header-below-stick-meta":"","astra-migrate-meta-layouts":"set","ast-page-background-enabled":"default","ast-page-background-meta":{"desktop":{"background-color":"var(--ast-global-color-4)","background-image":"","background-repeat":"repeat","background-position":"center center","background-size":"auto","background-attachment":"scroll","background-type":"","background-media":"","overlay-type":"","overlay-color":"","overlay-opacity":"","overlay-gradient":""},"tablet":{"background-color":"","background-image":"","background-repeat":"repeat","background-position":"center center","background-size":"auto","background-attachment":"scroll","background-type":"","background-media":"","overlay-type":"","overlay-color":"","overlay-opacity":"","overlay-gradient":""},"mobile":{"background-color":"","background-image":"","background-repeat":"repeat","background-position":"center center","background-size":"auto","background-attachment":"scroll","background-type":"","background-media":"","overlay-type":"","overlay-color":"","overlay-opacity":"","overlay-gradient":""}},"ast-content-background-meta":{"desktop":{"background-color":"var(--ast-global-color-5)","background-image":"","background-repeat":"repeat","background-position":"center center","background-size":"auto","background-attachment":"scroll","background-type":"","background-media":"","overlay-type":"","overlay-color":"","overlay-opacity":"","overlay-gradient":""},"tablet":{"background-color":"var(--ast-global-color-5)","background-image":"","background-repeat":"repeat","background-position":"center center","background-size":"auto","background-attachment":"scroll","background-type":"","background-media":"","overlay-type":"","overlay-color":"","overlay-opacity":"","overlay-gradient":""},"mobile":{"background-color":"var(--ast-global-color-5)","background-image":"","background-repeat":"repeat","background-position":"center center","background-size":"auto","background-attachment":"scroll","background-type":"","background-media":"","overlay-type":"","overlay-color":"","overlay-opacity":"","overlay-gradient":""}}},"product_brand":[],"product_cat":[130,131],"product_tag":[],"class_list":{"0":"post-2816","1":"product","2":"type-product","3":"status-publish","4":"has-post-thumbnail","6":"product_cat-biometre-pachymetre","7":"product_cat-tonometre-biomecanique-de-la-cornee","8":"desktop-align-left","9":"tablet-align-left","10":"mobile-align-left","11":"ast-product-gallery-layout-first-image-large","12":"ast-product-tabs-layout-horizontal","14":"first","15":"instock","16":"shipping-taxable","17":"product-type-simple"},"acf":[],"yoast_head":"<!-- This site is optimized with the Yoast SEO plugin v26.3 - https:\/\/yoast.com\/wordpress\/plugins\/seo\/ -->\n<title>OCULUS Corvis ST - Simovision - Professional<\/title>\n<meta name=\"robots\" content=\"index, follow, max-snippet:-1, max-image-preview:large, max-video-preview:-1\" \/>\n<link rel=\"canonical\" href=\"https:\/\/simovision.be\/professional\/fr\/produit\/oculus-corvis-st\/\" \/>\n<meta property=\"og:locale\" content=\"fr_FR\" \/>\n<meta property=\"og:type\" content=\"article\" \/>\n<meta property=\"og:title\" content=\"OCULUS Corvis ST - Simovision - Professional\" \/>\n<meta property=\"og:description\" content=\"C\u2019est l\u2019\u00e9valuation de la r\u00e9ponse biom\u00e9canique corn\u00e9enne, la tonom\u00e9trie et la pachym\u00e9trie en une seul prise.  C\u2019est l\u2019IOP (bIOP) corrig\u00e9e par la r\u00e9ponse biom\u00e9canique.  C\u2019est l\u2019analyse des effets du cross-linking.  C\u2019est la pr\u00e9diction des r\u00e9sultats r\u00e9fractifs.  C\u2019est la d\u00e9tection pr\u00e9coce du k\u00e9ratocone.  C\u2019est l\u2019analyse du risque de glaucome et la pr\u00e9diction dans le cas des patients \u00e0 tension normale (NTG).  C\u2019est le suivi dans le traitement du glaucome.  Et c\u2019est un appareil unique et r\u00e9volutionnaire en combinaison avec la tomographie du OCULUS Pentacam\u00ae pour la chirurgie r\u00e9fractive.\" \/>\n<meta property=\"og:url\" content=\"https:\/\/simovision.be\/professional\/fr\/produit\/oculus-corvis-st\/\" \/>\n<meta property=\"og:site_name\" content=\"Simovision - Professional\" \/>\n<meta property=\"article:modified_time\" content=\"2025-09-22T10:09:37+00:00\" \/>\n<meta property=\"og:image\" content=\"https:\/\/simovision.be\/professional\/wp-content\/uploads\/sites\/2\/2025\/03\/00-Corvis-ST-1.webp\" \/>\n\t<meta property=\"og:image:width\" content=\"1000\" \/>\n\t<meta property=\"og:image:height\" content=\"666\" \/>\n\t<meta property=\"og:image:type\" content=\"image\/webp\" \/>\n<meta name=\"twitter:card\" content=\"summary_large_image\" \/>\n<meta name=\"twitter:label1\" content=\"Dur\u00e9e de lecture estim\u00e9e\" \/>\n\t<meta name=\"twitter:data1\" content=\"2 minutes\" \/>\n<script type=\"application\/ld+json\" class=\"yoast-schema-graph\">{\"@context\":\"https:\/\/schema.org\",\"@graph\":[{\"@type\":\"WebPage\",\"@id\":\"https:\/\/simovision.be\/professional\/fr\/produit\/oculus-corvis-st\/\",\"url\":\"https:\/\/simovision.be\/professional\/fr\/produit\/oculus-corvis-st\/\",\"name\":\"OCULUS Corvis ST - Simovision - Professional\",\"isPartOf\":{\"@id\":\"https:\/\/simovision.be\/professional\/fr\/#website\"},\"primaryImageOfPage\":{\"@id\":\"https:\/\/simovision.be\/professional\/fr\/produit\/oculus-corvis-st\/#primaryimage\"},\"image\":{\"@id\":\"https:\/\/simovision.be\/professional\/fr\/produit\/oculus-corvis-st\/#primaryimage\"},\"thumbnailUrl\":\"https:\/\/simovision.be\/professional\/wp-content\/uploads\/sites\/2\/2025\/03\/00-Corvis-ST-1.webp\",\"datePublished\":\"2025-03-22T08:45:45+00:00\",\"dateModified\":\"2025-09-22T10:09:37+00:00\",\"breadcrumb\":{\"@id\":\"https:\/\/simovision.be\/professional\/fr\/produit\/oculus-corvis-st\/#breadcrumb\"},\"inLanguage\":\"fr-FR\",\"potentialAction\":[{\"@type\":\"ReadAction\",\"target\":[\"https:\/\/simovision.be\/professional\/fr\/produit\/oculus-corvis-st\/\"]}]},{\"@type\":\"ImageObject\",\"inLanguage\":\"fr-FR\",\"@id\":\"https:\/\/simovision.be\/professional\/fr\/produit\/oculus-corvis-st\/#primaryimage\",\"url\":\"https:\/\/simovision.be\/professional\/wp-content\/uploads\/sites\/2\/2025\/03\/00-Corvis-ST-1.webp\",\"contentUrl\":\"https:\/\/simovision.be\/professional\/wp-content\/uploads\/sites\/2\/2025\/03\/00-Corvis-ST-1.webp\",\"width\":1000,\"height\":666},{\"@type\":\"BreadcrumbList\",\"@id\":\"https:\/\/simovision.be\/professional\/fr\/produit\/oculus-corvis-st\/#breadcrumb\",\"itemListElement\":[{\"@type\":\"ListItem\",\"position\":1,\"name\":\"Home\",\"item\":\"https:\/\/simovision.be\/professional\/fr\/\"},{\"@type\":\"ListItem\",\"position\":2,\"name\":\"Boutique\",\"item\":\"https:\/\/simovision.be\/professional\/winkel\/\"},{\"@type\":\"ListItem\",\"position\":3,\"name\":\"OCULUS Corvis ST\"}]},{\"@type\":\"WebSite\",\"@id\":\"https:\/\/simovision.be\/professional\/fr\/#website\",\"url\":\"https:\/\/simovision.be\/professional\/fr\/\",\"name\":\"Simovision - Professional\",\"description\":\"\",\"publisher\":{\"@id\":\"https:\/\/simovision.be\/professional\/fr\/#organization\"},\"potentialAction\":[{\"@type\":\"SearchAction\",\"target\":{\"@type\":\"EntryPoint\",\"urlTemplate\":\"https:\/\/simovision.be\/professional\/fr\/?s={search_term_string}\"},\"query-input\":{\"@type\":\"PropertyValueSpecification\",\"valueRequired\":true,\"valueName\":\"search_term_string\"}}],\"inLanguage\":\"fr-FR\"},{\"@type\":\"Organization\",\"@id\":\"https:\/\/simovision.be\/professional\/fr\/#organization\",\"name\":\"Simovision\",\"url\":\"https:\/\/simovision.be\/professional\/fr\/\",\"logo\":{\"@type\":\"ImageObject\",\"inLanguage\":\"fr-FR\",\"@id\":\"https:\/\/simovision.be\/professional\/fr\/#\/schema\/logo\/image\/\",\"url\":\"https:\/\/simovision.be\/professional\/wp-content\/uploads\/sites\/2\/2025\/06\/Logo_Simovision_Hilco_Vision_Pantone_7700C-kopie.webp\",\"contentUrl\":\"https:\/\/simovision.be\/professional\/wp-content\/uploads\/sites\/2\/2025\/06\/Logo_Simovision_Hilco_Vision_Pantone_7700C-kopie.webp\",\"width\":2000,\"height\":1021,\"caption\":\"Simovision\"},\"image\":{\"@id\":\"https:\/\/simovision.be\/professional\/fr\/#\/schema\/logo\/image\/\"},\"sameAs\":[\"https:\/\/www.linkedin.com\/company\/simovision\"]}]}<\/script>\n<!-- \/ Yoast SEO plugin. -->","yoast_head_json":{"title":"OCULUS Corvis ST - Simovision - Professional","robots":{"index":"index","follow":"follow","max-snippet":"max-snippet:-1","max-image-preview":"max-image-preview:large","max-video-preview":"max-video-preview:-1"},"canonical":"https:\/\/simovision.be\/professional\/fr\/produit\/oculus-corvis-st\/","og_locale":"fr_FR","og_type":"article","og_title":"OCULUS Corvis ST - Simovision - Professional","og_description":"C\u2019est l\u2019\u00e9valuation de la r\u00e9ponse biom\u00e9canique corn\u00e9enne, la tonom\u00e9trie et la pachym\u00e9trie en une seul prise.  C\u2019est l\u2019IOP (bIOP) corrig\u00e9e par la r\u00e9ponse biom\u00e9canique.  C\u2019est l\u2019analyse des effets du cross-linking.  C\u2019est la pr\u00e9diction des r\u00e9sultats r\u00e9fractifs.  C\u2019est la d\u00e9tection pr\u00e9coce du k\u00e9ratocone.  C\u2019est l\u2019analyse du risque de glaucome et la pr\u00e9diction dans le cas des patients \u00e0 tension normale (NTG).  C\u2019est le suivi dans le traitement du glaucome.  Et c\u2019est un appareil unique et r\u00e9volutionnaire en combinaison avec la tomographie du OCULUS Pentacam\u00ae pour la chirurgie r\u00e9fractive.","og_url":"https:\/\/simovision.be\/professional\/fr\/produit\/oculus-corvis-st\/","og_site_name":"Simovision - Professional","article_modified_time":"2025-09-22T10:09:37+00:00","og_image":[{"width":1000,"height":666,"url":"https:\/\/simovision.be\/professional\/wp-content\/uploads\/sites\/2\/2025\/03\/00-Corvis-ST-1.webp","type":"image\/webp"}],"twitter_card":"summary_large_image","twitter_misc":{"Dur\u00e9e de lecture estim\u00e9e":"2 minutes"},"schema":{"@context":"https:\/\/schema.org","@graph":[{"@type":"WebPage","@id":"https:\/\/simovision.be\/professional\/fr\/produit\/oculus-corvis-st\/","url":"https:\/\/simovision.be\/professional\/fr\/produit\/oculus-corvis-st\/","name":"OCULUS Corvis ST - Simovision - Professional","isPartOf":{"@id":"https:\/\/simovision.be\/professional\/fr\/#website"},"primaryImageOfPage":{"@id":"https:\/\/simovision.be\/professional\/fr\/produit\/oculus-corvis-st\/#primaryimage"},"image":{"@id":"https:\/\/simovision.be\/professional\/fr\/produit\/oculus-corvis-st\/#primaryimage"},"thumbnailUrl":"https:\/\/simovision.be\/professional\/wp-content\/uploads\/sites\/2\/2025\/03\/00-Corvis-ST-1.webp","datePublished":"2025-03-22T08:45:45+00:00","dateModified":"2025-09-22T10:09:37+00:00","breadcrumb":{"@id":"https:\/\/simovision.be\/professional\/fr\/produit\/oculus-corvis-st\/#breadcrumb"},"inLanguage":"fr-FR","potentialAction":[{"@type":"ReadAction","target":["https:\/\/simovision.be\/professional\/fr\/produit\/oculus-corvis-st\/"]}]},{"@type":"ImageObject","inLanguage":"fr-FR","@id":"https:\/\/simovision.be\/professional\/fr\/produit\/oculus-corvis-st\/#primaryimage","url":"https:\/\/simovision.be\/professional\/wp-content\/uploads\/sites\/2\/2025\/03\/00-Corvis-ST-1.webp","contentUrl":"https:\/\/simovision.be\/professional\/wp-content\/uploads\/sites\/2\/2025\/03\/00-Corvis-ST-1.webp","width":1000,"height":666},{"@type":"BreadcrumbList","@id":"https:\/\/simovision.be\/professional\/fr\/produit\/oculus-corvis-st\/#breadcrumb","itemListElement":[{"@type":"ListItem","position":1,"name":"Home","item":"https:\/\/simovision.be\/professional\/fr\/"},{"@type":"ListItem","position":2,"name":"Boutique","item":"https:\/\/simovision.be\/professional\/winkel\/"},{"@type":"ListItem","position":3,"name":"OCULUS Corvis ST"}]},{"@type":"WebSite","@id":"https:\/\/simovision.be\/professional\/fr\/#website","url":"https:\/\/simovision.be\/professional\/fr\/","name":"Simovision - Professional","description":"","publisher":{"@id":"https:\/\/simovision.be\/professional\/fr\/#organization"},"potentialAction":[{"@type":"SearchAction","target":{"@type":"EntryPoint","urlTemplate":"https:\/\/simovision.be\/professional\/fr\/?s={search_term_string}"},"query-input":{"@type":"PropertyValueSpecification","valueRequired":true,"valueName":"search_term_string"}}],"inLanguage":"fr-FR"},{"@type":"Organization","@id":"https:\/\/simovision.be\/professional\/fr\/#organization","name":"Simovision","url":"https:\/\/simovision.be\/professional\/fr\/","logo":{"@type":"ImageObject","inLanguage":"fr-FR","@id":"https:\/\/simovision.be\/professional\/fr\/#\/schema\/logo\/image\/","url":"https:\/\/simovision.be\/professional\/wp-content\/uploads\/sites\/2\/2025\/06\/Logo_Simovision_Hilco_Vision_Pantone_7700C-kopie.webp","contentUrl":"https:\/\/simovision.be\/professional\/wp-content\/uploads\/sites\/2\/2025\/06\/Logo_Simovision_Hilco_Vision_Pantone_7700C-kopie.webp","width":2000,"height":1021,"caption":"Simovision"},"image":{"@id":"https:\/\/simovision.be\/professional\/fr\/#\/schema\/logo\/image\/"},"sameAs":["https:\/\/www.linkedin.com\/company\/simovision"]}]}},"_links":{"self":[{"href":"https:\/\/simovision.be\/professional\/fr\/wp-json\/wp\/v2\/product\/2816","targetHints":{"allow":["GET"]}}],"collection":[{"href":"https:\/\/simovision.be\/professional\/fr\/wp-json\/wp\/v2\/product"}],"about":[{"href":"https:\/\/simovision.be\/professional\/fr\/wp-json\/wp\/v2\/types\/product"}],"wp:featuredmedia":[{"embeddable":true,"href":"https:\/\/simovision.be\/professional\/fr\/wp-json\/wp\/v2\/media\/3851"}],"wp:attachment":[{"href":"https:\/\/simovision.be\/professional\/fr\/wp-json\/wp\/v2\/media?parent=2816"}],"wp:term":[{"taxonomy":"product_brand","embeddable":true,"href":"https:\/\/simovision.be\/professional\/fr\/wp-json\/wp\/v2\/product_brand?post=2816"},{"taxonomy":"product_cat","embeddable":true,"href":"https:\/\/simovision.be\/professional\/fr\/wp-json\/wp\/v2\/product_cat?post=2816"},{"taxonomy":"product_tag","embeddable":true,"href":"https:\/\/simovision.be\/professional\/fr\/wp-json\/wp\/v2\/product_tag?post=2816"}],"curies":[{"name":"wp","href":"https:\/\/api.w.org\/{rel}","templated":true}]}}