{"id":2813,"date":"2025-03-22T10:06:56","date_gmt":"2025-03-22T09:06:56","guid":{"rendered":"https:\/\/simovision.be\/professional\/product\/oculus-myopia-master\/"},"modified":"2025-09-22T12:09:36","modified_gmt":"2025-09-22T10:09:36","slug":"oculus-myopia-master","status":"publish","type":"product","link":"https:\/\/simovision.be\/professional\/fr\/produit\/oculus-myopia-master\/","title":{"rendered":"OCULUS Myopia Master"},"content":{"rendered":"<p style=\"text-align: left\"><a href=\"https:\/\/simovision.be\/professional\/wp-content\/uploads\/sites\/2\/2025\/03\/oculus-myopia-master-myopia-management-made-easy-TEKST-1024x597.jpg\" target=\"_blank\" rel=\"noopener\"><img loading=\"lazy\" decoding=\"async\" class=\"alignnone wp-image-605\" src=\"https:\/\/simovision.be\/professional\/wp-content\/uploads\/sites\/2\/2025\/03\/oculus-myopia-master-myopia-management-made-easy-TEKST-1024x597.jpg\" alt=\"\" width=\"600\" height=\"350\" srcset=\"https:\/\/simovision.be\/professional\/wp-content\/uploads\/sites\/2\/2025\/03\/oculus-myopia-master-myopia-management-made-easy-TEKST-1024x597.jpg 1024w, https:\/\/simovision.be\/professional\/wp-content\/uploads\/sites\/2\/2025\/03\/oculus-myopia-master-myopia-management-made-easy-TEKST-900x525.jpg 900w, https:\/\/simovision.be\/professional\/wp-content\/uploads\/sites\/2\/2025\/03\/oculus-myopia-master-myopia-management-made-easy-TEKST-64x37.jpg 64w, https:\/\/simovision.be\/professional\/wp-content\/uploads\/sites\/2\/2025\/03\/oculus-myopia-master-myopia-management-made-easy-TEKST-300x175.jpg 300w, https:\/\/simovision.be\/professional\/wp-content\/uploads\/sites\/2\/2025\/03\/oculus-myopia-master-myopia-management-made-easy-TEKST-768x448.jpg 768w, https:\/\/simovision.be\/professional\/wp-content\/uploads\/sites\/2\/2025\/03\/oculus-myopia-master-myopia-management-made-easy-TEKST.jpg 1250w\" sizes=\"auto, (max-width: 600px) 100vw, 600px\" \/><\/a><\/p>\n<h3 style=\"text-align: left\"><strong>Le Logiciel:<\/strong><\/h3>\n<ul>\n<li style=\"text-align: left\">propose un questionnaire par d\u00e9faut abordant les facteurs de risque les plus importants. D\u2019autres facteurs de risque peuvent \u00eatre ajout\u00e9s et personnalis\u00e9s \u00e0 l\u2019aide du kit de questions.<\/li>\n<li style=\"text-align: left\">assiste le praticien utilisant le <strong>syst\u00e8me de feux tricolores<\/strong> de signalisation dans l&rsquo;\u00e9ducation des enfants et de leurs parents.<\/li>\n<li style=\"text-align: left\">recommande des <strong>options de traitement<\/strong> en <strong>fonction des r\u00e9sultats<\/strong> de l&rsquo;\u00e9valuation des donn\u00e9es et du <strong>questionnaire<\/strong>.<\/li>\n<\/ul>\n<h4 style=\"text-align: left\">Courbe de croissance<\/h4>\n<p><a href=\"https:\/\/simovision.be\/professional\/wp-content\/uploads\/sites\/2\/2025\/03\/OCULUS-Myopia-Master-Growth-Curve-TEKST-600x360.png\" target=\"_blank\" rel=\"noopener\"><img loading=\"lazy\" decoding=\"async\" class=\"alignnone wp-image-604 size-woocommerce_thumbnail\" src=\"https:\/\/simovision.be\/professional\/wp-content\/uploads\/sites\/2\/2025\/03\/OCULUS-Myopia-Master-Growth-Curve-TEKST-600x360.png\" alt=\"\" width=\"600\" height=\"360\" \/><\/a><\/p>\n<h4 style=\"text-align: left\">Le Suivi<\/h4>\n<p style=\"text-align: left\">Le follow-up est <strong>crucial <\/strong>dans le suivi de la <strong>myopie<\/strong>. Le logiciel du OCULUS Myopia Master<sup>\u00ae<\/sup> vous permet une \u00ab <strong>trend Analysis<\/strong> \u00bb afin de visualiser <strong>l\u2019efficacit\u00e9 <\/strong>du <strong>traitement<\/strong>.<\/p>\n<p style=\"text-align: left\">En option, le syst\u00e8me d&rsquo;analyse r\u00e9fractive Gullstrand (GRAS): GRAS est un module <strong>d&rsquo;analyse de r\u00e9fraction<\/strong> disponible pour l\u2019interpr\u00e9tation des <strong>r\u00e9sultats de mesure<\/strong>. Simple et fiable. Tous les composants r\u00e9fractifs de l\u2019\u0153il mesur\u00e9s individuellement sont <strong>automatiquement compar\u00e9s<\/strong> au mod\u00e8le oculaire standard de <strong>Gullstrand<\/strong>.<\/p>\n<p>* <strong>Brien Holden Vision Institute<\/strong> (Learn more about BHVI\u2019s research: www.bhvi.org, www.globalmyopiacentre.org)<\/p>\n","protected":false},"excerpt":{"rendered":"<p><img loading=\"lazy\" decoding=\"async\" class=\"alignnone size-full wp-image-4990\" src=\"https:\/\/simovision.be\/professional\/wp-content\/uploads\/sites\/2\/2025\/06\/Logo_Oculus_teaser.png\" alt=\"\" width=\"48\" height=\"40\" \/><\/p>\n<h3 style=\"text-align: left\"><strong>Gestion de la progression de la myopie avec le Myopia Master<sup>\u00ae<\/sup><\/strong><\/h3>\n<h4 style=\"text-align: left\">C\u2019est simple, complet et \u00ab user friendly \u00bb!<\/h4>\n<p style=\"text-align: left\">Le OCULUS Myopia Master<sup>\u00ae<\/sup> r\u00e9alise des <strong>mesures rapides<\/strong> des <strong>param\u00e8tres les plus importants<\/strong> li\u00e9s au d\u00e9veloppement de la <strong>myopie<\/strong>. Le processus de mesure prend <strong>moins de 2 minutes<\/strong> et le test est absolument<strong> sans contact<\/strong>. Les donn\u00e9es du patient sont <strong>compar\u00e9es <\/strong>avec des <strong>courbes de croissance<\/strong> d\u00e9pendant de l&rsquo;ethnie et du sexe de plus de 20.000 yeux gr\u00e2ce \u00e0 des algorithmes d\u00e9velopp\u00e9s par le BHVI* Institute.<\/p>\n","protected":false},"featured_media":3847,"template":"","meta":{"_acf_changed":false,"content-type":"","site-sidebar-layout":"default","site-content-layout":"","ast-site-content-layout":"default","site-content-style":"default","site-sidebar-style":"default","ast-global-header-display":"","ast-banner-title-visibility":"","ast-main-header-display":"","ast-hfb-above-header-display":"","ast-hfb-below-header-display":"","ast-hfb-mobile-header-display":"","site-post-title":"","ast-breadcrumbs-content":"","ast-featured-img":"","footer-sml-layout":"","theme-transparent-header-meta":"default","adv-header-id-meta":"","stick-header-meta":"default","header-above-stick-meta":"","header-main-stick-meta":"","header-below-stick-meta":"","astra-migrate-meta-layouts":"set","ast-page-background-enabled":"default","ast-page-background-meta":{"desktop":{"background-color":"var(--ast-global-color-4)","background-image":"","background-repeat":"repeat","background-position":"center center","background-size":"auto","background-attachment":"scroll","background-type":"","background-media":"","overlay-type":"","overlay-color":"","overlay-opacity":"","overlay-gradient":""},"tablet":{"background-color":"","background-image":"","background-repeat":"repeat","background-position":"center center","background-size":"auto","background-attachment":"scroll","background-type":"","background-media":"","overlay-type":"","overlay-color":"","overlay-opacity":"","overlay-gradient":""},"mobile":{"background-color":"","background-image":"","background-repeat":"repeat","background-position":"center center","background-size":"auto","background-attachment":"scroll","background-type":"","background-media":"","overlay-type":"","overlay-color":"","overlay-opacity":"","overlay-gradient":""}},"ast-content-background-meta":{"desktop":{"background-color":"var(--ast-global-color-5)","background-image":"","background-repeat":"repeat","background-position":"center center","background-size":"auto","background-attachment":"scroll","background-type":"","background-media":"","overlay-type":"","overlay-color":"","overlay-opacity":"","overlay-gradient":""},"tablet":{"background-color":"var(--ast-global-color-5)","background-image":"","background-repeat":"repeat","background-position":"center center","background-size":"auto","background-attachment":"scroll","background-type":"","background-media":"","overlay-type":"","overlay-color":"","overlay-opacity":"","overlay-gradient":""},"mobile":{"background-color":"var(--ast-global-color-5)","background-image":"","background-repeat":"repeat","background-position":"center center","background-size":"auto","background-attachment":"scroll","background-type":"","background-media":"","overlay-type":"","overlay-color":"","overlay-opacity":"","overlay-gradient":""}}},"product_brand":[],"product_cat":[127],"product_tag":[],"class_list":{"0":"post-2813","1":"product","2":"type-product","3":"status-publish","4":"has-post-thumbnail","6":"product_cat-gestion-de-la-myopie","7":"desktop-align-left","8":"tablet-align-left","9":"mobile-align-left","10":"ast-product-gallery-layout-first-image-large","11":"ast-product-tabs-layout-horizontal","13":"first","14":"instock","15":"shipping-taxable","16":"product-type-simple"},"acf":[],"yoast_head":"<!-- This site is optimized with the Yoast SEO plugin v26.3 - https:\/\/yoast.com\/wordpress\/plugins\/seo\/ -->\n<title>OCULUS Myopia Master - Simovision - Professional<\/title>\n<meta name=\"robots\" content=\"index, follow, max-snippet:-1, max-image-preview:large, max-video-preview:-1\" \/>\n<link rel=\"canonical\" href=\"https:\/\/simovision.be\/professional\/fr\/produit\/oculus-myopia-master\/\" \/>\n<meta property=\"og:locale\" content=\"fr_FR\" \/>\n<meta property=\"og:type\" content=\"article\" \/>\n<meta property=\"og:title\" content=\"OCULUS Myopia Master - Simovision - Professional\" \/>\n<meta property=\"og:description\" content=\"Gestion de la progression de la myopie avec le Myopia Master\u00ae C\u2019est simple, complet et \u00ab user friendly \u00bb! Le OCULUS Myopia Master\u00ae r\u00e9alise des mesures rapides des param\u00e8tres les plus importants li\u00e9s au d\u00e9veloppement de la myopie. Le processus de mesure prend moins de 2 minutes et le test est absolument sans contact. Les donn\u00e9es du patient sont compar\u00e9es avec des courbes de croissance d\u00e9pendant de l&#039;ethnie et du sexe de plus de 20.000 yeux gr\u00e2ce \u00e0 des algorithmes d\u00e9velopp\u00e9s par le BHVI* Institute.\" \/>\n<meta property=\"og:url\" content=\"https:\/\/simovision.be\/professional\/fr\/produit\/oculus-myopia-master\/\" \/>\n<meta property=\"og:site_name\" content=\"Simovision - Professional\" \/>\n<meta property=\"article:modified_time\" content=\"2025-09-22T10:09:36+00:00\" \/>\n<meta property=\"og:image\" content=\"https:\/\/simovision.be\/professional\/wp-content\/uploads\/sites\/2\/2025\/03\/00-OCULUS-Myopia-Master.webp\" \/>\n\t<meta property=\"og:image:width\" content=\"1000\" \/>\n\t<meta property=\"og:image:height\" content=\"666\" \/>\n\t<meta property=\"og:image:type\" content=\"image\/webp\" \/>\n<meta name=\"twitter:card\" content=\"summary_large_image\" \/>\n<meta name=\"twitter:label1\" content=\"Dur\u00e9e de lecture estim\u00e9e\" \/>\n\t<meta name=\"twitter:data1\" content=\"2 minutes\" \/>\n<script type=\"application\/ld+json\" class=\"yoast-schema-graph\">{\"@context\":\"https:\/\/schema.org\",\"@graph\":[{\"@type\":\"WebPage\",\"@id\":\"https:\/\/simovision.be\/professional\/fr\/produit\/oculus-myopia-master\/\",\"url\":\"https:\/\/simovision.be\/professional\/fr\/produit\/oculus-myopia-master\/\",\"name\":\"OCULUS Myopia Master - Simovision - Professional\",\"isPartOf\":{\"@id\":\"https:\/\/simovision.be\/professional\/fr\/#website\"},\"primaryImageOfPage\":{\"@id\":\"https:\/\/simovision.be\/professional\/fr\/produit\/oculus-myopia-master\/#primaryimage\"},\"image\":{\"@id\":\"https:\/\/simovision.be\/professional\/fr\/produit\/oculus-myopia-master\/#primaryimage\"},\"thumbnailUrl\":\"https:\/\/simovision.be\/professional\/wp-content\/uploads\/sites\/2\/2025\/03\/00-OCULUS-Myopia-Master.webp\",\"datePublished\":\"2025-03-22T09:06:56+00:00\",\"dateModified\":\"2025-09-22T10:09:36+00:00\",\"breadcrumb\":{\"@id\":\"https:\/\/simovision.be\/professional\/fr\/produit\/oculus-myopia-master\/#breadcrumb\"},\"inLanguage\":\"fr-FR\",\"potentialAction\":[{\"@type\":\"ReadAction\",\"target\":[\"https:\/\/simovision.be\/professional\/fr\/produit\/oculus-myopia-master\/\"]}]},{\"@type\":\"ImageObject\",\"inLanguage\":\"fr-FR\",\"@id\":\"https:\/\/simovision.be\/professional\/fr\/produit\/oculus-myopia-master\/#primaryimage\",\"url\":\"https:\/\/simovision.be\/professional\/wp-content\/uploads\/sites\/2\/2025\/03\/00-OCULUS-Myopia-Master.webp\",\"contentUrl\":\"https:\/\/simovision.be\/professional\/wp-content\/uploads\/sites\/2\/2025\/03\/00-OCULUS-Myopia-Master.webp\",\"width\":1000,\"height\":666},{\"@type\":\"BreadcrumbList\",\"@id\":\"https:\/\/simovision.be\/professional\/fr\/produit\/oculus-myopia-master\/#breadcrumb\",\"itemListElement\":[{\"@type\":\"ListItem\",\"position\":1,\"name\":\"Home\",\"item\":\"https:\/\/simovision.be\/professional\/fr\/\"},{\"@type\":\"ListItem\",\"position\":2,\"name\":\"Boutique\",\"item\":\"https:\/\/simovision.be\/professional\/winkel\/\"},{\"@type\":\"ListItem\",\"position\":3,\"name\":\"OCULUS Myopia Master\"}]},{\"@type\":\"WebSite\",\"@id\":\"https:\/\/simovision.be\/professional\/fr\/#website\",\"url\":\"https:\/\/simovision.be\/professional\/fr\/\",\"name\":\"Simovision - Professional\",\"description\":\"\",\"publisher\":{\"@id\":\"https:\/\/simovision.be\/professional\/fr\/#organization\"},\"potentialAction\":[{\"@type\":\"SearchAction\",\"target\":{\"@type\":\"EntryPoint\",\"urlTemplate\":\"https:\/\/simovision.be\/professional\/fr\/?s={search_term_string}\"},\"query-input\":{\"@type\":\"PropertyValueSpecification\",\"valueRequired\":true,\"valueName\":\"search_term_string\"}}],\"inLanguage\":\"fr-FR\"},{\"@type\":\"Organization\",\"@id\":\"https:\/\/simovision.be\/professional\/fr\/#organization\",\"name\":\"Simovision\",\"url\":\"https:\/\/simovision.be\/professional\/fr\/\",\"logo\":{\"@type\":\"ImageObject\",\"inLanguage\":\"fr-FR\",\"@id\":\"https:\/\/simovision.be\/professional\/fr\/#\/schema\/logo\/image\/\",\"url\":\"https:\/\/simovision.be\/professional\/wp-content\/uploads\/sites\/2\/2025\/06\/Logo_Simovision_Hilco_Vision_Pantone_7700C-kopie.webp\",\"contentUrl\":\"https:\/\/simovision.be\/professional\/wp-content\/uploads\/sites\/2\/2025\/06\/Logo_Simovision_Hilco_Vision_Pantone_7700C-kopie.webp\",\"width\":2000,\"height\":1021,\"caption\":\"Simovision\"},\"image\":{\"@id\":\"https:\/\/simovision.be\/professional\/fr\/#\/schema\/logo\/image\/\"},\"sameAs\":[\"https:\/\/www.linkedin.com\/company\/simovision\"]}]}<\/script>\n<!-- \/ Yoast SEO plugin. -->","yoast_head_json":{"title":"OCULUS Myopia Master - Simovision - Professional","robots":{"index":"index","follow":"follow","max-snippet":"max-snippet:-1","max-image-preview":"max-image-preview:large","max-video-preview":"max-video-preview:-1"},"canonical":"https:\/\/simovision.be\/professional\/fr\/produit\/oculus-myopia-master\/","og_locale":"fr_FR","og_type":"article","og_title":"OCULUS Myopia Master - Simovision - Professional","og_description":"Gestion de la progression de la myopie avec le Myopia Master\u00ae C\u2019est simple, complet et \u00ab user friendly \u00bb! Le OCULUS Myopia Master\u00ae r\u00e9alise des mesures rapides des param\u00e8tres les plus importants li\u00e9s au d\u00e9veloppement de la myopie. Le processus de mesure prend moins de 2 minutes et le test est absolument sans contact. Les donn\u00e9es du patient sont compar\u00e9es avec des courbes de croissance d\u00e9pendant de l'ethnie et du sexe de plus de 20.000 yeux gr\u00e2ce \u00e0 des algorithmes d\u00e9velopp\u00e9s par le BHVI* Institute.","og_url":"https:\/\/simovision.be\/professional\/fr\/produit\/oculus-myopia-master\/","og_site_name":"Simovision - Professional","article_modified_time":"2025-09-22T10:09:36+00:00","og_image":[{"width":1000,"height":666,"url":"https:\/\/simovision.be\/professional\/wp-content\/uploads\/sites\/2\/2025\/03\/00-OCULUS-Myopia-Master.webp","type":"image\/webp"}],"twitter_card":"summary_large_image","twitter_misc":{"Dur\u00e9e de lecture estim\u00e9e":"2 minutes"},"schema":{"@context":"https:\/\/schema.org","@graph":[{"@type":"WebPage","@id":"https:\/\/simovision.be\/professional\/fr\/produit\/oculus-myopia-master\/","url":"https:\/\/simovision.be\/professional\/fr\/produit\/oculus-myopia-master\/","name":"OCULUS Myopia Master - Simovision - Professional","isPartOf":{"@id":"https:\/\/simovision.be\/professional\/fr\/#website"},"primaryImageOfPage":{"@id":"https:\/\/simovision.be\/professional\/fr\/produit\/oculus-myopia-master\/#primaryimage"},"image":{"@id":"https:\/\/simovision.be\/professional\/fr\/produit\/oculus-myopia-master\/#primaryimage"},"thumbnailUrl":"https:\/\/simovision.be\/professional\/wp-content\/uploads\/sites\/2\/2025\/03\/00-OCULUS-Myopia-Master.webp","datePublished":"2025-03-22T09:06:56+00:00","dateModified":"2025-09-22T10:09:36+00:00","breadcrumb":{"@id":"https:\/\/simovision.be\/professional\/fr\/produit\/oculus-myopia-master\/#breadcrumb"},"inLanguage":"fr-FR","potentialAction":[{"@type":"ReadAction","target":["https:\/\/simovision.be\/professional\/fr\/produit\/oculus-myopia-master\/"]}]},{"@type":"ImageObject","inLanguage":"fr-FR","@id":"https:\/\/simovision.be\/professional\/fr\/produit\/oculus-myopia-master\/#primaryimage","url":"https:\/\/simovision.be\/professional\/wp-content\/uploads\/sites\/2\/2025\/03\/00-OCULUS-Myopia-Master.webp","contentUrl":"https:\/\/simovision.be\/professional\/wp-content\/uploads\/sites\/2\/2025\/03\/00-OCULUS-Myopia-Master.webp","width":1000,"height":666},{"@type":"BreadcrumbList","@id":"https:\/\/simovision.be\/professional\/fr\/produit\/oculus-myopia-master\/#breadcrumb","itemListElement":[{"@type":"ListItem","position":1,"name":"Home","item":"https:\/\/simovision.be\/professional\/fr\/"},{"@type":"ListItem","position":2,"name":"Boutique","item":"https:\/\/simovision.be\/professional\/winkel\/"},{"@type":"ListItem","position":3,"name":"OCULUS Myopia Master"}]},{"@type":"WebSite","@id":"https:\/\/simovision.be\/professional\/fr\/#website","url":"https:\/\/simovision.be\/professional\/fr\/","name":"Simovision - Professional","description":"","publisher":{"@id":"https:\/\/simovision.be\/professional\/fr\/#organization"},"potentialAction":[{"@type":"SearchAction","target":{"@type":"EntryPoint","urlTemplate":"https:\/\/simovision.be\/professional\/fr\/?s={search_term_string}"},"query-input":{"@type":"PropertyValueSpecification","valueRequired":true,"valueName":"search_term_string"}}],"inLanguage":"fr-FR"},{"@type":"Organization","@id":"https:\/\/simovision.be\/professional\/fr\/#organization","name":"Simovision","url":"https:\/\/simovision.be\/professional\/fr\/","logo":{"@type":"ImageObject","inLanguage":"fr-FR","@id":"https:\/\/simovision.be\/professional\/fr\/#\/schema\/logo\/image\/","url":"https:\/\/simovision.be\/professional\/wp-content\/uploads\/sites\/2\/2025\/06\/Logo_Simovision_Hilco_Vision_Pantone_7700C-kopie.webp","contentUrl":"https:\/\/simovision.be\/professional\/wp-content\/uploads\/sites\/2\/2025\/06\/Logo_Simovision_Hilco_Vision_Pantone_7700C-kopie.webp","width":2000,"height":1021,"caption":"Simovision"},"image":{"@id":"https:\/\/simovision.be\/professional\/fr\/#\/schema\/logo\/image\/"},"sameAs":["https:\/\/www.linkedin.com\/company\/simovision"]}]}},"_links":{"self":[{"href":"https:\/\/simovision.be\/professional\/fr\/wp-json\/wp\/v2\/product\/2813","targetHints":{"allow":["GET"]}}],"collection":[{"href":"https:\/\/simovision.be\/professional\/fr\/wp-json\/wp\/v2\/product"}],"about":[{"href":"https:\/\/simovision.be\/professional\/fr\/wp-json\/wp\/v2\/types\/product"}],"wp:featuredmedia":[{"embeddable":true,"href":"https:\/\/simovision.be\/professional\/fr\/wp-json\/wp\/v2\/media\/3847"}],"wp:attachment":[{"href":"https:\/\/simovision.be\/professional\/fr\/wp-json\/wp\/v2\/media?parent=2813"}],"wp:term":[{"taxonomy":"product_brand","embeddable":true,"href":"https:\/\/simovision.be\/professional\/fr\/wp-json\/wp\/v2\/product_brand?post=2813"},{"taxonomy":"product_cat","embeddable":true,"href":"https:\/\/simovision.be\/professional\/fr\/wp-json\/wp\/v2\/product_cat?post=2813"},{"taxonomy":"product_tag","embeddable":true,"href":"https:\/\/simovision.be\/professional\/fr\/wp-json\/wp\/v2\/product_tag?post=2813"}],"curies":[{"name":"wp","href":"https:\/\/api.w.org\/{rel}","templated":true}]}}