{"id":2810,"date":"2025-03-22T10:22:42","date_gmt":"2025-03-22T09:22:42","guid":{"rendered":"https:\/\/simovision.be\/professional\/product\/oculus-pentacam\/"},"modified":"2025-09-22T12:09:34","modified_gmt":"2025-09-22T10:09:34","slug":"oculus-pentacam","status":"publish","type":"product","link":"https:\/\/simovision.be\/professional\/fr\/produit\/oculus-pentacam\/","title":{"rendered":"OCULUS Pentacam"},"content":{"rendered":"<p><img loading=\"lazy\" decoding=\"async\" class=\"alignnone wp-image-615 size-full\" style=\"font-style: inherit\" src=\"https:\/\/simovision.be\/professional\/wp-content\/uploads\/sites\/2\/2025\/03\/Schermafbeelding-2024-01-26-103644.png\" alt=\"\" width=\"598\" height=\"267\" srcset=\"https:\/\/simovision.be\/professional\/wp-content\/uploads\/sites\/2\/2025\/03\/Schermafbeelding-2024-01-26-103644.png 598w, https:\/\/simovision.be\/professional\/wp-content\/uploads\/sites\/2\/2025\/03\/Schermafbeelding-2024-01-26-103644-64x29.png 64w, https:\/\/simovision.be\/professional\/wp-content\/uploads\/sites\/2\/2025\/03\/Schermafbeelding-2024-01-26-103644-300x134.png 300w\" sizes=\"auto, (max-width: 598px) 100vw, 598px\" \/><\/p>\n<h3 style=\"text-align: left\"><strong>Examens pr\u00e9liminaires et de suivi efficaces<\/strong><\/h3>\n<p style=\"text-align: left\">En une seule \u00e9tape, l&rsquo;OCULUS Pentacam<sup>\u00ae<\/sup> mesure<strong> l&rsquo;ensemble du segment<\/strong> ant\u00e9rieur de l&rsquo;\u0153il, ind\u00e9pendamment du film lacrymal. \u00c0 partir des <strong>images Scheimpflug <\/strong><strong>haute r\u00e9solution<\/strong>, il calcule un <strong>mod\u00e8le 3D corrig\u00e9 des mouvements<\/strong>.<\/p>\n<h4 style=\"text-align: left\">Analyse compl\u00e8te<\/h4>\n<p>Avec une k\u00e9ratom\u00e9trie pr\u00e9cise, condition pr\u00e9alable pour le calcul des IOL, la d\u00e9tection d&rsquo;ectasies et d&rsquo;irr\u00e9gularit\u00e9s de la corn\u00e9e par le front d\u2019ondes, le OCULUS Pentacam<sup>\u00ae<\/sup> fournit une analyse totale ant\u00e9rieure et post\u00e9rieure de la corn\u00e9e (pachym\u00e9trie, \u00e9l\u00e9vation et courbure).<\/p>\n<p style=\"text-align: left\"><img loading=\"lazy\" decoding=\"async\" class=\"alignnone size-medium wp-image-614\" src=\"https:\/\/simovision.be\/professional\/wp-content\/uploads\/sites\/2\/2025\/03\/Schermafbeelding-2024-01-26-103627-300x178.png\" alt=\"\" width=\"300\" height=\"178\" srcset=\"https:\/\/simovision.be\/professional\/wp-content\/uploads\/sites\/2\/2025\/03\/Schermafbeelding-2024-01-26-103627-300x178.png 300w, https:\/\/simovision.be\/professional\/wp-content\/uploads\/sites\/2\/2025\/03\/Schermafbeelding-2024-01-26-103627-900x534.png 900w, https:\/\/simovision.be\/professional\/wp-content\/uploads\/sites\/2\/2025\/03\/Schermafbeelding-2024-01-26-103627-64x38.png 64w, https:\/\/simovision.be\/professional\/wp-content\/uploads\/sites\/2\/2025\/03\/Schermafbeelding-2024-01-26-103627-1024x608.png 1024w, https:\/\/simovision.be\/professional\/wp-content\/uploads\/sites\/2\/2025\/03\/Schermafbeelding-2024-01-26-103627-768x456.png 768w, https:\/\/simovision.be\/professional\/wp-content\/uploads\/sites\/2\/2025\/03\/Schermafbeelding-2024-01-26-103627.png 1075w\" sizes=\"auto, (max-width: 300px) 100vw, 300px\" \/><\/p>\n<h4 style=\"text-align: left\">Des d\u00e9pistages scientifiquement fiables<\/h4>\n<p style=\"text-align: left\">Pour effectuer un <strong>d\u00e9pistage rapide et fiable du glaucome<\/strong>, l&rsquo;OCULUS Pentacam<sup>\u00ae<\/sup> d\u00e9termine automatiquement le <strong>volume<\/strong>, <strong>l&rsquo;angle <\/strong>et la <strong>profondeur <\/strong>de la <strong>chambre ant\u00e9rieure<\/strong> et compare ensuite les valeurs dans le rapport de d\u00e9pistage rapide avec une population <strong>normale <\/strong>et <strong>pathologique<\/strong>.<\/p>\n<h3 style=\"text-align: left\"><strong>Des valeurs fiables pour vos diagnostics<\/strong><\/h3>\n<p style=\"text-align: left\">Gr\u00e2ce \u00e0 la lumi\u00e8re bleue, l&rsquo;OCULUS Pentacam<sup>\u00ae<\/sup> rend visible les <strong>opacit\u00e9s <\/strong>de la <strong>corn\u00e9e<\/strong>, du <strong>cristallin <\/strong>et des <strong>LIO <\/strong>afin de d\u00e9tecter de mani\u00e8re fiable les maladies de la corn\u00e9e et la cataracte et <strong>d&rsquo;\u00e9valuer <\/strong>objectivement la <strong>progression <\/strong>de la cataracte.<\/p>\n<p style=\"text-align: left\">Le Pentacam<sup>\u00ae<\/sup> HR se distingue par son <strong>optique lumineuse<\/strong>, qui permet d&rsquo;obtenir des <strong>images de Scheimpflug<\/strong> extr\u00eamement nettes et de la <strong>plus haute qualit\u00e9<\/strong>.<\/p>\n<p>D\u00e9couvrez aussi <a href=\"https:\/\/simovision.be\/professional\/fr\/produit\/oculus-pentacam-hr\/\"><strong>OCULUS Pentacam<sup>\u00ae<\/sup> HR<\/strong><\/a>.<\/p>\n","protected":false},"excerpt":{"rendered":"<p><img loading=\"lazy\" decoding=\"async\" src=\"https:\/\/simovision.be\/professional\/wp-content\/uploads\/sites\/2\/2025\/06\/Logo_Oculus_teaser.png\" alt=\"\" width=\"48\" height=\"40\" class=\"alignnone size-full wp-image-4990\" \/><\/p>\n<h3 style=\"text-align: left\"><strong>L\u2019indispensable pour votre pratique quotidienne<\/strong><\/h3>\n<p style=\"text-align: left\">Une <strong>analyse compl\u00e8te<\/strong> du <strong>segment ant\u00e9rieur<\/strong> r\u00e9alis\u00e9e en <strong>deux secondes<\/strong>. Cette analyse compl\u00e8te vous donne \u00e9galement:<\/p>\n<ul>\n<li style=\"text-align: left\">un screening glaucome<\/li>\n<li style=\"text-align: left\">un screening pre et post op<\/li>\n<li style=\"text-align: left\">une d\u00e9tection pr\u00e9coce du k\u00e9ratocone<\/li>\n<li style=\"text-align: left\">et un screening r\u00e9fractif.<\/li>\n<\/ul>\n","protected":false},"featured_media":3845,"template":"","meta":{"_acf_changed":false,"content-type":"","site-sidebar-layout":"default","site-content-layout":"","ast-site-content-layout":"default","site-content-style":"default","site-sidebar-style":"default","ast-global-header-display":"","ast-banner-title-visibility":"","ast-main-header-display":"","ast-hfb-above-header-display":"","ast-hfb-below-header-display":"","ast-hfb-mobile-header-display":"","site-post-title":"","ast-breadcrumbs-content":"","ast-featured-img":"","footer-sml-layout":"","theme-transparent-header-meta":"default","adv-header-id-meta":"","stick-header-meta":"default","header-above-stick-meta":"","header-main-stick-meta":"","header-below-stick-meta":"","astra-migrate-meta-layouts":"set","ast-page-background-enabled":"default","ast-page-background-meta":{"desktop":{"background-color":"var(--ast-global-color-4)","background-image":"","background-repeat":"repeat","background-position":"center center","background-size":"auto","background-attachment":"scroll","background-type":"","background-media":"","overlay-type":"","overlay-color":"","overlay-opacity":"","overlay-gradient":""},"tablet":{"background-color":"","background-image":"","background-repeat":"repeat","background-position":"center center","background-size":"auto","background-attachment":"scroll","background-type":"","background-media":"","overlay-type":"","overlay-color":"","overlay-opacity":"","overlay-gradient":""},"mobile":{"background-color":"","background-image":"","background-repeat":"repeat","background-position":"center center","background-size":"auto","background-attachment":"scroll","background-type":"","background-media":"","overlay-type":"","overlay-color":"","overlay-opacity":"","overlay-gradient":""}},"ast-content-background-meta":{"desktop":{"background-color":"var(--ast-global-color-5)","background-image":"","background-repeat":"repeat","background-position":"center center","background-size":"auto","background-attachment":"scroll","background-type":"","background-media":"","overlay-type":"","overlay-color":"","overlay-opacity":"","overlay-gradient":""},"tablet":{"background-color":"var(--ast-global-color-5)","background-image":"","background-repeat":"repeat","background-position":"center center","background-size":"auto","background-attachment":"scroll","background-type":"","background-media":"","overlay-type":"","overlay-color":"","overlay-opacity":"","overlay-gradient":""},"mobile":{"background-color":"var(--ast-global-color-5)","background-image":"","background-repeat":"repeat","background-position":"center center","background-size":"auto","background-attachment":"scroll","background-type":"","background-media":"","overlay-type":"","overlay-color":"","overlay-opacity":"","overlay-gradient":""}}},"product_brand":[],"product_cat":[128],"product_tag":[],"class_list":{"0":"post-2810","1":"product","2":"type-product","3":"status-publish","4":"has-post-thumbnail","6":"product_cat-segment-anterieur-tomographe-et-topographe","7":"desktop-align-left","8":"tablet-align-left","9":"mobile-align-left","10":"ast-product-gallery-layout-first-image-large","11":"ast-product-tabs-layout-horizontal","13":"first","14":"instock","15":"shipping-taxable","16":"product-type-simple"},"acf":[],"yoast_head":"<!-- This site is optimized with the Yoast SEO plugin v26.3 - https:\/\/yoast.com\/wordpress\/plugins\/seo\/ -->\n<title>OCULUS Pentacam - Simovision - Professional<\/title>\n<meta name=\"robots\" content=\"index, follow, max-snippet:-1, max-image-preview:large, max-video-preview:-1\" \/>\n<link rel=\"canonical\" href=\"https:\/\/simovision.be\/professional\/fr\/produit\/oculus-pentacam\/\" \/>\n<meta property=\"og:locale\" content=\"fr_FR\" \/>\n<meta property=\"og:type\" content=\"article\" \/>\n<meta property=\"og:title\" content=\"OCULUS Pentacam - Simovision - Professional\" \/>\n<meta property=\"og:description\" content=\"L\u2019indispensable pour votre pratique quotidienne Une analyse compl\u00e8te du segment ant\u00e9rieur r\u00e9alis\u00e9e en deux secondes. Cette analyse compl\u00e8te vous donne \u00e9galement:    un screening glaucome  un screening pre et post op  une d\u00e9tection pr\u00e9coce du k\u00e9ratocone  et un screening r\u00e9fractif.\" \/>\n<meta property=\"og:url\" content=\"https:\/\/simovision.be\/professional\/fr\/produit\/oculus-pentacam\/\" \/>\n<meta property=\"og:site_name\" content=\"Simovision - Professional\" \/>\n<meta property=\"article:modified_time\" content=\"2025-09-22T10:09:34+00:00\" \/>\n<meta property=\"og:image\" content=\"https:\/\/simovision.be\/professional\/wp-content\/uploads\/sites\/2\/2025\/03\/00-OCULUS-Pentacam.webp\" \/>\n\t<meta property=\"og:image:width\" content=\"1000\" \/>\n\t<meta property=\"og:image:height\" content=\"666\" \/>\n\t<meta property=\"og:image:type\" content=\"image\/webp\" \/>\n<meta name=\"twitter:card\" content=\"summary_large_image\" \/>\n<meta name=\"twitter:label1\" content=\"Dur\u00e9e de lecture estim\u00e9e\" \/>\n\t<meta name=\"twitter:data1\" content=\"2 minutes\" \/>\n<script type=\"application\/ld+json\" class=\"yoast-schema-graph\">{\"@context\":\"https:\/\/schema.org\",\"@graph\":[{\"@type\":\"WebPage\",\"@id\":\"https:\/\/simovision.be\/professional\/fr\/produit\/oculus-pentacam\/\",\"url\":\"https:\/\/simovision.be\/professional\/fr\/produit\/oculus-pentacam\/\",\"name\":\"OCULUS Pentacam - Simovision - Professional\",\"isPartOf\":{\"@id\":\"https:\/\/simovision.be\/professional\/fr\/#website\"},\"primaryImageOfPage\":{\"@id\":\"https:\/\/simovision.be\/professional\/fr\/produit\/oculus-pentacam\/#primaryimage\"},\"image\":{\"@id\":\"https:\/\/simovision.be\/professional\/fr\/produit\/oculus-pentacam\/#primaryimage\"},\"thumbnailUrl\":\"https:\/\/simovision.be\/professional\/wp-content\/uploads\/sites\/2\/2025\/03\/00-OCULUS-Pentacam.webp\",\"datePublished\":\"2025-03-22T09:22:42+00:00\",\"dateModified\":\"2025-09-22T10:09:34+00:00\",\"breadcrumb\":{\"@id\":\"https:\/\/simovision.be\/professional\/fr\/produit\/oculus-pentacam\/#breadcrumb\"},\"inLanguage\":\"fr-FR\",\"potentialAction\":[{\"@type\":\"ReadAction\",\"target\":[\"https:\/\/simovision.be\/professional\/fr\/produit\/oculus-pentacam\/\"]}]},{\"@type\":\"ImageObject\",\"inLanguage\":\"fr-FR\",\"@id\":\"https:\/\/simovision.be\/professional\/fr\/produit\/oculus-pentacam\/#primaryimage\",\"url\":\"https:\/\/simovision.be\/professional\/wp-content\/uploads\/sites\/2\/2025\/03\/00-OCULUS-Pentacam.webp\",\"contentUrl\":\"https:\/\/simovision.be\/professional\/wp-content\/uploads\/sites\/2\/2025\/03\/00-OCULUS-Pentacam.webp\",\"width\":1000,\"height\":666},{\"@type\":\"BreadcrumbList\",\"@id\":\"https:\/\/simovision.be\/professional\/fr\/produit\/oculus-pentacam\/#breadcrumb\",\"itemListElement\":[{\"@type\":\"ListItem\",\"position\":1,\"name\":\"Home\",\"item\":\"https:\/\/simovision.be\/professional\/fr\/\"},{\"@type\":\"ListItem\",\"position\":2,\"name\":\"Boutique\",\"item\":\"https:\/\/simovision.be\/professional\/winkel\/\"},{\"@type\":\"ListItem\",\"position\":3,\"name\":\"OCULUS Pentacam\"}]},{\"@type\":\"WebSite\",\"@id\":\"https:\/\/simovision.be\/professional\/fr\/#website\",\"url\":\"https:\/\/simovision.be\/professional\/fr\/\",\"name\":\"Simovision - Professional\",\"description\":\"\",\"publisher\":{\"@id\":\"https:\/\/simovision.be\/professional\/fr\/#organization\"},\"potentialAction\":[{\"@type\":\"SearchAction\",\"target\":{\"@type\":\"EntryPoint\",\"urlTemplate\":\"https:\/\/simovision.be\/professional\/fr\/?s={search_term_string}\"},\"query-input\":{\"@type\":\"PropertyValueSpecification\",\"valueRequired\":true,\"valueName\":\"search_term_string\"}}],\"inLanguage\":\"fr-FR\"},{\"@type\":\"Organization\",\"@id\":\"https:\/\/simovision.be\/professional\/fr\/#organization\",\"name\":\"Simovision\",\"url\":\"https:\/\/simovision.be\/professional\/fr\/\",\"logo\":{\"@type\":\"ImageObject\",\"inLanguage\":\"fr-FR\",\"@id\":\"https:\/\/simovision.be\/professional\/fr\/#\/schema\/logo\/image\/\",\"url\":\"https:\/\/simovision.be\/professional\/wp-content\/uploads\/sites\/2\/2025\/06\/Logo_Simovision_Hilco_Vision_Pantone_7700C-kopie.webp\",\"contentUrl\":\"https:\/\/simovision.be\/professional\/wp-content\/uploads\/sites\/2\/2025\/06\/Logo_Simovision_Hilco_Vision_Pantone_7700C-kopie.webp\",\"width\":2000,\"height\":1021,\"caption\":\"Simovision\"},\"image\":{\"@id\":\"https:\/\/simovision.be\/professional\/fr\/#\/schema\/logo\/image\/\"},\"sameAs\":[\"https:\/\/www.linkedin.com\/company\/simovision\"]}]}<\/script>\n<!-- \/ Yoast SEO plugin. -->","yoast_head_json":{"title":"OCULUS Pentacam - Simovision - Professional","robots":{"index":"index","follow":"follow","max-snippet":"max-snippet:-1","max-image-preview":"max-image-preview:large","max-video-preview":"max-video-preview:-1"},"canonical":"https:\/\/simovision.be\/professional\/fr\/produit\/oculus-pentacam\/","og_locale":"fr_FR","og_type":"article","og_title":"OCULUS Pentacam - Simovision - Professional","og_description":"L\u2019indispensable pour votre pratique quotidienne Une analyse compl\u00e8te du segment ant\u00e9rieur r\u00e9alis\u00e9e en deux secondes. Cette analyse compl\u00e8te vous donne \u00e9galement:    un screening glaucome  un screening pre et post op  une d\u00e9tection pr\u00e9coce du k\u00e9ratocone  et un screening r\u00e9fractif.","og_url":"https:\/\/simovision.be\/professional\/fr\/produit\/oculus-pentacam\/","og_site_name":"Simovision - Professional","article_modified_time":"2025-09-22T10:09:34+00:00","og_image":[{"width":1000,"height":666,"url":"https:\/\/simovision.be\/professional\/wp-content\/uploads\/sites\/2\/2025\/03\/00-OCULUS-Pentacam.webp","type":"image\/webp"}],"twitter_card":"summary_large_image","twitter_misc":{"Dur\u00e9e de lecture estim\u00e9e":"2 minutes"},"schema":{"@context":"https:\/\/schema.org","@graph":[{"@type":"WebPage","@id":"https:\/\/simovision.be\/professional\/fr\/produit\/oculus-pentacam\/","url":"https:\/\/simovision.be\/professional\/fr\/produit\/oculus-pentacam\/","name":"OCULUS Pentacam - Simovision - Professional","isPartOf":{"@id":"https:\/\/simovision.be\/professional\/fr\/#website"},"primaryImageOfPage":{"@id":"https:\/\/simovision.be\/professional\/fr\/produit\/oculus-pentacam\/#primaryimage"},"image":{"@id":"https:\/\/simovision.be\/professional\/fr\/produit\/oculus-pentacam\/#primaryimage"},"thumbnailUrl":"https:\/\/simovision.be\/professional\/wp-content\/uploads\/sites\/2\/2025\/03\/00-OCULUS-Pentacam.webp","datePublished":"2025-03-22T09:22:42+00:00","dateModified":"2025-09-22T10:09:34+00:00","breadcrumb":{"@id":"https:\/\/simovision.be\/professional\/fr\/produit\/oculus-pentacam\/#breadcrumb"},"inLanguage":"fr-FR","potentialAction":[{"@type":"ReadAction","target":["https:\/\/simovision.be\/professional\/fr\/produit\/oculus-pentacam\/"]}]},{"@type":"ImageObject","inLanguage":"fr-FR","@id":"https:\/\/simovision.be\/professional\/fr\/produit\/oculus-pentacam\/#primaryimage","url":"https:\/\/simovision.be\/professional\/wp-content\/uploads\/sites\/2\/2025\/03\/00-OCULUS-Pentacam.webp","contentUrl":"https:\/\/simovision.be\/professional\/wp-content\/uploads\/sites\/2\/2025\/03\/00-OCULUS-Pentacam.webp","width":1000,"height":666},{"@type":"BreadcrumbList","@id":"https:\/\/simovision.be\/professional\/fr\/produit\/oculus-pentacam\/#breadcrumb","itemListElement":[{"@type":"ListItem","position":1,"name":"Home","item":"https:\/\/simovision.be\/professional\/fr\/"},{"@type":"ListItem","position":2,"name":"Boutique","item":"https:\/\/simovision.be\/professional\/winkel\/"},{"@type":"ListItem","position":3,"name":"OCULUS Pentacam"}]},{"@type":"WebSite","@id":"https:\/\/simovision.be\/professional\/fr\/#website","url":"https:\/\/simovision.be\/professional\/fr\/","name":"Simovision - Professional","description":"","publisher":{"@id":"https:\/\/simovision.be\/professional\/fr\/#organization"},"potentialAction":[{"@type":"SearchAction","target":{"@type":"EntryPoint","urlTemplate":"https:\/\/simovision.be\/professional\/fr\/?s={search_term_string}"},"query-input":{"@type":"PropertyValueSpecification","valueRequired":true,"valueName":"search_term_string"}}],"inLanguage":"fr-FR"},{"@type":"Organization","@id":"https:\/\/simovision.be\/professional\/fr\/#organization","name":"Simovision","url":"https:\/\/simovision.be\/professional\/fr\/","logo":{"@type":"ImageObject","inLanguage":"fr-FR","@id":"https:\/\/simovision.be\/professional\/fr\/#\/schema\/logo\/image\/","url":"https:\/\/simovision.be\/professional\/wp-content\/uploads\/sites\/2\/2025\/06\/Logo_Simovision_Hilco_Vision_Pantone_7700C-kopie.webp","contentUrl":"https:\/\/simovision.be\/professional\/wp-content\/uploads\/sites\/2\/2025\/06\/Logo_Simovision_Hilco_Vision_Pantone_7700C-kopie.webp","width":2000,"height":1021,"caption":"Simovision"},"image":{"@id":"https:\/\/simovision.be\/professional\/fr\/#\/schema\/logo\/image\/"},"sameAs":["https:\/\/www.linkedin.com\/company\/simovision"]}]}},"_links":{"self":[{"href":"https:\/\/simovision.be\/professional\/fr\/wp-json\/wp\/v2\/product\/2810","targetHints":{"allow":["GET"]}}],"collection":[{"href":"https:\/\/simovision.be\/professional\/fr\/wp-json\/wp\/v2\/product"}],"about":[{"href":"https:\/\/simovision.be\/professional\/fr\/wp-json\/wp\/v2\/types\/product"}],"wp:featuredmedia":[{"embeddable":true,"href":"https:\/\/simovision.be\/professional\/fr\/wp-json\/wp\/v2\/media\/3845"}],"wp:attachment":[{"href":"https:\/\/simovision.be\/professional\/fr\/wp-json\/wp\/v2\/media?parent=2810"}],"wp:term":[{"taxonomy":"product_brand","embeddable":true,"href":"https:\/\/simovision.be\/professional\/fr\/wp-json\/wp\/v2\/product_brand?post=2810"},{"taxonomy":"product_cat","embeddable":true,"href":"https:\/\/simovision.be\/professional\/fr\/wp-json\/wp\/v2\/product_cat?post=2810"},{"taxonomy":"product_tag","embeddable":true,"href":"https:\/\/simovision.be\/professional\/fr\/wp-json\/wp\/v2\/product_tag?post=2810"}],"curies":[{"name":"wp","href":"https:\/\/api.w.org\/{rel}","templated":true}]}}