{"id":2809,"date":"2025-03-22T10:34:31","date_gmt":"2025-03-22T09:34:31","guid":{"rendered":"https:\/\/simovision.be\/professional\/product\/oculus-pentacam-axl-wave\/"},"modified":"2025-09-22T12:09:30","modified_gmt":"2025-09-22T10:09:30","slug":"oculus-pentacam-axl-wave","status":"publish","type":"product","link":"https:\/\/simovision.be\/professional\/fr\/produit\/oculus-pentacam-axl-wave\/","title":{"rendered":"OCULUS Pentacam AXL Wave"},"content":{"rendered":"<h3 style=\"text-align: left\"><strong>OCULUS Pentacam<sup>\u00ae<\/sup> AXL Wave<\/strong><\/h3>\n<p><a href=\"https:\/\/simovision.be\/professional\/wp-content\/uploads\/sites\/2\/2025\/03\/oculus-pentacam-axl-wave.jpg\" target=\"_blank\" rel=\"noopener\"><img loading=\"lazy\" decoding=\"async\" class=\"alignnone wp-image-622\" src=\"https:\/\/simovision.be\/professional\/wp-content\/uploads\/sites\/2\/2025\/03\/oculus-pentacam-axl-wave.jpg\" alt=\"\" width=\"600\" height=\"338\" srcset=\"https:\/\/simovision.be\/professional\/wp-content\/uploads\/sites\/2\/2025\/03\/oculus-pentacam-axl-wave.jpg 1920w, https:\/\/simovision.be\/professional\/wp-content\/uploads\/sites\/2\/2025\/03\/oculus-pentacam-axl-wave-900x506.jpg 900w, https:\/\/simovision.be\/professional\/wp-content\/uploads\/sites\/2\/2025\/03\/oculus-pentacam-axl-wave-64x36.jpg 64w, https:\/\/simovision.be\/professional\/wp-content\/uploads\/sites\/2\/2025\/03\/oculus-pentacam-axl-wave-300x169.jpg 300w, https:\/\/simovision.be\/professional\/wp-content\/uploads\/sites\/2\/2025\/03\/oculus-pentacam-axl-wave-1024x576.jpg 1024w, https:\/\/simovision.be\/professional\/wp-content\/uploads\/sites\/2\/2025\/03\/oculus-pentacam-axl-wave-768x432.jpg 768w, https:\/\/simovision.be\/professional\/wp-content\/uploads\/sites\/2\/2025\/03\/oculus-pentacam-axl-wave-1536x864.jpg 1536w\" sizes=\"auto, (max-width: 600px) 100vw, 600px\" \/><\/a><\/p>\n<p>Le OCULUS Pentacam<sup>\u00ae<\/sup> AXL Wave analyse la qualit\u00e9 de la vision en faisiant une <strong>\u00e9valuation compl\u00e8te<\/strong> de la <strong>chambre ant\u00e9rieure<\/strong> et du <strong>cristallin<\/strong>.<\/p>\n<p style=\"text-align: left\"><a href=\"https:\/\/simovision.be\/professional\/wp-content\/uploads\/sites\/2\/2025\/03\/pentacam-axl-wave-5-combined-possibilities-02.png\" target=\"_blank\" rel=\"noopener\"><img loading=\"lazy\" decoding=\"async\" class=\"alignnone wp-image-623\" src=\"https:\/\/simovision.be\/professional\/wp-content\/uploads\/sites\/2\/2025\/03\/pentacam-axl-wave-5-combined-possibilities-02.png\" alt=\"\" width=\"600\" height=\"345\" srcset=\"https:\/\/simovision.be\/professional\/wp-content\/uploads\/sites\/2\/2025\/03\/pentacam-axl-wave-5-combined-possibilities-02.png 1168w, https:\/\/simovision.be\/professional\/wp-content\/uploads\/sites\/2\/2025\/03\/pentacam-axl-wave-5-combined-possibilities-02-900x518.png 900w, https:\/\/simovision.be\/professional\/wp-content\/uploads\/sites\/2\/2025\/03\/pentacam-axl-wave-5-combined-possibilities-02-64x37.png 64w, https:\/\/simovision.be\/professional\/wp-content\/uploads\/sites\/2\/2025\/03\/pentacam-axl-wave-5-combined-possibilities-02-300x173.png 300w, https:\/\/simovision.be\/professional\/wp-content\/uploads\/sites\/2\/2025\/03\/pentacam-axl-wave-5-combined-possibilities-02-1024x589.png 1024w, https:\/\/simovision.be\/professional\/wp-content\/uploads\/sites\/2\/2025\/03\/pentacam-axl-wave-5-combined-possibilities-02-768x442.png 768w\" sizes=\"auto, (max-width: 600px) 100vw, 600px\" \/><\/a><\/p>\n<h3 style=\"text-align: left\"><strong>Tomographie bas\u00e9e sur Scheimpflug<\/strong><\/h3>\n<p style=\"text-align: left\">La technologie OCULUS Pentacam<sup>\u00ae<\/sup> est la <strong>r\u00e9f\u00e9rence absolue<\/strong>, \u00e9prouv\u00e9e depuis de <strong>nombreuses ann\u00e9es<\/strong>. Elle mesure, affiche et analyse le <strong>segment ant\u00e9rieur<\/strong> de l\u2019\u0153il, <strong>sans contact<\/strong> et ind\u00e9pendamment du film lacrymal.<\/p>\n<h4 style=\"text-align: left\">R\u00e9fraction objective<\/h4>\n<p>Le<strong> param\u00e8tre le plus important<\/strong>, bas\u00e9 sur l\u2019aberrom\u00e9trie du front d\u2019onde \u2013 <strong>pr\u00e9 et post-op<\/strong>!<\/p>\n<h4 style=\"text-align: left\">Aberrom\u00e9trie du front d\u2019onde de l\u2019oeil<\/h4>\n<p>Les <strong>aberrations <\/strong>de bas et haut degr\u00e9 de<strong> l\u2019\u0153il entier<\/strong> sont mesur\u00e9es en utilisant la technologie <strong>Hartman-Shack<\/strong>. L\u2019aberrom\u00e9trie du front d\u2019onde corn\u00e9enne interne et totale est \u00e9galement affich\u00e9e pour une <strong>\u00e9valuation d\u00e9taill\u00e9e<\/strong> du <strong>cristallin <\/strong>ou de la <strong>lentille intraoculaire <\/strong>(LIO).<\/p>\n<h4 style=\"text-align: left\">Biom\u00e9trie optique<\/h4>\n<p><strong>Mesures de longueur axiale<\/strong> sans contact avec pr\u00e9cision \u00e9prouv\u00e9e.<\/p>\n<h4 style=\"text-align: left\">R\u00e9tro-illumination<\/h4>\n<p>Pour une<strong> \u00e9valuation pr\u00e9-op<\/strong> des opacit\u00e9s du <strong>cristallin <\/strong>et des <strong>contr\u00f4les post-op<\/strong> de la position de la LIO.<\/p>\n","protected":false},"excerpt":{"rendered":"<p><img loading=\"lazy\" decoding=\"async\" src=\"https:\/\/simovision.be\/professional\/wp-content\/uploads\/sites\/2\/2025\/06\/Logo_Oculus_teaser.png\" alt=\"\" width=\"48\" height=\"40\" class=\"alignnone size-full wp-image-4990\" \/><\/p>\n<h3 style=\"text-align: left\"><strong>5 Param\u00e8tres combin\u00e9s pour la premi\u00e8re fois<\/strong><\/h3>\n<p style=\"text-align: left\">La <strong>derni\u00e8re g\u00e9n\u00e9ration<\/strong>, le nouveau OCULUS <strong>Pentacam<sup>\u00ae<\/sup> AXL Wave<\/strong>, est un appareil unique qui combine:<\/p>\n<ul>\n<li style=\"text-align: left\">l\u2019imagerie <strong>Scheimpflug <\/strong>de haute r\u00e9solution<\/li>\n<li style=\"text-align: left\"><strong>la tomographie<\/strong><\/li>\n<li style=\"text-align: left\">la mesure de la longueur axiale<\/li>\n<li style=\"text-align: left\"><strong>l\u2019aberrometrie <\/strong>totale (corn\u00e9enne et interne)<\/li>\n<li style=\"text-align: left\">la <strong>r\u00e9fraction <\/strong>objective<\/li>\n<li style=\"text-align: left\">la r\u00e9tro-illumination.<\/li>\n<\/ul>\n","protected":false},"featured_media":3841,"template":"","meta":{"_acf_changed":false,"content-type":"","site-sidebar-layout":"default","site-content-layout":"","ast-site-content-layout":"default","site-content-style":"default","site-sidebar-style":"default","ast-global-header-display":"","ast-banner-title-visibility":"","ast-main-header-display":"","ast-hfb-above-header-display":"","ast-hfb-below-header-display":"","ast-hfb-mobile-header-display":"","site-post-title":"","ast-breadcrumbs-content":"","ast-featured-img":"","footer-sml-layout":"","theme-transparent-header-meta":"default","adv-header-id-meta":"","stick-header-meta":"default","header-above-stick-meta":"","header-main-stick-meta":"","header-below-stick-meta":"","astra-migrate-meta-layouts":"set","ast-page-background-enabled":"default","ast-page-background-meta":{"desktop":{"background-color":"var(--ast-global-color-4)","background-image":"","background-repeat":"repeat","background-position":"center center","background-size":"auto","background-attachment":"scroll","background-type":"","background-media":"","overlay-type":"","overlay-color":"","overlay-opacity":"","overlay-gradient":""},"tablet":{"background-color":"","background-image":"","background-repeat":"repeat","background-position":"center center","background-size":"auto","background-attachment":"scroll","background-type":"","background-media":"","overlay-type":"","overlay-color":"","overlay-opacity":"","overlay-gradient":""},"mobile":{"background-color":"","background-image":"","background-repeat":"repeat","background-position":"center center","background-size":"auto","background-attachment":"scroll","background-type":"","background-media":"","overlay-type":"","overlay-color":"","overlay-opacity":"","overlay-gradient":""}},"ast-content-background-meta":{"desktop":{"background-color":"var(--ast-global-color-5)","background-image":"","background-repeat":"repeat","background-position":"center center","background-size":"auto","background-attachment":"scroll","background-type":"","background-media":"","overlay-type":"","overlay-color":"","overlay-opacity":"","overlay-gradient":""},"tablet":{"background-color":"var(--ast-global-color-5)","background-image":"","background-repeat":"repeat","background-position":"center center","background-size":"auto","background-attachment":"scroll","background-type":"","background-media":"","overlay-type":"","overlay-color":"","overlay-opacity":"","overlay-gradient":""},"mobile":{"background-color":"var(--ast-global-color-5)","background-image":"","background-repeat":"repeat","background-position":"center center","background-size":"auto","background-attachment":"scroll","background-type":"","background-media":"","overlay-type":"","overlay-color":"","overlay-opacity":"","overlay-gradient":""}}},"product_brand":[],"product_cat":[130,127,128],"product_tag":[],"class_list":{"0":"post-2809","1":"product","2":"type-product","3":"status-publish","4":"has-post-thumbnail","6":"product_cat-biometre-pachymetre","7":"product_cat-gestion-de-la-myopie","8":"product_cat-segment-anterieur-tomographe-et-topographe","9":"desktop-align-left","10":"tablet-align-left","11":"mobile-align-left","12":"ast-product-gallery-layout-first-image-large","13":"ast-product-tabs-layout-horizontal","15":"first","16":"instock","17":"shipping-taxable","18":"product-type-simple"},"acf":[],"yoast_head":"<!-- This site is optimized with the Yoast SEO plugin v26.3 - https:\/\/yoast.com\/wordpress\/plugins\/seo\/ -->\n<title>OCULUS Pentacam AXL Wave - Simovision - Professional<\/title>\n<meta name=\"robots\" content=\"index, follow, max-snippet:-1, max-image-preview:large, max-video-preview:-1\" \/>\n<link rel=\"canonical\" href=\"https:\/\/simovision.be\/professional\/fr\/produit\/oculus-pentacam-axl-wave\/\" \/>\n<meta property=\"og:locale\" content=\"fr_FR\" \/>\n<meta property=\"og:type\" content=\"article\" \/>\n<meta property=\"og:title\" content=\"OCULUS Pentacam AXL Wave - Simovision - Professional\" \/>\n<meta property=\"og:description\" content=\"5 Param\u00e8tres combin\u00e9s pour la premi\u00e8re fois La derni\u00e8re g\u00e9n\u00e9ration, le nouveau OCULUS Pentacam\u00ae AXL Wave, est un appareil unique qui combine:    l\u2019imagerie Scheimpflug de haute r\u00e9solution  la tomographie  la mesure de la longueur axiale  l\u2019aberrometrie totale (corn\u00e9enne et interne)  la r\u00e9fraction objective  la r\u00e9tro-illumination.\" \/>\n<meta property=\"og:url\" content=\"https:\/\/simovision.be\/professional\/fr\/produit\/oculus-pentacam-axl-wave\/\" \/>\n<meta property=\"og:site_name\" content=\"Simovision - Professional\" \/>\n<meta property=\"article:modified_time\" content=\"2025-09-22T10:09:30+00:00\" \/>\n<meta property=\"og:image\" content=\"https:\/\/simovision.be\/professional\/wp-content\/uploads\/sites\/2\/2025\/03\/00-OCULUS-Pentacam-AXL-Wave.webp\" \/>\n\t<meta property=\"og:image:width\" content=\"1000\" \/>\n\t<meta property=\"og:image:height\" content=\"666\" \/>\n\t<meta property=\"og:image:type\" content=\"image\/webp\" \/>\n<meta name=\"twitter:card\" content=\"summary_large_image\" \/>\n<meta name=\"twitter:label1\" content=\"Dur\u00e9e de lecture estim\u00e9e\" \/>\n\t<meta name=\"twitter:data1\" content=\"2 minutes\" \/>\n<script type=\"application\/ld+json\" class=\"yoast-schema-graph\">{\"@context\":\"https:\/\/schema.org\",\"@graph\":[{\"@type\":\"WebPage\",\"@id\":\"https:\/\/simovision.be\/professional\/fr\/produit\/oculus-pentacam-axl-wave\/\",\"url\":\"https:\/\/simovision.be\/professional\/fr\/produit\/oculus-pentacam-axl-wave\/\",\"name\":\"OCULUS Pentacam AXL Wave - Simovision - Professional\",\"isPartOf\":{\"@id\":\"https:\/\/simovision.be\/professional\/fr\/#website\"},\"primaryImageOfPage\":{\"@id\":\"https:\/\/simovision.be\/professional\/fr\/produit\/oculus-pentacam-axl-wave\/#primaryimage\"},\"image\":{\"@id\":\"https:\/\/simovision.be\/professional\/fr\/produit\/oculus-pentacam-axl-wave\/#primaryimage\"},\"thumbnailUrl\":\"https:\/\/simovision.be\/professional\/wp-content\/uploads\/sites\/2\/2025\/03\/00-OCULUS-Pentacam-AXL-Wave.webp\",\"datePublished\":\"2025-03-22T09:34:31+00:00\",\"dateModified\":\"2025-09-22T10:09:30+00:00\",\"breadcrumb\":{\"@id\":\"https:\/\/simovision.be\/professional\/fr\/produit\/oculus-pentacam-axl-wave\/#breadcrumb\"},\"inLanguage\":\"fr-FR\",\"potentialAction\":[{\"@type\":\"ReadAction\",\"target\":[\"https:\/\/simovision.be\/professional\/fr\/produit\/oculus-pentacam-axl-wave\/\"]}]},{\"@type\":\"ImageObject\",\"inLanguage\":\"fr-FR\",\"@id\":\"https:\/\/simovision.be\/professional\/fr\/produit\/oculus-pentacam-axl-wave\/#primaryimage\",\"url\":\"https:\/\/simovision.be\/professional\/wp-content\/uploads\/sites\/2\/2025\/03\/00-OCULUS-Pentacam-AXL-Wave.webp\",\"contentUrl\":\"https:\/\/simovision.be\/professional\/wp-content\/uploads\/sites\/2\/2025\/03\/00-OCULUS-Pentacam-AXL-Wave.webp\",\"width\":1000,\"height\":666},{\"@type\":\"BreadcrumbList\",\"@id\":\"https:\/\/simovision.be\/professional\/fr\/produit\/oculus-pentacam-axl-wave\/#breadcrumb\",\"itemListElement\":[{\"@type\":\"ListItem\",\"position\":1,\"name\":\"Home\",\"item\":\"https:\/\/simovision.be\/professional\/fr\/\"},{\"@type\":\"ListItem\",\"position\":2,\"name\":\"Boutique\",\"item\":\"https:\/\/simovision.be\/professional\/winkel\/\"},{\"@type\":\"ListItem\",\"position\":3,\"name\":\"OCULUS Pentacam AXL Wave\"}]},{\"@type\":\"WebSite\",\"@id\":\"https:\/\/simovision.be\/professional\/fr\/#website\",\"url\":\"https:\/\/simovision.be\/professional\/fr\/\",\"name\":\"Simovision - Professional\",\"description\":\"\",\"publisher\":{\"@id\":\"https:\/\/simovision.be\/professional\/fr\/#organization\"},\"potentialAction\":[{\"@type\":\"SearchAction\",\"target\":{\"@type\":\"EntryPoint\",\"urlTemplate\":\"https:\/\/simovision.be\/professional\/fr\/?s={search_term_string}\"},\"query-input\":{\"@type\":\"PropertyValueSpecification\",\"valueRequired\":true,\"valueName\":\"search_term_string\"}}],\"inLanguage\":\"fr-FR\"},{\"@type\":\"Organization\",\"@id\":\"https:\/\/simovision.be\/professional\/fr\/#organization\",\"name\":\"Simovision\",\"url\":\"https:\/\/simovision.be\/professional\/fr\/\",\"logo\":{\"@type\":\"ImageObject\",\"inLanguage\":\"fr-FR\",\"@id\":\"https:\/\/simovision.be\/professional\/fr\/#\/schema\/logo\/image\/\",\"url\":\"https:\/\/simovision.be\/professional\/wp-content\/uploads\/sites\/2\/2025\/06\/Logo_Simovision_Hilco_Vision_Pantone_7700C-kopie.webp\",\"contentUrl\":\"https:\/\/simovision.be\/professional\/wp-content\/uploads\/sites\/2\/2025\/06\/Logo_Simovision_Hilco_Vision_Pantone_7700C-kopie.webp\",\"width\":2000,\"height\":1021,\"caption\":\"Simovision\"},\"image\":{\"@id\":\"https:\/\/simovision.be\/professional\/fr\/#\/schema\/logo\/image\/\"},\"sameAs\":[\"https:\/\/www.linkedin.com\/company\/simovision\"]}]}<\/script>\n<!-- \/ Yoast SEO plugin. -->","yoast_head_json":{"title":"OCULUS Pentacam AXL Wave - Simovision - Professional","robots":{"index":"index","follow":"follow","max-snippet":"max-snippet:-1","max-image-preview":"max-image-preview:large","max-video-preview":"max-video-preview:-1"},"canonical":"https:\/\/simovision.be\/professional\/fr\/produit\/oculus-pentacam-axl-wave\/","og_locale":"fr_FR","og_type":"article","og_title":"OCULUS Pentacam AXL Wave - Simovision - Professional","og_description":"5 Param\u00e8tres combin\u00e9s pour la premi\u00e8re fois La derni\u00e8re g\u00e9n\u00e9ration, le nouveau OCULUS Pentacam\u00ae AXL Wave, est un appareil unique qui combine:    l\u2019imagerie Scheimpflug de haute r\u00e9solution  la tomographie  la mesure de la longueur axiale  l\u2019aberrometrie totale (corn\u00e9enne et interne)  la r\u00e9fraction objective  la r\u00e9tro-illumination.","og_url":"https:\/\/simovision.be\/professional\/fr\/produit\/oculus-pentacam-axl-wave\/","og_site_name":"Simovision - Professional","article_modified_time":"2025-09-22T10:09:30+00:00","og_image":[{"width":1000,"height":666,"url":"https:\/\/simovision.be\/professional\/wp-content\/uploads\/sites\/2\/2025\/03\/00-OCULUS-Pentacam-AXL-Wave.webp","type":"image\/webp"}],"twitter_card":"summary_large_image","twitter_misc":{"Dur\u00e9e de lecture estim\u00e9e":"2 minutes"},"schema":{"@context":"https:\/\/schema.org","@graph":[{"@type":"WebPage","@id":"https:\/\/simovision.be\/professional\/fr\/produit\/oculus-pentacam-axl-wave\/","url":"https:\/\/simovision.be\/professional\/fr\/produit\/oculus-pentacam-axl-wave\/","name":"OCULUS Pentacam AXL Wave - Simovision - Professional","isPartOf":{"@id":"https:\/\/simovision.be\/professional\/fr\/#website"},"primaryImageOfPage":{"@id":"https:\/\/simovision.be\/professional\/fr\/produit\/oculus-pentacam-axl-wave\/#primaryimage"},"image":{"@id":"https:\/\/simovision.be\/professional\/fr\/produit\/oculus-pentacam-axl-wave\/#primaryimage"},"thumbnailUrl":"https:\/\/simovision.be\/professional\/wp-content\/uploads\/sites\/2\/2025\/03\/00-OCULUS-Pentacam-AXL-Wave.webp","datePublished":"2025-03-22T09:34:31+00:00","dateModified":"2025-09-22T10:09:30+00:00","breadcrumb":{"@id":"https:\/\/simovision.be\/professional\/fr\/produit\/oculus-pentacam-axl-wave\/#breadcrumb"},"inLanguage":"fr-FR","potentialAction":[{"@type":"ReadAction","target":["https:\/\/simovision.be\/professional\/fr\/produit\/oculus-pentacam-axl-wave\/"]}]},{"@type":"ImageObject","inLanguage":"fr-FR","@id":"https:\/\/simovision.be\/professional\/fr\/produit\/oculus-pentacam-axl-wave\/#primaryimage","url":"https:\/\/simovision.be\/professional\/wp-content\/uploads\/sites\/2\/2025\/03\/00-OCULUS-Pentacam-AXL-Wave.webp","contentUrl":"https:\/\/simovision.be\/professional\/wp-content\/uploads\/sites\/2\/2025\/03\/00-OCULUS-Pentacam-AXL-Wave.webp","width":1000,"height":666},{"@type":"BreadcrumbList","@id":"https:\/\/simovision.be\/professional\/fr\/produit\/oculus-pentacam-axl-wave\/#breadcrumb","itemListElement":[{"@type":"ListItem","position":1,"name":"Home","item":"https:\/\/simovision.be\/professional\/fr\/"},{"@type":"ListItem","position":2,"name":"Boutique","item":"https:\/\/simovision.be\/professional\/winkel\/"},{"@type":"ListItem","position":3,"name":"OCULUS Pentacam AXL Wave"}]},{"@type":"WebSite","@id":"https:\/\/simovision.be\/professional\/fr\/#website","url":"https:\/\/simovision.be\/professional\/fr\/","name":"Simovision - Professional","description":"","publisher":{"@id":"https:\/\/simovision.be\/professional\/fr\/#organization"},"potentialAction":[{"@type":"SearchAction","target":{"@type":"EntryPoint","urlTemplate":"https:\/\/simovision.be\/professional\/fr\/?s={search_term_string}"},"query-input":{"@type":"PropertyValueSpecification","valueRequired":true,"valueName":"search_term_string"}}],"inLanguage":"fr-FR"},{"@type":"Organization","@id":"https:\/\/simovision.be\/professional\/fr\/#organization","name":"Simovision","url":"https:\/\/simovision.be\/professional\/fr\/","logo":{"@type":"ImageObject","inLanguage":"fr-FR","@id":"https:\/\/simovision.be\/professional\/fr\/#\/schema\/logo\/image\/","url":"https:\/\/simovision.be\/professional\/wp-content\/uploads\/sites\/2\/2025\/06\/Logo_Simovision_Hilco_Vision_Pantone_7700C-kopie.webp","contentUrl":"https:\/\/simovision.be\/professional\/wp-content\/uploads\/sites\/2\/2025\/06\/Logo_Simovision_Hilco_Vision_Pantone_7700C-kopie.webp","width":2000,"height":1021,"caption":"Simovision"},"image":{"@id":"https:\/\/simovision.be\/professional\/fr\/#\/schema\/logo\/image\/"},"sameAs":["https:\/\/www.linkedin.com\/company\/simovision"]}]}},"_links":{"self":[{"href":"https:\/\/simovision.be\/professional\/fr\/wp-json\/wp\/v2\/product\/2809","targetHints":{"allow":["GET"]}}],"collection":[{"href":"https:\/\/simovision.be\/professional\/fr\/wp-json\/wp\/v2\/product"}],"about":[{"href":"https:\/\/simovision.be\/professional\/fr\/wp-json\/wp\/v2\/types\/product"}],"wp:featuredmedia":[{"embeddable":true,"href":"https:\/\/simovision.be\/professional\/fr\/wp-json\/wp\/v2\/media\/3841"}],"wp:attachment":[{"href":"https:\/\/simovision.be\/professional\/fr\/wp-json\/wp\/v2\/media?parent=2809"}],"wp:term":[{"taxonomy":"product_brand","embeddable":true,"href":"https:\/\/simovision.be\/professional\/fr\/wp-json\/wp\/v2\/product_brand?post=2809"},{"taxonomy":"product_cat","embeddable":true,"href":"https:\/\/simovision.be\/professional\/fr\/wp-json\/wp\/v2\/product_cat?post=2809"},{"taxonomy":"product_tag","embeddable":true,"href":"https:\/\/simovision.be\/professional\/fr\/wp-json\/wp\/v2\/product_tag?post=2809"}],"curies":[{"name":"wp","href":"https:\/\/api.w.org\/{rel}","templated":true}]}}