{"id":2808,"date":"2025-03-21T10:03:07","date_gmt":"2025-03-21T09:03:07","guid":{"rendered":"https:\/\/simovision.be\/professional\/product\/compact-touch\/"},"modified":"2025-09-22T12:09:43","modified_gmt":"2025-09-22T10:09:43","slug":"compact-touch","status":"publish","type":"product","link":"https:\/\/simovision.be\/professional\/fr\/produit\/compact-touch\/","title":{"rendered":"Compact Touch"},"content":{"rendered":"<h3><span style=\"font-size: 1.5em;font-weight: bold\">3 Valeurs ajout\u00e9es du Compact Touch<sup>\u00ae<\/sup><\/span><\/h3>\n<ul>\n<li>\n<h4>Une image de haute qualit\u00e9<\/h4>\n<\/li>\n<\/ul>\n<p style=\"padding-left: 40px\"><span style=\"font-size: 16px\">Compact Touch<sup>\u00ae<\/sup> est \u00e9quip\u00e9 d\u2019une nouvelle sonde de fr\u00e9quence 15MHz dot\u00e9e d\u2019une r\u00e9solution am\u00e9lior\u00e9e de plus de 30 %.  <\/span><strong style=\"font-size: 16px\">Un meilleur discernement des structures <\/strong>oculaires<span style=\"font-size: 16px\"> et de <\/span><strong style=\"font-size: 16px\">l\u2019orbite<\/strong><span style=\"font-size: 16px\"> facilite le diagnostic.<\/span><\/p>\n<ul>\n<li>\n<h4>Un \u00e9chographe connect\u00e9<\/h4>\n<\/li>\n<\/ul>\n<p style=\"padding-left: 40px\">Equip\u00e9 d\u2019une <strong>interface DICOM<\/strong>, le Compact Touch<span style=\"font-size: 16px\"><sup>\u00ae<\/sup><\/span> peut importer et exporter les images et rapports patients au <strong>PACS<\/strong>. L\u2019impression des rapports et images est \u00e9galement possible soit sur une imprimante DICOM, soit sur une imprimante locale. <\/p>\n<ul>\n<li>\n<h4>Un design \u00e9l\u00e9gant et versatile<\/h4>\n<\/li>\n<\/ul>\n<p style=\"padding-left: 40px\">Avec son design \u00e9l\u00e9gant, le Compact Touch<span style=\"font-size: 16px\"><sup>\u00ae<\/sup><\/span> s&rsquo;int\u00e8gre dans tous les environnements. Pour optimiser l&rsquo;ergonomie autour du patient, il est dot\u00e9 d&rsquo;un syst\u00e8me de <strong>montage VESA<\/strong> qui permet de le fixer : <\/p>\n<ul>\n<li style=\"list-style-type: none\">\n<ul>\n<li><span style=\"font-size: 16px\">soit sur un support mural<\/span><\/li>\n<li>soit sur une table<\/li>\n<li>soit sur un chariot mobile avec son bras articul\u00e9 (en option)<\/li>\n<\/ul>\n<\/li>\n<\/ul>\n<h3><strong>Points cl\u00e9s<\/strong><\/h3>\n<p>La sonde de 15MHz red\u00e9finie les standards de <strong>l\u2019imagerie en mode B<\/strong> en fournissant une image de haute qualit\u00e9, pour un diagnostic: <\/p>\n<ul>\n<li>plus rapide<\/li>\n<li>de meilleure qualit\u00e9<\/li>\n<\/ul>\n<p>L&rsquo;\u00e9chographe ultra-compact am\u00e9liore l\u2019environnement de travail des m\u00e9decins pour une <strong>exp\u00e9rience plus agr\u00e9able<\/strong>. Sa <strong>connectique <\/strong>facilitera le transfert de ses donn\u00e9es \u00e0 vos r\u00e9seaux: <\/p>\n<ul>\n<li>DICOM<\/li>\n<li>EMR<\/li>\n<li>Wifi<\/li>\n<\/ul>\n","protected":false},"excerpt":{"rendered":"<p><img loading=\"lazy\" decoding=\"async\" src=\"https:\/\/simovision.be\/professional\/wp-content\/uploads\/sites\/2\/2025\/06\/Logo_Quantel_Medical_tease.png\" alt=\"\" width=\"96\" height=\"40\" class=\"alignnone size-full wp-image-4986\" srcset=\"https:\/\/simovision.be\/professional\/wp-content\/uploads\/sites\/2\/2025\/06\/Logo_Quantel_Medical_tease.png 96w, https:\/\/simovision.be\/professional\/wp-content\/uploads\/sites\/2\/2025\/06\/Logo_Quantel_Medical_tease-64x27.png 64w\" sizes=\"auto, (max-width: 96px) 100vw, 96px\" \/><\/p>\n<h3><strong>L&rsquo;\u00e9chographe compact dans le design mais pr\u00e9cis dans le diagnostic<\/strong><\/h3>\n<p>Le Compact Touch<span style=\"font-size: 16px\"><sup>\u00ae<\/sup><\/span> propose les <strong>modes A\/B<\/strong>, ainsi que la <strong>pachym\u00e9trie<\/strong>. Il dispose d\u2019une nouvelle sonde de fr\u00e9quence 15 MHz dont la r\u00e9solution est <strong>am\u00e9lior\u00e9e de plus de 30%<\/strong>. <br \/>De petite taille, il s&rsquo;adapte \u00e0 tous types d&rsquo;environnement de travail, m\u00eame les plus petites salles d\u2019examen.  <\/p>\n","protected":false},"featured_media":3801,"template":"","meta":{"_acf_changed":false,"content-type":"","site-sidebar-layout":"default","site-content-layout":"","ast-site-content-layout":"default","site-content-style":"default","site-sidebar-style":"default","ast-global-header-display":"","ast-banner-title-visibility":"","ast-main-header-display":"","ast-hfb-above-header-display":"","ast-hfb-below-header-display":"","ast-hfb-mobile-header-display":"","site-post-title":"","ast-breadcrumbs-content":"","ast-featured-img":"","footer-sml-layout":"","theme-transparent-header-meta":"default","adv-header-id-meta":"","stick-header-meta":"default","header-above-stick-meta":"","header-main-stick-meta":"","header-below-stick-meta":"","astra-migrate-meta-layouts":"set","ast-page-background-enabled":"default","ast-page-background-meta":{"desktop":{"background-color":"var(--ast-global-color-4)","background-image":"","background-repeat":"repeat","background-position":"center center","background-size":"auto","background-attachment":"scroll","background-type":"","background-media":"","overlay-type":"","overlay-color":"","overlay-opacity":"","overlay-gradient":""},"tablet":{"background-color":"","background-image":"","background-repeat":"repeat","background-position":"center center","background-size":"auto","background-attachment":"scroll","background-type":"","background-media":"","overlay-type":"","overlay-color":"","overlay-opacity":"","overlay-gradient":""},"mobile":{"background-color":"","background-image":"","background-repeat":"repeat","background-position":"center center","background-size":"auto","background-attachment":"scroll","background-type":"","background-media":"","overlay-type":"","overlay-color":"","overlay-opacity":"","overlay-gradient":""}},"ast-content-background-meta":{"desktop":{"background-color":"var(--ast-global-color-5)","background-image":"","background-repeat":"repeat","background-position":"center center","background-size":"auto","background-attachment":"scroll","background-type":"","background-media":"","overlay-type":"","overlay-color":"","overlay-opacity":"","overlay-gradient":""},"tablet":{"background-color":"var(--ast-global-color-5)","background-image":"","background-repeat":"repeat","background-position":"center center","background-size":"auto","background-attachment":"scroll","background-type":"","background-media":"","overlay-type":"","overlay-color":"","overlay-opacity":"","overlay-gradient":""},"mobile":{"background-color":"var(--ast-global-color-5)","background-image":"","background-repeat":"repeat","background-position":"center center","background-size":"auto","background-attachment":"scroll","background-type":"","background-media":"","overlay-type":"","overlay-color":"","overlay-opacity":"","overlay-gradient":""}}},"product_brand":[],"product_cat":[136],"product_tag":[],"class_list":{"0":"post-2808","1":"product","2":"type-product","3":"status-publish","4":"has-post-thumbnail","6":"product_cat-echographe-fr","7":"desktop-align-left","8":"tablet-align-left","9":"mobile-align-left","10":"ast-product-gallery-layout-first-image-large","11":"ast-product-tabs-layout-horizontal","13":"first","14":"instock","15":"shipping-taxable","16":"product-type-simple"},"acf":[],"yoast_head":"<!-- This site is optimized with the Yoast SEO plugin v26.3 - https:\/\/yoast.com\/wordpress\/plugins\/seo\/ -->\n<title>Compact Touch - Simovision - Professional<\/title>\n<meta name=\"robots\" content=\"index, follow, max-snippet:-1, max-image-preview:large, max-video-preview:-1\" \/>\n<link rel=\"canonical\" href=\"https:\/\/simovision.be\/professional\/fr\/produit\/compact-touch\/\" \/>\n<meta property=\"og:locale\" content=\"fr_FR\" \/>\n<meta property=\"og:type\" content=\"article\" \/>\n<meta property=\"og:title\" content=\"Compact Touch - Simovision - Professional\" \/>\n<meta property=\"og:description\" content=\"L&#039;\u00e9chographe compact dans le design mais pr\u00e9cis dans le diagnostic Le Compact Touch\u00ae propose les modes A\/B, ainsi que la pachym\u00e9trie. Il dispose d\u2019une nouvelle sonde de fr\u00e9quence 15 MHz dont la r\u00e9solution est am\u00e9lior\u00e9e de plus de 30%. De petite taille, il s&#039;adapte \u00e0 tous types d&#039;environnement de travail, m\u00eame les plus petites salles d\u2019examen.\" \/>\n<meta property=\"og:url\" content=\"https:\/\/simovision.be\/professional\/fr\/produit\/compact-touch\/\" \/>\n<meta property=\"og:site_name\" content=\"Simovision - Professional\" \/>\n<meta property=\"article:modified_time\" content=\"2025-09-22T10:09:43+00:00\" \/>\n<meta property=\"og:image\" content=\"https:\/\/simovision.be\/professional\/wp-content\/uploads\/sites\/2\/2025\/03\/Compact-Touch.webp\" \/>\n\t<meta property=\"og:image:width\" content=\"1000\" \/>\n\t<meta property=\"og:image:height\" content=\"666\" \/>\n\t<meta property=\"og:image:type\" content=\"image\/webp\" \/>\n<meta name=\"twitter:card\" content=\"summary_large_image\" \/>\n<meta name=\"twitter:label1\" content=\"Dur\u00e9e de lecture estim\u00e9e\" \/>\n\t<meta name=\"twitter:data1\" content=\"2 minutes\" \/>\n<script type=\"application\/ld+json\" class=\"yoast-schema-graph\">{\"@context\":\"https:\/\/schema.org\",\"@graph\":[{\"@type\":\"WebPage\",\"@id\":\"https:\/\/simovision.be\/professional\/fr\/produit\/compact-touch\/\",\"url\":\"https:\/\/simovision.be\/professional\/fr\/produit\/compact-touch\/\",\"name\":\"Compact Touch - Simovision - Professional\",\"isPartOf\":{\"@id\":\"https:\/\/simovision.be\/professional\/fr\/#website\"},\"primaryImageOfPage\":{\"@id\":\"https:\/\/simovision.be\/professional\/fr\/produit\/compact-touch\/#primaryimage\"},\"image\":{\"@id\":\"https:\/\/simovision.be\/professional\/fr\/produit\/compact-touch\/#primaryimage\"},\"thumbnailUrl\":\"https:\/\/simovision.be\/professional\/wp-content\/uploads\/sites\/2\/2025\/03\/Compact-Touch.webp\",\"datePublished\":\"2025-03-21T09:03:07+00:00\",\"dateModified\":\"2025-09-22T10:09:43+00:00\",\"breadcrumb\":{\"@id\":\"https:\/\/simovision.be\/professional\/fr\/produit\/compact-touch\/#breadcrumb\"},\"inLanguage\":\"fr-FR\",\"potentialAction\":[{\"@type\":\"ReadAction\",\"target\":[\"https:\/\/simovision.be\/professional\/fr\/produit\/compact-touch\/\"]}]},{\"@type\":\"ImageObject\",\"inLanguage\":\"fr-FR\",\"@id\":\"https:\/\/simovision.be\/professional\/fr\/produit\/compact-touch\/#primaryimage\",\"url\":\"https:\/\/simovision.be\/professional\/wp-content\/uploads\/sites\/2\/2025\/03\/Compact-Touch.webp\",\"contentUrl\":\"https:\/\/simovision.be\/professional\/wp-content\/uploads\/sites\/2\/2025\/03\/Compact-Touch.webp\",\"width\":1000,\"height\":666},{\"@type\":\"BreadcrumbList\",\"@id\":\"https:\/\/simovision.be\/professional\/fr\/produit\/compact-touch\/#breadcrumb\",\"itemListElement\":[{\"@type\":\"ListItem\",\"position\":1,\"name\":\"Home\",\"item\":\"https:\/\/simovision.be\/professional\/fr\/\"},{\"@type\":\"ListItem\",\"position\":2,\"name\":\"Boutique\",\"item\":\"https:\/\/simovision.be\/professional\/winkel\/\"},{\"@type\":\"ListItem\",\"position\":3,\"name\":\"Compact Touch\"}]},{\"@type\":\"WebSite\",\"@id\":\"https:\/\/simovision.be\/professional\/fr\/#website\",\"url\":\"https:\/\/simovision.be\/professional\/fr\/\",\"name\":\"Simovision - Professional\",\"description\":\"\",\"publisher\":{\"@id\":\"https:\/\/simovision.be\/professional\/fr\/#organization\"},\"potentialAction\":[{\"@type\":\"SearchAction\",\"target\":{\"@type\":\"EntryPoint\",\"urlTemplate\":\"https:\/\/simovision.be\/professional\/fr\/?s={search_term_string}\"},\"query-input\":{\"@type\":\"PropertyValueSpecification\",\"valueRequired\":true,\"valueName\":\"search_term_string\"}}],\"inLanguage\":\"fr-FR\"},{\"@type\":\"Organization\",\"@id\":\"https:\/\/simovision.be\/professional\/fr\/#organization\",\"name\":\"Simovision\",\"url\":\"https:\/\/simovision.be\/professional\/fr\/\",\"logo\":{\"@type\":\"ImageObject\",\"inLanguage\":\"fr-FR\",\"@id\":\"https:\/\/simovision.be\/professional\/fr\/#\/schema\/logo\/image\/\",\"url\":\"https:\/\/simovision.be\/professional\/wp-content\/uploads\/sites\/2\/2025\/06\/Logo_Simovision_Hilco_Vision_Pantone_7700C-kopie.webp\",\"contentUrl\":\"https:\/\/simovision.be\/professional\/wp-content\/uploads\/sites\/2\/2025\/06\/Logo_Simovision_Hilco_Vision_Pantone_7700C-kopie.webp\",\"width\":2000,\"height\":1021,\"caption\":\"Simovision\"},\"image\":{\"@id\":\"https:\/\/simovision.be\/professional\/fr\/#\/schema\/logo\/image\/\"},\"sameAs\":[\"https:\/\/www.linkedin.com\/company\/simovision\"]}]}<\/script>\n<!-- \/ Yoast SEO plugin. -->","yoast_head_json":{"title":"Compact Touch - Simovision - Professional","robots":{"index":"index","follow":"follow","max-snippet":"max-snippet:-1","max-image-preview":"max-image-preview:large","max-video-preview":"max-video-preview:-1"},"canonical":"https:\/\/simovision.be\/professional\/fr\/produit\/compact-touch\/","og_locale":"fr_FR","og_type":"article","og_title":"Compact Touch - Simovision - Professional","og_description":"L'\u00e9chographe compact dans le design mais pr\u00e9cis dans le diagnostic Le Compact Touch\u00ae propose les modes A\/B, ainsi que la pachym\u00e9trie. Il dispose d\u2019une nouvelle sonde de fr\u00e9quence 15 MHz dont la r\u00e9solution est am\u00e9lior\u00e9e de plus de 30%. De petite taille, il s'adapte \u00e0 tous types d'environnement de travail, m\u00eame les plus petites salles d\u2019examen.","og_url":"https:\/\/simovision.be\/professional\/fr\/produit\/compact-touch\/","og_site_name":"Simovision - Professional","article_modified_time":"2025-09-22T10:09:43+00:00","og_image":[{"width":1000,"height":666,"url":"https:\/\/simovision.be\/professional\/wp-content\/uploads\/sites\/2\/2025\/03\/Compact-Touch.webp","type":"image\/webp"}],"twitter_card":"summary_large_image","twitter_misc":{"Dur\u00e9e de lecture estim\u00e9e":"2 minutes"},"schema":{"@context":"https:\/\/schema.org","@graph":[{"@type":"WebPage","@id":"https:\/\/simovision.be\/professional\/fr\/produit\/compact-touch\/","url":"https:\/\/simovision.be\/professional\/fr\/produit\/compact-touch\/","name":"Compact Touch - Simovision - Professional","isPartOf":{"@id":"https:\/\/simovision.be\/professional\/fr\/#website"},"primaryImageOfPage":{"@id":"https:\/\/simovision.be\/professional\/fr\/produit\/compact-touch\/#primaryimage"},"image":{"@id":"https:\/\/simovision.be\/professional\/fr\/produit\/compact-touch\/#primaryimage"},"thumbnailUrl":"https:\/\/simovision.be\/professional\/wp-content\/uploads\/sites\/2\/2025\/03\/Compact-Touch.webp","datePublished":"2025-03-21T09:03:07+00:00","dateModified":"2025-09-22T10:09:43+00:00","breadcrumb":{"@id":"https:\/\/simovision.be\/professional\/fr\/produit\/compact-touch\/#breadcrumb"},"inLanguage":"fr-FR","potentialAction":[{"@type":"ReadAction","target":["https:\/\/simovision.be\/professional\/fr\/produit\/compact-touch\/"]}]},{"@type":"ImageObject","inLanguage":"fr-FR","@id":"https:\/\/simovision.be\/professional\/fr\/produit\/compact-touch\/#primaryimage","url":"https:\/\/simovision.be\/professional\/wp-content\/uploads\/sites\/2\/2025\/03\/Compact-Touch.webp","contentUrl":"https:\/\/simovision.be\/professional\/wp-content\/uploads\/sites\/2\/2025\/03\/Compact-Touch.webp","width":1000,"height":666},{"@type":"BreadcrumbList","@id":"https:\/\/simovision.be\/professional\/fr\/produit\/compact-touch\/#breadcrumb","itemListElement":[{"@type":"ListItem","position":1,"name":"Home","item":"https:\/\/simovision.be\/professional\/fr\/"},{"@type":"ListItem","position":2,"name":"Boutique","item":"https:\/\/simovision.be\/professional\/winkel\/"},{"@type":"ListItem","position":3,"name":"Compact Touch"}]},{"@type":"WebSite","@id":"https:\/\/simovision.be\/professional\/fr\/#website","url":"https:\/\/simovision.be\/professional\/fr\/","name":"Simovision - Professional","description":"","publisher":{"@id":"https:\/\/simovision.be\/professional\/fr\/#organization"},"potentialAction":[{"@type":"SearchAction","target":{"@type":"EntryPoint","urlTemplate":"https:\/\/simovision.be\/professional\/fr\/?s={search_term_string}"},"query-input":{"@type":"PropertyValueSpecification","valueRequired":true,"valueName":"search_term_string"}}],"inLanguage":"fr-FR"},{"@type":"Organization","@id":"https:\/\/simovision.be\/professional\/fr\/#organization","name":"Simovision","url":"https:\/\/simovision.be\/professional\/fr\/","logo":{"@type":"ImageObject","inLanguage":"fr-FR","@id":"https:\/\/simovision.be\/professional\/fr\/#\/schema\/logo\/image\/","url":"https:\/\/simovision.be\/professional\/wp-content\/uploads\/sites\/2\/2025\/06\/Logo_Simovision_Hilco_Vision_Pantone_7700C-kopie.webp","contentUrl":"https:\/\/simovision.be\/professional\/wp-content\/uploads\/sites\/2\/2025\/06\/Logo_Simovision_Hilco_Vision_Pantone_7700C-kopie.webp","width":2000,"height":1021,"caption":"Simovision"},"image":{"@id":"https:\/\/simovision.be\/professional\/fr\/#\/schema\/logo\/image\/"},"sameAs":["https:\/\/www.linkedin.com\/company\/simovision"]}]}},"_links":{"self":[{"href":"https:\/\/simovision.be\/professional\/fr\/wp-json\/wp\/v2\/product\/2808","targetHints":{"allow":["GET"]}}],"collection":[{"href":"https:\/\/simovision.be\/professional\/fr\/wp-json\/wp\/v2\/product"}],"about":[{"href":"https:\/\/simovision.be\/professional\/fr\/wp-json\/wp\/v2\/types\/product"}],"wp:featuredmedia":[{"embeddable":true,"href":"https:\/\/simovision.be\/professional\/fr\/wp-json\/wp\/v2\/media\/3801"}],"wp:attachment":[{"href":"https:\/\/simovision.be\/professional\/fr\/wp-json\/wp\/v2\/media?parent=2808"}],"wp:term":[{"taxonomy":"product_brand","embeddable":true,"href":"https:\/\/simovision.be\/professional\/fr\/wp-json\/wp\/v2\/product_brand?post=2808"},{"taxonomy":"product_cat","embeddable":true,"href":"https:\/\/simovision.be\/professional\/fr\/wp-json\/wp\/v2\/product_cat?post=2808"},{"taxonomy":"product_tag","embeddable":true,"href":"https:\/\/simovision.be\/professional\/fr\/wp-json\/wp\/v2\/product_tag?post=2808"}],"curies":[{"name":"wp","href":"https:\/\/api.w.org\/{rel}","templated":true}]}}