{"id":2807,"date":"2025-04-10T10:24:15","date_gmt":"2025-04-10T08:24:15","guid":{"rendered":"https:\/\/simovision.be\/professional\/product\/ellex-ultraq-reflex-neo\/"},"modified":"2025-09-22T12:09:24","modified_gmt":"2025-09-22T10:09:24","slug":"ellex-ultraq-reflex-neo","status":"publish","type":"product","link":"https:\/\/simovision.be\/professional\/fr\/produit\/ellex-ultraq-reflex-neo\/","title":{"rendered":"Ellex UltraQ reflex neo"},"content":{"rendered":"<h3><strong>Pourquoi choisir l\u2019Ultra Q Reflex\u2122 Neo?<\/strong><\/h3>\n<h4>Technologie Reflex\u2122 de deuxi\u00e8me g\u00e9n\u00e9ration<\/h4>\n<p>Dot\u00e9 d\u2019un dispositif d\u2019illumination coaxiale, la technologie Reflex\u2122 de deuxi\u00e8me g\u00e9n\u00e9ration conf\u00e8re \u00e0 l\u2019op\u00e9rateur un<strong> contr\u00f4le avanc\u00e9 <\/strong>de <strong>l\u2019illumination<\/strong> et de la <strong>gestion du contraste<\/strong> (reflet r\u00e9tinien total, partiel ou nul). La garantie d\u2019une <strong>meilleure appr\u00e9ciation<\/strong> du contexte spatial lors de la mise en \u0153uvre des proc\u00e9dures de capsulotomie secondaire.<\/p>\n<h4>D\u00e9focalisation post\u00e9rieure \u00e9tendue \u00e0 2mm<\/h4>\n<p>Gr\u00e2ce \u00e0 sa profondeur de d\u00e9focalisation accrue jusqu\u2019\u00e0 2 mm, le laser UltraQ Reflex\u2122 Neo permet la mise en \u0153uvre des proc\u00e9dures de capsulotomie post\u00e9rieure <strong style=\"font-size: 16px\">s\u00fbres<\/strong> <span style=\"font-size: 16px\">et <\/span><strong style=\"font-size: 16px\">efficaces<\/strong>. <span style=\"font-size: 16px\"> Le claquage optique engendre la formation d\u2019une bulle de cavitation, qui lorsqu\u2019elle implose se traduit par la formation d\u2019un jet hydraulique puissant ouvrant la capsule post\u00e9rieure tout en sauvegardant l\u2019implant<sup> [1,2,3]<\/sup> <\/span><\/p>\n<h4>Affichage t\u00eate haute dynamique Imprint\u2122 et joystick intelligent<\/h4>\n<p>Visualisation et contr\u00f4le en temps r\u00e9el du mode de traitement et de l\u2019\u00e9nergie. L\u2019affichage t\u00eate haute int\u00e9gr\u00e9 \u00e0 la lampe \u00e0 fente Imprint\u2122, combin\u00e9 au contr\u00f4le de l\u2019\u00e9nergie depuis le joystick, <strong>simplifie<\/strong> la <strong>proc\u00e9dure laser<\/strong> et assure un contr\u00f4le total de la proc\u00e9dure de traitement.<\/p>\n<h3><strong>Avantages techniques de l&rsquo;Ultra Q Reflex\u2122 Neo<\/strong><\/h3>\n<h4>Flexibilit\u00e9 d\u2019\u00e9clairage des structures cibl\u00e9es<\/h4>\n<p>Lorsque la lampe \u00e0 fente est positionn\u00e9e en position coaxiale, l\u2019axe visuel de l\u2019op\u00e9rateur converge avec l\u2019illumination de la cible et le faisceau laser sur un m\u00eame niveau de focalisation. L\u2019op\u00e9rateur peut alors modifier l\u2019angle d\u2019\u00e9clairage afin de visualiser avec grande fid\u00e9lit\u00e9 la capsule post\u00e9rieure.<\/p>\n<h4>Cavit\u00e9 laser ventil\u00e9e<\/h4>\n<p>La cavit\u00e9 laser ventil\u00e9e propri\u00e9taire de l&rsquo;UltraQ Reflex\u2122 Neo garantit la stabilit\u00e9 des tirs laser m\u00eame pour les traitements laser les plus longs. Disposant d\u2019une fr\u00e9quence de tir pouvant atteindre 4 tirs par seconde (4 Hertz), UltraQ Reflex\u2122 Neo permet de r\u00e9aliser un traitement rapide et pr\u00e9cis.<\/p>\n<h4>Faisceau de vis\u00e9e vert<\/h4>\n<p>Faisceau de vis\u00e9e vert \u00e0 double spot vert offrant un meilleur contraste visuel lors de la mise en \u0153uvre des proc\u00e9dures laser YAG.<\/p>\n<p><strong><br \/>\nBibliographie:<\/strong><\/p>\n<hr \/>\n<ol style=\"font-size: 10px\">\n<li><span style=\"font-size: 10pt\">G. Hawlina, B. Drnov\u0161ek-Olup, J. Mo\u017eina &amp; P. Gregor\u010di\u010d, Photodisruption of a thin membrane near a solid boundary:an in vitro study of laser capsulotomy, Applied Physics A, 2016<\/span><\/li>\n<li><span style=\"font-size: 10pt\">Uro\u0161 Orthaber, Development And Evaluation Of A Laser For Posterior Capsulotomy &#8211; Doctoral Thesis, University Of Ljubljana Faculty Of Mathematics And Physics Department Of Physics<\/span><\/li>\n<li><span style=\"font-size: 10pt\">J. C. Isselin, A. P. Alloncle, D. Dufresne &amp; M. Autric (1997) Behavior of a cavitation bubble near a solid wall. Contribution to the study of the erosion mechanism, La Houille Blanche, 83:6, 29-33, DOI: 10.1051\/lhb\/1997047 <\/span><\/li>\n<\/ol>\n","protected":false},"excerpt":{"rendered":"<p><img loading=\"lazy\" decoding=\"async\" class=\"alignnone size-full wp-image-4994\" src=\"https:\/\/simovision.be\/professional\/wp-content\/uploads\/sites\/2\/2025\/04\/Logo_Ellex_teaser.png\" alt=\"\" width=\"97\" height=\"40\" srcset=\"https:\/\/simovision.be\/professional\/wp-content\/uploads\/sites\/2\/2025\/04\/Logo_Ellex_teaser.png 97w, https:\/\/simovision.be\/professional\/wp-content\/uploads\/sites\/2\/2025\/04\/Logo_Ellex_teaser-64x26.png 64w\" sizes=\"auto, (max-width: 97px) 100vw, 97px\" \/><\/p>\n<h3><strong>Laser YAG <\/strong><strong>Premium<\/strong><\/h3>\n<p>Ultra Q Reflex\u2122 est un laser premium d\u00e9di\u00e9 aux traitements YAG. Il dispose de la <strong>technologie brevet\u00e9e Reflex\u2122<\/strong> de deuxi\u00e8me g\u00e9n\u00e9ration offrant une illumination coaxiale brevet\u00e9e assurant une <strong>parfaite visualisation<\/strong> des <strong>structures <\/strong>du <strong>segment ant\u00e9rieur <\/strong>de l\u2019\u0153il.<\/p>\n<ul>\n<li>Technologie Reflex\u2122 de deuxi\u00e8me g\u00e9n\u00e9ration (True Coaxial illumination)<\/li>\n<li>Proc\u00e9dure de capsulotomie s\u00e9curis\u00e9e PROcap (Premium Refractive Outcome Capsulotomy)<\/li>\n<li>Affichage t\u00eate haute (Imprint\u2122) des param\u00e8tres de traitement et joystick intelligent.<\/li>\n<\/ul>\n","protected":false},"featured_media":3859,"template":"","meta":{"_acf_changed":false,"content-type":"","site-sidebar-layout":"default","site-content-layout":"","ast-site-content-layout":"default","site-content-style":"default","site-sidebar-style":"default","ast-global-header-display":"","ast-banner-title-visibility":"","ast-main-header-display":"","ast-hfb-above-header-display":"","ast-hfb-below-header-display":"","ast-hfb-mobile-header-display":"","site-post-title":"","ast-breadcrumbs-content":"","ast-featured-img":"","footer-sml-layout":"","theme-transparent-header-meta":"default","adv-header-id-meta":"","stick-header-meta":"default","header-above-stick-meta":"","header-main-stick-meta":"","header-below-stick-meta":"","astra-migrate-meta-layouts":"set","ast-page-background-enabled":"default","ast-page-background-meta":{"desktop":{"background-color":"var(--ast-global-color-4)","background-image":"","background-repeat":"repeat","background-position":"center center","background-size":"auto","background-attachment":"scroll","background-type":"","background-media":"","overlay-type":"","overlay-color":"","overlay-opacity":"","overlay-gradient":""},"tablet":{"background-color":"","background-image":"","background-repeat":"repeat","background-position":"center center","background-size":"auto","background-attachment":"scroll","background-type":"","background-media":"","overlay-type":"","overlay-color":"","overlay-opacity":"","overlay-gradient":""},"mobile":{"background-color":"","background-image":"","background-repeat":"repeat","background-position":"center center","background-size":"auto","background-attachment":"scroll","background-type":"","background-media":"","overlay-type":"","overlay-color":"","overlay-opacity":"","overlay-gradient":""}},"ast-content-background-meta":{"desktop":{"background-color":"var(--ast-global-color-5)","background-image":"","background-repeat":"repeat","background-position":"center center","background-size":"auto","background-attachment":"scroll","background-type":"","background-media":"","overlay-type":"","overlay-color":"","overlay-opacity":"","overlay-gradient":""},"tablet":{"background-color":"var(--ast-global-color-5)","background-image":"","background-repeat":"repeat","background-position":"center center","background-size":"auto","background-attachment":"scroll","background-type":"","background-media":"","overlay-type":"","overlay-color":"","overlay-opacity":"","overlay-gradient":""},"mobile":{"background-color":"var(--ast-global-color-5)","background-image":"","background-repeat":"repeat","background-position":"center center","background-size":"auto","background-attachment":"scroll","background-type":"","background-media":"","overlay-type":"","overlay-color":"","overlay-opacity":"","overlay-gradient":""}}},"product_brand":[],"product_cat":[126],"product_tag":[],"class_list":{"0":"post-2807","1":"product","2":"type-product","3":"status-publish","4":"has-post-thumbnail","6":"product_cat-lasers-fr","7":"desktop-align-left","8":"tablet-align-left","9":"mobile-align-left","10":"ast-product-gallery-layout-first-image-large","11":"ast-product-tabs-layout-horizontal","13":"first","14":"instock","15":"shipping-taxable","16":"product-type-simple"},"acf":[],"yoast_head":"<!-- This site is optimized with the Yoast SEO plugin v26.3 - https:\/\/yoast.com\/wordpress\/plugins\/seo\/ -->\n<title>Ellex UltraQ reflex neo - Simovision - Professional<\/title>\n<meta name=\"robots\" content=\"index, follow, max-snippet:-1, max-image-preview:large, max-video-preview:-1\" \/>\n<link rel=\"canonical\" href=\"https:\/\/simovision.be\/professional\/fr\/produit\/ellex-ultraq-reflex-neo\/\" \/>\n<meta property=\"og:locale\" content=\"fr_FR\" \/>\n<meta property=\"og:type\" content=\"article\" \/>\n<meta property=\"og:title\" content=\"Ellex UltraQ reflex neo - Simovision - Professional\" \/>\n<meta property=\"og:description\" content=\"Laser YAG Premium Ultra Q Reflex\u2122 est un laser premium d\u00e9di\u00e9 aux traitements YAG. Il dispose de la technologie brevet\u00e9e Reflex\u2122 de deuxi\u00e8me g\u00e9n\u00e9ration offrant une illumination coaxiale brevet\u00e9e assurant une parfaite visualisation des structures du segment ant\u00e9rieur de l\u2019\u0153il.   Technologie Reflex\u2122 de deuxi\u00e8me g\u00e9n\u00e9ration (True Coaxial illumination)  Proc\u00e9dure de capsulotomie s\u00e9curis\u00e9e PROcap (Premium Refractive Outcome Capsulotomy)  Affichage t\u00eate haute (Imprint\u2122) des param\u00e8tres de traitement et joystick intelligent.\" \/>\n<meta property=\"og:url\" content=\"https:\/\/simovision.be\/professional\/fr\/produit\/ellex-ultraq-reflex-neo\/\" \/>\n<meta property=\"og:site_name\" content=\"Simovision - Professional\" \/>\n<meta property=\"article:modified_time\" content=\"2025-09-22T10:09:24+00:00\" \/>\n<meta property=\"og:image\" content=\"https:\/\/simovision.be\/professional\/wp-content\/uploads\/sites\/2\/2025\/04\/00.-URN-4a.webp\" \/>\n\t<meta property=\"og:image:width\" content=\"1000\" \/>\n\t<meta property=\"og:image:height\" content=\"666\" \/>\n\t<meta property=\"og:image:type\" content=\"image\/webp\" \/>\n<meta name=\"twitter:card\" content=\"summary_large_image\" \/>\n<meta name=\"twitter:label1\" content=\"Dur\u00e9e de lecture estim\u00e9e\" \/>\n\t<meta name=\"twitter:data1\" content=\"3 minutes\" \/>\n<script type=\"application\/ld+json\" class=\"yoast-schema-graph\">{\"@context\":\"https:\/\/schema.org\",\"@graph\":[{\"@type\":\"WebPage\",\"@id\":\"https:\/\/simovision.be\/professional\/fr\/produit\/ellex-ultraq-reflex-neo\/\",\"url\":\"https:\/\/simovision.be\/professional\/fr\/produit\/ellex-ultraq-reflex-neo\/\",\"name\":\"Ellex UltraQ reflex neo - Simovision - Professional\",\"isPartOf\":{\"@id\":\"https:\/\/simovision.be\/professional\/fr\/#website\"},\"primaryImageOfPage\":{\"@id\":\"https:\/\/simovision.be\/professional\/fr\/produit\/ellex-ultraq-reflex-neo\/#primaryimage\"},\"image\":{\"@id\":\"https:\/\/simovision.be\/professional\/fr\/produit\/ellex-ultraq-reflex-neo\/#primaryimage\"},\"thumbnailUrl\":\"https:\/\/simovision.be\/professional\/wp-content\/uploads\/sites\/2\/2025\/04\/00.-URN-4a.webp\",\"datePublished\":\"2025-04-10T08:24:15+00:00\",\"dateModified\":\"2025-09-22T10:09:24+00:00\",\"breadcrumb\":{\"@id\":\"https:\/\/simovision.be\/professional\/fr\/produit\/ellex-ultraq-reflex-neo\/#breadcrumb\"},\"inLanguage\":\"fr-FR\",\"potentialAction\":[{\"@type\":\"ReadAction\",\"target\":[\"https:\/\/simovision.be\/professional\/fr\/produit\/ellex-ultraq-reflex-neo\/\"]}]},{\"@type\":\"ImageObject\",\"inLanguage\":\"fr-FR\",\"@id\":\"https:\/\/simovision.be\/professional\/fr\/produit\/ellex-ultraq-reflex-neo\/#primaryimage\",\"url\":\"https:\/\/simovision.be\/professional\/wp-content\/uploads\/sites\/2\/2025\/04\/00.-URN-4a.webp\",\"contentUrl\":\"https:\/\/simovision.be\/professional\/wp-content\/uploads\/sites\/2\/2025\/04\/00.-URN-4a.webp\",\"width\":1000,\"height\":666},{\"@type\":\"BreadcrumbList\",\"@id\":\"https:\/\/simovision.be\/professional\/fr\/produit\/ellex-ultraq-reflex-neo\/#breadcrumb\",\"itemListElement\":[{\"@type\":\"ListItem\",\"position\":1,\"name\":\"Home\",\"item\":\"https:\/\/simovision.be\/professional\/fr\/\"},{\"@type\":\"ListItem\",\"position\":2,\"name\":\"Boutique\",\"item\":\"https:\/\/simovision.be\/professional\/winkel\/\"},{\"@type\":\"ListItem\",\"position\":3,\"name\":\"Ellex UltraQ reflex neo\"}]},{\"@type\":\"WebSite\",\"@id\":\"https:\/\/simovision.be\/professional\/fr\/#website\",\"url\":\"https:\/\/simovision.be\/professional\/fr\/\",\"name\":\"Simovision - Professional\",\"description\":\"\",\"publisher\":{\"@id\":\"https:\/\/simovision.be\/professional\/fr\/#organization\"},\"potentialAction\":[{\"@type\":\"SearchAction\",\"target\":{\"@type\":\"EntryPoint\",\"urlTemplate\":\"https:\/\/simovision.be\/professional\/fr\/?s={search_term_string}\"},\"query-input\":{\"@type\":\"PropertyValueSpecification\",\"valueRequired\":true,\"valueName\":\"search_term_string\"}}],\"inLanguage\":\"fr-FR\"},{\"@type\":\"Organization\",\"@id\":\"https:\/\/simovision.be\/professional\/fr\/#organization\",\"name\":\"Simovision\",\"url\":\"https:\/\/simovision.be\/professional\/fr\/\",\"logo\":{\"@type\":\"ImageObject\",\"inLanguage\":\"fr-FR\",\"@id\":\"https:\/\/simovision.be\/professional\/fr\/#\/schema\/logo\/image\/\",\"url\":\"https:\/\/simovision.be\/professional\/wp-content\/uploads\/sites\/2\/2025\/06\/Logo_Simovision_Hilco_Vision_Pantone_7700C-kopie.webp\",\"contentUrl\":\"https:\/\/simovision.be\/professional\/wp-content\/uploads\/sites\/2\/2025\/06\/Logo_Simovision_Hilco_Vision_Pantone_7700C-kopie.webp\",\"width\":2000,\"height\":1021,\"caption\":\"Simovision\"},\"image\":{\"@id\":\"https:\/\/simovision.be\/professional\/fr\/#\/schema\/logo\/image\/\"},\"sameAs\":[\"https:\/\/www.linkedin.com\/company\/simovision\"]}]}<\/script>\n<!-- \/ Yoast SEO plugin. -->","yoast_head_json":{"title":"Ellex UltraQ reflex neo - Simovision - Professional","robots":{"index":"index","follow":"follow","max-snippet":"max-snippet:-1","max-image-preview":"max-image-preview:large","max-video-preview":"max-video-preview:-1"},"canonical":"https:\/\/simovision.be\/professional\/fr\/produit\/ellex-ultraq-reflex-neo\/","og_locale":"fr_FR","og_type":"article","og_title":"Ellex UltraQ reflex neo - Simovision - Professional","og_description":"Laser YAG Premium Ultra Q Reflex\u2122 est un laser premium d\u00e9di\u00e9 aux traitements YAG. Il dispose de la technologie brevet\u00e9e Reflex\u2122 de deuxi\u00e8me g\u00e9n\u00e9ration offrant une illumination coaxiale brevet\u00e9e assurant une parfaite visualisation des structures du segment ant\u00e9rieur de l\u2019\u0153il.   Technologie Reflex\u2122 de deuxi\u00e8me g\u00e9n\u00e9ration (True Coaxial illumination)  Proc\u00e9dure de capsulotomie s\u00e9curis\u00e9e PROcap (Premium Refractive Outcome Capsulotomy)  Affichage t\u00eate haute (Imprint\u2122) des param\u00e8tres de traitement et joystick intelligent.","og_url":"https:\/\/simovision.be\/professional\/fr\/produit\/ellex-ultraq-reflex-neo\/","og_site_name":"Simovision - Professional","article_modified_time":"2025-09-22T10:09:24+00:00","og_image":[{"width":1000,"height":666,"url":"https:\/\/simovision.be\/professional\/wp-content\/uploads\/sites\/2\/2025\/04\/00.-URN-4a.webp","type":"image\/webp"}],"twitter_card":"summary_large_image","twitter_misc":{"Dur\u00e9e de lecture estim\u00e9e":"3 minutes"},"schema":{"@context":"https:\/\/schema.org","@graph":[{"@type":"WebPage","@id":"https:\/\/simovision.be\/professional\/fr\/produit\/ellex-ultraq-reflex-neo\/","url":"https:\/\/simovision.be\/professional\/fr\/produit\/ellex-ultraq-reflex-neo\/","name":"Ellex UltraQ reflex neo - Simovision - Professional","isPartOf":{"@id":"https:\/\/simovision.be\/professional\/fr\/#website"},"primaryImageOfPage":{"@id":"https:\/\/simovision.be\/professional\/fr\/produit\/ellex-ultraq-reflex-neo\/#primaryimage"},"image":{"@id":"https:\/\/simovision.be\/professional\/fr\/produit\/ellex-ultraq-reflex-neo\/#primaryimage"},"thumbnailUrl":"https:\/\/simovision.be\/professional\/wp-content\/uploads\/sites\/2\/2025\/04\/00.-URN-4a.webp","datePublished":"2025-04-10T08:24:15+00:00","dateModified":"2025-09-22T10:09:24+00:00","breadcrumb":{"@id":"https:\/\/simovision.be\/professional\/fr\/produit\/ellex-ultraq-reflex-neo\/#breadcrumb"},"inLanguage":"fr-FR","potentialAction":[{"@type":"ReadAction","target":["https:\/\/simovision.be\/professional\/fr\/produit\/ellex-ultraq-reflex-neo\/"]}]},{"@type":"ImageObject","inLanguage":"fr-FR","@id":"https:\/\/simovision.be\/professional\/fr\/produit\/ellex-ultraq-reflex-neo\/#primaryimage","url":"https:\/\/simovision.be\/professional\/wp-content\/uploads\/sites\/2\/2025\/04\/00.-URN-4a.webp","contentUrl":"https:\/\/simovision.be\/professional\/wp-content\/uploads\/sites\/2\/2025\/04\/00.-URN-4a.webp","width":1000,"height":666},{"@type":"BreadcrumbList","@id":"https:\/\/simovision.be\/professional\/fr\/produit\/ellex-ultraq-reflex-neo\/#breadcrumb","itemListElement":[{"@type":"ListItem","position":1,"name":"Home","item":"https:\/\/simovision.be\/professional\/fr\/"},{"@type":"ListItem","position":2,"name":"Boutique","item":"https:\/\/simovision.be\/professional\/winkel\/"},{"@type":"ListItem","position":3,"name":"Ellex UltraQ reflex neo"}]},{"@type":"WebSite","@id":"https:\/\/simovision.be\/professional\/fr\/#website","url":"https:\/\/simovision.be\/professional\/fr\/","name":"Simovision - Professional","description":"","publisher":{"@id":"https:\/\/simovision.be\/professional\/fr\/#organization"},"potentialAction":[{"@type":"SearchAction","target":{"@type":"EntryPoint","urlTemplate":"https:\/\/simovision.be\/professional\/fr\/?s={search_term_string}"},"query-input":{"@type":"PropertyValueSpecification","valueRequired":true,"valueName":"search_term_string"}}],"inLanguage":"fr-FR"},{"@type":"Organization","@id":"https:\/\/simovision.be\/professional\/fr\/#organization","name":"Simovision","url":"https:\/\/simovision.be\/professional\/fr\/","logo":{"@type":"ImageObject","inLanguage":"fr-FR","@id":"https:\/\/simovision.be\/professional\/fr\/#\/schema\/logo\/image\/","url":"https:\/\/simovision.be\/professional\/wp-content\/uploads\/sites\/2\/2025\/06\/Logo_Simovision_Hilco_Vision_Pantone_7700C-kopie.webp","contentUrl":"https:\/\/simovision.be\/professional\/wp-content\/uploads\/sites\/2\/2025\/06\/Logo_Simovision_Hilco_Vision_Pantone_7700C-kopie.webp","width":2000,"height":1021,"caption":"Simovision"},"image":{"@id":"https:\/\/simovision.be\/professional\/fr\/#\/schema\/logo\/image\/"},"sameAs":["https:\/\/www.linkedin.com\/company\/simovision"]}]}},"_links":{"self":[{"href":"https:\/\/simovision.be\/professional\/fr\/wp-json\/wp\/v2\/product\/2807","targetHints":{"allow":["GET"]}}],"collection":[{"href":"https:\/\/simovision.be\/professional\/fr\/wp-json\/wp\/v2\/product"}],"about":[{"href":"https:\/\/simovision.be\/professional\/fr\/wp-json\/wp\/v2\/types\/product"}],"wp:featuredmedia":[{"embeddable":true,"href":"https:\/\/simovision.be\/professional\/fr\/wp-json\/wp\/v2\/media\/3859"}],"wp:attachment":[{"href":"https:\/\/simovision.be\/professional\/fr\/wp-json\/wp\/v2\/media?parent=2807"}],"wp:term":[{"taxonomy":"product_brand","embeddable":true,"href":"https:\/\/simovision.be\/professional\/fr\/wp-json\/wp\/v2\/product_brand?post=2807"},{"taxonomy":"product_cat","embeddable":true,"href":"https:\/\/simovision.be\/professional\/fr\/wp-json\/wp\/v2\/product_cat?post=2807"},{"taxonomy":"product_tag","embeddable":true,"href":"https:\/\/simovision.be\/professional\/fr\/wp-json\/wp\/v2\/product_tag?post=2807"}],"curies":[{"name":"wp","href":"https:\/\/api.w.org\/{rel}","templated":true}]}}