{"id":2805,"date":"2025-03-21T13:18:37","date_gmt":"2025-03-21T12:18:37","guid":{"rendered":"https:\/\/simovision.be\/professional\/product\/lentis-comfort\/"},"modified":"2026-03-19T10:24:21","modified_gmt":"2026-03-19T09:24:21","slug":"lentis-comfort","status":"publish","type":"product","link":"https:\/\/simovision.be\/professional\/fr\/produit\/lentis-comfort\/","title":{"rendered":"LENTIS Comfort"},"content":{"rendered":"<h4>Caract\u00e9ristiques<\/h4>\n<ul>\n<li>Conception <strong>r\u00e9fractive segment\u00e9e<\/strong> avec une <strong>addition de 1.50D<\/strong><\/li>\n<li>Vision nette et continue de loin et \u00e0 <strong>distance interm\u00e9diaire<\/strong> <sup>1,2<\/sup><\/li>\n<li>Transmission lumineuse \u00e9lev\u00e9e, pratiquement sans \u00e9blouissement <sup>3<\/sup><\/li>\n<li>Sensibilit\u00e9 au contraste \u00e9lev\u00e9e <sup>1<\/sup><\/li>\n<\/ul>\n<h3><strong>LIO HydroSmart<sup>\u00ae<\/sup><\/strong><\/h3>\n<ul>\n<li>Con\u00e7ue pour <strong>r\u00e9duire l\u2019aberration chromatique<\/strong> <sup>4,5<\/sup><\/li>\n<li>Propri\u00e9t\u00e9s de surface <strong>hydrophobes<\/strong><\/li>\n<\/ul>\n<h3><strong>Technologie Micro-Cutting Edge<\/strong><\/h3>\n<ul>\n<li>Production de lentilles en une seule \u00e9tape<\/li>\n<li>Haute pr\u00e9cision de fabrication<\/li>\n<\/ul>\n<h3><strong>Conception unique<\/strong><\/h3>\n<ul>\n<li>Conception EDoF <strong>asym\u00e9trique<\/strong><\/li>\n<li>Haptiques plates avec soutien \u00e0 4 points<\/li>\n<li>R\u00e9siste \u00e0 la contraction du sac capsulaire<\/li>\n<li>Excellente stabilit\u00e9 <sup>2,6<\/sup><\/li>\n<\/ul>\n<h3><strong>Conception de la surface post\u00e9rieure avec bord tranchant continu \u00e0 360\u00b0 <sup>7<\/sup><\/strong><\/h3>\n<ul>\n<li><span style=\"font-size: 16px\">Con\u00e7ue pour former une barri\u00e8re entre la lentille et la capsule post\u00e9rieure<\/span><\/li>\n<li><span style=\"font-size: 16px\">Optimis\u00e9e pour r\u00e9duire l\u2019opacification capsulaire post\u00e9rieure (PCO <\/span><sup>8,9<\/sup><\/li>\n<\/ul>\n<p><strong><br \/>\nR\u00e9f\u00e9rences<\/strong><\/p>\n<hr \/>\n<ol>\n<li><span style=\"font-size: 10pt\">Emilio Pedrotti, Rodolfo Mastropasqua, Jacopo Bonetto, Christian Demasi, Francesco Aiello, Carlo Nucci, Cesare Mariotti, Giorgio Marchini. Quality of vision, patient satisfaction and long-term visual function after bilateral implantation of a low addition multifocal intraocular lens. Int Ophthalmol, 2018; 38(4):1709-1716.<\/span><\/li>\n<li><span style=\"font-size: 10pt\">Tetsuro Oshika, Hiroyuki Arai, Yoshifumi Fujita, Miko Imarura, Yasushi Inoue, Toru Noda &amp; Kazunori Miyata. One-year clinical evaluation of rotationally asymmetric multifocal intraocular lens with +1.5 diopters near addition. Scientific Reports; 2019, 9:13117.<\/span><\/li>\n<li><span style=\"font-size: 10pt\">Auffarth G U (2011) Optical side-effects of presbyopia-correcting IOLs and corneal procedures; Dept. of Ophthalmology, Rupercht-Karls-University Heidelberg<\/span><\/li>\n<li><span style=\"font-size: 10pt\">Salv\u00e1, L.; Garc\u00eda, S.; Garc\u00eda-Depiegu, S.; Mart\u00ednez-Espert, A.; Montagud-Mart\u00ednez, D.; Ferrando, V. Comparison of the Polychromatic Image Quality of Two Refractive-Segmented and Two Diffractive Multifocal Intraocular Lenses. J. Clin. Med. 2023, 12, 4678.<\/span><\/li>\n<li><span style=\"font-size: 10pt\">Zhao H, Mainster M A. The effect of chromatic dispersion on pseudophakic optical performance[J]. British journal of ophthalmology, 2007, 91(9): 1225-1229<\/span><\/li>\n<li><span style=\"font-size: 10pt\">Borkenstein A F, Borkenstein E M. Clinical Performance of New Enhanced Monofocal Intraocular Lenses: comparison of Hydrophobic C-loop and Hydrophilic Plate-Haptic Platform[J]. Advances in Therapy, 2023, 40(10): 4561-4573.<\/span><\/li>\n<li><span style=\"font-size: 10pt\">Werner L, MD, PhD. Intraocular Lenses &#8211; Overview of Designs, Materials, and Pathophysiologic Features. Ophthalmology, 2021, Volume 128, Issue 11, E74-E93.<\/span><\/li>\n<li><span style=\"font-size: 10pt\">H. H\u00f6h, C. Stylianides, U. Holland. Nachstarquote der MICS-Linse L-313. 32. Kongress der Deutschsprachigen Gesellschaft f\u00fcr Intraokularlinsen-Implantation, Interventionelle und Refraktive Chirurgie, 2018, 271-290.<\/span><\/li>\n<li><span style=\"font-size: 10pt\">Christoforos S, Helmut H, Holland U. Posterior capsule opacification (PCC) rate of a hydrophilic acrylic intraocular lens suitable for microincisional cataract surgery (MICS[J]). Medicine and Clinical Science, 2020, 2(3): 1-9<\/span><\/li>\n<\/ol>\n","protected":false},"excerpt":{"rendered":"<h3><img loading=\"lazy\" decoding=\"async\" class=\"alignnone wp-image-4996 size-full\" src=\"https:\/\/simovision.be\/professional\/wp-content\/uploads\/sites\/2\/2025\/03\/logo-teleon-teaser.png\" alt=\"\" width=\"187\" height=\"40\" srcset=\"https:\/\/simovision.be\/professional\/wp-content\/uploads\/sites\/2\/2025\/03\/logo-teleon-teaser.png 187w, https:\/\/simovision.be\/professional\/wp-content\/uploads\/sites\/2\/2025\/03\/logo-teleon-teaser-64x14.png 64w\" sizes=\"auto, (max-width: 187px) 100vw, 187px\" \/><\/h3>\n<h3><strong>LIO EDoF \u00e0 optique segment\u00e9e avanc\u00e9e<\/strong><\/h3>\n<ul>\n<li>Grande zone optique pour la vision de loin<\/li>\n<li>Optique centrale <strong>sans zone de transition<\/strong><\/li>\n<li>Segment permettant une <strong>vision continue<\/strong> jusqu\u2019\u00e0 la <strong>distance interm\u00e9diaire<\/strong> gr\u00e2ce \u00e0 un effet varifocal<\/li>\n<\/ul>\n","protected":false},"featured_media":7216,"template":"","meta":{"_acf_changed":false,"content-type":"","site-sidebar-layout":"default","site-content-layout":"","ast-site-content-layout":"default","site-content-style":"default","site-sidebar-style":"default","ast-global-header-display":"","ast-banner-title-visibility":"","ast-main-header-display":"","ast-hfb-above-header-display":"","ast-hfb-below-header-display":"","ast-hfb-mobile-header-display":"","site-post-title":"","ast-breadcrumbs-content":"","ast-featured-img":"","footer-sml-layout":"","theme-transparent-header-meta":"default","adv-header-id-meta":"","stick-header-meta":"default","header-above-stick-meta":"","header-main-stick-meta":"","header-below-stick-meta":"","astra-migrate-meta-layouts":"set","ast-page-background-enabled":"default","ast-page-background-meta":{"desktop":{"background-color":"var(--ast-global-color-4)","background-image":"","background-repeat":"repeat","background-position":"center center","background-size":"auto","background-attachment":"scroll","background-type":"","background-media":"","overlay-type":"","overlay-color":"","overlay-opacity":"","overlay-gradient":""},"tablet":{"background-color":"","background-image":"","background-repeat":"repeat","background-position":"center center","background-size":"auto","background-attachment":"scroll","background-type":"","background-media":"","overlay-type":"","overlay-color":"","overlay-opacity":"","overlay-gradient":""},"mobile":{"background-color":"","background-image":"","background-repeat":"repeat","background-position":"center center","background-size":"auto","background-attachment":"scroll","background-type":"","background-media":"","overlay-type":"","overlay-color":"","overlay-opacity":"","overlay-gradient":""}},"ast-content-background-meta":{"desktop":{"background-color":"var(--ast-global-color-5)","background-image":"","background-repeat":"repeat","background-position":"center center","background-size":"auto","background-attachment":"scroll","background-type":"","background-media":"","overlay-type":"","overlay-color":"","overlay-opacity":"","overlay-gradient":""},"tablet":{"background-color":"var(--ast-global-color-5)","background-image":"","background-repeat":"repeat","background-position":"center center","background-size":"auto","background-attachment":"scroll","background-type":"","background-media":"","overlay-type":"","overlay-color":"","overlay-opacity":"","overlay-gradient":""},"mobile":{"background-color":"var(--ast-global-color-5)","background-image":"","background-repeat":"repeat","background-position":"center center","background-size":"auto","background-attachment":"scroll","background-type":"","background-media":"","overlay-type":"","overlay-color":"","overlay-opacity":"","overlay-gradient":""}}},"product_brand":[],"product_cat":[121],"product_tag":[],"class_list":{"0":"post-2805","1":"product","2":"type-product","3":"status-publish","4":"has-post-thumbnail","6":"product_cat-lentilles-intraoculaires","7":"desktop-align-left","8":"tablet-align-left","9":"mobile-align-left","10":"ast-product-gallery-layout-first-image-large","11":"ast-product-tabs-layout-horizontal","13":"first","14":"instock","15":"shipping-taxable","16":"product-type-simple"},"acf":[],"yoast_head":"<!-- This site is optimized with the Yoast SEO plugin v26.3 - https:\/\/yoast.com\/wordpress\/plugins\/seo\/ -->\n<title>LENTIS Comfort - Simovision - Professional<\/title>\n<meta name=\"robots\" content=\"index, follow, max-snippet:-1, max-image-preview:large, max-video-preview:-1\" \/>\n<link rel=\"canonical\" href=\"https:\/\/simovision.be\/professional\/fr\/produit\/lentis-comfort\/\" \/>\n<meta property=\"og:locale\" content=\"fr_FR\" \/>\n<meta property=\"og:type\" content=\"article\" \/>\n<meta property=\"og:title\" content=\"LENTIS Comfort - Simovision - Professional\" \/>\n<meta property=\"og:description\" content=\"LIO EDoF \u00e0 optique segment\u00e9e avanc\u00e9e   Grande zone optique pour la vision de loin  Optique centrale sans zone de transition  Segment permettant une vision continue jusqu\u2019\u00e0 la distance interm\u00e9diaire gr\u00e2ce \u00e0 un effet varifocal\" \/>\n<meta property=\"og:url\" content=\"https:\/\/simovision.be\/professional\/fr\/produit\/lentis-comfort\/\" \/>\n<meta property=\"og:site_name\" content=\"Simovision - Professional\" \/>\n<meta property=\"article:modified_time\" content=\"2026-03-19T09:24:21+00:00\" \/>\n<meta property=\"og:image\" content=\"https:\/\/simovision.be\/professional\/wp-content\/uploads\/sites\/2\/2025\/06\/00-LENTIS-Comfort-01.webp\" \/>\n\t<meta property=\"og:image:width\" content=\"1000\" \/>\n\t<meta property=\"og:image:height\" content=\"666\" \/>\n\t<meta property=\"og:image:type\" content=\"image\/webp\" \/>\n<meta name=\"twitter:card\" content=\"summary_large_image\" \/>\n<meta name=\"twitter:label1\" content=\"Dur\u00e9e de lecture estim\u00e9e\" \/>\n\t<meta name=\"twitter:data1\" content=\"2 minutes\" \/>\n<script type=\"application\/ld+json\" class=\"yoast-schema-graph\">{\"@context\":\"https:\/\/schema.org\",\"@graph\":[{\"@type\":\"WebPage\",\"@id\":\"https:\/\/simovision.be\/professional\/fr\/produit\/lentis-comfort\/\",\"url\":\"https:\/\/simovision.be\/professional\/fr\/produit\/lentis-comfort\/\",\"name\":\"LENTIS Comfort - Simovision - Professional\",\"isPartOf\":{\"@id\":\"https:\/\/simovision.be\/professional\/fr\/#website\"},\"primaryImageOfPage\":{\"@id\":\"https:\/\/simovision.be\/professional\/fr\/produit\/lentis-comfort\/#primaryimage\"},\"image\":{\"@id\":\"https:\/\/simovision.be\/professional\/fr\/produit\/lentis-comfort\/#primaryimage\"},\"thumbnailUrl\":\"https:\/\/simovision.be\/professional\/wp-content\/uploads\/sites\/2\/2025\/03\/edof_compass_lenses.png\",\"datePublished\":\"2025-03-21T12:18:37+00:00\",\"dateModified\":\"2026-03-19T09:24:21+00:00\",\"breadcrumb\":{\"@id\":\"https:\/\/simovision.be\/professional\/fr\/produit\/lentis-comfort\/#breadcrumb\"},\"inLanguage\":\"fr-FR\",\"potentialAction\":[{\"@type\":\"ReadAction\",\"target\":[\"https:\/\/simovision.be\/professional\/fr\/produit\/lentis-comfort\/\"]}]},{\"@type\":\"ImageObject\",\"inLanguage\":\"fr-FR\",\"@id\":\"https:\/\/simovision.be\/professional\/fr\/produit\/lentis-comfort\/#primaryimage\",\"url\":\"https:\/\/simovision.be\/professional\/wp-content\/uploads\/sites\/2\/2025\/03\/edof_compass_lenses.png\",\"contentUrl\":\"https:\/\/simovision.be\/professional\/wp-content\/uploads\/sites\/2\/2025\/03\/edof_compass_lenses.png\",\"width\":1000,\"height\":666,\"caption\":\"LENTIS Comfort\"},{\"@type\":\"BreadcrumbList\",\"@id\":\"https:\/\/simovision.be\/professional\/fr\/produit\/lentis-comfort\/#breadcrumb\",\"itemListElement\":[{\"@type\":\"ListItem\",\"position\":1,\"name\":\"Home\",\"item\":\"https:\/\/simovision.be\/professional\/fr\/\"},{\"@type\":\"ListItem\",\"position\":2,\"name\":\"Boutique\",\"item\":\"https:\/\/simovision.be\/professional\/winkel\/\"},{\"@type\":\"ListItem\",\"position\":3,\"name\":\"LENTIS Comfort\"}]},{\"@type\":\"WebSite\",\"@id\":\"https:\/\/simovision.be\/professional\/fr\/#website\",\"url\":\"https:\/\/simovision.be\/professional\/fr\/\",\"name\":\"Simovision - Professional\",\"description\":\"\",\"publisher\":{\"@id\":\"https:\/\/simovision.be\/professional\/fr\/#organization\"},\"potentialAction\":[{\"@type\":\"SearchAction\",\"target\":{\"@type\":\"EntryPoint\",\"urlTemplate\":\"https:\/\/simovision.be\/professional\/fr\/?s={search_term_string}\"},\"query-input\":{\"@type\":\"PropertyValueSpecification\",\"valueRequired\":true,\"valueName\":\"search_term_string\"}}],\"inLanguage\":\"fr-FR\"},{\"@type\":\"Organization\",\"@id\":\"https:\/\/simovision.be\/professional\/fr\/#organization\",\"name\":\"Simovision\",\"url\":\"https:\/\/simovision.be\/professional\/fr\/\",\"logo\":{\"@type\":\"ImageObject\",\"inLanguage\":\"fr-FR\",\"@id\":\"https:\/\/simovision.be\/professional\/fr\/#\/schema\/logo\/image\/\",\"url\":\"https:\/\/simovision.be\/professional\/wp-content\/uploads\/sites\/2\/2025\/06\/Logo_Simovision_Hilco_Vision_Pantone_7700C-kopie.webp\",\"contentUrl\":\"https:\/\/simovision.be\/professional\/wp-content\/uploads\/sites\/2\/2025\/06\/Logo_Simovision_Hilco_Vision_Pantone_7700C-kopie.webp\",\"width\":2000,\"height\":1021,\"caption\":\"Simovision\"},\"image\":{\"@id\":\"https:\/\/simovision.be\/professional\/fr\/#\/schema\/logo\/image\/\"},\"sameAs\":[\"https:\/\/www.linkedin.com\/company\/simovision\"]}]}<\/script>\n<!-- \/ Yoast SEO plugin. -->","yoast_head_json":{"title":"LENTIS Comfort - Simovision - Professional","robots":{"index":"index","follow":"follow","max-snippet":"max-snippet:-1","max-image-preview":"max-image-preview:large","max-video-preview":"max-video-preview:-1"},"canonical":"https:\/\/simovision.be\/professional\/fr\/produit\/lentis-comfort\/","og_locale":"fr_FR","og_type":"article","og_title":"LENTIS Comfort - Simovision - Professional","og_description":"LIO EDoF \u00e0 optique segment\u00e9e avanc\u00e9e   Grande zone optique pour la vision de loin  Optique centrale sans zone de transition  Segment permettant une vision continue jusqu\u2019\u00e0 la distance interm\u00e9diaire gr\u00e2ce \u00e0 un effet varifocal","og_url":"https:\/\/simovision.be\/professional\/fr\/produit\/lentis-comfort\/","og_site_name":"Simovision - Professional","article_modified_time":"2026-03-19T09:24:21+00:00","og_image":[{"width":1000,"height":666,"url":"https:\/\/simovision.be\/professional\/wp-content\/uploads\/sites\/2\/2025\/06\/00-LENTIS-Comfort-01.webp","type":"image\/webp"}],"twitter_card":"summary_large_image","twitter_misc":{"Dur\u00e9e de lecture estim\u00e9e":"2 minutes"},"schema":{"@context":"https:\/\/schema.org","@graph":[{"@type":"WebPage","@id":"https:\/\/simovision.be\/professional\/fr\/produit\/lentis-comfort\/","url":"https:\/\/simovision.be\/professional\/fr\/produit\/lentis-comfort\/","name":"LENTIS Comfort - Simovision - Professional","isPartOf":{"@id":"https:\/\/simovision.be\/professional\/fr\/#website"},"primaryImageOfPage":{"@id":"https:\/\/simovision.be\/professional\/fr\/produit\/lentis-comfort\/#primaryimage"},"image":{"@id":"https:\/\/simovision.be\/professional\/fr\/produit\/lentis-comfort\/#primaryimage"},"thumbnailUrl":"https:\/\/simovision.be\/professional\/wp-content\/uploads\/sites\/2\/2025\/03\/edof_compass_lenses.png","datePublished":"2025-03-21T12:18:37+00:00","dateModified":"2026-03-19T09:24:21+00:00","breadcrumb":{"@id":"https:\/\/simovision.be\/professional\/fr\/produit\/lentis-comfort\/#breadcrumb"},"inLanguage":"fr-FR","potentialAction":[{"@type":"ReadAction","target":["https:\/\/simovision.be\/professional\/fr\/produit\/lentis-comfort\/"]}]},{"@type":"ImageObject","inLanguage":"fr-FR","@id":"https:\/\/simovision.be\/professional\/fr\/produit\/lentis-comfort\/#primaryimage","url":"https:\/\/simovision.be\/professional\/wp-content\/uploads\/sites\/2\/2025\/03\/edof_compass_lenses.png","contentUrl":"https:\/\/simovision.be\/professional\/wp-content\/uploads\/sites\/2\/2025\/03\/edof_compass_lenses.png","width":1000,"height":666,"caption":"LENTIS Comfort"},{"@type":"BreadcrumbList","@id":"https:\/\/simovision.be\/professional\/fr\/produit\/lentis-comfort\/#breadcrumb","itemListElement":[{"@type":"ListItem","position":1,"name":"Home","item":"https:\/\/simovision.be\/professional\/fr\/"},{"@type":"ListItem","position":2,"name":"Boutique","item":"https:\/\/simovision.be\/professional\/winkel\/"},{"@type":"ListItem","position":3,"name":"LENTIS Comfort"}]},{"@type":"WebSite","@id":"https:\/\/simovision.be\/professional\/fr\/#website","url":"https:\/\/simovision.be\/professional\/fr\/","name":"Simovision - Professional","description":"","publisher":{"@id":"https:\/\/simovision.be\/professional\/fr\/#organization"},"potentialAction":[{"@type":"SearchAction","target":{"@type":"EntryPoint","urlTemplate":"https:\/\/simovision.be\/professional\/fr\/?s={search_term_string}"},"query-input":{"@type":"PropertyValueSpecification","valueRequired":true,"valueName":"search_term_string"}}],"inLanguage":"fr-FR"},{"@type":"Organization","@id":"https:\/\/simovision.be\/professional\/fr\/#organization","name":"Simovision","url":"https:\/\/simovision.be\/professional\/fr\/","logo":{"@type":"ImageObject","inLanguage":"fr-FR","@id":"https:\/\/simovision.be\/professional\/fr\/#\/schema\/logo\/image\/","url":"https:\/\/simovision.be\/professional\/wp-content\/uploads\/sites\/2\/2025\/06\/Logo_Simovision_Hilco_Vision_Pantone_7700C-kopie.webp","contentUrl":"https:\/\/simovision.be\/professional\/wp-content\/uploads\/sites\/2\/2025\/06\/Logo_Simovision_Hilco_Vision_Pantone_7700C-kopie.webp","width":2000,"height":1021,"caption":"Simovision"},"image":{"@id":"https:\/\/simovision.be\/professional\/fr\/#\/schema\/logo\/image\/"},"sameAs":["https:\/\/www.linkedin.com\/company\/simovision"]}]}},"_links":{"self":[{"href":"https:\/\/simovision.be\/professional\/fr\/wp-json\/wp\/v2\/product\/2805","targetHints":{"allow":["GET"]}}],"collection":[{"href":"https:\/\/simovision.be\/professional\/fr\/wp-json\/wp\/v2\/product"}],"about":[{"href":"https:\/\/simovision.be\/professional\/fr\/wp-json\/wp\/v2\/types\/product"}],"wp:featuredmedia":[{"embeddable":true,"href":"https:\/\/simovision.be\/professional\/fr\/wp-json\/wp\/v2\/media\/7216"}],"wp:attachment":[{"href":"https:\/\/simovision.be\/professional\/fr\/wp-json\/wp\/v2\/media?parent=2805"}],"wp:term":[{"taxonomy":"product_brand","embeddable":true,"href":"https:\/\/simovision.be\/professional\/fr\/wp-json\/wp\/v2\/product_brand?post=2805"},{"taxonomy":"product_cat","embeddable":true,"href":"https:\/\/simovision.be\/professional\/fr\/wp-json\/wp\/v2\/product_cat?post=2805"},{"taxonomy":"product_tag","embeddable":true,"href":"https:\/\/simovision.be\/professional\/fr\/wp-json\/wp\/v2\/product_tag?post=2805"}],"curies":[{"name":"wp","href":"https:\/\/api.w.org\/{rel}","templated":true}]}}