{"id":2798,"date":"2025-03-20T09:56:47","date_gmt":"2025-03-20T08:56:47","guid":{"rendered":"https:\/\/simovision.be\/professional\/product\/axialis\/"},"modified":"2025-09-22T12:09:48","modified_gmt":"2025-09-22T10:09:48","slug":"axialis","status":"publish","type":"product","link":"https:\/\/simovision.be\/professional\/fr\/produit\/axialis\/","title":{"rendered":"AXIalis"},"content":{"rendered":"<h3><strong>La pr\u00e9cision sans compromis<\/strong><\/h3>\n<p><strong>AXIalis<\/strong>\u2122\u202fest la nouvelle g\u00e9n\u00e9ration de\u202fbiom\u00e8tre et pachym\u00e8tre\u202f(en option)\u202fint\u00e9gr\u00e9 et compact.<\/p>\n<p>La biom\u00e9trie par ultrasons est compl\u00e9mentaire \u00e0 la biom\u00e9trie optique quand une cataracte est tr\u00e8s dense ou dans le cas d\u2019une h\u00e9morragie vitr\u00e9enne. AXIalis\u2122 est tr\u00e8s pr\u00e9cis pour la biom\u00e9trie, pour le calcul d\u2019implant avec un total de 12 formules (incluant les formules post chirurgie r\u00e9fractive) et pour la pachym\u00e9trie (en option) avec les tables int\u00e9gr\u00e9es de corr\u00e9lations entre la PIO et l\u2019\u00e9paisseur corn\u00e9enne.<\/p>\n<h3><strong>3 avantages de choisir\u202fAXIalis<sup>\u00ae<\/sup><\/strong><\/h3>\n<h4>Pr\u00e9cision de mesure<\/h4>\n<p>La pr\u00e9cision de mesure est plus fiable gr\u00e2ce \u00e0 une technique d\u2019immersion pour la biom\u00e9trie.<br \/>\nCette pr\u00e9cision est n\u00e9cessaire pour la nouvelle g\u00e9n\u00e9ration de LIO comme les lentilles multifocales. La technique d\u2019immersion requiert l\u2019utilisation d\u2019une coque scl\u00e9rale.<\/p>\n<h4>Maniabilit\u00e9<\/h4>\n<p><span style=\"font-size: 16px\">AXIalis s\u2019adapte \u00e0 tous les types d\u2019installations cliniques gr\u00e2ce \u00e0 son design compact et int\u00e9gr\u00e9, sans compromettre le confort d\u2019utilisation.<br \/>\n<\/span><span style=\"font-size: 16px\">Une interface facile d\u2019utilisation permettant une navigation simple \u00e0 travers tous les calculs et les fonctions de syst\u00e8me. Le proc\u00e9d\u00e9 de mesure a \u00e9t\u00e9 simplifi\u00e9 pour gagner du temps. <\/span><\/p>\n<h4>Connectivit\u00e9<\/h4>\n<p><span style=\"font-size: 16px\">AXIalis a une offre compl\u00e8te de connectivit\u00e9s\u202f:<\/span><\/p>\n<ul>\n<li style=\"list-style-type: none\">\n<ul>\n<li><strong>Bluetooth \/ wifi<\/strong><\/li>\n<li><strong>HDMI\u202f<\/strong>pour connecter un \u00e9cran externe<\/li>\n<li><strong>DICOM<\/strong>: importer et exporter des images et des rapports de patients au PACS ou depuis PACS. Les rapports et images peuvent \u00eatre imprim\u00e9es par une imprimante DICOM ou une imprimante locale WIFI.<\/li>\n<li><strong>ERM<\/strong>: connexion \u00e0 de multiples logiciels de transfert et stockage de donn\u00e9es.<\/li>\n<\/ul>\n<\/li>\n<\/ul>\n<h3><strong>Trouvez la sonde\u202fadapt\u00e9e \u00e0 vos besoins<\/strong><\/h3>\n<h4>Sonde de biom\u00e9trie<\/h4>\n<p>La biom\u00e9trie par ultrasons est la seule technologie permettant une mesure axiale sur tous types d\u2019\u0153il, quelle que soit la densit\u00e9 de la cataracte.<\/p>\n<h4>ProBeam (option)<\/h4>\n<p>ProBeam\u2122 brevet\u00e9e est une exclusivit\u00e9 de Quantel Medical. Cette sonde g\u00e9n\u00e8re un faisceau laser qui offre un point de fixation pour le patient. Cela facilite la mesure tout en augmentant l\u2019aisance d\u2019acquisition <sup>[1]<\/sup>.<\/p>\n<h4>Sonde de pachym\u00e9trie (option)<\/h4>\n<p>Essentielle dans le diagnostic du glaucome, la pachym\u00e9trie de l\u2019AXIalis\u2122 dispose de plusieurs modes de mesures avec une pr\u00e9cision de \u00b1 5 microns et une plage de mesures de 200 \u00e0 999 microns. La correction des mesures de PIO peut se faire \u00e0 l\u2019aide de tables int\u00e9gr\u00e9es de corr\u00e9lations entre la PIO et l\u2019\u00e9paisseur corn\u00e9enne.<\/p>\n","protected":false},"excerpt":{"rendered":"<p><img loading=\"lazy\" decoding=\"async\" class=\"alignnone size-full wp-image-4986\" src=\"https:\/\/simovision.be\/professional\/wp-content\/uploads\/sites\/2\/2025\/06\/Logo_Quantel_Medical_tease.png\" alt=\"\" width=\"96\" height=\"40\" srcset=\"https:\/\/simovision.be\/professional\/wp-content\/uploads\/sites\/2\/2025\/06\/Logo_Quantel_Medical_tease.png 96w, https:\/\/simovision.be\/professional\/wp-content\/uploads\/sites\/2\/2025\/06\/Logo_Quantel_Medical_tease-64x27.png 64w\" sizes=\"auto, (max-width: 96px) 100vw, 96px\" \/><\/p>\n<ul>\n<li>La pachym\u00e9trie (optionnel) peut \u00eatre mesur\u00e9e selon plusieurs modes, offrant une pr\u00e9cision de \u00b1 5 \u00b5m.<\/li>\n<li>Une connectivit\u00e9 compl\u00e8te et actualis\u00e9e : Bluetooth \/ Wifi \/ HDMI \/ EMR \/ DICOM (en option).<\/li>\n<li>Une interface intuitive et conviviale pour simplifier la prise de mesure.<\/li>\n<\/ul>\n","protected":false},"featured_media":4633,"template":"","meta":{"_acf_changed":false,"content-type":"","site-sidebar-layout":"default","site-content-layout":"","ast-site-content-layout":"default","site-content-style":"default","site-sidebar-style":"default","ast-global-header-display":"","ast-banner-title-visibility":"","ast-main-header-display":"","ast-hfb-above-header-display":"","ast-hfb-below-header-display":"","ast-hfb-mobile-header-display":"","site-post-title":"","ast-breadcrumbs-content":"","ast-featured-img":"","footer-sml-layout":"","theme-transparent-header-meta":"default","adv-header-id-meta":"","stick-header-meta":"default","header-above-stick-meta":"","header-main-stick-meta":"","header-below-stick-meta":"","astra-migrate-meta-layouts":"set","ast-page-background-enabled":"default","ast-page-background-meta":{"desktop":{"background-color":"var(--ast-global-color-4)","background-image":"","background-repeat":"repeat","background-position":"center center","background-size":"auto","background-attachment":"scroll","background-type":"","background-media":"","overlay-type":"","overlay-color":"","overlay-opacity":"","overlay-gradient":""},"tablet":{"background-color":"","background-image":"","background-repeat":"repeat","background-position":"center center","background-size":"auto","background-attachment":"scroll","background-type":"","background-media":"","overlay-type":"","overlay-color":"","overlay-opacity":"","overlay-gradient":""},"mobile":{"background-color":"","background-image":"","background-repeat":"repeat","background-position":"center center","background-size":"auto","background-attachment":"scroll","background-type":"","background-media":"","overlay-type":"","overlay-color":"","overlay-opacity":"","overlay-gradient":""}},"ast-content-background-meta":{"desktop":{"background-color":"var(--ast-global-color-5)","background-image":"","background-repeat":"repeat","background-position":"center center","background-size":"auto","background-attachment":"scroll","background-type":"","background-media":"","overlay-type":"","overlay-color":"","overlay-opacity":"","overlay-gradient":""},"tablet":{"background-color":"var(--ast-global-color-5)","background-image":"","background-repeat":"repeat","background-position":"center center","background-size":"auto","background-attachment":"scroll","background-type":"","background-media":"","overlay-type":"","overlay-color":"","overlay-opacity":"","overlay-gradient":""},"mobile":{"background-color":"var(--ast-global-color-5)","background-image":"","background-repeat":"repeat","background-position":"center center","background-size":"auto","background-attachment":"scroll","background-type":"","background-media":"","overlay-type":"","overlay-color":"","overlay-opacity":"","overlay-gradient":""}}},"product_brand":[],"product_cat":[136],"product_tag":[],"class_list":{"0":"post-2798","1":"product","2":"type-product","3":"status-publish","4":"has-post-thumbnail","6":"product_cat-echographe-fr","7":"desktop-align-left","8":"tablet-align-left","9":"mobile-align-left","10":"ast-product-gallery-layout-first-image-large","11":"ast-product-gallery-with-no-image","12":"ast-product-tabs-layout-horizontal","14":"first","15":"instock","16":"shipping-taxable","17":"product-type-simple"},"acf":[],"yoast_head":"<!-- This site is optimized with the Yoast SEO plugin v26.3 - https:\/\/yoast.com\/wordpress\/plugins\/seo\/ -->\n<title>AXIalis - Simovision - Professional<\/title>\n<meta name=\"robots\" content=\"index, follow, max-snippet:-1, max-image-preview:large, max-video-preview:-1\" \/>\n<link rel=\"canonical\" href=\"https:\/\/simovision.be\/professional\/fr\/produit\/axialis\/\" \/>\n<meta property=\"og:locale\" content=\"fr_FR\" \/>\n<meta property=\"og:type\" content=\"article\" \/>\n<meta property=\"og:title\" content=\"AXIalis - Simovision - Professional\" \/>\n<meta property=\"og:description\" content=\"La pachym\u00e9trie (optionnel) peut \u00eatre mesur\u00e9e selon plusieurs modes, offrant une pr\u00e9cision de \u00b1 5 \u00b5m.  Une connectivit\u00e9 compl\u00e8te et actualis\u00e9e : Bluetooth \/ Wifi \/ HDMI \/ EMR \/ DICOM (en option).  Une interface intuitive et conviviale pour simplifier la prise de mesure.\" \/>\n<meta property=\"og:url\" content=\"https:\/\/simovision.be\/professional\/fr\/produit\/axialis\/\" \/>\n<meta property=\"og:site_name\" content=\"Simovision - Professional\" \/>\n<meta property=\"article:modified_time\" content=\"2025-09-22T10:09:48+00:00\" \/>\n<meta property=\"og:image\" content=\"https:\/\/simovision.be\/professional\/wp-content\/uploads\/sites\/2\/2025\/03\/AXIalis-1.webp\" \/>\n\t<meta property=\"og:image:width\" content=\"1000\" \/>\n\t<meta property=\"og:image:height\" content=\"666\" \/>\n\t<meta property=\"og:image:type\" content=\"image\/webp\" \/>\n<meta name=\"twitter:card\" content=\"summary_large_image\" \/>\n<meta name=\"twitter:label1\" content=\"Dur\u00e9e de lecture estim\u00e9e\" \/>\n\t<meta name=\"twitter:data1\" content=\"3 minutes\" \/>\n<script type=\"application\/ld+json\" class=\"yoast-schema-graph\">{\"@context\":\"https:\/\/schema.org\",\"@graph\":[{\"@type\":\"WebPage\",\"@id\":\"https:\/\/simovision.be\/professional\/fr\/produit\/axialis\/\",\"url\":\"https:\/\/simovision.be\/professional\/fr\/produit\/axialis\/\",\"name\":\"AXIalis - Simovision - Professional\",\"isPartOf\":{\"@id\":\"https:\/\/simovision.be\/professional\/fr\/#website\"},\"primaryImageOfPage\":{\"@id\":\"https:\/\/simovision.be\/professional\/fr\/produit\/axialis\/#primaryimage\"},\"image\":{\"@id\":\"https:\/\/simovision.be\/professional\/fr\/produit\/axialis\/#primaryimage\"},\"thumbnailUrl\":\"https:\/\/simovision.be\/professional\/wp-content\/uploads\/sites\/2\/2025\/03\/AXIalis-1.webp\",\"datePublished\":\"2025-03-20T08:56:47+00:00\",\"dateModified\":\"2025-09-22T10:09:48+00:00\",\"breadcrumb\":{\"@id\":\"https:\/\/simovision.be\/professional\/fr\/produit\/axialis\/#breadcrumb\"},\"inLanguage\":\"fr-FR\",\"potentialAction\":[{\"@type\":\"ReadAction\",\"target\":[\"https:\/\/simovision.be\/professional\/fr\/produit\/axialis\/\"]}]},{\"@type\":\"ImageObject\",\"inLanguage\":\"fr-FR\",\"@id\":\"https:\/\/simovision.be\/professional\/fr\/produit\/axialis\/#primaryimage\",\"url\":\"https:\/\/simovision.be\/professional\/wp-content\/uploads\/sites\/2\/2025\/03\/AXIalis-1.webp\",\"contentUrl\":\"https:\/\/simovision.be\/professional\/wp-content\/uploads\/sites\/2\/2025\/03\/AXIalis-1.webp\",\"width\":1000,\"height\":666},{\"@type\":\"BreadcrumbList\",\"@id\":\"https:\/\/simovision.be\/professional\/fr\/produit\/axialis\/#breadcrumb\",\"itemListElement\":[{\"@type\":\"ListItem\",\"position\":1,\"name\":\"Home\",\"item\":\"https:\/\/simovision.be\/professional\/fr\/\"},{\"@type\":\"ListItem\",\"position\":2,\"name\":\"Boutique\",\"item\":\"https:\/\/simovision.be\/professional\/winkel\/\"},{\"@type\":\"ListItem\",\"position\":3,\"name\":\"AXIalis\"}]},{\"@type\":\"WebSite\",\"@id\":\"https:\/\/simovision.be\/professional\/fr\/#website\",\"url\":\"https:\/\/simovision.be\/professional\/fr\/\",\"name\":\"Simovision - Professional\",\"description\":\"\",\"publisher\":{\"@id\":\"https:\/\/simovision.be\/professional\/fr\/#organization\"},\"potentialAction\":[{\"@type\":\"SearchAction\",\"target\":{\"@type\":\"EntryPoint\",\"urlTemplate\":\"https:\/\/simovision.be\/professional\/fr\/?s={search_term_string}\"},\"query-input\":{\"@type\":\"PropertyValueSpecification\",\"valueRequired\":true,\"valueName\":\"search_term_string\"}}],\"inLanguage\":\"fr-FR\"},{\"@type\":\"Organization\",\"@id\":\"https:\/\/simovision.be\/professional\/fr\/#organization\",\"name\":\"Simovision\",\"url\":\"https:\/\/simovision.be\/professional\/fr\/\",\"logo\":{\"@type\":\"ImageObject\",\"inLanguage\":\"fr-FR\",\"@id\":\"https:\/\/simovision.be\/professional\/fr\/#\/schema\/logo\/image\/\",\"url\":\"https:\/\/simovision.be\/professional\/wp-content\/uploads\/sites\/2\/2025\/06\/Logo_Simovision_Hilco_Vision_Pantone_7700C-kopie.webp\",\"contentUrl\":\"https:\/\/simovision.be\/professional\/wp-content\/uploads\/sites\/2\/2025\/06\/Logo_Simovision_Hilco_Vision_Pantone_7700C-kopie.webp\",\"width\":2000,\"height\":1021,\"caption\":\"Simovision\"},\"image\":{\"@id\":\"https:\/\/simovision.be\/professional\/fr\/#\/schema\/logo\/image\/\"},\"sameAs\":[\"https:\/\/www.linkedin.com\/company\/simovision\"]}]}<\/script>\n<!-- \/ Yoast SEO plugin. -->","yoast_head_json":{"title":"AXIalis - Simovision - Professional","robots":{"index":"index","follow":"follow","max-snippet":"max-snippet:-1","max-image-preview":"max-image-preview:large","max-video-preview":"max-video-preview:-1"},"canonical":"https:\/\/simovision.be\/professional\/fr\/produit\/axialis\/","og_locale":"fr_FR","og_type":"article","og_title":"AXIalis - Simovision - Professional","og_description":"La pachym\u00e9trie (optionnel) peut \u00eatre mesur\u00e9e selon plusieurs modes, offrant une pr\u00e9cision de \u00b1 5 \u00b5m.  Une connectivit\u00e9 compl\u00e8te et actualis\u00e9e : Bluetooth \/ Wifi \/ HDMI \/ EMR \/ DICOM (en option).  Une interface intuitive et conviviale pour simplifier la prise de mesure.","og_url":"https:\/\/simovision.be\/professional\/fr\/produit\/axialis\/","og_site_name":"Simovision - Professional","article_modified_time":"2025-09-22T10:09:48+00:00","og_image":[{"width":1000,"height":666,"url":"https:\/\/simovision.be\/professional\/wp-content\/uploads\/sites\/2\/2025\/03\/AXIalis-1.webp","type":"image\/webp"}],"twitter_card":"summary_large_image","twitter_misc":{"Dur\u00e9e de lecture estim\u00e9e":"3 minutes"},"schema":{"@context":"https:\/\/schema.org","@graph":[{"@type":"WebPage","@id":"https:\/\/simovision.be\/professional\/fr\/produit\/axialis\/","url":"https:\/\/simovision.be\/professional\/fr\/produit\/axialis\/","name":"AXIalis - Simovision - Professional","isPartOf":{"@id":"https:\/\/simovision.be\/professional\/fr\/#website"},"primaryImageOfPage":{"@id":"https:\/\/simovision.be\/professional\/fr\/produit\/axialis\/#primaryimage"},"image":{"@id":"https:\/\/simovision.be\/professional\/fr\/produit\/axialis\/#primaryimage"},"thumbnailUrl":"https:\/\/simovision.be\/professional\/wp-content\/uploads\/sites\/2\/2025\/03\/AXIalis-1.webp","datePublished":"2025-03-20T08:56:47+00:00","dateModified":"2025-09-22T10:09:48+00:00","breadcrumb":{"@id":"https:\/\/simovision.be\/professional\/fr\/produit\/axialis\/#breadcrumb"},"inLanguage":"fr-FR","potentialAction":[{"@type":"ReadAction","target":["https:\/\/simovision.be\/professional\/fr\/produit\/axialis\/"]}]},{"@type":"ImageObject","inLanguage":"fr-FR","@id":"https:\/\/simovision.be\/professional\/fr\/produit\/axialis\/#primaryimage","url":"https:\/\/simovision.be\/professional\/wp-content\/uploads\/sites\/2\/2025\/03\/AXIalis-1.webp","contentUrl":"https:\/\/simovision.be\/professional\/wp-content\/uploads\/sites\/2\/2025\/03\/AXIalis-1.webp","width":1000,"height":666},{"@type":"BreadcrumbList","@id":"https:\/\/simovision.be\/professional\/fr\/produit\/axialis\/#breadcrumb","itemListElement":[{"@type":"ListItem","position":1,"name":"Home","item":"https:\/\/simovision.be\/professional\/fr\/"},{"@type":"ListItem","position":2,"name":"Boutique","item":"https:\/\/simovision.be\/professional\/winkel\/"},{"@type":"ListItem","position":3,"name":"AXIalis"}]},{"@type":"WebSite","@id":"https:\/\/simovision.be\/professional\/fr\/#website","url":"https:\/\/simovision.be\/professional\/fr\/","name":"Simovision - Professional","description":"","publisher":{"@id":"https:\/\/simovision.be\/professional\/fr\/#organization"},"potentialAction":[{"@type":"SearchAction","target":{"@type":"EntryPoint","urlTemplate":"https:\/\/simovision.be\/professional\/fr\/?s={search_term_string}"},"query-input":{"@type":"PropertyValueSpecification","valueRequired":true,"valueName":"search_term_string"}}],"inLanguage":"fr-FR"},{"@type":"Organization","@id":"https:\/\/simovision.be\/professional\/fr\/#organization","name":"Simovision","url":"https:\/\/simovision.be\/professional\/fr\/","logo":{"@type":"ImageObject","inLanguage":"fr-FR","@id":"https:\/\/simovision.be\/professional\/fr\/#\/schema\/logo\/image\/","url":"https:\/\/simovision.be\/professional\/wp-content\/uploads\/sites\/2\/2025\/06\/Logo_Simovision_Hilco_Vision_Pantone_7700C-kopie.webp","contentUrl":"https:\/\/simovision.be\/professional\/wp-content\/uploads\/sites\/2\/2025\/06\/Logo_Simovision_Hilco_Vision_Pantone_7700C-kopie.webp","width":2000,"height":1021,"caption":"Simovision"},"image":{"@id":"https:\/\/simovision.be\/professional\/fr\/#\/schema\/logo\/image\/"},"sameAs":["https:\/\/www.linkedin.com\/company\/simovision"]}]}},"_links":{"self":[{"href":"https:\/\/simovision.be\/professional\/fr\/wp-json\/wp\/v2\/product\/2798","targetHints":{"allow":["GET"]}}],"collection":[{"href":"https:\/\/simovision.be\/professional\/fr\/wp-json\/wp\/v2\/product"}],"about":[{"href":"https:\/\/simovision.be\/professional\/fr\/wp-json\/wp\/v2\/types\/product"}],"wp:featuredmedia":[{"embeddable":true,"href":"https:\/\/simovision.be\/professional\/fr\/wp-json\/wp\/v2\/media\/4633"}],"wp:attachment":[{"href":"https:\/\/simovision.be\/professional\/fr\/wp-json\/wp\/v2\/media?parent=2798"}],"wp:term":[{"taxonomy":"product_brand","embeddable":true,"href":"https:\/\/simovision.be\/professional\/fr\/wp-json\/wp\/v2\/product_brand?post=2798"},{"taxonomy":"product_cat","embeddable":true,"href":"https:\/\/simovision.be\/professional\/fr\/wp-json\/wp\/v2\/product_cat?post=2798"},{"taxonomy":"product_tag","embeddable":true,"href":"https:\/\/simovision.be\/professional\/fr\/wp-json\/wp\/v2\/product_tag?post=2798"}],"curies":[{"name":"wp","href":"https:\/\/api.w.org\/{rel}","templated":true}]}}