{"id":2796,"date":"2025-03-20T09:30:30","date_gmt":"2025-03-20T08:30:30","guid":{"rendered":"https:\/\/simovision.be\/professional\/product\/ahmed-glaucoma-valve\/"},"modified":"2025-09-22T12:09:50","modified_gmt":"2025-09-22T10:09:50","slug":"ahmed-glaucoma-valve","status":"publish","type":"product","link":"https:\/\/simovision.be\/professional\/fr\/produit\/ahmed-glaucoma-valve\/","title":{"rendered":"Ahmed Glaucoma Valve"},"content":{"rendered":"<h3><strong>La \u00ab\u00a0valve Ahmed\u00a0\u00bb?<\/strong><\/h3>\n<p style=\"text-align: left\">Le <strong>glaucome <\/strong>ne peut \u00eatre <strong>r\u00e9solu <\/strong>qu&rsquo;en <strong>abaissant <\/strong>la <strong>pression intraoculaire<\/strong>. La \u00ab\u00a0<strong>valve Ahmed<\/strong>\u00a0\u00bb <strong>maintient <\/strong>cette <strong>pression <\/strong>de mani\u00e8re permanente, via une <strong>petite plaque<\/strong> avec un<strong> m\u00e9canisme de valve unique<\/strong>. Cette plaque est \u00e0 son tour <strong>connect\u00e9e <\/strong>\u00e0 un <strong>tube de drainage<\/strong> qui \u00e9limine <strong>l&rsquo;exc\u00e8s<\/strong> de <strong>liquide<\/strong> dans l&rsquo;\u0153il et abaisse ainsi la <strong>pression oculaire<\/strong> au <strong>niveau souhait\u00e9<\/strong>. Une fois implant\u00e9e, la pression de <strong>l\u2019humeur acqueuse<\/strong> dans l&rsquo;\u0153il et la fonction de la valve continuent \u00e0 <strong>interagir<\/strong>, <strong>emp\u00eachant <\/strong>\u00e0 la fois une <strong>d\u00e9charge excessive<\/strong>, aussi bien que la <strong>surpression<\/strong>.<\/p>\n<h4 style=\"text-align: left\">Historique<\/h4>\n<p style=\"text-align: left\">La <strong>diminution <\/strong>de la <strong>pression intra-oculaire<\/strong> est la seule m\u00e9thode efficace pour \u00e9viter la <strong>perte de vision<\/strong> pour les patients atteints de <strong>glaucome<\/strong>. Les <strong>patients <\/strong>atteints d&rsquo;une <strong>forme l\u00e9g\u00e8re<\/strong> de <strong>glaucome <\/strong>peuvent d\u00e9j\u00e0 \u00eatre aid\u00e9s avec un <strong>collyre <\/strong>sp\u00e9cifique. Si cette <strong>solution n&rsquo;est pas adapt\u00e9e<\/strong> ou si un glaucome plus <strong>s\u00e9v\u00e8re <\/strong>se manifeste, le <strong>traitement au laser<\/strong> ou par <strong>chirurgie <\/strong>est souvent l\u2019\u00e9tape suivante.<\/p>\n<p style=\"text-align: left\">Bien que chaque type de <strong>chirurgie<\/strong> comporte un risque de complications post-op\u00e9ratoire, cette approche est la <strong>plus efficace<\/strong> dans le <strong>traitement <\/strong>du <strong>glaucome r\u00e9fractaire<\/strong>.<\/p>\n<h4>Pourquoi la \u00ab\u00a0Valve Ahmed\u00a0\u00bb?<\/h4>\n<p style=\"text-align: left\">Il existe plusieurs implants similaires aujourd&rsquo;hui. Seule<strong> la Valve Ahmed<sup>\u00ae<\/sup> (AGV\u2122) <\/strong>offre une <strong>solution \u00e0 long terme<\/strong> pour la baisse de PIO avec une <strong>satisfaction \u00e9lev\u00e9e<\/strong>.<sup>1<\/sup> Bien que <strong>l&rsquo;implant <\/strong>se trouve \u00e0<strong> l&rsquo;ext\u00e9rieur de l&rsquo;\u0153il<\/strong>, il est <strong>invisible <\/strong>car il est recouvert par la conjonctive autour de l&rsquo;\u0153il et reste donc cach\u00e9. De plus, il n&rsquo;est \u00e9galement pas ressenti par le patient.<\/p>\n<h4 style=\"text-align: left\">Quand est-il recommand\u00e9?<\/h4>\n<p style=\"text-align: left\">La \u00ab\u00a0Valve Ahmed\u00a0\u00bb est <strong>recommand\u00e9e <\/strong>dans les cas de <strong>glaucome r\u00e9fractaire<\/strong>, en particulier lorsque <strong>d&rsquo;autres interventions chirurgicales<\/strong> ont \u00e9chou\u00e9es ou lorsque l\u2019on consulte la litt\u00e9rature qui semble montrer que les traitements chirurgicaux alternatifs n\u2019offrent pas de r\u00e9sultats positifs. Plus sp\u00e9cifiquement dans <strong>les cas suivants<\/strong> de <strong>glaucomes r\u00e9fractaires<\/strong>:<\/p>\n<ul style=\"text-align: left\">\n<li style=\"text-align: left\">Glaucome n\u00e9ovasculaire;<\/li>\n<li style=\"text-align: left\">Glaucome primitif \u00e0 angle ouvert (ne r\u00e9pondant pas aux m\u00e9dicaments);<\/li>\n<li style=\"text-align: left\">Glaucome cong\u00e9nital;<\/li>\n<li style=\"text-align: left\">Glaucome p\u00e9diatrique;<\/li>\n<li style=\"text-align: left\">Glaucome r\u00e9fractaire caus\u00e9 par l&rsquo;aphakie<sup>2<\/sup> ou l&rsquo;uv\u00e9ite.<\/li>\n<\/ul>\n<p><strong><br \/>\nBibliographie<\/strong><\/p>\n<hr \/>\n<ol style=\"font-size: 10px\">\n<li style=\"text-align: left\"><span style=\"font-size: 10pt\">New World Medical: https:\/\/www.newworldmedical.com\/NewWorldMedical\/AhmedGlaucomaValve<\/span><\/li>\n<li style=\"text-align: left\"><span style=\"font-size: 10pt\">Aphakia is the absence of the lens of the eye, due to surgical removal, a perforating wound or ulcer, or congenital anomaly.<\/span><\/li>\n<\/ol>\n","protected":false},"excerpt":{"rendered":"<p><img loading=\"lazy\" decoding=\"async\" class=\"alignnone size-full wp-image-5008\" src=\"https:\/\/simovision.be\/professional\/wp-content\/uploads\/sites\/2\/2025\/03\/Logo-newworldmedical_teaser.png\" alt=\"\" width=\"143\" height=\"40\" srcset=\"https:\/\/simovision.be\/professional\/wp-content\/uploads\/sites\/2\/2025\/03\/Logo-newworldmedical_teaser.png 143w, https:\/\/simovision.be\/professional\/wp-content\/uploads\/sites\/2\/2025\/03\/Logo-newworldmedical_teaser-64x18.png 64w\" sizes=\"auto, (max-width: 143px) 100vw, 143px\" \/><\/p>\n<p style=\"text-align: left\">Les propri\u00e9t\u00e9s suivantes du produit s&rsquo;appliquent:<\/p>\n<ul style=\"text-align: left\">\n<li style=\"text-align: left\">Fabriqu\u00e9 en<strong> silicone biocompatible<\/strong> adapt\u00e9 aux applications m\u00e9dicales;<\/li>\n<li style=\"text-align: left\"><strong>R\u00e9duction imm\u00e9diate de la pression intraoculaire;<\/strong><\/li>\n<li style=\"text-align: left\"><strong>M\u00e9canisme de valve unique et non-obstructif<\/strong> qui <strong>emp\u00eache <\/strong>le <strong>drainage excessif<\/strong> et <strong>l&rsquo;exc\u00e8s d&rsquo;humeur acqueuse;<\/strong><\/li>\n<li style=\"text-align: left\">Implantation via une proc\u00e9dure unique;<\/li>\n<li style=\"text-align: left\"><strong>Implantation facile<\/strong> gr\u00e2ce \u00e0 la <strong>forme conique<\/strong>;<\/li>\n<li style=\"text-align: left\">Perforations pour un <strong>drainage contr\u00f4l\u00e9<\/strong> de l\u2019humeur acqueuse.<\/li>\n<\/ul>\n","protected":false},"featured_media":3783,"template":"","meta":{"_acf_changed":false,"content-type":"","site-sidebar-layout":"default","site-content-layout":"","ast-site-content-layout":"default","site-content-style":"default","site-sidebar-style":"default","ast-global-header-display":"","ast-banner-title-visibility":"","ast-main-header-display":"","ast-hfb-above-header-display":"","ast-hfb-below-header-display":"","ast-hfb-mobile-header-display":"","site-post-title":"","ast-breadcrumbs-content":"","ast-featured-img":"","footer-sml-layout":"","theme-transparent-header-meta":"default","adv-header-id-meta":"","stick-header-meta":"default","header-above-stick-meta":"","header-main-stick-meta":"","header-below-stick-meta":"","astra-migrate-meta-layouts":"set","ast-page-background-enabled":"default","ast-page-background-meta":{"desktop":{"background-color":"var(--ast-global-color-4)","background-image":"","background-repeat":"repeat","background-position":"center center","background-size":"auto","background-attachment":"scroll","background-type":"","background-media":"","overlay-type":"","overlay-color":"","overlay-opacity":"","overlay-gradient":""},"tablet":{"background-color":"","background-image":"","background-repeat":"repeat","background-position":"center center","background-size":"auto","background-attachment":"scroll","background-type":"","background-media":"","overlay-type":"","overlay-color":"","overlay-opacity":"","overlay-gradient":""},"mobile":{"background-color":"","background-image":"","background-repeat":"repeat","background-position":"center center","background-size":"auto","background-attachment":"scroll","background-type":"","background-media":"","overlay-type":"","overlay-color":"","overlay-opacity":"","overlay-gradient":""}},"ast-content-background-meta":{"desktop":{"background-color":"var(--ast-global-color-5)","background-image":"","background-repeat":"repeat","background-position":"center center","background-size":"auto","background-attachment":"scroll","background-type":"","background-media":"","overlay-type":"","overlay-color":"","overlay-opacity":"","overlay-gradient":""},"tablet":{"background-color":"var(--ast-global-color-5)","background-image":"","background-repeat":"repeat","background-position":"center center","background-size":"auto","background-attachment":"scroll","background-type":"","background-media":"","overlay-type":"","overlay-color":"","overlay-opacity":"","overlay-gradient":""},"mobile":{"background-color":"var(--ast-global-color-5)","background-image":"","background-repeat":"repeat","background-position":"center center","background-size":"auto","background-attachment":"scroll","background-type":"","background-media":"","overlay-type":"","overlay-color":"","overlay-opacity":"","overlay-gradient":""}}},"product_brand":[],"product_cat":[133],"product_tag":[716],"class_list":{"0":"post-2796","1":"product","2":"type-product","3":"status-publish","4":"has-post-thumbnail","6":"product_cat-drainage-de-lhumeur-acqueuse","7":"product_tag-nl-fr","8":"desktop-align-left","9":"tablet-align-left","10":"mobile-align-left","11":"ast-product-gallery-layout-first-image-large","12":"ast-product-tabs-layout-horizontal","14":"first","15":"instock","16":"shipping-taxable","17":"product-type-simple"},"acf":[],"yoast_head":"<!-- This site is optimized with the Yoast SEO plugin v26.3 - https:\/\/yoast.com\/wordpress\/plugins\/seo\/ -->\n<title>Ahmed Glaucoma Valve - Simovision - Professional<\/title>\n<meta name=\"robots\" content=\"index, follow, max-snippet:-1, max-image-preview:large, max-video-preview:-1\" \/>\n<link rel=\"canonical\" href=\"https:\/\/simovision.be\/professional\/fr\/produit\/ahmed-glaucoma-valve\/\" \/>\n<meta property=\"og:locale\" content=\"fr_FR\" \/>\n<meta property=\"og:type\" content=\"article\" \/>\n<meta property=\"og:title\" content=\"Ahmed Glaucoma Valve - Simovision - Professional\" \/>\n<meta property=\"og:description\" content=\"Les propri\u00e9t\u00e9s suivantes du produit s&#039;appliquent:    Fabriqu\u00e9 en silicone biocompatible adapt\u00e9 aux applications m\u00e9dicales;  R\u00e9duction imm\u00e9diate de la pression intraoculaire;  M\u00e9canisme de valve unique et non-obstructif qui emp\u00eache le drainage excessif et l&#039;exc\u00e8s d&#039;humeur acqueuse;  Implantation via une proc\u00e9dure unique;  Implantation facile gr\u00e2ce \u00e0 la forme conique;  Perforations pour un drainage contr\u00f4l\u00e9 de l\u2019humeur acqueuse.\" \/>\n<meta property=\"og:url\" content=\"https:\/\/simovision.be\/professional\/fr\/produit\/ahmed-glaucoma-valve\/\" \/>\n<meta property=\"og:site_name\" content=\"Simovision - Professional\" \/>\n<meta property=\"article:modified_time\" content=\"2025-09-22T10:09:50+00:00\" \/>\n<meta property=\"og:image\" content=\"https:\/\/simovision.be\/professional\/wp-content\/uploads\/sites\/2\/2025\/03\/00-Ahmed-Glaucoma-Valve-01-1.webp\" \/>\n\t<meta property=\"og:image:width\" content=\"1000\" \/>\n\t<meta property=\"og:image:height\" content=\"666\" \/>\n\t<meta property=\"og:image:type\" content=\"image\/webp\" \/>\n<meta name=\"twitter:card\" content=\"summary_large_image\" \/>\n<meta name=\"twitter:label1\" content=\"Dur\u00e9e de lecture estim\u00e9e\" \/>\n\t<meta name=\"twitter:data1\" content=\"2 minutes\" \/>\n<script type=\"application\/ld+json\" class=\"yoast-schema-graph\">{\"@context\":\"https:\/\/schema.org\",\"@graph\":[{\"@type\":\"WebPage\",\"@id\":\"https:\/\/simovision.be\/professional\/fr\/produit\/ahmed-glaucoma-valve\/\",\"url\":\"https:\/\/simovision.be\/professional\/fr\/produit\/ahmed-glaucoma-valve\/\",\"name\":\"Ahmed Glaucoma Valve - Simovision - Professional\",\"isPartOf\":{\"@id\":\"https:\/\/simovision.be\/professional\/fr\/#website\"},\"primaryImageOfPage\":{\"@id\":\"https:\/\/simovision.be\/professional\/fr\/produit\/ahmed-glaucoma-valve\/#primaryimage\"},\"image\":{\"@id\":\"https:\/\/simovision.be\/professional\/fr\/produit\/ahmed-glaucoma-valve\/#primaryimage\"},\"thumbnailUrl\":\"https:\/\/simovision.be\/professional\/wp-content\/uploads\/sites\/2\/2025\/03\/00-Ahmed-Glaucoma-Valve-01-1.webp\",\"datePublished\":\"2025-03-20T08:30:30+00:00\",\"dateModified\":\"2025-09-22T10:09:50+00:00\",\"breadcrumb\":{\"@id\":\"https:\/\/simovision.be\/professional\/fr\/produit\/ahmed-glaucoma-valve\/#breadcrumb\"},\"inLanguage\":\"fr-FR\",\"potentialAction\":[{\"@type\":\"ReadAction\",\"target\":[\"https:\/\/simovision.be\/professional\/fr\/produit\/ahmed-glaucoma-valve\/\"]}]},{\"@type\":\"ImageObject\",\"inLanguage\":\"fr-FR\",\"@id\":\"https:\/\/simovision.be\/professional\/fr\/produit\/ahmed-glaucoma-valve\/#primaryimage\",\"url\":\"https:\/\/simovision.be\/professional\/wp-content\/uploads\/sites\/2\/2025\/03\/00-Ahmed-Glaucoma-Valve-01-1.webp\",\"contentUrl\":\"https:\/\/simovision.be\/professional\/wp-content\/uploads\/sites\/2\/2025\/03\/00-Ahmed-Glaucoma-Valve-01-1.webp\",\"width\":1000,\"height\":666},{\"@type\":\"BreadcrumbList\",\"@id\":\"https:\/\/simovision.be\/professional\/fr\/produit\/ahmed-glaucoma-valve\/#breadcrumb\",\"itemListElement\":[{\"@type\":\"ListItem\",\"position\":1,\"name\":\"Home\",\"item\":\"https:\/\/simovision.be\/professional\/fr\/\"},{\"@type\":\"ListItem\",\"position\":2,\"name\":\"Boutique\",\"item\":\"https:\/\/simovision.be\/professional\/winkel\/\"},{\"@type\":\"ListItem\",\"position\":3,\"name\":\"Ahmed Glaucoma Valve\"}]},{\"@type\":\"WebSite\",\"@id\":\"https:\/\/simovision.be\/professional\/fr\/#website\",\"url\":\"https:\/\/simovision.be\/professional\/fr\/\",\"name\":\"Simovision - Professional\",\"description\":\"\",\"publisher\":{\"@id\":\"https:\/\/simovision.be\/professional\/fr\/#organization\"},\"potentialAction\":[{\"@type\":\"SearchAction\",\"target\":{\"@type\":\"EntryPoint\",\"urlTemplate\":\"https:\/\/simovision.be\/professional\/fr\/?s={search_term_string}\"},\"query-input\":{\"@type\":\"PropertyValueSpecification\",\"valueRequired\":true,\"valueName\":\"search_term_string\"}}],\"inLanguage\":\"fr-FR\"},{\"@type\":\"Organization\",\"@id\":\"https:\/\/simovision.be\/professional\/fr\/#organization\",\"name\":\"Simovision\",\"url\":\"https:\/\/simovision.be\/professional\/fr\/\",\"logo\":{\"@type\":\"ImageObject\",\"inLanguage\":\"fr-FR\",\"@id\":\"https:\/\/simovision.be\/professional\/fr\/#\/schema\/logo\/image\/\",\"url\":\"https:\/\/simovision.be\/professional\/wp-content\/uploads\/sites\/2\/2025\/06\/Logo_Simovision_Hilco_Vision_Pantone_7700C-kopie.webp\",\"contentUrl\":\"https:\/\/simovision.be\/professional\/wp-content\/uploads\/sites\/2\/2025\/06\/Logo_Simovision_Hilco_Vision_Pantone_7700C-kopie.webp\",\"width\":2000,\"height\":1021,\"caption\":\"Simovision\"},\"image\":{\"@id\":\"https:\/\/simovision.be\/professional\/fr\/#\/schema\/logo\/image\/\"},\"sameAs\":[\"https:\/\/www.linkedin.com\/company\/simovision\"]}]}<\/script>\n<!-- \/ Yoast SEO plugin. -->","yoast_head_json":{"title":"Ahmed Glaucoma Valve - Simovision - Professional","robots":{"index":"index","follow":"follow","max-snippet":"max-snippet:-1","max-image-preview":"max-image-preview:large","max-video-preview":"max-video-preview:-1"},"canonical":"https:\/\/simovision.be\/professional\/fr\/produit\/ahmed-glaucoma-valve\/","og_locale":"fr_FR","og_type":"article","og_title":"Ahmed Glaucoma Valve - Simovision - Professional","og_description":"Les propri\u00e9t\u00e9s suivantes du produit s'appliquent:    Fabriqu\u00e9 en silicone biocompatible adapt\u00e9 aux applications m\u00e9dicales;  R\u00e9duction imm\u00e9diate de la pression intraoculaire;  M\u00e9canisme de valve unique et non-obstructif qui emp\u00eache le drainage excessif et l'exc\u00e8s d'humeur acqueuse;  Implantation via une proc\u00e9dure unique;  Implantation facile gr\u00e2ce \u00e0 la forme conique;  Perforations pour un drainage contr\u00f4l\u00e9 de l\u2019humeur acqueuse.","og_url":"https:\/\/simovision.be\/professional\/fr\/produit\/ahmed-glaucoma-valve\/","og_site_name":"Simovision - Professional","article_modified_time":"2025-09-22T10:09:50+00:00","og_image":[{"width":1000,"height":666,"url":"https:\/\/simovision.be\/professional\/wp-content\/uploads\/sites\/2\/2025\/03\/00-Ahmed-Glaucoma-Valve-01-1.webp","type":"image\/webp"}],"twitter_card":"summary_large_image","twitter_misc":{"Dur\u00e9e de lecture estim\u00e9e":"2 minutes"},"schema":{"@context":"https:\/\/schema.org","@graph":[{"@type":"WebPage","@id":"https:\/\/simovision.be\/professional\/fr\/produit\/ahmed-glaucoma-valve\/","url":"https:\/\/simovision.be\/professional\/fr\/produit\/ahmed-glaucoma-valve\/","name":"Ahmed Glaucoma Valve - Simovision - Professional","isPartOf":{"@id":"https:\/\/simovision.be\/professional\/fr\/#website"},"primaryImageOfPage":{"@id":"https:\/\/simovision.be\/professional\/fr\/produit\/ahmed-glaucoma-valve\/#primaryimage"},"image":{"@id":"https:\/\/simovision.be\/professional\/fr\/produit\/ahmed-glaucoma-valve\/#primaryimage"},"thumbnailUrl":"https:\/\/simovision.be\/professional\/wp-content\/uploads\/sites\/2\/2025\/03\/00-Ahmed-Glaucoma-Valve-01-1.webp","datePublished":"2025-03-20T08:30:30+00:00","dateModified":"2025-09-22T10:09:50+00:00","breadcrumb":{"@id":"https:\/\/simovision.be\/professional\/fr\/produit\/ahmed-glaucoma-valve\/#breadcrumb"},"inLanguage":"fr-FR","potentialAction":[{"@type":"ReadAction","target":["https:\/\/simovision.be\/professional\/fr\/produit\/ahmed-glaucoma-valve\/"]}]},{"@type":"ImageObject","inLanguage":"fr-FR","@id":"https:\/\/simovision.be\/professional\/fr\/produit\/ahmed-glaucoma-valve\/#primaryimage","url":"https:\/\/simovision.be\/professional\/wp-content\/uploads\/sites\/2\/2025\/03\/00-Ahmed-Glaucoma-Valve-01-1.webp","contentUrl":"https:\/\/simovision.be\/professional\/wp-content\/uploads\/sites\/2\/2025\/03\/00-Ahmed-Glaucoma-Valve-01-1.webp","width":1000,"height":666},{"@type":"BreadcrumbList","@id":"https:\/\/simovision.be\/professional\/fr\/produit\/ahmed-glaucoma-valve\/#breadcrumb","itemListElement":[{"@type":"ListItem","position":1,"name":"Home","item":"https:\/\/simovision.be\/professional\/fr\/"},{"@type":"ListItem","position":2,"name":"Boutique","item":"https:\/\/simovision.be\/professional\/winkel\/"},{"@type":"ListItem","position":3,"name":"Ahmed Glaucoma Valve"}]},{"@type":"WebSite","@id":"https:\/\/simovision.be\/professional\/fr\/#website","url":"https:\/\/simovision.be\/professional\/fr\/","name":"Simovision - Professional","description":"","publisher":{"@id":"https:\/\/simovision.be\/professional\/fr\/#organization"},"potentialAction":[{"@type":"SearchAction","target":{"@type":"EntryPoint","urlTemplate":"https:\/\/simovision.be\/professional\/fr\/?s={search_term_string}"},"query-input":{"@type":"PropertyValueSpecification","valueRequired":true,"valueName":"search_term_string"}}],"inLanguage":"fr-FR"},{"@type":"Organization","@id":"https:\/\/simovision.be\/professional\/fr\/#organization","name":"Simovision","url":"https:\/\/simovision.be\/professional\/fr\/","logo":{"@type":"ImageObject","inLanguage":"fr-FR","@id":"https:\/\/simovision.be\/professional\/fr\/#\/schema\/logo\/image\/","url":"https:\/\/simovision.be\/professional\/wp-content\/uploads\/sites\/2\/2025\/06\/Logo_Simovision_Hilco_Vision_Pantone_7700C-kopie.webp","contentUrl":"https:\/\/simovision.be\/professional\/wp-content\/uploads\/sites\/2\/2025\/06\/Logo_Simovision_Hilco_Vision_Pantone_7700C-kopie.webp","width":2000,"height":1021,"caption":"Simovision"},"image":{"@id":"https:\/\/simovision.be\/professional\/fr\/#\/schema\/logo\/image\/"},"sameAs":["https:\/\/www.linkedin.com\/company\/simovision"]}]}},"_links":{"self":[{"href":"https:\/\/simovision.be\/professional\/fr\/wp-json\/wp\/v2\/product\/2796","targetHints":{"allow":["GET"]}}],"collection":[{"href":"https:\/\/simovision.be\/professional\/fr\/wp-json\/wp\/v2\/product"}],"about":[{"href":"https:\/\/simovision.be\/professional\/fr\/wp-json\/wp\/v2\/types\/product"}],"wp:featuredmedia":[{"embeddable":true,"href":"https:\/\/simovision.be\/professional\/fr\/wp-json\/wp\/v2\/media\/3783"}],"wp:attachment":[{"href":"https:\/\/simovision.be\/professional\/fr\/wp-json\/wp\/v2\/media?parent=2796"}],"wp:term":[{"taxonomy":"product_brand","embeddable":true,"href":"https:\/\/simovision.be\/professional\/fr\/wp-json\/wp\/v2\/product_brand?post=2796"},{"taxonomy":"product_cat","embeddable":true,"href":"https:\/\/simovision.be\/professional\/fr\/wp-json\/wp\/v2\/product_cat?post=2796"},{"taxonomy":"product_tag","embeddable":true,"href":"https:\/\/simovision.be\/professional\/fr\/wp-json\/wp\/v2\/product_tag?post=2796"}],"curies":[{"name":"wp","href":"https:\/\/api.w.org\/{rel}","templated":true}]}}