{"id":2795,"date":"2025-03-21T09:56:42","date_gmt":"2025-03-21T08:56:42","guid":{"rendered":"https:\/\/simovision.be\/professional\/product\/c-stim\/"},"modified":"2025-09-22T12:09:44","modified_gmt":"2025-09-22T10:09:44","slug":"c-stim","status":"publish","type":"product","link":"https:\/\/simovision.be\/professional\/fr\/produit\/c-stim\/","title":{"rendered":"C.STIM"},"content":{"rendered":"<h3><strong>Les multiples m\u00e9canismes d&rsquo;action de\u202fl&rsquo;IPL C.STIM<sup>\u00ae<\/sup><\/strong><\/h3>\n<ol>\n<li>\n<h4>Dysfonctionnement des Glandes de Meibomius (DGM)<\/h4>\n<\/li>\n<\/ol>\n<ul>\n<li style=\"list-style-type: none\">\n<ul>\n<li>L&rsquo;IPL acc\u00e9l\u00e8re le m\u00e9tabolisme des glandes de Meibomius et des glandes lacrymales en\u202fstimulant le <strong>syst\u00e8me nerveux parasympathique<\/strong>\u202fgr\u00e2ce \u00e0 la stimulation \u00e9nerg\u00e9tique de l&rsquo;IPL. <sup>[1,2,3,4,5,6]<\/sup><\/li>\n<li>L\u2019IPL<strong>\u202fliqu\u00e9fie le meibum<\/strong>\u202fgr\u00e2ce \u00e0 la chaleur g\u00e9n\u00e9r\u00e9e<sup> [7]<\/sup>.<\/li>\n<li>Apr\u00e8s la s\u00e9ance d\u2019IPL,\u202f<strong>une expression manuelle des glandes de Meibomius<\/strong>\u202f\u00e0 l&rsquo;aide d&rsquo;une pince, est importante pour augmenter l&rsquo;efficacit\u00e9 \u00e0 long terme du traitement IPL.<\/li>\n<\/ul>\n<\/li>\n<\/ul>\n<ol start=\"2\">\n<li>\n<h4>les risques d\u2019inflammation<\/h4>\n<\/li>\n<\/ol>\n<ul>\n<li style=\"list-style-type: none\">\n<ul>\n<li>L&rsquo;IPL arr\u00eate le cercle vicieux de l&rsquo;inflammation chronique\u202fen coagulant les <strong>n\u00e9ovaisseaux\u202fet\u202fen r\u00e9duisant les agents inflammatoires<\/strong>. <sup>[8,9,10,11]<\/sup><\/li>\n<li>Les t\u00e9langiectasies \u00e9tant plus petites au niveau des paupi\u00e8res, le flash IPL aura <strong>un\u202feffet chauffant localis\u00e9<\/strong>\u202fau niveau des vaisseaux et autour des vaisseaux. Cet effet module leur fonction et modifie leur temp\u00e9rature.<\/li>\n<li>Des \u00e9tudes ont montr\u00e9 <strong>qu&rsquo;en cas de bl\u00e9pharite<\/strong>, le\u202f<strong>nombre de t\u00e9langiectasies<\/strong>\u202fau niveau des paupi\u00e8res diminuait apr\u00e8s les s\u00e9ances d&rsquo;IPL.<\/li>\n<\/ul>\n<\/li>\n<\/ul>\n<ol start=\"3\">\n<li>\n<h4>Demodex<\/h4>\n<\/li>\n<\/ol>\n<ul>\n<li style=\"list-style-type: none\">\n<ul>\n<li><strong>Le\u202fDemodex\u202fest<\/strong> associ\u00e9 \u00e0 la\u202f<strong>rosac\u00e9e faciale et oculaire<\/strong>.\u202fLe parasite est un composant du DGM, qui fait partie du\u202fcercle <strong>vicieux inflammatoire<\/strong>.<\/li>\n<li>Le\u202f<strong>Demodex<\/strong>\u202fconduit \u00e0 une obstruction physique des glandes de Meibomius, puis provoque <strong>un\u202fdysfonctionnement de celles-ci<\/strong> (DGM).<\/li>\n<li><strong>L&rsquo;exosquelette pigment\u00e9 du Demodex\u202f<\/strong>absorbe l&rsquo;\u00e9nergie de l\u2019IPL conduisant \u00e0 la\u202f<strong>destruction<\/strong>\u202fdu Demodex, et les\u202f<strong>marqueurs inflammatoires<\/strong>\u202fsont r\u00e9duits. <sup>[9,12,13]<\/sup><\/li>\n<\/ul>\n<\/li>\n<\/ul>\n<h3><strong>Une interface\u202fintuitive\u202fet\u202f facile d&rsquo;utilisation<\/strong><\/h3>\n<p>Avec son large \u00e9cran tactile HD, C.STIM<sup>\u00ae<\/sup>\u202fposs\u00e8de une\u202finterface intuitive\u202favec un acc\u00e8s \u00e0 la page de traitement en 2 clics.<br \/>\nIl int\u00e8gre des\u202f<strong>pr\u00e9r\u00e9glages<\/strong>\u202fd\u00e9di\u00e9s au traitement de la s\u00e9cheresse oculaire afin d\u2019assurer la s\u00e9curit\u00e9 et la simplicit\u00e9 d\u2019utilisation sur la majorit\u00e9 des types de peau.<\/p>\n<h3><strong>Avantages cliniques de\u202fC.STIM<sup>\u00ae<\/sup><\/strong><\/h3>\n<ol>\n<li>\n<h4>Technologie brevet\u00e9e\u202fStim-ULI\u2122<\/h4>\n<\/li>\n<\/ol>\n<p><strong>Traitement efficace en toute s\u00e9curit\u00e9 avec la technologie Stim-ULI\u2122<\/strong><\/p>\n<p>Notre IPL \u202fC.STIM<sup>\u00ae<\/sup> reposant sur notre technique unique Stim-ULI (Uniform Light Intensity) offre la combinaison parfaite d\u2019efficacit\u00e9 clinique et de confort pour le patient<\/p>\n<p><strong>Train unique de 5 pulses r\u00e9gul\u00e9s<\/strong><\/p>\n<ol start=\"2\">\n<li>\n<h4>Meilleurs r\u00e9sultats, pas d&rsquo;effets secondaires, confortable<\/h4>\n<\/li>\n<\/ol>\n<ul>\n<li>Meilleur confort pour le patient<\/li>\n<li>Fine couche de gel lors du traitement<\/li>\n<li>\u00c9nergie homog\u00e8ne et identique du premier au dernier tir<\/li>\n<li>Pr\u00e9servation optimale de la dur\u00e9e de vie de la lampe flash : 30 000 tirs \/ 3 750 s\u00e9ances<\/li>\n<\/ul>\n<ol start=\"3\">\n<li>\n<h4>Pi\u00e8ce \u00e0 main optimis\u00e9e<\/h4>\n<\/li>\n<\/ol>\n<p><strong>Pi\u00e8ce \u00e0 main unique avec un refroidissement \u00e0 eau int\u00e9gr\u00e9<\/strong><\/p>\n<ul>\n<li>Respect du temps de relaxation thermique de la peau (TRT)<\/li>\n<li>Pas de dommage thermique de la peau<\/li>\n<li>Pas de r\u00e9action inflammatoire<\/li>\n<li>Cumul de l\u2019\u00e9nergie contr\u00f4l\u00e9 pour une meilleure efficacit\u00e9<\/li>\n<\/ul>\n<ol start=\"4\">\n<li>\n<h4>Traitement de la majorit\u00e9 des types de peau<\/h4>\n<\/li>\n<\/ol>\n<p><strong>Traitement s\u00fbr et efficace sur les phototypes de 1 \u00e0 5<\/strong><\/p>\n<ul>\n<li>Spectre de lumi\u00e8re de 610 nm \u00e0 1200 nm moins absorb\u00e9 par la m\u00e9lanine<\/li>\n<li>\u00c9nergie contr\u00f4l\u00e9e par train de pulse limitant l\u2019augmentation en temp\u00e9rature des tissus<\/li>\n<li>Technologie unique Stim-ULI\u2122 pour une distribution de l\u2019\u00e9nergie<br \/>\nparfaitement homog\u00e8ne<\/li>\n<\/ul>\n<p><strong><br \/>\nBibliographie<\/strong><\/p>\n<hr \/>\n<ol style=\"font-size: 10px\">\n<li><span style=\"font-size: 10pt\">Parasympathetic Innervation of the Meibomian Glands in Rats \u2013 Mark S. LeDoux et al. \u2013 Investigative Ophthalmology &amp; Visual Science, October 2001, Vol. 42, No. 11.<\/span><\/li>\n<li><span style=\"font-size: 10pt\">Characterization of the innervation of the meibomian glands in humans, rats and mice \u2013 Br\u00fcndl, M. et al. Annals of Anatomy (2021), Vol. 233.<\/span><\/li>\n<li><span style=\"font-size: 10pt\">Neurotransmitter Influence on Human Meibomian Gland Epithelial Cells \u2013 Wendy R. Kam and David A. Sullivan \u2013 Investigative Ophthalmology &amp; Visual Science, November 2011, Vol. 52, No. 12.<\/span><\/li>\n<li><span style=\"font-size: 10pt\">The Dopaminergic Neuronal System Regulates the Inflammatory Status of Mouse Lacrimal Glands in Dry Eye Disease \u2013 Ji, Yong Woo et al. Investigative Ophthalmology &amp; Visual Science (2021), Vol. 62.<\/span><\/li>\n<li><span style=\"font-size: 10pt\">TFOS DEWS II Pathophysiology Report \u2013 Anthony J. Bron, et al. \u2013 The Ocular Surface, 2017, p 441 to 515.<\/span><\/li>\n<li><span style=\"font-size: 10pt\">The neurobiology of the meibomian glands \u2013 Cox SM, Nichols JJ \u2013 Ocular Surface, July 2014.<\/span><\/li>\n<li><span style=\"font-size: 10pt\">Multicenter Study of Intense Pulsed Light Therapy for Patients with Refractory Meibomian Gland Dysfunction \u2013 Reiko Arita, et al. \u2013 Cornea Volume 37, Number 12, December 2018.<\/span><\/li>\n<li><span style=\"font-size: 10pt\">Rosacea: Molecular Mechanisms and Management of a Chronic Cutaneous Inflammatory Condition \u2013 Yu Ri Woo, et al. International Journal of Molecular Sciences, September 2016.<\/span><\/li>\n<li><span style=\"font-size: 10pt\">Rosacea: Epidemiology, pathogenesis, and treatment \u2013 Barbara M. Rainer et al. \u2013 DERMATO-ENDOCRINOLOGY 2018, VOL. 9, NO. 1, e1361574 (10 pages).<\/span><\/li>\n<li><span style=\"font-size: 10pt\">Treatment of ocular rosacea \u2013 Edward Wladis et al. \u2013 Survey of Ophthalmology (2018), Vol. 63.<\/span><\/li>\n<li><span style=\"font-size: 10pt\">Improved telangiectasia and reduced recurrence rate of rosacea after treatment with 540 nm-wavelength intense pulsed light: A prospective randomized controlled trial with a 2-year follow-up \u2013 Luo, Y. et al. \u2013 Experimental and Therapeutic Medicine (2020), Vol. 19.<\/span><\/li>\n<li><span style=\"font-size: 10pt\">Therapeutic Effect of Intense Pulsed Light on Ocular Demodicosis \u2013 Zhang, X., et al. \u2013 Current Eye Research 2019, Vol. 3.<\/span><\/li>\n<li><span style=\"font-size: 10pt\">Intense Pulsed Light Therapy for Patients with Meibomian Gland Dysfunction and Ocular Demodex Infestation \u2013 Cheng et al. \u2013 Current Medical Sciences (2019), Vol. 39.<\/span><\/li>\n<\/ol>\n","protected":false},"excerpt":{"rendered":"<p><img loading=\"lazy\" decoding=\"async\" class=\"alignnone size-full wp-image-4986\" src=\"https:\/\/simovision.be\/professional\/wp-content\/uploads\/sites\/2\/2025\/06\/Logo_Quantel_Medical_tease.png\" alt=\"\" width=\"96\" height=\"40\" srcset=\"https:\/\/simovision.be\/professional\/wp-content\/uploads\/sites\/2\/2025\/06\/Logo_Quantel_Medical_tease.png 96w, https:\/\/simovision.be\/professional\/wp-content\/uploads\/sites\/2\/2025\/06\/Logo_Quantel_Medical_tease-64x27.png 64w\" sizes=\"auto, (max-width: 96px) 100vw, 96px\" \/><\/p>\n<h3><strong>Syst\u00e8me IPL: traitement de la s\u00e9cheresse oculaire<\/strong><\/h3>\n<p>La technologie IPL (lumi\u00e8re intense puls\u00e9e)\u202f<strong>C.STIM<sup>\u00ae<\/sup><\/strong>\u202fest un syst\u00e8me IPL premium, s\u00fbr et efficace, destin\u00e9 \u00e0 traiter les causes profondes de la s\u00e9cheresse oculaire.<\/p>\n<p>Cet IPL sp\u00e9cifiquement d\u00e9di\u00e9e aux usages ophtalmiques, int\u00e8gre une lumi\u00e8re homog\u00e8ne brevet\u00e9e et un train de pulses unique pour offrir la meilleure combinaison entre efficacit\u00e9 clinique et confort pour le patient.<\/p>\n<h4>Points cl\u00e9s<\/h4>\n<ul>\n<li>Traitement des causes profondes de la s\u00e9cheresse oculaire: DGM, inflammation, Demodex et douleur neuropathique<\/li>\n<li>Traitement rapide et facile (&lt;&lt;10 min)<\/li>\n<li>Traitement s\u00fbr et efficace gr\u00e2ce \u00e0 la pi\u00e8ce \u00e0 main unique dot\u00e9e d&rsquo;un embout optique int\u00e9grant la technologie Stim-ULI\u2122 (Intensit\u00e9 lumineuse uniforme) et au train de 5 pulses r\u00e9gul\u00e9s<\/li>\n<li>Traitement sur la majorit\u00e9 des types de peau gr\u00e2ce au spectre lumineux, au train de 5 pulses r\u00e9gul\u00e9s et au refroidissement par eau de la pi\u00e8ce \u00e0 main<\/li>\n<\/ul>\n","protected":false},"featured_media":3803,"template":"","meta":{"_acf_changed":false,"content-type":"","site-sidebar-layout":"default","site-content-layout":"","ast-site-content-layout":"default","site-content-style":"default","site-sidebar-style":"default","ast-global-header-display":"","ast-banner-title-visibility":"","ast-main-header-display":"","ast-hfb-above-header-display":"","ast-hfb-below-header-display":"","ast-hfb-mobile-header-display":"","site-post-title":"","ast-breadcrumbs-content":"","ast-featured-img":"","footer-sml-layout":"","theme-transparent-header-meta":"default","adv-header-id-meta":"","stick-header-meta":"default","header-above-stick-meta":"","header-main-stick-meta":"","header-below-stick-meta":"","astra-migrate-meta-layouts":"set","ast-page-background-enabled":"default","ast-page-background-meta":{"desktop":{"background-color":"var(--ast-global-color-4)","background-image":"","background-repeat":"repeat","background-position":"center center","background-size":"auto","background-attachment":"scroll","background-type":"","background-media":"","overlay-type":"","overlay-color":"","overlay-opacity":"","overlay-gradient":""},"tablet":{"background-color":"","background-image":"","background-repeat":"repeat","background-position":"center center","background-size":"auto","background-attachment":"scroll","background-type":"","background-media":"","overlay-type":"","overlay-color":"","overlay-opacity":"","overlay-gradient":""},"mobile":{"background-color":"","background-image":"","background-repeat":"repeat","background-position":"center center","background-size":"auto","background-attachment":"scroll","background-type":"","background-media":"","overlay-type":"","overlay-color":"","overlay-opacity":"","overlay-gradient":""}},"ast-content-background-meta":{"desktop":{"background-color":"var(--ast-global-color-5)","background-image":"","background-repeat":"repeat","background-position":"center center","background-size":"auto","background-attachment":"scroll","background-type":"","background-media":"","overlay-type":"","overlay-color":"","overlay-opacity":"","overlay-gradient":""},"tablet":{"background-color":"var(--ast-global-color-5)","background-image":"","background-repeat":"repeat","background-position":"center center","background-size":"auto","background-attachment":"scroll","background-type":"","background-media":"","overlay-type":"","overlay-color":"","overlay-opacity":"","overlay-gradient":""},"mobile":{"background-color":"var(--ast-global-color-5)","background-image":"","background-repeat":"repeat","background-position":"center center","background-size":"auto","background-attachment":"scroll","background-type":"","background-media":"","overlay-type":"","overlay-color":"","overlay-opacity":"","overlay-gradient":""}}},"product_brand":[],"product_cat":[132],"product_tag":[],"class_list":{"0":"post-2795","1":"product","2":"type-product","3":"status-publish","4":"has-post-thumbnail","6":"product_cat-traitement-ipl","7":"desktop-align-left","8":"tablet-align-left","9":"mobile-align-left","10":"ast-product-gallery-layout-first-image-large","11":"ast-product-tabs-layout-horizontal","13":"first","14":"instock","15":"shipping-taxable","16":"product-type-simple"},"acf":[],"yoast_head":"<!-- This site is optimized with the Yoast SEO plugin v26.3 - https:\/\/yoast.com\/wordpress\/plugins\/seo\/ -->\n<title>C.STIM - Simovision - Professional<\/title>\n<meta name=\"robots\" content=\"index, follow, max-snippet:-1, max-image-preview:large, max-video-preview:-1\" \/>\n<link rel=\"canonical\" href=\"https:\/\/simovision.be\/professional\/fr\/produit\/c-stim\/\" \/>\n<meta property=\"og:locale\" content=\"fr_FR\" \/>\n<meta property=\"og:type\" content=\"article\" \/>\n<meta property=\"og:title\" content=\"C.STIM - Simovision - Professional\" \/>\n<meta property=\"og:description\" content=\"Syst\u00e8me IPL: traitement de la s\u00e9cheresse oculaire La technologie IPL (lumi\u00e8re intense puls\u00e9e)\u202fC.STIM\u00ae\u202fest un syst\u00e8me IPL premium, s\u00fbr et efficace, destin\u00e9 \u00e0 traiter les causes profondes de la s\u00e9cheresse oculaire.  Cet IPL sp\u00e9cifiquement d\u00e9di\u00e9e aux usages ophtalmiques, int\u00e8gre une lumi\u00e8re homog\u00e8ne brevet\u00e9e et un train de pulses unique pour offrir la meilleure combinaison entre efficacit\u00e9 clinique et confort pour le patient. Points cl\u00e9s   Traitement des causes profondes de la s\u00e9cheresse oculaire: DGM, inflammation, Demodex et douleur neuropathique  Traitement rapide et facile (&lt;&lt;10 min)  Traitement s\u00fbr et efficace gr\u00e2ce \u00e0 la pi\u00e8ce \u00e0 main unique dot\u00e9e d&#039;un embout optique int\u00e9grant la technologie Stim-ULI\u2122 (Intensit\u00e9 lumineuse uniforme) et au train de 5 pulses r\u00e9gul\u00e9s  Traitement sur la majorit\u00e9 des types de peau gr\u00e2ce au spectre lumineux, au train de 5 pulses r\u00e9gul\u00e9s et au refroidissement par eau de la pi\u00e8ce \u00e0 main\" \/>\n<meta property=\"og:url\" content=\"https:\/\/simovision.be\/professional\/fr\/produit\/c-stim\/\" \/>\n<meta property=\"og:site_name\" content=\"Simovision - Professional\" \/>\n<meta property=\"article:modified_time\" content=\"2025-09-22T10:09:44+00:00\" \/>\n<meta property=\"og:image\" content=\"https:\/\/simovision.be\/professional\/wp-content\/uploads\/sites\/2\/2025\/03\/00-C.STIM-06.webp\" \/>\n\t<meta property=\"og:image:width\" content=\"1000\" \/>\n\t<meta property=\"og:image:height\" content=\"666\" \/>\n\t<meta property=\"og:image:type\" content=\"image\/webp\" \/>\n<meta name=\"twitter:card\" content=\"summary_large_image\" \/>\n<meta name=\"twitter:label1\" content=\"Dur\u00e9e de lecture estim\u00e9e\" \/>\n\t<meta name=\"twitter:data1\" content=\"4 minutes\" \/>\n<script type=\"application\/ld+json\" class=\"yoast-schema-graph\">{\"@context\":\"https:\/\/schema.org\",\"@graph\":[{\"@type\":\"WebPage\",\"@id\":\"https:\/\/simovision.be\/professional\/fr\/produit\/c-stim\/\",\"url\":\"https:\/\/simovision.be\/professional\/fr\/produit\/c-stim\/\",\"name\":\"C.STIM - Simovision - Professional\",\"isPartOf\":{\"@id\":\"https:\/\/simovision.be\/professional\/fr\/#website\"},\"primaryImageOfPage\":{\"@id\":\"https:\/\/simovision.be\/professional\/fr\/produit\/c-stim\/#primaryimage\"},\"image\":{\"@id\":\"https:\/\/simovision.be\/professional\/fr\/produit\/c-stim\/#primaryimage\"},\"thumbnailUrl\":\"https:\/\/simovision.be\/professional\/wp-content\/uploads\/sites\/2\/2025\/03\/00-C.STIM-06.webp\",\"datePublished\":\"2025-03-21T08:56:42+00:00\",\"dateModified\":\"2025-09-22T10:09:44+00:00\",\"breadcrumb\":{\"@id\":\"https:\/\/simovision.be\/professional\/fr\/produit\/c-stim\/#breadcrumb\"},\"inLanguage\":\"fr-FR\",\"potentialAction\":[{\"@type\":\"ReadAction\",\"target\":[\"https:\/\/simovision.be\/professional\/fr\/produit\/c-stim\/\"]}]},{\"@type\":\"ImageObject\",\"inLanguage\":\"fr-FR\",\"@id\":\"https:\/\/simovision.be\/professional\/fr\/produit\/c-stim\/#primaryimage\",\"url\":\"https:\/\/simovision.be\/professional\/wp-content\/uploads\/sites\/2\/2025\/03\/00-C.STIM-06.webp\",\"contentUrl\":\"https:\/\/simovision.be\/professional\/wp-content\/uploads\/sites\/2\/2025\/03\/00-C.STIM-06.webp\",\"width\":1000,\"height\":666},{\"@type\":\"BreadcrumbList\",\"@id\":\"https:\/\/simovision.be\/professional\/fr\/produit\/c-stim\/#breadcrumb\",\"itemListElement\":[{\"@type\":\"ListItem\",\"position\":1,\"name\":\"Home\",\"item\":\"https:\/\/simovision.be\/professional\/fr\/\"},{\"@type\":\"ListItem\",\"position\":2,\"name\":\"Boutique\",\"item\":\"https:\/\/simovision.be\/professional\/winkel\/\"},{\"@type\":\"ListItem\",\"position\":3,\"name\":\"C.STIM\"}]},{\"@type\":\"WebSite\",\"@id\":\"https:\/\/simovision.be\/professional\/fr\/#website\",\"url\":\"https:\/\/simovision.be\/professional\/fr\/\",\"name\":\"Simovision - Professional\",\"description\":\"\",\"publisher\":{\"@id\":\"https:\/\/simovision.be\/professional\/fr\/#organization\"},\"potentialAction\":[{\"@type\":\"SearchAction\",\"target\":{\"@type\":\"EntryPoint\",\"urlTemplate\":\"https:\/\/simovision.be\/professional\/fr\/?s={search_term_string}\"},\"query-input\":{\"@type\":\"PropertyValueSpecification\",\"valueRequired\":true,\"valueName\":\"search_term_string\"}}],\"inLanguage\":\"fr-FR\"},{\"@type\":\"Organization\",\"@id\":\"https:\/\/simovision.be\/professional\/fr\/#organization\",\"name\":\"Simovision\",\"url\":\"https:\/\/simovision.be\/professional\/fr\/\",\"logo\":{\"@type\":\"ImageObject\",\"inLanguage\":\"fr-FR\",\"@id\":\"https:\/\/simovision.be\/professional\/fr\/#\/schema\/logo\/image\/\",\"url\":\"https:\/\/simovision.be\/professional\/wp-content\/uploads\/sites\/2\/2025\/06\/Logo_Simovision_Hilco_Vision_Pantone_7700C-kopie.webp\",\"contentUrl\":\"https:\/\/simovision.be\/professional\/wp-content\/uploads\/sites\/2\/2025\/06\/Logo_Simovision_Hilco_Vision_Pantone_7700C-kopie.webp\",\"width\":2000,\"height\":1021,\"caption\":\"Simovision\"},\"image\":{\"@id\":\"https:\/\/simovision.be\/professional\/fr\/#\/schema\/logo\/image\/\"},\"sameAs\":[\"https:\/\/www.linkedin.com\/company\/simovision\"]}]}<\/script>\n<!-- \/ Yoast SEO plugin. -->","yoast_head_json":{"title":"C.STIM - Simovision - Professional","robots":{"index":"index","follow":"follow","max-snippet":"max-snippet:-1","max-image-preview":"max-image-preview:large","max-video-preview":"max-video-preview:-1"},"canonical":"https:\/\/simovision.be\/professional\/fr\/produit\/c-stim\/","og_locale":"fr_FR","og_type":"article","og_title":"C.STIM - Simovision - Professional","og_description":"Syst\u00e8me IPL: traitement de la s\u00e9cheresse oculaire La technologie IPL (lumi\u00e8re intense puls\u00e9e)\u202fC.STIM\u00ae\u202fest un syst\u00e8me IPL premium, s\u00fbr et efficace, destin\u00e9 \u00e0 traiter les causes profondes de la s\u00e9cheresse oculaire.  Cet IPL sp\u00e9cifiquement d\u00e9di\u00e9e aux usages ophtalmiques, int\u00e8gre une lumi\u00e8re homog\u00e8ne brevet\u00e9e et un train de pulses unique pour offrir la meilleure combinaison entre efficacit\u00e9 clinique et confort pour le patient. Points cl\u00e9s   Traitement des causes profondes de la s\u00e9cheresse oculaire: DGM, inflammation, Demodex et douleur neuropathique  Traitement rapide et facile (&lt;&lt;10 min)  Traitement s\u00fbr et efficace gr\u00e2ce \u00e0 la pi\u00e8ce \u00e0 main unique dot\u00e9e d'un embout optique int\u00e9grant la technologie Stim-ULI\u2122 (Intensit\u00e9 lumineuse uniforme) et au train de 5 pulses r\u00e9gul\u00e9s  Traitement sur la majorit\u00e9 des types de peau gr\u00e2ce au spectre lumineux, au train de 5 pulses r\u00e9gul\u00e9s et au refroidissement par eau de la pi\u00e8ce \u00e0 main","og_url":"https:\/\/simovision.be\/professional\/fr\/produit\/c-stim\/","og_site_name":"Simovision - Professional","article_modified_time":"2025-09-22T10:09:44+00:00","og_image":[{"width":1000,"height":666,"url":"https:\/\/simovision.be\/professional\/wp-content\/uploads\/sites\/2\/2025\/03\/00-C.STIM-06.webp","type":"image\/webp"}],"twitter_card":"summary_large_image","twitter_misc":{"Dur\u00e9e de lecture estim\u00e9e":"4 minutes"},"schema":{"@context":"https:\/\/schema.org","@graph":[{"@type":"WebPage","@id":"https:\/\/simovision.be\/professional\/fr\/produit\/c-stim\/","url":"https:\/\/simovision.be\/professional\/fr\/produit\/c-stim\/","name":"C.STIM - Simovision - Professional","isPartOf":{"@id":"https:\/\/simovision.be\/professional\/fr\/#website"},"primaryImageOfPage":{"@id":"https:\/\/simovision.be\/professional\/fr\/produit\/c-stim\/#primaryimage"},"image":{"@id":"https:\/\/simovision.be\/professional\/fr\/produit\/c-stim\/#primaryimage"},"thumbnailUrl":"https:\/\/simovision.be\/professional\/wp-content\/uploads\/sites\/2\/2025\/03\/00-C.STIM-06.webp","datePublished":"2025-03-21T08:56:42+00:00","dateModified":"2025-09-22T10:09:44+00:00","breadcrumb":{"@id":"https:\/\/simovision.be\/professional\/fr\/produit\/c-stim\/#breadcrumb"},"inLanguage":"fr-FR","potentialAction":[{"@type":"ReadAction","target":["https:\/\/simovision.be\/professional\/fr\/produit\/c-stim\/"]}]},{"@type":"ImageObject","inLanguage":"fr-FR","@id":"https:\/\/simovision.be\/professional\/fr\/produit\/c-stim\/#primaryimage","url":"https:\/\/simovision.be\/professional\/wp-content\/uploads\/sites\/2\/2025\/03\/00-C.STIM-06.webp","contentUrl":"https:\/\/simovision.be\/professional\/wp-content\/uploads\/sites\/2\/2025\/03\/00-C.STIM-06.webp","width":1000,"height":666},{"@type":"BreadcrumbList","@id":"https:\/\/simovision.be\/professional\/fr\/produit\/c-stim\/#breadcrumb","itemListElement":[{"@type":"ListItem","position":1,"name":"Home","item":"https:\/\/simovision.be\/professional\/fr\/"},{"@type":"ListItem","position":2,"name":"Boutique","item":"https:\/\/simovision.be\/professional\/winkel\/"},{"@type":"ListItem","position":3,"name":"C.STIM"}]},{"@type":"WebSite","@id":"https:\/\/simovision.be\/professional\/fr\/#website","url":"https:\/\/simovision.be\/professional\/fr\/","name":"Simovision - Professional","description":"","publisher":{"@id":"https:\/\/simovision.be\/professional\/fr\/#organization"},"potentialAction":[{"@type":"SearchAction","target":{"@type":"EntryPoint","urlTemplate":"https:\/\/simovision.be\/professional\/fr\/?s={search_term_string}"},"query-input":{"@type":"PropertyValueSpecification","valueRequired":true,"valueName":"search_term_string"}}],"inLanguage":"fr-FR"},{"@type":"Organization","@id":"https:\/\/simovision.be\/professional\/fr\/#organization","name":"Simovision","url":"https:\/\/simovision.be\/professional\/fr\/","logo":{"@type":"ImageObject","inLanguage":"fr-FR","@id":"https:\/\/simovision.be\/professional\/fr\/#\/schema\/logo\/image\/","url":"https:\/\/simovision.be\/professional\/wp-content\/uploads\/sites\/2\/2025\/06\/Logo_Simovision_Hilco_Vision_Pantone_7700C-kopie.webp","contentUrl":"https:\/\/simovision.be\/professional\/wp-content\/uploads\/sites\/2\/2025\/06\/Logo_Simovision_Hilco_Vision_Pantone_7700C-kopie.webp","width":2000,"height":1021,"caption":"Simovision"},"image":{"@id":"https:\/\/simovision.be\/professional\/fr\/#\/schema\/logo\/image\/"},"sameAs":["https:\/\/www.linkedin.com\/company\/simovision"]}]}},"_links":{"self":[{"href":"https:\/\/simovision.be\/professional\/fr\/wp-json\/wp\/v2\/product\/2795","targetHints":{"allow":["GET"]}}],"collection":[{"href":"https:\/\/simovision.be\/professional\/fr\/wp-json\/wp\/v2\/product"}],"about":[{"href":"https:\/\/simovision.be\/professional\/fr\/wp-json\/wp\/v2\/types\/product"}],"wp:featuredmedia":[{"embeddable":true,"href":"https:\/\/simovision.be\/professional\/fr\/wp-json\/wp\/v2\/media\/3803"}],"wp:attachment":[{"href":"https:\/\/simovision.be\/professional\/fr\/wp-json\/wp\/v2\/media?parent=2795"}],"wp:term":[{"taxonomy":"product_brand","embeddable":true,"href":"https:\/\/simovision.be\/professional\/fr\/wp-json\/wp\/v2\/product_brand?post=2795"},{"taxonomy":"product_cat","embeddable":true,"href":"https:\/\/simovision.be\/professional\/fr\/wp-json\/wp\/v2\/product_cat?post=2795"},{"taxonomy":"product_tag","embeddable":true,"href":"https:\/\/simovision.be\/professional\/fr\/wp-json\/wp\/v2\/product_tag?post=2795"}],"curies":[{"name":"wp","href":"https:\/\/api.w.org\/{rel}","templated":true}]}}