{"id":2794,"date":"2025-03-20T09:22:13","date_gmt":"2025-03-20T09:22:13","guid":{"rendered":"https:\/\/simovision.be\/professional\/product\/liberty\/"},"modified":"2025-09-22T12:09:51","modified_gmt":"2025-09-22T10:09:51","slug":"liberty","status":"publish","type":"product","link":"https:\/\/simovision.be\/professional\/fr\/produit\/liberty\/","title":{"rendered":"Trifocal Bi-Flex Liberty"},"content":{"rendered":"<h3><strong>Trifocalit\u00e9 maximale, gr\u00e2ce \u00e0 la technologie EPS<\/strong><\/h3>\n<ul>\n<li>Elevated Phase Shift (EPS) pour le confort maximal<strong> d&rsquo;une vie sans lunettes<\/strong><\/li>\n<li><strong>7 zones concentriques<\/strong> r\u00e9fractives (\u2300 3 mm).<\/li>\n<li><strong>Zone de r\u00e9fraction de 75%<\/strong> pour une <strong>performance visuelle am\u00e9lior\u00e9e<\/strong> en condition de <strong>faible intensit\u00e9<\/strong> lumineuse.<\/li>\n<li><strong>Haute qualit\u00e9 visuelle<\/strong> \u00e0 toutes les distances<\/li>\n<li>615 patients satisfaits, 928 yeux, \u00e9tay\u00e9s par 10 \u00e9tudes cliniques.<\/li>\n<\/ul>\n<h4>Diffraction minimale, vision optimale<\/h4>\n<p>Chaque <strong>anneau diffractif<\/strong> d\u2019une IOL cause une <strong>dispersion de la lumi\u00e8re<\/strong>; de petites imperfections \u00e0 la surface de la lentille renfor\u00e7ant cet effet. Liberty<sup>\u00ae<\/sup> avec <strong>7 anneaux diffractifs<\/strong> dans un diam\u00e8tre de 3 mm, offre une <strong>meilleure vision<\/strong>, une <strong>plus grande sensibilit\u00e9 au contraste<\/strong>, <strong>moins de halos<\/strong> et <strong>d\u2019\u00e9blouissement<\/strong>, m\u00eame \u00e0 faible intensit\u00e9 lumineuse.<\/p>\n<h4>Avec la preuve n\u00e9cessaire<\/h4>\n<p>La <strong>pr\u00e9servation <\/strong>de la <strong>vision <\/strong>\u00e0 <strong>toutes les distances<\/strong> (proches, interm\u00e9diaires et \u00e9loign\u00e9es) et la <strong>qualit\u00e9 de contraste optimale<\/strong> sont d\u00e9crites dans de nombreuses \u00e9tudes (donn\u00e9es disponibles), qui confirment les r\u00e9sultats \u00e9galement \u00e0 (moyen) long terme.<\/p>\n<p>&nbsp;<\/p>\n<hr \/>\n<p>Plus d&rsquo;info:<br \/>\n<strong><a href=\"http:\/\/liberty-lens.com\/\" target=\"_blank\" rel=\"noopener\">http:\/\/liberty-lens.com\/<\/a><\/strong><\/p>\n<p>Scientific evidence &amp; presentations:<br \/>\n<strong><a href=\"http:\/\/liberty-lens.com\/resources\/\" target=\"_blank\" rel=\"noopener\">http:\/\/liberty-lens.com\/resources\/<\/a><\/strong><\/p>\n","protected":false},"excerpt":{"rendered":"<p><img loading=\"lazy\" decoding=\"async\" class=\"alignnone size-full wp-image-5010\" src=\"https:\/\/simovision.be\/professional\/wp-content\/uploads\/sites\/2\/2025\/03\/Logo_Medicontur_teaser.png\" alt=\"\" width=\"121\" height=\"40\" srcset=\"https:\/\/simovision.be\/professional\/wp-content\/uploads\/sites\/2\/2025\/03\/Logo_Medicontur_teaser.png 121w, https:\/\/simovision.be\/professional\/wp-content\/uploads\/sites\/2\/2025\/03\/Logo_Medicontur_teaser-64x21.png 64w\" sizes=\"auto, (max-width: 121px) 100vw, 121px\" \/><\/p>\n<h3><strong>Ne vous contentez pas d&rsquo;un compromis<\/strong><\/h3>\n<p>De nombreux fabricants d&rsquo;implants intraoculaires insistent sur les <strong>performances visuelles interm\u00e9diaires<\/strong> de leurs produits. Chez <strong>Medicontur<sup>\u00ae<\/sup><\/strong>, on met <strong>l&rsquo;accent sur des lentilles intraoculaires multifocales<\/strong> qui offrent une<strong> ind\u00e9pendance totale vis-\u00e0-vis des lunettes<\/strong>. La <strong>lentille Liberty<sup>\u00ae<\/sup><\/strong> de Medicontur<sup>\u00ae<\/sup> est la repr\u00e9sentation de cette philosophie: ind\u00e9pendance et la performance visuelle \u00e0 toutes les distances.<\/p>\n","protected":false},"featured_media":5777,"template":"","meta":{"_acf_changed":false,"content-type":"","site-sidebar-layout":"default","site-content-layout":"","ast-site-content-layout":"default","site-content-style":"default","site-sidebar-style":"default","ast-global-header-display":"","ast-banner-title-visibility":"","ast-main-header-display":"","ast-hfb-above-header-display":"","ast-hfb-below-header-display":"","ast-hfb-mobile-header-display":"","site-post-title":"","ast-breadcrumbs-content":"","ast-featured-img":"","footer-sml-layout":"","theme-transparent-header-meta":"default","adv-header-id-meta":"","stick-header-meta":"default","header-above-stick-meta":"","header-main-stick-meta":"","header-below-stick-meta":"","astra-migrate-meta-layouts":"set","ast-page-background-enabled":"default","ast-page-background-meta":{"desktop":{"background-color":"var(--ast-global-color-4)","background-image":"","background-repeat":"repeat","background-position":"center center","background-size":"auto","background-attachment":"scroll","background-type":"","background-media":"","overlay-type":"","overlay-color":"","overlay-opacity":"","overlay-gradient":""},"tablet":{"background-color":"","background-image":"","background-repeat":"repeat","background-position":"center center","background-size":"auto","background-attachment":"scroll","background-type":"","background-media":"","overlay-type":"","overlay-color":"","overlay-opacity":"","overlay-gradient":""},"mobile":{"background-color":"","background-image":"","background-repeat":"repeat","background-position":"center center","background-size":"auto","background-attachment":"scroll","background-type":"","background-media":"","overlay-type":"","overlay-color":"","overlay-opacity":"","overlay-gradient":""}},"ast-content-background-meta":{"desktop":{"background-color":"var(--ast-global-color-5)","background-image":"","background-repeat":"repeat","background-position":"center center","background-size":"auto","background-attachment":"scroll","background-type":"","background-media":"","overlay-type":"","overlay-color":"","overlay-opacity":"","overlay-gradient":""},"tablet":{"background-color":"var(--ast-global-color-5)","background-image":"","background-repeat":"repeat","background-position":"center center","background-size":"auto","background-attachment":"scroll","background-type":"","background-media":"","overlay-type":"","overlay-color":"","overlay-opacity":"","overlay-gradient":""},"mobile":{"background-color":"var(--ast-global-color-5)","background-image":"","background-repeat":"repeat","background-position":"center center","background-size":"auto","background-attachment":"scroll","background-type":"","background-media":"","overlay-type":"","overlay-color":"","overlay-opacity":"","overlay-gradient":""}}},"product_brand":[],"product_cat":[121],"product_tag":[716],"class_list":{"0":"post-2794","1":"product","2":"type-product","3":"status-publish","4":"has-post-thumbnail","6":"product_cat-lentilles-intraoculaires","7":"product_tag-nl-fr","8":"desktop-align-left","9":"tablet-align-left","10":"mobile-align-left","11":"ast-product-gallery-layout-first-image-large","12":"ast-product-gallery-with-no-image","13":"ast-product-tabs-layout-horizontal","15":"first","16":"instock","17":"shipping-taxable","18":"product-type-simple"},"acf":[],"yoast_head":"<!-- This site is optimized with the Yoast SEO plugin v26.3 - https:\/\/yoast.com\/wordpress\/plugins\/seo\/ -->\n<title>Trifocal Bi-Flex Liberty - Simovision - Professional<\/title>\n<meta name=\"robots\" content=\"index, follow, max-snippet:-1, max-image-preview:large, max-video-preview:-1\" \/>\n<link rel=\"canonical\" href=\"https:\/\/simovision.be\/professional\/fr\/produit\/liberty\/\" \/>\n<meta property=\"og:locale\" content=\"fr_FR\" \/>\n<meta property=\"og:type\" content=\"article\" \/>\n<meta property=\"og:title\" content=\"Trifocal Bi-Flex Liberty - Simovision - Professional\" \/>\n<meta property=\"og:description\" content=\"Ne vous contentez pas d&#039;un compromis De nombreux fabricants d&#039;implants intraoculaires insistent sur les performances visuelles interm\u00e9diaires de leurs produits. Chez Medicontur\u00ae, on met l&#039;accent sur des lentilles intraoculaires multifocales qui offrent une ind\u00e9pendance totale vis-\u00e0-vis des lunettes. La lentille Liberty\u00ae de Medicontur\u00ae est la repr\u00e9sentation de cette philosophie: ind\u00e9pendance et la performance visuelle \u00e0 toutes les distances.\" \/>\n<meta property=\"og:url\" content=\"https:\/\/simovision.be\/professional\/fr\/produit\/liberty\/\" \/>\n<meta property=\"og:site_name\" content=\"Simovision - Professional\" \/>\n<meta property=\"article:modified_time\" content=\"2025-09-22T10:09:51+00:00\" \/>\n<meta property=\"og:image\" content=\"https:\/\/simovision.be\/professional\/wp-content\/uploads\/sites\/2\/2025\/03\/Trifocal-Bi-Flex-Liberty-04.jpg\" \/>\n\t<meta property=\"og:image:width\" content=\"1000\" \/>\n\t<meta property=\"og:image:height\" content=\"666\" \/>\n\t<meta property=\"og:image:type\" content=\"image\/jpeg\" \/>\n<meta name=\"twitter:card\" content=\"summary_large_image\" \/>\n<meta name=\"twitter:label1\" content=\"Dur\u00e9e de lecture estim\u00e9e\" \/>\n\t<meta name=\"twitter:data1\" content=\"2 minutes\" \/>\n<script type=\"application\/ld+json\" class=\"yoast-schema-graph\">{\"@context\":\"https:\/\/schema.org\",\"@graph\":[{\"@type\":\"WebPage\",\"@id\":\"https:\/\/simovision.be\/professional\/fr\/produit\/liberty\/\",\"url\":\"https:\/\/simovision.be\/professional\/fr\/produit\/liberty\/\",\"name\":\"Trifocal Bi-Flex Liberty - Simovision - Professional\",\"isPartOf\":{\"@id\":\"https:\/\/simovision.be\/professional\/fr\/#website\"},\"primaryImageOfPage\":{\"@id\":\"https:\/\/simovision.be\/professional\/fr\/produit\/liberty\/#primaryimage\"},\"image\":{\"@id\":\"https:\/\/simovision.be\/professional\/fr\/produit\/liberty\/#primaryimage\"},\"thumbnailUrl\":\"https:\/\/simovision.be\/professional\/wp-content\/uploads\/sites\/2\/2025\/03\/Trifocal-Bi-Flex-Liberty-04.jpg\",\"datePublished\":\"2025-03-20T09:22:13+00:00\",\"dateModified\":\"2025-09-22T10:09:51+00:00\",\"breadcrumb\":{\"@id\":\"https:\/\/simovision.be\/professional\/fr\/produit\/liberty\/#breadcrumb\"},\"inLanguage\":\"fr-FR\",\"potentialAction\":[{\"@type\":\"ReadAction\",\"target\":[\"https:\/\/simovision.be\/professional\/fr\/produit\/liberty\/\"]}]},{\"@type\":\"ImageObject\",\"inLanguage\":\"fr-FR\",\"@id\":\"https:\/\/simovision.be\/professional\/fr\/produit\/liberty\/#primaryimage\",\"url\":\"https:\/\/simovision.be\/professional\/wp-content\/uploads\/sites\/2\/2025\/03\/Trifocal-Bi-Flex-Liberty-04.jpg\",\"contentUrl\":\"https:\/\/simovision.be\/professional\/wp-content\/uploads\/sites\/2\/2025\/03\/Trifocal-Bi-Flex-Liberty-04.jpg\",\"width\":1000,\"height\":666},{\"@type\":\"BreadcrumbList\",\"@id\":\"https:\/\/simovision.be\/professional\/fr\/produit\/liberty\/#breadcrumb\",\"itemListElement\":[{\"@type\":\"ListItem\",\"position\":1,\"name\":\"Home\",\"item\":\"https:\/\/simovision.be\/professional\/fr\/\"},{\"@type\":\"ListItem\",\"position\":2,\"name\":\"Boutique\",\"item\":\"https:\/\/simovision.be\/professional\/winkel\/\"},{\"@type\":\"ListItem\",\"position\":3,\"name\":\"Trifocal Bi-Flex Liberty\"}]},{\"@type\":\"WebSite\",\"@id\":\"https:\/\/simovision.be\/professional\/fr\/#website\",\"url\":\"https:\/\/simovision.be\/professional\/fr\/\",\"name\":\"Simovision - Professional\",\"description\":\"\",\"publisher\":{\"@id\":\"https:\/\/simovision.be\/professional\/fr\/#organization\"},\"potentialAction\":[{\"@type\":\"SearchAction\",\"target\":{\"@type\":\"EntryPoint\",\"urlTemplate\":\"https:\/\/simovision.be\/professional\/fr\/?s={search_term_string}\"},\"query-input\":{\"@type\":\"PropertyValueSpecification\",\"valueRequired\":true,\"valueName\":\"search_term_string\"}}],\"inLanguage\":\"fr-FR\"},{\"@type\":\"Organization\",\"@id\":\"https:\/\/simovision.be\/professional\/fr\/#organization\",\"name\":\"Simovision\",\"url\":\"https:\/\/simovision.be\/professional\/fr\/\",\"logo\":{\"@type\":\"ImageObject\",\"inLanguage\":\"fr-FR\",\"@id\":\"https:\/\/simovision.be\/professional\/fr\/#\/schema\/logo\/image\/\",\"url\":\"https:\/\/simovision.be\/professional\/wp-content\/uploads\/sites\/2\/2025\/06\/Logo_Simovision_Hilco_Vision_Pantone_7700C-kopie.webp\",\"contentUrl\":\"https:\/\/simovision.be\/professional\/wp-content\/uploads\/sites\/2\/2025\/06\/Logo_Simovision_Hilco_Vision_Pantone_7700C-kopie.webp\",\"width\":2000,\"height\":1021,\"caption\":\"Simovision\"},\"image\":{\"@id\":\"https:\/\/simovision.be\/professional\/fr\/#\/schema\/logo\/image\/\"},\"sameAs\":[\"https:\/\/www.linkedin.com\/company\/simovision\"]}]}<\/script>\n<!-- \/ Yoast SEO plugin. -->","yoast_head_json":{"title":"Trifocal Bi-Flex Liberty - Simovision - Professional","robots":{"index":"index","follow":"follow","max-snippet":"max-snippet:-1","max-image-preview":"max-image-preview:large","max-video-preview":"max-video-preview:-1"},"canonical":"https:\/\/simovision.be\/professional\/fr\/produit\/liberty\/","og_locale":"fr_FR","og_type":"article","og_title":"Trifocal Bi-Flex Liberty - Simovision - Professional","og_description":"Ne vous contentez pas d'un compromis De nombreux fabricants d'implants intraoculaires insistent sur les performances visuelles interm\u00e9diaires de leurs produits. Chez Medicontur\u00ae, on met l'accent sur des lentilles intraoculaires multifocales qui offrent une ind\u00e9pendance totale vis-\u00e0-vis des lunettes. La lentille Liberty\u00ae de Medicontur\u00ae est la repr\u00e9sentation de cette philosophie: ind\u00e9pendance et la performance visuelle \u00e0 toutes les distances.","og_url":"https:\/\/simovision.be\/professional\/fr\/produit\/liberty\/","og_site_name":"Simovision - Professional","article_modified_time":"2025-09-22T10:09:51+00:00","og_image":[{"width":1000,"height":666,"url":"https:\/\/simovision.be\/professional\/wp-content\/uploads\/sites\/2\/2025\/03\/Trifocal-Bi-Flex-Liberty-04.jpg","type":"image\/jpeg"}],"twitter_card":"summary_large_image","twitter_misc":{"Dur\u00e9e de lecture estim\u00e9e":"2 minutes"},"schema":{"@context":"https:\/\/schema.org","@graph":[{"@type":"WebPage","@id":"https:\/\/simovision.be\/professional\/fr\/produit\/liberty\/","url":"https:\/\/simovision.be\/professional\/fr\/produit\/liberty\/","name":"Trifocal Bi-Flex Liberty - Simovision - Professional","isPartOf":{"@id":"https:\/\/simovision.be\/professional\/fr\/#website"},"primaryImageOfPage":{"@id":"https:\/\/simovision.be\/professional\/fr\/produit\/liberty\/#primaryimage"},"image":{"@id":"https:\/\/simovision.be\/professional\/fr\/produit\/liberty\/#primaryimage"},"thumbnailUrl":"https:\/\/simovision.be\/professional\/wp-content\/uploads\/sites\/2\/2025\/03\/Trifocal-Bi-Flex-Liberty-04.jpg","datePublished":"2025-03-20T09:22:13+00:00","dateModified":"2025-09-22T10:09:51+00:00","breadcrumb":{"@id":"https:\/\/simovision.be\/professional\/fr\/produit\/liberty\/#breadcrumb"},"inLanguage":"fr-FR","potentialAction":[{"@type":"ReadAction","target":["https:\/\/simovision.be\/professional\/fr\/produit\/liberty\/"]}]},{"@type":"ImageObject","inLanguage":"fr-FR","@id":"https:\/\/simovision.be\/professional\/fr\/produit\/liberty\/#primaryimage","url":"https:\/\/simovision.be\/professional\/wp-content\/uploads\/sites\/2\/2025\/03\/Trifocal-Bi-Flex-Liberty-04.jpg","contentUrl":"https:\/\/simovision.be\/professional\/wp-content\/uploads\/sites\/2\/2025\/03\/Trifocal-Bi-Flex-Liberty-04.jpg","width":1000,"height":666},{"@type":"BreadcrumbList","@id":"https:\/\/simovision.be\/professional\/fr\/produit\/liberty\/#breadcrumb","itemListElement":[{"@type":"ListItem","position":1,"name":"Home","item":"https:\/\/simovision.be\/professional\/fr\/"},{"@type":"ListItem","position":2,"name":"Boutique","item":"https:\/\/simovision.be\/professional\/winkel\/"},{"@type":"ListItem","position":3,"name":"Trifocal Bi-Flex Liberty"}]},{"@type":"WebSite","@id":"https:\/\/simovision.be\/professional\/fr\/#website","url":"https:\/\/simovision.be\/professional\/fr\/","name":"Simovision - Professional","description":"","publisher":{"@id":"https:\/\/simovision.be\/professional\/fr\/#organization"},"potentialAction":[{"@type":"SearchAction","target":{"@type":"EntryPoint","urlTemplate":"https:\/\/simovision.be\/professional\/fr\/?s={search_term_string}"},"query-input":{"@type":"PropertyValueSpecification","valueRequired":true,"valueName":"search_term_string"}}],"inLanguage":"fr-FR"},{"@type":"Organization","@id":"https:\/\/simovision.be\/professional\/fr\/#organization","name":"Simovision","url":"https:\/\/simovision.be\/professional\/fr\/","logo":{"@type":"ImageObject","inLanguage":"fr-FR","@id":"https:\/\/simovision.be\/professional\/fr\/#\/schema\/logo\/image\/","url":"https:\/\/simovision.be\/professional\/wp-content\/uploads\/sites\/2\/2025\/06\/Logo_Simovision_Hilco_Vision_Pantone_7700C-kopie.webp","contentUrl":"https:\/\/simovision.be\/professional\/wp-content\/uploads\/sites\/2\/2025\/06\/Logo_Simovision_Hilco_Vision_Pantone_7700C-kopie.webp","width":2000,"height":1021,"caption":"Simovision"},"image":{"@id":"https:\/\/simovision.be\/professional\/fr\/#\/schema\/logo\/image\/"},"sameAs":["https:\/\/www.linkedin.com\/company\/simovision"]}]}},"_links":{"self":[{"href":"https:\/\/simovision.be\/professional\/fr\/wp-json\/wp\/v2\/product\/2794","targetHints":{"allow":["GET"]}}],"collection":[{"href":"https:\/\/simovision.be\/professional\/fr\/wp-json\/wp\/v2\/product"}],"about":[{"href":"https:\/\/simovision.be\/professional\/fr\/wp-json\/wp\/v2\/types\/product"}],"wp:featuredmedia":[{"embeddable":true,"href":"https:\/\/simovision.be\/professional\/fr\/wp-json\/wp\/v2\/media\/5777"}],"wp:attachment":[{"href":"https:\/\/simovision.be\/professional\/fr\/wp-json\/wp\/v2\/media?parent=2794"}],"wp:term":[{"taxonomy":"product_brand","embeddable":true,"href":"https:\/\/simovision.be\/professional\/fr\/wp-json\/wp\/v2\/product_brand?post=2794"},{"taxonomy":"product_cat","embeddable":true,"href":"https:\/\/simovision.be\/professional\/fr\/wp-json\/wp\/v2\/product_cat?post=2794"},{"taxonomy":"product_tag","embeddable":true,"href":"https:\/\/simovision.be\/professional\/fr\/wp-json\/wp\/v2\/product_tag?post=2794"}],"curies":[{"name":"wp","href":"https:\/\/api.w.org\/{rel}","templated":true}]}}